{"id":50,"date":"2014-02-10T17:19:02","date_gmt":"2014-02-10T17:19:02","guid":{"rendered":"http:\/\/kursy-udt.kwiaty0.pl\/?page_id=50"},"modified":"2016-01-21T19:31:57","modified_gmt":"2016-01-21T19:31:57","slug":"grues-a-cable","status":"publish","type":"page","link":"https:\/\/kursy-udt.pl\/fr\/dzwignice-linotorowe\/","title":{"rendered":"Grues \u00e0 c\u00e2ble"},"content":{"rendered":"<div style=\"float:left; padding-right:10px;\"><img decoding=\"async\" src=\"\/wp-content\/uploads\/2014\/04\/dzwignice-linotorowe-2.jpg\" alt=\"Grues \u00e0 c\u00e2ble\"><\/div>\n<div class=\"wyjustuj\">Les grues de Linotype sont des \u00e9quipements de grue - une variante des t\u00e9l\u00e9ph\u00e9riques. Ils sont con\u00e7us pour transporter des charges ou des mat\u00e9riaux en vrac dans des conteneurs. Pour ce faire, ils utilisent un chef se d\u00e9pla\u00e7ant sur une corde de traction ou de soutien, qui est plac\u00e9e sur deux supports. Les travailleurs qui utilisent ce type d'\u00e9quipement doivent \u00eatre qualifi\u00e9s pour les grues \u00e0 c\u00e2ble. Ce sont <a href=\"https:\/\/kursy-udt.pl\/fr\/uprawnienia-udt\/kategorie-uprawnien-2\/\">Dipl\u00f4mes UDT<\/a> d\u00e9cern\u00e9 \u00e0 la suite de la r\u00e9ussite d'un examen.<\/p>\n<p>Les cours disponibles sur les grues linotor fournissent des informations th\u00e9oriques et permettent d'acqu\u00e9rir les comp\u00e9tences pratiques n\u00e9cessaires \u00e0 l'utilisation de l'\u00e9quipement. L'\u00e9quipement \u00e9tant soumis \u00e0 un contr\u00f4le technique, chaque cours sur les grues de liaison comprend des dispositions sur les conditions techniques de son fonctionnement. En tant que cours UDT, ils vous donnent le droit de passer un examen.<\/p>\n<p>Nous proposons des cours de formation pour les grues linotor. Il s'agit de formations UDT destin\u00e9es \u00e0 vous aider \u00e0 passer l'examen et \u00e0 obtenir vos autorisations. Vous \u00eates les bienvenus !<\/p><\/div>\n<div class=\"button_styl\" style=\"float:right; padding-left:15px; padding-bottom:8px; margin-bottom:5px;\"><a href=\"https:\/\/platformaedukacji.pl\/login\/signup.php\" rel=\"nofollow\" target=\"_blank\" class=\"myButton myButton_maly\"><font color=\"white\">Inscrivez-vous \u00e0 la formation<\/font><\/a><\/div>","protected":false},"excerpt":{"rendered":"<p>Les grues \u00e0 c\u00e2ble sont des appareils de levage - un type de t\u00e9l\u00e9ph\u00e9rique. Ils sont destin\u00e9s au transport de charges ou de mat\u00e9riaux en vrac dans des conteneurs. A cet effet, on utilise une ligne de guidage qui se d\u00e9place le long des cordes de levage-tractage ou porteuses, qui sont plac\u00e9es sur deux supports. Les travailleurs qui utilisent ce type d&#039;\u00e9quipement doivent \u00eatre qualifi\u00e9s pour les grues \u00e0 c\u00e2ble. Ce sont des qualifications UDT d\u00e9livr\u00e9es apr\u00e8s avoir r\u00e9ussi l&#039;examen. Les cours disponibles pour les grues \u00e0 c\u00e2ble fournissent des informations th\u00e9oriques et mettent en pratique les comp\u00e9tences pratiques d&#039;utilisation de l&#039;\u00e9quipement. Soumise \u00e0 un encadrement technique, chaque formation grues \u00e0 c\u00e2ble comporte des dispositions relatives aux conditions techniques de leur fonctionnement. En tant que cours UDT, ils vous autorisent \u00e0 passer l&#039;examen. Nous proposons des stages de formation au t\u00e9l\u00e9ph\u00e9rique. Ce sont des formations UDT qui aident \u00e0 r\u00e9ussir l&#039;examen et \u00e0 obtenir des qualifications. Nous vous invitons cordialement ! Inscrivez-vous \u00e0 la formation<\/p>","protected":false},"author":1,"featured_media":0,"parent":0,"menu_order":0,"comment_status":"closed","ping_status":"closed","template":"","meta":{"sfsi_plus_gutenberg_text_before_share":"","sfsi_plus_gutenberg_show_text_before_share":"","sfsi_plus_gutenberg_icon_type":"","sfsi_plus_gutenberg_icon_alignemt":"","sfsi_plus_gutenburg_max_per_row":"","footnotes":""},"class_list":["post-50","page","type-page","status-publish","hentry","has_thumb"],"aioseo_notices":[],"_links":{"self":[{"href":"https:\/\/kursy-udt.pl\/fr\/wp-json\/wp\/v2\/pages\/50","targetHints":{"allow":["GET"]}}],"collection":[{"href":"https:\/\/kursy-udt.pl\/fr\/wp-json\/wp\/v2\/pages"}],"about":[{"href":"https:\/\/kursy-udt.pl\/fr\/wp-json\/wp\/v2\/types\/page"}],"author":[{"embeddable":true,"href":"https:\/\/kursy-udt.pl\/fr\/wp-json\/wp\/v2\/users\/1"}],"replies":[{"embeddable":true,"href":"https:\/\/kursy-udt.pl\/fr\/wp-json\/wp\/v2\/comments?post=50"}],"version-history":[{"count":5,"href":"https:\/\/kursy-udt.pl\/fr\/wp-json\/wp\/v2\/pages\/50\/revisions"}],"predecessor-version":[{"id":1261,"href":"https:\/\/kursy-udt.pl\/fr\/wp-json\/wp\/v2\/pages\/50\/revisions\/1261"}],"wp:attachment":[{"href":"https:\/\/kursy-udt.pl\/fr\/wp-json\/wp\/v2\/media?parent=50"}],"curies":[{"name":"wp","href":"https:\/\/api.w.org\/{rel}","templated":true}]}}