{"id":4995,"date":"2023-03-20T14:54:59","date_gmt":"2023-03-20T13:54:59","guid":{"rendered":"https:\/\/kursy-udt.pl\/?page_id=4995"},"modified":"2023-03-20T22:05:31","modified_gmt":"2023-03-20T21:05:31","slug":"operateur-de-chargeuse-pelleteuse","status":"publish","type":"page","link":"https:\/\/kursy-udt.pl\/fr\/szkolenia\/udt-wdt-tdt\/operator-koparko-ladowarek\/","title":{"rendered":"FORMATION POUR LES OP\u00c9RATEURS DE CHARGEUSES-PELLETEUSES"},"content":{"rendered":"\n<h2 class=\"wp-block-heading\">UPRAWNIENIA OPERATORA KOPARKO \u2013 \u0141ADOWARKI<\/h2>\n\n\n\n<p>Nasz o\u015brodek szkoleniowy ERGON od lat sukcesywnie szkol\u0105 kursant\u00f3w w zakresie sprz\u0119tu budowlanego w ca\u0142ej Polsce. Do ka\u017cdego z oferowanych przez nas sprz\u0119t\u00f3w nale\u017cy posiada\u0107 stosowne <a href=\"https:\/\/kursy-udt.pl\/fr\/uprawnienia-udt\/kategorie-uprawnien-2\/\">uprawnienia<\/a>. Przyszli operatorzy i konserwatorzy maszyn budowlanych mog\u0105 liczy\u0107 na zdobycie potrzebnych umiej\u0119tno\u015bci, od naszej wyszkolonej kadry fachowc\u00f3w. Przeprowadzimy Ci\u0119 sprawnie przez ca\u0142y kurs, a dodatkowo s\u0142u\u017cymy asyst\u0105 podczas zdobywania certyfikat\u00f3w oraz zdawania egzamin\u00f3w. Idealnym dowodem na nasz\u0105 wysok\u0105 skuteczno\u015b\u0107 i zdawalno\u015b\u0107 test\u00f3w s\u0105 tysi\u0105ce zadowolonych kursant\u00f3w.&nbsp;<\/p>\n\n\n<div class=\"wp-block-image\">\n<figure class=\"alignright size-large is-resized\"><a href=\"https:\/\/kursy-udt.pl\/wp-content\/uploads\/2023\/03\/screen_2x-42.jpg\"><img loading=\"lazy\" decoding=\"async\" src=\"https:\/\/kursy-udt.pl\/wp-content\/uploads\/2023\/03\/screen_2x-42-1024x682.jpg\" alt=\"koparko-\u0142adowarka podczas pracy\" class=\"wp-image-4999\" width=\"512\" height=\"341\" srcset=\"https:\/\/kursy-udt.pl\/wp-content\/uploads\/2023\/03\/screen_2x-42-1024x682.jpg 1024w, https:\/\/kursy-udt.pl\/wp-content\/uploads\/2023\/03\/screen_2x-42-300x200.jpg 300w, https:\/\/kursy-udt.pl\/wp-content\/uploads\/2023\/03\/screen_2x-42-768x511.jpg 768w, https:\/\/kursy-udt.pl\/wp-content\/uploads\/2023\/03\/screen_2x-42-1536x1022.jpg 1536w, https:\/\/kursy-udt.pl\/wp-content\/uploads\/2023\/03\/screen_2x-42-18x12.jpg 18w, https:\/\/kursy-udt.pl\/wp-content\/uploads\/2023\/03\/screen_2x-42-624x415.jpg 624w, https:\/\/kursy-udt.pl\/wp-content\/uploads\/2023\/03\/screen_2x-42.jpg 1600w\" sizes=\"auto, (max-width: 512px) 100vw, 512px\" \/><\/a><\/figure>\n<\/div>\n\n\n<h2 class=\"wp-block-heading\">PRZEBIEG SZKOLENIA&nbsp;<\/h2>\n\n\n\n<p>Instytut Mechanizacji Budownictwa i G\u00f3rnictwa Skalnego opracowa\u0142 specjalistyczny kurs dla operator\u00f3w i konserwator\u00f3w. Przeprowadza si\u0119 go w o\u015brodku szkoleniowym lub pod adresem wskazanym przez klienta. Samo szkolenie dzieli si\u0119 na cz\u0119\u015b\u0107 teoretyczn\u0105 i cz\u0119\u015b\u0107 praktyczn\u0105. Odpowiadaj\u0105c na potrzeby kursant\u00f3w oferujemy realizacj\u0119 cz\u0119\u015bci teoretycznej za pomoc\u0105 wyk\u0142ad\u00f3w online. Natomiast praktyka odbywa si\u0119 w naszych o\u015brodkach lub pod wybranym adresem. Dysponujemy szerokim zapleczem maszynowym \u2013 wszystko do Twojej dyspozycji. Skorzystaj z wiedzy naszych szkoleniowc\u00f3w, przeka\u017c\u0105 Ci wszelkie wymagane informacje by pozytywnie przej\u015b\u0107 przez proces szkolenia.&nbsp;&nbsp;<\/p>\n\n\n\n<p><strong>Cz\u0119\u015b\u0107 teoretyczna obejmuje:&nbsp;<\/strong><\/p>\n\n\n\n<ul class=\"wp-block-list\">\n<li>wszechstronne zapoznanie si\u0119 z przepisami BHP,&nbsp;<\/li>\n\n\n\n<li>poznanie budowy i specyfikacji wybranej maszyny,&nbsp;<\/li>\n\n\n\n<li>prowadzenie dokumentacji technicznej,&nbsp;<\/li>\n\n\n\n<li>zg\u0142\u0119bienie zasad bezpiecznej eksploatacji urz\u0105dzenia.&nbsp;<\/li>\n<\/ul>\n\n\n\n<p><strong>Cz\u0119\u015b\u0107 praktyczna sk\u0142ada si\u0119 na:&nbsp;<\/strong><\/p>\n\n\n\n<ul class=\"wp-block-list\">\n<li>nauk\u0119 jazdy na maszynie,&nbsp;<\/li>\n\n\n\n<li>og\u00f3ln\u0105 obs\u0142ug\u0119 urz\u0105dzenia,&nbsp;<\/li>\n\n\n\n<li>wykonywanie zleconych zada\u0144 praktycznych na placu manewrowym.&nbsp;<\/li>\n<\/ul>\n\n\n\n<h2 class=\"wp-block-heading\">&nbsp;<br>PROCES EGZAMINOWANIA&nbsp;<\/h2>\n\n\n<div class=\"wp-block-image\">\n<figure class=\"alignleft size-large is-resized\"><a href=\"https:\/\/kursy-udt.pl\/wp-content\/uploads\/2023\/03\/screen_2x-43.jpg\"><img loading=\"lazy\" decoding=\"async\" src=\"https:\/\/kursy-udt.pl\/wp-content\/uploads\/2023\/03\/screen_2x-43-1024x684.jpg\" alt=\"pracownicy na budowie w kaskach\" class=\"wp-image-5005\" width=\"512\" height=\"342\" srcset=\"https:\/\/kursy-udt.pl\/wp-content\/uploads\/2023\/03\/screen_2x-43-1024x684.jpg 1024w, https:\/\/kursy-udt.pl\/wp-content\/uploads\/2023\/03\/screen_2x-43-300x200.jpg 300w, https:\/\/kursy-udt.pl\/wp-content\/uploads\/2023\/03\/screen_2x-43-768x513.jpg 768w, https:\/\/kursy-udt.pl\/wp-content\/uploads\/2023\/03\/screen_2x-43-1536x1025.jpg 1536w, https:\/\/kursy-udt.pl\/wp-content\/uploads\/2023\/03\/screen_2x-43-18x12.jpg 18w, https:\/\/kursy-udt.pl\/wp-content\/uploads\/2023\/03\/screen_2x-43-624x417.jpg 624w, https:\/\/kursy-udt.pl\/wp-content\/uploads\/2023\/03\/screen_2x-43.jpg 1600w\" sizes=\"auto, (max-width: 512px) 100vw, 512px\" \/><\/a><\/figure>\n<\/div>\n\n\n<p>Na egzamin praktyczny sk\u0142adaj\u0105 si\u0119 analogicznie dwie cz\u0119\u015bci: cz\u0119\u015b\u0107 teoretyczna i cz\u0119\u015b\u0107 praktyczna. Egzamin rozpoczyna test pisemny, po jego zdaniu uczestnik podchodzi do praktyki. Druga cz\u0119\u015b\u0107 obejmuje jazd\u0119 po placu manewrowym, wykaz umiej\u0119tno\u015bci operowania urz\u0105dzeniem \u2013 przy tym wykonanie wszelkich zada\u0144 zleconych przez komisj\u0119 podczas egzaminu pa\u0144stwowego. Na pozytywny wynik sk\u0142ada si\u0119 zaliczenie obu cz\u0119\u015bci. Gwarantuje to uzyskanie uprawnie\u0144 do eksploatacji maszyny oraz utworzenie ksi\u0119gi operatora wybranej maszyny.&nbsp;<\/p>\n\n\n\n<h2 class=\"wp-block-heading\">WARUNKI UCZESTNICTWA<\/h2>\n\n\n\n<p>By m\u00f3c podej\u015b\u0107 do procesu szkolenia jak i egzaminowania, nale\u017cy:&nbsp;<\/p>\n\n\n\n<ul class=\"wp-block-list\">\n<li>mie\u0107 uko\u0144czone 18 lat,&nbsp;<\/li>\n\n\n\n<li>posiada\u0107 aktualne badania lekarskie,&nbsp;<\/li>\n\n\n\n<li>otrzyma\u0107 wykszta\u0142cenie podstawowe,&nbsp;&nbsp;<\/li>\n\n\n\n<li>je\u015bli mamy w planach poruszanie si\u0119 koparko \u0142adowark\u0105 po drogach publicznych nale\u017cy r\u00f3wnie\u017c posiada\u0107 prawo jazdy kategorii B, nie jest to wymagane, je\u015bli poruszamy si\u0119 wy\u0142\u0105cznie po placu budowy.&nbsp;<br>&nbsp;&nbsp;<\/li>\n<\/ul>\n\n\n\n<h2 class=\"wp-block-heading\">ORGAN WYDAJ\u0104CY UPRAWNIENIA&nbsp;<\/h2>\n\n\n\n<p>Pozytywny wynik testu daje kursantom uprawnienia do wykonywania zawodu operatora lub konserwatora wybranego urz\u0105dzenia. Certyfikat uprawniaj\u0105cy zostaje wydawany przez pa\u0144stwow\u0105 instytucj\u0119: Instytut Mechanizacji Budownictwa i G\u00f3rnictwa Skalnego. Dodatkowo uzyskuje si\u0119 ksi\u0119g\u0119 operatora danego urz\u0105dzenia. Uprawnienia honorowane s\u0105 na terenie ca\u0142ej Polski jak r\u00f3wnie\u017c Unii Europejskiej.&nbsp;<br>&nbsp;&nbsp;<\/p>\n\n\n\n<h2 class=\"wp-block-heading\">CZYM JEST KOPARKO \u2013 \u0141ADOWARKA?&nbsp;<\/h2>\n\n\n\n<p>Jest to wszechstronne urz\u0105dzenie, kt\u00f3re znajduje swoje zastosowanie g\u0142\u00f3wnie na placach budowy. W jej wielozadaniowo\u015bci le\u017cy g\u0142\u00f3wnie:&nbsp;<\/p>\n\n\n\n<ul class=\"wp-block-list\">\n<li>za\u0142adunek materia\u0142\u00f3w lub innych maszyn,&nbsp;<\/li>\n\n\n\n<li>transport materia\u0142\u00f3w budowlanych.&nbsp;<\/li>\n<\/ul>\n\n\n\n<p>Stosuj\u0105c dodatkowe elementy mo\u017cna r\u00f3wnie\u017c:&nbsp;<\/p>\n\n\n\n<ul class=\"wp-block-list\">\n<li>od\u015bnie\u017ca\u0107,&nbsp;<\/li>\n\n\n\n<li>frezowa\u0107,&nbsp;<\/li>\n\n\n\n<li>przenosi\u0107 ro\u015bliny \u2013 drzewa.&nbsp;<\/li>\n<\/ul>\n\n\n<div class=\"wp-block-image\">\n<figure class=\"alignleft size-large is-resized\"><a href=\"https:\/\/kursy-udt.pl\/wp-content\/uploads\/2023\/03\/screen_2x-40.jpg\"><img loading=\"lazy\" decoding=\"async\" src=\"https:\/\/kursy-udt.pl\/wp-content\/uploads\/2023\/03\/screen_2x-40-1024x682.jpg\" alt=\"koparko-\u0142adowarka na budowie\" class=\"wp-image-5000\" width=\"512\" height=\"341\" srcset=\"https:\/\/kursy-udt.pl\/wp-content\/uploads\/2023\/03\/screen_2x-40-1024x682.jpg 1024w, https:\/\/kursy-udt.pl\/wp-content\/uploads\/2023\/03\/screen_2x-40-300x200.jpg 300w, https:\/\/kursy-udt.pl\/wp-content\/uploads\/2023\/03\/screen_2x-40-768x511.jpg 768w, https:\/\/kursy-udt.pl\/wp-content\/uploads\/2023\/03\/screen_2x-40-1536x1022.jpg 1536w, https:\/\/kursy-udt.pl\/wp-content\/uploads\/2023\/03\/screen_2x-40-18x12.jpg 18w, https:\/\/kursy-udt.pl\/wp-content\/uploads\/2023\/03\/screen_2x-40-624x415.jpg 624w, https:\/\/kursy-udt.pl\/wp-content\/uploads\/2023\/03\/screen_2x-40.jpg 1600w\" sizes=\"auto, (max-width: 512px) 100vw, 512px\" \/><\/a><\/figure>\n<\/div>\n\n\n<h2 class=\"wp-block-heading\">UPRAWNIENIA&nbsp;<\/h2>\n\n\n\n<p>Egzamin pa\u0144stwowy uko\u0144czony z sukcesem, gwarantuje kursantowi uprawnienia zawodowe wraz ze wpisem do ksi\u0105\u017cki operatora maszyn roboczych. Umo\u017cliwia to beneficjentowi poruszanie si\u0119 i pos\u0142ugiwanie wszelkimi typami koparko \u2013 \u0142adowarek, w tym na przyk\u0142ad koparko \u2013 spychark\u0119.&nbsp;&nbsp;<\/p>\n\n\n\n<h2 class=\"wp-block-heading\">KLASYFIKACJA UPRAWNIE\u0143&nbsp;<\/h2>\n\n\n\n<p>Maszyny budowlane takie jak koparki zosta\u0142y podzielone na klasy, ze wzgl\u0119du na swoje zastosowanie. Obowi\u0105zuj\u0105cymi klasami s\u0105 \u015bwiadectwa III i&nbsp;I klasy. &nbsp;<\/p>\n\n\n\n<ul class=\"wp-block-list\">\n<li><strong>Koparka jednonaczyniowa<\/strong>: osoba posiadaj\u0105ca III klas\u0119 uprawnie\u0144 jest uprawniona do obs\u0142ugi maszyn o masie ca\u0142kowitej do 25 t, natomiast osoba posiadaj\u0105ca I klas\u0119 uprawnie\u0144 mo\u017ce obs\u0142ugiwa\u0107 wszystkie typy maszyn bez ogranicze\u0144 masy ca\u0142kowitej.&nbsp;<\/li>\n\n\n\n<li><strong>Koparko \u2013 \u0142adowarka<\/strong>: osoba posiadaj\u0105ca III klas\u0119 uprawnie\u0144 jest uprawniona do obs\u0142ugi maszyn bez ogranicze\u0144.&nbsp;<\/li>\n\n\n\n<li><strong>Koparko \u2013 spycharka<\/strong>: osoba posiadaj\u0105ca III klas\u0119 uprawnie\u0144 jest uprawniona do obs\u0142ugi maszyn bez ogranicze\u0144.&nbsp;<\/li>\n\n\n\n<li><strong>Koparka wielonaczyniowa<\/strong>: osoba posiadaj\u0105ca I klas\u0119 uprawnie\u0144 jest uprawniona do obs\u0142ugi maszyn bez ogranicze\u0144.&nbsp;<\/li>\n\n\n\n<li><strong>Koparki wielonaczyniowe \u0142a\u0144cuchowe<\/strong> (koparki wielonaczyniowe \u0142a\u0144cuchowe do row\u00f3w): osoba posiadaj\u0105ca III klas\u0119 uprawnie\u0144 jest uprawniona do obs\u0142ugi maszyn bez ogranicze\u0144.&nbsp;<\/li>\n\n\n\n<li><strong>Spycharki<\/strong>: osoba posiadaj\u0105ca III klas\u0119 uprawnie\u0144 jest uprawniona do obs\u0142ugi maszyn o mocy silnika do 110 kW, natomiast osoba posiadaj\u0105ca I klas\u0119 uprawnie\u0144 mo\u017ce obs\u0142ugiwa\u0107 wszystkie typy maszyn bez ogranicze\u0144.&nbsp;<\/li>\n\n\n\n<li><strong>\u0141adowarki jednonaczyniowe<\/strong>: osoba posiadaj\u0105ca III klas\u0119 uprawnie\u0144 jest uprawniona do obs\u0142ugi maszyn o masie ca\u0142kowitej do 20 ton.&nbsp;<\/li>\n<\/ul>\n\n\n\n<h2 class=\"wp-block-heading\">&nbsp;<br>ZNANI PRODUCENCI<\/h2>\n\n\n\n<p>Popularnymi producentami koparko \u2013 \u0142adowarek jest:&nbsp;<\/p>\n\n\n\n<ul class=\"wp-block-list\">\n<li>CASE,&nbsp;<\/li>\n\n\n\n<li>Catepilar,&nbsp;<\/li>\n\n\n\n<li>JBC,&nbsp;<\/li>\n\n\n\n<li>Kubota,&nbsp;<\/li>\n\n\n\n<li>Terex,&nbsp;<\/li>\n\n\n\n<li>Volvo,&nbsp;<\/li>\n\n\n\n<li>Komatsu.&nbsp;<\/li>\n<\/ul>\n\n\n\n<h2 class=\"wp-block-heading\">MIEJSCE SZKOLE\u0143&nbsp;<\/h2>\n\n\n<div class=\"wp-block-image\">\n<figure class=\"alignright size-large is-resized\"><a href=\"https:\/\/kursy-udt.pl\/wp-content\/uploads\/2023\/03\/screen_2x-41-1.jpg\"><img loading=\"lazy\" decoding=\"async\" src=\"https:\/\/kursy-udt.pl\/wp-content\/uploads\/2023\/03\/screen_2x-41-1-1024x682.jpg\" alt=\"operator koparko-\u0142adowarki\" class=\"wp-image-5001\" width=\"512\" height=\"341\" srcset=\"https:\/\/kursy-udt.pl\/wp-content\/uploads\/2023\/03\/screen_2x-41-1-1024x682.jpg 1024w, https:\/\/kursy-udt.pl\/wp-content\/uploads\/2023\/03\/screen_2x-41-1-300x200.jpg 300w, https:\/\/kursy-udt.pl\/wp-content\/uploads\/2023\/03\/screen_2x-41-1-768x511.jpg 768w, https:\/\/kursy-udt.pl\/wp-content\/uploads\/2023\/03\/screen_2x-41-1-1536x1022.jpg 1536w, https:\/\/kursy-udt.pl\/wp-content\/uploads\/2023\/03\/screen_2x-41-1-18x12.jpg 18w, https:\/\/kursy-udt.pl\/wp-content\/uploads\/2023\/03\/screen_2x-41-1-624x415.jpg 624w, https:\/\/kursy-udt.pl\/wp-content\/uploads\/2023\/03\/screen_2x-41-1.jpg 1600w\" sizes=\"auto, (max-width: 512px) 100vw, 512px\" \/><\/a><\/figure>\n<\/div>\n\n\n<p>Us\u0142ugi szkoleniowe \u015bwiadczymy w naszych o\u015brodkach szkoleniowych znajduj\u0105cych si\u0119 w wi\u0119kszych miastach na terenie Polski. Cz\u0119\u015bci teoretyczne i praktyczne odbywaj\u0105 si\u0119 w\u0142a\u015bnie tam, lub w wybranym przez klienta miejscu. Teoria dodatkowo mo\u017ce zosta\u0107 zrealizowana online. Zapewniamy nauczanie w grupach lub podczas spotka\u0144 jednoosobowych.&nbsp;<\/p>\n\n\n\n<h2 class=\"wp-block-heading\">OFERTA KURS\u00d3W&nbsp;<\/h2>\n\n\n\n<p>Poza kursami na operatora i konserwatora koparko-\u0142adowarki oferujemy r\u00f3wnie\u017c szereg innych szkole\u0144 w naszym o\u015brodku. S\u0105 to mi\u0119dzy innymi:&nbsp;<\/p>\n\n\n\n<ul class=\"wp-block-list\">\n<li><a href=\"https:\/\/kursy-udt.pl\/fr\/szkolenia\/podesty-ruchome\/\">kursy na podesty ruchome<\/a>,&nbsp;<\/li>\n\n\n\n<li><a href=\"https:\/\/kursy-udt.pl\/fr\/szkolenia\/kurs-na-ladowarki-teleskopowe\/\">kursy na \u0142adowarki teleskopowe<\/a>,&nbsp;<\/li>\n\n\n\n<li>kursy na \u017curawie HDS,&nbsp;<\/li>\n\n\n\n<li>kursy suwnice wid\u0142owe,&nbsp;<\/li>\n\n\n\n<li>kursy lotnicze,&nbsp;<\/li>\n\n\n\n<li><a href=\"https:\/\/kursy-udt.pl\/fr\/szkolenia\/wozkiwidlowe\/\">kursy na w\u00f3zki wid\u0142owe<\/a>.&nbsp;<\/li>\n<\/ul>\n\n\n\n<p>Dodatkowo:&nbsp;<\/p>\n\n\n\n<ul class=\"wp-block-list\">\n<li>kursy BHP,&nbsp;&nbsp;&nbsp;<\/li>\n\n\n\n<li>kursy PPO\u017b,&nbsp;<\/li>\n\n\n\n<li>kursy pierwszej pomocy przedmedycznej,&nbsp;<\/li>\n\n\n\n<li>kursy ADR,&nbsp;<\/li>\n\n\n\n<li>kurs diagnosty samochodowego,&nbsp;<\/li>\n\n\n\n<li>kurs hakowego sygnalisty,&nbsp;<\/li>\n\n\n\n<li>kurs d\u017awigowego oraz operatora nalewak\u00f3w TDT.&nbsp;<\/li>\n<\/ul>\n\n\n\n<h2 class=\"wp-block-heading\">Pytania i odpowiedzi<\/h2>\n\n\n\t\t<details\t\thelp class=\"sc_fs_faq sc_card    \"\n\t\topen\t\t>\n\t\t\t\t\t<summary>\n\t\t\t\t<h3>Kto wydaje certyfikat uprawniaj\u0105cy do pracy na koparko-\u0142adowark\u0119?<\/h3>\t\t\t\t\t<\/summary>\n\t\t\t\t<div>\n\t\t\t\t\t\t<div class=\"sc_fs_faq__content\">\n\t\t\t\t\n\n<p>Wydawaniem certyfikat\u00f3w na koparko\u2013\u0142adowarki zajmuje si\u0119 pa\u0144stwowy organ: Instytut Mechanizacji Budownictwa i G\u00f3rnictwa Skalnego.<\/p>\n\n\t\t\t<\/div>\n\t\t<\/div>\n\t\t<\/details>\n\t\t\t\t<details\t\thelp class=\"sc_fs_faq sc_card    \"\n\t\t\t\t>\n\t\t\t\t\t<summary>\n\t\t\t\t<h3>Gdzie prowadz\u0105 Pa\u0144stwo szkolenia?<\/h3>\t\t\t\t\t<\/summary>\n\t\t\t\t<div>\n\t\t\t\t\t\t<div class=\"sc_fs_faq__content\">\n\t\t\t\t\n\n<p>Prowadzimy je w naszych o\u015brodkach szkoleniowych w wi\u0119kszych miastach w Polsce, jak r\u00f3wnie\u017c dysponujemy opcj\u0105 dojazd\u00f3w w miejsce wybrane przez klienta.<\/p>\n\n\t\t\t<\/div>\n\t\t<\/div>\n\t\t<\/details>\n\t\t\n<script type=\"application\/ld+json\">\n\t{\n\t\t\"@context\": \"https:\/\/schema.org\",\n\t\t\"@type\": \"FAQPage\",\n\t\t\"mainEntity\": [\n\t\t\t\t\t{\n\t\t\t\t\"@type\": \"Question\",\n\t\t\t\t\"name\": \"Kto wydaje certyfikat uprawniaj\u0105cy do pracy na koparko-\u0142adowark\u0119?\",\n\t\t\t\t\"acceptedAnswer\": {\n\t\t\t\t\t\"@type\": \"Answer\",\n\t\t\t\t\t\"text\": \"<p>Wydawaniem certyfikat\u00f3w na koparko\u2013\u0142adowarki zajmuje si\u0119 pa\u0144stwowy organ: Instytut Mechanizacji Budownictwa i G\u00f3rnictwa Skalnego.<\/p>\"\n\t\t\t\t\t\t\t\t\t}\n\t\t\t}\n\t\t\t,\t\t\t\t{\n\t\t\t\t\"@type\": \"Question\",\n\t\t\t\t\"name\": \"Gdzie prowadz\u0105 Pa\u0144stwo szkolenia?\",\n\t\t\t\t\"acceptedAnswer\": {\n\t\t\t\t\t\"@type\": \"Answer\",\n\t\t\t\t\t\"text\": \"<p>Prowadzimy je w naszych o\u015brodkach szkoleniowych w wi\u0119kszych miastach w Polsce, jak r\u00f3wnie\u017c dysponujemy opcj\u0105 dojazd\u00f3w w miejsce wybrane przez klienta.<\/p>\"\n\t\t\t\t\t\t\t\t\t}\n\t\t\t}\n\t\t\t\t\t\t]\n\t}\n<\/script>\n","protected":false},"excerpt":{"rendered":"<p>UPRAWNIENIA OPERATORA KOPARKO \u2013 \u0141ADOWARKI Nasz o\u015brodek szkoleniowy ERGON od lat sukcesywnie szkol\u0105 kursant\u00f3w w zakresie sprz\u0119tu budowlanego w ca\u0142ej Polsce. Do ka\u017cdego z oferowanych przez nas sprz\u0119t\u00f3w nale\u017cy posiada\u0107 stosowne uprawnienia. Przyszli operatorzy i konserwatorzy maszyn budowlanych mog\u0105 liczy\u0107 na zdobycie potrzebnych umiej\u0119tno\u015bci, od naszej wyszkolonej kadry fachowc\u00f3w. Przeprowadzimy Ci\u0119 sprawnie przez ca\u0142y kurs, a dodatkowo s\u0142u\u017cymy asyst\u0105 podczas zdobywania certyfikat\u00f3w oraz zdawania egzamin\u00f3w. Idealnym dowodem na nasz\u0105 wysok\u0105 skuteczno\u015b\u0107 i zdawalno\u015b\u0107 test\u00f3w s\u0105 tysi\u0105ce zadowolonych kursant\u00f3w.&nbsp; PRZEBIEG SZKOLENIA&nbsp; Instytut Mechanizacji Budownictwa i G\u00f3rnictwa Skalnego opracowa\u0142 specjalistyczny kurs dla operator\u00f3w i konserwator\u00f3w. Przeprowadza si\u0119 go w o\u015brodku szkoleniowym lub pod adresem wskazanym przez klienta. Samo szkolenie dzieli si\u0119 na cz\u0119\u015b\u0107 teoretyczn\u0105 i cz\u0119\u015b\u0107 praktyczn\u0105. Odpowiadaj\u0105c na potrzeby kursant\u00f3w oferujemy realizacj\u0119 cz\u0119\u015bci teoretycznej za pomoc\u0105 wyk\u0142ad\u00f3w online. Natomiast praktyka odbywa si\u0119 w naszych o\u015brodkach lub pod wybranym adresem. Dysponujemy szerokim zapleczem maszynowym \u2013 wszystko do Twojej dyspozycji. Skorzystaj z wiedzy naszych szkoleniowc\u00f3w, przeka\u017c\u0105 Ci wszelkie wymagane informacje by pozytywnie przej\u015b\u0107 przez proces szkolenia.&nbsp;&nbsp; Cz\u0119\u015b\u0107 teoretyczna obejmuje:&nbsp; Cz\u0119\u015b\u0107 praktyczna sk\u0142ada si\u0119 na:&nbsp; &nbsp;PROCES EGZAMINOWANIA&nbsp; Na egzamin praktyczny sk\u0142adaj\u0105 si\u0119 analogicznie dwie cz\u0119\u015bci: cz\u0119\u015b\u0107 teoretyczna i cz\u0119\u015b\u0107 praktyczna. Egzamin rozpoczyna test pisemny, po jego zdaniu uczestnik podchodzi do praktyki. Druga cz\u0119\u015b\u0107 obejmuje jazd\u0119 po placu manewrowym, wykaz umiej\u0119tno\u015bci operowania urz\u0105dzeniem \u2013 przy tym wykonanie wszelkich zada\u0144 zleconych przez komisj\u0119 podczas egzaminu pa\u0144stwowego. Na pozytywny wynik sk\u0142ada si\u0119 zaliczenie obu cz\u0119\u015bci. Gwarantuje to uzyskanie uprawnie\u0144 do eksploatacji maszyny oraz utworzenie ksi\u0119gi operatora wybranej maszyny.&nbsp; WARUNKI UCZESTNICTWA By m\u00f3c podej\u015b\u0107 do procesu szkolenia jak i egzaminowania, nale\u017cy:&nbsp; ORGAN WYDAJ\u0104CY [&hellip;]<\/p>\n","protected":false},"author":6,"featured_media":4998,"parent":2721,"menu_order":0,"comment_status":"closed","ping_status":"closed","template":"","meta":{"sfsi_plus_gutenberg_text_before_share":"","sfsi_plus_gutenberg_show_text_before_share":"","sfsi_plus_gutenberg_icon_type":"","sfsi_plus_gutenberg_icon_alignemt":"","sfsi_plus_gutenburg_max_per_row":"","footnotes":""},"class_list":["post-4995","page","type-page","status-publish","has-post-thumbnail","hentry","has_thumb"],"aioseo_notices":[],"_links":{"self":[{"href":"https:\/\/kursy-udt.pl\/fr\/wp-json\/wp\/v2\/pages\/4995","targetHints":{"allow":["GET"]}}],"collection":[{"href":"https:\/\/kursy-udt.pl\/fr\/wp-json\/wp\/v2\/pages"}],"about":[{"href":"https:\/\/kursy-udt.pl\/fr\/wp-json\/wp\/v2\/types\/page"}],"author":[{"embeddable":true,"href":"https:\/\/kursy-udt.pl\/fr\/wp-json\/wp\/v2\/users\/6"}],"replies":[{"embeddable":true,"href":"https:\/\/kursy-udt.pl\/fr\/wp-json\/wp\/v2\/comments?post=4995"}],"version-history":[{"count":14,"href":"https:\/\/kursy-udt.pl\/fr\/wp-json\/wp\/v2\/pages\/4995\/revisions"}],"predecessor-version":[{"id":5567,"href":"https:\/\/kursy-udt.pl\/fr\/wp-json\/wp\/v2\/pages\/4995\/revisions\/5567"}],"up":[{"embeddable":true,"href":"https:\/\/kursy-udt.pl\/fr\/wp-json\/wp\/v2\/pages\/2721"}],"wp:featuredmedia":[{"embeddable":true,"href":"https:\/\/kursy-udt.pl\/fr\/wp-json\/wp\/v2\/media\/4998"}],"wp:attachment":[{"href":"https:\/\/kursy-udt.pl\/fr\/wp-json\/wp\/v2\/media?parent=4995"}],"curies":[{"name":"wp","href":"https:\/\/api.w.org\/{rel}","templated":true}]}}