{"id":4808,"date":"2023-02-20T11:07:46","date_gmt":"2023-02-20T10:07:46","guid":{"rendered":"https:\/\/kursy-udt.pl\/?page_id=4808"},"modified":"2023-02-20T23:58:36","modified_gmt":"2023-02-20T22:58:36","slug":"utb-sur-le-restaurateur","status":"publish","type":"page","link":"https:\/\/kursy-udt.pl\/fr\/szkolenia\/udt-wdt-tdt\/utb-na-konserwatora\/","title":{"rendered":"Qualification UTB pour un technicien de maintenance de chariots \u00e9l\u00e9vateurs \u00e0 fourche."},"content":{"rendered":"<p><a href=\"https:\/\/kursy-udt.pl\/wp-content\/uploads\/2023\/02\/werrwe.jpeg\"><img loading=\"lazy\" decoding=\"async\" class=\"aligncenter wp-image-4807\" src=\"https:\/\/kursy-udt.pl\/wp-content\/uploads\/2023\/02\/werrwe-300x200.jpeg\" alt=\"za\u015bwiadczenie kwalifikacyjne UDT.\" width=\"750\" height=\"500\" srcset=\"https:\/\/kursy-udt.pl\/wp-content\/uploads\/2023\/02\/werrwe-300x200.jpeg 300w, https:\/\/kursy-udt.pl\/wp-content\/uploads\/2023\/02\/werrwe-1024x683.jpeg 1024w, https:\/\/kursy-udt.pl\/wp-content\/uploads\/2023\/02\/werrwe-768x512.jpeg 768w, https:\/\/kursy-udt.pl\/wp-content\/uploads\/2023\/02\/werrwe-1536x1024.jpeg 1536w, https:\/\/kursy-udt.pl\/wp-content\/uploads\/2023\/02\/werrwe-18x12.jpeg 18w, https:\/\/kursy-udt.pl\/wp-content\/uploads\/2023\/02\/werrwe-624x416.jpeg 624w, https:\/\/kursy-udt.pl\/wp-content\/uploads\/2023\/02\/werrwe.jpeg 1600w\" sizes=\"auto, (max-width: 750px) 100vw, 750px\" \/><\/a><\/p>\r\n<p>Firma \u201cERGON\u201d przeprowadza kursy w zakresie Urz\u0105dze\u0144 Transportu Bliskiego (UTB). Szkolimy m.in. operator\u00f3w, konserwator\u00f3w i innych specjalist\u00f3w. Posiadamy niezb\u0119dn\u0105 wiedz\u0119 i kadr\u0119 specjalist\u00f3w do przeprowadzania szkole\u0144 na terenie ca\u0142ej Polski.<\/p>\r\n<p>Oferujemy szkolenia na konserwator\u00f3w w\u00f3zk\u00f3w jezdniowych podno\u015bnikowych z mechanicznym nap\u0119dem podnoszenia: <a href=\"https:\/\/kursy-udt.pl\/fr\/szkolenia\/wozkiwidlowe\/\">w\u00f3zki jezdniowe podno\u015bnikowe<\/a> z wy\u0142\u0105czeniem specjalizowanych.<\/p>\r\n<h2><strong>Szkolenia konserwatora UTB<\/strong><\/h2>\r\n<p>Zaj\u0119cia w naszym o\u015brodku s\u0105 przeprowadzane w formie teoretycznej jak i praktycznej, program szkoleniowy jest zgodny z wymogami Urz\u0119du Dozoru Technicznego. Podczas szkolenia konserwatora w\u00f3zk\u00f3w jezdniowych, kursant zapozna si\u0119 z elektryk\u0105, mechanizacj\u0105 i planami konserwacyjnymi.<\/p>\r\n<h3><strong>Program szkoleniowy zawiera takie zagadnienia jak:<\/strong><\/h3>\r\n<ul>\r\n<li>dokumentacja techniczna &#8211; om\u00f3wienie dokumentacji i instrukcji urz\u0105dze\u0144<\/li>\r\n<li>budowa w\u00f3zk\u00f3w jezdniowych \u2013 zapoznanie si\u0119 z uk\u0142adem hydraulicznym i hamulcowym, instalacj\u0105 elektryczn\u0105 i nap\u0119dem<\/li>\r\n<li>zasady czyszczenia i naprawy urz\u0105dze\u0144 &#8211; przeprowadzanie napraw<\/li>\r\n<li>plany konserwacji \u2013 wykonywanie plan\u00f3w dzia\u0142ania w zakresie naprawy i konserwacji<\/li>\r\n<li>zasady <a href=\"https:\/\/kursy-udt.pl\/fr\/szkolenia\/bhp-bezpieczenstwo-pracy\/prawna-ochrona-pracy\/\">BHP<\/a><\/li>\r\n<li>przegl\u0105dy konserwacyjne \u2013 zlokalizowanie usterki i jej zlikwidowanie<\/li>\r\n<li>obowi\u0105zki i <a href=\"https:\/\/kursy-udt.pl\/fr\/uprawnienia-udt\/kategorie-uprawnien-2\/\">uprawnienia<\/a> &#8211; om\u00f3wienie aktualnych obowi\u0105zk\u00f3w i uprawnie\u0144 na stanowisku konserwatora w\u00f3zk\u00f3w jezdniowych<\/li>\r\n<li>Ksi\u0105\u017cka konserwacji \u2013 zapoznanie si\u0119 z zasadami prowadzenia i obs\u0142ug\u0105.<\/li>\r\n<\/ul>\r\n<h2><strong>Egzamin i certyfikat<\/strong><\/h2>\r\n<p><a href=\"https:\/\/kursy-udt.pl\/wp-content\/uploads\/2023\/02\/fsdf.jpeg\"><img loading=\"lazy\" decoding=\"async\" class=\"alignright wp-image-4806\" src=\"https:\/\/kursy-udt.pl\/wp-content\/uploads\/2023\/02\/fsdf-300x200.jpeg\" alt=\"sprawdzanie o\u015bwietlenia w w\u00f3zku jezdniowym.\" width=\"400\" height=\"267\" srcset=\"https:\/\/kursy-udt.pl\/wp-content\/uploads\/2023\/02\/fsdf-300x200.jpeg 300w, https:\/\/kursy-udt.pl\/wp-content\/uploads\/2023\/02\/fsdf-1024x684.jpeg 1024w, https:\/\/kursy-udt.pl\/wp-content\/uploads\/2023\/02\/fsdf-768x513.jpeg 768w, https:\/\/kursy-udt.pl\/wp-content\/uploads\/2023\/02\/fsdf-1536x1025.jpeg 1536w, https:\/\/kursy-udt.pl\/wp-content\/uploads\/2023\/02\/fsdf-18x12.jpeg 18w, https:\/\/kursy-udt.pl\/wp-content\/uploads\/2023\/02\/fsdf-624x417.jpeg 624w, https:\/\/kursy-udt.pl\/wp-content\/uploads\/2023\/02\/fsdf.jpeg 1600w\" sizes=\"auto, (max-width: 400px) 100vw, 400px\" \/><\/a>Po zako\u0144czonym szkoleniu w naszym o\u015brodku, kursant podchodzi do egzaminu wewn\u0119trznego, po czym podchodzi do zdania go przed komisja powo\u0142an\u0105 przez UDT. Pozytywny wynik testu daje uczestnikowi za\u015bwiadczenie kwalifikacyjne UDT, kt\u00f3re jest wa\u017cne bezterminowo. Dokument potwierdza znajomo\u015b\u0107 warunk\u00f3w technicznych UDT, obowi\u0105zuj\u0105cych przepis\u00f3w prawnych, a tak\u017ce umiej\u0119tno\u015bci praktycznych w zakresie dzia\u0142ania konserwacji w\u00f3zk\u00f3w jezdniowych podno\u015bnikowych.<\/p>\r\n<h2><strong>Czym zajmuje si\u0119 konserwator w\u00f3zk\u00f3w jezdniowych?<\/strong><\/h2>\r\n<p>Zaw\u00f3d konserwatora nie nale\u017cy do naj\u0142atwiejszych i spoczywa na nim du\u017ca odpowiedzialno\u015b\u0107. G\u0142\u00f3wnym zadaniem specjalisty jest naprawa urz\u0105dzenia, szczeg\u00f3lnie odpowiadaj\u0105c za weryfikacje stanu technicznego a tak\u017ce nadz\u00f3r nad danym urz\u0105dzeniem. Konserwator zajmuje si\u0119 tak\u017ce, przygotowaniem sprz\u0119tu do odbioru przez Urz\u0105d Dozoru Technicznego. Ka\u017cda wykonana czynno\u015b\u0107 z urz\u0105dzeniem powinna zosta\u0107 odnotowana i dok\u0142adnie opisana w dzienniku konserwacji.<\/p>\r\n<h3><strong>Podstawowy przegl\u0105d polega m.in. na:<\/strong><\/h3>\r\n<ul>\r\n<li>weryfikacji og\u00f3lnego stanu technicznego urz\u0105dzenia<\/li>\r\n<li>wykonaniem przegl\u0105du o\u015bwietlenia<\/li>\r\n<li>sprawdzeniu zu\u017cycia osprz\u0119tu.<\/li>\r\n<\/ul>\r\n<h2><strong>Cel szkolenia<\/strong><\/h2>\r\n<p>Celem kursu jest przygotowanie uczestnika do uzyskania kwalifikacji konserwatora w\u00f3zk\u00f3w jezdniowych z mechanicznym nap\u0119dem podnoszenia. Kadra naszych specjalist\u00f3w, pomo\u017ce Ci w zdobyciu wymaganych uprawnie\u0144. Nasz o\u015brodek szkoleniowy posiada bardzo du\u017cy pr\u00f3g zdawalno\u015bci.<\/p>\r\n<h2><strong>Do kogo kierowane jest szkolenie?<\/strong><\/h2>\r\n<p>Szkolenie jest adresowane do wszystkich os\u00f3b chc\u0105cych podwy\u017cszy\u0107 swoje kwalifikacje zawodowe. Szczeg\u00f3lnie zach\u0119camy operator\u00f3w w\u00f3zk\u00f3w, elektryk\u00f3w, mechanik\u00f3w i pasjonat\u00f3w wszelkich napraw. Aby zosta\u0107 specjalist\u0105 nie trzeba mie\u0107 specjalnego wykszta\u0142cenia, wystarczy \u017ce zapiszesz si\u0119 na nasz kurs zawodowy.<\/p>\r\n<p><a href=\"https:\/\/kursy-udt.pl\/wp-content\/uploads\/2023\/02\/231ds.jpeg\"><img loading=\"lazy\" decoding=\"async\" class=\"aligncenter wp-image-4805\" src=\"https:\/\/kursy-udt.pl\/wp-content\/uploads\/2023\/02\/231ds-300x200.jpeg\" alt=\"przegl\u0105d w\u00f3zka jezdniowego.\" width=\"750\" height=\"499\" srcset=\"https:\/\/kursy-udt.pl\/wp-content\/uploads\/2023\/02\/231ds-300x200.jpeg 300w, https:\/\/kursy-udt.pl\/wp-content\/uploads\/2023\/02\/231ds-1024x681.jpeg 1024w, https:\/\/kursy-udt.pl\/wp-content\/uploads\/2023\/02\/231ds-768x511.jpeg 768w, https:\/\/kursy-udt.pl\/wp-content\/uploads\/2023\/02\/231ds-1536x1021.jpeg 1536w, https:\/\/kursy-udt.pl\/wp-content\/uploads\/2023\/02\/231ds-18x12.jpeg 18w, https:\/\/kursy-udt.pl\/wp-content\/uploads\/2023\/02\/231ds-624x415.jpeg 624w, https:\/\/kursy-udt.pl\/wp-content\/uploads\/2023\/02\/231ds.jpeg 1600w\" sizes=\"auto, (max-width: 750px) 100vw, 750px\" \/><\/a><\/p>\r\n<h3><strong>Warunki przyst\u0105pienia do szkolenia:<\/strong><\/h3>\r\n<ul>\r\n<li>uko\u0144czone 18 lat<\/li>\r\n<li>wykszta\u0142cenie przynajmniej podstawowe<\/li>\r\n<li>za\u015bwiadczenie od lekarza medycyny pracy o braku przeciwwskaza\u0144 lekarskich do wykonywania zawodu.<\/li>\r\n<\/ul>\r\n<h3><strong>Inne kursy zawodowe:<\/strong><\/h3>\r\n<ul>\r\n<li>kurs operatora koparko-\u0142adowarki<\/li>\r\n<li>kurs konserwatora rusztowa\u0144<\/li>\r\n<li>kurs konserwatora suwnic.<\/li>\r\n<\/ul>\r\n<h2>Pytania i odpowiedzi<\/h2>\r\n\t\t<details\t\thelp class=\"sc_fs_faq sc_card    \"\n\t\t\t\t>\n\t\t\t\t\t<summary>\n\t\t\t\t<h3>Na jaki okres czasu jest wydawane za\u015bwiadczenie kwalifikacyjne konserwatora w\u00f3zka jezdniowego podno\u015bnikowego?<\/h3>\t\t\t\t\t<\/summary>\n\t\t\t\t<div>\n\t\t\t\t\t\t<div class=\"sc_fs_faq__content\">\n\t\t\t\t\r\n\r\n\r\n<p>Za\u015bwiadczenie kwalifikacyjne na konserwatora UDT w\u00f3zka jezdniowego, jest wydawane bezterminowo.<\/p>\r\n\t\t\t<\/div>\n\t\t<\/div>\n\t\t<\/details>\n\t\t\t\t<details\t\thelp class=\"sc_fs_faq sc_card    \"\n\t\t\t\t>\n\t\t\t\t\t<summary>\n\t\t\t\t<h3>Czy aby zosta\u0107 konserwatorem w\u00f3zk\u00f3w jezdniowych podno\u015bnikowych, trzeba posiada\u0107 wykszta\u0142cenie mechanika?<\/h3>\t\t\t\t\t<\/summary>\n\t\t\t\t<div>\n\t\t\t\t\t\t<div class=\"sc_fs_faq__content\">\n\t\t\t\t\r\n\r\n\r\n<p>Nie, aby przyst\u0105pi\u0107 do szkolenia na konserwatora w\u00f3zk\u00f3w jezdniowych podno\u015bnikowych, wystarczy posiada\u0107 wykszta\u0142cenie podstawowe.<\/p>\r\n\t\t\t<\/div>\n\t\t<\/div>\n\t\t<\/details>\n\t\t\n<script type=\"application\/ld+json\">\n\t{\n\t\t\"@context\": \"https:\/\/schema.org\",\n\t\t\"@type\": \"FAQPage\",\n\t\t\"mainEntity\": [\n\t\t\t\t\t{\n\t\t\t\t\"@type\": \"Question\",\n\t\t\t\t\"name\": \"Na jaki okres czasu jest wydawane za\u015bwiadczenie kwalifikacyjne konserwatora w\u00f3zka jezdniowego podno\u015bnikowego?\",\n\t\t\t\t\"acceptedAnswer\": {\n\t\t\t\t\t\"@type\": \"Answer\",\n\t\t\t\t\t\"text\": \"<p>Za\u015bwiadczenie kwalifikacyjne na konserwatora UDT w\u00f3zka jezdniowego, jest wydawane bezterminowo.<\/p>\"\n\t\t\t\t\t\t\t\t\t}\n\t\t\t}\n\t\t\t,\t\t\t\t{\n\t\t\t\t\"@type\": \"Question\",\n\t\t\t\t\"name\": \"Czy aby zosta\u0107 konserwatorem w\u00f3zk\u00f3w jezdniowych podno\u015bnikowych, trzeba posiada\u0107 wykszta\u0142cenie mechanika?\",\n\t\t\t\t\"acceptedAnswer\": {\n\t\t\t\t\t\"@type\": \"Answer\",\n\t\t\t\t\t\"text\": \"<p>Nie, aby przyst\u0105pi\u0107 do szkolenia na konserwatora w\u00f3zk\u00f3w jezdniowych podno\u015bnikowych, wystarczy posiada\u0107 wykszta\u0142cenie podstawowe.<\/p>\"\n\t\t\t\t\t\t\t\t\t}\n\t\t\t}\n\t\t\t\t\t\t]\n\t}\n<\/script>\n","protected":false},"excerpt":{"rendered":"<p>Firma \u201cERGON\u201d przeprowadza kursy w zakresie Urz\u0105dze\u0144 Transportu Bliskiego (UTB). Szkolimy m.in. operator\u00f3w, konserwator\u00f3w i innych specjalist\u00f3w. Posiadamy niezb\u0119dn\u0105 wiedz\u0119 i kadr\u0119 specjalist\u00f3w do przeprowadzania szkole\u0144 na terenie ca\u0142ej Polski. Oferujemy szkolenia na konserwator\u00f3w w\u00f3zk\u00f3w jezdniowych podno\u015bnikowych z mechanicznym nap\u0119dem podnoszenia: w\u00f3zki jezdniowe podno\u015bnikowe z wy\u0142\u0105czeniem specjalizowanych. Szkolenia konserwatora UTB Zaj\u0119cia w naszym o\u015brodku s\u0105 przeprowadzane w formie teoretycznej jak i praktycznej, program szkoleniowy jest zgodny z wymogami Urz\u0119du Dozoru Technicznego. Podczas szkolenia konserwatora w\u00f3zk\u00f3w jezdniowych, kursant zapozna si\u0119 z elektryk\u0105, mechanizacj\u0105 i planami konserwacyjnymi. Program szkoleniowy zawiera takie zagadnienia jak: dokumentacja techniczna &#8211; om\u00f3wienie dokumentacji i instrukcji urz\u0105dze\u0144 budowa w\u00f3zk\u00f3w jezdniowych \u2013 zapoznanie si\u0119 z uk\u0142adem hydraulicznym i hamulcowym, instalacj\u0105 elektryczn\u0105 i nap\u0119dem zasady czyszczenia i naprawy urz\u0105dze\u0144 &#8211; przeprowadzanie napraw plany konserwacji \u2013 wykonywanie plan\u00f3w dzia\u0142ania w zakresie naprawy i konserwacji zasady BHP przegl\u0105dy konserwacyjne \u2013 zlokalizowanie usterki i jej zlikwidowanie obowi\u0105zki i uprawnienia &#8211; om\u00f3wienie aktualnych obowi\u0105zk\u00f3w i uprawnie\u0144 na stanowisku konserwatora w\u00f3zk\u00f3w jezdniowych Ksi\u0105\u017cka konserwacji \u2013 zapoznanie si\u0119 z zasadami prowadzenia i obs\u0142ug\u0105. Egzamin i certyfikat Po zako\u0144czonym szkoleniu w naszym o\u015brodku, kursant podchodzi do egzaminu wewn\u0119trznego, po czym podchodzi do zdania go przed komisja powo\u0142an\u0105 przez UDT. Pozytywny wynik testu daje uczestnikowi za\u015bwiadczenie kwalifikacyjne UDT, kt\u00f3re jest wa\u017cne bezterminowo. Dokument potwierdza znajomo\u015b\u0107 warunk\u00f3w technicznych UDT, obowi\u0105zuj\u0105cych przepis\u00f3w prawnych, a tak\u017ce umiej\u0119tno\u015bci praktycznych w zakresie dzia\u0142ania konserwacji w\u00f3zk\u00f3w jezdniowych podno\u015bnikowych. Czym zajmuje si\u0119 konserwator w\u00f3zk\u00f3w jezdniowych? Zaw\u00f3d konserwatora nie nale\u017cy do naj\u0142atwiejszych i spoczywa na nim du\u017ca odpowiedzialno\u015b\u0107. G\u0142\u00f3wnym zadaniem specjalisty jest naprawa urz\u0105dzenia, szczeg\u00f3lnie odpowiadaj\u0105c za weryfikacje stanu technicznego a [&hellip;]<\/p>\n","protected":false},"author":2,"featured_media":4807,"parent":2721,"menu_order":0,"comment_status":"closed","ping_status":"closed","template":"","meta":{"sfsi_plus_gutenberg_text_before_share":"","sfsi_plus_gutenberg_show_text_before_share":"","sfsi_plus_gutenberg_icon_type":"","sfsi_plus_gutenberg_icon_alignemt":"","sfsi_plus_gutenburg_max_per_row":"","footnotes":""},"class_list":["post-4808","page","type-page","status-publish","has-post-thumbnail","hentry","has_thumb"],"aioseo_notices":[],"_links":{"self":[{"href":"https:\/\/kursy-udt.pl\/fr\/wp-json\/wp\/v2\/pages\/4808","targetHints":{"allow":["GET"]}}],"collection":[{"href":"https:\/\/kursy-udt.pl\/fr\/wp-json\/wp\/v2\/pages"}],"about":[{"href":"https:\/\/kursy-udt.pl\/fr\/wp-json\/wp\/v2\/types\/page"}],"author":[{"embeddable":true,"href":"https:\/\/kursy-udt.pl\/fr\/wp-json\/wp\/v2\/users\/2"}],"replies":[{"embeddable":true,"href":"https:\/\/kursy-udt.pl\/fr\/wp-json\/wp\/v2\/comments?post=4808"}],"version-history":[{"count":3,"href":"https:\/\/kursy-udt.pl\/fr\/wp-json\/wp\/v2\/pages\/4808\/revisions"}],"predecessor-version":[{"id":4812,"href":"https:\/\/kursy-udt.pl\/fr\/wp-json\/wp\/v2\/pages\/4808\/revisions\/4812"}],"up":[{"embeddable":true,"href":"https:\/\/kursy-udt.pl\/fr\/wp-json\/wp\/v2\/pages\/2721"}],"wp:featuredmedia":[{"embeddable":true,"href":"https:\/\/kursy-udt.pl\/fr\/wp-json\/wp\/v2\/media\/4807"}],"wp:attachment":[{"href":"https:\/\/kursy-udt.pl\/fr\/wp-json\/wp\/v2\/media?parent=4808"}],"curies":[{"name":"wp","href":"https:\/\/api.w.org\/{rel}","templated":true}]}}