{"id":48,"date":"2014-02-10T17:18:19","date_gmt":"2014-02-10T17:18:19","guid":{"rendered":"http:\/\/kursy-udt.kwiaty0.pl\/?page_id=48"},"modified":"2016-01-21T19:32:13","modified_gmt":"2016-01-21T19:32:13","slug":"gerbeurs","status":"publish","type":"page","link":"https:\/\/kursy-udt.pl\/fr\/ukladnice\/","title":{"rendered":"Transstockeurs"},"content":{"rendered":"<div style=\"float:left; padding-right:10px;\"><img decoding=\"async\" src=\"\/wp-content\/uploads\/2014\/04\/ukladnice.jpg\" alt=\"Transstockeurs\"><\/div>\n<div class=\"wyjustuj\">Un transstockeur est un type d'appareil de levage et de manutention qui est utilis\u00e9 pour transporter et empiler des mat\u00e9riaux, principalement dans les entrep\u00f4ts. Pour le faire fonctionner, vous avez besoin de <a href=\"https:\/\/kursy-udt.pl\/fr\/uprawnienia-udt\/kategorie-uprawnien-2\/\">Dipl\u00f4mes UDT<\/a>. On distingue les transstockeurs \u00e0 colonne sous forme de m\u00e2t mobile et les transstockeurs \u00e0 cadre sous forme de porte mobile. Le fonctionnement et l'entretien de l'\u00e9quipement sont enseign\u00e9s par un cours sur les transstockeurs, dont la r\u00e9ussite permet ensuite d'obtenir une licence. <\/p>\n<p>Nous organisons des cours pour les transstockeurs de tous types. Nos cours de formation UDT vous aident \u00e0 passer l'examen avec succ\u00e8s. Toutes les formations pour les transstockeurs comprennent des cours th\u00e9oriques et pratiques qui transmettent de mani\u00e8re exhaustive des connaissances et des comp\u00e9tences \u00e0 leurs participants. Vous \u00eates les bienvenus !<\/p><\/div>\n<div class=\"button_styl\" style=\"float:right; padding-left:15px; padding-bottom:8px; margin-bottom:5px;\"><a href=\"https:\/\/platformaedukacji.pl\/login\/signup.php\" rel=\"nofollow\" target=\"_blank\" class=\"myButton myButton_maly\"><font color=\"white\">Inscrivez-vous \u00e0 la formation<\/font><\/a><\/div>","protected":false},"excerpt":{"rendered":"<p>Un transstockeur est un type d&#039;\u00e9quipement de levage et de transport interne utilis\u00e9 pour transporter et empiler des mat\u00e9riaux, principalement dans des entrep\u00f4ts. Pour le faire fonctionner, vous avez besoin des qualifications UDT. Il existe des transstockeurs sous forme de m\u00e2t mobile et des transstockeurs \u00e0 cadre sous forme de portail mobile. Le fonctionnement et l&#039;entretien des \u00e9quipements sont enseign\u00e9s par un cours sur les transstockeurs, qui permet ensuite d&#039;obtenir des qualifications. Nous organisons des cours pour les transstockeurs de tous types. Nos formations UDT aident \u00e0 r\u00e9ussir l&#039;examen. Toutes les formations sur les tracteurs comprennent des cours th\u00e9oriques et pratiques qui transf\u00e8rent de mani\u00e8re compl\u00e8te les connaissances et les comp\u00e9tences \u00e0 leurs participants. Nous invitons! Inscrivez-vous \u00e0 la formation<\/p>","protected":false},"author":1,"featured_media":0,"parent":0,"menu_order":0,"comment_status":"closed","ping_status":"closed","template":"","meta":{"sfsi_plus_gutenberg_text_before_share":"","sfsi_plus_gutenberg_show_text_before_share":"","sfsi_plus_gutenberg_icon_type":"","sfsi_plus_gutenberg_icon_alignemt":"","sfsi_plus_gutenburg_max_per_row":"","footnotes":""},"class_list":["post-48","page","type-page","status-publish","hentry","has_thumb"],"aioseo_notices":[],"_links":{"self":[{"href":"https:\/\/kursy-udt.pl\/fr\/wp-json\/wp\/v2\/pages\/48","targetHints":{"allow":["GET"]}}],"collection":[{"href":"https:\/\/kursy-udt.pl\/fr\/wp-json\/wp\/v2\/pages"}],"about":[{"href":"https:\/\/kursy-udt.pl\/fr\/wp-json\/wp\/v2\/types\/page"}],"author":[{"embeddable":true,"href":"https:\/\/kursy-udt.pl\/fr\/wp-json\/wp\/v2\/users\/1"}],"replies":[{"embeddable":true,"href":"https:\/\/kursy-udt.pl\/fr\/wp-json\/wp\/v2\/comments?post=48"}],"version-history":[{"count":10,"href":"https:\/\/kursy-udt.pl\/fr\/wp-json\/wp\/v2\/pages\/48\/revisions"}],"predecessor-version":[{"id":6186,"href":"https:\/\/kursy-udt.pl\/fr\/wp-json\/wp\/v2\/pages\/48\/revisions\/6186"}],"wp:attachment":[{"href":"https:\/\/kursy-udt.pl\/fr\/wp-json\/wp\/v2\/media?parent=48"}],"curies":[{"name":"wp","href":"https:\/\/api.w.org\/{rel}","templated":true}]}}