{"id":4792,"date":"2023-02-15T11:36:18","date_gmt":"2023-02-15T10:36:18","guid":{"rendered":"https:\/\/kursy-udt.pl\/?page_id=4792"},"modified":"2023-02-15T11:38:44","modified_gmt":"2023-02-15T10:38:44","slug":"transstockeur-de-stockage","status":"publish","type":"page","link":"https:\/\/kursy-udt.pl\/fr\/szkolenia\/zakresy-ksztalcenia\/obsluga-ukladnic-magazynowych\/ukladnica-magazynowa\/","title":{"rendered":"Transstockeur d'entrep\u00f4t - cours de conduite et de maintenance"},"content":{"rendered":"<p>Firma szkoleniowa \u201cERGON\u201d szkoli operator\u00f3w, konserwator\u00f3w i innych specjalist\u00f3w na terenie ca\u0142ej Polski. Zapraszamy do zapoznania si\u0119 z artyku\u0142em na temat obs\u0142ugi i konserwacji uk\u0142adnicy magazynowej, kt\u00f3ra jest powszechnie wykorzystywana w magazynach i halach m.in. do transportu \u0142adunku.<\/p>\n<h2><strong>Program szkolenia<\/strong><\/h2>\n<p>Szkolenie w naszym o\u015brodku jest przeprowadzane\u00a0 w formie teoretycznej, a p\u00f3\u017aniej kursant podchodzi do cz\u0119\u015bci praktycznej polegaj\u0105cej na wykonywaniu zada\u0144 pod okiem naszych ekspert\u00f3w.<\/p>\n<h3><strong>Zakres kursu obejmuj\u0119 m in.:<\/strong><\/h3>\n<ul>\n<li>wiadomo\u015bci i przepisy o dozorze technicznym<\/li>\n<li>wiedz\u0119 z zakresu budowy elektrycznej urz\u0105dzenia (zasilanie, nap\u0119d, sterowanie)<\/li>\n<li>przepisy <a href=\"https:\/\/kursy-udt.pl\/fr\/szkolenia\/bhp-bezpieczenstwo-pracy\/prawna-ochrona-pracy\/\">BHP<\/a><\/li>\n<li>podstawowe parametry techniczne urz\u0105dzenia<\/li>\n<li>wiadomo\u015bci na temat obowi\u0105zk\u00f3w operatora<\/li>\n<li>post\u0119powanie operatora w przypadku awarii urz\u0105dzenia<\/li>\n<li>klasyfikacja i podzia\u0142 uk\u0142adnic<\/li>\n<\/ul>\n<h2><strong>Egzamin<\/strong><\/h2>\n<p>Egzamin sk\u0142ada si\u0119 z cz\u0119\u015bci teoretycznej i praktycznej, cz\u0119\u015b\u0107 praktyczna polega na sprawdzeniu wiedzy uczestnika z zakresu obs\u0142ugi, przepis\u00f3w i norm prawnych. Test teoretyczny trwa oko\u0142o 30 minut.<\/p>\n<p>Po zaliczeniu cz\u0119\u015bci teoretycznej, uczestnik podchodzi do egzaminu praktycznego, pod okiem egzaminatora uczestnik wykonuje polecenia.<\/p>\n<h2><strong>Gdzie szkolimy<\/strong><\/h2>\n<p>Szkolenia przeprowadzamy w naszym o\u015brodku szkoleniowym w Warszawie, ale tak\u017ce na terenie ca\u0142ej Polski z dojazdem do klienta.<\/p>\n<p>Szkolenia s\u0105 przeprowadzane w formie zamkni\u0119tej jak i otwartej.<\/p>\n<h2><strong>Za\u015bwiadczenie kwalifikacyjne<\/strong><\/h2>\n<p>Po zdaniu pozytywnie egzaminu, uczestnik uzyskuje za\u015bwiadczenie kwalifikacyjne wydane przez Urz\u0105d Dozoru Technicznego, kt\u00f3re jest wa\u017cne przez 10 lat. Aby wyd\u0142u\u017cy\u0107 okres wa\u017cno\u015bci za\u015bwiadczenia, nale\u017cy 3 miesi\u0105ce przed ko\u0144cem wa\u017cno\u015bci z\u0142o\u017cy\u0107 bezp\u0142atny wniosek o przed\u0142u\u017cenie wa\u017cno\u015bci kwalifikacji zawodowych.<\/p>\n<p><a href=\"https:\/\/kursy-udt.pl\/fr\/uprawnienia-udt\/kategorie-uprawnien-2\/\">Uprawnienia<\/a> na obs\u0142ug\u0119 urz\u0105dze\u0144 podlegaj\u0105cych pod UDT s\u0105 honorowane przez pracodawc\u00f3w w krajach Unii Europejskiej.<\/p>\n<p>Praca wykonywana bez odpowiednich kwalifikacji zawodowych jest niezgodna z prawem.<\/p>\n<h2><strong>Konserwator uk\u0142adnicy magazynowej<\/strong><\/h2>\n<p>Kurs na konserwatora uk\u0142adnic magazynowych, polega na przekazaniu wiedzy uczestnikowi praktycznej jak i teoretycznej z zakresu wszelkich prac konserwacyjnych<\/p>\n<h3><strong>G\u0142\u00f3wne zagadnienia podczas szkolenia konserwatora to m.in.:<\/strong><\/h3>\n<ul>\n<li>narz\u0119dzia do wykonywania prac konserwacyjnych<\/li>\n<li>zasady BHP i przepisy prawne<\/li>\n<li>dzia\u0142ania w razie awarii<\/li>\n<li>plany konserwacyjne<\/li>\n<li>prace naprawcze i serwisowe<\/li>\n<li>informacje na temat podzia\u0142u i funkcji uk\u0142adnic magazynowych<\/li>\n<li>badanie techniczne i okresowe.<\/li>\n<\/ul>\n<p><strong>Jeste\u015bmy jednym z niewielu o\u015brodk\u00f3w szkoleniowych oferuj\u0105cych kurs konserwatora na uk\u0142adnic\u0119 magazynow\u0105.<\/strong><\/p>\n<h2><strong>Kto mo\u017ce przyst\u0105pi\u0107 do szkolenia?<\/strong><\/h2>\n<p>Aby wzi\u0105\u0107 udzia\u0142 w szkoleniu na operatora i\/lub konserwatora uk\u0142adnicy magazynowej, nale\u017cy mie\u0107 uko\u0144czone 18 lat, posiada\u0107 wykszta\u0142cenie przynajmniej podstawowe. Przede wszystkim nale\u017cy dostarczy\u0107 orzeczenie lekarskie o braku przeciwskaza\u0144 do wykonywania zawodu.<\/p>\n<h3><strong>Inne kursy zawodowe, kt\u00f3re przeprowadzamy w naszym o\u015brodku szkoleniowym to m.in.:<\/strong><\/h3>\n<ul>\n<li>kurs na operatora \u017curawi<\/li>\n<li>kurs na prace alpinistyczne<\/li>\n<li>kurs G1ED<\/li>\n<li>kurs konserwatora rusztowa\u0144.<\/li>\n<\/ul>\n<p>Oferujemy naszym uczestnikom najlepsze przygotowanie do wykonywania zawodu, aby dowiedzie\u0107 si\u0119 wi\u0119cej zapraszamy do kontaktu telefonicznego.<\/p>\n<h2>Pytania i odpowiedzi<\/h2>\n\n\t\t<details\t\thelp class=\"sc_fs_faq sc_card    \"\n\t\t\t\t>\n\t\t\t\t\t<summary>\n\t\t\t\t<h3>Gdzie s\u0105 przeprowadzane szkolenia na operatora uk\u0142adnicy magazynowej?<\/h3>\t\t\t\t\t<\/summary>\n\t\t\t\t<div>\n\t\t\t\t\t\t<div class=\"sc_fs_faq__content\">\n\t\t\t\t\n\n<p>Nasze szkolenia s\u0105 przeprowadzane w naszym o\u015brodku szkoleniowym w Warszawie jak i z dojazdem do klienta pod wybrany adres.<\/p>\n\n\t\t\t<\/div>\n\t\t<\/div>\n\t\t<\/details>\n\t\t\t\t<details\t\thelp class=\"sc_fs_faq sc_card    \"\n\t\t\t\t>\n\t\t\t\t\t<summary>\n\t\t\t\t<h3>Czy w swojej ofercie posiadacie szkolenie w formie zamkni\u0119tej?<\/h3>\t\t\t\t\t<\/summary>\n\t\t\t\t<div>\n\t\t\t\t\t\t<div class=\"sc_fs_faq__content\">\n\t\t\t\t\n\n<p>Tak, posiadamy szkolenia i kursy w formie otwartej i zamkni\u0119tej.<\/p>\n\n\t\t\t<\/div>\n\t\t<\/div>\n\t\t<\/details>\n\t\t\t\t<details\t\thelp class=\"sc_fs_faq sc_card    \"\n\t\t\t\t>\n\t\t\t\t\t<summary>\n\t\t\t\t<h3>Co nale\u017cy zrobi\u0107 po up\u0142ywie wa\u017cno\u015bci za\u015bwiadczenia kwalifikacyjnego na operatora uk\u0142adnicy magazynowej?<\/h3>\t\t\t\t\t<\/summary>\n\t\t\t\t<div>\n\t\t\t\t\t\t<div class=\"sc_fs_faq__content\">\n\t\t\t\t\n\n<p>Aby odnowi\u0107 za\u015bwiadczenie kwalifikacyjne na operatora uk\u0142adnicy magazynowej, nale\u017cy 3 miesi\u0105ce przed up\u0142ywem terminu wa\u017cno\u015bci za\u015bwiadczenia, z\u0142o\u017cy\u0107 bezp\u0142atny wniosek o jego przed\u0142u\u017cenie.<\/p>\n\n\t\t\t<\/div>\n\t\t<\/div>\n\t\t<\/details>\n\t\t\t\t<details\t\thelp class=\"sc_fs_faq sc_card    \"\n\t\t\t\t>\n\t\t\t\t\t<summary>\n\t\t\t\t<h3>Ile nale\u017cy mie\u0107 lat, aby przyst\u0105pi\u0107 do szkolenia na operatora uk\u0142adnicy magazynowej?<\/h3>\t\t\t\t\t<\/summary>\n\t\t\t\t<div>\n\t\t\t\t\t\t<div class=\"sc_fs_faq__content\">\n\t\t\t\t\n\n<p>Aby przyst\u0105pi\u0107 do szkolenia na operatora uk\u0142adnicy magazynowej nale\u017cy mie\u0107 sko\u0144czone 18 lat.<\/p>\n\n\t\t\t<\/div>\n\t\t<\/div>\n\t\t<\/details>\n\t\t\n<script type=\"application\/ld+json\">\n\t{\n\t\t\"@context\": \"https:\/\/schema.org\",\n\t\t\"@type\": \"FAQPage\",\n\t\t\"mainEntity\": [\n\t\t\t\t\t{\n\t\t\t\t\"@type\": \"Question\",\n\t\t\t\t\"name\": \"Gdzie s\u0105 przeprowadzane szkolenia na operatora uk\u0142adnicy magazynowej?\",\n\t\t\t\t\"acceptedAnswer\": {\n\t\t\t\t\t\"@type\": \"Answer\",\n\t\t\t\t\t\"text\": \"<p>Nasze szkolenia s\u0105 przeprowadzane w naszym o\u015brodku szkoleniowym w Warszawie jak i z dojazdem do klienta pod wybrany adres.<\/p>\"\n\t\t\t\t\t\t\t\t\t}\n\t\t\t}\n\t\t\t,\t\t\t\t{\n\t\t\t\t\"@type\": \"Question\",\n\t\t\t\t\"name\": \"Czy w swojej ofercie posiadacie szkolenie w formie zamkni\u0119tej?\",\n\t\t\t\t\"acceptedAnswer\": {\n\t\t\t\t\t\"@type\": \"Answer\",\n\t\t\t\t\t\"text\": \"<p>Tak, posiadamy szkolenia i kursy w formie otwartej i zamkni\u0119tej.<\/p>\"\n\t\t\t\t\t\t\t\t\t}\n\t\t\t}\n\t\t\t,\t\t\t\t{\n\t\t\t\t\"@type\": \"Question\",\n\t\t\t\t\"name\": \"Co nale\u017cy zrobi\u0107 po up\u0142ywie wa\u017cno\u015bci za\u015bwiadczenia kwalifikacyjnego na operatora uk\u0142adnicy magazynowej?\",\n\t\t\t\t\"acceptedAnswer\": {\n\t\t\t\t\t\"@type\": \"Answer\",\n\t\t\t\t\t\"text\": \"<p>Aby odnowi\u0107 za\u015bwiadczenie kwalifikacyjne na operatora uk\u0142adnicy magazynowej, nale\u017cy 3 miesi\u0105ce przed up\u0142ywem terminu wa\u017cno\u015bci za\u015bwiadczenia, z\u0142o\u017cy\u0107 bezp\u0142atny wniosek o jego przed\u0142u\u017cenie.<\/p>\"\n\t\t\t\t\t\t\t\t\t}\n\t\t\t}\n\t\t\t,\t\t\t\t{\n\t\t\t\t\"@type\": \"Question\",\n\t\t\t\t\"name\": \"Ile nale\u017cy mie\u0107 lat, aby przyst\u0105pi\u0107 do szkolenia na operatora uk\u0142adnicy magazynowej?\",\n\t\t\t\t\"acceptedAnswer\": {\n\t\t\t\t\t\"@type\": \"Answer\",\n\t\t\t\t\t\"text\": \"<p>Aby przyst\u0105pi\u0107 do szkolenia na operatora uk\u0142adnicy magazynowej nale\u017cy mie\u0107 sko\u0144czone 18 lat.<\/p>\"\n\t\t\t\t\t\t\t\t\t}\n\t\t\t}\n\t\t\t\t\t\t]\n\t}\n<\/script>\n","protected":false},"excerpt":{"rendered":"<p>Firma szkoleniowa \u201cERGON\u201d szkoli operator\u00f3w, konserwator\u00f3w i innych specjalist\u00f3w na terenie ca\u0142ej Polski. Zapraszamy do zapoznania si\u0119 z artyku\u0142em na temat obs\u0142ugi i konserwacji uk\u0142adnicy magazynowej, kt\u00f3ra jest powszechnie wykorzystywana w magazynach i halach m.in. do transportu \u0142adunku. Program szkolenia Szkolenie w naszym o\u015brodku jest przeprowadzane\u00a0 w formie teoretycznej, a p\u00f3\u017aniej kursant podchodzi do cz\u0119\u015bci praktycznej polegaj\u0105cej na wykonywaniu zada\u0144 pod okiem naszych ekspert\u00f3w. Zakres kursu obejmuj\u0119 m in.: wiadomo\u015bci i przepisy o dozorze technicznym wiedz\u0119 z zakresu budowy elektrycznej urz\u0105dzenia (zasilanie, nap\u0119d, sterowanie) przepisy BHP podstawowe parametry techniczne urz\u0105dzenia wiadomo\u015bci na temat obowi\u0105zk\u00f3w operatora post\u0119powanie operatora w przypadku awarii urz\u0105dzenia klasyfikacja i podzia\u0142 uk\u0142adnic Egzamin Egzamin sk\u0142ada si\u0119 z cz\u0119\u015bci teoretycznej i praktycznej, cz\u0119\u015b\u0107 praktyczna polega na sprawdzeniu wiedzy uczestnika z zakresu obs\u0142ugi, przepis\u00f3w i norm prawnych. Test teoretyczny trwa oko\u0142o 30 minut. Po zaliczeniu cz\u0119\u015bci teoretycznej, uczestnik podchodzi do egzaminu praktycznego, pod okiem egzaminatora uczestnik wykonuje polecenia. Gdzie szkolimy Szkolenia przeprowadzamy w naszym o\u015brodku szkoleniowym w Warszawie, ale tak\u017ce na terenie ca\u0142ej Polski z dojazdem do klienta. Szkolenia s\u0105 przeprowadzane w formie zamkni\u0119tej jak i otwartej. Za\u015bwiadczenie kwalifikacyjne Po zdaniu pozytywnie egzaminu, uczestnik uzyskuje za\u015bwiadczenie kwalifikacyjne wydane przez Urz\u0105d Dozoru Technicznego, kt\u00f3re jest wa\u017cne przez 10 lat. Aby wyd\u0142u\u017cy\u0107 okres wa\u017cno\u015bci za\u015bwiadczenia, nale\u017cy 3 miesi\u0105ce przed ko\u0144cem wa\u017cno\u015bci z\u0142o\u017cy\u0107 bezp\u0142atny wniosek o przed\u0142u\u017cenie wa\u017cno\u015bci kwalifikacji zawodowych. Uprawnienia na obs\u0142ug\u0119 urz\u0105dze\u0144 podlegaj\u0105cych pod UDT s\u0105 honorowane przez pracodawc\u00f3w w krajach Unii Europejskiej. Praca wykonywana bez odpowiednich kwalifikacji zawodowych jest niezgodna z prawem. Konserwator uk\u0142adnicy magazynowej Kurs na konserwatora uk\u0142adnic magazynowych, polega na przekazaniu wiedzy [&hellip;]<\/p>\n","protected":false},"author":2,"featured_media":0,"parent":3114,"menu_order":0,"comment_status":"closed","ping_status":"closed","template":"","meta":{"sfsi_plus_gutenberg_text_before_share":"","sfsi_plus_gutenberg_show_text_before_share":"","sfsi_plus_gutenberg_icon_type":"","sfsi_plus_gutenberg_icon_alignemt":"","sfsi_plus_gutenburg_max_per_row":"","footnotes":""},"class_list":["post-4792","page","type-page","status-publish","hentry","has_no_thumb"],"aioseo_notices":[],"_links":{"self":[{"href":"https:\/\/kursy-udt.pl\/fr\/wp-json\/wp\/v2\/pages\/4792","targetHints":{"allow":["GET"]}}],"collection":[{"href":"https:\/\/kursy-udt.pl\/fr\/wp-json\/wp\/v2\/pages"}],"about":[{"href":"https:\/\/kursy-udt.pl\/fr\/wp-json\/wp\/v2\/types\/page"}],"author":[{"embeddable":true,"href":"https:\/\/kursy-udt.pl\/fr\/wp-json\/wp\/v2\/users\/2"}],"replies":[{"embeddable":true,"href":"https:\/\/kursy-udt.pl\/fr\/wp-json\/wp\/v2\/comments?post=4792"}],"version-history":[{"count":4,"href":"https:\/\/kursy-udt.pl\/fr\/wp-json\/wp\/v2\/pages\/4792\/revisions"}],"predecessor-version":[{"id":4800,"href":"https:\/\/kursy-udt.pl\/fr\/wp-json\/wp\/v2\/pages\/4792\/revisions\/4800"}],"up":[{"embeddable":true,"href":"https:\/\/kursy-udt.pl\/fr\/wp-json\/wp\/v2\/pages\/3114"}],"wp:attachment":[{"href":"https:\/\/kursy-udt.pl\/fr\/wp-json\/wp\/v2\/media?parent=4792"}],"curies":[{"name":"wp","href":"https:\/\/api.w.org\/{rel}","templated":true}]}}