{"id":46,"date":"2014-02-10T17:17:44","date_gmt":"2014-02-10T17:17:44","guid":{"rendered":"http:\/\/kursy-udt.kwiaty0.pl\/?page_id=46"},"modified":"2016-01-21T19:32:21","modified_gmt":"2016-01-21T19:32:21","slug":"grues-3","status":"publish","type":"page","link":"https:\/\/kursy-udt.pl\/fr\/zurawie\/","title":{"rendered":"Grues"},"content":{"rendered":"<div style=\"float:left; padding-right:10px;\"><img decoding=\"async\" src=\"\/wp-content\/uploads\/2014\/04\/zurawie.jpeg\" alt=\"Grues\"><\/div>\n<div class=\"wyjustuj\">Une grue, \u00e9galement connue sous le nom de pont roulant, est un appareil de levage \u00e9quip\u00e9 d'une fl\u00e8che pivotante. L'appareil est utilis\u00e9 dans la construction et le transport. On distingue les grues automotrices, les grues de chantier, les grues portuaires, les grues mobiles et aussi : les grues \u00e0 tour et les grues sur rail. Les employ\u00e9s qui utilisent l'appareil doivent avoir <a href=\"https:\/\/kursy-udt.pl\/fr\/uprawnienia-udt\/kategorie-uprawnien-2\/\">Dipl\u00f4mes UDT<\/a>. Les cours sur les grues aident \u00e0 les acqu\u00e9rir.<\/p>\n<p>Nous proposons des cours de formation qui transmettent des connaissances compl\u00e8tes et vous permettent de passer l'examen pour obtenir votre permis de grue. Nous proposons des formations UDT de diff\u00e9rents types. Chaque cours sur les grues se compose d'une partie th\u00e9orique et d'une partie pratique. De cette mani\u00e8re, nos cours familiarisent les participants de mani\u00e8re exhaustive avec le fonctionnement et l'entretien de l'\u00e9quipement.<\/p><\/div>\n<div class=\"button_styl\" style=\"float:right; padding-left:15px; padding-bottom:8px; margin-bottom:5px;\"><a href=\"https:\/\/platformaedukacji.pl\/login\/signup.php\" rel=\"nofollow\" target=\"_blank\" class=\"myButton myButton_maly\"><font color=\"white\">Inscrivez-vous \u00e0 la formation<\/font><\/a><\/div>","protected":false},"excerpt":{"rendered":"<p>Une grue, aussi appel\u00e9e grue, est un appareil de levage \u00e9quip\u00e9 d&#039;une fl\u00e8che basculante. L&#039;appareil est utilis\u00e9 dans la construction et le transport. Nous distinguons, entre autres grues automotrices, grues de chantier naval, grues portuaires, grues mobiles, ainsi que grues \u00e0 tour et sur rail. Les employ\u00e9s qui utilisent l&#039;appareil doivent avoir des qualifications UDT. Les cours de grue aident \u00e0 leur acquisition. Nous proposons des formations qui fournissent des connaissances approfondies et vous permettent de passer l&#039;examen afin d&#039;obtenir des qualifications pour les grues. Nous organisons des formations UDT de diff\u00e9rents types. Chaque cours de grue se compose d&#039;une partie th\u00e9orique et pratique. De cette mani\u00e8re, nos cours familiarisent les participants avec le sujet du fonctionnement et de la maintenance des appareils. Inscrivez-vous \u00e0 la formation<\/p>","protected":false},"author":1,"featured_media":0,"parent":0,"menu_order":0,"comment_status":"closed","ping_status":"closed","template":"","meta":{"sfsi_plus_gutenberg_text_before_share":"","sfsi_plus_gutenberg_show_text_before_share":"","sfsi_plus_gutenberg_icon_type":"","sfsi_plus_gutenberg_icon_alignemt":"","sfsi_plus_gutenburg_max_per_row":"","footnotes":""},"class_list":["post-46","page","type-page","status-publish","hentry","has_thumb"],"aioseo_notices":[],"_links":{"self":[{"href":"https:\/\/kursy-udt.pl\/fr\/wp-json\/wp\/v2\/pages\/46","targetHints":{"allow":["GET"]}}],"collection":[{"href":"https:\/\/kursy-udt.pl\/fr\/wp-json\/wp\/v2\/pages"}],"about":[{"href":"https:\/\/kursy-udt.pl\/fr\/wp-json\/wp\/v2\/types\/page"}],"author":[{"embeddable":true,"href":"https:\/\/kursy-udt.pl\/fr\/wp-json\/wp\/v2\/users\/1"}],"replies":[{"embeddable":true,"href":"https:\/\/kursy-udt.pl\/fr\/wp-json\/wp\/v2\/comments?post=46"}],"version-history":[{"count":10,"href":"https:\/\/kursy-udt.pl\/fr\/wp-json\/wp\/v2\/pages\/46\/revisions"}],"predecessor-version":[{"id":1271,"href":"https:\/\/kursy-udt.pl\/fr\/wp-json\/wp\/v2\/pages\/46\/revisions\/1271"}],"wp:attachment":[{"href":"https:\/\/kursy-udt.pl\/fr\/wp-json\/wp\/v2\/media?parent=46"}],"curies":[{"name":"wp","href":"https:\/\/api.w.org\/{rel}","templated":true}]}}