{"id":4427,"date":"2022-09-30T09:54:11","date_gmt":"2022-09-30T09:54:11","guid":{"rendered":"https:\/\/kursy-udt.pl\/?page_id=4427"},"modified":"2023-05-19T16:39:27","modified_gmt":"2023-05-19T14:39:27","slug":"raccords-a-brides","status":"publish","type":"page","link":"https:\/\/kursy-udt.pl\/fr\/szkolenia\/udt-wdt-tdt\/polaczenia-kolnierzowe\/","title":{"rendered":"Montage des raccords \u00e0 brides - cours"},"content":{"rendered":"<h2 class=\"wp-block-heading\">Formation \u00e0 l'assemblage des brides&nbsp;<\/h2>\n\n\n<div class=\"wp-block-image\">\n<figure class=\"alignleft size-large is-resized\"><img loading=\"lazy\" decoding=\"async\" src=\"https:\/\/kursy-udt.pl\/wp-content\/uploads\/2022\/09\/2-13.jpeg\" alt=\"bride coaxiale\" width=\"400\" height=\"267\"\/><\/figure>\n<\/div>\n\n\n<p>Nous vous invitons au centre de formation ERGON pour la formation professionnelle dans le domaine de la pose de raccords \u00e0 brides. Des collaborateurs exp\u00e9riment\u00e9s, un vaste programme de formation, une offre d'activit\u00e9s \u00e0 l'\u00e9chelle nationale - voil\u00e0 quelques \u00e9l\u00e9ments qui nous distinguent de la concurrence. Si vous vous int\u00e9ressez \u00e0 l'assemblage des conduites \u00e0 haute pression, nous vous aiderons volontiers \u00e0 d\u00e9velopper vos connaissances et \u00e0 acqu\u00e9rir les comp\u00e9tences n\u00e9cessaires. <a href=\"https:\/\/kursy-udt.pl\/fr\/uprawnienia-udt\/kategorie-uprawnien-2\/\">autorisations<\/a>valable dans tous les pays de l'Union europ\u00e9enne.&nbsp;<\/p>\n\n\n\n<h2 class=\"wp-block-heading\">Raccords \u00e0 brides - informations cl\u00e9s&nbsp;<\/h2>\n\n\n\n<p>Un raccord \u00e0 bride est constitu\u00e9 de deux brides coaxiales oppos\u00e9es reli\u00e9es par au moins quatre boulons. Elles sont amovibles et, comme elles constituent une partie tr\u00e8s importante de tout \u00e9quipement et\/ou installation sous pression, elles doivent \u00eatre assembl\u00e9es par du personnel certifi\u00e9 conform\u00e9ment aux exigences de la directive europ\u00e9enne sur la pression (PED) et \u00e0 la r\u00e9glementation UDT (EN 1591-4). &nbsp;<\/p>\n\n\n\n<h2 class=\"wp-block-heading\">Th\u00e8mes de formation&nbsp;<\/h2>\n\n\n\n<p>Qu'allez-vous apprendre lors de notre cours ? En guise d'introduction, vous apprendrez les questions de s\u00e9curit\u00e9, <a href=\"https:\/\/kursy-udt.pl\/fr\/szkolenia\/bhp-bezpieczenstwo-pracy\/prawna-ochrona-pracy\/\">Sant\u00e9 et s\u00e9curit\u00e9<\/a>la reconnaissance des d\u00e9fauts et de leurs causes, la pr\u00e9paration de la surface d'\u00e9tanch\u00e9it\u00e9. La sant\u00e9 et la vie des participants sont notre priorit\u00e9 absolue. Vous obtiendrez \u00e9galement des r\u00e9ponses aux questions suivantes.&nbsp;<\/p>\n\n\n<div class=\"wp-block-image\">\n<figure class=\"alignright size-large is-resized\"><img loading=\"lazy\" decoding=\"async\" src=\"https:\/\/kursy-udt.pl\/wp-content\/uploads\/2022\/09\/3-8.jpeg\" alt=\"carte de la Pologne avec les centres ERGON marqu\u00e9s\" width=\"400\" height=\"267\"\/><\/figure>\n<\/div>\n\n\n<ul class=\"wp-block-list\">\n<li>Quels types de raccords \u00e0 brides et de joints distinguons-nous ? &nbsp;<\/li>\n\n\n\n<li>Quelle est la relation entre l'extension du boulon, la charge du boulon et la tension du joint ? &nbsp;<\/li>\n\n\n\n<li>En quoi les charges de connexion appliqu\u00e9es diff\u00e8rent-elles des charges r\u00e9siduelles ?&nbsp;&nbsp;<\/li>\n\n\n\n<li>Qu'est-ce qui d\u00e9clenche une perte de charge de connexion et quelles en sont les cons\u00e9quences ? &nbsp;<\/li>\n\n\n\n<li>Fonctionnalit\u00e9 des scell\u00e9s - que devez-vous savoir \u00e0 ce sujet ?&nbsp;<\/li>\n<\/ul>\n\n\n\n<p>Une fois que vous conna\u00eetrez les r\u00e9ponses \u00e0 ces questions et \u00e0 bien d'autres, nous les consoliderons \u00e0 l'aide d'exercices pratiques.&nbsp;&nbsp;<\/p>\n\n\n\n<h2 class=\"wp-block-heading\">Tarif formation&nbsp;<\/h2>\n\n\n\n<p>ERGON propose un ensemble de concessions et de r\u00e9ductions attrayantes. Nous fixons les prix individuellement. Pour conna\u00eetre les d\u00e9tails de l'offre, veuillez appeler notre conseiller\u00a0<\/p>\n\n\n\n<h2 class=\"wp-block-heading\">Conditions pr\u00e9alables&nbsp;<\/h2>\n\n\n\n<p>Les candidats doivent remplir les conditions suivantes :&nbsp;<\/p>\n\n\n\n<ul class=\"wp-block-list\">\n<li>&nbsp; \u00eatre \u00e2g\u00e9 d'au moins 18 ans,&nbsp;<\/li>\n\n\n\n<li>&nbsp; l'\u00e9ducation de base minimale.&nbsp;<\/li>\n<\/ul>\n\n\n\n<figure class=\"wp-block-image size-large is-resized\"><img loading=\"lazy\" decoding=\"async\" src=\"https:\/\/kursy-udt.pl\/wp-content\/uploads\/2023\/01\/62-Polaczenia-kolnierzowe-kursy-udt.pl_.png\" alt=\"Formation ERGON\" width=\"796\" height=\"498\"\/><\/figure>","protected":false},"excerpt":{"rendered":"<p>Formation au montage de raccords \u00e0 brides Nous vous invitons au centre de formation du personnel ERGON pour des cours de formation professionnelle au montage de raccords \u00e0 brides. Un personnel exp\u00e9riment\u00e9, un vaste programme de formation, un \u00e9ventail d'activit\u00e9s \u00e0 l'\u00e9chelle nationale - voil\u00e0 quelques facteurs qui nous distinguent de nos concurrents. Si vous \u00eates int\u00e9ress\u00e9 par le sujet de l'assemblage des tuyaux \u00e0 haute pression, nous serons heureux de vous aider \u00e0 d\u00e9velopper vos connaissances et \u00e0 acqu\u00e9rir les qualifications n\u00e9cessaires, valables dans tous les pays de l'Union europ\u00e9enne.  Joints \u00e0 brides - informations cl\u00e9s Un joint \u00e0 brides est constitu\u00e9 de deux brides coaxiales oppos\u00e9es, assembl\u00e9es par au moins quatre boulons. Ils sont amovibles et, comme ils constituent une partie tr\u00e8s importante de tout \u00e9quipement et\/ou installation sous pression, ils doivent \u00eatre install\u00e9s par du personnel certifi\u00e9 conform\u00e9ment aux exigences de la directive europ\u00e9enne sur la pression (PED) et \u00e0 la r\u00e9glementation UDT PN-EN 1591-4. Sujets de la formation Qu'allez-vous apprendre dans notre cours ? Pour commencer, vous apprendrez ce qu'est la s\u00e9curit\u00e9, la sant\u00e9 et la s\u00e9curit\u00e9 au travail, la reconnaissance des d\u00e9fauts et de leurs causes, la pr\u00e9paration de la surface d'\u00e9tanch\u00e9it\u00e9. La sant\u00e9 et la vie des participants sont notre priorit\u00e9 absolue. Vous obtiendrez \u00e9galement des r\u00e9ponses aux questions suivantes.  Une fois que vous conna\u00eetrez les r\u00e9ponses \u00e0 ces questions et \u00e0 bien d'autres, nous les consoliderons par des exercices pratiques.   Le prix de la formation ERGON pr\u00e9voit un ensemble de remises et de r\u00e9ductions int\u00e9ressantes. Nous fixons les prix individuellement. Pour conna\u00eetre le d\u00e9tail de l'offre, appelez notre conseiller Pr\u00e9requis Les candidats doivent remplir les conditions suivantes :&nbsp;<\/p>","protected":false},"author":6,"featured_media":4428,"parent":2721,"menu_order":0,"comment_status":"closed","ping_status":"closed","template":"","meta":{"sfsi_plus_gutenberg_text_before_share":"","sfsi_plus_gutenberg_show_text_before_share":"","sfsi_plus_gutenberg_icon_type":"","sfsi_plus_gutenberg_icon_alignemt":"","sfsi_plus_gutenburg_max_per_row":"","footnotes":""},"class_list":["post-4427","page","type-page","status-publish","has-post-thumbnail","hentry","has_thumb"],"aioseo_notices":[],"_links":{"self":[{"href":"https:\/\/kursy-udt.pl\/fr\/wp-json\/wp\/v2\/pages\/4427","targetHints":{"allow":["GET"]}}],"collection":[{"href":"https:\/\/kursy-udt.pl\/fr\/wp-json\/wp\/v2\/pages"}],"about":[{"href":"https:\/\/kursy-udt.pl\/fr\/wp-json\/wp\/v2\/types\/page"}],"author":[{"embeddable":true,"href":"https:\/\/kursy-udt.pl\/fr\/wp-json\/wp\/v2\/users\/6"}],"replies":[{"embeddable":true,"href":"https:\/\/kursy-udt.pl\/fr\/wp-json\/wp\/v2\/comments?post=4427"}],"version-history":[{"count":6,"href":"https:\/\/kursy-udt.pl\/fr\/wp-json\/wp\/v2\/pages\/4427\/revisions"}],"predecessor-version":[{"id":6004,"href":"https:\/\/kursy-udt.pl\/fr\/wp-json\/wp\/v2\/pages\/4427\/revisions\/6004"}],"up":[{"embeddable":true,"href":"https:\/\/kursy-udt.pl\/fr\/wp-json\/wp\/v2\/pages\/2721"}],"wp:featuredmedia":[{"embeddable":true,"href":"https:\/\/kursy-udt.pl\/fr\/wp-json\/wp\/v2\/media\/4428"}],"wp:attachment":[{"href":"https:\/\/kursy-udt.pl\/fr\/wp-json\/wp\/v2\/media?parent=4427"}],"curies":[{"name":"wp","href":"https:\/\/api.w.org\/{rel}","templated":true}]}}