{"id":4403,"date":"2022-09-29T08:44:29","date_gmt":"2022-09-29T08:44:29","guid":{"rendered":"https:\/\/kursy-udt.pl\/?page_id=4403"},"modified":"2023-01-04T09:28:35","modified_gmt":"2023-01-04T09:28:35","slug":"grues-pour-marchandises-et-passagers","status":"publish","type":"page","link":"https:\/\/kursy-udt.pl\/fr\/publikacje\/udt-wdt-tdt\/dzwigi-towarowo-osobowe\/","title":{"rendered":"Qu'est-ce qu'une grue pour marchandises et passagers ?"},"content":{"rendered":"<p><a href=\"https:\/\/kursy-udt.pl\/fr\/szkolenia\/udt-wdt-tdt\/dzwigi-towarowo-osobowe\/\">Grue pour le transport de marchandises et de passagers<\/a> traite du levage et de l'arr\u00eat \u00e0 certains niveaux. Il fonctionne comme tous les ascenseurs que nous connaissons. Sans elle, le d\u00e9placement et le levage des travailleurs ainsi que des mat\u00e9riaux seraient incroyablement difficiles. Pour pouvoir utiliser cet appareil, il est n\u00e9cessaire de passer l'examen UDT et d'obtenir une licence.<\/p>\n<p>Venez chez ERGON, avec nous vous pouvez facilement faire le cours et devenir grutier !<\/p>\n<p><a href=\"https:\/\/kursy-udt.pl\/wp-content\/uploads\/2022\/09\/2.webp\"><img loading=\"lazy\" decoding=\"async\" class=\"alignright wp-image-4405\" src=\"https:\/\/kursy-udt.pl\/wp-content\/uploads\/2022\/09\/2-200x300.webp\" alt=\"Photo de l&#039;ascenseur du b\u00e2timent\" width=\"300\" height=\"450\" srcset=\"https:\/\/kursy-udt.pl\/wp-content\/uploads\/2022\/09\/2-200x300.webp 200w, https:\/\/kursy-udt.pl\/wp-content\/uploads\/2022\/09\/2-683x1024.webp 683w, https:\/\/kursy-udt.pl\/wp-content\/uploads\/2022\/09\/2-768x1152.webp 768w, https:\/\/kursy-udt.pl\/wp-content\/uploads\/2022\/09\/2-1024x1536.webp 1024w, https:\/\/kursy-udt.pl\/wp-content\/uploads\/2022\/09\/2-8x12.webp 8w, https:\/\/kursy-udt.pl\/wp-content\/uploads\/2022\/09\/2-624x936.webp 624w, https:\/\/kursy-udt.pl\/wp-content\/uploads\/2022\/09\/2.webp 1067w\" sizes=\"auto, (max-width: 300px) 100vw, 300px\" \/><\/a><\/p>\n<h2><strong>Vous vous demandez \u00e0 quoi ressemble notre cours ?<\/strong><\/h2>\n<p>Par-dessus tout, nous nous soucions de la qualit\u00e9 de l'enseignement et de la satisfaction de nos \u00e9tudiants. Nous pensons que la th\u00e9orie et la pratique sont tout aussi importantes l'une que l'autre, c'est pourquoi nous nous concentrons \u00e9galement sur ces deux domaines. Nous utilisons des m\u00e9thodes d'enseignement qui activent les \u00e9tudiants et les encouragent \u00e0 participer activement aux cours. Nos sp\u00e9cialistes pr\u00e9pareront les \u00e9tudiants \u00e0 leurs examens et les doteront des comp\u00e9tences dont ils auront besoin sur le lieu de travail.<\/p>\n<h2><strong>Et qu'allez-vous apprendre pendant les cours ?<\/strong><\/h2>\n<p>Apr\u00e8s notre cours, vous poss\u00e9derez les connaissances professionnelles n\u00e9cessaires pour travailler en tant qu'op\u00e9rateur. Vous vous familiariserez avec les sujets suivants :<\/p>\n<ul>\n<li>Param\u00e8tres de base des grues,<\/li>\n<li>Les principaux assemblages de la grue de fret et de passagers,<\/li>\n<li>T\u00e2ches et responsabilit\u00e9s du liftier,<\/li>\n<li>R\u00e8gles de s\u00e9curit\u00e9 pour l'utilisation des grues \u00e0 marchandises et \u00e0 passagers.<\/li>\n<\/ul>\n<h2><strong>Voulez-vous savoir quels documents vous recevrez apr\u00e8s le cours et la r\u00e9ussite de l'examen ?<\/strong><\/h2>\n<p>\u00c0 l'issue du cours, vous recevrez un certificat de qualification et un certificat de formation (ach\u00e8vement du cours).<\/p>\n<h2><strong>Combien de temps dure notre cours ?<\/strong><\/h2>\n<p>La coop\u00e9ration est importante pour nous, c'est pourquoi nous adoptons toujours une approche individuelle et nous nous adaptons au client. La dur\u00e9e du cours d\u00e9pend de vos comp\u00e9tences.<\/p>\n<h2><strong>O\u00f9 se d\u00e9roulent nos cours ?<\/strong><\/h2>\n<p>Nous sommes pr\u00e9sents dans presque toutes les r\u00e9gions de Pologne ! C'est pourquoi nos cours sont si accessibles. Nous sommes dans des villes telles que :<\/p>\n<ul>\n<li>Varsovie,<\/li>\n<li>Cracovie,<\/li>\n<li>Katowice,<\/li>\n<li>\u0141\u00f3d\u017a,<\/li>\n<li>Wroc\u0142aw,<\/li>\n<li>Pozna\u0144,<\/li>\n<li>Gdansk,<\/li>\n<li>Gdynia,<\/li>\n<li>Szczecin,<\/li>\n<li>Bydgoszcz,<\/li>\n<li>Lublin,<\/li>\n<li>Bielsko-Bia\u0142a.<\/li>\n<\/ul>\n<p>Et ce n'est pas tout ! Dans le cas d'un besoin de formation impliquant un groupe organis\u00e9, nous nous d\u00e9pla\u00e7ons \u00e9galement chez vous, sur accord pr\u00e9alable, et organisons un cours ferm\u00e9. En outre, nous avons la possibilit\u00e9 de r\u00e9aliser la partie th\u00e9orique du cours en ligne !<\/p>\n<h2><strong>Pourquoi s'inscrire \u00e0 un cours pour ascenseurs de marchandises et de personnes (ascenseurs de marchandises et de personnes) chez ERGON ?<\/strong><\/h2>\n<p><a href=\"https:\/\/kursy-udt.pl\/wp-content\/uploads\/2022\/09\/3-5.jpeg\"><img loading=\"lazy\" decoding=\"async\" class=\"aligncenter wp-image-4406\" src=\"https:\/\/kursy-udt.pl\/wp-content\/uploads\/2022\/09\/3-5-300x200.jpeg\" alt=\"Image avec l\u00e9gende de cours\" width=\"750\" height=\"500\" srcset=\"https:\/\/kursy-udt.pl\/wp-content\/uploads\/2022\/09\/3-5-300x200.jpeg 300w, https:\/\/kursy-udt.pl\/wp-content\/uploads\/2022\/09\/3-5-1024x683.jpeg 1024w, https:\/\/kursy-udt.pl\/wp-content\/uploads\/2022\/09\/3-5-768x512.jpeg 768w, https:\/\/kursy-udt.pl\/wp-content\/uploads\/2022\/09\/3-5-1536x1024.jpeg 1536w, https:\/\/kursy-udt.pl\/wp-content\/uploads\/2022\/09\/3-5-18x12.jpeg 18w, https:\/\/kursy-udt.pl\/wp-content\/uploads\/2022\/09\/3-5-624x416.jpeg 624w, https:\/\/kursy-udt.pl\/wp-content\/uploads\/2022\/09\/3-5.jpeg 1600w\" sizes=\"auto, (max-width: 750px) 100vw, 750px\" \/><\/a><\/p>\n<p>Seuls les instructeurs exp\u00e9riment\u00e9s et qualifi\u00e9s ayant les bonnes qualifications et <a href=\"https:\/\/kursy-udt.pl\/fr\/uprawnienia-udt\/kategorie-uprawnien-2\/\">Dipl\u00f4mes UDT<\/a>. Nous sommes toujours au fait des connaissances du secteur, en particulier en ce qui concerne les r\u00e9glementations relatives \u00e0 l'UDT et \u00e0 la <a href=\"https:\/\/kursy-udt.pl\/fr\/szkolenia\/bhp-bezpieczenstwo-pracy\/prawna-ochrona-pracy\/\">Sant\u00e9 et s\u00e9curit\u00e9<\/a> les \u00e9quipements de stockage tels que les chariots \u00e9l\u00e9vateurs, les plates-formes, les grues, les palans, les grues ou les monte-charges et les monte-personnes. Les formateurs partagent leur exp\u00e9rience et vous pr\u00e9parent solidement \u00e0 l'examen UDT et au travail professionnel. Apr\u00e8s notre formation, vous n'aurez aucun mal \u00e0 trouver un emploi, compte tenu de la demande de grutiers pour le transport de marchandises et de personnes. Cela vaut la peine de s'investir et d'acqu\u00e9rir des qualifications suppl\u00e9mentaires. Nous voulons \u00e9voluer avec vous !<\/p>\n<h2><strong>L'examen UDT pour les grues de marchandises et de passagers est-il obligatoire ?<\/strong><\/h2>\n<p>Pour r\u00e9pondre aussi simplement que possible - OUI !  Les grues ne peuvent \u00eatre utilis\u00e9es que par des personnes poss\u00e9dant des qualifications actuelles obtenues par la r\u00e9ussite d'un examen d'\u00c9tat.<\/p>\n<p>N'oubliez pas que pour utiliser un monte-personne, \u00e9galement appel\u00e9 monte-charge, vous devez disposer d'un permis d'\u00c9tat valide, d\u00e9livr\u00e9 par l'UDT. Sans permis, m\u00eame si vous avez les comp\u00e9tences, vous ne devez pas les utiliser ! Chaque monte-charge et monte-personne doit faire l'objet d'une inspection UDT \u00e0 jour et avoir son num\u00e9ro d\u00e9livr\u00e9 par l'UDT et un autocollant correspondant.<\/p>\n<table border=\"1\">\n<tbody>\n<tr>\n<td width=\"300\"><u>Nom du cours :<\/u><\/td>\n<td width=\"300\">Cours sur les ascenseurs de fret et de passagers chez ERGON !<\/td>\n<\/tr>\n<tr>\n<td width=\"300\">O\u00f9 nous suivons le cours :<\/td>\n<td width=\"300\">Dans toute la Pologne !<\/td>\n<\/tr>\n<tr>\n<td width=\"300\">La tarification :<\/td>\n<td width=\"300\">Vous trouverez des informations d\u00e9taill\u00e9es sur le site Web du centre ERGON.<\/td>\n<\/tr>\n<\/tbody>\n<\/table>\n<p><a href=\"https:\/\/kursy-udt.pl\/wp-content\/uploads\/2022\/12\/69-Dzwigi-osobowe-towarowe-kursy-udt.pl_.png\"><img loading=\"lazy\" decoding=\"async\" class=\"aligncenter wp-image-4567\" src=\"https:\/\/kursy-udt.pl\/wp-content\/uploads\/2022\/12\/69-Dzwigi-osobowe-towarowe-kursy-udt.pl_-300x188.png\" alt=\"\" width=\"750\" height=\"469\" srcset=\"https:\/\/kursy-udt.pl\/wp-content\/uploads\/2022\/12\/69-Dzwigi-osobowe-towarowe-kursy-udt.pl_-300x188.png 300w, https:\/\/kursy-udt.pl\/wp-content\/uploads\/2022\/12\/69-Dzwigi-osobowe-towarowe-kursy-udt.pl_-1024x640.png 1024w, https:\/\/kursy-udt.pl\/wp-content\/uploads\/2022\/12\/69-Dzwigi-osobowe-towarowe-kursy-udt.pl_-768x480.png 768w, https:\/\/kursy-udt.pl\/wp-content\/uploads\/2022\/12\/69-Dzwigi-osobowe-towarowe-kursy-udt.pl_-18x12.png 18w, https:\/\/kursy-udt.pl\/wp-content\/uploads\/2022\/12\/69-Dzwigi-osobowe-towarowe-kursy-udt.pl_-624x390.png 624w, https:\/\/kursy-udt.pl\/wp-content\/uploads\/2022\/12\/69-Dzwigi-osobowe-towarowe-kursy-udt.pl_.png 1200w\" sizes=\"auto, (max-width: 750px) 100vw, 750px\" \/><\/a><\/p>","protected":false},"excerpt":{"rendered":"<p>D\u017awig towarowo-osobowy zajmuje si\u0119 podnoszeniem i zatrzymywaniem na okre\u015blonych poziomach. Dzia\u0142a jak wszystkie dobrze znane nam windy. Bez niego przenoszenie i podnoszenie pracownik\u00f3w jak i materia\u0142\u00f3w by\u0142oby niesamowicie utrudnione. Aby m\u00f3c obs\u0142ugiwa\u0107 to urz\u0105dzenie konieczne jest zdanie egzaminu UDT i otrzymanie uprawnie\u0144. Zapraszamy do ERGON, z nami z \u0142atwo\u015bci\u0105 zrobisz kurs i zostaniesz operatorem d\u017awigu! Zastanawiasz si\u0119 jak wygl\u0105da nasz kurs? Przede wszystkim, zale\u017cy nam na jako\u015bci nauczania oraz na zadowoleniu kursant\u00f3w. Uwa\u017camy, \u017ce zar\u00f3wno teoria, jak i praktyka s\u0105 r\u00f3wnie wa\u017cne, dlatego tak samo koncentrujemy si\u0119 na obu strefach. Korzystamy z metod dydaktycznych, kt\u00f3re aktywizuj\u0105 s\u0142uchaczy i zach\u0119caj\u0105 do czynnego udzia\u0142u w zaj\u0119ciach. Nasi specjali\u015bci przygotuj\u0105 kursant\u00f3w do egzaminu oraz wyposa\u017c\u0105 ich w umiej\u0119tno\u015bci niezb\u0119dne w miejscu pracy. A czego dowiesz si\u0119 na kursach? Po naszym kursie posi\u0105dziesz profesjonaln\u0105 wiedz\u0119, niezb\u0119dn\u0105 do pracy jako operator. Zapoznasz si\u0119 z nast\u0119puj\u0105cymi zagadnieniami: Podstawowe parametry d\u017awig\u00f3w, G\u0142\u00f3wne zespo\u0142y d\u017awigu towarowo-osobowego, Obowi\u0105zki i zadania obs\u0142uguj\u0105cego windy, Zasady bezpiecze\u0144stwa pracy przy obs\u0142udze d\u017awig\u00f3w towarowo-osobowych. Chcesz wiedzie\u0107 jakie dokumenty otrzymasz po kursie i zdanym egzaminie? Po uko\u0144czonym kurie otrzymasz \u015bwiadectwo kwalifikacji i za\u015bwiadczenie o przeszkoleniu (uko\u0144czeniu kursu). Ile trwa nasz kurs? Wa\u017cna jest dla nas wsp\u00f3\u0142praca, dlatego zawsze podchodzimy indywidualnie i dopasowujemy si\u0119 do klienta. D\u0142ugo\u015b\u0107 kursu jest zale\u017cna od Twoich umiej\u0119tno\u015bci. Gdzie prowadzimy kursy? Jeste\u015bmy na terenie niemal\u017ce ca\u0142ej Polski! Dlatego nasze kursy s\u0105 a\u017c tak dost\u0119pne. Jeste\u015bmy w takich miastach jak: Warszawa, Krak\u00f3w, Katowice, \u0141\u00f3d\u017a, Wroc\u0142aw, Pozna\u0144, Gda\u0144sk, Gdynia, Szczecin, Bydgoszcz, Lublin, Bielsko-Bia\u0142a. To nie wszystko! W przypadku potrzeby szkoleniowej, obejmuj\u0105cej grup\u0119 zorganizowan\u0105, dojedziemy tak\u017ce do Ciebie po [&hellip;]<\/p>\n","protected":false},"author":2,"featured_media":4406,"parent":2724,"menu_order":0,"comment_status":"closed","ping_status":"closed","template":"","meta":{"sfsi_plus_gutenberg_text_before_share":"","sfsi_plus_gutenberg_show_text_before_share":"","sfsi_plus_gutenberg_icon_type":"","sfsi_plus_gutenberg_icon_alignemt":"","sfsi_plus_gutenburg_max_per_row":"","footnotes":""},"class_list":["post-4403","page","type-page","status-publish","has-post-thumbnail","hentry","has_thumb"],"aioseo_notices":[],"_links":{"self":[{"href":"https:\/\/kursy-udt.pl\/fr\/wp-json\/wp\/v2\/pages\/4403","targetHints":{"allow":["GET"]}}],"collection":[{"href":"https:\/\/kursy-udt.pl\/fr\/wp-json\/wp\/v2\/pages"}],"about":[{"href":"https:\/\/kursy-udt.pl\/fr\/wp-json\/wp\/v2\/types\/page"}],"author":[{"embeddable":true,"href":"https:\/\/kursy-udt.pl\/fr\/wp-json\/wp\/v2\/users\/2"}],"replies":[{"embeddable":true,"href":"https:\/\/kursy-udt.pl\/fr\/wp-json\/wp\/v2\/comments?post=4403"}],"version-history":[{"count":4,"href":"https:\/\/kursy-udt.pl\/fr\/wp-json\/wp\/v2\/pages\/4403\/revisions"}],"predecessor-version":[{"id":5511,"href":"https:\/\/kursy-udt.pl\/fr\/wp-json\/wp\/v2\/pages\/4403\/revisions\/5511"}],"up":[{"embeddable":true,"href":"https:\/\/kursy-udt.pl\/fr\/wp-json\/wp\/v2\/pages\/2724"}],"wp:featuredmedia":[{"embeddable":true,"href":"https:\/\/kursy-udt.pl\/fr\/wp-json\/wp\/v2\/media\/4406"}],"wp:attachment":[{"href":"https:\/\/kursy-udt.pl\/fr\/wp-json\/wp\/v2\/media?parent=4403"}],"curies":[{"name":"wp","href":"https:\/\/api.w.org\/{rel}","templated":true}]}}