{"id":44,"date":"2014-02-10T17:16:46","date_gmt":"2014-02-10T17:16:46","guid":{"rendered":"http:\/\/kursy-udt.kwiaty0.pl\/?page_id=44"},"modified":"2020-06-02T21:27:21","modified_gmt":"2020-06-02T21:27:21","slug":"grues","status":"publish","type":"page","link":"https:\/\/kursy-udt.pl\/fr\/suwnice\/","title":{"rendered":"Cours sur les ponts roulants - obtenez la certification"},"content":{"rendered":"<div style=\"float: left; padding-right: 10px;\"><img loading=\"lazy\" decoding=\"async\" alt=\"cours de grue \u00e0 Varsovie\" src=\"\/wp-content\/uploads\/2014\/04\/suwnice.jpeg\" width=\"200\" height=\"150\" \/><\/div>\n<div class=\"wyjustuj\">Pour faire fonctionner les ponts roulants, qui sont des grues couramment utilis\u00e9es dans les transports et dans diverses industries, il faut disposer des \u00e9l\u00e9ments suivants <a href=\"https:\/\/kursy-udt.pl\/fr\/szkolenia\/kurs-na-suwnice\/\">cours pour portiques<\/a>. \u00c0 la fin du cours et apr\u00e8s avoir r\u00e9ussi l'examen, le participant au cours recevra un <a href=\"https:\/\/kursy-udt.pl\/fr\/uprawnienia-udt\/kategorie-uprawnien-2\/\">droits<\/a> pour les grues, conform\u00e9ment aux r\u00e8glements de l'autorit\u00e9 de contr\u00f4le technique \u00e0 laquelle l'\u00e9quipement est soumis.<\/p>\n<h2 class=\"naglowekh2\">Informations g\u00e9n\u00e9rales<\/h2>\n<p>Les ponts roulants sont des appareils class\u00e9s comme des grues qui fonctionnent en mouvement intermittent. Ils sont \u00e9quip\u00e9s de m\u00e9canismes d'abaissement ou de levage - soit des palans, soit des treuils. Les ponts roulants sont principalement con\u00e7us pour d\u00e9placer des marchandises horizontalement et verticalement. La zone d'action du dispositif est limit\u00e9e par la hauteur de la descente et de la mont\u00e9e des marchandises, la longueur de la trajectoire du dispositif et la largeur de son pont. L'\u00e9quipement peut \u00eatre command\u00e9 par une commande filaire ou sans fil. Les mod\u00e8les plus grands sont actionn\u00e9s par un op\u00e9rateur assis dans une cabine.<\/p>\n<h2 class=\"naglowekh2\">Conception des \u00e9quipements<\/h2>\n<ul>\n<li>Ponts roulants - principalement install\u00e9s dans les halls industriels. Ils sont \u00e9quip\u00e9s d'un palan qui se d\u00e9place le long d'un pont. Les mod\u00e8les de pont sont install\u00e9s dans la partie sup\u00e9rieure du hall et consistent en une plate-forme en treillis qui se d\u00e9place sur des rails<\/li>\n<li>Grues suspendues - de conception similaire aux grues sur rails, elles se d\u00e9placent sur des chemins de roulement suspendus \u00e0 la structure du toit du hall. Ils conviennent aux applications int\u00e9rieures o\u00f9 il faut utiliser au maximum l'espace disponible.<\/li>\n<li>Grues \u00e0 portique - il s'agit d'un mod\u00e8le souvent utilis\u00e9 en ext\u00e9rieur, par exemple sur les parcs de stockage ou les cales de chantier naval. Ces unit\u00e9s sont construites avec des plateformes suspendues \u00e0 des ponts lat\u00e9raux qui relient les portes entre elles. Les portiques sont \u00e9quip\u00e9s d'un ch\u00e2ssis sur rail ou sur roues.<\/li>\n<\/ul>\n<h2 class=\"naglowekh2\">Application<\/h2>\n<p>Comme mentionn\u00e9, les dispositifs sont principalement utilis\u00e9s pour le transport, par exemple dans les halls de production, les chantiers navals, les points de transbordement ou les entrep\u00f4ts. Gr\u00e2ce \u00e0 leur conception, ils permettent de manipuler rapidement et en toute s\u00e9curit\u00e9 diff\u00e9rents types de charges, en fonction des \u00e9l\u00e9ments de pr\u00e9hension utilis\u00e9s.<\/p>\n<h2 class=\"naglowekh2\">Droits<\/h2>\n<p>Pour utiliser des ponts roulants, qui sont command\u00e9s depuis le niveau de travail, \u00e9galement sans fil, ainsi que des \u00e9quipements command\u00e9s depuis une cabine, vous avez besoin d'un permis pour ponts roulants. La licence est accord\u00e9e apr\u00e8s avoir suivi un cours et pass\u00e9 un examen d'\u00c9tat devant une commission de l'Office d'inspection technique. La licence est accord\u00e9e pour une dur\u00e9e illimit\u00e9e et permet \u00e0 son titulaire d'utiliser des \u00e9quipements du type indiqu\u00e9 sur la licence.<\/p>\n<h2 class=\"naglowekh2\">Cat\u00e9gories d&#039;autorisation<\/h2>\n<ul>\n<li>II S - le droit d'utiliser des \u00e9quipements command\u00e9s depuis le niveau de travail, ainsi que les palans et treuils de la cat\u00e9gorie II W et les grues fixes d'atelier<\/li>\n<li>I S - autorisation d'utiliser des machines actionn\u00e9es par la cabine ainsi que des palans et des treuils selon les machines de la cat\u00e9gorie I W et de la cat\u00e9gorie II S<\/li>\n<\/ul>\n<p>Les ponts roulants sont des \u00e9quipements couramment utilis\u00e9s sur divers lieux de travail. Pour les faire fonctionner correctement, il est essentiel d'avoir les bonnes <a href=\"\/fr\/entrainement\/cours-pour-portiques\/\">kursu oraz uprawnie\u0144<\/a>. Pendant le cours, les participants re\u00e7oivent les informations les plus importantes li\u00e9es au fonctionnement de l'\u00e9quipement, y compris les messages relatifs aux r\u00e8gles de sant\u00e9 et de s\u00e9curit\u00e9 avant, pendant et apr\u00e8s le travail, afin de transporter correctement toutes les charges.<\/p>\n<p>Quel que soit le type de grue, l'op\u00e9rateur doit poss\u00e9der les qualifications requises. Sans elles, il s'expose \u00e0 des risques pour lui-m\u00eame et pour les autres travailleurs. Il incombe \u00e0 l'employeur de veiller \u00e0 ce que ses subordonn\u00e9s soient correctement form\u00e9s et \u00e0 ce que les conditions de travail soient conformes \u00e0 la l\u00e9gislation en vigueur <a href=\"https:\/\/kursy-udt.pl\/fr\/szkolenia\/bhp-bezpieczenstwo-pracy\/prawna-ochrona-pracy\/\">Sant\u00e9 et s\u00e9curit\u00e9<\/a>.<\/p>\n<\/div>\n<div class=\"button_styl\" style=\"float:right; padding-left:15px; padding-bottom:8px; margin-bottom:5px;\"><a href=\"https:\/\/platformaedukacji.pl\/login\/signup.php\" rel=\"nofollow noopener noreferrer\" target=\"_blank\" class=\"myButton myButton_maly\"><font color=\"white\">Inscrivez-vous \u00e0 la formation<\/font><\/a><\/div>","protected":false},"excerpt":{"rendered":"<p>Aby obs\u0142ugiwa\u0107 suwnice, czyli d\u017awignice wykorzystywane powszechnie w transporcie i r\u00f3\u017cnych ga\u0142\u0119ziach przemys\u0142u, wymagany jest kurs na suwnice. Po zako\u0144czeniu kursu i pozytywnym zdaniu egzaminu uczestnik kursu otrzymuje uprawnienia na suwnice zgodnie z przepisami Urz\u0119du Dozoru Technicznego, kt\u00f3remu urz\u0105dzenia te podlegaj\u0105. Informacje podstawowe Suwnice to urz\u0105dzenia zakwalifikowane do d\u017awignic, kt\u00f3re pracuj\u0105 w ruchu przerywanym. S\u0105 one wyposa\u017cone w mechanizmy opuszczania lub podnoszenia \u2013 wci\u0105gniki albo wci\u0105garki. Suwnice s\u0105 przeznaczone przede wszystkim do przemieszczania towar\u00f3w w poziomie oraz w pionie. Obszar dzia\u0142ania urz\u0105dzenia ograniczony jest przez wysoko\u015b\u0107 opuszczania i podnoszenia towar\u00f3w, d\u0142ugo\u015b\u0107 toru jazdy urz\u0105dzenia oraz szeroko\u015b\u0107 jej mostu. Urz\u0105dzenia mog\u0105 sterowane przewodowo lub bezprzewodowo. Wi\u0119ksze modele obs\u0142ugiwane s\u0105 przez operatora siedz\u0105cego w kabinie. Konstrukcje urz\u0105dze\u0144 suwnice pomostowe (natorowe) \u2013 s\u0105 montowane g\u0142\u00f3wnie w halach przemys\u0142owych. S\u0105 wyposa\u017cone w ci\u0119gnik poruszaj\u0105cy si\u0119 po pomo\u015bcie. Modele pomostowe s\u0105 instalowane w g\u00f3rnej cz\u0119\u015bci hali i sk\u0142adaj\u0105 si\u0119 z kratownicowego pomostu, kt\u00f3ry przemieszcza si\u0119 po szynach suwnice podwieszone \u2013 s\u0105 podobne w swojej konstrukcji do modeli natorowych, kt\u00f3re poruszaj\u0105 si\u0119 po torach jezdnych podwieszonych do konstrukcji dachu hali. Sprawdzaj\u0105 si\u0119 we wn\u0119trzach, w kt\u00f3rych nale\u017cy maksymalnie wykorzysta\u0107 dost\u0119pn\u0105 przestrze\u0144 suwnice bramowe \u2013 to model cz\u0119sto wykorzystywany na zewn\u0105trz, na przyk\u0142ad na sk\u0142adowiskach lub pochylniach stoczniowych. Urz\u0105dzenia te s\u0105 zbudowane z pomost\u00f3w zawieszonych na bocznych mostach wi\u0105\u017c\u0105cych bramy. Bramy posiadaj\u0105 szynowe lub ko\u0142owe podwozia Zastosowanie Jak zosta\u0142o wspomniane, urz\u0105dzenia wykorzystywane s\u0105 przede wszystkim w transporcie, na przyk\u0142ad w halach produkcyjnych, stoczniach, punktach prze\u0142adunkowych czy sk\u0142adowiskach. Dzi\u0119ki swojej konstrukcji umo\u017cliwiaj\u0105 szybkie i bezpieczne przenoszenie r\u00f3\u017cnego typu \u0142adunk\u00f3w zale\u017cnie od zastosowanych element\u00f3w [&hellip;]<\/p>\n","protected":false},"author":1,"featured_media":0,"parent":0,"menu_order":0,"comment_status":"closed","ping_status":"closed","template":"","meta":{"sfsi_plus_gutenberg_text_before_share":"","sfsi_plus_gutenberg_show_text_before_share":"","sfsi_plus_gutenberg_icon_type":"","sfsi_plus_gutenberg_icon_alignemt":"","sfsi_plus_gutenburg_max_per_row":"","footnotes":""},"class_list":["post-44","page","type-page","status-publish","hentry","has_thumb"],"aioseo_notices":[],"_links":{"self":[{"href":"https:\/\/kursy-udt.pl\/fr\/wp-json\/wp\/v2\/pages\/44","targetHints":{"allow":["GET"]}}],"collection":[{"href":"https:\/\/kursy-udt.pl\/fr\/wp-json\/wp\/v2\/pages"}],"about":[{"href":"https:\/\/kursy-udt.pl\/fr\/wp-json\/wp\/v2\/types\/page"}],"author":[{"embeddable":true,"href":"https:\/\/kursy-udt.pl\/fr\/wp-json\/wp\/v2\/users\/1"}],"replies":[{"embeddable":true,"href":"https:\/\/kursy-udt.pl\/fr\/wp-json\/wp\/v2\/comments?post=44"}],"version-history":[{"count":23,"href":"https:\/\/kursy-udt.pl\/fr\/wp-json\/wp\/v2\/pages\/44\/revisions"}],"predecessor-version":[{"id":3002,"href":"https:\/\/kursy-udt.pl\/fr\/wp-json\/wp\/v2\/pages\/44\/revisions\/3002"}],"wp:attachment":[{"href":"https:\/\/kursy-udt.pl\/fr\/wp-json\/wp\/v2\/media?parent=44"}],"curies":[{"name":"wp","href":"https:\/\/api.w.org\/{rel}","templated":true}]}}