{"id":4387,"date":"2022-09-26T09:25:51","date_gmt":"2022-09-26T09:25:51","guid":{"rendered":"https:\/\/kursy-udt.pl\/?page_id=4387"},"modified":"2023-03-20T23:24:16","modified_gmt":"2023-03-20T22:24:16","slug":"cours-sur-les-declarations-de-fret","status":"publish","type":"page","link":"https:\/\/kursy-udt.pl\/fr\/szkolenia\/udt-wdt-tdt\/wyciagi-towarowe-kurs\/","title":{"rendered":"Cours de conducteur de monte-charge"},"content":{"rendered":"<div class=\"wp-block-image\">\n<figure class=\"alignright size-large is-resized\"><img loading=\"lazy\" decoding=\"async\" src=\"https:\/\/kursy-udt.pl\/wp-content\/uploads\/2022\/09\/images.jpeg\" alt=\"formation professionnelle\" width=\"215\" height=\"398\"\/><\/figure>\n<\/div>\n\n\n<p>La formation dispens\u00e9e par notre entreprise pr\u00e9pare les participants \u00e0 un emploi de conducteur de monte-charge. Avec des qualifications non seulement dans l'exploitation mais aussi dans la maintenance, vous serez plus facilement employable l\u00e0 o\u00f9 les monte-charges sont utilis\u00e9s. Vous acquerrez des connaissances sur le fonctionnement et l'entretien des monte-charges fixes, mobiles et portables et des \u00e9l\u00e9vateurs de navires.&nbsp;<\/p>\n\n\n\n<h2 class=\"wp-block-heading\">Programme de formation&nbsp;<\/h2>\n\n\n\n<p>Le cours couvrira des sujets tels que&nbsp;<\/p>\n\n\n\n<ul class=\"wp-block-list\">\n<li>la construction et les syst\u00e8mes individuels de transport de marchandises,&nbsp;<\/li>\n\n\n\n<li>les responsabilit\u00e9s de l'op\u00e9rateur de monte-charge,&nbsp;<\/li>\n\n\n\n<li>la l\u00e9gislation,&nbsp;<\/li>\n\n\n\n<li>la s\u00e9curit\u00e9 lors de l'ex\u00e9cution des travaux,&nbsp;<\/li>\n\n\n\n<li>le fonctionnement et l'utilisation des extraits de produits de base,&nbsp;<\/li>\n\n\n\n<li>des activit\u00e9s pratiques.&nbsp;<\/li>\n<\/ul>\n\n\n\n<h2 class=\"wp-block-heading\">R\u00e9ception des droits&nbsp;<\/h2>\n\n\n\n<p>Apr\u00e8s avoir r\u00e9ussi l'examen, chaque participant recevra un certificat de qualification l'autorisant \u00e0 utiliser des engins de manutention. Ce certificat est d\u00e9livr\u00e9 par le Bureau de contr\u00f4le technique et est valable 10 ans.&nbsp;<\/p>\n\n\n\n<h2 class=\"wp-block-heading\">Avantages de la formation&nbsp;<\/h2>\n\n\n\n<p>Dans notre entreprise, les cours de formation sont dispens\u00e9s par du personnel sp\u00e9cialis\u00e9. L'objectif des cours est de pr\u00e9parer les participants \u00e0 l'examen d'\u00c9tat confirmant leurs qualifications. Les cours de formation comprennent une partie th\u00e9orique et une partie pratique. Cela permet aux participants d'assimiler mieux et plus efficacement les connaissances transmises. Nous formons les stagiaires \u00e0 l'obtention d'un certificat de conducteur de monte-charge. Cette qualification permet aux participants d'utiliser des monte-charges stationnaires, mobiles ou mobiles. \u00c0 l'issue de la formation, les participants peuvent se pr\u00e9senter \u00e0 un examen d'\u00c9tat. Celui-ci est organis\u00e9 par une commission d\u00e9sign\u00e9e par l'UDT. En cas de r\u00e9ussite \u00e0 l'examen, les participants re\u00e7oivent un certificat personnel d\u00e9livr\u00e9 par l'office.&nbsp;<\/p>\n\n\n\n<h2 class=\"wp-block-heading\">Qui peut participer au cours et comment s'inscrire ?&nbsp;<\/h2>\n\n\n\n<p>Une personne qui remplit les conditions suivantes peut suivre le cours :&nbsp;<\/p>\n\n\n\n<ul class=\"wp-block-list\">\n<li>est \u00e2g\u00e9 de plus de 18 ans,&nbsp;<\/li>\n\n\n\n<li>a au moins un niveau d'\u00e9ducation primaire,&nbsp;<\/li>\n\n\n\n<li>est titulaire d'un permis de conduire de cat\u00e9gorie B.&nbsp;<\/li>\n<\/ul>\n\n\n\n<p>Pour vous inscrire \u00e0 une formation, veuillez nous contacter.&nbsp;<\/p>\n\n\n\n<h2 class=\"wp-block-heading\">Caract\u00e9ristiques des monte-charges&nbsp;<\/h2>\n\n\n\n<p>Un monte-charge est une plate-forme qui se d\u00e9place le long d'un m\u00e2t. Par son aspect ou sa conception, il ressemble \u00e0 une \u00e9chelle. Les monte-charges permettent de transporter des mat\u00e9riaux de construction \u00e0 des niveaux plus \u00e9lev\u00e9s. On distingue les monte-charges lin\u00e9aires et les monte-charges \u00e0 cha\u00eene.&nbsp;&nbsp;<\/p>\n\n\n\n<h2 class=\"wp-block-heading\">Conditions d'utilisation des monte-charges&nbsp;<\/h2>\n\n\n<div class=\"wp-block-image\">\n<figure class=\"alignright size-large is-resized\"><img loading=\"lazy\" decoding=\"async\" src=\"https:\/\/kursy-udt.pl\/wp-content\/uploads\/2022\/09\/wyciag-winda-budowlana-scanclimber-mpt-600-wroclaw-524652345.jpeg\" alt=\"fonctionnement de l&#039;\u00e9quipement\" width=\"411\" height=\"277\"\/><\/figure>\n<\/div>\n\n\n<p>Tous les monte-charges sont des \u00e9quipements soumis au contr\u00f4le technique. Les appareils de manutention d'une capacit\u00e9 de charge inf\u00e9rieure ou \u00e9gale \u00e0 250 kg, \u00e0 l'exception de ceux utilis\u00e9s pour le d\u00e9placement de personnes, sont soumis \u00e0 un contr\u00f4le technique simplifi\u00e9. Il n'est pas n\u00e9cessaire de notifier ces appareils au bureau de contr\u00f4le technique et de les faire tester. Toutefois, il est n\u00e9cessaire de veiller \u00e0 ce qu'ils soient entretenus et utilis\u00e9s par des personnes d\u00fbment qualifi\u00e9es qui ont <a href=\"https:\/\/kursy-udt.pl\/fr\/uprawnienia-udt\/kategorie-uprawnien-2\/\">droits<\/a>. Les \u00e9quipements techniques soumis \u00e0 une surveillance technique doivent \u00eatre utilis\u00e9s conform\u00e9ment aux instructions et \u00e0 l'usage pr\u00e9vu.&nbsp;<\/p>\n\n\n\n<h2 class=\"wp-block-heading\">R\u00e8gles \u00e0 respecter&nbsp;<\/h2>\n\n\n\n<p>L'op\u00e9rateur doit fournir \u00e0 l'appareil des instructions d'utilisation fixes. Ce mode d'emploi est bas\u00e9 sur les instructions d'utilisation de l'appareil et doit \u00eatre \u00e0 la disposition de la personne qui utilise l'appareil. L'exploitant doit \u00e9galement veiller \u00e0 ce que l'appareil soit correctement entretenu afin qu'il puisse \u00eatre utilis\u00e9 en toute s\u00e9curit\u00e9. Les inspections d'entretien doivent \u00eatre effectu\u00e9es au moins dans les d\u00e9lais sp\u00e9cifi\u00e9s dans l'arr\u00eat\u00e9 du ministre de l'Entrepreneuriat et de la Technologie du 30 octobre 2018. Si le fabricant de l'\u00e9quipement a sp\u00e9cifi\u00e9 un d\u00e9lai diff\u00e9rent pour ces inspections, il doit \u00eatre respect\u00e9.&nbsp;<\/p>\n\n\n\n<p>Chaque \u00e9quipement devrait disposer d'un carnet d'entretien dans lequel les r\u00e9parations effectu\u00e9es devraient \u00eatre consign\u00e9es.&nbsp;<\/p>\n\n\n\n<p><strong>IMPORTANT !<\/strong> Lorsqu'il s'agit d'un \u00e9quipement neuf, un exercice d'enregistrement est n\u00e9cessaire. Dans les autres cas, seul un test d'acceptation est effectu\u00e9. Lorsque le r\u00e9sultat du test est positif, l'inspecteur du Bureau de contr\u00f4le technique \u00e9met un rapport de test et une d\u00e9cision autorisant l'utilisation de l'appareil. Apr\u00e8s un tel contr\u00f4le, l'utilisateur re\u00e7oit par courrier un carnet de contr\u00f4le ainsi qu'une facture pour le contr\u00f4le effectu\u00e9. Les co\u00fbts de l'examen comprennent un \u00e9ventuel d\u00e9placement de l'inspecteur sur l'appareil. Une fois les \u00e9tapes susmentionn\u00e9es franchies, l'appareil est inscrit dans les registres du service comp\u00e9tent du Bureau de contr\u00f4le technique.&nbsp;<\/p>\n\n\n\n<h2 class=\"wp-block-heading\">Types de tests n\u00e9cessaires en cours d'exploitation&nbsp;<\/h2>\n\n\n<div class=\"wp-block-image\">\n<figure class=\"alignright size-large is-resized\"><img loading=\"lazy\" decoding=\"async\" src=\"https:\/\/kursy-udt.pl\/wp-content\/uploads\/2022\/09\/3-4.jpeg\" alt=\"monte-charge\" width=\"266\" height=\"400\"\/><\/figure>\n<\/div>\n\n\n<p>L'appareil test\u00e9 doit \u00eatre techniquement sain. Il doit \u00e9galement \u00eatre assembl\u00e9 et pr\u00e9par\u00e9 conform\u00e9ment aux conditions fix\u00e9es dans le r\u00e8glement et le mode d'emploi. L'op\u00e9rateur est tenu d'assurer des conditions de s\u00e9curit\u00e9 pour la r\u00e9alisation de l'essai, de pr\u00e9parer le lieu de l'essai, ainsi que les instruments et les charges n\u00e9cessaires. Il doit \u00e9galement s'assurer de la pr\u00e9sence d'une personne charg\u00e9e de la maintenance et d'un op\u00e9rateur, qui doivent \u00eatre des personnes poss\u00e9dant les qualifications appropri\u00e9es. Les essais sont effectu\u00e9s dans les locaux de l'utilisateur. Pendant l'essai, l'op\u00e9rateur ou son mandataire doit \u00eatre pr\u00e9sent. En cas, par exemple, de conditions inad\u00e9quates pour la r\u00e9alisation des essais, l'inspecteur peut refuser d'effectuer les essais.&nbsp;<\/p>\n\n\n\n<figure class=\"wp-block-table\"><table><tbody><tr><td>Quels sont les tests auxquels sont soumis les \u00e9quipements techniques au cours de leur fonctionnement ?&nbsp;<\/td><\/tr><tr><td>Enqu\u00eates de suivi ad hoc.&nbsp;<br>Tests ad hoc en cours d'emploi.&nbsp;<br>Enqu\u00eates ad hoc apr\u00e8s un accident ou une d\u00e9faillance.&nbsp;<\/td><\/tr><\/tbody><\/table><\/figure>\n\n\n\n<h2 class=\"wp-block-heading\">Notre offre<\/h2>\n\n\n\n<p>Nous vous invitons \u00e0 d\u00e9couvrir l'offre de notre entreprise ! Nous organisons des formations <a href=\"https:\/\/kursy-udt.pl\/fr\/szkolenia\/bhp-bezpieczenstwo-pracy\/prawna-ochrona-pracy\/\">Sant\u00e9 et s\u00e9curit\u00e9<\/a> et EPI, ainsi que des cours sp\u00e9cialis\u00e9s pour l'op\u00e9rateur et la maintenance des \u00e9quipements UDT tels que les chariots \u00e9l\u00e9vateurs, les plates-formes mobiles, les grues et les chariots t\u00e9lescopiques.&nbsp;<\/p>\n\n\n\n<p>Nous proposons \u00e9galement un service professionnel pour les machines UDT, l'entretien, la modernisation, la vente de mat\u00e9riel neuf et d'occasion et la possibilit\u00e9 de louer un chariot \u00e9l\u00e9vateur \u00e0 fourche ou une plate-forme \u00e9l\u00e9vatrice \u00e0 ciseaux.&nbsp;<\/p>","protected":false},"excerpt":{"rendered":"<p>Szkolenie w naszej firmie przygotowuje jego uczestnik\u00f3w do podj\u0119cia pracy na stanowisku operatora wyci\u0105g\u00f3w towarowych. Dzi\u0119ki uprawnieniom z zakresu nie tylko obs\u0142ugi, ale tak\u017ce konserwacji urz\u0105dze\u0144, b\u0119dziesz mie\u0107 wi\u0119ksze mo\u017cliwo\u015bci zatrudnienia tam, gdzie wykorzystywane s\u0105 wyci\u0105gi towarowe. Zdob\u0119dziesz wiedz\u0119 z zakresu obs\u0142ugi i konserwacji wyci\u0105g\u00f3w towarowych stacjonarnych, przewo\u017anych, przeno\u015bnych i wyci\u0105g\u00f3w statk\u00f3w.&nbsp; Program szkolenia&nbsp; Na zaj\u0119ciach zostan\u0105 om\u00f3wione takie tematy jak:&nbsp; Otrzymanie uprawnie\u0144&nbsp; Po pozytywnym wyniku egzaminu ka\u017cdy uczestnik dostanie za\u015bwiadczenie kwalifikacyjne uprawniaj\u0105ce do obs\u0142ugi urz\u0105dze\u0144 transportu bliskiego. Takie za\u015bwiadczenie wydaje Urz\u0105d Dozoru Technicznego i jest wa\u017cne 10 lat.&nbsp; Zalety szkolenia&nbsp; Szkolenia w naszej firmie prowadz\u0105 wyspecjalizowani pracownicy. Celem kurs\u00f3w jest przygotowanie uczestnik\u00f3w do pa\u0144stwowego egzaminu potwierdzaj\u0105cego ich kwalifikacje. Szkolenia obejmuj\u0105 zar\u00f3wno cz\u0119\u015b\u0107 teoretyczn\u0105 oraz praktyczn\u0105. Dzi\u0119ki temu ich uczestnicy lepiej i skuteczniej przyswoj\u0105 przekazywan\u0105 wiedz\u0119. Szkolimy kursant\u00f3w do uzyskania uprawnie\u0144 na operatora wyci\u0105g\u00f3w towarowych. Dzi\u0119ki otrzymanym dokumentom, uczestnicy mog\u0105 obs\u0142ugiwa\u0107 wyci\u0105gi towarowe stacjonarne, przeno\u015bne oraz przewo\u017ane. Sko\u0144czenie kursu daje uczestnikom mo\u017cliwo\u015b\u0107 przyst\u0105pienia do pa\u0144stwowego egzaminu. Jest on przeprowadzany przez komisj\u0119 powo\u0142an\u0105 przez UDT. Pozytywny wynik egzaminu pozwala na otrzymanie imiennego za\u015bwiadczenia, kt\u00f3re wydaje urz\u0105d.&nbsp; Kto mo\u017ce uczestniczy\u0107 w kursie oraz jak si\u0119 na niego zapisa\u0107?&nbsp; Do kursu mo\u017ce podej\u015b\u0107 osoba, kt\u00f3ra spe\u0142nia nast\u0119puj\u0105ce warunki:&nbsp; Aby zapisa\u0107 si\u0119 na szkolenie, zapraszamy do kontaktu.&nbsp; Charakterystyka wyci\u0105g\u00f3w towarowych&nbsp; Wyci\u0105g towarowy to platforma, kt\u00f3ra przesuwana jest po maszcie. Swoim wygl\u0105dem czy konstrukcj\u0105 przypomina drabin\u0119. Dzi\u0119ki wyci\u0105gom towarowym mo\u017cemy transportowa\u0107 materia\u0142y budowlane na wy\u017csze poziomy. Mo\u017cemy wyr\u00f3\u017cni\u0107 wyci\u0105gi towarowe liniowe i \u0142a\u0144cuchowe.&nbsp;&nbsp; Warunki eksploatacji wyci\u0105g\u00f3w towarowych&nbsp; Wszystkie wyci\u0105gi towarowe to urz\u0105dzenia, kt\u00f3re podlegaj\u0105 dozorowi technicznemu. Urz\u0105dzenia transportu bliskiego, kt\u00f3rych [&hellip;]<\/p>\n","protected":false},"author":6,"featured_media":4388,"parent":2721,"menu_order":0,"comment_status":"closed","ping_status":"closed","template":"","meta":{"sfsi_plus_gutenberg_text_before_share":"","sfsi_plus_gutenberg_show_text_before_share":"","sfsi_plus_gutenberg_icon_type":"","sfsi_plus_gutenberg_icon_alignemt":"","sfsi_plus_gutenburg_max_per_row":"","footnotes":""},"class_list":["post-4387","page","type-page","status-publish","has-post-thumbnail","hentry","has_thumb"],"aioseo_notices":[],"_links":{"self":[{"href":"https:\/\/kursy-udt.pl\/fr\/wp-json\/wp\/v2\/pages\/4387","targetHints":{"allow":["GET"]}}],"collection":[{"href":"https:\/\/kursy-udt.pl\/fr\/wp-json\/wp\/v2\/pages"}],"about":[{"href":"https:\/\/kursy-udt.pl\/fr\/wp-json\/wp\/v2\/types\/page"}],"author":[{"embeddable":true,"href":"https:\/\/kursy-udt.pl\/fr\/wp-json\/wp\/v2\/users\/6"}],"replies":[{"embeddable":true,"href":"https:\/\/kursy-udt.pl\/fr\/wp-json\/wp\/v2\/comments?post=4387"}],"version-history":[{"count":4,"href":"https:\/\/kursy-udt.pl\/fr\/wp-json\/wp\/v2\/pages\/4387\/revisions"}],"predecessor-version":[{"id":5583,"href":"https:\/\/kursy-udt.pl\/fr\/wp-json\/wp\/v2\/pages\/4387\/revisions\/5583"}],"up":[{"embeddable":true,"href":"https:\/\/kursy-udt.pl\/fr\/wp-json\/wp\/v2\/pages\/2721"}],"wp:featuredmedia":[{"embeddable":true,"href":"https:\/\/kursy-udt.pl\/fr\/wp-json\/wp\/v2\/media\/4388"}],"wp:attachment":[{"href":"https:\/\/kursy-udt.pl\/fr\/wp-json\/wp\/v2\/media?parent=4387"}],"curies":[{"name":"wp","href":"https:\/\/api.w.org\/{rel}","templated":true}]}}