{"id":4280,"date":"2022-09-13T12:22:54","date_gmt":"2022-09-13T12:22:54","guid":{"rendered":"https:\/\/kursy-udt.pl\/?page_id=4280"},"modified":"2023-03-20T20:21:45","modified_gmt":"2023-03-20T19:21:45","slug":"la-manutention-des-grues","status":"publish","type":"page","link":"https:\/\/kursy-udt.pl\/fr\/szkolenia\/udt-wdt-tdt\/operowanie-dzwigami\/","title":{"rendered":"Cours de conduite de grue de chantier"},"content":{"rendered":"<div class=\"wp-block-image\">\n<figure class=\"alignright size-large is-resized\"><img loading=\"lazy\" decoding=\"async\" src=\"https:\/\/kursy-udt.pl\/wp-content\/uploads\/2022\/09\/2-4.jpeg\" alt=\"grue pour le transport de marchandises et de passagers\" width=\"246\" height=\"369\"\/><\/figure>\n<\/div>\n\n\n<p>Dans notre centre, nous organisons une formation pour les op\u00e9rateurs de grues de chantier, de grues \u00e0 marchandises et \u00e0 passagers et de monte-charges. Nous adaptons la date et le lieu \u00e0 vos besoins ! Toutefois, si vous disposez de votre propre \u00e9quipement et que vous souhaitez former vos employ\u00e9s, nous pouvons organiser la formation dans les locaux de votre entreprise ou sur un site de construction sp\u00e9cifique dans toute la Pologne.\u00a0\u00a0<\/p>\n\n\n\n<h2 class=\"wp-block-heading\">Offre de formation&nbsp;<\/h2>\n\n\n\n<p>Les personnes int\u00e9ress\u00e9es \u00e0 travailler comme op\u00e9rateur d'ascenseur doivent suivre la formation appropri\u00e9e et passer un examen afin d'obtenir un <a href=\"https:\/\/kursy-udt.pl\/fr\/uprawnienia-udt\/kategorie-uprawnien-2\/\">droits<\/a> d\u00e9livr\u00e9 par le bureau de contr\u00f4le technique. Dans notre centre, nous vous aiderons \u00e0 accomplir les formalit\u00e9s et r\u00e9pondrons \u00e0 toutes vos questions. Pendant les cours th\u00e9oriques et pratiques, nous vous enseignerons les comp\u00e9tences n\u00e9cessaires \u00e0 votre futur travail. Le champ th\u00e9matique de la formation comprend, entre autres, les \u00e9l\u00e9ments suivants&nbsp;<\/p>\n\n\n\n<ul class=\"wp-block-list\">\n<li>pratiques d'utilisation des grues,&nbsp;<\/li>\n\n\n\n<li><a href=\"https:\/\/kursy-udt.pl\/fr\/szkolenia\/bhp-bezpieczenstwo-pracy\/prawna-ochrona-pracy\/\">Sant\u00e9 et s\u00e9curit\u00e9<\/a>,&nbsp;<\/li>\n\n\n\n<li>les pouvoirs et la l\u00e9gislation,&nbsp;<\/li>\n\n\n\n<li>l'utilisation de grues conform\u00e9ment \u00e0 la r\u00e9glementation de l'UDT,&nbsp;<\/li>\n\n\n\n<li>la construction des grues et leur classification,&nbsp;<\/li>\n\n\n\n<li>les responsabilit\u00e9s de l'op\u00e9rateur,&nbsp;<\/li>\n\n\n\n<li>le fonctionnement des grues.&nbsp;<\/li>\n<\/ul>\n\n\n\n<h2 class=\"wp-block-heading\">Cours de formation&nbsp;<\/h2>\n\n\n\n<p>Toutes les questions importantes relatives aux grues de construction seront abord\u00e9es au cours de la formation afin que vous puissiez \u00eatre s\u00fbr de r\u00e9ussir l'examen. La formation sera dispens\u00e9e par un personnel enseignant qualifi\u00e9 et exp\u00e9riment\u00e9. Au cours de la formation, nous aborderons la s\u00e9curit\u00e9 au travail et les questions relatives \u00e0 l'entretien et \u00e0 la v\u00e9rification de l'\u00e9tat de la grue, conform\u00e9ment aux directives \u00e9nonc\u00e9es dans le manuel de l'op\u00e9rateur. Vous apprendrez \u00e0 v\u00e9rifier, entre autres, le tableau de commande, la signalisation, les dispositifs de s\u00e9curit\u00e9, l'\u00e9clairage et la signalisation. L'entretien r\u00e9gulier est extr\u00eamement important et doit \u00eatre effectu\u00e9 conform\u00e9ment aux r\u00e8gles de supervision technique. Ces mesures vous permettront de vous assurer que la grue ne perdra pas son permis d'exploitation lors de la prochaine inspection.&nbsp;<\/p>\n\n\n\n<figure class=\"wp-block-image size-large is-resized\"><img loading=\"lazy\" decoding=\"async\" src=\"https:\/\/kursy-udt.pl\/wp-content\/uploads\/2022\/09\/3-2.jpeg\" alt=\"ouvrier de chantier\" width=\"760\" height=\"505\"\/><\/figure>\n\n\n\n<h2 class=\"wp-block-heading\">Conditions de participation au cours&nbsp;<\/h2>\n\n\n\n<p>Toute personne souhaitant suivre notre formation doit \u00eatre \u00e2g\u00e9e d'au moins 18 ans et avoir suivi au minimum une scolarit\u00e9 primaire. Vous devez \u00e9galement ne pr\u00e9senter aucune contre-indication de sant\u00e9 pour travailler \u00e0 un poste particulier.&nbsp;&nbsp;<\/p>\n\n\n\n<h2 class=\"wp-block-heading\">Dates disponibles&nbsp;<\/h2>\n\n\n\n<p>La formation aura lieu \u00e0 la date et \u00e0 l'heure qui vous conviendront \u00e0 l'avance. Nous organisons \u00e9galement des cours le week-end et le soir.&nbsp;&nbsp;&nbsp;<\/p>\n\n\n\n<h2 class=\"wp-block-heading\">Droits&nbsp;<\/h2>\n\n\n\n<p>Le cours comprend une partie th\u00e9orique et une partie pratique. L'ensemble de la formation se termine par un examen devant une commission du Bureau d'inspection technique. La r\u00e9ussite de l'examen vous permet d'obtenir un permis de grutier. Nous d\u00e9livrons un certificat de fin de cours et vous aidons \u00e0 accomplir les formalit\u00e9s apr\u00e8s l'examen.&nbsp;<\/p>\n\n\n\n<h2 class=\"wp-block-heading\">Validit\u00e9 des indemnit\u00e9s&nbsp;<\/h2>\n\n\n\n<p>Les autorisations sous forme de certificat de qualification d\u00e9livr\u00e9 par le Bureau de contr\u00f4le technique sont valables pour une p\u00e9riode de 10 ans. Une demande de renouvellement doit \u00eatre introduite au moins trois mois avant la date d'expiration. La condition pr\u00e9alable au renouvellement de l'autorisation est l'attestation que vous avez travaill\u00e9 en tant qu'op\u00e9rateur pendant au moins 3 ans au cours des 5 derni\u00e8res ann\u00e9es.&nbsp;&nbsp;&nbsp;<\/p>\n\n\n\n<h2 class=\"wp-block-heading\">Prix&nbsp;<\/h2>\n\n\n\n<p>Nous proposons des prix tr\u00e8s attractifs, que vous pouvez v\u00e9rifier en nous contactant par t\u00e9l\u00e9phone. Il est possible de <a href=\"https:\/\/kursy-udt.pl\/fr\/kontakt\/\">n\u00e9gociation des prix<\/a> pour les formations de groupe !&nbsp;&nbsp;<\/p>\n\n\n\n<figure class=\"wp-block-image size-large is-resized\"><img loading=\"lazy\" decoding=\"async\" src=\"https:\/\/kursy-udt.pl\/wp-content\/uploads\/2022\/09\/1.webp\" alt=\"op\u00e9rateur de grue de construction\" width=\"739\" height=\"554\"\/><\/figure>\n\n\n\n<h2 class=\"wp-block-heading\">Types de grues&nbsp;<\/h2>\n\n\n\n<p>En r\u00e8gle g\u00e9n\u00e9rale, les services d'ascenseurs comprennent les ascenseurs pour passagers, les ascenseurs pour passagers et marchandises, ainsi que les ascenseurs de chantier, de th\u00e9\u00e2tre, d'h\u00f4pital et les ascenseurs sp\u00e9ciaux. En fonction de l'entra\u00eenement, on distingue les ascenseurs \u00e9lectriques et les ascenseurs hydrauliques. Les ascenseurs hydrauliques sont entra\u00een\u00e9s par une pompe, tandis que les ascenseurs \u00e9lectriques fonctionnent gr\u00e2ce \u00e0 un treuil mis en mouvement par un moteur.&nbsp;<\/p>\n\n\n\n<p>Des autorisations sont accord\u00e9es par le Bureau d'inspection technique pour les types de grues suivants :&nbsp;<\/p>\n\n\n\n<ul class=\"wp-block-list\">\n<li>les grues de construction,&nbsp;<\/li>\n\n\n\n<li>grues d'h\u00f4pitaux,&nbsp;<\/li>\n\n\n\n<li>le fret et la manutention avec les contr\u00f4les internes.\u00a0<\/li>\n<\/ul>\n\n\n\n<p>Grues <strong>construction<\/strong> se trouvent sur les chantiers de construction. Ils sont utilis\u00e9s pour le transport vertical de mat\u00e9riaux de construction lourds sur une plate-forme qui se d\u00e9place le long de guides verticaux et parfois l\u00e9g\u00e8rement inclin\u00e9s.&nbsp;&nbsp;<\/p>\n\n\n\n<p>Grues <strong>personnel<\/strong> sont con\u00e7us pour permettre le transport vertical de personnes vers des \u00e9tages sup\u00e9rieurs dans une cabine sp\u00e9ciale qui se d\u00e9place en ligne avec des guides verticaux rigides.&nbsp;&nbsp;<\/p>\n\n\n\n<p><strong>Fret<\/strong> ne transportent pas de passagers dans la cabine et ne desservent que des arr\u00eats sp\u00e9cifiques. Ils sont construits de telle sorte qu'ils ne peuvent accueillir qu'une charge transport\u00e9e verticalement. Certains monte-charges sont des ascenseurs dans lesquels les personnes n'ont pas le droit d'entrer dans la cabine. La raison en est la garantie de l'hygi\u00e8ne dans l'industrie alimentaire. Ils sont \u00e9galement utilis\u00e9s dans l'industrie de la construction et dans le commerce.&nbsp;&nbsp;<\/p>\n\n\n\n<p>Ascenseurs <strong>fret et passagers <\/strong>est utilis\u00e9 pour d\u00e9placer des marchandises, y compris les personnes charg\u00e9es du chargement et du d\u00e9chargement.\u00a0\u00a0<\/p>\n\n\n\n<p>Grues <strong>h\u00f4pital<\/strong> sont utilis\u00e9s pour transporter des lits d'h\u00f4pitaux, du mat\u00e9riel m\u00e9dical et des personnes. Ils sont \u00e9quip\u00e9s de dispositifs permettant la conduite prioritaire.&nbsp;<\/p>\n\n\n\n<h2 class=\"wp-block-heading\">Bon \u00e0 savoir&nbsp;<\/h2>\n\n\n\n<p>Un \u00e9quipement destin\u00e9 \u00e0 \u00eatre utilis\u00e9 sur un chantier de construction doit disposer d'un permis d'exploitation en cours de validit\u00e9 pour pouvoir \u00eatre utilis\u00e9 l\u00e9galement. Ce certificat est d\u00e9livr\u00e9 par le Bureau d'inspection technique. Pour l'obtenir, il faut d\u00e9poser une demande \u00e9crite d'examen technique. Il s'agit d'un permis temporaire qui doit \u00eatre renouvel\u00e9. Il est donc conseill\u00e9 de tenir un registre consciencieux de toutes les r\u00e9parations effectu\u00e9es sur la grue, ainsi que de toutes les activit\u00e9s d'entretien.&nbsp;<\/p>\n\n\n\n<p>Les grutiers ont de bonnes chances de trouver un emploi apr\u00e8s la formation en raison de la demande croissante de travailleurs dans ce secteur. D\u00e9veloppez vos qualifications avec notre aide. Vous pouvez consulter l'offre d\u00e9taill\u00e9e sur le site web.<br>\u00a0<\/p>\n\n\n\n<figure class=\"wp-block-image size-large is-resized\"><img loading=\"lazy\" decoding=\"async\" src=\"https:\/\/kursy-udt.pl\/wp-content\/uploads\/2022\/12\/Reklama-Na-Kursy-7-1.png\" alt=\"Cours ERGON\" width=\"770\" height=\"481\"\/><\/figure>","protected":false},"excerpt":{"rendered":"<p>W naszym o\u015brodku przeprowadzamy kurs na operator\u00f3w d\u017awig\u00f3w budowlanych, towarowo\u2013osobowych oraz wyci\u0105g\u00f3w towarowych. Termin i miejsce dostosujemy do Twoich potrzeb! Je\u015bli jednak posiadasz w\u0142asny sprz\u0119t i chcia\u0142by\u015b wyszkoli\u0107 swoich pracownik\u00f3w, jeste\u015bmy w stanie przeprowadzi\u0107 szkolenie w siedzibie Twojej firmy lub na okre\u015blonym placu budowy na terenie ca\u0142ej Polski.\u00a0\u00a0 Oferta szkolenia&nbsp; Osoby zainteresowane prac\u0105 w charakterze operatora windy musz\u0105 uko\u0144czy\u0107 odpowiednie szkolenie oraz zda\u0107 egzamin, aby uzyska\u0107 uprawnienia wydawane przez Urz\u0119du Dozoru Technicznego. W naszym o\u015brodku pomo\u017cemy Ci zaj\u0105\u0107 si\u0119 formalno\u015bciami, a tak\u017ce udzielimy odpowiedzi na wszystkie pytania. Podczas zaj\u0119\u0107 teoretycznych i praktycznych nauczymy Ci\u0119 umiej\u0119tno\u015bci zwi\u0105zanych z przysz\u0142\u0105 prac\u0105. Zakres tematyczny szkolenia obejmuje m.in.:&nbsp; Przebieg szkolenia&nbsp; Wszystkie wa\u017cne zagadnienia dotycz\u0105ce d\u017awig\u00f3w budowlanych zostan\u0105 om\u00f3wione podczas kursu, aby\u015b m\u00f3g\u0142 czu\u0107 si\u0119 pewny siebie zdaj\u0105c egzamin. Szkolenie b\u0119dzie prowadzone przez wykwalifikowan\u0105 i do\u015bwiadczon\u0105 kadr\u0119 dydaktyczn\u0105. Podczas szkolenia poruszymy tematyk\u0119 bezpiecze\u0144stwa w czasie pracy oraz zagadnienia z obszaru konserwacji i sprawdzania stanu technicznego zgodne z wytycznymi przedstawionymi w instrukcji obs\u0142ugi. Nauczysz si\u0119 sprawdza\u0107 m.in. panel sterowania, oznakowanie, urz\u0105dzenia zabezpieczaj\u0105ce oraz o\u015bwietlenie i sygnalizacj\u0119. Regularna konserwacja jest niezwykle wa\u017cna i powinna by\u0107 przeprowadzana zgodnie z przepisami o dozorze technicznym. Takie dzia\u0142ania sprawi\u0105, \u017ce przy kolejnej kontroli d\u017awig nie straci pozwolenia na jego u\u017cytkowanie.&nbsp; Wymagania do wzi\u0119cia udzia\u0142u w kursie&nbsp; Ka\u017cda osoba zg\u0142aszaj\u0105ca si\u0119 na nasz kurs musi mie\u0107 uko\u0144czone 18 lat oraz posiada\u0107 minimum wykszta\u0142cenie podstawowe. Nie wolno mie\u0107 r\u00f3wnie\u017c przeciwwskaza\u0144 zdrowotnych do pracy na konkretnym stanowisku.&nbsp;&nbsp; Dost\u0119pne terminy&nbsp; Szkolenie odb\u0119dzie si\u0119 we wcze\u015bniej wybranym dogodnym przez Ciebie terminie. Prowadzimy zaj\u0119cia tak\u017ce w weekendy i wieczorami.&nbsp;&nbsp;&nbsp; Uprawnienia&nbsp; Kurs obejmuje [&hellip;]<\/p>\n","protected":false},"author":6,"featured_media":4281,"parent":2721,"menu_order":0,"comment_status":"closed","ping_status":"closed","template":"","meta":{"sfsi_plus_gutenberg_text_before_share":"","sfsi_plus_gutenberg_show_text_before_share":"","sfsi_plus_gutenberg_icon_type":"","sfsi_plus_gutenberg_icon_alignemt":"","sfsi_plus_gutenburg_max_per_row":"","footnotes":""},"class_list":["post-4280","page","type-page","status-publish","has-post-thumbnail","hentry","has_thumb"],"aioseo_notices":[],"_links":{"self":[{"href":"https:\/\/kursy-udt.pl\/fr\/wp-json\/wp\/v2\/pages\/4280","targetHints":{"allow":["GET"]}}],"collection":[{"href":"https:\/\/kursy-udt.pl\/fr\/wp-json\/wp\/v2\/pages"}],"about":[{"href":"https:\/\/kursy-udt.pl\/fr\/wp-json\/wp\/v2\/types\/page"}],"author":[{"embeddable":true,"href":"https:\/\/kursy-udt.pl\/fr\/wp-json\/wp\/v2\/users\/6"}],"replies":[{"embeddable":true,"href":"https:\/\/kursy-udt.pl\/fr\/wp-json\/wp\/v2\/comments?post=4280"}],"version-history":[{"count":5,"href":"https:\/\/kursy-udt.pl\/fr\/wp-json\/wp\/v2\/pages\/4280\/revisions"}],"predecessor-version":[{"id":5558,"href":"https:\/\/kursy-udt.pl\/fr\/wp-json\/wp\/v2\/pages\/4280\/revisions\/5558"}],"up":[{"embeddable":true,"href":"https:\/\/kursy-udt.pl\/fr\/wp-json\/wp\/v2\/pages\/2721"}],"wp:featuredmedia":[{"embeddable":true,"href":"https:\/\/kursy-udt.pl\/fr\/wp-json\/wp\/v2\/media\/4281"}],"wp:attachment":[{"href":"https:\/\/kursy-udt.pl\/fr\/wp-json\/wp\/v2\/media?parent=4280"}],"curies":[{"name":"wp","href":"https:\/\/api.w.org\/{rel}","templated":true}]}}