{"id":4227,"date":"2022-09-01T08:21:41","date_gmt":"2022-09-01T08:21:41","guid":{"rendered":"https:\/\/kursy-udt.pl\/?page_id=4227"},"modified":"2023-05-16T15:53:24","modified_gmt":"2023-05-16T13:53:24","slug":"cours-de-soudure","status":"publish","type":"page","link":"https:\/\/kursy-udt.pl\/fr\/szkolenia\/spawalnictwo-materialow\/kurs-lutowanie\/","title":{"rendered":"Cours de soudure"},"content":{"rendered":"<h2 class=\"wp-block-heading\">Ce que signifie le soudage\u00a0<\/h2>\n\n\n\n<p>L'histoire du brasage remonte \u00e0 l'Antiquit\u00e9. D\u00e8s 3000 ans avant J.-C., les \u00c9gyptiens assemblaient l'or et l'argent pour fabriquer des bijoux. J.-C., les \u00c9gyptiens assemblaient de l'or et de l'argent pour fabriquer des bijoux. Ceux-ci \u00e9taient assembl\u00e9s \u00e0 l'aide d'une soudure au cuivre. Cette m\u00e9thode est encore utilis\u00e9e aujourd'hui pour assembler des m\u00e9taux et des alliages aux propri\u00e9t\u00e9s diff\u00e9rentes. Le brasage est donc une m\u00e9thode qui permet d'assembler deux pi\u00e8ces m\u00e9talliques \u00e0 l'aide d'un liant appel\u00e9 soudure. Le r\u00e9sultat est un joint esth\u00e9tique, stable et durable. Le brasage s'effectue \u00e0 une temp\u00e9rature sup\u00e9rieure au point de fusion de la brasure (pour plastifier le joint). Cependant, l'ensemble du processus se d\u00e9roule \u00e0 une temp\u00e9rature qui n'endommage pas la structure des pi\u00e8ces assembl\u00e9es.&nbsp;&nbsp;<\/p>\n\n\n\n<figure class=\"wp-block-embed is-type-video is-provider-youtube wp-block-embed-youtube wp-embed-aspect-16-9 wp-has-aspect-ratio\"><div class=\"wp-block-embed__wrapper\">\n<iframe loading=\"lazy\" title=\"COMPL\u00c9TEZ VOTRE FORMATION EN SOUDAGE AVEC NOUS ! DANS TOUT LE PAYS ! OBTENEZ VOS QUALIFICATIONS EN SOUDAGE !\" width=\"500\" height=\"281\" src=\"https:\/\/www.youtube.com\/embed\/Sn47FDJ5NSQ?feature=oembed\" frameborder=\"0\" allow=\"accelerometer; autoplay; clipboard-write; encrypted-media; gyroscope; picture-in-picture; web-share\" referrerpolicy=\"strict-origin-when-cross-origin\" allowfullscreen><\/iframe>\n<\/div><\/figure>\n\n\n\n<h2 class=\"wp-block-heading\">Cours de soudure\u00a0<\/h2>\n\n\n\n<p>Vous souhaitez apprendre \u00e0 utiliser un fer \u00e0 souder ? Ou peut-\u00eatre avez-vous besoin d'un fer \u00e0 souder \u00e0 des fins professionnelles ? Alors venez nous rendre visite. Au centre ERGON, nous organisons des cours de soudure. Nos instructeurs se feront un plaisir de vous montrer comment utiliser le mat\u00e9riel et les outils, et les r\u00e9parations \u00e0 la maison ne vous causeront plus de maux de t\u00eate. Vous apprendrez \u00e0 utiliser un fer \u00e0 souder en toute s\u00e9curit\u00e9 et \u00e0 vous servir de mat\u00e9riaux et d'outils sp\u00e9cifiques. En outre, vous apprendrez :&nbsp;<\/p>\n\n\n\n<ul class=\"wp-block-list\">\n<li>les types de fers \u00e0 souder et leurs r\u00e8gles d'utilisation ;&nbsp;<\/li>\n\n\n\n<li>pratiquement sur la soudure ;&nbsp;<\/li>\n\n\n\n<li>les bases du brasage - la th\u00e9orie ;&nbsp;<\/li>\n\n\n\n<li>sur les erreurs de soudure commises ;&nbsp;<\/li>\n\n\n\n<li>comment r\u00e9parer les fils (souder et dessouder les connexions) ;&nbsp;<\/li>\n\n\n\n<li>sur la r\u00e9paration d'appareils \u00e9lectroniques ;&nbsp;<\/li>\n\n\n\n<li><a href=\"https:\/\/kursy-udt.pl\/fr\/szkolenia\/bhp-bezpieczenstwo-pracy\/prawna-ochrona-pracy\/\">Sant\u00e9 et s\u00e9curit\u00e9<\/a> et la s\u00e9curit\u00e9 incendie.&nbsp;<\/li>\n<\/ul>\n\n\n\n<h2 class=\"wp-block-heading\">Un peu de th\u00e9orie sur la soudure\u00a0<\/h2>\n\n\n\n<p>Si vous souhaitez vous lancer dans le brasage, vous devez vous familiariser avec ce proc\u00e9d\u00e9.&nbsp;&nbsp;<\/p>\n\n\n\n<p>L'outil utilis\u00e9 pour le brasage est le fer \u00e0 souder. Il fait partie de l'\u00e9quipement de base de l'atelier et est utilis\u00e9 dans de nombreux travaux, mineurs ou avanc\u00e9s, pour lesquels les ustensiles manuels ne suffisent pas.&nbsp;&nbsp;<\/p>\n\n\n\n<p>Le fer \u00e0 souder se compose de deux parties : le moufle (utilis\u00e9 comme poign\u00e9e) et la panne (en contact direct avec le liant - la soudure). Lors du brasage, les pi\u00e8ces m\u00e9talliques sont assembl\u00e9es par le liant (la soudure). D'un point de vue physico-chimique, le processus de brasage (assemblage de pi\u00e8ces m\u00e9talliques) repose sur deux ph\u00e9nom\u00e8nes : la diffusion et l'adh\u00e9sion. Le liant de la soudure p\u00e9n\u00e8tre dans l'espace entre les composants et les particules dans les pores de leur surface. Le processus de brasage commence par le nettoyage de la surface des pi\u00e8ces \u00e0 souder. Nous chauffons ensuite les composants et appliquons du flux et de la soudure sur les bords des pi\u00e8ces \u00e0 assembler. \u00c0 la toute fin, nous attendons la solidification et le refroidissement du liant.&nbsp;&nbsp;<\/p>\n\n\n\n<p>Lorsque nous consid\u00e9rons la temp\u00e9rature de fusion du liant, nous distinguons deux types de soudure de base :&nbsp;<\/p>\n\n\n\n<ul class=\"wp-block-list\">\n<li>la soudure \u00e0 l'\u00e9tain ;&nbsp;&nbsp;<\/li>\n\n\n\n<li>le brasage ;&nbsp;&nbsp;<\/li>\n<\/ul>\n\n\n\n<figure class=\"wp-block-image size-large is-resized\"><img loading=\"lazy\" decoding=\"async\" src=\"https:\/\/kursy-udt.pl\/wp-content\/uploads\/2022\/09\/2-1.jpeg\" alt=\"homme au travail\" width=\"764\" height=\"509\"\/><\/figure>\n\n\n\n<figure class=\"wp-block-table\"><table><tbody><tr><td colspan=\"2\"><strong>Types de soudure<\/strong>&nbsp;<\/td><\/tr><tr><td><strong>Brasage tendre<\/strong>&nbsp;<\/td><td><strong>Brasage<\/strong>&nbsp;<\/td><\/tr><tr><td>Le processus se d\u00e9roule \u00e0 une temp\u00e9rature inf\u00e9rieure \u00e0 450\u00b0C ;&nbsp;<\/td><td>Le processus se d\u00e9roule \u00e0 des temp\u00e9ratures sup\u00e9rieures \u00e0 450\u00b0C ;&nbsp;<\/td><\/tr><tr><td>Le fer \u00e0 souder chauffe le mat\u00e9riau de mani\u00e8re s\u00e9lective, de sorte que l'ensemble du processus prend du temps ;&nbsp;<\/td><td>Parfois, les temp\u00e9ratures sont cinq fois sup\u00e9rieures \u00e0 450\u00b0C, comme dans le cas du brasage industriel. Des outils plus sp\u00e9cialis\u00e9s sont alors n\u00e9cessaires ;&nbsp;<\/td><\/tr><tr><td>Aucune mesure de protection n'est requise (\u00e0 l'exception d'un syst\u00e8me d'extraction des vapeurs) ;&nbsp;<\/td><td>L'utilisation d'outils sp\u00e9cialis\u00e9s et experts est n\u00e9cessaire ;&nbsp;&nbsp;<\/td><\/tr><tr><td>Il est souvent utilis\u00e9 dans le domaine de l'\u00e9lectronique (par exemple pour connecter des pi\u00e8ces sur un circuit imprim\u00e9), pour \u00e9tanch\u00e9ifier des goutti\u00e8res, des toits et \u00e9galement dans la t\u00f4lerie.&nbsp;&nbsp;<\/td><td>Il trouve des applications dans l'assemblage des aciers au carbone, au tungst\u00e8ne, au nickel, au molybd\u00e8ne et au chrome ainsi que de l'or, de l'argent, du cuivre ou du bronze.&nbsp;<\/td><\/tr><\/tbody><\/table><\/figure>\n\n\n\n<p>En outre, la plage de fusion de l'alliage dans le brasage tendre est d'environ 180 \u00e0 280\u00b0 C. La base de la soudure tendre est l'\u00e9tain et d'autres m\u00e9taux ayant un point de fusion similaire (cadmium, bismuth, antimoine). Elle peut \u00eatre utilis\u00e9e pour assembler des composants en cuivre, en laiton, en acier ou en zinc. Comme l'ensemble du processus ne se d\u00e9roule pas \u00e0 une temp\u00e9rature relativement tr\u00e8s \u00e9lev\u00e9e, la soudure tendre est utilis\u00e9e non seulement par les professionnels, mais aussi par les amateurs. Ils utilisent des fers \u00e0 souder chez eux.&nbsp;&nbsp;<\/p>\n\n\n\n<p>En ce qui concerne le brasage, lorsque la temp\u00e9rature peut atteindre pr\u00e8s de 1 000\u00b0C, un fer \u00e0 souder ordinaire ne suffit pas. On utilise alors une lampe \u00e0 souder ou un chalumeau ac\u00e9tyl\u00e8ne-oxyg\u00e8ne.  Le brasage est souvent un m\u00e9lange d'argent capable d'assembler de nombreux m\u00e9taux.&nbsp;&nbsp;<\/p>\n\n\n\n<p>Le brasage est une m\u00e9thode bien connue d'usinage des m\u00e9taux qui pr\u00e9sente de nombreux avantages. La partie o\u00f9 se d\u00e9roule le processus d'assemblage des m\u00e9taux est tr\u00e8s esth\u00e9tique et sa r\u00e9sistance est tr\u00e8s \u00e9lev\u00e9e. Il existe toute une gamme de brasures aux propri\u00e9t\u00e9s tr\u00e8s vari\u00e9es. Cette technologie n'est pas seulement famili\u00e8re, elle est aussi moderne et permet d'assembler presque tous les m\u00e9taux et alliages.&nbsp;<\/p>\n\n\n\n<figure class=\"wp-block-image size-large is-resized\"><img loading=\"lazy\" decoding=\"async\" src=\"https:\/\/kursy-udt.pl\/wp-content\/uploads\/2022\/09\/3-1.jpeg\" alt=\"fer \u00e0 souder professionnel\" width=\"800\" height=\"503\"\/><\/figure>\n\n\n\n<p><strong>Bienvenue \u00e0 nos cours de formation&nbsp;<\/strong>&nbsp;<\/p>\n\n\n\n<p>Les cours de soudure dispens\u00e9s dans notre centre ERGON se composent d'une partie pratique r\u00e9alis\u00e9e sous forme d'atelier, stationnaire, et d'une partie th\u00e9orique qui peut \u00eatre suivie en ligne. Les cours sont dispens\u00e9s de mani\u00e8re accessible et tr\u00e8s int\u00e9ressante. Nos instructeurs sont des professionnels ayant une grande exp\u00e9rience dans le domaine du brasage.&nbsp;<\/p>\n\n\n\n<p>Que vous commenciez \u00e0 souder ou que vous connaissiez d\u00e9j\u00e0 les bases de cette activit\u00e9, vous pouvez choisir le cours de formation qui vous convient. Nous avons un cours pour les d\u00e9butants et un autre d'un niveau plus \u00e9lev\u00e9 - pour les avanc\u00e9s.&nbsp;&nbsp;<\/p>\n\n\n\n<p>N'h\u00e9sitez pas \u00e0 nous contacter et nous vous fournirons toutes les informations n\u00e9cessaires. Nous proposons des prix de march\u00e9, que nous convenons toujours avec vous individuellement. Nous offrons des r\u00e9ductions pour les groupes plus importants et organis\u00e9s. Notre si\u00e8ge social se trouve \u00e0 Varsovie, mais nous avons \u00e9galement des centres dans d'autres villes polonaises telles que Cracovie, Bielsko-Biala et Katowice : Cracovie, Bielsko-Biala ou Katowice. S'il s'agit d'un cours ferm\u00e9, nous nous d\u00e9pla\u00e7ons pratiquement partout.&nbsp;&nbsp;<\/p>\n\n\n\n<p>Nous vous encourageons \u00e9galement \u00e0 vous familiariser avec le large \u00e9ventail de cours propos\u00e9s par ERGON. Nous proposons, entre autres, des cours d'introduction et des cours p\u00e9riodiques sur la sant\u00e9 et la s\u00e9curit\u00e9 au travail, des cours sur la s\u00e9curit\u00e9 incendie, <a href=\"https:\/\/kursy-udt.pl\/fr\/szkolenia\/bhp-bezpieczenstwo-pracy\/pierwsza-pomoc-i-dzialania\/\">formation aux premiers secours<\/a>ainsi que de nombreux autres cours pour lesquels les \u00e9l\u00e9ments suivants sont requis <a href=\"https:\/\/kursy-udt.pl\/fr\/uprawnienia-udt\/kategorie-uprawnien-2\/\">droits<\/a> TDT ou UDT (par exemple <a href=\"https:\/\/kursy-udt.pl\/fr\/szkolenia\/udt-wdt-tdt\/wozki-widlowe-merlo\/\">formation de conducteur de chariot \u00e9l\u00e9vateur<\/a> ou op\u00e9rateur de plate-forme \u00e0 m\u00e2t mobile).&nbsp;&nbsp;<\/p>\n\n\n\n<figure class=\"wp-block-image size-large is-resized\"><img loading=\"lazy\" decoding=\"async\" src=\"https:\/\/kursy-udt.pl\/wp-content\/uploads\/2023\/01\/75-Lutowanie-kursy-udt.pl_.png\" alt=\"Formation ERGON\" width=\"778\" height=\"486\"\/><\/figure>","protected":false},"excerpt":{"rendered":"<p>Co oznacza lutowanie\u00a0 Historia lutowania si\u0119ga jeszcze staro\u017cytno\u015bci. Ju\u017c 3000 lat p.n.e. Egipcjanie podczas produkcji bi\u017cuterii \u0142\u0105czyli ze sob\u0105 z\u0142oto i srebro. By\u0142o ono z\u0142\u0105czone ze sob\u0105 za pomoc\u0105 miedzianego lutu. I po dzie\u0144 dzisiejszy wykorzystuje si\u0119 t\u0119 metod\u0119 przy \u0142\u0105czeniu metali i stop\u00f3w o r\u00f3\u017cnych w\u0142a\u015bciwo\u015bciach. Lutowanie zatem jest metod\u0105, kt\u00f3ra polega na po\u0142\u0105czeniu ze sob\u0105 dw\u00f3ch element\u00f3w metalowych, za pomoc\u0105 spoiwa zwanego lutem. Efektem tego procesu jest estetyczna, stabilna oraz trwa\u0142a spoina. Lutowanie zachodzi w temperaturze, kt\u00f3ra jest temperatur\u0105 wy\u017csz\u0105 ni\u017c topnienie lutu (w celu uplastycznienia spoiwa). Jednak ca\u0142y proces zachodzi w temperaturze, kt\u00f3ra nie naruszy struktury po\u0142\u0105czonych cz\u0119\u015bci.&nbsp;&nbsp; Kursy z lutowania\u00a0 Chcesz nauczy\u0107 si\u0119, jak korzysta\u0107 z lutownicy? A mo\u017ce jest Ci to potrzebne zawodowo? Zapraszamy wi\u0119c do nas. W o\u015brodku&nbsp;ERGON prowadzimy kursy lutowania. Z ch\u0119ci\u0105 nasi instruktorzy poka\u017c\u0105, jak korzysta\u0107 z materia\u0142\u00f3w i narz\u0119dzi, a naprawianie rzeczy w domu nie przysporzy Ci ju\u017c wi\u0119cej b\u00f3lu g\u0142owy. Nauczysz si\u0119 w bezpieczny spos\u00f3b obs\u0142ugiwa\u0107 lutownic\u0119 i poznasz zasady stosowania konkretnych materia\u0142\u00f3w i narz\u0119dzi. Ponadto nauczysz si\u0119:&nbsp; Troch\u0119 teorii z lutowania\u00a0 Je\u017celi chcesz rozpocz\u0105\u0107 prac\u0119 z lutowaniem, powiniene\u015b pozna\u0107 kilka fakt\u00f3w dotycz\u0105cych tego procesu.&nbsp;&nbsp; Narz\u0119dziem s\u0142u\u017c\u0105cym do lutowania jest lutownica. Jest ona jednym z podstawowych urz\u0105dze\u0144 warsztatowych i wykorzystywana jest w wielu pracach, zar\u00f3wno tych drobniejszych jak i zaawansowanych, gdzie nie wystarcz\u0105 przybory r\u0119czne.&nbsp;&nbsp; Lutownica sk\u0142ada si\u0119 z dw\u00f3ch cz\u0119\u015bci: kolby (s\u0142u\u017c\u0105cej jako uchwyt) oraz grota (bezpo\u015brednio styka si\u0119 ze spoiwem \u2013 lutem). Podczas lutowania metalowe elementy zostaj\u0105 po\u0142\u0105czone spoiwem (lutem). Natomiast w aspekcie fizykochemicznym proces lutowania (\u0142\u0105czenie metalowych element\u00f3w) opiera si\u0119 na dw\u00f3ch [&hellip;]<\/p>\n","protected":false},"author":6,"featured_media":4228,"parent":2802,"menu_order":0,"comment_status":"closed","ping_status":"closed","template":"","meta":{"sfsi_plus_gutenberg_text_before_share":"","sfsi_plus_gutenberg_show_text_before_share":"","sfsi_plus_gutenberg_icon_type":"","sfsi_plus_gutenberg_icon_alignemt":"","sfsi_plus_gutenburg_max_per_row":"","footnotes":""},"class_list":["post-4227","page","type-page","status-publish","has-post-thumbnail","hentry","has_thumb"],"aioseo_notices":[],"_links":{"self":[{"href":"https:\/\/kursy-udt.pl\/fr\/wp-json\/wp\/v2\/pages\/4227","targetHints":{"allow":["GET"]}}],"collection":[{"href":"https:\/\/kursy-udt.pl\/fr\/wp-json\/wp\/v2\/pages"}],"about":[{"href":"https:\/\/kursy-udt.pl\/fr\/wp-json\/wp\/v2\/types\/page"}],"author":[{"embeddable":true,"href":"https:\/\/kursy-udt.pl\/fr\/wp-json\/wp\/v2\/users\/6"}],"replies":[{"embeddable":true,"href":"https:\/\/kursy-udt.pl\/fr\/wp-json\/wp\/v2\/comments?post=4227"}],"version-history":[{"count":7,"href":"https:\/\/kursy-udt.pl\/fr\/wp-json\/wp\/v2\/pages\/4227\/revisions"}],"predecessor-version":[{"id":5941,"href":"https:\/\/kursy-udt.pl\/fr\/wp-json\/wp\/v2\/pages\/4227\/revisions\/5941"}],"up":[{"embeddable":true,"href":"https:\/\/kursy-udt.pl\/fr\/wp-json\/wp\/v2\/pages\/2802"}],"wp:featuredmedia":[{"embeddable":true,"href":"https:\/\/kursy-udt.pl\/fr\/wp-json\/wp\/v2\/media\/4228"}],"wp:attachment":[{"href":"https:\/\/kursy-udt.pl\/fr\/wp-json\/wp\/v2\/media?parent=4227"}],"curies":[{"name":"wp","href":"https:\/\/api.w.org\/{rel}","templated":true}]}}