{"id":4220,"date":"2022-09-01T08:04:19","date_gmt":"2022-09-01T08:04:19","guid":{"rendered":"https:\/\/kursy-udt.pl\/?page_id=4220"},"modified":"2023-03-20T20:56:43","modified_gmt":"2023-03-20T19:56:43","slug":"equipements-sous-pression","status":"publish","type":"page","link":"https:\/\/kursy-udt.pl\/fr\/szkolenia\/udt-wdt-tdt\/urzadzenia-cisnieniowe\/","title":{"rendered":"Cours sur le fonctionnement des \u00e9quipements sous pression"},"content":{"rendered":"<div class=\"wp-block-image\">\n<figure class=\"alignright size-large is-resized\"><img loading=\"lazy\" decoding=\"async\" src=\"https:\/\/kursy-udt.pl\/wp-content\/uploads\/2022\/09\/1.jpeg\" alt=\"Dipl\u00f4mes UDT\" width=\"400\" height=\"214\"\/><\/figure>\n<\/div>\n\n\n<p>Ergon vous invite \u00e0 un cours de formation vous pr\u00e9parant \u00e0 travailler en tant qu'op\u00e9rateur d'\u00e9quipement sous pression. Pendant les cours th\u00e9oriques et pratiques, vous apprendrez \u00e0 construire ces \u00e9quipements et \u00e0 les utiliser. Notre personnel de formation exp\u00e9riment\u00e9 vous fournira les connaissances n\u00e9cessaires pour passer l'examen d'\u00c9tat.&nbsp;<\/p>\n\n\n\n<h2 class=\"wp-block-heading\">Programme de formation&nbsp;<\/h2>\n\n\n\n<p>Pour pouvoir utiliser les \u00e9quipements susmentionn\u00e9s, vous devez poss\u00e9der des qualifications particuli\u00e8res. C'est pourquoi nous proposons une formation pour vous aider \u00e0 les obtenir. L'objectif de la formation est de vous pr\u00e9parer au remplissage et \u00e0 l'utilisation autonomes d'\u00e9quipements et de r\u00e9cipients sous pression. Notre formation est \u00e0 la fois pratique et th\u00e9orique. Vous acquerrez des connaissances dans les domaines suivants&nbsp;<\/p>\n\n\n\n<ul class=\"wp-block-list\">\n<li>les gaz, leurs propri\u00e9t\u00e9s chimiques et physiques,&nbsp;<\/li>\n\n\n\n<li>le contr\u00f4le technique applicable aux citernes mobiles,&nbsp;<\/li>\n\n\n\n<li>les r\u00e9parations de r\u00e9servoirs portables, leur conception et leur performance,&nbsp;<\/li>\n\n\n\n<li>les \u00e9tiquettes d'avertissement, le marquage et le codage couleur des citernes mobiles,&nbsp;<\/li>\n\n\n\n<li>accessoires,&nbsp;<\/li>\n\n\n\n<li>les r\u00e9servoirs de remplissage (proc\u00e9dures de contr\u00f4le et de travail),&nbsp;<\/li>\n\n\n\n<li>les r\u00e8gles de sant\u00e9 et de s\u00e9curit\u00e9,&nbsp;<\/li>\n\n\n\n<li>le stockage de r\u00e9servoirs portables.&nbsp;<\/li>\n<\/ul>\n\n\n\n<p>Les activit\u00e9s pratiques concernent :&nbsp;<\/p>\n\n\n\n<ol class=\"wp-block-list\" start=\"1\">\n<li>le remplissage et l'utilisation de r\u00e9cipients sous pression - cylindres et faisceaux de gaz :&nbsp;<\/li>\n<\/ol>\n\n\n\n<ul class=\"wp-block-list\">\n<li>dissous (ac\u00e9tyl\u00e8ne),&nbsp;<\/li>\n\n\n\n<li>comprim\u00e9 (air, oxyg\u00e8ne, argon, azote),&nbsp;<\/li>\n\n\n\n<li>liqu\u00e9fi\u00e9s (ammoniac, protoxyde d'azote, dioxyde de carbone) ;&nbsp;<\/li>\n<\/ul>\n\n\n\n<ol class=\"wp-block-list\" start=\"2\">\n<li>le remplissage et l'utilisation de r\u00e9servoirs cryog\u00e9niques avec des gaz ;&nbsp;<\/li>\n<\/ol>\n\n\n\n<ol class=\"wp-block-list\" start=\"3\">\n<li>manipulation et remplissage de r\u00e9cipients sous pression avec des gaz : argon, oxyg\u00e8ne.&nbsp;<\/li>\n<\/ol>\n\n\n\n<p>Nos cours de formation comprennent des \u00e9l\u00e9ments de pratique et une partie th\u00e9orique. Ils sont dispens\u00e9s par des instructeurs exp\u00e9riment\u00e9s ayant de nombreuses ann\u00e9es d'exp\u00e9rience. Les connaissances sont transmises de mani\u00e8re tr\u00e8s compr\u00e9hensible et de fa\u00e7on \u00e0 ce que l'examen d'\u00c9tat de l'UDT ne soit pas un d\u00e9fi pour vous, mais seulement un \u00e9l\u00e9ment permettant d'acqu\u00e9rir les qualifications professionnelles n\u00e9cessaires. <a href=\"https:\/\/kursy-udt.pl\/fr\/kontakt\/\">N'h\u00e9sitez pas \u00e0 nous contacter<\/a> avec nous. Notre personnel vous fournira facilement toutes les informations dont vous avez besoin. Les prix pratiqu\u00e9s chez nous sont commercialisables, abordables et nous les fixons toujours individuellement avec le client. Pour les groupes importants et organis\u00e9s, nous proposons des r\u00e9ductions.&nbsp;&nbsp;<\/p>\n\n\n\n<figure class=\"wp-block-image size-large is-resized\"><img loading=\"lazy\" decoding=\"async\" src=\"https:\/\/kursy-udt.pl\/wp-content\/uploads\/2022\/09\/3.jpeg\" alt=\"\u00e9quipement sous pression\" width=\"772\" height=\"579\"\/><\/figure>\n\n\n\n<h2 class=\"wp-block-heading\">Lieu de formation&nbsp;<\/h2>\n\n\n\n<p><a href=\"https:\/\/kursy-udt.pl\/fr\/o-firmie\/\">Centre de formation du personnel ERGON<\/a> propose des formations ouvertes et des cours ferm\u00e9s. Notre si\u00e8ge social se trouve \u00e0 Varsovie, mais ce n'est pas la seule ville o\u00f9 nous op\u00e9rons. Nous sommes \u00e9galement pr\u00e9sents \u00e0 Cracovie, Katowice, Lodz, Poznan, Bydgoszcz, Gdansk, Lublin, Torun, Wroclaw, entre autres. Nous organisons des formations dans tout le pays. S'il s'agit d'une formation ferm\u00e9e, nous sommes en mesure de nous rendre pratiquement partout en Pologne.&nbsp;&nbsp;<\/p>\n\n\n\n<h2 class=\"wp-block-heading\">\u00c9quipements sous pression&nbsp;<\/h2>\n\n\n\n<p>Les \u00e9quipements sous pression les plus divers sont utilis\u00e9s pratiquement partout. Ils servent aussi bien \u00e0 un usage domestique que professionnel. Si l'on parle d'\u00e9quipements sous pression industriels, il s'agit d'\u00e9quipements soumis au contr\u00f4le technique, c'est-\u00e0-dire list\u00e9s dans la directive du Conseil des ministres du 7 d\u00e9cembre 2012. Il s'agit par exemple de :&nbsp;<\/p>\n\n\n\n<ul class=\"wp-block-list\">\n<li>les r\u00e9servoirs de gaz liqu\u00e9fi\u00e9,&nbsp;<\/li>\n\n\n\n<li>chaudi\u00e8res \u00e0 vapeur et \u00e0 eau,&nbsp;<\/li>\n\n\n\n<li>les pipelines (vapeur, transmission, processus),&nbsp;<\/li>\n\n\n\n<li>l'installation de r\u00e9servoirs, l'\u00e9quipement d'\u00e9change de chaleur, l'\u00e9quipement de l'usine de chaudi\u00e8res \u00e0 eau,&nbsp;<\/li>\n\n\n\n<li>les r\u00e9cipients sous pression portables (plus de 0,35 dm3), y compris les bouteilles de gaz.&nbsp;<\/li>\n<\/ul>\n\n\n\n<p>L'un des dispositifs mentionn\u00e9s ci-dessus est l'appareil \u00e0 pression. De quoi s'agit-il ? L'air comprim\u00e9 peut \u00eatre utilis\u00e9 de multiples fa\u00e7ons. Il est utilis\u00e9 dans presque tous les secteurs de l'industrie. Les compresseurs sont utilis\u00e9s pour augmenter la pression de l'air. Toutefois, sans r\u00e9servoirs sous pression, les compresseurs seraient inutiles. Les r\u00e9servoirs sont des dispositifs g\u00e9n\u00e9ralement fabriqu\u00e9s en acier inoxydable (un mat\u00e9riau tr\u00e8s r\u00e9sistant), et leur fonction est principalement de soulager les compresseurs. En outre, ils participent au refroidissement des compresseurs et sont responsables du contr\u00f4le permanent de la qualit\u00e9 de leur fonctionnement. Ces unit\u00e9s stockent des gaz ou des liquides, ou des processus s'y d\u00e9roulent.&nbsp;<\/p>\n\n\n\n<h2 class=\"wp-block-heading\">Appareils \u00e0 pression et UDT&nbsp;<\/h2>\n\n\n\n<p>Il existe de nombreux types d'appareils \u00e0 pression. Chacun peut avoir une capacit\u00e9 diff\u00e9rente, et ils peuvent \u00eatre horizontaux ou verticaux. Les r\u00e9servoirs de petite capacit\u00e9 peuvent, par exemple, \u00eatre utilis\u00e9s dans les voitures, les v\u00e9hicules agricoles ou industriels. Les \u00e9quipements tels que les r\u00e9servoirs sont soumis \u00e0 un contr\u00f4le technique. Ils doivent \u00eatre signal\u00e9s au Bureau de contr\u00f4le technique (UDT), qui fonctionne sur la base d'un acte juridique, en particulier la loi du 21 d\u00e9cembre 2000 sur le contr\u00f4le technique. Le certificat de l'UDT d\u00e9crit les qualifications de chaque personne employ\u00e9e dans le domaine de la maintenance ou de l'exploitation d'\u00e9quipements soumis \u00e0 la supervision technique. Les r\u00e9cipients sous pression portables d'un volume sup\u00e9rieur \u00e0 0,35 dm3 sont \u00e9galement soumis \u00e0 l'UDT. Ils contiennent des gaz ou des liquides \u00e0 une pression sup\u00e9rieure \u00e0 la pression atmosph\u00e9rique. Ces appareils :&nbsp;<\/p>\n\n\n<div class=\"wp-block-image\">\n<figure class=\"alignright size-large is-resized\"><img loading=\"lazy\" decoding=\"async\" src=\"https:\/\/kursy-udt.pl\/wp-content\/uploads\/2022\/09\/2.jpeg\" alt=\"bouteille de gaz\" width=\"361\" height=\"241\"\/><\/figure>\n<\/div>\n\n\n<ul class=\"wp-block-list\">\n<li>sont reli\u00e9es en permanence \u00e0 des \u00e9quipements mobiles (elles ne servent qu'\u00e0 transporter les liquides contenus dans ces citernes),&nbsp;<\/li>\n\n\n\n<li>changent de position entre le remplissage et la vidange,&nbsp;<\/li>\n\n\n\n<li>stocker du carburant pour la propulsion des v\u00e9hicules auxquels ils sont reli\u00e9s en permanence.&nbsp;<\/li>\n<\/ul>\n\n\n\n<p>Il s'agit par exemple d'un r\u00e9servoir d'extincteur, d'une bouteille d'oxyg\u00e8ne ou d'un r\u00e9servoir d'appareil sp\u00e9cial. Un autre type de r\u00e9servoir est le r\u00e9servoir cryog\u00e9nique. Ils sont utilis\u00e9s pour stocker des gaz liquides (oxyg\u00e8ne, azote, argon).&nbsp;<\/p>\n\n\n\n<h2 class=\"wp-block-heading\">Notre offre&nbsp;<\/h2>\n\n\n\n<p>Pour de nombreuses professions, vous devez avoir <a href=\"https:\/\/kursy-udt.pl\/fr\/uprawnienia-udt\/kategorie-uprawnien-2\/\">Dipl\u00f4mes UDT<\/a>\u00e0 effectuer. Par exemple, pour la conduite d'\u00e9quipements techniques (grues, ponts roulants, grues), la conduite de c\u00e2bles \u00e0 fibres optiques ou le remplissage et la conduite d'\u00e9quipements sous pression. ERGON, notre centre de formation, propose divers cours professionnels qui vous permettront d'acqu\u00e9rir les connaissances et les comp\u00e9tences n\u00e9cessaires \u00e0 la profession que vous souhaitez exercer. Apr\u00e8s avoir suivi les cours, vous devrez passer l'examen de l'UDT (Office de contr\u00f4le technique). Une fois cet examen r\u00e9ussi, vous obtiendrez l'autorisation de travailler.<\/p>\n\n\n\n<p>Nous proposons notamment des formations :\u00a0<\/p>\n\n\n\n<ul class=\"wp-block-list\">\n<li>Sant\u00e9 et s\u00e9curit\u00e9 au travail - formation initiale et continue,&nbsp;<\/li>\n\n\n\n<li>EPI,&nbsp;<\/li>\n\n\n\n<li>pour les grues,\u00a0<\/li>\n\n\n\n<li>pour les plates-formes mobiles (y compris les plates-formes \u00e9l\u00e9vatrices et les nacelles \u00e0 ciseaux),\u00a0<\/li>\n\n\n\n<li>le soudage par fibre optique,\u00a0<\/li>\n\n\n\n<li>l'entretien et la r\u00e9paration des \u00e9quipements de l'UDT.<\/li>\n<\/ul>\n\n\n\n<p>Exemples de cours propos\u00e9s par ERGON&nbsp;<\/p>\n\n\n\n<figure class=\"wp-block-table\"><table><tbody><tr><td><strong>Type :<\/strong>&nbsp;<\/td><td><strong>Pour qui :<\/strong>&nbsp;<\/td><td><strong>Description de la formation :<\/strong>&nbsp;<\/td><\/tr><tr><td>Plateformes mobiles&nbsp;<\/td><td>Par exemple : pour les travailleurs effectuant des travaux d'assemblage, l'inspection des navires.&nbsp;<\/td><td>construction et vari\u00e9t\u00e9 des plates-formes de suspension, s\u00e9curit\u00e9 des \u00e9quipements de manutention, tests de force,&nbsp;<\/td><\/tr><tr><td><a href=\"https:\/\/kursy-udt.pl\/fr\/szkolenia\/wysokosciowe-na-uprawnienia-alpinistyczne\/\">Entra\u00eenement en altitude<\/a>&nbsp;<\/td><td>Pour les personnes qui souhaitent travailler en hauteur, par exemple en tant que grimpeur industriel.&nbsp;<\/td><td>techniques de sauvetage, comp\u00e9tences n\u00e9cessaires, \u00e9quipement : s\u00e9lection, contr\u00f4le et manipulation, sant\u00e9 et s\u00e9curit\u00e9, exigences l\u00e9gales, assurage individuel et collectif, dangers.&nbsp;<\/td><\/tr><\/tbody><\/table><\/figure>\n\n\n\n<p><strong>Nous vous invitons \u00e0 d\u00e9couvrir notre offre et \u00e0 nous contacter.<\/strong><\/p>\n\n\n\n<figure class=\"wp-block-image size-large is-resized\"><img loading=\"lazy\" decoding=\"async\" src=\"https:\/\/kursy-udt.pl\/wp-content\/uploads\/2022\/12\/84-Urzadzenia-cisnieniowe-Zbiorniki-przenosne-kursy-udt.pl_.png\" alt=\"Formation ERGON\" width=\"824\" height=\"515\"\/><\/figure>","protected":false},"excerpt":{"rendered":"<p>Firma Ergon zaprasza na szkolenie przygotowuj\u0105ce do pracy jako operator urz\u0105dze\u0144 ci\u015bnieniowych. Podczas zaj\u0119\u0107 teoretycznych i praktycznych poznacie budow\u0119 takich urz\u0105dze\u0144 oraz nauczycie si\u0119 je obs\u0142ugiwa\u0107. Nasza do\u015bwiadczona kadra szkoleniowa przeka\u017ce Pa\u0144stwu wiedz\u0119, kt\u00f3ra jest niezb\u0119dna do zdania pa\u0144stwowego egzaminu.&nbsp; Program szkolenia&nbsp; Aby m\u00f3c obs\u0142ugiwa\u0107 wy\u017cej wymienione urz\u0105dzenia, potrzebne s\u0105 specjalne uprawnienia. Dlatego te\u017c oferujemy kurs, kt\u00f3ry pomo\u017ce je zdoby\u0107. Celem szkolenia jest przygotowanie do samodzielnego nape\u0142niania oraz u\u017cytkowania urz\u0105dze\u0144 i zbiornik\u00f3w ci\u015bnieniowych. Nasze szkolenie to zar\u00f3wno cz\u0119\u015b\u0107 praktyczna jak i teoretyczna. Zdob\u0119d\u0105 Pa\u0144stwo wiedz\u0119 dotycz\u0105c\u0105:&nbsp; Zaj\u0119cia praktyczne dotycz\u0105:&nbsp; Nasze szkolenia to elementy praktyki oraz cz\u0119\u015b\u0107 teoretyczna. Prowadzone s\u0105 przez do\u015bwiadczonych instruktor\u00f3w z wieloletnim sta\u017cem. Wiedza przekazywana jest w spos\u00f3b bardzo zrozumia\u0142y i tak\u0105 metod\u0105, aby egzamin pa\u0144stwowy UDT nie by\u0142 dla Pa\u0144stwa wyzwaniem, a tylko elementem do zdobycia niezb\u0119dnych uprawnie\u0144 zawodowych. Zach\u0119camy do kontaktu z nami. Bez problemu nasi pracownicy udziel\u0105 Pa\u0144stwu wszystkich potrzebnych informacji. Ceny u nas s\u0105 rynkowe, przyst\u0119pne i zawsze ustalamy je indywidualnie z klientem. Dla grup, kt\u00f3re s\u0105 du\u017ce i zorganizowane, mamy zni\u017cki.&nbsp;&nbsp; Miejsce szkolenia&nbsp; O\u015brodek Doskonalenia Kadr ERGON przeprowadza szkolenia otwarte oraz kursy zamkni\u0119te. G\u0142\u00f3wna siedziba naszego o\u015brodka jest w Warszawie, ale to nie jedyne miasto, gdzie dzia\u0142amy. Jeste\u015bmy tak\u017ce mi\u0119dzy innymi w Krakowie, Katowicach, \u0141odzi, Poznaniu, Bydgoszczy, Gda\u0144sku, Lublinie, Toruniu, Wroc\u0142awiu. Szkolenia prowadzimy na terenie ca\u0142ego kraju. W przypadku, gdy jest to szkolenie zamkni\u0119te, jeste\u015bmy w stanie dojecha\u0107 praktycznie w ka\u017cde miejsce w Polsce.&nbsp;&nbsp; Urz\u0105dzenia ci\u015bnieniowe&nbsp; Najrozmaitsze urz\u0105dzenia ci\u015bnieniowe maj\u0105 zastosowanie praktycznie wsz\u0119dzie. S\u0142u\u017c\u0105 one zar\u00f3wno do u\u017cytku domowego jak i profesjonalnego. Je\u017celi mowa o urz\u0105dzeniach ci\u015bnieniowych przemys\u0142owych, [&hellip;]<\/p>\n","protected":false},"author":6,"featured_media":4222,"parent":2721,"menu_order":0,"comment_status":"closed","ping_status":"closed","template":"","meta":{"sfsi_plus_gutenberg_text_before_share":"","sfsi_plus_gutenberg_show_text_before_share":"","sfsi_plus_gutenberg_icon_type":"","sfsi_plus_gutenberg_icon_alignemt":"","sfsi_plus_gutenburg_max_per_row":"","footnotes":""},"class_list":["post-4220","page","type-page","status-publish","has-post-thumbnail","hentry","has_thumb"],"aioseo_notices":[],"_links":{"self":[{"href":"https:\/\/kursy-udt.pl\/fr\/wp-json\/wp\/v2\/pages\/4220","targetHints":{"allow":["GET"]}}],"collection":[{"href":"https:\/\/kursy-udt.pl\/fr\/wp-json\/wp\/v2\/pages"}],"about":[{"href":"https:\/\/kursy-udt.pl\/fr\/wp-json\/wp\/v2\/types\/page"}],"author":[{"embeddable":true,"href":"https:\/\/kursy-udt.pl\/fr\/wp-json\/wp\/v2\/users\/6"}],"replies":[{"embeddable":true,"href":"https:\/\/kursy-udt.pl\/fr\/wp-json\/wp\/v2\/comments?post=4220"}],"version-history":[{"count":5,"href":"https:\/\/kursy-udt.pl\/fr\/wp-json\/wp\/v2\/pages\/4220\/revisions"}],"predecessor-version":[{"id":5563,"href":"https:\/\/kursy-udt.pl\/fr\/wp-json\/wp\/v2\/pages\/4220\/revisions\/5563"}],"up":[{"embeddable":true,"href":"https:\/\/kursy-udt.pl\/fr\/wp-json\/wp\/v2\/pages\/2721"}],"wp:featuredmedia":[{"embeddable":true,"href":"https:\/\/kursy-udt.pl\/fr\/wp-json\/wp\/v2\/media\/4222"}],"wp:attachment":[{"href":"https:\/\/kursy-udt.pl\/fr\/wp-json\/wp\/v2\/media?parent=4220"}],"curies":[{"name":"wp","href":"https:\/\/api.w.org\/{rel}","templated":true}]}}