{"id":42,"date":"2014-02-10T17:15:54","date_gmt":"2014-02-10T17:15:54","guid":{"rendered":"http:\/\/kursy-udt.kwiaty0.pl\/?page_id=42"},"modified":"2020-02-28T20:05:03","modified_gmt":"2020-02-28T20:05:03","slug":"charpentiers","status":"publish","type":"page","link":"https:\/\/kursy-udt.pl\/fr\/ciegniki\/","title":{"rendered":"Tracteurs"},"content":{"rendered":"<div style=\"float: left; padding-right: 10px;\"><img decoding=\"async\" src=\"\/wp-content\/uploads\/2014\/04\/ciegniki.jpg\" alt=\"Tracteurs\" \/><\/div>\n<div class=\"wyjustuj\">\n<p>Les tireurs sont des appareils de levage con\u00e7us pour aider \u00e0 d\u00e9placer des objets fixes \u00e0 l'aide de tendeurs - crochets ou grappins. Les noms interchangeables sont attracteurs, treuils ou chefs - pour les faire fonctionner, vous devez avoir un <a href=\"https:\/\/kursy-udt.pl\/fr\/uprawnienia-udt\/kategorie-uprawnien-2\/\">Dipl\u00f4mes UDT<\/a>. Nous proposons un cours de tracteur pour les obtenir.<\/p>\n<p>Nos cours sur les tracteurs sont pleins d'informations et de pratiques pr\u00e9cieuses et sont dispens\u00e9s sous forme de cours de formation UDT. Tous les cours de formation sont dispens\u00e9s par des sp\u00e9cialistes comp\u00e9tents dans le domaine. Une fois que vous les aurez compl\u00e9t\u00e9s et que vous aurez r\u00e9ussi l'examen, vous pourrez obtenir les droits de l'Office d'inspection technique. Nous vous invitons \u00e0 profiter de notre offre d'enseignement !<\/p>\n<\/div>\n<div class=\"button_styl\" style=\"float: right; padding-left: 15px; padding-bottom: 8px; margin-bottom: 5px;\"><a class=\"myButton myButton_maly\" href=\"https:\/\/platformaedukacji.pl\/login\/signup.php\" target=\"_blank\" rel=\"nofollow noopener noreferrer\"><span style=\"color: white;\">Inscrivez-vous \u00e0 la formation<\/span><\/a><\/div>","protected":false},"excerpt":{"rendered":"<p>Les tracteurs sont des appareils de levage dont le but est d&#039;aider \u00e0 d\u00e9placer des objets solides \u00e0 l&#039;aide de tendons - crochets ou pinces. Les noms interchangeables incluent les treuils, les treuils ou les treuils - pour les faire fonctionner, vous devez avoir des qualifications UDT. Nous vous proposons une formation tracteur qui vous permettra de les obtenir. Nos cours de tracteur sont des cours pleins d&#039;informations et de pratiques pr\u00e9cieuses, qui sont dispens\u00e9s sous forme de formation UDT. Toutes les formations sont dispens\u00e9es par des sp\u00e9cialistes comp\u00e9tents dans le domaine. Apr\u00e8s leur ach\u00e8vement et la r\u00e9ussite de l&#039;examen, vous pouvez obtenir l&#039;autorisation du Bureau de l&#039;Inspection Technique. Nous vous invitons \u00e0 profiter de l&#039;offre didactique ! Inscrivez-vous \u00e0 la formation<\/p>","protected":false},"author":1,"featured_media":0,"parent":0,"menu_order":0,"comment_status":"closed","ping_status":"closed","template":"","meta":{"sfsi_plus_gutenberg_text_before_share":"","sfsi_plus_gutenberg_show_text_before_share":"","sfsi_plus_gutenberg_icon_type":"","sfsi_plus_gutenberg_icon_alignemt":"","sfsi_plus_gutenburg_max_per_row":"","footnotes":""},"class_list":["post-42","page","type-page","status-publish","hentry","has_thumb"],"aioseo_notices":[],"_links":{"self":[{"href":"https:\/\/kursy-udt.pl\/fr\/wp-json\/wp\/v2\/pages\/42","targetHints":{"allow":["GET"]}}],"collection":[{"href":"https:\/\/kursy-udt.pl\/fr\/wp-json\/wp\/v2\/pages"}],"about":[{"href":"https:\/\/kursy-udt.pl\/fr\/wp-json\/wp\/v2\/types\/page"}],"author":[{"embeddable":true,"href":"https:\/\/kursy-udt.pl\/fr\/wp-json\/wp\/v2\/users\/1"}],"replies":[{"embeddable":true,"href":"https:\/\/kursy-udt.pl\/fr\/wp-json\/wp\/v2\/comments?post=42"}],"version-history":[{"count":17,"href":"https:\/\/kursy-udt.pl\/fr\/wp-json\/wp\/v2\/pages\/42\/revisions"}],"predecessor-version":[{"id":2984,"href":"https:\/\/kursy-udt.pl\/fr\/wp-json\/wp\/v2\/pages\/42\/revisions\/2984"}],"wp:attachment":[{"href":"https:\/\/kursy-udt.pl\/fr\/wp-json\/wp\/v2\/media?parent=42"}],"curies":[{"name":"wp","href":"https:\/\/api.w.org\/{rel}","templated":true}]}}