{"id":4197,"date":"2022-08-30T06:43:44","date_gmt":"2022-08-30T06:43:44","guid":{"rendered":"https:\/\/kursy-udt.pl\/?page_id=4197"},"modified":"2023-03-20T20:32:31","modified_gmt":"2023-03-20T19:32:31","slug":"cours-pour-les-manutentionnaires-de-conteneurs","status":"publish","type":"page","link":"https:\/\/kursy-udt.pl\/fr\/szkolenia\/udt-wdt-tdt\/kurs-na-wozki-kontenerowe\/","title":{"rendered":"Cours de camions porte-conteneurs"},"content":{"rendered":"<div class=\"wp-block-image\">\n<figure class=\"alignright size-large is-resized\"><img loading=\"lazy\" decoding=\"async\" src=\"https:\/\/kursy-udt.pl\/wp-content\/uploads\/2022\/08\/3-6.jpeg\" alt=\"Autorisations UDT et TDT\" width=\"360\" height=\"267\"\/><\/figure>\n<\/div>\n\n\n<p>Nous organisons un cours qui vous permettra d'acqu\u00e9rir <a href=\"https:\/\/kursy-udt.pl\/fr\/uprawnienia-udt\/kategorie-uprawnien-2\/\">droits<\/a> pour devenir cariste de manutention de conteneurs. Si nous devons conduire des chariots \u00e9l\u00e9vateurs \u00e0 conteneurs, il sera n\u00e9cessaire d'obtenir les qualifications appropri\u00e9es. En g\u00e9n\u00e9ral, les employeurs promouvant un employ\u00e9 au poste de conducteur de chariot \u00e9l\u00e9vateur \u00e0 fourche veulent que cette personne soit qualifi\u00e9e pour le faire. Toutefois, vous pouvez vous pr\u00e9parer \u00e0 l'avance et suivre une formation. Vous \u00e9largirez ainsi vos comp\u00e9tences et augmenterez vos chances d'embauche. La formation de cariste de conteneurs est dispens\u00e9e par <a href=\"https:\/\/kursy-udt.pl\/fr\/o-firmie\/\">Centre de formation du personnel ERGON<\/a>.&nbsp;<\/p>\n\n\n\n<h2 class=\"wp-block-heading\">Conditions requises pour commencer la formation&nbsp;<\/h2>\n\n\n\n<p>Une personne souhaitant devenir stagiaire doit remplir des conditions de base. Tout d'abord, elle doit \u00eatre majeure. Elle doit \u00e9galement avoir au moins un niveau d'instruction \u00e9l\u00e9mentaire. En outre, il est important qu'elle ne pr\u00e9sente aucune contre-indication de sant\u00e9 \u00e0 la conduite de ce type d'\u00e9quipement. Il est conseill\u00e9 d'avoir un permis de conduire de cat\u00e9gorie B, qui facilitera l'apprentissage de la conduite du chariot \u00e9l\u00e9vateur. La cat\u00e9gorie C, quant \u00e0 elle, permettra de conduire l'engin sur la voie publique. Si vous remplissez toutes les conditions, il vous sera facile de vous inscrire \u00e0 la formation.&nbsp;<\/p>\n\n\n\n<h2 class=\"wp-block-heading\">Th\u00e8mes des cours&nbsp;<\/h2>\n\n\n\n<p>Notre formation garantit un apprentissage \u00e0 la fois th\u00e9orique et pratique. Une formation solide est la base d'un examen bien r\u00e9ussi et, par cons\u00e9quent, de l'obtention de votre permis. Voici les sujets que nous abordons pendant le cours :\u00a0<\/p>\n\n\n\n<figure class=\"wp-block-table\"><table><tbody><tr><td><strong>Publier<\/strong>&nbsp;<\/td><td><strong>Bref aper\u00e7u<\/strong>&nbsp;<\/td><\/tr><tr><td>Inspection technique&nbsp;<\/td><td>Le participant apprend les r\u00e8gles de surveillance et les normes juridiques r\u00e9glement\u00e9es par les autorit\u00e9s - UDT et TDT.&nbsp;<\/td><\/tr><tr><td>Transport de marchandises&nbsp;<\/td><td>Conna\u00eetre les param\u00e8tres du transport.&nbsp;<\/td><\/tr><tr><td>Construction de l&#039;appareil&nbsp;<\/td><td>Les \u00e9l\u00e8ves apprennent comment est construit un camion porte-conteneurs et \u00e0 quoi servent les instruments.&nbsp;<\/td><\/tr><tr><td>Sant\u00e9 et s\u00e9curit\u00e9&nbsp;<\/td><td>Conna\u00eetre les r\u00e9glementations en mati\u00e8re de sant\u00e9 et de s\u00e9curit\u00e9 et les activit\u00e9s qui doivent \u00eatre effectu\u00e9es avant et apr\u00e8s l&#039;utilisation de la machine.&nbsp;<\/td><\/tr><tr><td>Pratique&nbsp;<\/td><td>Exploitation du mat\u00e9riel, c'est-\u00e0-dire conduite du chariot, d\u00e9placement du conteneur, entre autres.&nbsp;<\/td><\/tr><\/tbody><\/table><\/figure>\n\n\n\n<p>C'est pourquoi nous disposons d'un large \u00e9ventail de sujets que vous pouvez apprendre dans le cadre d'une formation dans notre centre. Les connaissances th\u00e9oriques seront appliqu\u00e9es lors de la conduite d'un chariot \u00e9l\u00e9vateur, c'est pourquoi elles sont si n\u00e9cessaires. Surtout, elles sont exig\u00e9es par l'UDT et le TDT. Notre entreprise vous garantit une formation compl\u00e8te dans ce domaine.&nbsp;<\/p>\n\n\n\n<figure class=\"wp-block-image size-large is-resized\"><img loading=\"lazy\" decoding=\"async\" src=\"https:\/\/kursy-udt.pl\/wp-content\/uploads\/2022\/08\/2-9.jpeg\" alt=\"Chariot porte-conteneurs Kalmar\" width=\"777\" height=\"517\"\/><\/figure>\n\n\n\n<h2 class=\"wp-block-heading\">Examen&nbsp;<\/h2>\n\n\n\n<p>Comme vous le savez d\u00e9j\u00e0, pour obtenir le permis de conduire un chariot \u00e9l\u00e9vateur \u00e0 conteneurs, vous devez d'abord passer un examen. Une fois que vous avez suivi tous les cours de formation, vous pouvez vous pr\u00e9senter \u00e0 l'examen. Normalement, vous pouvez passer l'examen environ deux semaines apr\u00e8s avoir termin\u00e9 votre formation. La p\u00e9riode d'attente d\u00e9pend de la branche sp\u00e9cifique de l'autorit\u00e9 de contr\u00f4le technique ou de l'inspection technique des transports. L'examen se compose d'une partie th\u00e9orique, qui requiert la connaissance des concepts appris pendant le cours, et d'une partie pratique, au cours de laquelle vous effectuez des op\u00e9rations sur la machine. Un r\u00e9sultat positif \u00e0 l'examen garantit que vous \u00eates qualifi\u00e9.&nbsp;<\/p>\n\n\n\n<h2 class=\"wp-block-heading\">Qu&#039;est-ce qui nous distingue?&nbsp;<\/h2>\n\n\n\n<p>Le Centre ERGON pour le d\u00e9veloppement du personnel dispose d'un personnel exp\u00e9riment\u00e9 et qualifi\u00e9 qui vous formera en cons\u00e9quence. L'apprentissage chez nous est amusant et int\u00e9ressant gr\u00e2ce aux diff\u00e9rentes formes d'activation des participants. L'\u00e9quipement sur lequel nous organisons nos cours est \u00e0 la pointe de la technologie. Cela contribue \u00e9galement \u00e0 sa facilit\u00e9 d'utilisation par les stagiaires. Tout est expliqu\u00e9 en d\u00e9tail et, si n\u00e9cessaire, un sujet est rediscut\u00e9 s'il n'est pas compris. Les th\u00e8mes susmentionn\u00e9s peuvent \u00eatre librement d\u00e9velopp\u00e9s en fonction des besoins de nos clients. La formation peut \u00eatre ouverte ou ferm\u00e9e. Dans le premier cas, elle est accessible \u00e0 toute personne int\u00e9ress\u00e9e et est organis\u00e9e \u00e0 la date indiqu\u00e9e dans notre calendrier. La forme ferm\u00e9e, en revanche, est la plus adapt\u00e9e \u00e0 vos besoins. Nous l'organisons pour des groupes sp\u00e9cifiques, par exemple pour un lieu de travail.&nbsp;<\/p>\n\n\n\n<h2 class=\"wp-block-heading\">Prix&nbsp;<\/h2>\n\n\n\n<p>Notre centre garantit que le prix de la formation est comp\u00e9titif et avantageux pour tous. Nous le fixons individuellement et l'adaptons au nombre de participants. Nous proposons \u00e9galement des r\u00e9ductions pour les groupes organis\u00e9s. Nous organisons le cours pour les manutentionnaires de conteneurs dans nos succursales. Toutefois, si vous avez besoin d'une formation sur place, il n'y a pas de probl\u00e8me. Nous sommes en mesure de nous rendre dans n'importe quelle r\u00e9gion de Pologne !\u00a0<\/p>\n\n\n\n<figure class=\"wp-block-image size-large is-resized\"><img loading=\"lazy\" decoding=\"async\" src=\"https:\/\/kursy-udt.pl\/wp-content\/uploads\/2022\/08\/1-12.jpeg\" alt=\"op\u00e9rateur d&#039;\u00e9quipement de manutention de conteneurs\" width=\"753\" height=\"501\"\/><\/figure>\n\n\n\n<h2 class=\"wp-block-heading\">Qui d\u00e9livre les indemnit\u00e9s ?&nbsp;<\/h2>\n\n\n\n<p>Commen\u00e7ons par l'endroit o\u00f9 nous traitons sp\u00e9cifiquement des chariots de manutention de conteneurs. Ils peuvent \u00eatre utilis\u00e9s dans les terminaux portuaires et les terminaux de transbordement ferroviaire. Dans ce cas, les autorisations sont d\u00e9livr\u00e9es par le contr\u00f4le technique des transports. Dans d'autres situations, vous pouvez demander un certificat de qualification au Bureau d'inspection technique. Quel que soit l'endroit o\u00f9 vous utiliserez le chariot \u00e9l\u00e9vateur pour conteneurs, vous obtiendrez votre qualification par le biais d'une formation. Pour ceux qui ont le TDT, aucune cat\u00e9gorie sp\u00e9cifique n'est requise.&nbsp;&nbsp;<\/p>\n\n\n\n<h2 class=\"wp-block-heading\">Caract\u00e9ristiques des camions porte-conteneurs&nbsp;&nbsp;<\/h2>\n\n\n\n<p>Un Reachstacker est ce que l'on appelle un chariot qui peut transporter des marchandises pesant jusqu'\u00e0 45 tonnes. La hauteur de levage de cette unit\u00e9 peut atteindre seize m\u00e8tres. Les camions porte-conteneurs sont con\u00e7us pour supporter de tels poids. On les appelle famili\u00e8rement \"squids\", car Kalmar est le nom de la principale entreprise qui fabrique ce type d'\u00e9quipement. Les chariots de cette marque sont les plus courants sur le march\u00e9, mais d'autres, comme Konecranes, sont \u00e9galement utilis\u00e9s. N\u00e9anmoins, les chariots \"squids\" sont les plus courants dans le domaine de la manutention, et il vaut donc la peine d'acqu\u00e9rir des comp\u00e9tences pratiques sur ces machines. Nous pouvons vous garantir que nous vous formerons \u00e0 l'utilisation des reachstackers et que ces connaissances vous seront utiles \u00e0 l'avenir !\u00a0\u00a0<\/p>\n\n\n\n<p>\u00cates-vous int\u00e9ress\u00e9 par cette offre ? Vous avez des questions \u00e0 poser ? Nous vous invitons \u00e0 prendre rendez-vous pour des dates pr\u00e9cises et pour d\u00e9terminer le prix du cours !&nbsp;<\/p>\n\n\n\n<figure class=\"wp-block-image size-large is-resized\"><img loading=\"lazy\" decoding=\"async\" src=\"https:\/\/kursy-udt.pl\/wp-content\/uploads\/2022\/12\/67-Urzadzenia-do-manipulacji-kontenerami-kursy-udt.pl_.png\" alt=\"Cours ERGON\" width=\"775\" height=\"485\"\/><\/figure>","protected":false},"excerpt":{"rendered":"<p>Organizujemy kurs, dzi\u0119ki kt\u00f3remu mo\u017cna naby\u0107 uprawnienia na operatora w\u00f3zk\u00f3w do manipulacji kontenerami. Je\u015bli mamy zamiar obs\u0142ugiwa\u0107 w\u00f3zki kontenerowe, niezb\u0119dne b\u0119dzie uzyskanie odpowiednich uprawnie\u0144. Zwykle pracodawcy awansuj\u0105 pracownika na stanowisko operatora w\u00f3zk\u00f3w wysokiego sk\u0142adowania i chc\u0105, aby taka osoba mia\u0142a do tego kwalifikacje. Mo\u017cna jednak by\u0107 przygotowanym ju\u017c wcze\u015bniej i zrobi\u0107 kurs. Dzi\u0119ki temu poszerzysz swoje kompetencje i zwi\u0119kszysz swoje szanse na zatrudnienie. Szkolenie na operatora w\u00f3zk\u00f3w kontenerowych prowadzi O\u015brodek Doskonalenia Kadr ERGON.&nbsp; Wymagania do rozpocz\u0119cia szkolenia&nbsp; Osoba chc\u0105ca zosta\u0107 uczestnikiem szkolenia, musi spe\u0142ni\u0107 podstawowe wymagania. Przede wszystkim taka osoba musi by\u0107 pe\u0142noletnia. R\u00f3wnie\u017c powinna mie\u0107 co najmniej wykszta\u0142cenie podstawowe. Poza tym wa\u017cne jest, aby nie mia\u0142a przeciwwskaza\u0144 zdrowotnych do prowadzenia tego typu urz\u0105dzenia. Warto mie\u0107 prawo jazdy kategorii B, kt\u00f3re wspomo\u017ce przy nauce operowania w\u00f3zkiem. Z kolei kategoria C umo\u017cliwi uczestnikowi jazd\u0119 maszyn\u0105 po publicznych drogach. Je\u015bli spe\u0142niasz wszystkie wymagania, bez trudu zapiszesz si\u0119 na kurs.&nbsp; Tematyka zaj\u0119\u0107&nbsp; Nasze szkolenie gwarantuje zar\u00f3wno nauk\u0119 pod k\u0105tem teoretycznym, jak i praktycznym. Solidne przeszkolenie to podstawa dobrze zdanego egzaminu i \u2013 co za tym idzie \u2013 nabycia uprawnie\u0144. Oto zagadnienia, jakie poruszamy w trakcie kursu:\u00a0 Zagadnienie&nbsp; Kr\u00f3tkie om\u00f3wienie&nbsp; Doz\u00f3r techniczny&nbsp; Uczestnik zapoznaje si\u0119 z zasadami dozoru i normami prawnymi, kt\u00f3re reguluj\u0105 organy \u2013 UDT i TDT.&nbsp; Przew\u00f3z \u0142adunk\u00f3w&nbsp; Zapoznanie si\u0119 z parametrami przewozu.&nbsp; Budowa urz\u0105dzenia&nbsp; Kursanci dowiaduj\u0105 si\u0119, jak w\u00f3zek kontenerowy jest skonstruowany i do czego s\u0142u\u017c\u0105 dane przyrz\u0105dy.&nbsp; BHP&nbsp; Nauka na temat przepis\u00f3w bezpiecze\u0144stwa i higieny pracy oraz zapoznanie z czynno\u015bciami, jakie nale\u017cy wykonywa\u0107 przed rozpocz\u0119ciem i po zako\u0144czeniu kierowania urz\u0105dzeniem.&nbsp; Praktyka&nbsp; Obs\u0142ugiwanie urz\u0105dzenia, czyli m.in. [&hellip;]<\/p>\n","protected":false},"author":6,"featured_media":4200,"parent":2721,"menu_order":0,"comment_status":"closed","ping_status":"closed","template":"","meta":{"sfsi_plus_gutenberg_text_before_share":"","sfsi_plus_gutenberg_show_text_before_share":"","sfsi_plus_gutenberg_icon_type":"","sfsi_plus_gutenberg_icon_alignemt":"","sfsi_plus_gutenburg_max_per_row":"","footnotes":""},"class_list":["post-4197","page","type-page","status-publish","has-post-thumbnail","hentry","has_thumb"],"aioseo_notices":[],"_links":{"self":[{"href":"https:\/\/kursy-udt.pl\/fr\/wp-json\/wp\/v2\/pages\/4197","targetHints":{"allow":["GET"]}}],"collection":[{"href":"https:\/\/kursy-udt.pl\/fr\/wp-json\/wp\/v2\/pages"}],"about":[{"href":"https:\/\/kursy-udt.pl\/fr\/wp-json\/wp\/v2\/types\/page"}],"author":[{"embeddable":true,"href":"https:\/\/kursy-udt.pl\/fr\/wp-json\/wp\/v2\/users\/6"}],"replies":[{"embeddable":true,"href":"https:\/\/kursy-udt.pl\/fr\/wp-json\/wp\/v2\/comments?post=4197"}],"version-history":[{"count":4,"href":"https:\/\/kursy-udt.pl\/fr\/wp-json\/wp\/v2\/pages\/4197\/revisions"}],"predecessor-version":[{"id":5561,"href":"https:\/\/kursy-udt.pl\/fr\/wp-json\/wp\/v2\/pages\/4197\/revisions\/5561"}],"up":[{"embeddable":true,"href":"https:\/\/kursy-udt.pl\/fr\/wp-json\/wp\/v2\/pages\/2721"}],"wp:featuredmedia":[{"embeddable":true,"href":"https:\/\/kursy-udt.pl\/fr\/wp-json\/wp\/v2\/media\/4200"}],"wp:attachment":[{"href":"https:\/\/kursy-udt.pl\/fr\/wp-json\/wp\/v2\/media?parent=4197"}],"curies":[{"name":"wp","href":"https:\/\/api.w.org\/{rel}","templated":true}]}}