{"id":4187,"date":"2022-08-23T10:02:09","date_gmt":"2022-08-23T10:02:09","guid":{"rendered":"https:\/\/kursy-udt.pl\/?page_id=4187"},"modified":"2023-03-21T13:31:22","modified_gmt":"2023-03-21T12:31:22","slug":"droits-tdt-uno","status":"publish","type":"page","link":"https:\/\/kursy-udt.pl\/fr\/szkolenia\/udt-wdt-tdt\/uprawnienia-tdt-uno\/","title":{"rendered":"Autorisations TDT, ONU - cours de formation"},"content":{"rendered":"<figure class=\"wp-block-image size-large is-resized\"><img loading=\"lazy\" decoding=\"async\" src=\"https:\/\/kursy-udt.pl\/wp-content\/uploads\/2022\/08\/3-5.jpeg\" alt=\"p\u00e9troliers et remplisseurs - cours\" width=\"771\" height=\"515\"\/><\/figure>\n\n\n\n<h2 class=\"wp-block-heading\">Cours de remplissage et de vidange des r\u00e9servoirs&nbsp;<\/h2>\n\n\n\n<p><a href=\"https:\/\/kursy-udt.pl\/fr\/o-firmie\/\">Centre de formation du personnel ERGON<\/a> organise des formations TDT pour le remplissage et la vidange des citernes. Il s'agit d'une comp\u00e9tence importante pour les personnes qui transportent ou d\u00e9versent diverses substances - en particulier des substances dangereuses - au moyen de citernes. Pour effectuer ce travail, vous devez avoir les bonnes comp\u00e9tences. <a href=\"https:\/\/kursy-udt.pl\/fr\/uprawnienia-udt\/kategorie-uprawnien-2\/\">droits<\/a>. Si vous ne les avez pas, vous vous exposez \u00e0 de lourdes sanctions en cas de contr\u00f4le. Le jeu n'en vaut donc pas la chandelle, suivez la formation !&nbsp;<\/p>\n\n\n\n<h2 class=\"wp-block-heading\">Qui doit \u00eatre form\u00e9 ?&nbsp;<\/h2>\n\n\n\n<p><a href=\"https:\/\/kursy-udt.pl\/fr\/szkolenia\/udt-wdt-tdt\/tdt\/\">Cours TDT<\/a> (\u00e9galement connu sous le nom de cours UNO) est destin\u00e9 \u00e0 toute personne int\u00e9ress\u00e9e. En particulier, il devrait \u00eatre suivi par ceux qui sont des chauffeurs professionnels qui transportent des marchandises dans des citernes. Ces conducteurs disposent d\u00e9j\u00e0 de l&#039;autorisation appropri\u00e9e pour transporter des produits dangereux, c&#039;est-\u00e0-dire dans le domaine de l&#039;ADR. Cependant, le transport lui-m\u00eame peut \u00eatre insuffisant dans des cas particuliers, il vaut donc la peine d&#039;acqu\u00e9rir des licences suppl\u00e9mentaires pour les citernes \u00e0 remplissage automatique. La formation s&#039;adresse \u00e9galement aux employ\u00e9s au service des embouteilleurs de mati\u00e8res dangereuses. Ces types d&#039;appareils sont g\u00e9n\u00e9ralement plac\u00e9s dans des entreprises qui produisent de tels biens.&nbsp;<\/p>\n\n\n<div class=\"wp-block-image\">\n<figure class=\"alignright size-large is-resized\"><img loading=\"lazy\" decoding=\"async\" src=\"https:\/\/kursy-udt.pl\/wp-content\/uploads\/2022\/08\/2-8.jpeg\" alt=\"Licence d&#039;exploitation UNO\" width=\"297\" height=\"297\"\/><\/figure>\n<\/div>\n\n\n<h2 class=\"wp-block-heading\">Exigences pour le stagiaire&nbsp;<\/h2>\n\n\n\n<p>Tout d'abord, une personne qui peut participer au cours doit \u00eatre \u00e2g\u00e9e d'au moins 18 ans. Cette personne doit \u00e9galement conna\u00eetre le polonais - un crit\u00e8re important pour les \u00e9trangers, car l'examen TDT n'est pas traduit dans d'autres langues. Si la connaissance du polonais n'est pas suffisante, il est possible de faire appel \u00e0 un interpr\u00e8te. Toutefois, il est plus important que le participant ait au moins une formation professionnelle. Un certificat de qualification en tant que travailleur qualifi\u00e9 peut \u00e9galement suffire. Le dernier crit\u00e8re est le remplissage de la demande d'examen. Ce document doit \u00eatre pr\u00e9sent\u00e9 au d\u00e9but de la formation, accompagn\u00e9 de la preuve de la formation (ou du statut de travailleur qualifi\u00e9).&nbsp;<\/p>\n\n\n\n<h2 class=\"wp-block-heading\">L&#039;\u00e9ventail des sujets&nbsp;<\/h2>\n\n\n\n<p>La formation TDT couvre \u00e0 la fois les questions th\u00e9oriques et pratiques. Ceux-ci incluent, entre autres :&nbsp;<\/p>\n\n\n\n<figure class=\"wp-block-table\"><table><tbody><tr><td><strong>Publier<\/strong>&nbsp;<\/td><td><strong>Explication<\/strong>&nbsp;<\/td><\/tr><tr><td><a href=\"https:\/\/kursy-udt.pl\/fr\/szkolenia\/bhp-bezpieczenstwo-pracy\/prawna-ochrona-pracy\/\">Sant\u00e9 et s\u00e9curit\u00e9<\/a> et la protection contre les incendies&nbsp;<\/td><td>Familiarisez-vous avec les r\u00e8gles en mati\u00e8re de sant\u00e9, de s\u00e9curit\u00e9 et d'incendie.&nbsp;<\/td><\/tr><tr><td>Mati\u00e8res dangereuses&nbsp;<\/td><td>Acquisition de connaissances sur les mati\u00e8res dangereuses et surtout sur leurs propri\u00e9t\u00e9s chimiques ou physiques.&nbsp;<\/td><\/tr><tr><td>Marquages de r\u00e9servoir&nbsp;<\/td><td>Instruire les participants sur la mani\u00e8re de d\u00e9crire et de lire les marquages sur les r\u00e9servoirs pour le transport.&nbsp;<\/td><\/tr><tr><td>Construction et surveillance&nbsp;<\/td><td>Familiarisation avec la conception des r\u00e9servoirs et la supervision technique de tous les \u00e9quipements.&nbsp;<\/td><\/tr><tr><td>Soutien de l&#039;ONU&nbsp;<\/td><td>Apprentissage pratique du fonctionnement des machines de remplissage et du remplissage et de la vidange des camions-citernes.&nbsp;<\/td><\/tr><\/tbody><\/table><\/figure>\n\n\n\n<p>Quelle que soit la classe de mat\u00e9riaux pour laquelle nous sommes certifi\u00e9s, les probl\u00e8mes sont les m\u00eames. La seule diff\u00e9rence est la quantit\u00e9 de mati\u00e8re \u00e0 ma\u00eetriser pendant le cours.&nbsp;<\/p>\n\n\n\n<h2 class=\"wp-block-heading\">Cours de formation et d&#039;examen&nbsp;<\/h2>\n\n\n<div class=\"wp-block-image\">\n<figure class=\"alignright size-large is-resized\"><img loading=\"lazy\" decoding=\"async\" src=\"https:\/\/kursy-udt.pl\/wp-content\/uploads\/2022\/08\/1-11.jpeg\" alt=\"remplissage avec des substances dangereuses\" width=\"253\" height=\"378\"\/><\/figure>\n<\/div>\n\n\n<p>Une fois les conditions formelles remplies, la formation peut commencer. Les sujets th\u00e9oriques sont abord\u00e9s au d\u00e9but. Dans une phase ult\u00e9rieure, l'attention se porte sur les aspects pratiques, qui sont cruciaux pour l'ensemble du processus d'apprentissage. Une fois que toute la mati\u00e8re a \u00e9t\u00e9 couverte, un examen vous attend. Le contr\u00f4le technique des transports dispose de son propre comit\u00e9 de qualification et c'est \u00e0 ce comit\u00e9 que le stagiaire est confront\u00e9. Un r\u00e9sultat positif \u00e0 l'examen vous permet de recevoir un certificat de qualification pour l'utilisation du mat\u00e9riel UNO. Il convient de mentionner que les autorisations d'utilisation du mat\u00e9riel sont valables ind\u00e9finiment. Il n'est donc pas n\u00e9cessaire de les renouveler p\u00e9riodiquement, comme c'est le cas pour d'autres \u00e9quipements. Il est \u00e9galement important de savoir qu'il est possible d'effectuer des autorisations pour plusieurs classes de mati\u00e8res dangereuses. C'est une bonne solution pour ceux qui doivent manipuler diff\u00e9rents types de marchandises dans le cadre de leur travail.&nbsp;&nbsp;<\/p>\n\n\n\n<h2 class=\"wp-block-heading\">Pourquoi nous choisir ?&nbsp;<\/h2>\n\n\n\n<p>Notre centre vous formera \u00e0 l'utilisation des \u00e9quipements TDT et UNO. Notre \u00e9quipe de sp\u00e9cialistes bien form\u00e9s et le mat\u00e9riel dont nous disposons vous permettront de vous pr\u00e9parer correctement \u00e0 l'examen et de le r\u00e9ussir. Nous organisons des cours de formation dans nos agences, mais si vous souhaitez les organiser sur votre lieu de travail, c'est possible. Nous nous d\u00e9pla\u00e7ons dans toute la Pologne ! Le Centre de d\u00e9veloppement du personnel ERGON vous encourage \u00e0 participer \u00e0 un cours ! &nbsp;<br>&nbsp;<br>&nbsp;<\/p>\n\n\n\n<h2 class=\"wp-block-heading\">Marchandises dangereuses - qu&#039;est-ce que c&#039;est?&nbsp;<\/h2>\n\n\n\n<p>Le Centre de d\u00e9veloppement du personnel ERGON organise des cours de formation pour diff\u00e9rents produits class\u00e9s comme dangereux. Il s'agit, par exemple, des gaz ou des liquides inflammables, qui appartiennent respectivement aux classes 2 et 3. La classe quatre comprend les mati\u00e8res solides inflammables, ainsi que les mati\u00e8res autor\u00e9actives, spontan\u00e9ment combustibles et celles qui forment des gaz inflammables au contact de l'eau. Les mati\u00e8res comburantes et les peroxydes organiques, quant \u00e0 eux, sont des mati\u00e8res dangereuses de classe cinq. Nous formons \u00e9galement \u00e0 la manipulation des mati\u00e8res toxiques et infectieuses - classe six - et des mati\u00e8res corrosives appartenant \u00e0 la classe huit. En dernier lieu, on trouve divers produits non dangereux, tels que la farine, les huiles, le petrygo, l'asphalte, les masses bitumineuses, mais remplies sous pression.\u00a0<\/p>\n\n\n\n<p><strong>Si vous avez des questions, n'h\u00e9sitez pas \u00e0 nous contacter.<\/strong><\/p>\n\n\n\n<figure class=\"wp-block-image size-large is-resized\"><img loading=\"lazy\" decoding=\"async\" src=\"https:\/\/kursy-udt.pl\/wp-content\/uploads\/2023\/01\/80-TDT-kursy-udt.pl_.png\" alt=\"Formation ERGON\" width=\"743\" height=\"464\"\/><\/figure>","protected":false},"excerpt":{"rendered":"<p>Kurs nape\u0142niania i opr\u00f3\u017cniania cystern&nbsp; O\u015brodek Doskonalenia Kadr ERGON organizuje szkolenie TDT na nape\u0142nianie i opr\u00f3\u017cnianie cystern. Jest to wa\u017cna umiej\u0119tno\u015b\u0107 dla tych, kt\u00f3rzy przewo\u017c\u0105 b\u0105d\u017a rozlewaj\u0105 r\u00f3\u017cne substancje \u2013 w szczeg\u00f3lno\u015bci niebezpieczne \u2013 za pomoc\u0105 zbiornik\u00f3w. Aby wykonywa\u0107 t\u0119 prac\u0119, nale\u017cy mie\u0107 odpowiednie uprawnienia. Je\u015bli nie b\u0119dziesz ich mie\u0107, gro\u017c\u0105 Ci surowe kary w razie kontroli. Nie warto wi\u0119c ryzykowa\u0107, we\u017a udzia\u0142 w szkoleniu!&nbsp; Kto powinien si\u0119 przeszkoli\u0107?&nbsp; Kurs TDT (nazywany te\u017c kursem UNO) jest przeznaczony dla ka\u017cdego zainteresowanego. W szczeg\u00f3lno\u015bci powinny wzi\u0105\u0107 w nim udzia\u0142 osoby, kt\u00f3re s\u0105 zawodowymi kierowcami przewo\u017c\u0105cymi towary w zbiornikach. Tacy kierowcy maj\u0105 ju\u017c odpowiednie uprawnienia do przewozu produkt\u00f3w niebezpiecznych, czyli z zakresu ADR. Samo przewo\u017cenie mo\u017ce by\u0107 jednak niewystarczaj\u0105ce w szczeg\u00f3lnych przypadkach, dlatego warto wtedy naby\u0107 dodatkowe uprawnienia na samodzielne nape\u0142nianie cystern. Szkolenie tak\u017ce jest przeznaczone dla pracownik\u00f3w obs\u0142uguj\u0105cych rozlewnie towar\u00f3w niebezpiecznych. Tego typu urz\u0105dzenia s\u0105 zazwyczaj umieszczane w firmach, kt\u00f3re produkuj\u0105 takie w\u0142a\u015bnie towary.&nbsp; Wymagania wobec kursanta&nbsp; Przede wszystkim osoba, kt\u00f3ra mo\u017ce by\u0107 uczestnikiem kursu musi mie\u0107 uko\u0144czone 18 lat. Taka osoba musi te\u017c zna\u0107 j\u0119zyk polski \u2013 to wa\u017cne kryterium dla obcokrajowc\u00f3w, poniewa\u017c egzamin TDT nie jest t\u0142umaczony na inne j\u0119zyki. Je\u015bli znajomo\u015b\u0107 polskiego nie jest na odpowiednim poziomie, dopuszcza si\u0119 sytuacj\u0119, w kt\u00f3rej zapewniony jest t\u0142umacz. Wa\u017cniejsze jest jednak to, \u017ceby uczestnik mia\u0142 co najmniej wykszta\u0142cenie zawodowe. Spraw\u0119 w tym przypadku mo\u017ce za\u0142atwi\u0107 tak\u017ce za\u015bwiadczenie o byciu wykwalifikowanym robotnikiem. Ostatnie kryterium stanowi wype\u0142nienie wniosku o przeprowadzenie egzaminu. Ten w\u0142a\u015bnie dokument wraz z po\u015bwiadczeniem wykszta\u0142cenia (b\u0105d\u017a bycia robotnikiem wykwalifikowanym), nale\u017cy przed\u0142o\u017cy\u0107 przy rozpocz\u0119ciu szkolenia.&nbsp; Zakres temat\u00f3w&nbsp; [&hellip;]<\/p>\n","protected":false},"author":6,"featured_media":4188,"parent":2721,"menu_order":0,"comment_status":"closed","ping_status":"closed","template":"","meta":{"sfsi_plus_gutenberg_text_before_share":"","sfsi_plus_gutenberg_show_text_before_share":"","sfsi_plus_gutenberg_icon_type":"","sfsi_plus_gutenberg_icon_alignemt":"","sfsi_plus_gutenburg_max_per_row":"","footnotes":""},"class_list":["post-4187","page","type-page","status-publish","has-post-thumbnail","hentry","has_thumb"],"aioseo_notices":[],"_links":{"self":[{"href":"https:\/\/kursy-udt.pl\/fr\/wp-json\/wp\/v2\/pages\/4187","targetHints":{"allow":["GET"]}}],"collection":[{"href":"https:\/\/kursy-udt.pl\/fr\/wp-json\/wp\/v2\/pages"}],"about":[{"href":"https:\/\/kursy-udt.pl\/fr\/wp-json\/wp\/v2\/types\/page"}],"author":[{"embeddable":true,"href":"https:\/\/kursy-udt.pl\/fr\/wp-json\/wp\/v2\/users\/6"}],"replies":[{"embeddable":true,"href":"https:\/\/kursy-udt.pl\/fr\/wp-json\/wp\/v2\/comments?post=4187"}],"version-history":[{"count":6,"href":"https:\/\/kursy-udt.pl\/fr\/wp-json\/wp\/v2\/pages\/4187\/revisions"}],"predecessor-version":[{"id":5625,"href":"https:\/\/kursy-udt.pl\/fr\/wp-json\/wp\/v2\/pages\/4187\/revisions\/5625"}],"up":[{"embeddable":true,"href":"https:\/\/kursy-udt.pl\/fr\/wp-json\/wp\/v2\/pages\/2721"}],"wp:featuredmedia":[{"embeddable":true,"href":"https:\/\/kursy-udt.pl\/fr\/wp-json\/wp\/v2\/media\/4188"}],"wp:attachment":[{"href":"https:\/\/kursy-udt.pl\/fr\/wp-json\/wp\/v2\/media?parent=4187"}],"curies":[{"name":"wp","href":"https:\/\/api.w.org\/{rel}","templated":true}]}}