{"id":4149,"date":"2022-08-19T07:37:12","date_gmt":"2022-08-19T07:37:12","guid":{"rendered":"https:\/\/kursy-udt.pl\/?page_id=4149"},"modified":"2023-03-20T15:23:34","modified_gmt":"2023-03-20T14:23:34","slug":"lentretien-du-materiel-de-lutte-contre-lincendie","status":"publish","type":"page","link":"https:\/\/kursy-udt.pl\/fr\/szkolenia\/sprzet-gasniczy\/konserwacja-sprzetu-gasniczego\/","title":{"rendered":"Cours d'entretien du mat\u00e9riel de lutte contre l'incendie"},"content":{"rendered":"<figure class=\"wp-block-image size-large is-resized\"><img loading=\"lazy\" decoding=\"async\" src=\"https:\/\/kursy-udt.pl\/wp-content\/uploads\/2022\/08\/3-4.jpeg\" alt=\"extracteurs de fum\u00e9e\" width=\"800\" height=\"534\"\/><\/figure>\n\n\n\n<h2 class=\"wp-block-heading\">Entretien s\u00fbr des \u00e9quipements de lutte contre l'incendie&nbsp;<\/h2>\n\n\n\n<p>Nous proposons une formation \u00e0 la maintenance des \u00e9quipements de lutte contre l'incendie. Nous nous appuyons sur les connaissances et l'exp\u00e9rience de nos conf\u00e9renciers et instructeurs pour vous fournir le mat\u00e9riel et le programme du cours de maintenance des extincteurs. Dans nos cours, les enseignants \u00e9valuent le bon \u00e9tat technique des extincteurs et vous montrent \u00e9galement comment r\u00e9tablir leurs fonctions op\u00e9rationnelles. L'entretien de ce type d'\u00e9quipement requiert des connaissances et des comp\u00e9tences sp\u00e9cialis\u00e9es, c'est pourquoi vous devez \u00eatre concentr\u00e9 \u00e0 100 % dans nos cours.\u00a0<\/p>\n\n\n\n<h2 class=\"wp-block-heading\">Obligation d'entretien du mat\u00e9riel de lutte contre l'incendie&nbsp;<\/h2>\n\n\n\n<p>Toute personne en possession d'\u00e9quipements de lutte contre l'incendie ou d'extincteurs est tenue de les entretenir conform\u00e9ment aux principes \u00e9nonc\u00e9s dans les normes polonaises relatives aux \u00e9quipements de lutte contre l'incendie et aux extincteurs. Les inspections techniques et les activit\u00e9s de maintenance ne doivent pas \u00eatre effectu\u00e9es moins d'une fois par an, ou mieux : conform\u00e9ment aux instructions du fabricant. Dans la premi\u00e8re phase d'un incendie, l'\u00e9quipement pratique de lutte contre l'incendie doit \u00eatre en bon \u00e9tat. <a href=\"https:\/\/kursy-udt.pl\/fr\/szkolenia\/sprzet-gasniczy\/\">mat\u00e9riel de lutte contre les incendies<\/a>. Nous utilisons alors des extincteurs, de petites unit\u00e9s d'extinction ou des balles ou couvertures d'extinction. Les balles d'extinction d'incendie dispersent l'agent extincteur contenu dans un rayon de 5m.&nbsp;<\/p>\n\n\n\n<h2 class=\"wp-block-heading\">Th\u00e8mes de la formation \u00e0 l'entretien des \u00e9quipements de lutte contre l'incendie :&nbsp;<\/h2>\n\n\n\n<ul class=\"wp-block-list\">\n<li>l'\u00e9thique professionnelle,&nbsp;<\/li>\n\n\n\n<li>les normes et la l\u00e9gislation,&nbsp;<\/li>\n\n\n\n<li><a href=\"https:\/\/kursy-udt.pl\/fr\/szkolenia\/bhp-bezpieczenstwo-pracy\/prawna-ochrona-pracy\/\">Sant\u00e9 et s\u00e9curit\u00e9<\/a> pendant les op\u00e9rations de maintenance,&nbsp;<\/li>\n\n\n\n<li>la construction et le fonctionnement des extincteurs portables et mobiles,&nbsp;<\/li>\n\n\n\n<li>les activit\u00e9s de maintenance.&nbsp;<\/li>\n<\/ul>\n\n\n\n<h2 class=\"wp-block-heading\">Exigences techniques en mati\u00e8re de protection contre l'incendie&nbsp;<\/h2>\n\n\n<div class=\"wp-block-image\">\n<figure class=\"alignright size-large is-resized\"><img loading=\"lazy\" decoding=\"async\" src=\"https:\/\/kursy-udt.pl\/wp-content\/uploads\/2022\/08\/1-6.jpeg\" alt=\"mat\u00e9riel de lutte contre les incendies\" width=\"437\" height=\"188\"\/><\/figure>\n<\/div>\n\n\n<p>Chaque extincteur doit \u00eatre r\u00e9guli\u00e8rement entretenu selon les recommandations du fabricant. En ce qui concerne les normes, l'entretien d'un extincteur en Pologne doit avoir lieu tous les 12 mois, s'il s'agit d'un technicien de maintenance poss\u00e9dant une licence pour les \u00e9quipements de lutte contre l'incendie portatifs. Selon le type de travail, l'intervalle d'entretien peut \u00eatre plus court. Tout le monde n'en est pas conscient, il est donc utile de le rappeler. L'entretien des extincteurs ne doit \u00eatre effectu\u00e9 que par des personnes autoris\u00e9es ! Le fabricant publie des instructions d'entretien et celles-ci doivent \u00eatre consid\u00e9r\u00e9es comme supr\u00eames !&nbsp;<\/p>\n\n\n\n<h2 class=\"wp-block-heading\">Objectif de la formation \u00e0 l'entretien des extincteurs&nbsp;<\/h2>\n\n\n\n<p>Transmettre \u00e0 tous nos \u00e9tudiants des connaissances sur l'entretien et le fonctionnement des \u00e9quipements portatifs de lutte contre l'incendie.&nbsp;<\/p>\n\n\n\n<h2 class=\"wp-block-heading\">Que vous apportera la formation ?&nbsp;<\/h2>\n\n\n\n<ul class=\"wp-block-list\">\n<li>Instructions d\u00e9taill\u00e9es pour l'inspection, l'entretien et la r\u00e9paration des extincteurs portables et mobiles.&nbsp;<\/li>\n\n\n\n<li>Comp\u00e9tences : connaissances et aptitudes qui constituent une pr\u00e9paration \u00e0 l'examen.&nbsp;<\/li>\n<\/ul>\n\n\n\n<h2 class=\"wp-block-heading\">Droits&nbsp;<\/h2>\n\n\n\n<p>Apr\u00e8s avoir r\u00e9ussi l'examen, le stagiaire re\u00e7oit un certificat de comp\u00e9tence en mati\u00e8re de maintenance des \u00e9quipements portatifs de lutte contre l'incendie.&nbsp;<\/p>\n\n\n\n<h2 class=\"wp-block-heading\">Prix&nbsp;<\/h2>\n\n\n\n<p>Le prix d\u00e9pend du nombre de participants inscrits \u00e0 nos cours. Les clients individuels et les groupes organis\u00e9s sont les bienvenus. Dans le cas de groupes organis\u00e9s, nous offrons le voyage au client si un nombre suffisant de personnes est r\u00e9uni.&nbsp;<\/p>\n\n\n<div class=\"wp-block-image\">\n<figure class=\"alignright size-large is-resized\"><img loading=\"lazy\" decoding=\"async\" src=\"https:\/\/kursy-udt.pl\/wp-content\/uploads\/2022\/08\/2-5.jpeg\" alt=\"l&#039;entretien des extincteurs\" width=\"257\" height=\"400\"\/><\/figure>\n<\/div>\n\n\n<h2 class=\"wp-block-heading\">O\u00f9 vous pouvez nous trouver&nbsp;<\/h2>\n\n\n\n<p>Nous avons des centres dans diff\u00e9rentes r\u00e9gions de Pologne. Pour plus d'informations, n'h\u00e9sitez pas \u00e0 nous contacter.<strong> <\/strong><\/p>\n\n\n\n<h2 class=\"wp-block-heading\">Les stagiaires acqui\u00e8rent des comp\u00e9tences pratiques :\u00a0<\/h2>\n\n\n\n<ul class=\"wp-block-list\">\n<li>effectuer des inspections p\u00e9riodiques et de contr\u00f4le des \u00e9quipements portatifs de lutte contre l'incendie, y compris les extincteurs de diff\u00e9rents types,&nbsp;<\/li>\n\n\n\n<li>effectuer des travaux d'entretien et de r\u00e9paration, y compris le d\u00e9montage et le montage des \u00e9quipements, le remplacement de l'agent extincteur et le marquage des \u00e9quipements.&nbsp;<\/li>\n<\/ul>\n\n\n\n<h2 class=\"wp-block-heading\">Fonctionnement de l'extincteur&nbsp;<\/h2>\n\n\n\n<p>Un extincteur se compose de 3 \u00e9l\u00e9ments : une valve, un agent extincteur et un r\u00e9cipient sous pression. Nous divisons les extincteurs en types en fonction de leur composition. Les extincteurs \u00e0 main fonctionnent en stockant un agent extincteur \u00e0 l'int\u00e9rieur, qui est lib\u00e9r\u00e9 vers la source du feu.&nbsp;<\/p>\n\n\n\n<h2 class=\"wp-block-heading\">Inspections obligatoires&nbsp;<\/h2>\n\n\n\n<p>Entretien r\u00e9gulier des \u00e9quipements tels que&nbsp;<\/p>\n\n\n\n<ul class=\"wp-block-list\">\n<li>les syst\u00e8mes fixes et semi-permanents de lutte contre l'incendie,&nbsp;<\/li>\n\n\n\n<li>les bouches d'incendie internes et les composants associ\u00e9s du syst\u00e8me,&nbsp;<\/li>\n\n\n\n<li>les extincteurs portables et mobiles,&nbsp;<\/li>\n\n\n\n<li>portes et portails coupe-feu,&nbsp;<\/li>\n\n\n\n<li>les dispositifs de d\u00e9senfumage,&nbsp;<\/li>\n\n\n\n<li>les installations et les composants de l'\u00e9clairage d'\u00e9vacuation,&nbsp;<\/li>\n\n\n\n<li>des syst\u00e8mes d'alerte et de messagerie vocale pour la s\u00e9curit\u00e9.&nbsp;<\/li>\n<\/ul>\n\n\n\n<p>Pour inspecter ou r\u00e9parer les extincteurs, il convient de confier cette t\u00e2che \u00e0 des entreprises sp\u00e9cialis\u00e9es ou \u00e0 des mainteneurs d'\u00e9quipements anti-incendie qui sont qualifi\u00e9s et qui effectueront l'inspection conform\u00e9ment \u00e0 toutes les normes de s\u00e9curit\u00e9. Souvent, les \u00e9quipements d'extinction d'incendie sont utilis\u00e9s par des personnes qui n'ont aucune exp\u00e9rience de la lutte contre les incendies ou de la manipulation de ces \u00e9quipements. Nous profitons de l'occasion pour aborder de tels incidents et souhaitons vous inviter \u00e0 <a href=\"https:\/\/kursy-udt.pl\/fr\/o-firmie\/\">Centre de formation du personnel ERGON<\/a> pour un cours de maintenance des \u00e9quipements de lutte contre l'incendie, pour lequel nous assurons une formation sp\u00e9cialis\u00e9e. D\u00e9couvrez les d\u00e9tails de l'offre en nous contactant par t\u00e9l\u00e9phone ou par e-mail.&nbsp;&nbsp;<\/p>\n\n\n\n<h2 class=\"wp-block-heading\">\u00c0 propos du travail de l'agent d'entretien du mat\u00e9riel de lutte contre l'incendie&nbsp;<\/h2>\n\n\n\n<p>La s\u00e9curit\u00e9 est de la plus haute importance pour tout le monde, c'est pourquoi les inspections du mat\u00e9riel de lutte contre l'incendie ne doivent \u00eatre effectu\u00e9es que par une personne comp\u00e9tente. <a href=\"https:\/\/kursy-udt.pl\/fr\/uprawnienia-udt\/kategorie-uprawnien-2\/\">droits<\/a>. La confirmation que l'entretien, la r\u00e9paration ou la r\u00e9vision de l'\u00e9quipement a \u00e9t\u00e9 effectu\u00e9 est fournie par la signature d'un protocole par l'agent d'entretien. D'autre part, les extincteurs ou les bouches d'incendie doivent recevoir une marque de mise \u00e0 jour - une \"\u00e9tiquette d'inspection\". Il s'agit g\u00e9n\u00e9ralement d'un autocollant portant le nom de l'entreprise, le nom et la signature de l'agent d'entretien, ainsi que la date \u00e0 laquelle l'inspection a \u00e9t\u00e9 effectu\u00e9e et est valable.&nbsp;<\/p>\n\n\n\n<h2 class=\"wp-block-heading\">Nos formations&nbsp;<\/h2>\n\n\n\n<p>Nous vous invitons \u00e9galement \u00e0 vous rendre dans notre centre ERGON pour y suivre des formations, entre autres, sur les chariots \u00e9l\u00e9vateurs, les plates-formes mobiles, les grues, les grues \u00e0 tour et le soudage HDS ou \u00e0 la fibre optique.<\/p>\n\n\n\n<figure class=\"wp-block-image size-large is-resized\"><img loading=\"lazy\" decoding=\"async\" src=\"https:\/\/kursy-udt.pl\/wp-content\/uploads\/2023\/01\/Reklama-Na-Kursy-7.png\" alt=\"Cours ERGON\" width=\"822\" height=\"514\"\/><\/figure>","protected":false},"excerpt":{"rendered":"<p>Bezpieczna konserwacja sprz\u0119tu ga\u015bniczego&nbsp; Organizujemy szkolenie z konserwacji sprz\u0119tu ga\u015bniczego. Wykorzystujemy wiedz\u0119 i do\u015bwiadczenie naszych wyk\u0142adowc\u00f3w i instruktor\u00f3w, aby mogli Pa\u0144stwo zapozna\u0107 si\u0119 z materia\u0142em\/programem zaj\u0119\u0107 na kursie konserwatora sprz\u0119tu ga\u015bniczego. Na naszych zaj\u0119ciach wyk\u0142adowcy przeprowadzaj\u0105 ocen\u0119 prawid\u0142owego stanu technicznego ga\u015bnic, a tak\u017ce pokazuj\u0105 w jaki spos\u00f3b mo\u017cna przywr\u00f3ci\u0107 ich funkcje u\u017cytkowe. Konserwacja tego rodzaju urz\u0105dze\u0144 wymaga specjalistycznej wiedzy i umiej\u0119tno\u015bci, dlatego warto by\u0107 skupionym w stu procentach na naszych zaj\u0119ciach.\u00a0 Obowi\u0105zek konserwacji sprz\u0119tu ga\u015bniczego&nbsp; Ka\u017cda osoba posiadaj\u0105ca urz\u0105dzenia przeciwpo\u017carowe czy ga\u015bnice, ma obowi\u0105zek poddawa\u0107 je czynno\u015bciom konserwacyjnym zgodnie z zasadami okre\u015blonymi w Polskich Normach dotycz\u0105cych urz\u0105dze\u0144 przeciwpo\u017carowych i ga\u015bnic. Nie powinni\u015bmy przeprowadza\u0107 przegl\u0105d\u00f3w technicznych i czynno\u015bci konserwacyjnych rzadziej ni\u017c raz do roku, lub lepiej: zgodnie z instrukcj\u0105 ustalon\u0105 przez producenta. W pierwszej fazie powstania po\u017caru wykorzystuje si\u0119 podr\u0119czny sprz\u0119t ga\u015bniczy. Stosujemy wtedy ga\u015bnice, ma\u0142e agregaty ga\u015bnicze, czy kule lub koce ga\u015bnicze. Kule ga\u015bnicze rozpraszaj\u0105 zawarty w niej materia\u0142 ga\u015bniczy w promieniu 5m.&nbsp; Tematyka szkolenia na konserwatora sprz\u0119tu ga\u015bniczego:&nbsp; Wymagania techniczne przeciwpo\u017carowe&nbsp; Ka\u017cda ga\u015bnica powinna by\u0107 regularnie konserwowana zgodnie z zaleceniami producenta. Je\u015bli chodzi o normy, konserwacja ga\u015bnicy w Polsce powinna odbywa\u0107 si\u0119 co 12 miesi\u0119cy, je\u017celi jest to konserwator z uprawnieniami podr\u0119cznego sprz\u0119tu ga\u015bniczego. W zale\u017cno\u015bci od rodzaju pracy, okres mi\u0119dzykonserwacyjny mo\u017ce by\u0107 kr\u00f3tszy. Nie ka\u017cdy zdaje sobie z tego spraw\u0119, dlatego warto przypomnie\u0107 jeszcze raz. Konserwacja ga\u015bnic mo\u017ce by\u0107 wykonywana tylko przez uprawnione osoby! Producent wydaje instrukcj\u0119 konserwacji i nale\u017cy j\u0105 traktowa\u0107 jako nadrz\u0119dn\u0105!&nbsp; Cel szkolenia z zakresu konserwacji ga\u015bnic&nbsp; Przekazanie wiedzy dotycz\u0105cej konserwacji i obs\u0142ugi podr\u0119cznego sprz\u0119tu ga\u015bniczego wszystkim naszym s\u0142uchaczom.&nbsp; Co [&hellip;]<\/p>\n","protected":false},"author":6,"featured_media":4152,"parent":3957,"menu_order":0,"comment_status":"closed","ping_status":"closed","template":"","meta":{"sfsi_plus_gutenberg_text_before_share":"","sfsi_plus_gutenberg_show_text_before_share":"","sfsi_plus_gutenberg_icon_type":"","sfsi_plus_gutenberg_icon_alignemt":"","sfsi_plus_gutenburg_max_per_row":"","footnotes":""},"class_list":["post-4149","page","type-page","status-publish","has-post-thumbnail","hentry","has_thumb"],"aioseo_notices":[],"_links":{"self":[{"href":"https:\/\/kursy-udt.pl\/fr\/wp-json\/wp\/v2\/pages\/4149","targetHints":{"allow":["GET"]}}],"collection":[{"href":"https:\/\/kursy-udt.pl\/fr\/wp-json\/wp\/v2\/pages"}],"about":[{"href":"https:\/\/kursy-udt.pl\/fr\/wp-json\/wp\/v2\/types\/page"}],"author":[{"embeddable":true,"href":"https:\/\/kursy-udt.pl\/fr\/wp-json\/wp\/v2\/users\/6"}],"replies":[{"embeddable":true,"href":"https:\/\/kursy-udt.pl\/fr\/wp-json\/wp\/v2\/comments?post=4149"}],"version-history":[{"count":5,"href":"https:\/\/kursy-udt.pl\/fr\/wp-json\/wp\/v2\/pages\/4149\/revisions"}],"predecessor-version":[{"id":5545,"href":"https:\/\/kursy-udt.pl\/fr\/wp-json\/wp\/v2\/pages\/4149\/revisions\/5545"}],"up":[{"embeddable":true,"href":"https:\/\/kursy-udt.pl\/fr\/wp-json\/wp\/v2\/pages\/3957"}],"wp:featuredmedia":[{"embeddable":true,"href":"https:\/\/kursy-udt.pl\/fr\/wp-json\/wp\/v2\/media\/4152"}],"wp:attachment":[{"href":"https:\/\/kursy-udt.pl\/fr\/wp-json\/wp\/v2\/media?parent=4149"}],"curies":[{"name":"wp","href":"https:\/\/api.w.org\/{rel}","templated":true}]}}