{"id":4134,"date":"2022-08-16T07:38:51","date_gmt":"2022-08-16T07:38:51","guid":{"rendered":"https:\/\/kursy-udt.pl\/?page_id=4134"},"modified":"2023-03-20T11:14:38","modified_gmt":"2023-03-20T10:14:38","slug":"evacuation-des-personnes","status":"publish","type":"page","link":"https:\/\/kursy-udt.pl\/fr\/szkolenia\/bhp-bezpieczenstwo-pracy\/ewakuacjia-ludzi\/","title":{"rendered":"Pouvoir d'\u00e9vacuer des personnes d'un espace confin\u00e9"},"content":{"rendered":"<figure class=\"wp-block-image size-large is-resized\"><img loading=\"lazy\" decoding=\"async\" src=\"https:\/\/kursy-udt.pl\/wp-content\/uploads\/2022\/08\/1-4.jpeg\" alt=\"\u00e9vacuation des personnes\" width=\"800\" height=\"534\"\/><\/figure>\n\n\n\n<h2 class=\"wp-block-heading\">Cours sur l'\u00e9vacuation des espaces confin\u00e9s&nbsp;<\/h2>\n\n\n\n<p>Vous \u00eates cordialement invit\u00e9s \u00e0 participer aux cours de formation sur l'\u00e9vacuation des personnes dans les espaces confin\u00e9s. Cette formation s'adresse aux personnes charg\u00e9es de garantir la s\u00e9curit\u00e9 lors de travaux dans des espaces confin\u00e9s, en tenant compte des op\u00e9rations de sauvetage qui comprennent la recherche de la personne bless\u00e9e, l'assistance au brancardage et l'installation de syst\u00e8mes d'extraction. La formation est ouverte aux personnes qui travaillent dans des espaces confin\u00e9s et qui souhaitent am\u00e9liorer leurs qualifications.&nbsp;<br>Les \u00e9vacuations de personnes d'espaces confin\u00e9s ne doivent \u00eatre effectu\u00e9es que par des personnes ayant la formation, l'exp\u00e9rience et les comp\u00e9tences appropri\u00e9es, car elles comportent un degr\u00e9 \u00e9lev\u00e9 de risque.&nbsp;&nbsp;<\/p>\n\n\n\n<h2 class=\"wp-block-heading\">Exigences pour le candidat&nbsp;<\/h2>\n\n\n\n<p>Pour participer aux formations, vous devez remplir les conditions suivantes : ne pas pr\u00e9senter de contre-indication m\u00e9dicale au travail en espace confin\u00e9 et \u00e0 une hauteur sup\u00e9rieure \u00e0 3 m\u00e8tres, et avoir suivi la formation CS3. Veuillez noter que la formation requiert une bonne forme physique - les stagiaires sont soumis \u00e0 des exercices pratiques avec des appareils respiratoires. Les participants volontaires qui portent une barbe ou des lunettes. <a href=\"https:\/\/kursy-udt.pl\/fr\/kontakt\/\">Contactez nous s&#039;il vous plait<\/a> avant le d\u00e9but du cours.\u00a0\u00a0<\/p>\n\n\n\n<h2 class=\"wp-block-heading\">Programme de formation&nbsp;<\/h2>\n\n\n<div class=\"wp-block-image\">\n<figure class=\"alignright size-large is-resized\"><img loading=\"lazy\" decoding=\"async\" src=\"https:\/\/kursy-udt.pl\/wp-content\/uploads\/2022\/08\/2-3.jpeg\" alt=\"espace clos\" width=\"400\" height=\"267\"\/><\/figure>\n<\/div>\n\n\n<p>La formation comporte deux parties : la partie th\u00e9orique, au cours de laquelle les participants acqui\u00e8rent des connaissances sur les techniques de sauvetage et d'\u00e9vacuation des espaces confin\u00e9s, et la partie pratique, au cours de laquelle les stagiaires apprennent \u00e0 p\u00e9n\u00e9trer correctement dans un espace confin\u00e9 \u00e0 l'aide d'un appareil respiratoire. Pendant le cours, les participants acqui\u00e8rent des connaissances pratiques sur la mani\u00e8re d'effectuer des op\u00e9rations avec des treuils et d'autres syst\u00e8mes de sauvetage, sur les mesures \u00e0 prendre en cas de visibilit\u00e9 nulle et sur la mani\u00e8re de g\u00e9rer une situation d'urgence. Pendant la formation, les participants se familiarisent \u00e9galement avec les diff\u00e9rents types de proc\u00e9dures de recherche et de sauvetage, les r\u00e9glementations l\u00e9gales, les techniques d'acc\u00e8s vertical et lat\u00e9ral aux espaces confin\u00e9s. Ils apprennent \u00e0 installer et \u00e0 utiliser les syst\u00e8mes de r\u00e9traction des civi\u00e8res de sauvetage et \u00e0 choisir le bon d\u00e9tecteur de gaz. A l'issue de la formation, les participants re\u00e7oivent un certificat et un badge, valable trois ans.\u00a0<\/p>\n\n\n\n<h2 class=\"wp-block-heading\">Espace clos&nbsp;<\/h2>\n\n\n\n<p>Un espace clos est un terme de sant\u00e9 et de s\u00e9curit\u00e9 qui d\u00e9signe un espace confin\u00e9 de tous c\u00f4t\u00e9s, dont les entr\u00e9es et les sorties sont bloqu\u00e9es ou restreintes et emp\u00eachent la circulation rapide des travailleurs et l'\u00e9change d'air. Il s'agit, par exemple, des trous d'homme, des \u00e9gouts, des r\u00e9servoirs, de divers passages et tunnels industriels, de l'int\u00e9rieur des installations industrielles, etc. Les espaces confin\u00e9s ne sont pas con\u00e7us pour l'habitation humaine \u00e0 long terme. Lors de la descente, un travailleur peut \u00eatre expos\u00e9 \u00e0 des risques tels que :&nbsp;<\/p>\n\n\n\n<ul class=\"wp-block-list\">\n<li>pollution, poussi\u00e8re, manque d'oxyg\u00e8ne - caus\u00e9 par la rouille, la d\u00e9composition et l'accumulation de gaz lourds ;&nbsp;<\/li>\n\n\n\n<li>Risque d'explosion en cas de travail avec des gaz ou de la vapeur inflammables ;&nbsp;<\/li>\n\n\n\n<li>Difficult\u00e9 \u00e0 sortir - un incendie, une blessure ou un mauvais \u00e9tat de sant\u00e9 peut emp\u00eacher le travailleur de sortir par ses propres moyens ;&nbsp;<\/li>\n\n\n\n<li>le risque de chutes de hauteur ;&nbsp;<\/li>\n\n\n\n<li>risque de remblayage ou d'inondation ;&nbsp;<\/li>\n\n\n\n<li>posture contraignante, conditions exigu\u00ebs, risque de blessure ;&nbsp;<\/li>\n\n\n\n<li>temp\u00e9ratures inconfortables - fluctuations de temp\u00e9rature, augmentation de l'humidit\u00e9 ;&nbsp;<\/li>\n\n\n\n<li>Difficult\u00e9s de communication - les murs r\u00e9fl\u00e9chissent et amplifient excessivement les bruits ;&nbsp;<\/li>\n\n\n\n<li>l'obscurit\u00e9.&nbsp;<\/li>\n<\/ul>\n\n\n\n<figure class=\"wp-block-image size-large is-resized\"><img loading=\"lazy\" decoding=\"async\" src=\"https:\/\/kursy-udt.pl\/wp-content\/uploads\/2022\/08\/3-3.jpeg\" alt=\"personnes casqu\u00e9es\" width=\"800\" height=\"502\"\/><\/figure>\n\n\n\n<h2 class=\"wp-block-heading\">Op\u00e9rations de sauvetage&nbsp;<\/h2>\n\n\n\n<p>En cas d'incident dans un espace clos, la premi\u00e8re priorit\u00e9 est de s'assurer que la victime a acc\u00e8s \u00e0 l'air. La deuxi\u00e8me t\u00e2che consiste \u00e0 prodiguer les premiers soins de mani\u00e8re \u00e0 ne pas aggraver les dommages \u00e0 la sant\u00e9 et \u00e0 la vie. Les op\u00e9rations de sauvetage doivent suivre un plan pr\u00e9\u00e9tabli. Il faut d\u00e9cider de l'action \u00e0 entreprendre en tenant compte des conditions suivantes :&nbsp;&nbsp;<\/p>\n\n\n\n<ul class=\"wp-block-list\">\n<li>les ressources humaines disponibles,&nbsp;&nbsp;<\/li>\n\n\n\n<li>taille de la chambre,&nbsp;&nbsp;<\/li>\n\n\n\n<li>la facilit\u00e9 ou la difficult\u00e9 d'acc\u00e8s.&nbsp;&nbsp;<\/li>\n<\/ul>\n\n\n\n<p>Lors du sauvetage d'une personne dans un espace clos, il est sugg\u00e9r\u00e9 d'effectuer des op\u00e9rations de sauvetage, qui peuvent varier en fonction de la situation sp\u00e9cifique. Le chef de l'\u00e9quipe de sauvetage reste \u00e0 l'ext\u00e9rieur et dirige les actions sur les lieux. Il lui incombe d'organiser l'entr\u00e9e des personnes charg\u00e9es de l'op\u00e9ration de sauvetage et de contr\u00f4ler le moment de l'entr\u00e9e et de la sortie des personnes portant un appareil respiratoire de l'espace confin\u00e9. Lorsque l'\u00e9quipe est pr\u00eate, un sauveteur \u00e9quip\u00e9 d'un appareil respiratoire et d'un \u00e9quipement de r\u00e9animation cardio-pulmonaire entre dans l'espace confin\u00e9. Il doit \u00eatre \u00e9quip\u00e9 d'une radio pour transmettre des informations. Un deuxi\u00e8me sauveteur \u00e9quip\u00e9 d'un appareil respiratoire entre et reste en bas pour r\u00e9cup\u00e9rer le mat\u00e9riel suppl\u00e9mentaire n\u00e9cessaire \u00e0 l'op\u00e9ration. Le troisi\u00e8me sauveteur, \u00e9galement \u00e9quip\u00e9 d'un appareil respiratoire, entre dans l'espace confin\u00e9 et reste sur place, d'o\u00f9 il peut, si n\u00e9cessaire, se pr\u00e9cipiter rapidement au secours des deux premiers sauveteurs ou utiliser des cordes pour \u00e9vacuer la victime. Les quatri\u00e8me et cinqui\u00e8me sauveteurs sont \u00e0 l'ext\u00e9rieur, pr\u00eats \u00e0 aider si n\u00e9cessaire. Les autres membres de l'\u00e9quipe sont charg\u00e9s de fournir du mat\u00e9riel suppl\u00e9mentaire, comme une corde de sauvetage, et d'aider \u00e0 l'extraction de la victime \u00e0 l'aide d'un treuil. Deux conditions suppl\u00e9mentaires doivent \u00eatre prises en compte.&nbsp;<\/p>\n\n\n\n<figure class=\"wp-block-table\"><table><tbody><tr><td><strong>Condition<\/strong>&nbsp;<\/td><td><strong>Description<\/strong>&nbsp;<\/td><\/tr><tr><td>Premier&nbsp;<\/td><td>Une dizaine de personnes sont n\u00e9cessaires pour une telle op\u00e9ration de sauvetage, dont trois ou quatre seront \u00e0 l'int\u00e9rieur pendant l'op\u00e9ration.&nbsp;<\/td><\/tr><tr><td>Ensuite,&nbsp;<\/td><td>Le manque d'oxyg\u00e8ne se produit soudainement, les sauveteurs doivent donc porter un appareil respiratoire \u00e0 tout moment.&nbsp;<\/td><\/tr><\/tbody><\/table><\/figure>\n\n\n\n<p>Pour effectuer en toute s\u00e9curit\u00e9 les travaux de sauvetage de routine et d'urgence dans les espaces confin\u00e9s, il convient d'utiliser l'\u00e9quipement suivant :&nbsp;<\/p>\n\n\n\n<ul class=\"wp-block-list\">\n<li>\u00e9quipement de protection individuelle pour le syst\u00e8me respiratoire, y compris pour l'\u00e9vacuation d'urgence - appareils respiratoires, syst\u00e8mes portables d'alimentation en air comprim\u00e9, autosauveteurs \u00e0 air comprim\u00e9 pour l'\u00e9vacuation d'urgence ;&nbsp;<\/li>\n\n\n\n<li>l'\u00e9quipement de s\u00e9curit\u00e9 et les accessoires pour le travail dans des espaces non soutenus - cordes, mousquetons, harnais, casques, \u00e9quipement d'assurage et de s\u00e9curit\u00e9, rouleaux de poulie ;&nbsp;<\/li>\n\n\n\n<li>le mat\u00e9riel d'\u00e9vacuation - treuils, tr\u00e9pieds, brancards et syst\u00e8mes de suspension ;&nbsp;<\/li>\n\n\n\n<li>l'\u00e9quipement de surveillance de l'air.&nbsp;<\/li>\n<\/ul>\n\n\n\n<p>Vous \u00eates les bienvenus pour vous inscrire \u00e0 nos cours de formation ! Pour plus d'informations, n'h\u00e9sitez pas \u00e0 nous contacter.&nbsp;<\/p>\n\n\n\n<figure class=\"wp-block-image size-large is-resized\"><img loading=\"lazy\" decoding=\"async\" src=\"https:\/\/kursy-udt.pl\/wp-content\/uploads\/2023\/01\/Uprawnienia-do-ewakuacji-ludzi-z-przestrzeni-zamknietej-kursy-udt.pl_.png\" alt=\"Formation ERGON\" width=\"832\" height=\"520\"\/><\/figure>","protected":false},"excerpt":{"rendered":"<p>Kurs ewakuacji z przestrzeni zamkni\u0119tych&nbsp; Serdecznie zapraszamy na szkolenia z ewakuacji ludzi z przestrzeni zamkni\u0119tych. Kurs jest przeznaczony dla os\u00f3b, kt\u00f3re bior\u0105 odpowiedzialno\u015b\u0107 za zagwarantowanie bezpiecze\u0144stwa podczas pracy w przestrzeniach zamkni\u0119tych, uwzgl\u0119dniaj\u0105c dzia\u0142ania ratownicze, kt\u00f3re obejmuj\u0105 poszukiwanie poszkodowanego, pomoc z u\u017cyciem noszy oraz montowanie system\u00f3w wyci\u0105gowych. W szkoleniu mog\u0105 wzi\u0105\u0107 udzia\u0142 osoby, kt\u00f3re pracuj\u0105 w przestrzeniach zamkni\u0119tych i chc\u0105 podwy\u017cszy\u0107 swoje kwalifikacje.&nbsp;Ewakuacje ludzi z przestrzeni zamkni\u0119tych mog\u0105 przeprowadza\u0107 tylko osoby posiadaj\u0105ce odpowiednie wykszta\u0142cenie, do\u015bwiadczenie i umiej\u0119tno\u015bci, gdy\u017c wi\u0105\u017c\u0105 si\u0119 one z du\u017cym ryzykiem.&nbsp;&nbsp; Wymogi wobec kandydata&nbsp; Aby wzi\u0105\u0107 udzia\u0142 w szkoleniach nale\u017cy spe\u0142nia\u0107 nast\u0119puj\u0105ce wymagania: nie posiada\u0107 \u017cadnych medycznych przeciwskaza\u0144 do pracy w ograniczonej przestrzeni oraz na wysoko\u015bci powy\u017cej 3 metr\u00f3w, a tak\u017ce przej\u015b\u0107 szkolenie CS3. Nale\u017cy pami\u0119ta\u0107, \u017ce szkolenie wymaga dobrej formy fizycznej \u2013 kursanci przechodz\u0105 \u0107wiczenia praktyczne w aparatach oddechowych. Ch\u0119tne osoby, kt\u00f3re maj\u0105 brod\u0119 lub nosz\u0105 okulary prosimy o kontakt przed rozpocz\u0119ciem kursu.\u00a0\u00a0 Program szkolenia&nbsp; Szkolenia obejmuj\u0105 dwie cz\u0119\u015bci \u2013 teoretyczn\u0105, podczas kt\u00f3rej uczestnicy zdobywaj\u0105 wiedz\u0119 z zakresu technik ratowania i ewakuacji z przestrzeni zamkni\u0119tych, a tak\u017ce cz\u0119\u015b\u0107 praktyczn\u0105, na kt\u00f3rej kursanci ucz\u0105 si\u0119 jak prawid\u0142owo wej\u015b\u0107 do przestrzeni zamkni\u0119tej u\u017cywaj\u0105c aparatu oddechowego. Podczas kursu uczestnicy w praktyce zdobywaj\u0105 wiedz\u0119 w jaki spos\u00f3b przeprowadza\u0107 operacje z wci\u0105garkami i innymi systemami ratowniczymi, jakie dzia\u0142ania podejmowa\u0107 w zerowej widoczno\u015bci i jak radzi\u0107 sobie w awaryjnej sytuacji. W trakcie szkole\u0144 uczestnicy zaznajamiaj\u0105 si\u0119 r\u00f3wnie\u017c z r\u00f3\u017cnego rodzaju procedurami poszukiwawczo\u2013ratowniczymi, regulacjami prawnymi, pionow\u0105 i boczn\u0105 technik\u0105 dost\u0119pu do przestrzeni zamkni\u0119tych. Dowiaduj\u0105 si\u0119 w jaki spos\u00f3b montowa\u0107 i u\u017cywa\u0107 ratowniczych system\u00f3w do wci\u0105gania noszy ratowniczych oraz w [&hellip;]<\/p>\n","protected":false},"author":6,"featured_media":4135,"parent":2792,"menu_order":0,"comment_status":"closed","ping_status":"closed","template":"","meta":{"sfsi_plus_gutenberg_text_before_share":"","sfsi_plus_gutenberg_show_text_before_share":"","sfsi_plus_gutenberg_icon_type":"","sfsi_plus_gutenberg_icon_alignemt":"","sfsi_plus_gutenburg_max_per_row":"","footnotes":""},"class_list":["post-4134","page","type-page","status-publish","has-post-thumbnail","hentry","has_thumb"],"aioseo_notices":[],"_links":{"self":[{"href":"https:\/\/kursy-udt.pl\/fr\/wp-json\/wp\/v2\/pages\/4134","targetHints":{"allow":["GET"]}}],"collection":[{"href":"https:\/\/kursy-udt.pl\/fr\/wp-json\/wp\/v2\/pages"}],"about":[{"href":"https:\/\/kursy-udt.pl\/fr\/wp-json\/wp\/v2\/types\/page"}],"author":[{"embeddable":true,"href":"https:\/\/kursy-udt.pl\/fr\/wp-json\/wp\/v2\/users\/6"}],"replies":[{"embeddable":true,"href":"https:\/\/kursy-udt.pl\/fr\/wp-json\/wp\/v2\/comments?post=4134"}],"version-history":[{"count":4,"href":"https:\/\/kursy-udt.pl\/fr\/wp-json\/wp\/v2\/pages\/4134\/revisions"}],"predecessor-version":[{"id":5519,"href":"https:\/\/kursy-udt.pl\/fr\/wp-json\/wp\/v2\/pages\/4134\/revisions\/5519"}],"up":[{"embeddable":true,"href":"https:\/\/kursy-udt.pl\/fr\/wp-json\/wp\/v2\/pages\/2792"}],"wp:featuredmedia":[{"embeddable":true,"href":"https:\/\/kursy-udt.pl\/fr\/wp-json\/wp\/v2\/media\/4135"}],"wp:attachment":[{"href":"https:\/\/kursy-udt.pl\/fr\/wp-json\/wp\/v2\/media?parent=4134"}],"curies":[{"name":"wp","href":"https:\/\/api.w.org\/{rel}","templated":true}]}}