{"id":4125,"date":"2022-08-12T13:10:08","date_gmt":"2022-08-12T13:10:08","guid":{"rendered":"https:\/\/kursy-udt.pl\/?page_id=4125"},"modified":"2023-03-20T10:52:26","modified_gmt":"2023-03-20T09:52:26","slug":"premiers-secours-et-operations","status":"publish","type":"page","link":"https:\/\/kursy-udt.pl\/fr\/szkolenia\/bhp-bezpieczenstwo-pracy\/pierwsza-pomoc-i-dzialania\/","title":{"rendered":"Cours de premiers secours"},"content":{"rendered":"<div class=\"wp-block-image\">\n<figure class=\"alignleft size-large is-resized\"><img loading=\"lazy\" decoding=\"async\" src=\"https:\/\/kursy-udt.pl\/wp-content\/uploads\/2022\/08\/3-2.jpeg\" alt=\"informations de base sur les premiers secours\" width=\"400\" height=\"267\"\/><\/figure>\n<\/div>\n\n\n<p>Nous proposons des cours de premiers secours qui d\u00e9montrent la th\u00e9orie et la pratique des premiers secours. Les comp\u00e9tences acquises au cours de la formation vous permettront de vous acquitter de vos responsabilit\u00e9s en mati\u00e8re de premiers secours.&nbsp;<\/p>\n\n\n\n<p>Les premiers secours sont l'action qui vise \u00e0 sauver une vie humaine jusqu'\u00e0 l'arriv\u00e9e des services m\u00e9dicaux d'urgence. Ils permettent d'\u00e9viter que la victime ne soit davantage expos\u00e9e au danger et que des complications graves ne se d\u00e9veloppent. Ils sont efficaces lorsqu'ils sont prodigu\u00e9s imm\u00e9diatement ou le plus t\u00f4t possible apr\u00e8s l'incident. Les premiers secours peuvent \u00eatre prodigu\u00e9s \u00e0 une personne bless\u00e9e par toute personne se trouvant \u00e0 proximit\u00e9 \u00e0 ce moment-l\u00e0. Il s'agit d'une comp\u00e9tence de base, mais aussi d'une comp\u00e9tence tr\u00e8s importante. En cas d'urgence, elle peut sauver des vies. Participez \u00e0 nos cours de premiers secours.&nbsp;<\/p>\n\n\n\n<h2 class=\"wp-block-heading\">Formation aux premiers secours&nbsp;<\/h2>\n\n\n\n<p>Nos cours sont parfaits si vous souhaitez former vos employ\u00e9s. <a href=\"https:\/\/kursy-udt.pl\/fr\/o-firmie\/\">Centre de formation du personnel ERGON<\/a> propose une formation professionnelle en \"Premiers secours\". Nous avons de nombreuses ann\u00e9es d'exp\u00e9rience et nos instructeurs sont \u00e0 la disposition des stagiaires pendant toute la dur\u00e9e du cours. Notre personnel est d\u00fbment qualifi\u00e9 pour dispenser une formation approfondie. Nos cours de qualification se caract\u00e9risent par leur flexibilit\u00e9, ce qui permet de les adapter \u00e0 des besoins de formation sp\u00e9cifiques. Il est possible de choisir la date qui vous convient. Nous disposons de salles de formation enti\u00e8rement \u00e9quip\u00e9es, de mannequins de r\u00e9animation, d'\u00e9quipements de formation et d'autres accessoires pour garantir une formation efficace. Nos cours sont organis\u00e9s dans toute la Pologne, par exemple \u00e0 Varsovie, Cracovie, Pozna\u0144, \u0141\u00f3d\u017a, Gda\u0144sk, Lublin, Bydgoszcz, Szczecin. Les cours que nous proposons se composent de deux parties : th\u00e9orique et pratique. <\/p>\n\n\n\n<p><strong>La partie th\u00e9orique aborde les sujets suivants :<\/strong>&nbsp;<\/p>\n\n\n\n<ul class=\"wp-block-list\">\n<li>Aspects juridiques des premiers secours ;&nbsp;<\/li>\n\n\n\n<li>l'\u00e9vacuation des personnes bless\u00e9es ;&nbsp;<\/li>\n\n\n\n<li>les num\u00e9ros d'urgence et la mani\u00e8re d'appeler et de pr\u00e9venir les services d'urgence ;&nbsp;<\/li>\n\n\n\n<li>s\u00e9curiser le lieu de l'accident ;&nbsp;<\/li>\n\n\n\n<li>les mesures n\u00e9cessaires pour traiter les diff\u00e9rents types de blessures, telles que les h\u00e9morragies, les fractures, les br\u00fblures, les gelures, les corps \u00e9trangers dans les plaies, les traumatismes cr\u00e2niens, abdominaux ou thoraciques ;&nbsp;<\/li>\n\n\n\n<li>la r\u00e9animation cardio-pulmonaire, le massage cardiaque et la respiration artificielle chez les adultes et les enfants ;&nbsp;<\/li>\n\n\n\n<li>l'\u00e9valuation des fonctions vitales chez les personnes bless\u00e9es ;&nbsp;<\/li>\n\n\n\n<li>les actions n\u00e9cessaires dans des situations o\u00f9 la vie et la sant\u00e9 sont menac\u00e9es, telles que : crise d'\u00e9pilepsie, \u00e9touffement, empoisonnement, crise cardiaque, \u00e9vanouissement, \u00e9lectrocution ou foudre.&nbsp;<\/li>\n<\/ul>\n\n\n\n<p><strong>La partie pratique comprend :&nbsp;<\/strong><\/p>\n\n\n<div class=\"wp-block-image\">\n<figure class=\"alignright size-large is-resized\"><img loading=\"lazy\" decoding=\"async\" src=\"https:\/\/kursy-udt.pl\/wp-content\/uploads\/2022\/08\/2-2.jpeg\" alt=\"salle d&#039;exercice\" width=\"400\" height=\"267\"\/><\/figure>\n<\/div>\n\n\n<ul class=\"wp-block-list\">\n<li>les crit\u00e8res de s\u00e9lection et d'\u00e9vacuation des bless\u00e9s ;&nbsp;<\/li>\n\n\n\n<li>des exercices de positionnement d'un bless\u00e9 en position lat\u00e9rale de s\u00e9curit\u00e9 ;&nbsp;<\/li>\n\n\n\n<li>les principes de la r\u00e9animation cardio-pulmonaire - massage cardiaque et respiration artificielle ;&nbsp;<\/li>\n\n\n\n<li>r\u00e8gles d'action aupr\u00e8s d'une victime d'un accident de la route ;&nbsp;<\/li>\n\n\n\n<li>crit\u00e8res comportementaux en cas de suspicion de l\u00e9sion de la colonne vert\u00e9brale ;&nbsp;<\/li>\n\n\n\n<li>faire face \u00e0 des situations de danger de mort telles que la noyade, l'\u00e9lectrocution ou la foudre, l'\u00e9vanouissement, l'\u00e9pilepsie, l'\u00e9touffement.&nbsp;<\/li>\n<\/ul>\n\n\n\n<h2 class=\"wp-block-heading\">Formes de formation aux premiers secours \u00e0 votre disposition&nbsp;<\/h2>\n\n\n\n<p>La formation \"Premiers secours \u00e0 la vie et \u00e0 la sant\u00e9\" est disponible sous deux formes :&nbsp;<\/p>\n\n\n\n<figure class=\"wp-block-table\"><table><tbody><tr><td>Formats de cours&nbsp;<\/td><td>D\u00e9finition&nbsp;<\/td><\/tr><tr><td>Ouvrir&nbsp;<\/td><td>Ils sont accessibles \u00e0 toute personne int\u00e9ress\u00e9e, y compris celles qui souhaitent acqu\u00e9rir par elles-m\u00eames des comp\u00e9tences et des connaissances dans un domaine particulier.&nbsp;<\/td><\/tr><tr><td>Ferm\u00e9&nbsp;<\/td><td>Ils sont destin\u00e9s \u00e0 des groupes. Il s'agit de cours organis\u00e9s par des employeurs ou des institutions.&nbsp;<\/td><\/tr><\/tbody><\/table><\/figure>\n\n\n\n<h2 class=\"wp-block-heading\">O\u00f9 pouvez-vous nous trouver ?&nbsp;<\/h2>\n\n\n\n<p>Nous vous invitons \u00e0 suivre une formation \"Premiers secours\" \u00e0 ERGON. Ces cours sont propos\u00e9s en permanence. Nous organisons des formations dans tout le pays, notamment \u00e0 Varsovie, Cracovie, Katowice, Bydgoszcz, Gda\u0144sk, Toru\u0144, \u0141\u00f3d\u017a, Pozna\u0144 et Lublin. Dans le cas de cours ferm\u00e9s, nous sommes en mesure de nous d\u00e9placer et de les organiser n'importe o\u00f9 en Pologne. Il vous suffit de nous appeler et de vous renseigner sur les dates disponibles. Le prix est fix\u00e9 individuellement en fonction du nombre de personnes. Pour les groupes plus importants, il est possible d'obtenir des r\u00e9ductions. Nous vous invitons \u00e0 vous inscrire et \u00e0 participer \u00e0 nos cours de formation !<\/p>\n\n\n\n<h2 class=\"wp-block-heading\">Les mesures suivantes doivent \u00eatre prises lors de l'administration des premiers secours :<\/h2>\n\n\n\n<ul class=\"wp-block-list\">\n<li>\u00e9valuer la situation et assurer des conditions de s\u00e9curit\u00e9 pour la fourniture de l'aide ;&nbsp;&nbsp;<\/li>\n\n\n\n<li>d\u00e9terminer si la victime est consciente ;&nbsp;&nbsp;<\/li>\n\n\n\n<li>r\u00e9tablir la perm\u00e9abilit\u00e9 des voies respiratoires et d\u00e9terminer les signes vitaux ;&nbsp;&nbsp;<\/li>\n\n\n\n<li>appeler une ambulance ou d'autres services sp\u00e9ciaux ;&nbsp;&nbsp;<\/li>\n\n\n\n<li>commencer la r\u00e9animation cardio-pulmonaire ;&nbsp;&nbsp;<\/li>\n\n\n\n<li>examiner soigneusement la victime et prendre les mesures appropri\u00e9es en cas d'h\u00e9morragie, de traumatisme, d'empoisonnement ou d'autres situations mettant la vie en danger ;&nbsp;&nbsp;<\/li>\n\n\n\n<li>placer la victime en position lat\u00e9rale de s\u00e9curit\u00e9 ;&nbsp;&nbsp;<\/li>\n\n\n\n<li>surveiller en permanence l'\u00e9tat de la victime et lui apporter un soutien psychologique.&nbsp;<\/li>\n<\/ul>\n\n\n\n<figure class=\"wp-block-image size-large is-resized\"><img loading=\"lazy\" decoding=\"async\" src=\"https:\/\/kursy-udt.pl\/wp-content\/uploads\/2022\/08\/1-2.jpeg\" alt=\"les personnes portant des gilets r\u00e9fl\u00e9chissants\" width=\"800\" height=\"534\"\/><\/figure>\n\n\n\n<h2 class=\"wp-block-heading\">Lieu de travail et premiers secours&nbsp;<\/h2>\n\n\n\n<p>L'admission d'une personne au travail est li\u00e9e \u00e0 un certain nombre d'obligations que les employeurs doivent remplir afin de garantir que le travail est s\u00fbr \u00e0 tous \u00e9gards. Selon le code du travail, tout employeur d'un lieu de travail donn\u00e9 doit fournir une trousse de premiers secours et d\u00e9signer parmi ses employ\u00e9s une personne charg\u00e9e de prodiguer les premiers soins. Selon la r\u00e9glementation, l'employeur est tenu de fournir toutes les mesures de premiers secours, de lutte contre l'incendie et d'\u00e9vacuation et de garantir le contact avec les services de protection contre l'incendie et les services m\u00e9dicaux d'urgence, ainsi qu'avec les services externes sp\u00e9cifiquement sp\u00e9cialis\u00e9s dans les premiers secours. <\/p>\n\n\n\n<p>Il est important que chaque lieu de travail dispose d'une personne d\u00fbment qualifi\u00e9e pour administrer les premiers secours. Vous devez poss\u00e9der les comp\u00e9tences ad\u00e9quates pour r\u00e9pondre de mani\u00e8re appropri\u00e9e \u00e0 diverses situations d'urgence vitale et sanitaire, telles qu'une h\u00e9morragie, une fracture, un \u00e9vanouissement, des br\u00fblures, des gelures ou tout autre type de blessure pouvant survenir sur le lieu de travail. De m\u00eame, la connaissance de la r\u00e9animation cardio-pulmonaire, de la respiration artificielle ou de la position lat\u00e9rale de s\u00e9curit\u00e9 est cruciale pour sauver des vies. Les connaissances et comp\u00e9tences n\u00e9cessaires peuvent \u00eatre acquises lors des cours de formation aux premiers secours organis\u00e9s par notre entreprise.&nbsp;&nbsp;<\/p>\n\n\n\n<p>Nous accueillons \u00e9galement des formations en sant\u00e9 et s\u00e9curit\u00e9 au travail (initiale et p\u00e9riodique) et en s\u00e9curit\u00e9 incendie. N'h\u00e9sitez pas \u00e0 nous contacter si vous avez des questions.&nbsp;<\/p>\n\n\n\n<figure class=\"wp-block-image size-large is-resized\"><img loading=\"lazy\" decoding=\"async\" src=\"https:\/\/kursy-udt.pl\/wp-content\/uploads\/2023\/01\/95-Pierwsza-pomoc-kursy-udt.pl_.png\" alt=\"formation aux premiers secours\" width=\"838\" height=\"524\"\/><\/figure>","protected":false},"excerpt":{"rendered":"<p>Oferujemy kursy pierwszej pomocy, kt\u00f3re zar\u00f3wno w teorii jak i w praktyce poka\u017c\u0105, jak wygl\u0105da pierwsza pomoc. Zdobyte w trakcie zaj\u0119\u0107 umiej\u0119tno\u015bci, pozwol\u0105 wywi\u0105za\u0107 si\u0119 z obowi\u0105zk\u00f3w w zakresie konieczno\u015bci udzielenia pierwszej pomocy.&nbsp; Pierwsza pomoc to dzia\u0142ania, kt\u00f3re maj\u0105 na celu ratowanie ludzkiego \u017cycia do czasu przyjazdu ratownictwa medycznego. Zapobiega ona dalszemu nara\u017ceniu poszkodowanego na niebezpiecze\u0144stwo oraz rozwojowi powa\u017cnych powik\u0142a\u0144. Jest ona skuteczna, gdy zostanie udzielona natychmiast lub mo\u017cliwie jak najszybciej od momentu zdarzenia. Pierwszej pomocy osobie poszkodowanej mo\u017ce udzieli\u0107 ka\u017cdy, kto w danym momencie b\u0119dzie si\u0119 znajdowa\u0142 w pobli\u017cu. Umiej\u0119tno\u015b\u0107 ta jest podstawowa, a tak\u017ce bardzo wa\u017cna. W nag\u0142ych wypadkach mo\u017ce uratowa\u0107 \u017cycie. Zapraszamy na nasze kursy z udzielania pierwszej pomocy.&nbsp; Szkolenia z pierwszej pomocy&nbsp; Nasze kursy \u015bwietnie si\u0119 sprawdz\u0105 w sytuacji, gdy chcesz przeszkoli\u0107 swoich pracownik\u00f3w. O\u015brodek Doskonalenia Kadr ERGON oferuje profesjonalne szkolenia \u201ePierwsza pomoc w stanach zagro\u017cenia \u017cycia i zdrowia\u201d. Posiadamy wieloletni sta\u017c, a nasi instruktorzy s\u0105 do dyspozycji kursant\u00f3w w trakcie trwania kursu. Nasza kadra jest odpowiednio wykwalifikowana, aby przeprowadzi\u0107 dok\u0142adne szkolenie. Cech\u0105 naszych kurs\u00f3w kwalifikacyjnych jest ich elastyczno\u015b\u0107, kt\u00f3ra stwarza mo\u017cliwo\u015b\u0107 dostosowania ich do specyficznych potrzeb szkoleniowych. Istnieje mo\u017cliwo\u015b\u0107 wyboru dogodnego terminu. Do dyspozycji s\u0142uchaczy posiadamy w pe\u0142ni wyposa\u017cone sale \u0107wiczeniowe, manekiny do resuscytacji, sprz\u0119t szkoleniowy i inne akcesoria, dzi\u0119ki kt\u00f3rym zapewniamy skuteczne szkolenie. Nasze kursy odbywaj\u0105 si\u0119 na terenie ca\u0142ej Polski m.in. w Warszawie, Krakowie, Poznaniu, \u0141odzi, Gda\u0144sku, Lublinie, Bydgoszczy, Szczecinie. Oferowane przez nas kursy sk\u0142adaj\u0105 si\u0119 z dw\u00f3ch cz\u0119\u015bci: teoretycznej i praktycznej. Podczas cz\u0119\u015bci teoretycznej omawiane s\u0105 nast\u0119puj\u0105ce tematy:&nbsp; Cz\u0119\u015b\u0107 praktyczna obejmuje:&nbsp; Formy szkolenia pierwszej pomocy dost\u0119pne dla [&hellip;]<\/p>\n","protected":false},"author":6,"featured_media":4128,"parent":2792,"menu_order":0,"comment_status":"closed","ping_status":"closed","template":"","meta":{"sfsi_plus_gutenberg_text_before_share":"","sfsi_plus_gutenberg_show_text_before_share":"","sfsi_plus_gutenberg_icon_type":"","sfsi_plus_gutenberg_icon_alignemt":"","sfsi_plus_gutenburg_max_per_row":"","footnotes":""},"class_list":["post-4125","page","type-page","status-publish","has-post-thumbnail","hentry","has_thumb"],"aioseo_notices":[],"_links":{"self":[{"href":"https:\/\/kursy-udt.pl\/fr\/wp-json\/wp\/v2\/pages\/4125","targetHints":{"allow":["GET"]}}],"collection":[{"href":"https:\/\/kursy-udt.pl\/fr\/wp-json\/wp\/v2\/pages"}],"about":[{"href":"https:\/\/kursy-udt.pl\/fr\/wp-json\/wp\/v2\/types\/page"}],"author":[{"embeddable":true,"href":"https:\/\/kursy-udt.pl\/fr\/wp-json\/wp\/v2\/users\/6"}],"replies":[{"embeddable":true,"href":"https:\/\/kursy-udt.pl\/fr\/wp-json\/wp\/v2\/comments?post=4125"}],"version-history":[{"count":4,"href":"https:\/\/kursy-udt.pl\/fr\/wp-json\/wp\/v2\/pages\/4125\/revisions"}],"predecessor-version":[{"id":5515,"href":"https:\/\/kursy-udt.pl\/fr\/wp-json\/wp\/v2\/pages\/4125\/revisions\/5515"}],"up":[{"embeddable":true,"href":"https:\/\/kursy-udt.pl\/fr\/wp-json\/wp\/v2\/pages\/2792"}],"wp:featuredmedia":[{"embeddable":true,"href":"https:\/\/kursy-udt.pl\/fr\/wp-json\/wp\/v2\/media\/4128"}],"wp:attachment":[{"href":"https:\/\/kursy-udt.pl\/fr\/wp-json\/wp\/v2\/media?parent=4125"}],"curies":[{"name":"wp","href":"https:\/\/api.w.org\/{rel}","templated":true}]}}