{"id":4119,"date":"2022-08-12T12:31:58","date_gmt":"2022-08-12T12:31:58","guid":{"rendered":"https:\/\/kursy-udt.pl\/?page_id=4119"},"modified":"2023-03-20T15:36:11","modified_gmt":"2023-03-20T14:36:11","slug":"tdt","status":"publish","type":"page","link":"https:\/\/kursy-udt.pl\/fr\/szkolenia\/udt-wdt-tdt\/tdt\/","title":{"rendered":"Cours de certification TDT"},"content":{"rendered":"<div class=\"wp-block-image\">\n<figure class=\"alignright size-large is-resized\"><img loading=\"lazy\" decoding=\"async\" src=\"https:\/\/kursy-udt.pl\/wp-content\/uploads\/2022\/08\/12-1.jpeg\" alt=\"\u00e9quipements soumis \u00e0 la TDT\" width=\"234\" height=\"306\"\/><\/figure>\n<\/div>\n\n\n<p>&nbsp;<br>Nous proposons des cours de formation professionnelle pour les employ\u00e9s dans tout le pays. Notre entreprise propose des cours professionnels qui vous permettront d'obtenir <a href=\"https:\/\/kursy-udt.pl\/fr\/uprawnienia-udt\/kategorie-uprawnien-2\/\">droits<\/a> Supervision technique des transports et, \u00e0 l'\u00e9tape suivante, commencer \u00e0 travailler en tant qu'op\u00e9rateur d'\u00e9quipement n\u00e9cessitant ces qualifications.&nbsp;<\/p>\n\n\n\n<h2 class=\"wp-block-heading\">Qu'est-ce que le TDT ?&nbsp;<\/h2>\n\n\n\n<p>Transportowy Doz\u00f3r Techniczny (abr\u00e9g\u00e9 en TDT) est une unit\u00e9 de supervision technique qui a \u00e9t\u00e9 cr\u00e9\u00e9e en vertu de la loi du 21 d\u00e9cembre 2000 sur la supervision technique. Il s'agit d'une fusion de la supervision technique des transports maritimes et de la supervision technique des chemins de fer. Les principales t\u00e2ches de la TDT comprennent, entre autres : la d\u00e9livrance d'un certificat d'approbation d'un v\u00e9hicule pour le transport de marchandises dangereuses ; la v\u00e9rification que l'\u00e9quipement et les conditions des stations d'inspection des v\u00e9hicules sont conformes aux exigences des dispositions r\u00e9glementaires ; l'ex\u00e9cution d'activit\u00e9s li\u00e9es \u00e0 l'approbation des v\u00e9hicules. La Supervision technique des transports effectue \u00e9galement des examens autorisant l'ex\u00e9cution des t\u00e2ches susmentionn\u00e9es. <\/p>\n\n\n\n<p>Le TDT effectue des t\u00e2ches aux stades suivants : conception, fabrication, r\u00e9paration, modernisation, commercialisation et exploitation. Le contr\u00f4le technique des transports couvre des \u00e9quipements tels que <a href=\"https:\/\/kursy-udt.pl\/fr\/szkolenia\/udt-wdt-tdt\/urzadzenia-cisnieniowe\/\">\u00e9quipement sous pression<\/a>les \u00e9quipements de manutention continue et sp\u00e9cialis\u00e9e, pour le transport de marchandises dangereuses, les r\u00e9servoirs de stockage, les \u00e9quipements de manutention par c\u00e2ble, les \u00e9quipements NO, les pipelines, les \u00e9quipements de r\u00e9cup\u00e9ration des vapeurs de carburant et les \u00e9quipements de manutention. Les \u00e9quipements de manutention soumis \u00e0 la TDT comprennent : les ponts roulants, les plates-formes, <a href=\"https:\/\/kursy-udt.pl\/fr\/szkolenia\/wozkiwidlowe\/\">chariots \u00e9l\u00e9vateurs<\/a>, grues pour v\u00e9hicules ferroviaires.\u00a0<\/p>\n\n\n\n<h2 class=\"wp-block-heading\">Formation TDT - offre&nbsp;&nbsp;<\/h2>\n\n\n\n<p>Seuls des employ\u00e9s bien qualifi\u00e9s et professionnels garantissent le bon fonctionnement d'un lieu de travail. Ce sont les personnes qui travaillent dans une entreprise qui en cr\u00e9ent l'image et la stature, ce qui a un impact sur l'augmentation des b\u00e9n\u00e9fices. Pour y parvenir, il vaut la peine d'investir dans les qualifications de vos employ\u00e9s et de les am\u00e9liorer syst\u00e9matiquement. De m\u00eame, tous les types d'\u00e9quipements soumis \u00e0 un contr\u00f4le technique exigent que les personnes qui les utilisent poss\u00e8dent les qualifications requises. Seule une personne qualifi\u00e9e est autoris\u00e9e \u00e0 r\u00e9parer, fabriquer et utiliser des \u00e9quipements techniques. C'est pourquoi nous avons mis au point des cours qui conviennent parfaitement aux personnes qui souhaitent acqu\u00e9rir les qualifications n\u00e9cessaires pour un travail sp\u00e9cifique.&nbsp;<\/p>\n\n\n\n<figure class=\"wp-block-image size-large is-resized\"><img loading=\"lazy\" decoding=\"async\" src=\"https:\/\/kursy-udt.pl\/wp-content\/uploads\/2022\/08\/13-1.jpeg\" alt=\"Formation \u00e0 l&#039;autorisation TDT\" width=\"803\" height=\"482\"\/><\/figure>\n\n\n\n<h2 class=\"wp-block-heading\">Exigences pour les candidats&nbsp;<\/h2>\n\n\n\n<p>Pour pouvoir suivre la formation TDT, vous devez tout d'abord \u00eatre \u00e2g\u00e9 de plus de 18 ans, avoir au moins un niveau d'\u00e9tudes primaires et avoir rempli correctement les formulaires de candidature. Vous ne devez pas non plus pr\u00e9senter de contre-indications de sant\u00e9 \u00e0 la profession.&nbsp;<\/p>\n\n\n\n<h2 class=\"wp-block-heading\">Pourquoi nous choisir ?&nbsp;<\/h2>\n\n\n\n<p>Nos cours de formation se distinguent par le fait que nous employons des instructeurs hautement qualifi\u00e9s qui enseignent sur la base de programmes \u00e9labor\u00e9s en collaboration avec les autorit\u00e9s charg\u00e9es de d\u00e9livrer les licences. Chaque participant a acc\u00e8s au mat\u00e9riel de formation et b\u00e9n\u00e9ficie d'un soutien professionnel. Nous fournissons une formation compl\u00e8te gr\u00e2ce \u00e0 des cours th\u00e9oriques qui transmettent des connaissances et des cours pratiques qui permettent aux participants d'assimiler l'information. <\/p>\n\n\n\n<h2 class=\"wp-block-heading\">Les th\u00e8mes abord\u00e9s lors des conf\u00e9rences sont les suivants\u00a0\u00a0<\/h2>\n\n\n\n<ul class=\"wp-block-list\">\n<li>l'entretien et l'utilisation en toute s\u00e9curit\u00e9 des \u00e9quipements : sous pression, transport et stockage de marchandises dangereuses, transport continu, alimentation sous pression de b\u00e9ton liquide ;&nbsp;&nbsp;<\/li>\n\n\n\n<li>l'exploitation d'une station d'inspection de v\u00e9hicules ;&nbsp;&nbsp;<\/li>\n\n\n\n<li>l'autonomisation des \u00e9tablissements ;&nbsp;&nbsp;<\/li>\n\n\n\n<li>les essais techniques des v\u00e9hicules ;&nbsp;&nbsp;<\/li>\n\n\n\n<li>descriptions et marquages sur les citernes de transport et certification.&nbsp;&nbsp;<\/li>\n<\/ul>\n\n\n\n<p>Les cours portent \u00e9galement sur l'exploitation des stations de remplissage de gaz naturel comprim\u00e9 et sur le remplissage de r\u00e9servoirs sous pression portables avec du gaz comprim\u00e9 et liqu\u00e9fi\u00e9. Le prix des cours est fix\u00e9 individuellement en fonction du nombre de personnes, avec des r\u00e9ductions int\u00e9ressantes pour les groupes plus importants. Nous sommes \u00e9galement pr\u00eats \u00e0 n\u00e9gocier. Pour plus d'informations ou des questions, <a href=\"https:\/\/kursy-udt.pl\/fr\/kontakt\/\">Contactez nous s&#039;il vous plait<\/a>.&nbsp;<\/p>\n\n\n\n<figure class=\"wp-block-image size-large is-resized\"><img loading=\"lazy\" decoding=\"async\" src=\"https:\/\/kursy-udt.pl\/wp-content\/uploads\/2022\/08\/14.jpeg\" alt=\"participants \u00e0 la formation\" width=\"800\" height=\"534\"\/><\/figure>\n\n\n\n<h2 class=\"wp-block-heading\">Forme de cours&nbsp;<\/h2>\n\n\n\n<figure class=\"wp-block-table\"><table><tbody><tr><td><strong>Formulaire<\/strong>&nbsp;<\/td><td><strong>Pour qui?<\/strong>&nbsp;<\/td><\/tr><tr><td>Ouvrir&nbsp;<\/td><td>Elles sont destin\u00e9es \u00e0 toutes les personnes int\u00e9ress\u00e9es, r\u00e9alis\u00e9es selon le calendrier affich\u00e9 sur notre site internet.&nbsp;<\/td><\/tr><tr><td>Ferm\u00e9&nbsp;<\/td><td>Destin\u00e9s aux groupes cr\u00e9\u00e9s par des employeurs ou des institutions, ils sont disponibles \u00e0 la fois dans nos agences, mais aussi partout en Pologne - nous pouvons nous y rendre facilement.&nbsp;<\/td><\/tr><\/tbody><\/table><\/figure>\n\n\n\n<h2 class=\"wp-block-heading\">Autorisations TDT&nbsp;<\/h2>\n\n\n\n<p>Les autorisations de TDT sont d\u00e9livr\u00e9es aux entreprises nationales et \u00e9trang\u00e8res. Seules les entit\u00e9s titulaires de ces autorisations peuvent fabriquer, r\u00e9parer et moderniser des dispositifs techniques ainsi que les mat\u00e9riaux et composants utilis\u00e9s \u00e0 ces fins. Elles sont d\u00e9livr\u00e9es sous la forme d'une d\u00e9cision administrative lorsque le demandeur remplit les conditions stipul\u00e9es \u00e0 l'article 9, paragraphe 2, de la loi sur le contr\u00f4le technique, \u00e0 savoir&nbsp;<\/p>\n\n\n\n<ul class=\"wp-block-list\">\n<li>a introduit une technologie de production, de r\u00e9paration ou de modernisation appropri\u00e9e ;&nbsp;<\/li>\n\n\n\n<li>dispose d'\u00e9quipements de production, de r\u00e9paration et de modernisation ;&nbsp;<\/li>\n\n\n\n<li>donne du travail au personnel ayant les qualifications appropri\u00e9es, comme sp\u00e9cifi\u00e9 dans les r\u00e8glements individuels ;&nbsp;<\/li>\n\n\n\n<li>le contr\u00f4le de la qualit\u00e9 est organis\u00e9 ;&nbsp;<\/li>\n\n\n\n<li>est en mesure d'effectuer des essais destructifs et non destructifs sur les \u00e9quipements techniques fabriqu\u00e9s, am\u00e9lior\u00e9s ou r\u00e9par\u00e9s dans son laboratoire ou dans un laboratoire agr\u00e9\u00e9 par l'organisme de contr\u00f4le technique comp\u00e9tent.&nbsp;<\/li>\n<\/ul>\n\n\n\n<p>N&#039;h\u00e9sitez pas \u00e0 nous contacter et \u00e0 vous inscrire \u00e0 la formation !&nbsp;<\/p>\n\n\n\n<figure class=\"wp-block-image size-large is-resized\"><img loading=\"lazy\" decoding=\"async\" src=\"https:\/\/kursy-udt.pl\/wp-content\/uploads\/2023\/01\/80-TDT-kursy-udt.pl_.png\" alt=\"Formation ERGON\" width=\"793\" height=\"496\"\/><\/figure>","protected":false},"excerpt":{"rendered":"<p>&nbsp;Prowadzimy profesjonalne szkolenia dla pracownik\u00f3w na terenie ca\u0142ej Polski. Nasza firma oferuje profesjonalne kursy, kt\u00f3re pozwol\u0105 uzyska\u0107 uprawnienia Transportowego Dozoru Technicznego, a w kolejnym kroku rozpocz\u0105\u0107 prace jako operator urz\u0105dze\u0144 wymagaj\u0105cych tych uprawnie\u0144.&nbsp; Co to jest TDT?&nbsp; Transportowy Doz\u00f3r Techniczny (w skr\u00f3cie TDT) jest to jednostka dozoru technicznego, kt\u00f3ra zosta\u0142a utworzona na mocy ustawy z dnia 21 grudnia 2000 r. o dozorze technicznym. Jest to po\u0142\u0105czenie Dozoru Technicznego \u017beglugi Morskiej i Kolejowego Dozoru Technicznego. Do g\u0142\u00f3wnych zada\u0144 TDT nale\u017cy mi\u0119dzy innymi: wydawanie \u015bwiadectwa o dopuszczeniu pojazdu do przewozu towar\u00f3w niebezpiecznych; sprawdzanie czy wyposa\u017cenie i warunki stacji kontroli pojazd\u00f3w s\u0105 zgodne z wymaganiami przepis\u00f3w wykonawczych; prowadzenie dzia\u0142a\u0144 zwi\u0105zanych z homologacj\u0105 pojazd\u00f3w. Transportowy Doz\u00f3r Techniczny przeprowadza r\u00f3wnie\u017c egzaminy uprawniaj\u0105ce do wykonywania wy\u017cej wymienionych zada\u0144. TDT realizuje zadania na etapach: projektowania, wytwarzania, naprawy, modernizacji, obrotu i eksploatacji. Transportowy Doz\u00f3r Techniczny obejmuje urz\u0105dzenia takie jak: urz\u0105dzenia ci\u015bnieniowe, specjalistyczne urz\u0105dzenia transportu ci\u0105g\u0142ego i bliskiego, do transportu towar\u00f3w niebezpiecznych, zbiorniki magazynowe, urz\u0105dzenia transportu linowego, urz\u0105dzenia NO, ruroci\u0105gi, do odzyskiwania par paliwa oraz transportu bliskiego. Do urz\u0105dze\u0144 transportu bliskiego podlegaj\u0105cych pod TDT nale\u017c\u0105: suwnice, podesty, w\u00f3zki jezdniowe podno\u015bnikowe, d\u017awignice pojazd\u00f3w kolejowych.\u00a0 Szkolenia TDT \u2013 oferta&nbsp;&nbsp; Tylko dobrze wykwalifikowani i profesjonalni pracownicy s\u0105 gwarancj\u0105 dobrze funkcjonuj\u0105cego zak\u0142adu pracy. To w\u0142a\u015bnie osoby pracuj\u0105ce w firmie tworz\u0105 jej wizerunek i rang\u0119, co ma wp\u0142yw na zwi\u0119kszenie zysk\u00f3w. Aby to osi\u0105gn\u0105\u0107, warto zainwestowa\u0107 i systematycznie podnosi\u0107 kwalifikacje swoich pracownik\u00f3w. R\u00f3wnie\u017c wszelkiego rodzaju urz\u0105dzenia, kt\u00f3re obj\u0119te s\u0105 dozorem technicznym wymagaj\u0105 od os\u00f3b ich u\u017cywaj\u0105cych odpowiednich kwalifikacji. Tylko osoba posiadaj\u0105ca uprawnienia ma prawo naprawia\u0107, wytwarza\u0107 i eksploatowa\u0107 urz\u0105dzenia [&hellip;]<\/p>\n","protected":false},"author":6,"featured_media":4120,"parent":2721,"menu_order":0,"comment_status":"closed","ping_status":"closed","template":"","meta":{"sfsi_plus_gutenberg_text_before_share":"","sfsi_plus_gutenberg_show_text_before_share":"","sfsi_plus_gutenberg_icon_type":"","sfsi_plus_gutenberg_icon_alignemt":"","sfsi_plus_gutenburg_max_per_row":"","footnotes":""},"class_list":["post-4119","page","type-page","status-publish","has-post-thumbnail","hentry","has_thumb"],"aioseo_notices":[],"_links":{"self":[{"href":"https:\/\/kursy-udt.pl\/fr\/wp-json\/wp\/v2\/pages\/4119","targetHints":{"allow":["GET"]}}],"collection":[{"href":"https:\/\/kursy-udt.pl\/fr\/wp-json\/wp\/v2\/pages"}],"about":[{"href":"https:\/\/kursy-udt.pl\/fr\/wp-json\/wp\/v2\/types\/page"}],"author":[{"embeddable":true,"href":"https:\/\/kursy-udt.pl\/fr\/wp-json\/wp\/v2\/users\/6"}],"replies":[{"embeddable":true,"href":"https:\/\/kursy-udt.pl\/fr\/wp-json\/wp\/v2\/comments?post=4119"}],"version-history":[{"count":5,"href":"https:\/\/kursy-udt.pl\/fr\/wp-json\/wp\/v2\/pages\/4119\/revisions"}],"predecessor-version":[{"id":5551,"href":"https:\/\/kursy-udt.pl\/fr\/wp-json\/wp\/v2\/pages\/4119\/revisions\/5551"}],"up":[{"embeddable":true,"href":"https:\/\/kursy-udt.pl\/fr\/wp-json\/wp\/v2\/pages\/2721"}],"wp:featuredmedia":[{"embeddable":true,"href":"https:\/\/kursy-udt.pl\/fr\/wp-json\/wp\/v2\/media\/4120"}],"wp:attachment":[{"href":"https:\/\/kursy-udt.pl\/fr\/wp-json\/wp\/v2\/media?parent=4119"}],"curies":[{"name":"wp","href":"https:\/\/api.w.org\/{rel}","templated":true}]}}