{"id":4111,"date":"2022-08-11T12:09:12","date_gmt":"2022-08-11T12:09:12","guid":{"rendered":"https:\/\/kursy-udt.pl\/?page_id=4111"},"modified":"2023-03-21T11:51:06","modified_gmt":"2023-03-21T10:51:06","slug":"equipement-de-chargement","status":"publish","type":"page","link":"https:\/\/kursy-udt.pl\/fr\/szkolenia\/udt-wdt-tdt\/urzadzenia-zaladowcze\/","title":{"rendered":"Formation au fonctionnement des \u00e9quipements de chargement, de d\u00e9chargement et d'alimentation"},"content":{"rendered":"<p>Nous organisons un cours de formation visant \u00e0 acqu\u00e9rir les connaissances n\u00e9cessaires pour effectuer des op\u00e9rations de chargement et de d\u00e9chargement. Apr\u00e8s avoir suivi le cours de formation et r\u00e9ussi l'examen, les participants re\u00e7oivent un certificat standard les autorisant \u00e0 utiliser l'\u00e9quipement. Les cours s'adressent aux personnes qui d\u00e9couvrent les \u00e9quipements de chargement et de d\u00e9chargement, mais aussi \u00e0 celles qui souhaitent am\u00e9liorer leurs qualifications.\u00a0\u00a0<\/p>\n\n\n\n<figure class=\"wp-block-image size-large is-resized\"><img loading=\"lazy\" decoding=\"async\" src=\"https:\/\/kursy-udt.pl\/wp-content\/uploads\/2022\/08\/2-1.jpeg\" alt=\"l&#039;entretien de la machine\" width=\"717\" height=\"479\"\/><\/figure>\n\n\n\n<h2 class=\"wp-block-heading\">Dipl\u00f4mes UDT&nbsp;<\/h2>\n\n\n\n<p>Tous les \u00e9quipements de chargement, de d\u00e9chargement ou d'alimentation sont soumis \u00e0 une surveillance technique. Ils ne peuvent \u00eatre utilis\u00e9s, entretenus et r\u00e9par\u00e9s que par des personnes hautement qualifi\u00e9es et exp\u00e9riment\u00e9es ayant les comp\u00e9tences suivantes <a href=\"https:\/\/kursy-udt.pl\/fr\/uprawnienia-udt\/kategorie-uprawnien-2\/\">droits<\/a> accord\u00e9es par le Bureau de contr\u00f4le technique. Ces autorisations peuvent \u00eatre obtenues en suivant une formation \u00e0 la conduite de ces appareils et en passant ensuite un examen devant une commission du Bureau de contr\u00f4le technique. Nous avons donc d\u00e9velopp\u00e9 des cours id\u00e9aux pour la conduite d'engins de chargement, de d\u00e9chargement ou de manutention. Lors de nos formations, nous vous garantissons une formation professionnelle et de bonnes chances de r\u00e9ussir l'examen du premier coup.&nbsp;&nbsp;<\/p>\n\n\n\n<h2 class=\"wp-block-heading\">Programme de formation&nbsp;<\/h2>\n\n\n\n<p>La formation au chargement et au d\u00e9chargement comprend un cours magistral. Nous travaillons en \u00e9troite collaboration avec le Bureau de contr\u00f4le technique, de sorte qu'il est facile de fixer les dates d'examen en fonction des besoins de nos clients. Pendant le cours, les \u00e9tudiants re\u00e7oivent tout le mat\u00e9riel p\u00e9dagogique n\u00e9cessaire. Nos instructeurs ont de nombreuses ann\u00e9es d'exp\u00e9rience et beaucoup d'entre eux sont des experts dans leur domaine. Chaque participant peut compter sur une approche individuelle.&nbsp;&nbsp;<\/p>\n\n\n\n<p>Les th\u00e8mes suivants sont inclus dans le programme de formation :&nbsp;&nbsp;<\/p>\n\n\n<div class=\"wp-block-image\">\n<figure class=\"alignright size-large is-resized\"><img loading=\"lazy\" decoding=\"async\" src=\"https:\/\/kursy-udt.pl\/wp-content\/uploads\/2022\/08\/3-1.jpeg\" alt=\"dispositifs de d\u00e9charge\" width=\"330\" height=\"220\"\/><\/figure>\n<\/div>\n\n\n<ul class=\"wp-block-list\">\n<li>la protection du travail et la r\u00e9glementation en mati\u00e8re de s\u00e9curit\u00e9,&nbsp;&nbsp;<\/li>\n\n\n\n<li>la recherche sur les m\u00e9canismes de levage et de transport,&nbsp;&nbsp;<\/li>\n\n\n\n<li>la construction et le fonctionnement de l'appareil,&nbsp;<\/li>\n\n\n\n<li>les r\u00e8gles de s\u00e9curit\u00e9 en cas d'incendie,&nbsp;&nbsp;<\/li>\n\n\n\n<li>le respect des conditions sanitaires et des m\u00e9thodes de travail,&nbsp;<\/li>\n\n\n\n<li>les responsabilit\u00e9s de l'op\u00e9rateur,&nbsp;<\/li>\n\n\n\n<li>Sant\u00e9, s\u00e9curit\u00e9 et s\u00fbret\u00e9.&nbsp;<\/li>\n<\/ul>\n\n\n\n<p>Le cours fournit des informations d\u00e9taill\u00e9es sur les principes de protection et de s\u00e9curit\u00e9 lors de l'utilisation des \u00e9quipements. Les participants au cours conna\u00eetront toutes les caract\u00e9ristiques de l'\u00e9quipement utilis\u00e9 dans ce type de travail, sauront comment positionner correctement le v\u00e9hicule et les m\u00e9canismes sur le lieu de travail et comment organiser correctement tous les processus.&nbsp;<\/p>\n\n\n\n<h2 class=\"wp-block-heading\">Entretien des \u00e9quipements de chargement, de d\u00e9chargement et d'alimentation&nbsp;<\/h2>\n\n\n\n<p>Parmi les activit\u00e9s de maintenance des machines de chargement et de d\u00e9chargement, le syst\u00e8me de maintenance pr\u00e9ventive et de r\u00e9paration occupe une place importante. Les \u00e9quipements d'entrep\u00f4t, y compris les \u00e9quipements de chargement et de d\u00e9chargement, doivent \u00eatre r\u00e9guli\u00e8rement contr\u00f4l\u00e9s pour d\u00e9tecter tout dysfonctionnement. Le bon fonctionnement des machines et des \u00e9quipements de chargement et de d\u00e9chargement garantit une productivit\u00e9 et une fiabilit\u00e9 \u00e9lev\u00e9es. Les dommages mineurs et la d\u00e9t\u00e9rioration des performances peuvent \u00eatre r\u00e9par\u00e9s sans frais importants s'ils sont d\u00e9tect\u00e9s \u00e0 temps. <\/p>\n\n\n\n<p>Selon le type de service, les inspections et la recherche de pannes sont effectu\u00e9es par des employ\u00e9s sp\u00e9cialement form\u00e9s et par le personnel du centre de service. La personne directement responsable de l'\u00e9tat technique et du bon fonctionnement est celle qui utilise la machine qui lui est confi\u00e9e. Selon les normes en vigueur, un syst\u00e8me de maintenance pr\u00e9ventive est un ensemble d'outils interconnect\u00e9s et de documentation n\u00e9cessaire pour maintenir et restaurer la qualit\u00e9 des machines dans des conditions de fonctionnement sp\u00e9cifiques. Il s'agit \u00e9galement d'un ensemble de mesures organisationnelles et techniques permettant de maintenir la machine en bon \u00e9tat de fonctionnement, de r\u00e9duire les co\u00fbts d'exploitation et d'atteindre le co\u00fbt de manutention des charges le plus bas possible.\u00a0\u00a0<\/p>\n\n\n\n<p>L'entretien est l'ensemble des activit\u00e9s qui cr\u00e9ent l'environnement le plus favorable. <a href=\"https:\/\/kursy-udt.pl\/fr\/szkolenia\/udt-wdt-tdt\/wyciagi-towarowe-kurs\/\">conditions d'utilisation<\/a> les pi\u00e8ces et sous-ensembles de la machine, en pr\u00e9venant les pannes \u00e0 temps et en \u00e9liminant les d\u00e9fauts d\u00e9tect\u00e9s. Une r\u00e9paration est une s\u00e9rie d'op\u00e9rations techniques visant \u00e0 \u00e9liminer les d\u00e9fauts apparus lors de l'utilisation d'une machine.&nbsp;&nbsp;<\/p>\n\n\n\n<p>La maintenance des \u00e9quipements de stockage implique une s\u00e9rie d'op\u00e9rations qui sont effectu\u00e9es au cours d'une p\u00e9riode donn\u00e9e. Toutes les op\u00e9rations sont r\u00e9glement\u00e9es par le fabricant et figurent dans les documents techniques qui accompagnent l'\u00e9quipement.&nbsp;&nbsp;&nbsp;<\/p>\n\n\n\n<h2 class=\"wp-block-heading\">Inspection de l'\u00e9quipement&nbsp;<\/h2>\n\n\n\n<p>L'entretien des \u00e9quipes est effectu\u00e9 quotidiennement pendant que l'\u00e9quipement de chargement est en service, conform\u00e9ment aux recommandations du fabricant. L'op\u00e9rateur v\u00e9rifie l'\u00e9tat ext\u00e9rieur et int\u00e9rieur de chaque unit\u00e9 de l'\u00e9quipement, le niveau d'essence, l'huile, le liquide de refroidissement, le ch\u00e2ssis et les entra\u00eenements. L'entretien saisonnier de l'\u00e9quipement a lieu deux fois par an, g\u00e9n\u00e9ralement en automne et au printemps. L'entretien programm\u00e9 doit \u00eatre effectu\u00e9 conform\u00e9ment au calendrier figurant dans la documentation technique du fabricant. Il est effectu\u00e9 apr\u00e8s un certain nombre d'heures de fonctionnement.&nbsp;<\/p>\n\n\n\n<figure class=\"wp-block-image size-large is-resized\"><img loading=\"lazy\" decoding=\"async\" src=\"https:\/\/kursy-udt.pl\/wp-content\/uploads\/2022\/08\/1-1.jpeg\" alt=\"\u00e9quipement de chargement\" width=\"727\" height=\"485\"\/><\/figure>\n\n\n\n<h2 class=\"wp-block-heading\">\u00c9quipement de chargement, de d\u00e9chargement et d'alimentation&nbsp;<\/h2>\n\n\n\n<p>Les \u00e9quipements de chargement, de d\u00e9chargement et d'alimentation sont utilis\u00e9s pour les op\u00e9rations de chargement, de d\u00e9chargement et de manutention. L'utilisation d'\u00e9quipements efficaces permet aux entreprises commerciales et aux entrep\u00f4ts d'optimiser et de rationaliser consid\u00e9rablement leurs op\u00e9rations. Tous les processus sont simplifi\u00e9s, sans risque d'endommager le transport des marchandises. En fonction de l'objectif et de l'\u00e9tendue des travaux, nous pouvons mentionner :&nbsp;<\/p>\n\n\n\n<figure class=\"wp-block-table\"><table><tbody><tr><td><strong>Type<\/strong>&nbsp;<\/td><td><strong>Description<\/strong>&nbsp;<\/td><\/tr><tr><td>chargeurs, fourches&nbsp;<\/td><td>Ils sont utilis\u00e9s pour charger divers mat\u00e9riaux sur des \u00e9quipements de transport et les placer dans des entrep\u00f4ts, ainsi que pour d\u00e9placer des mat\u00e9riaux dans des entrep\u00f4ts pendant le processus de tri et au cours du processus de production. En cours d'op\u00e9ration, les chargeurs effectuent la saisie, le d\u00e9placement et le d\u00e9chargement des mat\u00e9riaux. En fonction du type de travail, on distingue les machines cycliques et les machines continues. Les chargeuses cycliques peuvent \u00eatre divis\u00e9es en machines polyvalentes, qui traitent un large \u00e9ventail de mat\u00e9riaux en vrac et d'usage g\u00e9n\u00e9ral, et en machines sp\u00e9ciales, qui sont con\u00e7ues pour traiter uniquement un type de mat\u00e9riau sp\u00e9cifique.&nbsp;<\/td><\/tr><tr><td>empileurs&nbsp;<\/td><td>Cet \u00e9quipement est utilis\u00e9 lorsqu'il est n\u00e9cessaire de soulever et de placer des charges en hauteur. Ils sont \u00e9quip\u00e9s d'un m\u00e9canisme de levage. De nombreux types diff\u00e9rents de gerbeurs sont utilis\u00e9s dans les op\u00e9rations d'entreposage. Il existe des gerbeurs \u00e9lectriques, hydrauliques, \u00e9lectrom\u00e9caniques, etc.&nbsp;<\/td><\/tr><\/tbody><\/table><\/figure>\n\n\n\n<p>Nous vous invitons chaleureusement \u00e0 nous contacter et \u00e0 vous inscrire \u00e0 une formation !<\/p>\n\n\n\n<figure class=\"wp-block-image size-large is-resized\"><img loading=\"lazy\" decoding=\"async\" src=\"https:\/\/kursy-udt.pl\/wp-content\/uploads\/2022\/12\/urzadzenia-zaladowcze-wyladowcze-i-podajacych-kursy-udt.pl_.png\" alt=\"Formation ERGON\" width=\"753\" height=\"471\"\/><\/figure>","protected":false},"excerpt":{"rendered":"<p>Organizujemy szkolenie, kt\u00f3rego celem jest nabycie przez uczestnik\u00f3w niezb\u0119dnej wiedzy potrzebnej podczas wykonywania operacji za\u0142adunku i roz\u0142adunku. Kursanci po pomy\u015blnym zako\u0144czeniu szkolenia i pozytywnie zdanym egzaminie otrzymuj\u0105 standardowe \u015bwiadectwo uprawniaj\u0105ce do obs\u0142ugi urz\u0105dze\u0144. Kursy przeznaczone s\u0105 zar\u00f3wno dla os\u00f3b zaczynaj\u0105cych swoj\u0105 przygod\u0119 z urz\u0105dzeniami za\u0142adowczymi i wy\u0142adowczymi, ale tak\u017ce dla os\u00f3b chc\u0105cych podwy\u017cszy\u0107 swoje kwalifikacje.\u00a0\u00a0 Uprawnienia UDT&nbsp; Wszystkie urz\u0105dzenia za\u0142adunkowe, wy\u0142adunkowe lub podaj\u0105ce podlegaj\u0105 dozorowi technicznemu. Ich obs\u0142ug\u0105, konserwacj\u0105 i napraw\u0105 mog\u0105 zajmowa\u0107 si\u0119 wy\u0142\u0105cznie osoby wysoko wykwalifikowane z du\u017cym do\u015bwiadczeniem, posiadaj\u0105ce uprawnienia nadane przez Urz\u0105d Dozoru Technicznego. Uprawnienia te mo\u017cna uzyska\u0107 poprzez przej\u015bcie szkolenia z obs\u0142ugi tych urz\u0105dze\u0144, a nast\u0119pnie zdanie egzaminu przed komisj\u0105 Urz\u0119du Dozoru Technicznego. W zwi\u0105zku z tym stworzyli\u015bmy idealne kursy z obs\u0142ugi urz\u0105dze\u0144 za\u0142adowczych, wy\u0142adowczych lub podaj\u0105cych \u0142adunki w ci\u0105gach technologicznych prze\u0142adowczych. Podczas naszych szkole\u0144 gwarantujemy profesjonalne przeszkolenie oraz du\u017c\u0105 szans\u0119 na pozytywne zdanie egzaminu za pierwszym razem.&nbsp;&nbsp; Program szkolenia&nbsp; Szkolenie w zakresie za\u0142adunku i roz\u0142adunku obejmuje kurs w formie wyk\u0142ad\u00f3w. \u015aci\u015ble wsp\u00f3\u0142pracujemy z Urz\u0119dem Dozoru Technicznego, dzi\u0119ki czemu z \u0142atwo\u015bci\u0105 mo\u017cna zorganizowa\u0107 termin egzamin\u00f3w w zale\u017cno\u015bci od potrzeb naszych klient\u00f3w. Podczas zaj\u0119\u0107 kursanci otrzymuj\u0105 wszystkie niezb\u0119dne materia\u0142y dydaktyczne. Nasi instruktorzy posiadaj\u0105 wieloletnie do\u015bwiadczenie, a wielu z nich jest ekspertami w swojej dziedzinie. Ka\u017cdy uczestnik mo\u017ce liczy\u0107 na indywidualne podej\u015bcie.&nbsp;&nbsp; W programie szkolenia uwzgl\u0119dniono nast\u0119puj\u0105ce zagadnienia:&nbsp;&nbsp; Kurs dostarcza szczeg\u00f3\u0142owych informacji z uwzgl\u0119dnieniem zasad ochrony i bezpiecze\u0144stwa pracy przy obs\u0142udze urz\u0105dze\u0144. Uczestnicy kursu b\u0119d\u0105 znali wszystkie cechy sprz\u0119tu wykorzystywanego w tego typu pracach, b\u0119d\u0105 wiedzieli jak prawid\u0142owo rozmie\u015bci\u0107 pojazd i mechanizmy w miejscu pracy oraz jak w\u0142a\u015bciwie zorganizowa\u0107 wszystkie procesy.&nbsp; Konserwacja [&hellip;]<\/p>\n","protected":false},"author":6,"featured_media":4113,"parent":2721,"menu_order":0,"comment_status":"closed","ping_status":"closed","template":"","meta":{"sfsi_plus_gutenberg_text_before_share":"","sfsi_plus_gutenberg_show_text_before_share":"","sfsi_plus_gutenberg_icon_type":"","sfsi_plus_gutenberg_icon_alignemt":"","sfsi_plus_gutenburg_max_per_row":"","footnotes":""},"class_list":["post-4111","page","type-page","status-publish","has-post-thumbnail","hentry","has_thumb"],"aioseo_notices":[],"_links":{"self":[{"href":"https:\/\/kursy-udt.pl\/fr\/wp-json\/wp\/v2\/pages\/4111","targetHints":{"allow":["GET"]}}],"collection":[{"href":"https:\/\/kursy-udt.pl\/fr\/wp-json\/wp\/v2\/pages"}],"about":[{"href":"https:\/\/kursy-udt.pl\/fr\/wp-json\/wp\/v2\/types\/page"}],"author":[{"embeddable":true,"href":"https:\/\/kursy-udt.pl\/fr\/wp-json\/wp\/v2\/users\/6"}],"replies":[{"embeddable":true,"href":"https:\/\/kursy-udt.pl\/fr\/wp-json\/wp\/v2\/comments?post=4111"}],"version-history":[{"count":5,"href":"https:\/\/kursy-udt.pl\/fr\/wp-json\/wp\/v2\/pages\/4111\/revisions"}],"predecessor-version":[{"id":5595,"href":"https:\/\/kursy-udt.pl\/fr\/wp-json\/wp\/v2\/pages\/4111\/revisions\/5595"}],"up":[{"embeddable":true,"href":"https:\/\/kursy-udt.pl\/fr\/wp-json\/wp\/v2\/pages\/2721"}],"wp:featuredmedia":[{"embeddable":true,"href":"https:\/\/kursy-udt.pl\/fr\/wp-json\/wp\/v2\/media\/4113"}],"wp:attachment":[{"href":"https:\/\/kursy-udt.pl\/fr\/wp-json\/wp\/v2\/media?parent=4111"}],"curies":[{"name":"wp","href":"https:\/\/api.w.org\/{rel}","templated":true}]}}