{"id":40,"date":"2014-02-10T17:15:14","date_gmt":"2014-02-10T17:15:14","guid":{"rendered":"http:\/\/kursy-udt.kwiaty0.pl\/?page_id=40"},"modified":"2022-12-05T14:23:05","modified_gmt":"2022-12-05T14:23:05","slug":"grues-2","status":"publish","type":"page","link":"https:\/\/kursy-udt.pl\/fr\/dzwigi\/","title":{"rendered":"Grues"},"content":{"rendered":"<p><img loading=\"lazy\" decoding=\"async\" class=\"paddingleft10 wp-image-3592 size-medium alignleft\" src=\"https:\/\/kursy-udt.pl\/wp-content\/uploads\/2021\/11\/dzwigi_budowlane-300x225.jpg\" alt=\"\" width=\"300\" height=\"225\" srcset=\"https:\/\/kursy-udt.pl\/wp-content\/uploads\/2021\/11\/dzwigi_budowlane-300x225.jpg 300w, https:\/\/kursy-udt.pl\/wp-content\/uploads\/2021\/11\/dzwigi_budowlane-1024x768.jpg 1024w, https:\/\/kursy-udt.pl\/wp-content\/uploads\/2021\/11\/dzwigi_budowlane-768x576.jpg 768w, https:\/\/kursy-udt.pl\/wp-content\/uploads\/2021\/11\/dzwigi_budowlane-1536x1153.jpg 1536w, https:\/\/kursy-udt.pl\/wp-content\/uploads\/2021\/11\/dzwigi_budowlane-640x480.jpg 640w, https:\/\/kursy-udt.pl\/wp-content\/uploads\/2021\/11\/dzwigi_budowlane-624x468.jpg 624w, https:\/\/kursy-udt.pl\/wp-content\/uploads\/2021\/11\/dzwigi_budowlane.jpg 1563w\" sizes=\"auto, (max-width: 300px) 100vw, 300px\" \/>\u00c9quipement permettant de soulever facilement des charges - marchandises ou personnes sur des plates-formes ou dans des cabines sp\u00e9ciales. Nous faisons la distinction entre <a href=\"https:\/\/kursy-udt.pl\/fr\/szkolenia\/udt-wdt-tdt\/operowanie-dzwigami\/\">grues de construction<\/a> grues verticales, \u00e0 arbre, circulaires, inclin\u00e9es ou portuaires. Pour utiliser l'\u00e9quipement de mani\u00e8re professionnelle, vous devez <a href=\"https:\/\/kursy-udt.pl\/fr\/uprawnienia-udt\/kategorie-uprawnien-2\/\">Dipl\u00f4mes UDT<\/a>. Les qualifications obtenues pour les grues permettent leur exploitation et leur maintenance.<\/p>\n<div class=\"wyjustuj\">\n<p>Pendant la formation, notre personnel enseignant fournira toutes les connaissances n\u00e9cessaires qu&#039;un op\u00e9rateur de grue devrait avoir. Le cours de grue comprend la th\u00e9orie et la pratique. Au cours de la formation UDT, le participant s\u00e9lectionne les informations n\u00e9cessaires pour passer l&#039;examen. Tous les cours sont anim\u00e9s par des sp\u00e9cialistes qualifi\u00e9s. Nous invitons!<\/p>\n<p><a href=\"https:\/\/kursy-udt.pl\/wp-content\/uploads\/2022\/12\/69-Dzwigi-osobowe-towarowe-kursy-udt.pl_.png\"><img loading=\"lazy\" decoding=\"async\" class=\"aligncenter wp-image-4567\" src=\"https:\/\/kursy-udt.pl\/wp-content\/uploads\/2022\/12\/69-Dzwigi-osobowe-towarowe-kursy-udt.pl_-300x188.png\" alt=\"\" width=\"750\" height=\"469\" srcset=\"https:\/\/kursy-udt.pl\/wp-content\/uploads\/2022\/12\/69-Dzwigi-osobowe-towarowe-kursy-udt.pl_-300x188.png 300w, https:\/\/kursy-udt.pl\/wp-content\/uploads\/2022\/12\/69-Dzwigi-osobowe-towarowe-kursy-udt.pl_-1024x640.png 1024w, https:\/\/kursy-udt.pl\/wp-content\/uploads\/2022\/12\/69-Dzwigi-osobowe-towarowe-kursy-udt.pl_-768x480.png 768w, https:\/\/kursy-udt.pl\/wp-content\/uploads\/2022\/12\/69-Dzwigi-osobowe-towarowe-kursy-udt.pl_-18x12.png 18w, https:\/\/kursy-udt.pl\/wp-content\/uploads\/2022\/12\/69-Dzwigi-osobowe-towarowe-kursy-udt.pl_-624x390.png 624w, https:\/\/kursy-udt.pl\/wp-content\/uploads\/2022\/12\/69-Dzwigi-osobowe-towarowe-kursy-udt.pl_.png 1200w\" sizes=\"auto, (max-width: 750px) 100vw, 750px\" \/><\/a><\/p>\n<\/div>\n<div class=\"button_styl\" style=\"float: right; padding-left: 15px; padding-bottom: 8px; margin-bottom: 5px;\"><a class=\"myButton myButton_maly\" href=\"https:\/\/platformaedukacji.pl\/login\/signup.php\" target=\"_blank\" rel=\"nofollow noopener\"><span style=\"color: white;\">Inscrivez-vous \u00e0 la formation<\/span><\/a><\/div>","protected":false},"excerpt":{"rendered":"<p>Dispositifs pour soulever facilement des charges - marchandises ou personnes sur des plates-formes ou dans des cabines sp\u00e9ciales. Nous distinguons, entre autres les grues de construction verticales, \u00e0 puits, circulaires, inclin\u00e9es ou portuaires, c&#039;est-\u00e0-dire les grues. Des qualifications UDT sont requises pour une utilisation professionnelle de l&#039;appareil. Les qualifications obtenues pour les grues permettent leur exploitation et leur maintenance. Pendant la formation, notre personnel enseignant fournira toutes les connaissances n\u00e9cessaires qu&#039;un op\u00e9rateur de grue devrait avoir. Le cours de grue comprend la th\u00e9orie et la pratique. Au cours de la formation UDT, le participant s\u00e9lectionne les informations n\u00e9cessaires pour passer l&#039;examen. Tous les cours sont anim\u00e9s par des sp\u00e9cialistes qualifi\u00e9s. Nous invitons! Inscrivez-vous \u00e0 la formation<\/p>","protected":false},"author":1,"featured_media":3592,"parent":0,"menu_order":0,"comment_status":"closed","ping_status":"closed","template":"","meta":{"sfsi_plus_gutenberg_text_before_share":"","sfsi_plus_gutenberg_show_text_before_share":"","sfsi_plus_gutenberg_icon_type":"","sfsi_plus_gutenberg_icon_alignemt":"","sfsi_plus_gutenburg_max_per_row":"","footnotes":""},"class_list":["post-40","page","type-page","status-publish","has-post-thumbnail","hentry","has_thumb"],"aioseo_notices":[],"_links":{"self":[{"href":"https:\/\/kursy-udt.pl\/fr\/wp-json\/wp\/v2\/pages\/40","targetHints":{"allow":["GET"]}}],"collection":[{"href":"https:\/\/kursy-udt.pl\/fr\/wp-json\/wp\/v2\/pages"}],"about":[{"href":"https:\/\/kursy-udt.pl\/fr\/wp-json\/wp\/v2\/types\/page"}],"author":[{"embeddable":true,"href":"https:\/\/kursy-udt.pl\/fr\/wp-json\/wp\/v2\/users\/1"}],"replies":[{"embeddable":true,"href":"https:\/\/kursy-udt.pl\/fr\/wp-json\/wp\/v2\/comments?post=40"}],"version-history":[{"count":15,"href":"https:\/\/kursy-udt.pl\/fr\/wp-json\/wp\/v2\/pages\/40\/revisions"}],"predecessor-version":[{"id":4570,"href":"https:\/\/kursy-udt.pl\/fr\/wp-json\/wp\/v2\/pages\/40\/revisions\/4570"}],"wp:featuredmedia":[{"embeddable":true,"href":"https:\/\/kursy-udt.pl\/fr\/wp-json\/wp\/v2\/media\/3592"}],"wp:attachment":[{"href":"https:\/\/kursy-udt.pl\/fr\/wp-json\/wp\/v2\/media?parent=40"}],"curies":[{"name":"wp","href":"https:\/\/api.w.org\/{rel}","templated":true}]}}