{"id":3986,"date":"2022-06-30T08:03:51","date_gmt":"2022-06-30T08:03:51","guid":{"rendered":"https:\/\/kursy-udt.pl\/?page_id=3986"},"modified":"2023-03-20T11:39:29","modified_gmt":"2023-03-20T10:39:29","slug":"cours-de-construction-de-harnais","status":"publish","type":"page","link":"https:\/\/kursy-udt.pl\/fr\/szkolenia\/wysokosciowe-na-uprawnienia-alpinistyczne\/kurs-na-szelki-budowlane\/","title":{"rendered":"Cours d&#039;attelage de construction"},"content":{"rendered":"<div class=\"wp-block-image\">\n<figure class=\"alignright size-large is-resized\"><img loading=\"lazy\" decoding=\"async\" src=\"https:\/\/kursy-udt.pl\/wp-content\/uploads\/2022\/06\/grasshopper-01.jpeg\" alt=\"travailleur en harnais sur le toit\" width=\"296\" height=\"296\"\/><\/figure>\n<\/div>\n\n\n<p>Vous travaillez en hauteur ? Ou un employeur qui se soucie de la s\u00e9curit\u00e9 de ses employ\u00e9s ?  Alors participez \u00e0 notre cours sur les harnais ! L'approche individuelle du cours permet au participant d'\u00eatre enti\u00e8rement et professionnellement pr\u00e9par\u00e9 au travail en hauteur.&nbsp;<\/p>\n\n\n\n<h2 class=\"wp-block-heading\">Que pouvez-vous apprendre pendant le cours\u00a0?&nbsp;<\/h2>\n\n\n\n<p>Lors de la formation, nous aborderons un large \u00e9ventail de sujets sur le travail en hauteur \u00e0 l'aide de harnais de chantier. Vous apprendrez, entre autres, ce qui suit&nbsp;<\/p>\n\n\n<div class=\"wp-block-image\">\n<figure class=\"alignright size-large is-resized\"><img loading=\"lazy\" decoding=\"async\" src=\"https:\/\/kursy-udt.pl\/wp-content\/uploads\/2022\/06\/pol_pl_Szelki-bezpieczenstwa-Irudek-Expert-Pro-300U-11502_1.jpeg\" alt=\"cours sur les harnais de chantier\" width=\"153\" height=\"231\"\/><\/figure>\n<\/div>\n\n\n<ul class=\"wp-block-list\">\n<li>dispositions fondamentales du droit polonais et europ\u00e9en,&nbsp;<\/li>\n\n\n\n<li>facteurs physiques survenant lors de travaux en hauteur,&nbsp;<\/li>\n\n\n\n<li>estimation et \u00e9valuation des risques professionnels et \u00e9limination des menaces \u00e0 un poste donn\u00e9,<\/li>\n\n\n\n<li>\u00e9valuation du poste de travail, des menaces et des moyens de protection \u00e0 un poste donn\u00e9,\u00a0<\/li>\n\n\n\n<li>la s\u00e9lection d'\u00e9quipements de protection individuelle adapt\u00e9s au lieu de travail,\u00a0<\/li>\n\n\n\n<li>m\u00e9thodologie pour un travail en hauteur en toute s\u00e9curit\u00e9,\u00a0<\/li>\n\n\n\n<li>techniques pratiques pour travailler avec des harnais de construction.<\/li>\n<\/ul>\n\n\n\n<h2 class=\"wp-block-heading\">Nous invitons les personnes remplissant les conditions suivantes :\u00a0<\/h2>\n\n\n\n<figure class=\"wp-block-table\"><table><tbody><tr><td>avoir 18 ans ou plus&nbsp;<\/td><td>recherche en cours donnant droit \u00e0 un travail sup\u00e9rieur \u00e0 3m&nbsp;<\/td><td>bonne condition physique et psychophysique&nbsp;<\/td><\/tr><\/tbody><\/table><\/figure>\n\n\n\n<figure class=\"wp-block-embed is-type-video is-provider-youtube wp-block-embed-youtube wp-embed-aspect-16-9 wp-has-aspect-ratio\"><div class=\"wp-block-embed__wrapper\">\n<iframe loading=\"lazy\" title=\"COURS DE HAUTEUR COMPL\u00c9TEZ VOTRE FORMATION AVEC NOUS ET OBTENEZ DES QUALIFICATIONS RECONNUES AU NIVEAU NATIONAL\" width=\"500\" height=\"281\" src=\"https:\/\/www.youtube.com\/embed\/Lf4dfMhJft0?feature=oembed\" frameborder=\"0\" allow=\"accelerometer; autoplay; clipboard-write; encrypted-media; gyroscope; picture-in-picture; web-share\" referrerpolicy=\"strict-origin-when-cross-origin\" allowfullscreen><\/iframe>\n<\/div><\/figure>\n\n\n\n<h2 class=\"wp-block-heading\">Qui nous sommes?\u00a0<\/h2>\n\n\n\n<p>Nous formons nos clients depuis 20 ans. Nous proposons des services de formation complets pour diff\u00e9rents groupes professionnels. Notre offre comprend des cours UDT et d'autres formations pour les sp\u00e9cialistes, les monteurs, les op\u00e9rateurs et les mainteneurs. Chez nous, vous n'acquerrez pas seulement les comp\u00e9tences requises, mais vous apprendrez aussi \u00e0 travailler en toute s\u00e9curit\u00e9 !&nbsp;&nbsp;&nbsp;<\/p>\n\n\n<div class=\"wp-block-image\">\n<figure class=\"alignright size-large is-resized\"><img loading=\"lazy\" decoding=\"async\" src=\"https:\/\/kursy-udt.pl\/wp-content\/uploads\/2022\/06\/szelki-bezpieczenstwa-portwest-fp-73.jpeg\" alt=\"Dipl\u00f4mes UDT\" width=\"275\" height=\"275\"\/><\/figure>\n<\/div>\n\n\n<h2 class=\"wp-block-heading\">Ce que nous vous proposons d'autre :&nbsp;<\/h2>\n\n\n\n<ul class=\"wp-block-list\">\n<li>une formation en mati\u00e8re de sant\u00e9 et de s\u00e9curit\u00e9 au travail et de s\u00e9curit\u00e9 incendie,&nbsp;<\/li>\n\n\n\n<li>des cours sur le fonctionnement et l'entretien des machines UDT, y compris les nacelles \u00e9l\u00e9vatrices et les ciseaux, les chariots \u00e9l\u00e9vateurs, les chariots t\u00e9lescopiques, les grues, les grues HDS,&nbsp;<\/li>\n\n\n\n<li>la modernisation,&nbsp;<\/li>\n\n\n\n<li>la vente d'\u00e9quipements (neufs et d'occasion),&nbsp;<\/li>\n\n\n\n<li>la possibilit\u00e9 de louer du mat\u00e9riel de remplacement (chariot \u00e9l\u00e9vateur \u00e0 fourche ou \u00e9l\u00e9vateur \u00e0 ciseaux).&nbsp;<\/li>\n<\/ul>\n\n\n\n<p><strong>Avez-vous des questions?<\/strong>&nbsp;<\/p>\n\n\n\n<p>S&#039;il vous pla\u00eet n&#039;h\u00e9sitez pas \u00e0 nous contacter.&nbsp;<\/p>\n\n\n\n<figure class=\"wp-block-image size-large is-resized\"><img loading=\"lazy\" decoding=\"async\" src=\"https:\/\/kursy-udt.pl\/wp-content\/uploads\/2022\/01\/kursy-udt-dostep-budowlany.png\" alt=\"Formation ERGON\" width=\"836\" height=\"523\"\/><\/figure>","protected":false},"excerpt":{"rendered":"<p>Vous travaillez en hauteur ? Ou un employeur qui se soucie de la s\u00e9curit\u00e9 de ses employ\u00e9s ?  Alors participez \u00e0 notre cours sur les harnais ! L'approche individuelle du cours permet au participant d'\u00eatre enti\u00e8rement et professionnellement pr\u00e9par\u00e9 au travail en hauteur.  Que pouvez-vous apprendre pendant la formation ?  Au cours de la formation, nous pr\u00e9sentons un large \u00e9ventail de questions concernant le travail en hauteur \u00e0 l'aide de harnais de chantier. Vous apprendrez, entre autres, ce qui suit  Nous accueillons les personnes qui remplissent les conditions suivantes :  avoir au moins 18 ans examen valable pour les travaux au-dessus de 3 m bonne condition physique et psychophysique Qui sommes-nous ?  Nous formons nos clients depuis 20 ans. Nous proposons des services de formation complets pour diff\u00e9rents groupes professionnels. Notre offre comprend des cours UDT et d'autres formations pour les sp\u00e9cialistes, les monteurs, les op\u00e9rateurs et les mainteneurs. Chez nous, vous n'acquerrez pas seulement les comp\u00e9tences requises, mais vous apprendrez aussi \u00e0 travailler en toute s\u00e9curit\u00e9 !    Nous vous proposons \u00e9galement d'autres formations :  Vous avez des questions ?  N'h\u00e9sitez pas \u00e0 nous contacter.&nbsp;<\/p>","protected":false},"author":6,"featured_media":4437,"parent":2263,"menu_order":0,"comment_status":"closed","ping_status":"closed","template":"","meta":{"sfsi_plus_gutenberg_text_before_share":"","sfsi_plus_gutenberg_show_text_before_share":"","sfsi_plus_gutenberg_icon_type":"","sfsi_plus_gutenberg_icon_alignemt":"","sfsi_plus_gutenburg_max_per_row":"","footnotes":""},"class_list":["post-3986","page","type-page","status-publish","has-post-thumbnail","hentry","has_thumb"],"aioseo_notices":[],"_links":{"self":[{"href":"https:\/\/kursy-udt.pl\/fr\/wp-json\/wp\/v2\/pages\/3986","targetHints":{"allow":["GET"]}}],"collection":[{"href":"https:\/\/kursy-udt.pl\/fr\/wp-json\/wp\/v2\/pages"}],"about":[{"href":"https:\/\/kursy-udt.pl\/fr\/wp-json\/wp\/v2\/types\/page"}],"author":[{"embeddable":true,"href":"https:\/\/kursy-udt.pl\/fr\/wp-json\/wp\/v2\/users\/6"}],"replies":[{"embeddable":true,"href":"https:\/\/kursy-udt.pl\/fr\/wp-json\/wp\/v2\/comments?post=3986"}],"version-history":[{"count":6,"href":"https:\/\/kursy-udt.pl\/fr\/wp-json\/wp\/v2\/pages\/3986\/revisions"}],"predecessor-version":[{"id":5521,"href":"https:\/\/kursy-udt.pl\/fr\/wp-json\/wp\/v2\/pages\/3986\/revisions\/5521"}],"up":[{"embeddable":true,"href":"https:\/\/kursy-udt.pl\/fr\/wp-json\/wp\/v2\/pages\/2263"}],"wp:featuredmedia":[{"embeddable":true,"href":"https:\/\/kursy-udt.pl\/fr\/wp-json\/wp\/v2\/media\/4437"}],"wp:attachment":[{"href":"https:\/\/kursy-udt.pl\/fr\/wp-json\/wp\/v2\/media?parent=3986"}],"curies":[{"name":"wp","href":"https:\/\/api.w.org\/{rel}","templated":true}]}}