{"id":3964,"date":"2022-06-27T11:37:48","date_gmt":"2022-06-27T11:37:48","guid":{"rendered":"https:\/\/kursy-udt.pl\/?page_id=3964"},"modified":"2023-03-21T14:27:21","modified_gmt":"2023-03-21T13:27:21","slug":"grues-hds","status":"publish","type":"page","link":"https:\/\/kursy-udt.pl\/fr\/szkolenia\/udt-wdt-tdt\/zurawie-hds\/","title":{"rendered":"Grues HDS - cours"},"content":{"rendered":"<figure class=\"wp-block-image size-large is-resized\"><img loading=\"lazy\" decoding=\"async\" src=\"https:\/\/kursy-udt.pl\/wp-content\/uploads\/2022\/06\/0039-oso.edu_.pl-oudemanfh460_06.jpg\" alt=\"caract\u00e9ristiques de l&#039;appareil\" width=\"718\" height=\"380\"\/><\/figure>\n\n\n\n<h2 class=\"wp-block-heading\">But de la formation&nbsp;<\/h2>\n\n\n\n<p>En suivant une formation dans notre centre de formation, vous obtiendrez votre qualification HDS, qui vous permettra d'exercer des activit\u00e9s telles que la conduite de grues hydrauliques sur camion. Notre entreprise propose des formations compl\u00e8tes et de qualit\u00e9. En choisissant de suivre un cours chez nous, vous pourrez facilement acqu\u00e9rir les connaissances n\u00e9cessaires pour obtenir la qualification HDS. <a href=\"https:\/\/kursy-udt.pl\/fr\/uprawnienia-udt\/kategorie-uprawnien-2\/\">Dipl\u00f4mes UDT<\/a> pour travailler en tant qu'op\u00e9rateur.&nbsp;<\/p>\n\n\n<div class=\"wp-block-image\">\n<figure class=\"alignleft size-large is-resized\"><img loading=\"lazy\" decoding=\"async\" src=\"https:\/\/kursy-udt.pl\/wp-content\/uploads\/2022\/06\/20171022_06L.jpg\" alt=\"Grue HDS\" width=\"369\" height=\"277\"\/><\/figure>\n<\/div>\n\n\n<h2 class=\"wp-block-heading\">Conditions&nbsp;<\/h2>\n\n\n\n<p>Pour devenir op\u00e9rateur HDS, vous devez avoir au moins un niveau d'\u00e9tudes primaires, \u00eatre majeur et ne pr\u00e9senter aucune contre-indication, certifi\u00e9e par un m\u00e9decin, \u00e0 l'exercice de ce m\u00e9tier.&nbsp;<\/p>\n\n\n\n<h2 class=\"wp-block-heading\">Lieu de cours&nbsp;<\/h2>\n\n\n\n<p>Les cours ont lieu dans nos agences \u00e0 travers le pays, mais nous organisons \u00e9galement des formations pour des groupes ferm\u00e9s avec d\u00e9placement chez le client. Les cours se d\u00e9roulent en fonction des informations disponibles sur notre site web.&nbsp;<\/p>\n\n\n\n<figure class=\"wp-block-embed is-type-video is-provider-youtube wp-block-embed-youtube wp-embed-aspect-16-9 wp-has-aspect-ratio\"><div class=\"wp-block-embed__wrapper\">\n<iframe loading=\"lazy\" title=\"GRUTIER CERTIFICATION UDT CERTIFICATS INTERNATIONAUX COMPL\u00c9TEZ VOTRE FORMATION AVEC NOUS\" width=\"500\" height=\"281\" src=\"https:\/\/www.youtube.com\/embed\/I0-deFLsRSA?feature=oembed\" frameborder=\"0\" allow=\"accelerometer; autoplay; clipboard-write; encrypted-media; gyroscope; picture-in-picture; web-share\" referrerpolicy=\"strict-origin-when-cross-origin\" allowfullscreen><\/iframe>\n<\/div><\/figure>\n\n\n\n<h2 class=\"wp-block-heading\">T\u00e2ches du grutier HDS\u00a0<\/h2>\n\n\n\n<p>L'op\u00e9rateur d'une grue de chargement doit imp\u00e9rativement \u00eatre titulaire d'un permis HDS sp\u00e9cialis\u00e9. Ce permis est d\u00e9livr\u00e9 aux personnes qui ont suivi une formation et pass\u00e9 avec succ\u00e8s un examen devant une commission de l'UDT. L'op\u00e9rateur doit conna\u00eetre les t\u00e2ches \u00e0 effectuer avant, pendant et apr\u00e8s le travail, ce que nous enseignons \u00e9galement dans les cours de notre entreprise.&nbsp;<\/p>\n\n\n\n<figure class=\"wp-block-table\"><table><tbody><tr><td>Responsabilit\u00e9s de l&#039;op\u00e9rateur avant le d\u00e9but des travaux&nbsp;<\/td><td>Il est essentiel que le conducteur prenne connaissance des documents techniques et op\u00e9rationnels de la grue, ainsi que de son certificat d'homologation. Si l'un de ces documents est manquant, il ne doit pas entreprendre son travail.\u00a0<br>Il doit \u00e9galement proc\u00e9der \u00e0 un entretien ad\u00e9quat conform\u00e9ment aux instructions du fabricant. \u00c0 savoir, v\u00e9rifiez soigneusement l'\u00e9quipement, l'\u00e9tanch\u00e9it\u00e9 des composants, le fonctionnement des serrures hydrauliques, les dispositifs de s\u00e9curit\u00e9 et de verrouillage et le glissement des supports.\u00a0<br>S'il constate des irr\u00e9gularit\u00e9s, il lui incombe de les signaler \u00e0 son sup\u00e9rieur.\u00a0\u00a0\u00a0<\/td><\/tr><tr><td>Responsabilit\u00e9s de l'op\u00e9rateur pendant le fonctionnement&nbsp;<\/td><td>V\u00e9rification de l'emplacement du site et de l'\u00e9tendue de la grue.\u00a0<br>Pr\u00e9paration de la grue pour les travaux de chargement.\u00a0<br>Accrochage et s\u00e9curisation ad\u00e9quats de la charge.\u00a0<br>Tout en surveillant de pr\u00e8s la grue en service et sa capacit\u00e9 de levage.\u00a0<br>Respect de la signalisation.\u00a0<br>R\u00e9agir en cas d'accident ou d'urgence.\u00a0<\/td><\/tr><tr><td>Responsabilit\u00e9s de l&#039;op\u00e9rateur apr\u00e8s le travail&nbsp;<\/td><td>Plier la grue et les supports et les fixer en position de transport.\u00a0<br>V\u00e9rifier soigneusement que la charge ne pr\u00e9sente aucun danger.\u00a0<br>Emmener la grue au garage et nettoyer les \u00e9l\u00e9ments de travail de la salet\u00e9.\u00a0<br>Protection compl\u00e8te de la machine contre l&#039;utilisation par des personnes inappropri\u00e9es.\u00a0<br>Remise des documents \u00e0 une personne autoris\u00e9e.\u00a0<\/td><\/tr><\/tbody><\/table><\/figure>\n\n\n\n<p>En respectant les r\u00e8gles ci-dessus, le travail se d\u00e9roule g\u00e9n\u00e9ralement sans heurts. L'op\u00e9rateur peut travailler en toute s\u00e9curit\u00e9 et ne pas se mettre en danger, ni mettre en danger les autres travailleurs ou l'environnement. Cependant, afin de ne pas perdre de vue que des accidents peuvent survenir pendant le travail, le grutier doit conna\u00eetre les exigences de s\u00e9curit\u00e9 et les activit\u00e9s interdites lorsqu'il travaille avec une grue HDS, ainsi que les r\u00e9glementations de l'Agence europ\u00e9enne pour la s\u00e9curit\u00e9 et la sant\u00e9 au travail (ESA). <a href=\"https:\/\/kursy-udt.pl\/fr\/szkolenia\/bhp-bezpieczenstwo-pracy\/prawna-ochrona-pracy\/\">Sant\u00e9 et s\u00e9curit\u00e9<\/a>. La formation HDS permet toujours au stagiaire d'acqu\u00e9rir des connaissances en la mati\u00e8re, ce qui constitue la base de la certification devant la commission de l'UDT en mati\u00e8re de grues hydrauliques sur camion.&nbsp;<\/p>\n\n\n\n<figure class=\"wp-block-image size-large is-resized\"><img loading=\"lazy\" decoding=\"async\" src=\"https:\/\/kursy-udt.pl\/wp-content\/uploads\/2022\/06\/csm_180607_p11__laden_hang_2_f18df7d055.jpg\" alt=\"informations sur les cours\" width=\"750\" height=\"421\"\/><\/figure>\n\n\n\n<h2 class=\"wp-block-heading\">Description du dispositif&nbsp;<\/h2>\n\n\n\n<p>Les grues HDS sont des grues hydrauliques mont\u00e9es sur camion, le plus souvent utilis\u00e9es pour le transbordement. Les grues de transbordement se caract\u00e9risent par le fait qu'elles ont un entra\u00eenement m\u00e9canique construit sur la base d'une colonne qui tourne sur une base, et un autre \u00e9l\u00e9ment important de cet entra\u00eenement est le m\u00e9canisme de la fl\u00e8che.Division des grues HDS en fonction de leur conception :&nbsp;<\/p>\n\n\n\n<ul class=\"wp-block-list\">\n<li>des grues de chargement mont\u00e9es sur la partie centrale du v\u00e9hicule,&nbsp;<\/li>\n\n\n\n<li>des grues de rechargement mont\u00e9es \u00e0 l&#039;arri\u00e8re du v\u00e9hicule derri\u00e8re la caisse de chargement sur la voiture,&nbsp;<\/li>\n\n\n\n<li>des grues de rechargement mont\u00e9es derri\u00e8re la cabine du conducteur sur le v\u00e9hicule,&nbsp;<\/li>\n\n\n\n<li>Les grues HDS pour le chargement du bois sont appel\u00e9es grues foresti\u00e8res, notamment parce qu'elles sont \u00e9quip\u00e9es d'une pince sp\u00e9ciale au lieu de crochets pour porter et soulever des planches ou du bois,&nbsp;<\/li>\n\n\n\n<li>grues polyvalentes mont\u00e9es de mani\u00e8re rigide sur le ch\u00e2ssis d'un v\u00e9hicule, la fl\u00e8che travaille horizontalement en tournant ainsi que verticalement en abaissant et en soulevant des charges.&nbsp;<\/li>\n<\/ul>\n\n\n\n<h2 class=\"wp-block-heading\">Division des grues HDS en fonction de leurs \u00e9l\u00e9ments structurels\u00a0:&nbsp;<\/h2>\n\n\n\n<ul class=\"wp-block-list\">\n<li>la fl\u00e8che - un \u00e9l\u00e9ment r\u00e9glable auquel la charge est attach\u00e9e et qui est d\u00e9ploy\u00e9 manuellement ou hydrauliquement,\u00a0<\/li>\n\n\n\n<li>colonnes - l'\u00e9l\u00e9ment vertical de la grue situ\u00e9 sur la base, la fl\u00e8che qui lui est attach\u00e9e effectue des mouvements dans le domaine horizontal,\u00a0<\/li>\n\n\n\n<li>sont mont\u00e9s sur la base de la grue,\u00a0<\/li>\n\n\n\n<li>Supports - Ils servent \u00e0 stabiliser l'appareil et \u00e0 l'emp\u00eacher de vaciller,\u00a0<\/li>\n\n\n\n<li>accessoires - \u00e9quipements auxiliaires.\u00a0<\/li>\n<\/ul>\n\n\n\n<figure class=\"wp-block-video\"><video controls src=\"https:\/\/kursy-udt.pl\/wp-content\/uploads\/2023\/03\/ACCEPTED-zrurawia-przenosnego-4K-kursy-udt.mp4\"><\/video><\/figure>\n\n\n\n<h2 class=\"wp-block-heading\">\u00c9quipement auxiliaire utilis\u00e9 lors du travail avec la grue HDS&nbsp;<\/h2>\n\n\n\n<p>Lors de chaque cours sur les grues HDS, nous abordons un sujet tr\u00e8s important, \u00e0 savoir l'utilisation des crochets, des cordes et des \u00e9lingues sur lesquels le lest est attach\u00e9 en cons\u00e9quence. Il s'agit d'une connaissance essentielle, car les instructeurs de l'UDT testent tr\u00e8s souvent vos connaissances \u00e0 ce sujet lors de l'examen. Ils sont utilis\u00e9s pour manipuler les charges avec facilit\u00e9 et, gr\u00e2ce \u00e0 eux, nous pouvons les placer n'importe o\u00f9 avec aisance. Cependant, il est important de penser \u00e0 les entretenir fr\u00e9quemment. Dans le cas contraire, ils peuvent \u00eatre \u00e0 l'origine d'un accident. Quels sont les types d'\u00e9quipements auxiliaires ?&nbsp;<\/p>\n\n\n\n<ul class=\"wp-block-list\">\n<li>Les cordes sont utilis\u00e9es lorsque les HDS sont \u00e9quip\u00e9s de treuils. Elles doivent r\u00e9pondre \u00e0 des exigences sp\u00e9cifiques. Seules les cordes homologu\u00e9es et approuv\u00e9es pour la production par le fabricant sont utilis\u00e9es.\u00a0<\/li>\n\n\n\n<li>Les \u00e9lingues sont le principal \u00e9quipement auxiliaire utilis\u00e9 lors de l'arrimage d'une charge. On distingue les \u00e9lingues en circuit ferm\u00e9, les \u00e9lingues \u00e0 simple traction, les \u00e9lingues \u00e0 double traction, les \u00e9lingues \u00e0 trois tractions et les \u00e9lingues \u00e0 quatre tractions.&nbsp;<\/li>\n\n\n\n<li>La charge est assembl\u00e9e en fonction de son poids, de sa position, de son centre de gravit\u00e9, ainsi que de sa forme et de ses dimensions.&nbsp;<\/li>\n\n\n\n<li>Les crochets, comme les autres \u00e9quipements auxiliaires, doivent \u00e9galement \u00eatre v\u00e9rifi\u00e9s avant d'\u00eatre utilis\u00e9s. Ils font partie de la construction de la grue. L'op\u00e9rateur actionne la grue directement \u00e0 l'aide des crochets, ou indirectement \u00e0 l'aide des \u00e9lingues, pour transporter la charge avec facilit\u00e9.&nbsp;<\/li>\n<\/ul>\n\n\n\n<p><strong>Nous vous invitons \u00e0 participer \u00e0 nos autres formations destin\u00e9es aux op\u00e9rateurs et mainteneurs d'\u00e9quipements UDT, y compris les chariots \u00e9l\u00e9vateurs \u00e0 fourche, les plates-formes mobiles, les chariots t\u00e9lescopiques ou les grues. Nous proposons \u00e9galement des formations en sant\u00e9 et s\u00e9curit\u00e9 au travail (initiales et p\u00e9riodiques) et des formations en s\u00e9curit\u00e9 incendie.<\/strong>&nbsp;<\/p>\n\n\n\n<p><strong>Si vous avez des questions, n'h\u00e9sitez pas \u00e0 nous contacter.<\/strong><\/p>\n\n\n\n<figure class=\"wp-block-image size-large is-resized\"><img loading=\"lazy\" decoding=\"async\" src=\"https:\/\/kursy-udt.pl\/wp-content\/uploads\/2022\/12\/41-Zurawie-przenosne-HDS-kursy-udt.pl_.png\" alt=\"Formation ERGON\" width=\"744\" height=\"465\"\/><\/figure>","protected":false},"excerpt":{"rendered":"<p>Cel szkolenia&nbsp; Dzi\u0119ki kursowi w naszym o\u015brodku szkoleniowym otrzymasz uprawnienia HDS, kt\u00f3re upowa\u017cniaj\u0105 do czynno\u015bci takich jak obs\u0142uga hydraulicznych d\u017awig\u00f3w samochodowych. W naszej firmie zapewniamy kompleksow\u0105 jako\u015b\u0107 kszta\u0142cenia, a wybieraj\u0105c u nas kurs, mo\u017cesz z \u0142atwo\u015bci\u0105 uzyska\u0107 potrzebn\u0105 wiedz\u0119, aby zdoby\u0107 uprawnienia UDT do pracy na stanowisku operatora.&nbsp; Wymagania&nbsp; Aby zosta\u0107 operatorem HDS, nale\u017cy mie\u0107 przynajmniej wykszta\u0142cenie podstawowe, by\u0107 osob\u0105 pe\u0142noletni\u0105 i nie posiada\u0107 przeciwwskaza\u0144, po\u015bwiadczonych dokumentem od lekarza, do wykonywania pracy na danym stanowisku.&nbsp; Miejsce prowadzonych zaj\u0119\u0107&nbsp; Zaj\u0119cia odbywaj\u0105 si\u0119 w naszych oddzia\u0142ach na terenie ca\u0142ego kraju, jednak organizujemy r\u00f3wnie\u017c szkolenia dla grup zamkni\u0119tych z dojazdem do klienta. Kursy odbywaj\u0105 si\u0119 zgodnie z aktualnymi informacjami na naszej stronie.&nbsp; Obowi\u0105zki operatora d\u017awigu HDS\u00a0 Operator d\u017awigu prze\u0142adunkowego koniecznie musi posiada\u0107 specjalistyczne uprawnienia HDS. Przyznawane s\u0105 one osobom, kt\u00f3re uko\u0144czy\u0142y szkolenie i zda\u0142y pozytywnie egzamin przed komisj\u0105 UDT. Operator musi posiada\u0107 wiedz\u0119 na temat obowi\u0105zk\u00f3w jakie nale\u017cy wykona\u0107 przed, w trakcie oraz po zako\u0144czeniu pracy, kt\u00f3rych r\u00f3wnie\u017c nauczamy na kursie w naszej firmie.&nbsp; Obowi\u0105zki operatora przed rozpocz\u0119ciem pracy&nbsp; Maszynista koniecznie musi zapozna\u0107 s\u0105 z dokumentacj\u0105 techniczno\u2013ruchow\u0105 \u017curawia i instrukcj\u0105 obs\u0142ugi oraz \u015bwiadectwem dopuszczania \u017curawia do eksploatacji. Je\u017celi brakuje kt\u00f3rego\u015b z wymienionych dokument\u00f3w, nie mo\u017ce on podj\u0105\u0107 swojej pracy.\u00a0R\u00f3wnie\u017c musi dokona\u0107 odpowiedniej konserwacji zgodnie z instrukcj\u0105 producenta. Mianowicie sprawdzi\u0107 dok\u0142adnie sprz\u0119t, szczelno\u015b\u0107 element\u00f3w, dzia\u0142anie zamk\u00f3w hydraulicznych, zabezpieczenia i blokady oraz przesuwanie podp\u00f3r.\u00a0Je\u017celi zauwa\u017cy jakie\u015b nieprawid\u0142owo\u015bci, jego powinno\u015bci\u0105 jest zg\u0142oszenie to prze\u0142o\u017conemu.\u00a0\u00a0\u00a0 Obowi\u0105zki operatora w trakcie pracy&nbsp; Sprawdzenie po\u0142o\u017cenia terenu i zasi\u0119gu \u017curawia.\u00a0Przygotowanie d\u017awigu do prac \u0142adunkowych.\u00a0Odpowiednie zaczepienie \u0142adunku i jego zabezpieczenia.\u00a0Ca\u0142y czas baczne obserwuje \u017curawia w trakcie pracy [&hellip;]<\/p>\n","protected":false},"author":6,"featured_media":3965,"parent":2721,"menu_order":0,"comment_status":"closed","ping_status":"closed","template":"","meta":{"sfsi_plus_gutenberg_text_before_share":"","sfsi_plus_gutenberg_show_text_before_share":"","sfsi_plus_gutenberg_icon_type":"","sfsi_plus_gutenberg_icon_alignemt":"","sfsi_plus_gutenburg_max_per_row":"","footnotes":""},"class_list":["post-3964","page","type-page","status-publish","has-post-thumbnail","hentry","has_thumb"],"aioseo_notices":[],"_links":{"self":[{"href":"https:\/\/kursy-udt.pl\/fr\/wp-json\/wp\/v2\/pages\/3964","targetHints":{"allow":["GET"]}}],"collection":[{"href":"https:\/\/kursy-udt.pl\/fr\/wp-json\/wp\/v2\/pages"}],"about":[{"href":"https:\/\/kursy-udt.pl\/fr\/wp-json\/wp\/v2\/types\/page"}],"author":[{"embeddable":true,"href":"https:\/\/kursy-udt.pl\/fr\/wp-json\/wp\/v2\/users\/6"}],"replies":[{"embeddable":true,"href":"https:\/\/kursy-udt.pl\/fr\/wp-json\/wp\/v2\/comments?post=3964"}],"version-history":[{"count":7,"href":"https:\/\/kursy-udt.pl\/fr\/wp-json\/wp\/v2\/pages\/3964\/revisions"}],"predecessor-version":[{"id":5638,"href":"https:\/\/kursy-udt.pl\/fr\/wp-json\/wp\/v2\/pages\/3964\/revisions\/5638"}],"up":[{"embeddable":true,"href":"https:\/\/kursy-udt.pl\/fr\/wp-json\/wp\/v2\/pages\/2721"}],"wp:featuredmedia":[{"embeddable":true,"href":"https:\/\/kursy-udt.pl\/fr\/wp-json\/wp\/v2\/media\/3965"}],"wp:attachment":[{"href":"https:\/\/kursy-udt.pl\/fr\/wp-json\/wp\/v2\/media?parent=3964"}],"curies":[{"name":"wp","href":"https:\/\/api.w.org\/{rel}","templated":true}]}}