{"id":3957,"date":"2022-06-27T11:14:50","date_gmt":"2022-06-27T11:14:50","guid":{"rendered":"https:\/\/kursy-udt.pl\/?page_id=3957"},"modified":"2023-03-20T15:05:34","modified_gmt":"2023-03-20T14:05:34","slug":"equipement-de-lutte-contre-lincendie","status":"publish","type":"page","link":"https:\/\/kursy-udt.pl\/fr\/szkolenia\/sprzet-gasniczy\/","title":{"rendered":"Formation d&#039;un technicien de maintenance du mat\u00e9riel de lutte contre l&#039;incendie"},"content":{"rendered":"<p>Rejoignez-nous pour un cours professionnel sur la maintenance des \u00e9quipements de lutte contre l'incendie. Nos formateurs qualifi\u00e9s vous pr\u00e9parent \u00e0 votre m\u00e9tier d'agent d'entretien du mat\u00e9riel de lutte contre l'incendie. Notre entreprise propose des formations professionnelles depuis de nombreuses ann\u00e9es, vous pouvez donc nous faire confiance. En participant \u00e0 ce cours, vous acquerrez de nouvelles connaissances et comp\u00e9tences et am\u00e9liorerez vos qualifications professionnelles.&nbsp;<\/p>\n\n\n\n<figure class=\"wp-block-image size-large is-resized\"><img loading=\"lazy\" decoding=\"async\" src=\"https:\/\/kursy-udt.pl\/wp-content\/uploads\/2022\/06\/extinguisher.jpeg\" alt=\"protection contre le feu\" width=\"818\" height=\"545\"\/><\/figure>\n\n\n\n<h2 class=\"wp-block-heading\">Programme de formation&nbsp;<\/h2>\n\n\n\n<p>La responsabilit\u00e9 de la protection contre l'incendie d'un b\u00e2timent ou d'un site est assum\u00e9e par le gestionnaire ou l'utilisateur sur la base d'un contrat de droit civil. L'objectif de la formation <a href=\"https:\/\/kursy-udt.pl\/fr\/szkolenia\/bhp-bezpieczenstwo-pracy\/prawna-ochrona-pracy\/\">Sant\u00e9 et s\u00e9curit\u00e9<\/a> est de fournir \u00e0 l'employ\u00e9 concern\u00e9 des informations sur le mat\u00e9riel de lutte contre l'incendie ainsi que des connaissances sur le comportement \u00e0 adopter en cas d'incendie.&nbsp;<\/p>\n\n\n\n<p><strong>La partie th\u00e9orique comprend<\/strong>&nbsp;<\/p>\n\n\n\n<ul class=\"wp-block-list\">\n<li>aide aux bless\u00e9s,&nbsp;<\/li>\n\n\n\n<li>les proc\u00e9dures d&#039;urgence et d&#039;\u00e9vacuation,&nbsp;<\/li>\n\n\n\n<li>fonctionnement des \u00e9quipements portatifs de lutte contre l&#039;incendie,&nbsp;<\/li>\n\n\n\n<li>la distribution du mat\u00e9riel de lutte contre l&#039;incendie dans l&#039;\u00e9tablissement,&nbsp;<\/li>\n\n\n\n<li>la signalisation des incendies et des \u00e9vacuations,&nbsp;<\/li>\n\n\n\n<li>prendre connaissance des consignes incendie de l&#039;installation,&nbsp;<\/li>\n\n\n\n<li>risques d&#039;incendie.&nbsp;<\/li>\n<\/ul>\n\n\n\n<p><strong>La partie pratique comprend :<\/strong>&nbsp;<\/p>\n\n\n\n<ul class=\"wp-block-list\">\n<li>exercices d&#039;\u00e9vacuation,&nbsp;<\/li>\n\n\n\n<li>des exercices sur l'utilisation des bouches d'incendie internes et des extincteurs.&nbsp;<\/li>\n<\/ul>\n\n\n\n<h2 class=\"wp-block-heading\">Qui peut participer au cours ?&nbsp;<\/h2>\n\n\n\n<p>La formation est ouverte \u00e0 tout adulte ayant au moins un niveau d'\u00e9ducation primaire.&nbsp;<\/p>\n\n\n<div class=\"wp-block-image\">\n<figure class=\"alignright size-large is-resized\"><img loading=\"lazy\" decoding=\"async\" src=\"https:\/\/kursy-udt.pl\/wp-content\/uploads\/2022\/06\/Teplootrazhatelnyiy-kostyum-e1470220583985.jpeg\" alt=\"v\u00eatements de protection\" width=\"350\" height=\"251\"\/><\/figure>\n<\/div>\n\n\n<h2 class=\"wp-block-heading\">Date et lieu des cours&nbsp;<\/h2>\n\n\n\n<p>La date du prochain cours est toujours publi\u00e9e sur notre site Web. Les cours ont lieu \u00e0 notre si\u00e8ge social \u00e0 Varsovie ou dans des succursales dans tout le pays. Nous organisons \u00e9galement des formations individuelles chez le client.&nbsp;<\/p>\n\n\n\n<h2 class=\"wp-block-heading\">M\u00e9thodes de lutte contre l'incendie&nbsp;<\/h2>\n\n\n\n<p>En cas d'incendie, il faut d'abord informer les services comp\u00e9tents et d\u00e9clencher les op\u00e9rations de lutte contre le feu. Gr\u00e2ce au mat\u00e9riel d'extinction pratique pr\u00e9sent dans les locaux, \u00e0 savoir les bouches d'incendie internes ou les extincteurs, nous sommes en mesure de minimiser le danger. Toutefois, pour commencer \u00e0 \u00e9teindre un incendie, il est important de ne pas oublier d'utiliser un extincteur correctement \u00e9tiquet\u00e9.&nbsp;<\/p>\n\n\n\n<figure class=\"wp-block-table\"><table><tbody><tr><td><strong>ET<\/strong>&nbsp;<\/td><td>Grouper <strong>ET<\/strong> Le feu est un solide organique qui br\u00fble lorsqu'il est incandescent, comme le bois ou le papier. Pour \u00e9teindre correctement le feu, nous utilisons un agent extincteur tel que le dioxyde de carbone (extincteur \u00e0 neige), la poudre d'extinction, la mousse d'extinction ou l'eau.&nbsp;<\/td><\/tr><tr><td><strong>B<\/strong>&nbsp;<\/td><td>En cas de combustion de liquides inflammables ou de substances solides fondant \u00e0 cause de la chaleur (solvants, plastiques fondants, encaustiques), nous utilisons des extincteurs de la <strong>B<\/strong> en choisissant un agent extincteur tel que halon, dioxyde de carbone, poudre s\u00e8che ou mousse.&nbsp;<\/td><\/tr><tr><td><strong>C<\/strong>&nbsp;<\/td><td>En cas d'incendie et de pr\u00e9sence de gaz inflammable (ac\u00e9tyl\u00e8ne, gaz naturel, propane-butane), il convient d'utiliser les agents d'extinction suivants <strong>C<\/strong>: dioxyde de carbone, poudre s\u00e8che et halon.\u00a0<\/td><\/tr><tr><td><strong>r\u00e9<\/strong>&nbsp;<\/td><td>Les m\u00e9taux inflammables (uranium, magn\u00e9sium, sodium) sont \u00e9teints avec un extincteur \u00e0 poudre du groupe <strong>r\u00e9<\/strong>.&nbsp;<\/td><\/tr><tr><td><strong>E.<\/strong>&nbsp;<\/td><td>Extincteurs collectifs <strong>E.<\/strong> \u00e9tait utilis\u00e9 pour \u00e9teindre les incendies caus\u00e9s par ou en pr\u00e9sence d'\u00e9quipements sous tension. Aujourd'hui, le symbole n'est plus utilis\u00e9, comme nous l'indique l'inscription sur l'\u00e9tiquette de l'extincteur.&nbsp;<\/td><\/tr><tr><td><strong>F.<\/strong>&nbsp;<\/td><td>Les huiles et les graisses dans les appareils de cuisine doivent \u00eatre \u00e9teintes avec des extincteurs du groupe <strong>F,<\/strong> par exemple au moyen d&#039;un extincteur vertical, \u00e0 poudre ou \u00e0 neige marqu\u00e9 d&#039;un F.&nbsp;<\/td><\/tr><\/tbody><\/table><\/figure>\n\n\n\n<p>Le mat\u00e9riel d'extinction portatif comprend les extincteurs susmentionn\u00e9s pesant jusqu'\u00e0 20 kg et les agents d'extinction pesant jusqu'\u00e0 12 kg, ainsi que les couvertures anti-feu. L'op\u00e9ration d'extinction proprement dite, lorsqu'elle est effectu\u00e9e correctement, d\u00e9pend entre autres du choix de l'agent extincteur ad\u00e9quat. Toutefois, pour l'effectuer en toute s\u00e9curit\u00e9, il est n\u00e9cessaire de reconna\u00eetre le type de feu \u00e0 \u00e9teindre et d'avoir un minimum de connaissances sur l'action de l'agent extincteur.&nbsp;&nbsp;<\/p>\n\n\n\n<p><strong>Bouche d&#039;incendie interne<\/strong> est une vanne d'alimentation en eau install\u00e9e sur un r\u00e9seau sp\u00e9cial, enferm\u00e9e dans une armoire et \u00e9quip\u00e9e d'une buse et d'un tuyau d'incendie. Son diam\u00e8tre est de 25 ou 50 mm. Elle sert \u00e0 localiser un incendie dans le noyau et l'eau est utilis\u00e9e comme agent d'extinction. Deux personnes doivent \u00eatre impliqu\u00e9es dans le fonctionnement de la bouche d'incendie. L'une dose la quantit\u00e9 d'eau qui passe par la bouche d'incendie et l'autre utilise les buses. L'eau ne doit pas \u00eatre utilis\u00e9e pour \u00e9teindre les \u00e9quipements \u00e9lectriques sous tension susmentionn\u00e9s et leur voisinage, ainsi que les substances qui forment un gaz inflammable lorsqu'elles sont li\u00e9es \u00e0 l'eau.&nbsp;&nbsp;<\/p>\n\n\n\n<p><strong>Extincteur \u00e0 eau vertical <\/strong>L'extincteur est un r\u00e9cipient cylindrique contenant une substance moussante \u00e0 base d'eau. Pour utiliser l'\u00e9quipement en question, il faut briser le sceau de s\u00e9curit\u00e9 et enfoncer le percuteur, en dirigeant le jet de mousse vers le centre du feu et en se rappelant que l'extincteur ne fonctionne qu'en position verticale. Si vous emp\u00eachez l'extincteur de fonctionner, vous devez rel\u00e2cher le levier de la buse.\u00a0\u00a0<\/p>\n\n\n\n<figure class=\"wp-block-image size-large is-resized\"><img loading=\"lazy\" decoding=\"async\" src=\"https:\/\/kursy-udt.pl\/wp-content\/uploads\/2022\/06\/info_mobile.png\" alt=\"extincteur \u00e0 poudre\" width=\"809\" height=\"804\"\/><\/figure>\n\n\n\n<p><strong>Extincteur \u00e0 poudre<\/strong> \u00e9galement dot\u00e9 d'un r\u00e9cepteur cylindrique, est muni d'un levier qui actionne une soupape ou un impacteur avec du gaz propulseur. Pour l'utiliser, il faut briser le sceau et la goupille de verrouillage et actionner le levier ou le heurtoir en direction du foyer d'incendie. Comme l'extincteur pr\u00e9c\u00e9dent, celui-ci fonctionne correctement en position verticale et, pour arr\u00eater son fonctionnement, il faut rel\u00e2cher le levier d'actionnement ou le levier du percuteur.&nbsp;&nbsp;<\/p>\n\n\n\n<p><strong>Extincteur \u00e0 neige<\/strong> est un r\u00e9cipient cylindrique \u00e9quip\u00e9 d'un tuyau et d'une valve se terminant par une buse de sortie. Il contient du dioxyde de carbone liqu\u00e9fi\u00e9. Pour que l'extincteur cesse de fonctionner, il suffit de fermer le robinet. Il est \u00e9galement important de rappeler qu'il ne doit pas \u00eatre utilis\u00e9 pour \u00e9teindre des personnes et qu'il ne doit \u00eatre tenu par la poign\u00e9e qu'en position verticale.&nbsp;&nbsp;<\/p>\n\n\n\n<p><strong>Couverture anti-feu<\/strong> est une feuille en fibre de verre, un tissu totalement ininflammable d'une surface d'environ 2 m\u00b2.  Il tue le feu dans l'\u0153uf en coupant le flux d'air vers l'objet incandescent. Pour l'utiliser, il faut le sortir de son \u00e9tui et le d\u00e9plier, en recouvrant herm\u00e9tiquement l'objet en feu. Si vous l'utilisez sur une personne, il faut d'abord la retourner, puis la recouvrir imperm\u00e9ablement d'une couverture.&nbsp;<\/p>\n\n\n\n<p>&nbsp;<br><strong>Si vous avez des questions sur le cours, n'h\u00e9sitez pas \u00e0 nous contacter.<\/strong>&nbsp;<br><strong><\/strong>&nbsp;<\/p>\n\n\n\n<figure class=\"wp-block-image size-large is-resized\"><img loading=\"lazy\" decoding=\"async\" src=\"https:\/\/kursy-udt.pl\/wp-content\/uploads\/2023\/01\/Reklama-Na-Kursy-7.png\" alt=\"Formation ERGON\" width=\"784\" height=\"490\"\/><\/figure>","protected":false},"excerpt":{"rendered":"<p>Zapraszamy na profesjonalny kurs z konserwacji sprz\u0119tu ga\u015bniczego. Nasza wykwalifikowana kadra szkoleniowa przygotuje Ci\u0119 do pracy jako konserwator sprz\u0119tu ga\u015bniczego. Nasza firma przeprowadza szkolenia zawodowe od wielu lat, dlatego mo\u017cesz nam zaufa\u0107. Uczestnicz\u0105c w kursie zdob\u0119dziesz now\u0105 wiedz\u0119 i umiej\u0119tno\u015bci oraz podniesiesz swoje kwalifikacje zawodowe.&nbsp; Program szkolenia&nbsp; Odpowiedzialno\u015b\u0107 z zakresu ochrony przeciwpo\u017carowej obiektu lub terenu ponosi zarz\u0105dca b\u0105d\u017a u\u017cytkownik na podstawie umowy cywilnoprawnej. Celem szkolenia BHP jest przekazanie danemu pracownikowi informacji z zakresu sprz\u0119tu ga\u015bniczego, jak i wiedzy na temat zachowania si\u0119 w przypadku wyst\u0105pienia po\u017caru.&nbsp; Cz\u0119\u015b\u0107 teoretyczna obejmuje:&nbsp; Cz\u0119\u015b\u0107 praktyczna zawiera:&nbsp; Kto mo\u017ce wzi\u0105\u0107 udzia\u0142 w kursie?&nbsp; W szkoleniu mo\u017ce wzi\u0105\u0107 udzia\u0142 ka\u017cda pe\u0142noletnia osoba, kt\u00f3ra posiada wykszta\u0142cenie co najmniej podstawowe.&nbsp; Termin oraz miejsce zaj\u0119\u0107&nbsp; Najbli\u017cszy termin zaj\u0119\u0107 publikowany jest zawsze na naszej stronie internetowej. Zaj\u0119cia odbywaj\u0105 si\u0119 stacjonarnie w naszej siedzibie w Warszawie lub oddzia\u0142ach na terenie ca\u0142ego kraju. Organizujemy r\u00f3wnie\u017c indywidualne szkolenia w siedzibie firmy klienta.&nbsp; Sposoby gaszenia po\u017car\u00f3w&nbsp; W przypadku zaistnienia po\u017caru nale\u017cy poinformowa\u0107 najpierw odpowiednie s\u0142u\u017cby i przyst\u0105pi\u0107 do akcji ga\u015bniczej. Korzystaj\u0105c z pomocy podr\u0119cznego sprz\u0119tu ga\u015bniczego, kt\u00f3ry znajduje si\u0119 na terenie obiektu, a mianowicie hydrant\u00f3w wewn\u0119trznych lub ga\u015bnic, jeste\u015bmy w stanie zminimalizowa\u0107 zagro\u017cenie. Jednak, aby zacz\u0105\u0107 gasi\u0107 po\u017car nale\u017cy pami\u0119ta\u0107 o zastosowaniu odpowiednio oznaczonej na etykiecie ga\u015bnicy.&nbsp; A&nbsp; Do grupy A zaliczamy pal\u0105ce si\u0119 cia\u0142a sta\u0142e pochodzenia organicznego przy kt\u00f3rych spalaniu wyst\u0119puje zjawisko roz\u017carzenia na przyk\u0142ad drewno lub papier. Aby odpowiednio ugasi\u0107 po\u017car, stosujemy \u015brodek ga\u015bniczy taki jak dwutlenek w\u0119gla (ga\u015bnica \u015bniegowa), proszek ga\u015bniczy, pian\u0119 ga\u015bnicz\u0105 b\u0105d\u017a wod\u0119.&nbsp; B&nbsp; W przypadku spalania si\u0119 cieczy palnych b\u0105d\u017a substancji sta\u0142ych topniej\u0105cych [&hellip;]<\/p>\n","protected":false},"author":6,"featured_media":3958,"parent":65,"menu_order":0,"comment_status":"closed","ping_status":"closed","template":"page-templates\/template-podkategorie.php","meta":{"sfsi_plus_gutenberg_text_before_share":"","sfsi_plus_gutenberg_show_text_before_share":"","sfsi_plus_gutenberg_icon_type":"","sfsi_plus_gutenberg_icon_alignemt":"","sfsi_plus_gutenburg_max_per_row":"","footnotes":""},"class_list":["post-3957","page","type-page","status-publish","has-post-thumbnail","hentry","has_thumb"],"aioseo_notices":[],"_links":{"self":[{"href":"https:\/\/kursy-udt.pl\/fr\/wp-json\/wp\/v2\/pages\/3957","targetHints":{"allow":["GET"]}}],"collection":[{"href":"https:\/\/kursy-udt.pl\/fr\/wp-json\/wp\/v2\/pages"}],"about":[{"href":"https:\/\/kursy-udt.pl\/fr\/wp-json\/wp\/v2\/types\/page"}],"author":[{"embeddable":true,"href":"https:\/\/kursy-udt.pl\/fr\/wp-json\/wp\/v2\/users\/6"}],"replies":[{"embeddable":true,"href":"https:\/\/kursy-udt.pl\/fr\/wp-json\/wp\/v2\/comments?post=3957"}],"version-history":[{"count":3,"href":"https:\/\/kursy-udt.pl\/fr\/wp-json\/wp\/v2\/pages\/3957\/revisions"}],"predecessor-version":[{"id":5542,"href":"https:\/\/kursy-udt.pl\/fr\/wp-json\/wp\/v2\/pages\/3957\/revisions\/5542"}],"up":[{"embeddable":true,"href":"https:\/\/kursy-udt.pl\/fr\/wp-json\/wp\/v2\/pages\/65"}],"wp:featuredmedia":[{"embeddable":true,"href":"https:\/\/kursy-udt.pl\/fr\/wp-json\/wp\/v2\/media\/3958"}],"wp:attachment":[{"href":"https:\/\/kursy-udt.pl\/fr\/wp-json\/wp\/v2\/media?parent=3957"}],"curies":[{"name":"wp","href":"https:\/\/api.w.org\/{rel}","templated":true}]}}