{"id":3940,"date":"2022-06-24T07:30:57","date_gmt":"2022-06-24T07:30:57","guid":{"rendered":"https:\/\/kursy-udt.pl\/?page_id=3940"},"modified":"2023-03-21T14:06:34","modified_gmt":"2023-03-21T13:06:34","slug":"licence-pour-ascenseurs-mobiles","status":"publish","type":"page","link":"https:\/\/kursy-udt.pl\/fr\/szkolenia\/udt-wdt-tdt\/uprawnienia-podesty-ruchome\/","title":{"rendered":"Obtenez des qualifications pour les plateformes mobiles"},"content":{"rendered":"<div class=\"wp-block-image\">\n<figure class=\"alignright size-large is-resized\"><img loading=\"lazy\" decoding=\"async\" src=\"https:\/\/kursy-udt.pl\/wp-content\/uploads\/2022\/06\/74487ced-3bdf-4d69-8de8-41b13a319a9b.637472691776199548.jpg\" alt=\"plateforme mobile\" width=\"285\" height=\"311\"\/><\/figure>\n<\/div>\n\n\n<p>Nous vous invitons \u00e0 des formations professionnelles pour les op\u00e9rateurs de plates-formes mobiles. Nous organisons des cours pour tous les types de ces \u00e9quipements.<\/p>\n\n\n\n<p>Un cours de formation est n\u00e9cessaire pour utiliser des plates-formes mobiles, apr\u00e8s quoi un examen est pass\u00e9 au bureau de contr\u00f4le technique et, en cas de r\u00e9ussite, le stagiaire re\u00e7oit une licence du bureau de contr\u00f4le technique. Pendant les cours, nous abordons des sujets tels que la construction et l'utilisation de l'\u00e9quipement, ainsi que les r\u00e8gles de sant\u00e9 et de s\u00e9curit\u00e9 au travail.<\/p>\n\n\n\n<h2 class=\"wp-block-heading\">Informations sur la formation<\/h2>\n\n\n\n<p>Nos sp\u00e9cialistes, forts d'une longue exp\u00e9rience, mettent l'accent sur un enseignement de haut niveau. Nous tenons donc \u00e0 nous assurer que les \u00e9tudiants re\u00e7oivent non seulement les connaissances dont ils ont besoin pour obtenir la certification dans la cat\u00e9gorie choisie, mais aussi que ces connaissances leur facilitent la vie dans leur travail quotidien en tant qu'op\u00e9rateur. Dans cette optique, tous nos programmes sont r\u00e9dig\u00e9s de mani\u00e8re \u00e0 inclure des informations utiles ainsi que des activit\u00e9s pratiques pour illustrer ce qu'est la vie r\u00e9elle.&nbsp;<\/p>\n\n\n\n<p>Le cours comprend les informations suivantes :&nbsp;<\/p>\n\n\n\n<ul class=\"wp-block-list\">\n<li>types et construction de plates-formes mobiles,&nbsp;<\/li>\n\n\n\n<li>les t\u00e2ches de l&#039;op\u00e9rateur pendant le service d&#039;astreinte sur le lieu de travail,&nbsp;<\/li>\n\n\n\n<li>principes de sant\u00e9 et de s\u00e9curit\u00e9 au travail,&nbsp;<\/li>\n\n\n\n<li>exercices pratiques,&nbsp;<\/li>\n\n\n\n<li>informations sur le contr\u00f4le technique de la machine.&nbsp;<\/li>\n<\/ul>\n\n\n\n<figure class=\"wp-block-embed is-type-video is-provider-youtube wp-block-embed-youtube wp-embed-aspect-16-9 wp-has-aspect-ratio\"><div class=\"wp-block-embed__wrapper\">\n<iframe loading=\"lazy\" title=\"PLATEFORMES MOBILES OP\u00c9RATEUR UDT\" width=\"500\" height=\"281\" src=\"https:\/\/www.youtube.com\/embed\/sadG__ZRQI8?feature=oembed\" frameborder=\"0\" allow=\"accelerometer; autoplay; clipboard-write; encrypted-media; gyroscope; picture-in-picture; web-share\" referrerpolicy=\"strict-origin-when-cross-origin\" allowfullscreen><\/iframe>\n<\/div><\/figure>\n\n\n\n<h2 class=\"wp-block-heading\">Examen final&nbsp;<\/h2>\n\n\n\n<p>\u00c0 la fin de la formation, les participants passent un test devant une commission de l'Office du contr\u00f4le technique, et la r\u00e9ussite de ce test conf\u00e8re des droits valables, selon l'\u00e9quipement, entre 5 et 10 ans et honor\u00e9s dans toute la Pologne. Pour les besoins du passeur, le document peut \u00e9galement \u00eatre d\u00e9livr\u00e9 dans une autre langue.&nbsp;<\/p>\n\n\n\n<h2 class=\"wp-block-heading\">Conditions pour s'inscrire \u00e0 un cours pour plateformes mobiles :&nbsp;<\/h2>\n\n\n\n<ul class=\"wp-block-list\">\n<li>avoir au moins 18 ans,&nbsp;<\/li>\n\n\n\n<li>\u00e9ducation primaire minimale,&nbsp;<\/li>\n\n\n\n<li>ne pas pr\u00e9senter de contre-indications au travail.&nbsp;<\/li>\n<\/ul>\n\n\n\n<h2 class=\"wp-block-heading\">O\u00f9 pouvez-vous nous trouver ?&nbsp;<\/h2>\n\n\n\n<p>Notre si\u00e8ge est \u00e0 Varsovie et nous proposons \u00e9galement des formations \u00e0 Katowice, Cracovie, Lublin, Wroclaw, Gdansk, Lodz, Rzeszow, Bydgoszcz et Bielsko-Biala, Poznan, entre autres. Toutefois, il est possible d'organiser un cours \u00e0 l'endroit indiqu\u00e9 par le client dans toute la Pologne.\u00a0<\/p>\n\n\n\n<figure class=\"wp-block-image size-large is-resized\"><img loading=\"lazy\" decoding=\"async\" src=\"https:\/\/kursy-udt.pl\/wp-content\/uploads\/2022\/06\/191025productheros0808e-w1920.jpg\" alt=\"r\u00e8gles de sant\u00e9 et de s\u00e9curit\u00e9 lors de l&#039;utilisation des plates-formes\" width=\"797\" height=\"287\"\/><\/figure>\n\n\n\n<h2 class=\"wp-block-heading\">Quel est le prix du cours ?&nbsp;<\/h2>\n\n\n\n<p>Par rapport \u00e0 d'autres entreprises, nos prix sont tr\u00e8s attractifs, car nous veillons toujours \u00e0 ce qu'ils soient comp\u00e9titifs. Nous sommes ouverts \u00e0 la n\u00e9gociation et accordons des remises avantageuses aux groupes.&nbsp;&nbsp;<\/p>\n\n\n\n<h2 class=\"wp-block-heading\">Principes de fonctionnement des plates-formes mobiles et des plates-formes \u00e0 roues libres<\/h2>\n\n\n\n<p>Pour utiliser les plateformes mobiles, comme nous l'avons mentionn\u00e9, les autorisations appropri\u00e9es sont n\u00e9cessaires. Tout utilisateur utilisant l'\u00e9quipement doit conna\u00eetre les conditions d'utilisation. Il n'est pas permis d'utiliser les plates-formes mobiles lorsque l'on n'est pas familiaris\u00e9 avec les proc\u00e9dures de sauvetage ou dans des situations o\u00f9 il n'y a pas de personne \u00e0 proximit\u00e9 qui connaisse les r\u00e8gles en question. L'op\u00e9rateur qui conduit la machine doit, \u00e0 tout moment, garder un \u0153il sur la surface de la plate-forme mobile, ainsi que sur ce qui se trouve au-dessus d'elle. Il doit faire preuve d'une grande prudence et conduire la machine de mani\u00e8re \u00e0 \u00e9viter les obstacles qui se trouvent sur son chemin. Les travailleurs doivent respecter certaines r\u00e8gles, notamment ne pas se pencher sur les garde-corps, ne pas s'appuyer sur le panneau de commande et ne pas y d\u00e9poser d'objets. En outre, l'utilisation de t\u00e9l\u00e9phones portables est interdite.&nbsp;<\/p>\n\n\n\n<figure class=\"wp-block-image size-large is-resized\"><img loading=\"lazy\" decoding=\"async\" src=\"https:\/\/kursy-udt.pl\/wp-content\/uploads\/2022\/06\/sc3500_back_01.jpg\" alt=\"les grandes opportunit\u00e9s offertes par la formation\" width=\"691\" height=\"461\"\/><\/figure>\n\n\n\n<h2 class=\"wp-block-heading\">Que devez-vous savoir sur les accidents lorsque vous travaillez avec des plateformes mobiles ?&nbsp;<\/h2>\n\n\n\n<p>Une attention particuli\u00e8re doit \u00eatre accord\u00e9e aux raisons de la survenance des \u00e9v\u00e9nements, notamment\u00a0:&nbsp;<\/p>\n\n\n\n<ul class=\"wp-block-list\">\n<li>au m\u00e9pris des r\u00e8gles de sant\u00e9 et de s\u00e9curit\u00e9 au travail,&nbsp;<\/li>\n\n\n\n<li>\u00e9tat r\u00e9pr\u00e9hensible des installations \u00e9lectriques des quais,&nbsp;<\/li>\n\n\n\n<li>m\u00e9connaissance de la notice d&#039;utilisation d&#039;un appareil donn\u00e9,&nbsp;<\/li>\n\n\n\n<li>barricader les passages vers les postes de travail,&nbsp;<\/li>\n\n\n\n<li>le manque d&#039;\u00e9quipements de s\u00e9curit\u00e9 et de protections ou leur mauvaise utilisation,&nbsp;<\/li>\n\n\n\n<li>appareils endommag\u00e9s, et donc manque d&#039;inspections et d&#039;entretien,&nbsp;<\/li>\n\n\n\n<li>vous devez \u00e9galement penser \u00e0 utiliser un \u00e9quipement de protection individuelle appropri\u00e9 qui prot\u00e8ge contre les chutes de hauteur.&nbsp;<\/li>\n<\/ul>\n\n\n\n<p>Types d&#039;accidents du travail avec plateformes mobiles :&nbsp;<\/p>\n\n\n\n<ul class=\"wp-block-list\">\n<li>capture par des m\u00e9canismes correctement non prot\u00e9g\u00e9s pendant le mouvement,&nbsp;<\/li>\n\n\n\n<li>chocs contre la structure et caus\u00e9s par un contr\u00f4le inappropri\u00e9 des m\u00e9canismes,&nbsp;<\/li>\n\n\n\n<li>choc \u00e9lectrique,&nbsp;<\/li>\n\n\n\n<li>chute de hauteur.&nbsp;<\/li>\n<\/ul>\n\n\n\n<p>L'un des accidents mortels les plus fr\u00e9quents sur les plates-formes mobiles est l'\u00e9lectrocution, car nous entrons tr\u00e8s souvent en contact avec des lignes \u00e9lectriques lorsque nous travaillons en hauteur. L'utilisation inad\u00e9quate et l'entretien des installations des plates-formes mobiles constituent \u00e9galement des risques courants. La plupart des cas peuvent \u00eatre \u00e9vit\u00e9s. Gr\u00e2ce \u00e0 nos cours, vous apprendrez les r\u00e9glementations <a href=\"https:\/\/kursy-udt.pl\/fr\/szkolenia\/bhp-bezpieczenstwo-pracy\/prawna-ochrona-pracy\/\">Sant\u00e9 et s\u00e9curit\u00e9<\/a>comment faire face aux risques dans ce domaine, ainsi qu'aux travaux \u00e0 proximit\u00e9 des r\u00e9seaux et \u00e9quipements \u00e9lectriques.&nbsp;<\/p>\n\n\n\n<h2 class=\"wp-block-heading\">Quelles sont les conditions de s\u00e9curit\u00e9 les plus importantes au travail ?&nbsp;<\/h2>\n\n\n\n<ul class=\"wp-block-list\">\n<li>Plus important encore, les limites de la zone de s\u00e9curit\u00e9 pour les travailleurs doivent \u00eatre d\u00e9finies, cl\u00f4tur\u00e9es et correctement signal\u00e9es afin que les personnes non autoris\u00e9es n'y aient pas acc\u00e8s.&nbsp;<\/li>\n\n\n\n<li>Tout le monde doit conna\u00eetre les proc\u00e9dures.&nbsp;<\/li>\n\n\n\n<li>La zone d\u00e9limit\u00e9e doit \u00eatre surveill\u00e9e en permanence.&nbsp;<\/li>\n\n\n\n<li>Dans la mesure du possible, d\u00e9connectez les appareils et les r\u00e9seaux. Toutefois, si cela n'est pas possible, ils doivent \u00eatre correctement prot\u00e9g\u00e9s.&nbsp;<\/li>\n<\/ul>\n\n\n\n<p>Lors de l'utilisation de plates-formes mobiles, il est \u00e9galement important de ne pas oublier de s'assurer que la surface est adapt\u00e9e \u00e0 l'utilisation. C'est l'un des principes de base de l'utilisation s\u00fbre des \u00e9quipements. La capacit\u00e9 \u00e0 s\u00e9lectionner la surface sous la machine influe sur le confort et la rapidit\u00e9 de son d\u00e9placement. La surface doit \u00eatre compacte et stable afin de ne pas cr\u00e9er de danger sur le lieu de travail. Tout \u00e9l\u00e9vateur automoteur, \u00e0 ciseaux, \u00e0 nacelle ou \u00e0 colonne doit \u00eatre correctement inspect\u00e9 avant d'\u00eatre utilis\u00e9. La visualisation permet de d\u00e9terminer avec pr\u00e9cision le type de surface, mais en attendant, les \u00e9tudes g\u00e9ochimiques sont utilis\u00e9es au cas par cas, car le type de surface est influenc\u00e9 par les conditions m\u00e9t\u00e9orologiques, et en particulier par les pr\u00e9cipitations et les chutes de neige, qui rendent le sol humide.&nbsp;<\/p>\n\n\n\n<figure class=\"wp-block-video\"><video controls src=\"https:\/\/kursy-udt.pl\/wp-content\/uploads\/2023\/02\/ACCEPTED-operator-podestow-4K-kursy-udt.mp4\"><\/video><\/figure>\n\n\n\n<h2 class=\"wp-block-heading\">Pourquoi le type de rev\u00eatement a-t-il un impact aussi important sur la s\u00e9curit\u00e9 ?&nbsp;<\/h2>\n\n\n\n<ul class=\"wp-block-list\">\n<li>Les surfaces les plus s\u00fbres sont bien s\u00fbr l'asphalte, le b\u00e9ton ou les pav\u00e9s. Ces surfaces doivent \u00e9galement faire l'objet d'une attention particuli\u00e8re. La salet\u00e9 ou les affouillements du sol constituent un danger particulier.&nbsp;<\/li>\n\n\n\n<li>Les sols herbeux sont relativement s\u00fbrs, mais veillez \u00e0 ce qu'ils soient correctement profil\u00e9s et plats.&nbsp;<\/li>\n\n\n\n<li>Travaillant en jach\u00e8re, nous inspectons les fosses et les structures non marqu\u00e9es.&nbsp;<\/li>\n\n\n\n<li>Lorsque vous travaillez dans des zones urbaines, vous devez tenir compte des trous d'homme, des tunnels, des fosses, des caves et des \u00e9gouts.&nbsp;<\/li>\n\n\n\n<li>La plage est l&#039;un des terrains les plus difficiles en termes de sable meuble et de risque d&#039;\u00e9rosion.&nbsp;<\/li>\n<\/ul>\n\n\n\n<p>Compte tenu des informations ci-dessus, nous pouvons constater que tous les terrains ne conviennent pas comme surface pour les plates-formes mobiles. Il est toutefois possible de les niveler et de les stabiliser en utilisant, dans la plupart des cas, des plaques de bois. Dans notre cours, vous apprendrez ces informations et d'autres qui vous permettront de pr\u00e9parer la surface pour les nacelles, les ciseaux et d'autres types d'ascenseurs. Vous \u00eates cordialement invit\u00e9s \u00e0 <a href=\"https:\/\/kursy-udt.pl\/fr\/szkolenia\/podesty-ruchome\/\">cours pour plateformes mobiles<\/a> \u00e0 ERGON. Dans notre centre, vous apprendrez le bon fonctionnement des plateformes mobiles et obtiendrez les qualifications appropri\u00e9es dans les cat\u00e9gories UDT\u00a0:&nbsp;<\/p>\n\n\n\n<ul class=\"wp-block-list\">\n<li>les plates-formes mobiles,\u00a0<\/li>\n\n\n\n<li>les plates-formes mobiles fixes,<\/li>\n\n\n\n<li>les m\u00e2ts mobiles,<\/li>\n\n\n\n<li>Plates-formes mobiles suspendues,<\/li>\n\n\n\n<li>les plates-formes des v\u00e9hicules ferroviaires.<\/li>\n<\/ul>\n\n\n\n<p><strong>S&#039;il vous pla\u00eet n&#039;h\u00e9sitez pas \u00e0 nous contacter.<\/strong><\/p>\n\n\n\n<figure class=\"wp-block-image size-large is-resized\"><img loading=\"lazy\" decoding=\"async\" src=\"https:\/\/kursy-udt.pl\/wp-content\/uploads\/2022\/12\/PODESTY-RUCHOME-kursy-udt.pl_.png\" alt=\"Formation ERGON\" width=\"765\" height=\"478\"\/><\/figure>","protected":false},"excerpt":{"rendered":"<p>Zapraszamy na profesjonalne szkolenia na operatora podest\u00f3w ruchomych. Organizujemy kursy na wszystkie rodzaje tych urz\u0105dze\u0144. Do obs\u0142ugi podest\u00f3w ruchomych potrzebne jest przeszkolenie, po kt\u00f3rym podchodzi si\u0119 do egzaminu w Urz\u0119dzie Dozoru Technicznego, a po jego zdaniu kursant otrzymuje uprawnienia UDT. Na kursach poruszamy takie tematy jak budowa i zastosowanie urz\u0105dze\u0144, jak r\u00f3wnie\u017c zasady bezpiecze\u0144stwa i higieny pracy Informacje o szkoleniu Nasi specjali\u015bci z wieloletnim do\u015bwiadczeniem stawiaj\u0105 na wysoki poziom nauczania. Dlatego te\u017c zale\u017cy nam, aby kursanci nie tylko otrzymali wiedz\u0119 niezb\u0119dn\u0105 do uzyskania certyfikatu w wybranej przez siebie kategorii, lecz r\u00f3wnie\u017c, aby ta wiedza u\u0142atwia\u0142a \u017cycie w codziennej pracy na stanowisku operatora. Maj\u0105c to na uwadze, wszystkie nasze programy pisane s\u0105 w spos\u00f3b obejmuj\u0105cy korzystne informacje, a tak\u017ce zaj\u0119cia praktyczne, by zilustrowa\u0107, jak wygl\u0105da to w rzeczywisto\u015bci.&nbsp; Kurs obejmuje poni\u017csze informacje:&nbsp; Egzamin ko\u0144cowy&nbsp; Ko\u0144cz\u0105c szkolenie uczestnicy podchodz\u0105 do testu przed komisj\u0105 Urz\u0119du Dozoru Technicznego, a jego pozytywne zdanie nadaje uprawnienia wa\u017cne w zale\u017cno\u015bci od urz\u0105dzenia na czas od 5 do 10 lat i honorowane na terenie ca\u0142ej Polski. Dla potrzeby zdaj\u0105cego, dokument mo\u017ce by\u0107 wydany r\u00f3wnie\u017c w innym j\u0119zyku.&nbsp; Wymagania jakie nale\u017cy spe\u0142ni\u0107, aby m\u00f3c zapisa\u0107 si\u0119 na kurs na podesty ruchome:&nbsp; Gdzie nas znajdziecie?&nbsp; Nasza g\u0142\u00f3wna siedziba znajduje si\u0119 w Warszawie, a dodatkowo prowadzimy r\u00f3wnie\u017c szkolenia m.in. w Katowicach, Krakowie, Lublinie, Wroc\u0142awiu, Gda\u0144sku, \u0141odzi, Rzeszowie, Bydgoszczy i Bielsku\u2013Bia\u0142ej, Poznaniu. Jest jednak mo\u017cliwo\u015b\u0107 zorganizowania kursu w miejscu wskazanym przez klienta na terenie ca\u0142ej Polski.\u00a0 Jaka jest cena kursu?&nbsp; W por\u00f3wnaniu do innych firm, cena u nas jest bardzo atrakcyjna, gdy\u017c zawsze dbamy o to, by [&hellip;]<\/p>\n","protected":false},"author":6,"featured_media":621,"parent":2721,"menu_order":0,"comment_status":"closed","ping_status":"closed","template":"","meta":{"sfsi_plus_gutenberg_text_before_share":"","sfsi_plus_gutenberg_show_text_before_share":"","sfsi_plus_gutenberg_icon_type":"","sfsi_plus_gutenberg_icon_alignemt":"","sfsi_plus_gutenburg_max_per_row":"","footnotes":""},"class_list":["post-3940","page","type-page","status-publish","has-post-thumbnail","hentry","has_thumb"],"aioseo_notices":[],"_links":{"self":[{"href":"https:\/\/kursy-udt.pl\/fr\/wp-json\/wp\/v2\/pages\/3940","targetHints":{"allow":["GET"]}}],"collection":[{"href":"https:\/\/kursy-udt.pl\/fr\/wp-json\/wp\/v2\/pages"}],"about":[{"href":"https:\/\/kursy-udt.pl\/fr\/wp-json\/wp\/v2\/types\/page"}],"author":[{"embeddable":true,"href":"https:\/\/kursy-udt.pl\/fr\/wp-json\/wp\/v2\/users\/6"}],"replies":[{"embeddable":true,"href":"https:\/\/kursy-udt.pl\/fr\/wp-json\/wp\/v2\/comments?post=3940"}],"version-history":[{"count":5,"href":"https:\/\/kursy-udt.pl\/fr\/wp-json\/wp\/v2\/pages\/3940\/revisions"}],"predecessor-version":[{"id":5634,"href":"https:\/\/kursy-udt.pl\/fr\/wp-json\/wp\/v2\/pages\/3940\/revisions\/5634"}],"up":[{"embeddable":true,"href":"https:\/\/kursy-udt.pl\/fr\/wp-json\/wp\/v2\/pages\/2721"}],"wp:featuredmedia":[{"embeddable":true,"href":"https:\/\/kursy-udt.pl\/fr\/wp-json\/wp\/v2\/media\/621"}],"wp:attachment":[{"href":"https:\/\/kursy-udt.pl\/fr\/wp-json\/wp\/v2\/media?parent=3940"}],"curies":[{"name":"wp","href":"https:\/\/api.w.org\/{rel}","templated":true}]}}