{"id":3928,"date":"2022-06-23T13:24:17","date_gmt":"2022-06-23T13:24:17","guid":{"rendered":"https:\/\/kursy-udt.pl\/?page_id=3928"},"modified":"2023-03-20T13:37:41","modified_gmt":"2023-03-20T12:37:41","slug":"fumoir-a-chaudiere","status":"publish","type":"page","link":"https:\/\/kursy-udt.pl\/fr\/szkolenia\/sep-uprawnienia-do-1kv\/palacz-kotlow\/","title":{"rendered":"Formation chauffeur chaudi\u00e8re CO - qualification \u00e9nergie thermique"},"content":{"rendered":"<div class=\"wp-block-image\">\n<figure class=\"alignright size-large is-resized\"><img loading=\"lazy\" decoding=\"async\" src=\"https:\/\/kursy-udt.pl\/wp-content\/uploads\/2022\/06\/HTB1hi7WJmrqK1RjSZK9q6xyypXaN-scaled.jpg\" alt=\"obligations du fumeur\" width=\"304\" height=\"269\"\/><\/figure>\n<\/div>\n\n\n<p><a href=\"https:\/\/kursy-udt.pl\/fr\/o-firmie\/\">Centre de formation du personnel ERGON<\/a> vous invite \u00e0 vous inscrire \u00e0 la formation de chauffagiste de cat\u00e9gorie G2. Nous vous proposons une pr\u00e9paration professionnelle et compl\u00e8te \u00e0 la profession et \u00e0 la r\u00e9ussite de l'examen d'\u00c9tat. Si vous souhaitez travailler sur des installations, des r\u00e9seaux et des \u00e9quipements de chauffage, vous devez disposer des qualifications ad\u00e9quates. Une personne ayant <a href=\"https:\/\/kursy-udt.pl\/fr\/uprawnienia-udt\/kategorie-uprawnien-2\/\">droits<\/a> Le soutier CO dispose d'un large \u00e9ventail d'options d'emploi et peut travailler comme soutier de chaudi\u00e8re de chauffage central au gaz, op\u00e9rateur de chaudi\u00e8re \u00e0 vapeur, soutier de chaudi\u00e8re \u00e0 grille d'eau CO et bien d'autres encore.\u00a0<\/p>\n\n\n\n<h2 class=\"wp-block-heading\">But du cours&nbsp;<\/h2>\n\n\n\n<p>La formation s'adresse aux personnes qui sont impliqu\u00e9es dans l'exploitation et la supervision quotidiennes d'\u00e9quipements qui g\u00e9n\u00e8rent, traitent, transmettent et consomment de la chaleur, ou qui souhaitent commencer \u00e0 travailler en tant que br\u00fbleur de CO. Le cours propos\u00e9 par ERGON fournit une pr\u00e9paration th\u00e9orique et pratique \u00e0 l'exploitation de chaudi\u00e8res ainsi qu'\u00e0 l'examen de qualification pour l'obtention des autorisations d'exploitation et de supervision de types sp\u00e9cifiques de chaudi\u00e8res.&nbsp;<strong>&nbsp;<\/strong>&nbsp;<\/p>\n\n\n\n<h2 class=\"wp-block-heading\">Connaissances acquises pendant le cours&nbsp;<\/h2>\n\n\n\n<p>Au cours de la formation, les stagiaires apprendront la r\u00e9glementation en mati\u00e8re de contr\u00f4le technique, l'organisation du travail sur les \u00e9quipements thermiques, les techniques thermiques, les t\u00e2ches d'un chauffagiste, les types et les m\u00e9thodes de fonctionnement des chaudi\u00e8res et des cuisini\u00e8res, les types de combustibles utilis\u00e9s et les r\u00e8gles de s\u00e9curit\u00e9. En outre, la formation abordera des sujets tels que :&nbsp;<\/p>\n\n\n<div class=\"wp-block-image\">\n<figure class=\"alignright size-large is-resized\"><img loading=\"lazy\" decoding=\"async\" src=\"https:\/\/kursy-udt.pl\/wp-content\/uploads\/2022\/06\/Gas-Turbine.jpg\" alt=\"supervision technique\" width=\"405\" height=\"269\"\/><\/figure>\n<\/div>\n\n\n<ul class=\"wp-block-list\">\n<li>dispositions g\u00e9n\u00e9rales et informations sur le contr\u00f4le technique,&nbsp;<\/li>\n\n\n\n<li>organiser le lieu de travail conform\u00e9ment aux r\u00e8gles et r\u00e8glements de s\u00e9curit\u00e9,&nbsp;<\/li>\n\n\n\n<li>fonctions de chaudi\u00e8re et de r\u00e9chaud pour le chauffage central,&nbsp;<\/li>\n\n\n\n<li>m\u00e9thodes de maintien des chaudi\u00e8res \u00e0 rendement technique constant,&nbsp;<\/li>\n\n\n\n<li>Sch\u00e9mas des chaudi\u00e8res \u00e0 CO,&nbsp;<\/li>\n\n\n\n<li>le fonctionnement des \u00e9quipements de contr\u00f4le et de mesure,\u00a0<\/li>\n\n\n\n<li>r\u00e9seaux et installations de chaleur,&nbsp;<\/li>\n\n\n\n<li>appareils industriels \u00e0 vapeur et \u00e0 eau chaude,&nbsp;<\/li>\n\n\n\n<li>r\u00e8gles <a href=\"https:\/\/kursy-udt.pl\/fr\/szkolenia\/bhp-bezpieczenstwo-pracy\/prawna-ochrona-pracy\/\">Sant\u00e9 et s\u00e9curit\u00e9<\/a> comme chauffe-eau pour le chauffage central.&nbsp;<\/li>\n<\/ul>\n\n\n\n<h2 class=\"wp-block-heading\">Tarif formation&nbsp;<\/h2>\n\n\n\n<p>La formation chez ERGON vous garantit une approche professionnelle et des prix attractifs. Le co\u00fbt d'une formation de groupe pour les entreprises d\u00e9pend du nombre de participants et de la dur\u00e9e du cours. N'h\u00e9sitez pas \u00e0 nous contacter pour plus d'informations. Notre personnel r\u00e9pondra \u00e0 toutes vos questions.&nbsp;<\/p>\n\n\n\n<h2 class=\"wp-block-heading\">Lieu de formation&nbsp;<\/h2>\n\n\n\n<p>La formation en chauffage a lieu \u00e0 Varsovie et dans nos succursales \u00e0 travers le pays. Nous proposons \u00e9galement des formations ferm\u00e9es pour les groupes organis\u00e9s - nous atteignons ensuite le client apr\u00e8s avoir convenu des termes et conditions.&nbsp;<strong>&nbsp;<\/strong>&nbsp;<\/p>\n\n\n\n<h2 class=\"wp-block-heading\">Conditions&nbsp;<\/h2>\n\n\n<div class=\"wp-block-image\">\n<figure class=\"alignright size-large is-resized\"><img loading=\"lazy\" decoding=\"async\" src=\"https:\/\/kursy-udt.pl\/wp-content\/uploads\/2022\/06\/preview-123.jpg\" alt=\"Examen SEP\" width=\"359\" height=\"222\"\/><\/figure>\n<\/div>\n\n\n<p>La formation de chauffagiste CH s'adresse aux personnes qui doivent acqu\u00e9rir des comp\u00e9tences dans la supervision ou la conduite d'\u00e9quipements, d'installations et de r\u00e9seaux de chauffage. Pour vous pr\u00e9senter \u00e0 l'examen de la qualification G2, vous devez remplir trois conditions : \u00eatre \u00e2g\u00e9 d'au moins 18 ans, avoir au moins une formation de base et disposer d'un certificat de sant\u00e9 de non contre-indication \u00e0 l'exercice de ce m\u00e9tier.&nbsp;<strong>&nbsp;<\/strong>&nbsp;<\/p>\n\n\n\n<h2 class=\"wp-block-heading\">Droits&nbsp;<\/h2>\n\n\n\n<p>Le cours se termine par un examen testant les connaissances acquises devant une commission de qualification du SEP ou PSE, SIMP, SITPS. Un r\u00e9sultat positif donne lieu \u00e0 la d\u00e9livrance d'un certificat confirmant les qualifications acquises. Ils sont valables 5 ans.&nbsp;<strong>&nbsp;<\/strong>&nbsp;<\/p>\n\n\n\n<h2 class=\"wp-block-heading\">T\u00e2ches d'un chauffagiste de chauffage central&nbsp;<\/h2>\n\n\n\n<p>Ce m\u00e9tier implique la conduite et la surveillance permanente de diff\u00e9rents types de chaudi\u00e8res en fonction du combustible utilis\u00e9 pour l'alimentation. Le chauffagiste exerce ses fonctions en observant les instructions relatives aux \u00e9quipements, raccords et auxiliaires respectifs, ainsi que les instructions relatives \u00e0 l'exploitation de la chaufferie. La mani\u00e8re dont ce travail est effectu\u00e9 et les t\u00e2ches \u00e0 accomplir d\u00e9pendent du type de chaudi\u00e8re.&nbsp;<strong>&nbsp;<\/strong>&nbsp;<\/p>\n\n\n\n<figure class=\"wp-block-table\"><table><tbody><tr><td><strong>Type de chaudi\u00e8re<\/strong>&nbsp;<\/td><td><strong>Description de l&#039;emploi<\/strong>&nbsp;<\/td><td><strong>Mode d&#039;ex\u00e9cution<\/strong>&nbsp;<\/td><\/tr><tr><td><strong>chaudi\u00e8re \u00e0 gaz<\/strong>&nbsp;<\/td><td>Le chauffe-eau de la chaudi\u00e8re \u00e0 gaz d\u00e9marre, surveille et contr\u00f4le son fonctionnement, allume les br\u00fbleurs, surveille la temp\u00e9rature et surveille le processus de combustion.&nbsp;<\/td><td>maintenir les chaudi\u00e8res en efficacit\u00e9 technique constante\u00a0;\u00a0<br>allumer les br\u00fbleurs\u00a0;\u00a0<br>v\u00e9rifier et lire les indications des appareils de contr\u00f4le et de mesure ;\u00a0<br>contr\u00f4le et supervision du d\u00e9marrage et du fonctionnement de chaudi\u00e8res de chauffage central au gaz et de syst\u00e8mes d&#039;alimentation en combustible;\u00a0<br>surveillance de la pression et de la temp\u00e9rature\u00a0;\u00a0<br>r\u00e9approvisionnement en substances pour la r\u00e9g\u00e9n\u00e9ration du lit dans les installations d&#039;adoucissement de l&#039;eau;\u00a0<br>r\u00e9glage des raccords et du chemin de gaz de la chaudi\u00e8re\u00a0;\u00a0<br>garder les filtres, les tuyaux d&#039;\u00e9chappement et les surfaces d&#039;\u00e9change de chaleur propres.\u00a0<\/td><\/tr><tr><td><strong>chaudi\u00e8re \u00e0 vapeur<\/strong>&nbsp;<\/td><td>Le chauffeur de la chaudi\u00e8re \u00e0 vapeur transporte la masse de combustible vers les conteneurs, irrigue les chaudi\u00e8res et les filets et allume le feu dans le four. Ses t\u00e2ches comprennent \u00e9galement le rin\u00e7age et le d\u00e9bouchage des chaudi\u00e8res.&nbsp;<\/td><td>mener le processus de combustion et l&#039;\u00e9vacuation des gaz d&#039;\u00e9chappement corrects\u00a0;\u00a0<br>maintenir les chaudi\u00e8res en efficacit\u00e9 technique constante\u00a0;\u00a0<br>d\u00e9marrer les chaudi\u00e8res \u00e0 vapeur et superviser le fonctionnement des syst\u00e8mes d&#039;alimentation en combustible\u00a0;\u00a0<br>surveillance des compteurs de pression, de temp\u00e9rature et de tirage d&#039;air;\u00a0<br>s\u00e9lection des param\u00e8tres optimaux du fonctionnement de la chaudi\u00e8re.\u00a0<\/td><\/tr><\/tbody><\/table><\/figure>\n\n\n\n<h2 class=\"wp-block-heading\">Cela vaut la peine de suivre une formation avec nous parce que :<\/h2>\n\n\n\n<ul class=\"wp-block-list\">\n<li>nous avons de nombreuses ann\u00e9es d&#039;exp\u00e9rience dans la pr\u00e9paration des op\u00e9rateurs d&#039;appareils thermiques;\u00a0<\/li>\n\n\n\n<li>le personnel de formation est compos\u00e9 de sp\u00e9cialistes et d&#039;employ\u00e9s qualifi\u00e9s de grandes entreprises utilisant des r\u00e9seaux de chaleur\u00a0;&nbsp;<\/li>\n\n\n\n<li>nous nous concentrons sur les comp\u00e9tences pratiques.&nbsp;<\/li>\n<\/ul>\n\n\n\n<p>Si vous avez des questions sur notre offre, <a href=\"https:\/\/kursy-udt.pl\/fr\/kontakt\/\">Contactez nous s&#039;il vous plait<\/a> - notre personnel se fera un plaisir de vous aider \u00e0 clarifier vos doutes. Nous vous encourageons \u00e0 choisir nos services !\u00a0<\/p>\n\n\n\n<figure class=\"wp-block-image size-large is-resized\"><img loading=\"lazy\" decoding=\"async\" src=\"https:\/\/kursy-udt.pl\/wp-content\/uploads\/2023\/01\/Palacz-kotlow-CO-kursy-udt.pl_.png\" alt=\"Cours ERGON\" width=\"781\" height=\"488\"\/><\/figure>","protected":false},"excerpt":{"rendered":"<p>O\u015brodek Doskonalenia Kadr ERGON zaprasza do zapis\u00f3w na szkolenie palacza kot\u0142\u00f3w i piec\u00f3w centralnego ogrzewania z kategorii G2. Zajmujemy si\u0119 profesjonalnym i kompleksowym przygotowaniem do zawodu oraz pozytywnego zdania egzaminu pa\u0144stwowego. Je\u015bli chcesz pracowa\u0107 z instalacjami, sieciami i urz\u0105dzeniami cieplnymi, musisz posiada\u0107 odpowiednie kwalifikacje. Osoba posiadaj\u0105ca uprawnienia palacza CO ma wiele opcji zatrudnienia i mo\u017ce pracowa\u0107 mi\u0119dzy innymi na stanowisku palacza gazowych kot\u0142\u00f3w centralnego ogrzewania, operatora kot\u0142\u00f3w parowych, palacza wodnych rusztowych kot\u0142\u00f3w CO i na wielu innych.\u00a0 Cel kursu&nbsp; Szkolenie przeznaczone jest dla os\u00f3b, kt\u00f3re na co dzie\u0144 zajmuj\u0105 si\u0119 eksploatacj\u0105 i dozorem urz\u0105dze\u0144 wytwarzaj\u0105cych, przetwarzaj\u0105cych, przesy\u0142aj\u0105cych i zu\u017cywaj\u0105cych ciep\u0142o lub pragn\u0105 rozpocz\u0105\u0107 prac\u0119 na stanowisku palacza CO. Kurs oferowany przez ERGON zapewnia teoretyczne i praktyczne przygotowanie do obs\u0142ugi kot\u0142\u00f3w oraz egzaminu kwalifikacyjnego, by uzyska\u0107 uprawnienia eksploatacji i dozoru poszczeg\u00f3lnych rodzaj\u00f3w kot\u0142\u00f3w.&nbsp;&nbsp;&nbsp; Wiedza zdobyta w trakcie kursu&nbsp; Kursanci w trakcie szkolenia poznaj\u0105 przepisy o dozorze technicznym, organizacji pracy przy urz\u0105dzeniach cieplnych, techniki cieplne, obowi\u0105zki palacza CO, rodzaje i metody eksploatacji kot\u0142\u00f3w i piec\u00f3w, typy u\u017cywanych paliw oraz zasady bezpiecze\u0144stwa. Ponadto w trakcie szkolenia zostan\u0105 poruszone zagadnienia takie jak:&nbsp; Cena szkolenia&nbsp; Szkolenia w ERGON gwarantuj\u0105 profesjonalne podej\u015bcie oraz atrakcyjne ceny. Koszt szkolenia grupowego dla firm zale\u017cy od ilo\u015bci zg\u0142oszonych os\u00f3b i d\u0142ugo\u015bci kursu. W celu uzyskania szczeg\u00f3\u0142owych informacji zapraszamy do kontaktu. Nasi pracownicy odpowiedz\u0105 na wszelkie Pa\u0144stwa pytania.&nbsp; Miejsce szkolenia&nbsp; Szkolenia ciep\u0142ownicze odbywaj\u0105 si\u0119 w Warszawie oraz w naszych oddzia\u0142ach na terenie ca\u0142ego kraju. Oferujemy r\u00f3wnie\u017c szkolenia w formie zamkni\u0119tej dla grup zorganizowanych \u2013 w\u00f3wczas doje\u017cd\u017camy do klienta, po uzgodnieniu warunk\u00f3w.&nbsp;&nbsp;&nbsp; Wymagania&nbsp; Szkolenie palacza kot\u0142\u00f3w CO [&hellip;]<\/p>\n","protected":false},"author":6,"featured_media":3929,"parent":2411,"menu_order":0,"comment_status":"closed","ping_status":"closed","template":"","meta":{"sfsi_plus_gutenberg_text_before_share":"","sfsi_plus_gutenberg_show_text_before_share":"","sfsi_plus_gutenberg_icon_type":"","sfsi_plus_gutenberg_icon_alignemt":"","sfsi_plus_gutenburg_max_per_row":"","footnotes":""},"class_list":["post-3928","page","type-page","status-publish","has-post-thumbnail","hentry","has_thumb"],"aioseo_notices":[],"_links":{"self":[{"href":"https:\/\/kursy-udt.pl\/fr\/wp-json\/wp\/v2\/pages\/3928","targetHints":{"allow":["GET"]}}],"collection":[{"href":"https:\/\/kursy-udt.pl\/fr\/wp-json\/wp\/v2\/pages"}],"about":[{"href":"https:\/\/kursy-udt.pl\/fr\/wp-json\/wp\/v2\/types\/page"}],"author":[{"embeddable":true,"href":"https:\/\/kursy-udt.pl\/fr\/wp-json\/wp\/v2\/users\/6"}],"replies":[{"embeddable":true,"href":"https:\/\/kursy-udt.pl\/fr\/wp-json\/wp\/v2\/comments?post=3928"}],"version-history":[{"count":5,"href":"https:\/\/kursy-udt.pl\/fr\/wp-json\/wp\/v2\/pages\/3928\/revisions"}],"predecessor-version":[{"id":5534,"href":"https:\/\/kursy-udt.pl\/fr\/wp-json\/wp\/v2\/pages\/3928\/revisions\/5534"}],"up":[{"embeddable":true,"href":"https:\/\/kursy-udt.pl\/fr\/wp-json\/wp\/v2\/pages\/2411"}],"wp:featuredmedia":[{"embeddable":true,"href":"https:\/\/kursy-udt.pl\/fr\/wp-json\/wp\/v2\/media\/3929"}],"wp:attachment":[{"href":"https:\/\/kursy-udt.pl\/fr\/wp-json\/wp\/v2\/media?parent=3928"}],"curies":[{"name":"wp","href":"https:\/\/api.w.org\/{rel}","templated":true}]}}