{"id":3915,"date":"2022-06-23T11:46:18","date_gmt":"2022-06-23T11:46:18","guid":{"rendered":"https:\/\/kursy-udt.pl\/?page_id=3915"},"modified":"2023-03-20T12:38:53","modified_gmt":"2023-03-20T11:38:53","slug":"echafaudeur","status":"publish","type":"page","link":"https:\/\/kursy-udt.pl\/fr\/szkolenia\/montazysta-rusztowan\/","title":{"rendered":"Cours professionnel de monteur d&#039;\u00e9chafaudages ERGON"},"content":{"rendered":"<p>La formation est consacr\u00e9e \u00e0 tous les aspects du m\u00e9tier d'\u00e9chafaudeur m\u00e9tallique. Pour travailler \u00e0 ce poste, vous devrez obtenir un dipl\u00f4me de l'enseignement sup\u00e9rieur. <a href=\"https:\/\/kursy-udt.pl\/fr\/uprawnienia-udt\/kategorie-uprawnien-2\/\">droits<\/a> La qualification de monteur d'\u00e9chafaudage, qui n'est d\u00e9livr\u00e9e qu'apr\u00e8s avoir pass\u00e9 un examen devant une commission d\u00e9sign\u00e9e par l'Institut de la construction m\u00e9canis\u00e9e et de l'exploitation des roches. Une personne poss\u00e9dant la qualification requise peut devenir un ouvrier du b\u00e2timent charg\u00e9 de pr\u00e9parer le site pour la construction de la structure, de choisir les \u00e9l\u00e9ments auxiliaires et d'installer l'\u00e9chafaudage lui-m\u00eame - le monteur d'\u00e9chafaudage. Faites-nous confiance, il ne sera pas difficile de passer l'examen d'\u00c9tat !\u00a0<\/p>\n\n\n\n<figure class=\"wp-block-video\"><video controls src=\"https:\/\/kursy-udt.pl\/wp-content\/uploads\/2023\/02\/ACCEPTED-montazysta-rusztowan-4K-kursy-udt.mp4\"><\/video><\/figure>\n\n\n\n<h2 class=\"wp-block-heading\">Pr\u00e9requis n\u00e9cessaires pour commencer le cours&nbsp;<\/h2>\n\n\n\n<p>L&#039;autorisation d&#039;installer un \u00e9chafaudage de b\u00e2timent peut \u00eatre obtenue par une personne qui :&nbsp;<\/p>\n\n\n\n<ul class=\"wp-block-list\">\n<li>est \u00e2g\u00e9 de plus de 18 ans,&nbsp;<\/li>\n\n\n\n<li>poss\u00e8de un minimum d'\u00e9ducation de base,&nbsp;<\/li>\n\n\n\n<li>est titulaire d'un certificat m\u00e9dical valide pour travailler \u00e0 une hauteur sup\u00e9rieure \u00e0 3 m\u00e8tres.&nbsp;<\/li>\n<\/ul>\n\n\n\n<h2 class=\"wp-block-heading\">Crit\u00e8res suppl\u00e9mentaires&nbsp;<\/h2>\n\n\n\n<p>La personne qui souhaite occuper ce poste ne doit pas avoir le vertige - c'est la premi\u00e8re condition, et probablement la plus importante, car le travail s'effectue \u00e0 des hauteurs consid\u00e9rables, principalement \u00e0 l'ext\u00e9rieur, bien qu'il y ait des missions occasionnelles \u00e0 l'int\u00e9rieur de grands b\u00e2timents. Une autre comp\u00e9tence requise est la lecture de plans techniques. Un bon monteur se caract\u00e9rise par sa conscience professionnelle, sa pr\u00e9cision et sa capacit\u00e9 \u00e0 travailler en \u00e9quipe. Il doit \u00eatre conscient que ses actions affectent la s\u00e9curit\u00e9 de nombreuses personnes autour de l'\u00e9chafaudage.&nbsp;<\/p>\n\n\n\n<h2 class=\"wp-block-heading\">La port\u00e9e th\u00e9matique du cours&nbsp;<\/h2>\n\n\n\n<p>Le cours offert par ERGON fournit des connaissances sur:&nbsp;<\/p>\n\n\n\n<ul class=\"wp-block-list\">\n<li>r\u00e8glements <a href=\"https:\/\/kursy-udt.pl\/fr\/szkolenia\/bhp-bezpieczenstwo-pracy\/prawna-ochrona-pracy\/\">Sant\u00e9 et s\u00e9curit\u00e9<\/a> li\u00e9s au montage et \u00e0 l'utilisation des \u00e9chafaudages ;&nbsp;<\/li>\n\n\n\n<li>cr\u00e9er la documentation technique;&nbsp;<\/li>\n\n\n\n<li>mani\u00e8res de pr\u00e9parer le site pour l&#039;installation\u00a0;&nbsp;<\/li>\n\n\n\n<li>r\u00e8gles pour la construction d'\u00e9chafaudages en tubes de syst\u00e8me et en acier ;\u00a0<\/li>\n\n\n\n<li>technologies utilis\u00e9es dans l&#039;assemblage;&nbsp;<\/li>\n\n\n\n<li>m\u00e9thodes de contr\u00f4le de l&#039;\u00e9tat technique\u00a0;&nbsp;<\/li>\n\n\n\n<li>comment d\u00e9monter un \u00e9chafaudage en toute s\u00e9curit\u00e9.&nbsp;<\/li>\n<\/ul>\n\n\n\n<h2 class=\"wp-block-heading\">Qualifications de monteur d&#039;\u00e9chafaudages&nbsp;<\/h2>\n\n\n\n<p><a href=\"https:\/\/kursy-udt.pl\/fr\/o-firmie\/\">Centre de formation du personnel ERGON<\/a> est accr\u00e9dit\u00e9 par l'Institute of Mechanised Construction and Rock Mining pour dispenser une formation professionnelle compl\u00e8te de monteur d'\u00e9chafaudages m\u00e9talliques. Une fois que vous aurez r\u00e9ussi l'examen d'\u00c9tat, vous recevrez un certificat et une inscription dans le livret de conducteur d'engins de chantier.\u00a0<\/p>\n\n\n\n<h2 class=\"wp-block-heading\">Bon \u00e0 savoir&nbsp;<\/h2>\n\n\n<div class=\"wp-block-image\">\n<figure class=\"alignright size-large is-resized\"><img loading=\"lazy\" decoding=\"async\" src=\"https:\/\/kursy-udt.pl\/wp-content\/uploads\/2022\/06\/vysh56.jpg\" alt=\"travaux de construction\" width=\"264\" height=\"408\"\/><\/figure>\n<\/div>\n\n\n<p>Les \u00e9chafaudages ne sont pas seulement utilis\u00e9s dans les travaux de construction ou de r\u00e9novation, mais aussi lors de concerts et d'\u00e9v\u00e9nements - la sc\u00e8ne est aussi l'\u00e9clairage appropri\u00e9 et les effets visuels qui sont install\u00e9s en hauteur. Nous pouvons donc conclure qu'un monteur d'\u00e9chafaudages trouvera du travail dans presque toutes les r\u00e9gions de Pologne, alors n'attendez pas et inscrivez-vous \u00e0 une formation d\u00e8s aujourd'hui.\u00a0<\/p>\n\n\n\n<h2 class=\"wp-block-heading\">Pourquoi cela vaut-il la peine de devenir monteur d&#039;\u00e9chafaudages ?&nbsp;<\/h2>\n\n\n\n<p>Le m\u00e9tier de monteur d&#039;\u00e9chafaudages garantit une recherche d&#039;emploi facile et rapide, m\u00eame \u00e0 l&#039;\u00e9tranger. Les personnes ayant des qualifications sp\u00e9cialis\u00e9es ne peuvent pas se plaindre du manque d&#039;offres d&#039;emploi. L&#039;industrie polonaise de la construction est en constante \u00e9volution, c&#039;est pourquoi les opportunit\u00e9s d&#039;emploi en tant qu&#039;installateur ne manquent pas.&nbsp;<\/p>\n\n\n\n<h2 class=\"wp-block-heading\">Combien gagne un monteur d&#039;\u00e9chafaudages ?&nbsp;<\/h2>\n\n\n\n<p>Les revenus d'un \u00e9chafaudeur en Pologne peuvent \u00eatre qualifi\u00e9s de bons. \u00c0 l'\u00e9tranger, par exemple en Allemagne ou en France, un \u00e9chafaudeur peut esp\u00e9rer gagner deux fois plus. Toutefois, il convient de rappeler que plus le travailleur est exp\u00e9riment\u00e9 et form\u00e9, plus le taux horaire est \u00e9lev\u00e9.&nbsp;<strong>&nbsp;<\/strong>&nbsp;<\/p>\n\n\n\n<h2 class=\"wp-block-heading\">Fonctions d'un \u00e9chafaudeur pour les travaux de construction et de b\u00e2timent\u00a0<\/h2>\n\n\n\n<p>Les t\u00e2ches principales sont :&nbsp;<\/p>\n\n\n\n<ul class=\"wp-block-list\">\n<li>la s\u00e9lection des \u00e9l\u00e9ments de la construction pr\u00e9vue et la v\u00e9rification de leur qualit\u00e9,&nbsp;<\/li>\n\n\n\n<li>la pr\u00e9paration du site pour l'installation,&nbsp;<\/li>\n\n\n\n<li>monter et d\u00e9monter des \u00e9chafaudages de b\u00e2timent en respectant les r\u00e8gles de s\u00e9curit\u00e9 n\u00e9cessaires,&nbsp;<\/li>\n\n\n\n<li>la lecture de plans techniques,&nbsp;<\/li>\n\n\n\n<li>des travaux annexes.&nbsp;<\/li>\n<\/ul>\n\n\n\n<h2 class=\"wp-block-heading\">Conditions pour un montage professionnel&nbsp;<\/h2>\n\n\n\n<p>Avant le d\u00e9but des travaux sur l'\u00e9chafaudage, la construction doit \u00eatre approuv\u00e9e par le chef de chantier ou une autre personne d\u00e9sign\u00e9e et autoris\u00e9e, ce qui doit \u00eatre confirm\u00e9 par une inscription dans le registre du chantier. Pour s'assurer que l'installation mont\u00e9e r\u00e9pond aux normes de s\u00e9curit\u00e9, il est important de ne pas oublier :&nbsp;<\/p>\n\n\n\n<ul class=\"wp-block-list\">\n<li>montage de l&#039;\u00e9chafaudage conform\u00e9ment aux exigences sp\u00e9cifi\u00e9es dans les instructions du fabricant ou dans un projet individuel\u00a0;&nbsp;<\/li>\n\n\n\n<li>inspection de l&#039;\u00e9tat technique m\u00eame du plus petit \u00e9l\u00e9ment - une tige d\u00e9form\u00e9e ou pli\u00e9e ou un \u00e9l\u00e9ment recouvert de rouille ne peut pas \u00eatre utilis\u00e9;&nbsp;<\/li>\n\n\n\n<li>s\u00e9curiser l&#039;installation en l&#039;ancrant au b\u00e2timent et en la mettant \u00e0 la terre.&nbsp;<\/li>\n<\/ul>\n\n\n\n<h2 class=\"wp-block-heading\">Lieu de formation&nbsp;<\/h2>\n\n\n\n<p>Les cours de formation d'\u00e9chafaudeurs se d\u00e9roulent dans divers endroits du pays - nous organisons des formations, entre autres, \u00e0 Varsovie, Cracovie, Katowice, Gdansk, Wroclaw, Poznan, Rzeszow, Lublin, Lodz et Bielsko-Biala. Nous proposons \u00e9galement des formations \u00e0 huis clos, qui se d\u00e9roulent dans un lieu qui convient au client, sur accord pr\u00e9alable.\u00a0<\/p>\n\n\n\n<h2 class=\"wp-block-heading\">Prix&nbsp;<\/h2>\n\n\n\n<p>Chez ERGON, nous vous garantissons une approche professionnelle et un prix raisonnable. Nous avons pr\u00e9vu des r\u00e9ductions prometteuses pour les groupes plus importants. Pour plus d'informations sur les prix, veuillez contacter <a href=\"https:\/\/kursy-udt.pl\/fr\/kontakt\/\">nous contacter<\/a> par t\u00e9l\u00e9phone.&nbsp;<\/p>\n\n\n\n<figure class=\"wp-block-image size-large is-resized\"><img loading=\"lazy\" decoding=\"async\" src=\"https:\/\/kursy-udt.pl\/wp-content\/uploads\/2022\/06\/Ramnye-stroitelnye-lesa.jpg\" alt=\"monteur d&#039;\u00e9chafaudages\" width=\"765\" height=\"510\"\/><\/figure>\n\n\n\n<h2 class=\"wp-block-heading\">Pourquoi vaut-il la peine de s&#039;entra\u00eener avec ERGON ?&nbsp;<\/h2>\n\n\n\n<p>En suivant la formation que nous organisons, vous pouvez acqu\u00e9rir les connaissances n\u00e9cessaires pour monter un \u00e9chafaudage de mani\u00e8re autonome et en toute s\u00e9curit\u00e9. Le cours que nous proposons offre une pr\u00e9paration th\u00e9orique et pratique au travail. Pendant la formation, nous mettons l'accent sur la qualification compl\u00e8te de nos stagiaires. Dans le secteur de la construction, les r\u00e8gles de s\u00e9curit\u00e9 sont de plus en plus strictes, ce qui se traduit par une demande croissante de sp\u00e9cialistes disposant des permis et autorisations n\u00e9cessaires. Pour exercer l\u00e9galement cette profession, vous devez disposer d'une qualification approuv\u00e9e par les institutions pr\u00e9vues \u00e0 cet effet. Les \u00e9chafaudeurs qui ont suivi un cours de montage d'\u00e9chafaudages re\u00e7oivent un certificat de fin d'\u00e9tudes, un permis d'\u00c9tat apr\u00e8s avoir pass\u00e9 un examen et une inscription dans le carnet d'op\u00e9rateur, qui confirme qu'ils sont qualifi\u00e9s pour travailler en tant qu'\u00e9chafaudeurs.&nbsp;<\/p>\n\n\n\n<p>En outre, nous proposons des cours pour les op\u00e9rateurs et la maintenance des machines UDT, ainsi que des formations en mati\u00e8re de sant\u00e9 et de s\u00e9curit\u00e9 au travail et de s\u00e9curit\u00e9 incendie.&nbsp;<\/p>","protected":false},"excerpt":{"rendered":"<p>Szkolenie po\u015bwi\u0119cone jest wszystkim aspektom pracy montera rusztowa\u0144 metalowych. By podj\u0105\u0107 prac\u0119 na tym stanowisku, nale\u017cy zdoby\u0107 oficjalne uprawnienia montera rusztowa\u0144, kt\u00f3re wydawane s\u0105 jedynie po zdaniu egzaminu przed komisj\u0105 powo\u0142an\u0105 przez Instytut Mechanizacji Budownictwa i G\u00f3rnictwa Skalnego. Osoba z odpowiednimi uprawnieniami mo\u017ce zosta\u0107 pracownikiem budowlanym odpowiedzialnym za przygotowanie terenu pod budow\u0119 konstrukcji, wyb\u00f3r element\u00f3w pomocniczych oraz sam\u0105 instalacj\u0119 rusztowa\u0144 \u2013 monterem rusztowa\u0144. Zaufaj nam, a zdanie egzaminu pa\u0144stwowego nie b\u0119dzie trudne!\u00a0 Wymagania wst\u0119pne potrzebne do rozpocz\u0119cia kursu&nbsp; Uprawnienia do monta\u017cu rusztowa\u0144 budowlanych mo\u017ce uzyska\u0107 osoba, kt\u00f3ra:&nbsp; Dodatkowe kryteria&nbsp; Osoba chc\u0105ca rozpocz\u0105\u0107 prac\u0119 na tym stanowisku nie mo\u017ce mie\u0107 l\u0119ku wysoko\u015bci \u2013 jest to pierwszy i chyba najwa\u017cniejszy warunek, poniewa\u017c praca odbywa si\u0119 na znacznych wysoko\u015bciach g\u0142\u00f3wnie na zewn\u0105trz, cho\u0107 zdarzaj\u0105 si\u0119 zlecenia wewn\u0105trz wysokich budynk\u00f3w. Kolejn\u0105 wymagan\u0105 umiej\u0119tno\u015bci\u0105 jest czytanie plan\u00f3w technicznych. Dobry monter charakteryzuje si\u0119 sumienno\u015bci\u0105, dok\u0142adno\u015bci\u0105 oraz umiej\u0119tno\u015bci\u0105 pracy w zespole \u2013 taka osoba musi by\u0107 \u015bwiadoma, \u017ce jej dzia\u0142anie rzutuje na bezpiecze\u0144stwo wielu os\u00f3b w otoczeniu rusztowa\u0144.&nbsp; Zakres tematyczny kursu&nbsp; Oferowany przez ERGON kurs zapewnia zdobycie wiedzy o:&nbsp; Uprawnienia montera rusztowa\u0144&nbsp; O\u015brodek Doskonalenia Kadr ERGON posiada akredytacj\u0119 Instytutu Mechanizacji Budownictwa i G\u00f3rnictwa Skalnego na prowadzenie wszechstronnego kursu zawodowego dla monta\u017cyst\u00f3w metalowych rusztowa\u0144 budowlano\u2013monta\u017cowych. Po uzyskaniu pozytywnej oceny z egzaminu pa\u0144stwowego, otrzymuje si\u0119 \u015bwiadectwo oraz wpis do Ksi\u0105\u017ceczki Operatora Maszyn Roboczych.\u00a0 Warto wiedzie\u0107&nbsp; Rusztowania maj\u0105 zastosowanie nie tylko w pracach budowlanych czy renowacyjnych, ale wykorzystuje si\u0119 je r\u00f3wnie\u017c na koncertach i imprezach \u2013 scena to tak\u017ce odpowiednie o\u015bwietlenie i efekty wizualne, kt\u00f3re instaluje si\u0119 na wysoko\u015bciach. Mo\u017cemy wi\u0119c stwierdzi\u0107, \u017ce monta\u017cysta rusztowa\u0144 [&hellip;]<\/p>\n","protected":false},"author":6,"featured_media":3916,"parent":65,"menu_order":0,"comment_status":"closed","ping_status":"closed","template":"","meta":{"sfsi_plus_gutenberg_text_before_share":"","sfsi_plus_gutenberg_show_text_before_share":"","sfsi_plus_gutenberg_icon_type":"","sfsi_plus_gutenberg_icon_alignemt":"","sfsi_plus_gutenburg_max_per_row":"","footnotes":""},"class_list":["post-3915","page","type-page","status-publish","has-post-thumbnail","hentry","has_thumb"],"aioseo_notices":[],"_links":{"self":[{"href":"https:\/\/kursy-udt.pl\/fr\/wp-json\/wp\/v2\/pages\/3915","targetHints":{"allow":["GET"]}}],"collection":[{"href":"https:\/\/kursy-udt.pl\/fr\/wp-json\/wp\/v2\/pages"}],"about":[{"href":"https:\/\/kursy-udt.pl\/fr\/wp-json\/wp\/v2\/types\/page"}],"author":[{"embeddable":true,"href":"https:\/\/kursy-udt.pl\/fr\/wp-json\/wp\/v2\/users\/6"}],"replies":[{"embeddable":true,"href":"https:\/\/kursy-udt.pl\/fr\/wp-json\/wp\/v2\/comments?post=3915"}],"version-history":[{"count":5,"href":"https:\/\/kursy-udt.pl\/fr\/wp-json\/wp\/v2\/pages\/3915\/revisions"}],"predecessor-version":[{"id":5524,"href":"https:\/\/kursy-udt.pl\/fr\/wp-json\/wp\/v2\/pages\/3915\/revisions\/5524"}],"up":[{"embeddable":true,"href":"https:\/\/kursy-udt.pl\/fr\/wp-json\/wp\/v2\/pages\/65"}],"wp:featuredmedia":[{"embeddable":true,"href":"https:\/\/kursy-udt.pl\/fr\/wp-json\/wp\/v2\/media\/3916"}],"wp:attachment":[{"href":"https:\/\/kursy-udt.pl\/fr\/wp-json\/wp\/v2\/media?parent=3915"}],"curies":[{"name":"wp","href":"https:\/\/api.w.org\/{rel}","templated":true}]}}