{"id":3901,"date":"2022-06-23T11:23:55","date_gmt":"2022-06-23T11:23:55","guid":{"rendered":"https:\/\/kursy-udt.pl\/?page_id=3901"},"modified":"2023-03-21T11:37:20","modified_gmt":"2023-03-21T10:37:20","slug":"greeur-de-crochets","status":"publish","type":"page","link":"https:\/\/kursy-udt.pl\/fr\/szkolenia\/udt-wdt-tdt\/rigger-hakowy\/","title":{"rendered":"Un cours sp\u00e9cialis\u00e9 de gr\u00e9eur \u00e0 l&#039;hame\u00e7on \u00e0 un prix attractif"},"content":{"rendered":"<p><a href=\"https:\/\/kursy-udt.pl\/fr\/o-firmie\/\">Centre de formation du personnel ERGON<\/a> vous invite \u00e0 participer \u00e0 une formation de gr\u00e9eur de crochets pour acqu\u00e9rir de nouvelles qualifications et <a href=\"https:\/\/kursy-udt.pl\/fr\/uprawnienia-udt\/kategorie-uprawnien-2\/\">droits<\/a> et d'am\u00e9liorer votre employabilit\u00e9. Le cours que nous proposons vous permettra d'\u00eatre employ\u00e9 dans les services de maintenance des \u00e9quipements de manutention, les entreprises de transport de marchandises, les chantiers navals ou les ports.&nbsp;<strong>&nbsp;<\/strong>&nbsp;<\/p>\n\n\n\n<figure class=\"wp-block-image size-large is-resized\"><img loading=\"lazy\" decoding=\"async\" src=\"https:\/\/kursy-udt.pl\/wp-content\/uploads\/2022\/06\/1596470169487_mammoet-canada_picture.jpg\" alt=\"le crochet envoie un signal au grutier\" width=\"742\" height=\"588\"\/><\/figure>\n\n\n\n<h2 class=\"wp-block-heading\">Le but du cours de gr\u00e9eur \u00e0 crochet&nbsp;<\/h2>\n\n\n\n<p>Les participants \u00e0 la formation acquerront les connaissances th\u00e9oriques et pratiques n\u00e9cessaires \u00e0 la s\u00e9curisation des charges et \u00e0 la coop\u00e9ration avec les op\u00e9rateurs d&#039;appareils de levage dans le domaine de la pr\u00e9paration des charges pour le chargement ou le d\u00e9chargement. Les stagiaires apprendront les diff\u00e9rents types d&#039;\u00e9lingues et de mat\u00e9riel de levage ainsi que les r\u00e8gles de s\u00e9curit\u00e9 en vigueur lors de leur utilisation.&nbsp;<\/p>\n\n\n\n<h2 class=\"wp-block-heading\">A qui s&#039;adresse le cours ?&nbsp;&nbsp;<\/h2>\n\n\n\n<p>La participation \u00e0 notre formation s'adresse aux adultes disposant d'un certificat m\u00e9dical de non contre-indication \u00e0 l'exercice de cette fonction. Nous recommandons cette formation au personnel de maintenance des entreprises utilisant des engins de manutention, aux employ\u00e9s des entreprises de transport de marchandises et aux autres personnes qui ont besoin d'\u00eatre qualifi\u00e9es dans la conduite d'engins de levage, de grues, de palans et d'\u00e9lingues.&nbsp;&nbsp;&nbsp;<\/p>\n\n\n\n<h2 class=\"wp-block-heading\">Programme de formation&nbsp;<\/h2>\n\n\n\n<p>Le cours de gr\u00e9eur \u00e0 crochet couvre le fonctionnement de l&#039;\u00e9quipement destin\u00e9 au transport de marchandises. Probl\u00e8mes de formation\u00a0:&nbsp;<\/p>\n\n\n\n<ul class=\"wp-block-list\">\n<li>les \u00e9quipements tels que les grues, les ponts roulants, les grues,&nbsp;<\/li>\n\n\n\n<li>caract\u00e9ristiques des grues et des \u00e9lingues,&nbsp;<\/li>\n\n\n\n<li>d\u00e9terminer la masse et le centre de gravit\u00e9 des marchandises,&nbsp;<\/li>\n\n\n\n<li>les r\u00e8gles d&#039;accrochage et de d\u00e9pose des charges,&nbsp;<\/li>\n\n\n\n<li>fonctionnement des engins de levage,&nbsp;<\/li>\n\n\n\n<li>les r\u00e8gles de s\u00e9curit\u00e9 applicables.&nbsp;<\/li>\n<\/ul>\n\n\n\n<p>\u00c0 l'issue de la formation, le stagiaire poss\u00e8de des connaissances pratiques et th\u00e9oriques compl\u00e8tes sur le fonctionnement des crochets et autres \u00e9lingues. Le sp\u00e9cialiste qui occupe ce poste conna\u00eet les caract\u00e9ristiques des diff\u00e9rents \u00e9l\u00e9ments de la grue et est capable d'adapter l'accessoire au mat\u00e9riel transport\u00e9. Il utilise et inspecte l'\u00e9quipement en toute s\u00e9curit\u00e9.&nbsp;<\/p>\n\n\n\n<figure class=\"wp-block-image size-large is-resized\"><img loading=\"lazy\" decoding=\"async\" src=\"https:\/\/kursy-udt.pl\/wp-content\/uploads\/2022\/06\/20190220-Crane-Operation-Rigging-and-Construction-Techniques-0027.jpg\" alt=\"\u00e9lingue v\u00e9rifi\u00e9e par le gr\u00e9eur\" width=\"763\" height=\"382\"\/><\/figure>\n\n\n\n<h2 class=\"wp-block-heading\">Droits&nbsp;<\/h2>\n\n\n\n<p>Le cours se termine par un examen visant \u00e0 tester les connaissances acquises. Apr\u00e8s un r\u00e9sultat positif, les \u00e9tudiants re\u00e7oivent un certificat d\u00e9livr\u00e9 sur la base du \u00a7 18 du r\u00e8glement du ministre de l'\u00e9ducation nationale du 18 ao\u00fbt 2017 relatif \u00e0 la formation continue sous des formes non scolaires (Journal officiel, point 1632).&nbsp;<\/p>\n\n\n\n<h2 class=\"wp-block-heading\">Qu&#039;est-ce qu&#039;un gr\u00e9eur \u00e0 crochet?&nbsp;<\/h2>\n\n\n\n<p>La personne occupant ce poste s&#039;occupe de la manutention des charges et du placement des engins lourds qui servent \u00e0 cela. Le gr\u00e9eur \u00e0 crochet attache ou d\u00e9tache des objets de chargement aux grues \u00e0 l&#039;aide de cordes, de cha\u00eenes, de manilles, de pinces ou de sangles. A cet effet, il utilise des treuils, des v\u00e9rins, des poulies et autres dispositifs similaires.&nbsp;&nbsp;&nbsp;<\/p>\n\n\n\n<h2 class=\"wp-block-heading\">Fonctions de crochet&nbsp;<\/h2>\n\n\n\n<p>La personne qui occupe ce poste est responsable de la s\u00e9lection de l'\u00e9quipement de levage et des accessoires appropri\u00e9s, de la pr\u00e9paration de la charge pour le chargement ou le d\u00e9chargement conform\u00e9ment \u00e0 la r\u00e9glementation. <a href=\"https:\/\/kursy-udt.pl\/fr\/szkolenia\/bhp-bezpieczenstwo-pracy\/prawna-ochrona-pracy\/\">Sant\u00e9 et s\u00e9curit\u00e9<\/a> et coop\u00e9rer avec le grutier. Un employ\u00e9 exer\u00e7ant les activit\u00e9s d'un gr\u00e9eur \u00e0 crochet doit :&nbsp;<\/p>\n\n\n\n<ul class=\"wp-block-list\">\n<li>conna\u00eetre les r\u00e8gles de s\u00e9curit\u00e9 du transport vertical des mat\u00e9riaux,&nbsp;<\/li>\n\n\n\n<li>conna\u00eetre les m\u00e9thodes d&#039;utilisation s\u00e9curitaire des \u00e9lingues cordes et cha\u00eenes et des dispositifs auxiliaires,&nbsp;<\/li>\n\n\n\n<li>avoir la capacit\u00e9 de communiquer avec l&#039;op\u00e9rateur de la grue ou de la grue par des signes contractuels.&nbsp;<\/li>\n<\/ul>\n\n\n\n<p>Avant de commencer le travail, un gr\u00e9eur \u00e0 crochet doit\u00a0:&nbsp;<\/p>\n\n\n\n<ul class=\"wp-block-list\">\n<li>se familiariser avec la charge,&nbsp;<\/li>\n\n\n\n<li>d\u00e9terminer la masse, le centre de gravit\u00e9 et la duret\u00e9 de la marchandise,&nbsp;<\/li>\n\n\n\n<li>conna\u00eetre la force et la direction du vent,&nbsp;<\/li>\n\n\n\n<li>pr\u00e9parer un plan de travail,&nbsp;<\/li>\n\n\n\n<li>choisir les harnais et les accessoires,&nbsp;<\/li>\n\n\n\n<li>pr\u00e9parer les cordes et autres outils n\u00e9cessaires au travail,&nbsp;<\/li>\n\n\n\n<li>d\u00e9terminer la m\u00e9thode d'empilage et pr\u00e9parer la zone de d\u00e9chargement.&nbsp;<\/li>\n<\/ul>\n\n\n\n<h2 class=\"wp-block-heading\">Opportunit\u00e9s professionnelles&nbsp;<\/h2>\n\n\n\n<p>Les travailleurs de ce type peuvent \u00eatre amen\u00e9s \u00e0 transporter du mat\u00e9riel lourd et sp\u00e9cialis\u00e9. Outre les grues, le gr\u00e9eur \u00e0 crochet utilise du mat\u00e9riel de transport de gr\u00e9ement, de sorte que les personnes exer\u00e7ant cette profession sont le plus souvent recherch\u00e9es dans les chantiers navals et les ports.&nbsp;<strong>&nbsp;<\/strong>&nbsp;<\/p>\n\n\n\n<figure class=\"wp-block-image size-large is-resized\"><img loading=\"lazy\" decoding=\"async\" src=\"https:\/\/kursy-udt.pl\/wp-content\/uploads\/2022\/06\/platformaedukacji.pl-Assembling_a_crane_in_the-city_of_Tempe_6-2.jpg\" alt=\"manilles - applications de transport\" width=\"772\" height=\"483\"\/><\/figure>\n\n\n\n<h2 class=\"wp-block-heading\">Types d&#039;\u00e9lingues et accessoires de levage&nbsp;<\/h2>\n\n\n\n<p>Une structure utilis\u00e9e pour d\u00e9placer, d\u00e9placer, soulever des charges lourdes, que nous appelons g\u00e9n\u00e9ralement \u00e0 tort une grue, peut \u00eatre divis\u00e9e en grues, palans, ponts roulants ou ponts roulants. Ces dispositifs remplissent leur fonction principalement gr\u00e2ce \u00e0 l'utilisation d'\u00e9lingues de grue, con\u00e7ues pour attacher, soutenir et suspendre la charge soulev\u00e9e. Un syst\u00e8me utilisant des \u00e9lingues en sangle, en c\u00e2ble et en cha\u00eene est appel\u00e9 syst\u00e8me \u00e0 cordes. Les syst\u00e8mes sp\u00e9ciaux, comme leur nom l'indique, sont con\u00e7us pour r\u00e9pondre aux besoins sp\u00e9cifiques des charges individuelles, et nous pouvons inclure des pinces pour les mat\u00e9riaux de forme irr\u00e9guli\u00e8re. Le processus de levage, de d\u00e9placement ou de transfert de charges n\u00e9cessite l'utilisation d'accessoires de levage - c'est le cas pour le transport de pi\u00e8ces tr\u00e8s longues ou de charges extr\u00eamement lourdes. Dans ce cas, des traverses, des poulies, des manilles, des crochets, des c\u00e2bles, des tendeurs et d'autres syst\u00e8mes d'arrimage sont utilis\u00e9s pour permettre \u00e0 la charge d'\u00eatre d\u00e9plac\u00e9e en toute s\u00e9curit\u00e9.&nbsp;&nbsp;&nbsp;<\/p>\n\n\n\n<h2 class=\"wp-block-heading\">Lors des travaux de transport, il est interdit de :&nbsp;<\/h2>\n\n\n\n<ul class=\"wp-block-list\">\n<li>d\u00e9placer des charges sur des personnes,&nbsp;<\/li>\n\n\n\n<li>quitter votre lieu de travail ou confier votre fonction \u00e0 une autre personne,&nbsp;<\/li>\n\n\n\n<li>soulever des charges non suspendues au sol, enfonc\u00e9es, gel\u00e9es,&nbsp;<\/li>\n\n\n\n<li>soulever des marchandises de poids ind\u00e9fini,&nbsp;<\/li>\n\n\n\n<li>d\u00e9placer des charges lorsque l&#039;\u00e9lingue est en position oblique,&nbsp;<\/li>\n\n\n\n<li>\u00e9tant sous la charge transport\u00e9e,&nbsp;<\/li>\n\n\n\n<li>saisir l&#039;\u00e9lingue de travail et ses \u00e9l\u00e9ments avec les mains,&nbsp;<\/li>\n\n\n\n<li>laisser une charge suspendue sans surveillance,&nbsp;<\/li>\n\n\n\n<li>laisser le harnais dans un endroit o\u00f9 il pourrait \u00eatre endommag\u00e9.&nbsp;<\/li>\n<\/ul>\n\n\n\n<h2 class=\"wp-block-heading\">Pourquoi vaut-il la peine de s&#039;entra\u00eener avec nous?&nbsp;<\/h2>\n\n\n\n<p>Le cours que nous proposons offre une pr\u00e9paration th\u00e9orique et pratique au travail de gr\u00e9eur de crochets. Pendant la formation, nous mettons l'accent sur la qualification compl\u00e8te de nos stagiaires. Le personnel de formation est compos\u00e9 de sp\u00e9cialistes et d'employ\u00e9s qualifi\u00e9s issus des principales entreprises de manutention de charges. En suivant notre formation, vous acquerrez les connaissances et les comp\u00e9tences n\u00e9cessaires pour effectuer des op\u00e9rations de chargement et de d\u00e9chargement de mat\u00e9riaux de mani\u00e8re autonome et en toute s\u00e9curit\u00e9.&nbsp;&nbsp;<\/p>\n\n\n\n<p><strong>Si vous avez des questions sur notre offre <a href=\"https:\/\/kursy-udt.pl\/fr\/kontakt\/\">Contactez nous s&#039;il vous plait<\/a> - notre personnel se fera un plaisir de vous aider \u00e0 clarifier vos doutes. Nous vous encourageons \u00e0 choisir nos services ! L'\u00e9quipe ODK ERGON<\/strong>&nbsp;<\/p>\n\n\n\n<figure class=\"wp-block-image size-large is-resized\"><img loading=\"lazy\" decoding=\"async\" src=\"https:\/\/kursy-udt.pl\/wp-content\/uploads\/2022\/12\/55-hakowy-sygnlista-kursy-udt.pl_.png\" alt=\"Cours ERGON\" width=\"761\" height=\"476\"\/><\/figure>","protected":false},"excerpt":{"rendered":"<p>O\u015brodek Doskonalenia Kadr ERGON zaprasza do udzia\u0142u w szkoleniu na stanowisko riggera hakowego, kt\u00f3re pozwala naby\u0107 nowe kwalifikacje i uprawnienia oraz zwi\u0119kszy\u0107 szanse na rynku pracy. Oferowany przez nas kurs umo\u017cliwi Ci zatrudnienie w s\u0142u\u017cbie utrzymania ruchu przy obs\u0142udze urz\u0105dze\u0144 transportu bliskiego, przedsi\u0119biorstwach \u015bwiadcz\u0105cych transport \u0142adunk\u00f3w, stoczniach lub portach.&nbsp;&nbsp;&nbsp; Cel kursu na riggera hakowego&nbsp; Uczestnicy szkolenia zdob\u0119d\u0105 teoretyczn\u0105 i praktyczn\u0105 wiedz\u0119 niezb\u0119dn\u0105 do bezpiecznego mocowania \u0142adunk\u00f3w oraz wsp\u00f3\u0142pracy z operatorami urz\u0105dze\u0144 d\u017awigowych w zakresie przygotowania \u0142adunk\u00f3w do za\u0142adunku lub roz\u0142adunku. Kursanci zapoznaj\u0105 si\u0119 z r\u00f3\u017cnymi typami zawiesi i osprz\u0119tu d\u017awigowego oraz przepisami bezpiecze\u0144stwa obowi\u0105zuj\u0105cymi w trakcie ich u\u017cytkowania.&nbsp; Dla kogo przeznaczony jest kurs?&nbsp;&nbsp; Udzia\u0142 w naszym kursie kierowany jest do os\u00f3b pe\u0142noletnich, kt\u00f3re posiadaj\u0105 za\u015bwiadczenie lekarskie o braku przeciwskaza\u0144 do pracy na tym stanowisku. Uczestnictwo w kursie zalecamy pracownikom s\u0142u\u017cby utrzymania ruchu w zak\u0142adach wykorzystuj\u0105cych urz\u0105dzenia transportu bliskiego, pracownikom przedsi\u0119biorstw \u015bwiadcz\u0105cych us\u0142ugi przewozu \u0142adunk\u00f3w oraz pozosta\u0142ym osobom, kt\u00f3re potrzebuj\u0105 uprawnie\u0144 z zakresu obs\u0142ugi wci\u0105gnik\u00f3w, suwnic, wci\u0105garek oraz zawiesi.&nbsp;&nbsp;&nbsp; Program szkolenia&nbsp; Kurs riggera hakowego obejmuje obs\u0142ug\u0119 urz\u0105dze\u0144 przeznaczonych do transportu \u0142adunk\u00f3w. Zagadnienia poruszane na szkoleniu:&nbsp; Po zako\u0144czonym szkoleniu kursant dysponuje kompleksow\u0105 wiedz\u0105 praktyczn\u0105 i teoretyczn\u0105 z zakresu obs\u0142ugi hak\u00f3w i innych zawiesi. Specjalista na tym stanowisku zna charakterystyk\u0119 poszczeg\u00f3lnych element\u00f3w d\u017awignic, potrafi dopasowa\u0107 osprz\u0119t do przewo\u017conego materia\u0142u. W bezpieczny spos\u00f3b eksploatuje i dokonuje przegl\u0105du obs\u0142ugiwanych urz\u0105dze\u0144.&nbsp; Uprawnienia&nbsp; Kurs zako\u0144czony jest egzaminem sprawdzaj\u0105cym zdobyt\u0105 wiedz\u0119. Po otrzymaniu pozytywnego wyniku, kursanci otrzymuj\u0105 za\u015bwiadczenie wydane na podstawie \u00a7 18 rozporz\u0105dzenia Ministra Edukacji Narodowej z dnia 18 sierpnia 2017 r. w sprawie kszta\u0142cenia ustawicznego w formach pozaszkolnych (Dz. U. poz. [&hellip;]<\/p>\n","protected":false},"author":6,"featured_media":3903,"parent":2721,"menu_order":0,"comment_status":"closed","ping_status":"closed","template":"","meta":{"sfsi_plus_gutenberg_text_before_share":"","sfsi_plus_gutenberg_show_text_before_share":"","sfsi_plus_gutenberg_icon_type":"","sfsi_plus_gutenberg_icon_alignemt":"","sfsi_plus_gutenburg_max_per_row":"","footnotes":""},"class_list":["post-3901","page","type-page","status-publish","has-post-thumbnail","hentry","has_thumb"],"aioseo_notices":[],"_links":{"self":[{"href":"https:\/\/kursy-udt.pl\/fr\/wp-json\/wp\/v2\/pages\/3901","targetHints":{"allow":["GET"]}}],"collection":[{"href":"https:\/\/kursy-udt.pl\/fr\/wp-json\/wp\/v2\/pages"}],"about":[{"href":"https:\/\/kursy-udt.pl\/fr\/wp-json\/wp\/v2\/types\/page"}],"author":[{"embeddable":true,"href":"https:\/\/kursy-udt.pl\/fr\/wp-json\/wp\/v2\/users\/6"}],"replies":[{"embeddable":true,"href":"https:\/\/kursy-udt.pl\/fr\/wp-json\/wp\/v2\/comments?post=3901"}],"version-history":[{"count":5,"href":"https:\/\/kursy-udt.pl\/fr\/wp-json\/wp\/v2\/pages\/3901\/revisions"}],"predecessor-version":[{"id":5591,"href":"https:\/\/kursy-udt.pl\/fr\/wp-json\/wp\/v2\/pages\/3901\/revisions\/5591"}],"up":[{"embeddable":true,"href":"https:\/\/kursy-udt.pl\/fr\/wp-json\/wp\/v2\/pages\/2721"}],"wp:featuredmedia":[{"embeddable":true,"href":"https:\/\/kursy-udt.pl\/fr\/wp-json\/wp\/v2\/media\/3903"}],"wp:attachment":[{"href":"https:\/\/kursy-udt.pl\/fr\/wp-json\/wp\/v2\/media?parent=3901"}],"curies":[{"name":"wp","href":"https:\/\/api.w.org\/{rel}","templated":true}]}}