{"id":389,"date":"2014-03-01T12:34:53","date_gmt":"2014-03-01T12:34:53","guid":{"rendered":"http:\/\/kursy-udt.kwiaty0.pl\/?page_id=389"},"modified":"2026-03-10T16:42:48","modified_gmt":"2026-03-10T15:42:48","slug":"liste-de-prix-2","status":"publish","type":"page","link":"https:\/\/kursy-udt.pl\/fr\/cennik\/","title":{"rendered":"Liste de prix"},"content":{"rendered":"<div class=\"wyjustuj\">\n<table border=\"1\" cellspacing=\"0\" cellpadding=\"7\">\n<tbody>\n<tr>\n<td bgcolor=\"#c6d9f1\">\n<p align=\"CENTER\"><b>Nom du cours - formation<\/b><br \/>\nL&#039;offre comprend le co\u00fbt de l&#039;examen de qualification<br \/>\ndevant la commission UDT<\/p>\n<\/td>\n<td colspan=\"1\" valign=\"TOP\" bgcolor=\"#c6d9f1\">\n<p align=\"CENTER\"><b>Le prix d\u00e9pend du nombre de personnes inscrites<br \/>\n<\/b>Les prix indiqu\u00e9s sont bruts ZW TVA<\/p>\n<\/td>\n<\/tr>\n<tr>\n<td bgcolor=\"#fde9d9\"><span style=\"text-decoration: underline;\">Un cours pour les chariots \u00e9l\u00e9vateurs<\/span> avec remplacement des bouteilles de gaz GPL - cat\u00e9gorie IIWJO<\/td>\n<td style=\"vertical-align: middle;\" rowspan=\"16\" bgcolor=\"#fde9d9\">\n<p align=\"CENTER\">1) <a href=\"https:\/\/platformaedukacji.pl\/panel\/login\/registered.php\">souscrire \/ payer en ligne <\/a><\/p>\n<p align=\"CENTER\">2) <a href=\"https:\/\/kursy-udt.pl\/fr\/demande-de-renseignements\/\" data-wplink-edit=\"true\">offre par e-mail <\/a><\/p>\n<p align=\"CENTER\">3) <a href=\"tel:+48222902909\">demander le prix en appelant la hotline<\/a><\/p>\n<p align=\"CENTER\">4) <span class=\"kontakttel\">Demandez \u00e0 \u00eatre contact\u00e9 par t\u00e9l\u00e9phone<\/span><\/p>\n<\/td>\n<\/tr>\n<tr>\n<td><span style=\"text-decoration: underline;\">Cours sp\u00e9cialis\u00e9 de chariot \u00e9l\u00e9vateur <\/span>- chariots \u00e9l\u00e9vateurs avec une cabine soulevant l&#039;op\u00e9rateur - cat\u00e9gorie IWJO<\/td>\n<\/tr>\n<tr>\n<td bgcolor=\"#fde9d9\"><span style=\"text-decoration: underline;\">Cours chargeurs t\u00e9lescopiques<\/span> - qualifications pour l&#039;op\u00e9rateur de chargeurs t\u00e9lescopiques (chariots \u00e9l\u00e9vateurs sp\u00e9cialis\u00e9s \u00e0 port\u00e9e variable) - cat\u00e9gorie IWJO<\/td>\n<\/tr>\n<tr>\n<td><span style=\"text-decoration: underline;\">Cours de service de plateforme mobile<\/span> - mobile lent : ciseaux, articul\u00e9, t\u00e9lescopique, transportable - cat\u00e9gorie IP<\/td>\n<\/tr>\n<tr>\n<td bgcolor=\"#fde9d9\"><span style=\"text-decoration: underline;\">Atelier sur les nacelles \u00e9l\u00e9vatrices<\/span> - exploitation de plates-formes mobiles mont\u00e9es sur v\u00e9hicules - cat\u00e9gorie IP<\/td>\n<\/tr>\n<tr>\n<td><span style=\"text-decoration: underline;\">Cours d&#039;entretien des plates-formes suspendues, m\u00e2t\u00e9es et fixes<\/span> - ne constituant pas une ligne technologique - cat\u00e9gorie IIP<\/td>\n<\/tr>\n<tr>\n<td bgcolor=\"#fde9d9\"><span style=\"text-decoration: underline;\">Cours de grutier HDS<\/span> - service de grues portatives et mobiles mont\u00e9es sur un ch\u00e2ssis de voiture HDS - cat. II\u017b<\/td>\n<\/tr>\n<tr>\n<td><span style=\"text-decoration: underline;\">Cours de maniement de grues, palans et treuils<\/span> - command\u00e9 depuis le niveau de travail - cat\u00e9gorie IIS<\/td>\n<\/tr>\n<tr>\n<td bgcolor=\"#fde9d9\"><span style=\"text-decoration: underline;\">Cours sur le fonctionnement des palans et des treuils<\/span> - op\u00e9rateur de palans et de treuils command\u00e9s depuis le niveau de travail, y compris cat IIW sans fil<\/td>\n<\/tr>\n<tr>\n<td><span style=\"text-decoration: underline;\">Cours d&#039;entretien des grues fixes<\/span> - licence d&#039;op\u00e9rateur de bossoirs fixes - d&#039;atelier, cat\u00e9gorie II\u017b<\/td>\n<\/tr>\n<tr>\n<td bgcolor=\"#fde9d9\"><span style=\"text-decoration: underline;\">Cours d&#039;utilisation des monte-charges et monte-personnes<\/span> - service de monte-charges avec contr\u00f4le interne et grues hospitali\u00e8res ou de construction d\u00e9livr\u00e9es devant l&#039;Office de l&#039;Inspection Technique (UDT) - Qualifications ID et IID.<\/td>\n<\/tr>\n<tr>\n<td><span style=\"text-decoration: underline;\">Cours de conducteur de grue mobile<\/span> - conduite de grues mobiles mont\u00e9es sur voitures<\/td>\n<\/tr>\n<tr>\n<td bgcolor=\"#fde9d9\"><span style=\"text-decoration: underline;\">Cours de grutier \u00e0 montage rapide <\/span> - I\u017b qualifications pour l&#039;op\u00e9rateur de grues command\u00e9es sans fil depuis le niveau de travail<\/td>\n<\/tr>\n<tr>\n<td><span style=\"text-decoration: underline;\">Cours d&#039;op\u00e9rateur de grue \u00e0 tour<\/span> - I\u017b qualifications pour un op\u00e9rateur de grues \u00e0 tour de construction de tout type (frais d&#039;assurance pour la formation pratique inclus dans le prix)<\/td>\n<\/tr>\n<tr>\n<td bgcolor=\"#fde9d9\"><span style=\"text-decoration: underline;\">Cours de conservateur<\/span> - Autorisations UDT pour la maintenance, la r\u00e9paration et l'entretien des \u00e9quipements de manutention soumis au contr\u00f4le technique, par exemple : chariots \u00e9l\u00e9vateurs \u00e0 fourche, grues, ponts roulants, plates-formes mobiles et autres.<\/td>\n<\/tr>\n<tr>\n<td><span style=\"text-decoration: underline;\">Hakowy et signaleur<\/span> - Exploitation en toute s\u00e9curit\u00e9 - manipulation des \u00e9lingues \u00e0 crochets \u00e0 usage g\u00e9n\u00e9ral et sp\u00e9cial - Grues ISO 23853\u00a0: 2018 - Formation des \u00e9lingueurs et des signaleurs.<\/td>\n<\/tr>\n<tr>\n<td bgcolor=\"#fde9d9\"><span style=\"text-decoration: underline;\">Entra\u00eenement en altitude<\/span> - Fonctionnement en toute s\u00e9curit\u00e9 - support de harnais, harnais industriels prot\u00e9geant contre les chutes lors de travaux en hauteur - BS8454 BS8454<\/td>\n<\/tr>\n<tr>\n<td colspan=\"5\" bgcolor=\"#c6d9f1\">\n<p align=\"CENTER\"><span style=\"font-size: small;\"><span style=\"font-weight: normal;\">L&#039;offre de prix ci-dessus ne constitue pas une offre au sens du Code civil en raison de<br \/>\nque chaque co\u00fbt de formation peut \u00eatre n\u00e9goci\u00e9 individuellement. <\/span><\/span><\/p>\n<\/td>\n<\/tr>\n<\/tbody>\n<\/table>\n<\/div>","protected":false},"excerpt":{"rendered":"<p>Nazwa kursu &#8211; szkolenia Oferta zawiera koszt egzaminu kwalifikacyjnego przed komisj\u0105 UDT Cena jest uzale\u017cniona od ilo\u015bci zg\u0142oszonych os\u00f3b Podane ceny to koszt Brutto ZW VAT Kurs na w\u00f3zki wid\u0142owe podno\u015bnikowe z wymian\u0105 butli gazowych LPG &#8211; kat. IIWJO 1) zapisz si\u0119 \/ zap\u0142a\u0107 on-lin 2) oferta na maila 3) zapytaj o cen\u0119 tel na infolinii 4) Popro\u015b o kontakt telefoniczny Kurs na w\u00f3zki wid\u0142owe specjalizowane &#8211; w\u00f3zki wid\u0142owe z kabin\u0105 unosz\u0105c\u0105 operatora &#8211; kat. IWJO Kurs na \u0142adowarki teleskopowe &#8211; uprawnienia na operatora \u0142adowarek teleskopowych (w\u00f3zk\u00f3w wid\u0142owych specjalizowanych ze zmiennym wysi\u0119giem) &#8211; kat. IWJO Kurs obs\u0142ugi podest\u00f3w ruchomych &#8211; przejezdnych wolnobie\u017cnych: no\u017cycowych, przegubowych, teleskopowych, przewo\u017anych \u2013 kat IP Kurs obs\u0142ugi podno\u015bnik\u00f3w koszowych &#8211; obs\u0142uga podest\u00f3w ruchomych montowanych na pojazdach \u2013 kat IP Kurs obs\u0142ugi podest\u00f3w wisz\u0105cych, masztowych, stacjonarnych \u2013 nie stanowi\u0105cych ci\u0105gu technologicznego \u2013 kat IIP Kurs operatora \u017curawi HDS &#8211; obs\u0142uga \u017curawi przeno\u015bnych i przewo\u017anych zamontowanych na podwoziu samochodowym typu HDS \u2013 kat. II\u017b Kurs obs\u0142ugi suwnic i wci\u0105gnik\u00f3w oraz wci\u0105garek &#8211; sterowanych z poziomu roboczego- kat. IIS Kurs obs\u0142ugi wci\u0105gnik\u00f3w i wci\u0105garek &#8211; uprawnienia na operatora wci\u0105gnik\u00f3w i wci\u0105garek sterowanych z poziomu roboczego w tym bezprzewodowe kat. IIW Kurs obs\u0142ugi \u017curawi stacjonarnych &#8211; uprawnienia na operatora \u017curawik\u00f3w stacjonarnych &#8211; warsztatowych kat. II\u017b Kurs obs\u0142ugi d\u017awig\u00f3w towarowo &#8211; osobowych &#8211; obs\u0142uga d\u017awig\u00f3w towarowych ze sterowaniem wewn\u0119trznym i szpitalne lub budowlane z egz. przed UDT &#8211; uprawnienia ID i IID. Kurs operatora d\u017awig\u00f3w samojezdnych &#8211; obs\u0142uga \u017curawi samojezdnych zamontowanych na samochodach Kurs operatora \u017curawi szybkomontuj\u0105cych &#8211; uprawnienia I\u017b na operatora \u017curawi sterowanych z poziomu [&hellip;]<\/p>\n","protected":false},"author":1,"featured_media":0,"parent":0,"menu_order":2,"comment_status":"closed","ping_status":"closed","template":"","meta":{"sfsi_plus_gutenberg_text_before_share":"","sfsi_plus_gutenberg_show_text_before_share":"","sfsi_plus_gutenberg_icon_type":"","sfsi_plus_gutenberg_icon_alignemt":"","sfsi_plus_gutenburg_max_per_row":"","footnotes":""},"class_list":["post-389","page","type-page","status-publish","hentry","has_no_thumb"],"aioseo_notices":[],"_links":{"self":[{"href":"https:\/\/kursy-udt.pl\/fr\/wp-json\/wp\/v2\/pages\/389","targetHints":{"allow":["GET"]}}],"collection":[{"href":"https:\/\/kursy-udt.pl\/fr\/wp-json\/wp\/v2\/pages"}],"about":[{"href":"https:\/\/kursy-udt.pl\/fr\/wp-json\/wp\/v2\/types\/page"}],"author":[{"embeddable":true,"href":"https:\/\/kursy-udt.pl\/fr\/wp-json\/wp\/v2\/users\/1"}],"replies":[{"embeddable":true,"href":"https:\/\/kursy-udt.pl\/fr\/wp-json\/wp\/v2\/comments?post=389"}],"version-history":[{"count":25,"href":"https:\/\/kursy-udt.pl\/fr\/wp-json\/wp\/v2\/pages\/389\/revisions"}],"predecessor-version":[{"id":6245,"href":"https:\/\/kursy-udt.pl\/fr\/wp-json\/wp\/v2\/pages\/389\/revisions\/6245"}],"wp:attachment":[{"href":"https:\/\/kursy-udt.pl\/fr\/wp-json\/wp\/v2\/media?parent=389"}],"curies":[{"name":"wp","href":"https:\/\/api.w.org\/{rel}","templated":true}]}}