{"id":3882,"date":"2022-06-23T08:54:17","date_gmt":"2022-06-23T08:54:17","guid":{"rendered":"https:\/\/kursy-udt.pl\/?page_id=3882"},"modified":"2023-03-20T13:13:02","modified_gmt":"2023-03-20T12:13:02","slug":"coupeur-manuel","status":"publish","type":"page","link":"https:\/\/kursy-udt.pl\/fr\/szkolenia\/spawalnictwo-materialow\/reczny-przecinacz\/","title":{"rendered":"Cours de coupe thermique manuel"},"content":{"rendered":"<div class=\"wp-block-image\">\n<figure class=\"alignright size-large is-resized\"><img loading=\"lazy\" decoding=\"async\" src=\"https:\/\/kursy-udt.pl\/wp-content\/uploads\/2022\/06\/images-2021-06-23T150302.206.jpg\" alt=\"coupeur thermique\" width=\"402\" height=\"268\"\/><\/figure>\n<\/div>\n\n\n<p>Le cours de formation est con\u00e7u pour ceux qui souhaitent devenir qualifi\u00e9s en tant que coupeur thermique manuel. La demande de travailleurs qualifi\u00e9s dans les domaines de la coupe et de la soudure ne cessant de cro\u00eetre, nous r\u00e9pondons aux attentes de nos clients et transmettons les connaissances d'une mani\u00e8re accessible et tr\u00e8s efficace. Le cours propos\u00e9 offre une pr\u00e9paration pratique et th\u00e9orique \u00e0 la profession. Pendant la formation, nous mettons l'accent sur la qualification compl\u00e8te de nos stagiaires. Le cours se termine par un examen th\u00e9orique et un contr\u00f4le des comp\u00e9tences pratiques par un jury d'examen.&nbsp;<\/p>\n\n\n\n<h2 class=\"wp-block-heading\">But de la formation&nbsp;<\/h2>\n\n\n\n<p>Les participants apprendront la construction et le fonctionnement des torches \u00e0 plasma et oxyac\u00e9tyl\u00e9niques, les r\u00e9glementations <a href=\"https:\/\/kursy-udt.pl\/fr\/szkolenia\/bhp-bezpieczenstwo-pracy\/prawna-ochrona-pracy\/\">Sant\u00e9 et s\u00e9curit\u00e9<\/a> lors de l'utilisation de gaz techniques, de m\u00e9thodes de coupe selon des lignes d\u00e9finies, de br\u00fblage de trous ou de coupe de tubes et de profil\u00e9s en acier. Notre cours garantit que les participants sont pr\u00e9par\u00e9s aux t\u00e2ches pratiques li\u00e9es \u00e0 la s\u00e9paration de diff\u00e9rents types de mat\u00e9riaux.&nbsp;&nbsp;&nbsp;<\/p>\n\n\n\n<h2 class=\"wp-block-heading\">Connaissances acquises lors de la formation&nbsp;<\/h2>\n\n\n\n<p>Offert par <a href=\"https:\/\/kursy-udt.pl\/fr\/o-firmie\/\">ODK ERGON<\/a> le cours permet :&nbsp;<\/p>\n\n\n\n<ul class=\"wp-block-list\">\n<li>acqu\u00e9rir des comp\u00e9tences en mati\u00e8re de d\u00e9coupe au chalumeau oxyac\u00e9tyl\u00e9nique et au plasma,&nbsp;<\/li>\n\n\n\n<li>l'obtention d'un certificat conform\u00e9ment au r\u00e8glement du ministre de l'\u00e9conomie du 27 avril 2000 sur la s\u00e9curit\u00e9 et la sant\u00e9 au travail dans les travaux de soudage (Journal officiel n\u00b0 40, point 470),&nbsp;<\/li>\n\n\n\n<li>commencer \u00e0 travailler comme d\u00e9coupeur thermique manuel.&nbsp;<\/li>\n<\/ul>\n\n\n\n<p>Lors des cours th\u00e9oriques, vous d\u00e9couvrirez :&nbsp;<\/p>\n\n\n\n<ul class=\"wp-block-list\">\n<li>les principes fondamentaux de la science des mat\u00e9riaux,&nbsp;<\/li>\n\n\n\n<li>les techniques et technologies de d\u00e9coupe des m\u00e9taux,&nbsp;<\/li>\n\n\n\n<li>les types de gaz utilis\u00e9s,&nbsp;<\/li>\n\n\n\n<li>construction du br\u00fbleur,&nbsp;<\/li>\n\n\n\n<li>contr\u00f4le correct de la flamme,&nbsp;<\/li>\n\n\n\n<li>les exigences de qualit\u00e9 des mat\u00e9riaux utilis\u00e9s,&nbsp;<\/li>\n\n\n\n<li>les r\u00e8gles de sant\u00e9 et de s\u00e9curit\u00e9 sur le lieu de travail.&nbsp;<\/li>\n<\/ul>\n\n\n\n<p>Les cours pratiques vous permettront de vous exercer :&nbsp;<\/p>\n\n\n\n<ul class=\"wp-block-list\">\n<li>le fonctionnement des torches \u00e0 gaz et \u00e0 plasma,&nbsp;<\/li>\n\n\n\n<li>d\u00e9coupe de t\u00f4les le long de lignes d\u00e9finies,&nbsp;<\/li>\n\n\n\n<li>le tir au trou,&nbsp;<\/li>\n\n\n\n<li>d\u00e9coupe de tubes et de profil\u00e9s en acier.&nbsp;<\/li>\n<\/ul>\n\n\n\n<figure class=\"wp-block-image size-large is-resized\"><img loading=\"lazy\" decoding=\"async\" src=\"https:\/\/kursy-udt.pl\/wp-content\/uploads\/2022\/06\/oso.edu_.pl-0071-metal-cutting-torches-2018-guide-e1519627046180.jpg\" alt=\"les fondamentaux de la science des mat\u00e9riaux\" width=\"700\" height=\"448\"\/><\/figure>\n\n\n\n<h2 class=\"wp-block-heading\">A qui s'adresse la formation au coupage au chalumeau plasma et oxy-ac\u00e9tyl\u00e9nique ?&nbsp;<\/h2>\n\n\n\n<p>La formation propos\u00e9e par ERGON s'adresse aux personnes qui souhaitent apprendre les bases de l'utilisation des torches plasma et oxyac\u00e9tyl\u00e9nique et \u00e0 celles dont le travail n\u00e9cessite de savoir comment proc\u00e9der \u00e0 la d\u00e9coupe de mat\u00e9riaux. Le cours s'adresse \u00e0 :&nbsp;<\/p>\n\n\n\n<ul class=\"wp-block-list\">\n<li>les particuliers et les employ\u00e9s,&nbsp;<\/li>\n\n\n\n<li>les travailleurs des professions connexes telles que les serruriers, les m\u00e9caniciens, les agents d'entretien.&nbsp;<\/li>\n<\/ul>\n\n\n\n<p>Le cours de d\u00e9coupe plasma et oxyac\u00e9tyl\u00e9nique est con\u00e7u pour ceux qui.. :&nbsp;<\/p>\n\n\n\n<ul class=\"wp-block-list\">\n<li>sont \u00e2g\u00e9s d'au moins 18 ans,&nbsp;<\/li>\n\n\n\n<li>avoir termin\u00e9 au moins l'\u00e9cole primaire,&nbsp;<\/li>\n\n\n\n<li>ne pr\u00e9senter aucune contre-indication m\u00e9dicale \u00e0 l'exercice de ce poste.&nbsp;<\/li>\n<\/ul>\n\n\n\n<h2 class=\"wp-block-heading\">Qu&#039;est-ce que la d\u00e9coupe plasma ?&nbsp;<\/h2>\n\n\n\n<p>Dans le traitement des m\u00e9taux au plasma, les particules m\u00e9talliques sont fondues et projet\u00e9es de l&#039;espace de coupe au moyen d&#039;un arc \u00e9lectrique. L&#039;efficacit\u00e9 de ce type de coupe est influenc\u00e9e par la haute \u00e9nergie de l&#039;arc. Le flux de gaz comprim\u00e9 traverse l&#039;arc \u00e9lectrique, puis son ionisation a lieu - c&#039;est ainsi que se produit le plasma, \u00e9galement appel\u00e9 quatri\u00e8me \u00e9tat de la mati\u00e8re. L&#039;utilisation de cette technique ne n\u00e9cessite pas de travaux li\u00e9s \u00e0 la pr\u00e9paration du mat\u00e9riau, vous pouvez donc couper des \u00e9l\u00e9ments sales, peints ou rouill\u00e9s. Une s\u00e9lection appropri\u00e9e des proportions des gaz plasma utilis\u00e9s permet d&#039;obtenir une surface de coupe de haute qualit\u00e9 avec une \u00e9chelle pratiquement nulle.&nbsp;<\/p>\n\n\n\n<figure class=\"wp-block-table\"><table><tbody><tr><td><strong>Avantages<\/strong>&nbsp;<\/td><td><strong>D\u00e9savantages<\/strong>&nbsp;<\/td><\/tr><tr><td>vitesse de coupe,&nbsp;<br>per\u00e7age rapide et pas besoin de chauffage,&nbsp;<br>faible d\u00e9formation thermique,&nbsp;<br>faible \u00e9cart de coupe et haute qualit\u00e9 de surface.&nbsp;<\/td><td>un fort rayonnement UV,&nbsp;<br>\u00e9mettant de grandes quantit\u00e9s de gaz et de fum\u00e9es nocives,&nbsp;<br>grand bruit,&nbsp;<br>les changements dans la zone de coupe.&nbsp;<\/td><\/tr><\/tbody><\/table><\/figure>\n\n\n\n<figure class=\"wp-block-embed is-type-video is-provider-youtube wp-block-embed-youtube wp-embed-aspect-16-9 wp-has-aspect-ratio\"><div class=\"wp-block-embed__wrapper\">\n<iframe loading=\"lazy\" title=\"COMPL\u00c9TEZ VOTRE FORMATION EN SOUDAGE AVEC NOUS ! DANS TOUT LE PAYS ! OBTENEZ VOS QUALIFICATIONS EN SOUDAGE !\" width=\"500\" height=\"281\" src=\"https:\/\/www.youtube.com\/embed\/Sn47FDJ5NSQ?feature=oembed\" frameborder=\"0\" allow=\"accelerometer; autoplay; clipboard-write; encrypted-media; gyroscope; picture-in-picture; web-share\" referrerpolicy=\"strict-origin-when-cross-origin\" allowfullscreen><\/iframe>\n<\/div><\/figure>\n\n\n\n<h2 class=\"wp-block-heading\">\u00c0 quoi ressemble l'oxycoupage ?&nbsp;<\/h2>\n\n\n\n<p>Les chalumeaux \u00e0 ac\u00e9tyl\u00e8ne-oxyg\u00e8ne utilisent une m\u00e9thode de coupage au gaz, amenant le mat\u00e9riau \u00e0 une temp\u00e9rature o\u00f9 il br\u00fble et s'\u00e9chappe sous forme d'oxyde m\u00e9tallique. L'utilisation de ce type de torche est particuli\u00e8rement utile dans le processus de s\u00e9paration des m\u00e9taux faiblement alli\u00e9s et faiblement carbon\u00e9s. Bien que l'on puisse trouver des br\u00fbleurs au propane-butane, l'obtention plus rapide de temp\u00e9ratures \u00e9lev\u00e9es plaide pour le choix de l'ac\u00e9tyl\u00e8ne. Le d\u00e9coupage \u00e0 l'ac\u00e9tyl\u00e8ne et \u00e0 l'oxyg\u00e8ne, \u00e9galement connu sous le nom de d\u00e9coupage \u00e0 l'oxyac\u00e9tyl\u00e8ne, convient \u00e0 des mat\u00e9riaux tels que le plomb, l'aluminium, l'argent, l'\u00e9tain, l'acier, le cuivre ou le zinc, et permet de s\u00e9parer de l'acier d'une \u00e9paisseur allant jusqu'\u00e0 3 cm. En revanche, ce gaz n'est pas adapt\u00e9 \u00e0 la s\u00e9paration de mat\u00e9riaux tr\u00e8s fins ; il est impossible de travailler sur des mat\u00e9riaux d'une \u00e9paisseur inf\u00e9rieure \u00e0 3 mm.&nbsp;<\/p>\n\n\n\n<figure class=\"wp-block-table\"><table><tbody><tr><td><strong>Avantages<\/strong>&nbsp;<\/td><td><strong>D\u00e9savantages<\/strong>&nbsp;<\/td><\/tr><tr><td>une large gamme d'\u00e9paisseurs de coupe,&nbsp;<br>coupe de haute qualit\u00e9 des mat\u00e9riaux \u00e9pais,&nbsp;<br>capacit\u00e9 \u00e0 couper sous diff\u00e9rents angles.&nbsp;<\/td><td>de la zone affect\u00e9e par la chaleur,&nbsp;<br>long temps de p\u00e9n\u00e9tration dans le mat\u00e9riau,&nbsp;<br>faible vitesse de fonctionnement,&nbsp;<br>ne peut pas couper les aciers fortement alli\u00e9s et les aciers \u00e0 forte teneur en carbone.&nbsp;<\/td><\/tr><\/tbody><\/table><\/figure>\n\n\n<div class=\"wp-block-image\">\n<figure class=\"alignright size-large is-resized\"><img loading=\"lazy\" decoding=\"async\" src=\"https:\/\/kursy-udt.pl\/wp-content\/uploads\/2022\/06\/MESSER_Cutting_torch_set.jpg\" alt=\"mat\u00e9riau \u00e9pais\" width=\"389\" height=\"292\"\/><\/figure>\n<\/div>\n\n\n<h2 class=\"wp-block-heading\">Lieu de formation&nbsp;<\/h2>\n\n\n\n<p>Les formations organis\u00e9es par ERGON ont lieu dans toute la Pologne. Nous proposons \u00e9galement des formations \u00e0 huis clos, qui se d\u00e9roulent dans un lieu qui convient au client, sur accord pr\u00e9alable.&nbsp;<\/p>\n\n\n\n<h2 class=\"wp-block-heading\">Prix&nbsp;<\/h2>\n\n\n\n<p>La formation chez ERGON vous garantit une approche professionnelle et des prix attractifs. Nous avons des r\u00e9ductions prometteuses pour les grands groupes. N'h\u00e9sitez pas \u00e0 nous contacter par t\u00e9l\u00e9phone pour plus d'informations sur notre offre.&nbsp;&nbsp;&nbsp;<\/p>\n\n\n\n<h2 class=\"wp-block-heading\">Les avantages d&#039;un cours de d\u00e9coupe thermique manuelle&nbsp;<\/h2>\n\n\n\n<p>Seul un processus de d\u00e9coupe ou de soudage thermique effectu\u00e9 de mani\u00e8re professionnelle peut \u00e9liminer ou r\u00e9duire les risques qui apparaissent lors de la s\u00e9paration des mat\u00e9riaux. Compl\u00e9ter notre formation permet d&#039;acqu\u00e9rir les connaissances n\u00e9cessaires \u00e0 la d\u00e9coupe plasma ou oxyac\u00e9tyl\u00e9nique ind\u00e9pendante.&nbsp;<\/p>\n\n\n\n<figure class=\"wp-block-image size-large is-resized\"><img loading=\"lazy\" decoding=\"async\" src=\"https:\/\/kursy-udt.pl\/wp-content\/uploads\/2023\/01\/Reklama-Na-Kursy-7-1.png\" alt=\"Formation ERGON\" width=\"812\" height=\"508\"\/><\/figure>","protected":false},"excerpt":{"rendered":"<p>Szkolenie przeznaczone jest dla os\u00f3b chc\u0105cych zdoby\u0107 kwalifikacje do pracy jako r\u0119czny przecinacz termiczny. Poniewa\u017c zapotrzebowanie na pracownik\u00f3w kwalifikuj\u0105cych si\u0119 umiej\u0119tno\u015bci\u0105 ci\u0119cia i spawania wci\u0105\u017c ro\u015bnie, wychodzimy naprzeciw oczekiwaniom naszych klient\u00f3w i przekazujemy wiedz\u0119 w przyst\u0119pny i bardzo wydajny spos\u00f3b. Oferowany kurs zapewnia praktyczne i teoretyczne przygotowanie do pracy w zawodzie. W trakcie szkolenia stawiamy na kompleksowe podnoszenie kwalifikacji naszych kursant\u00f3w. Kurs zako\u0144czony jest egzaminem teoretycznym oraz sprawdzeniem umiej\u0119tno\u015bci praktycznych przez komisj\u0119 egzaminacyjn\u0105.&nbsp; Cel szkolenia&nbsp; Uczestnicy zapoznaj\u0105 si\u0119 z budow\u0105 i obs\u0142ug\u0105 palnik\u00f3w plazmowych i acetylenowo\u2013tlenowych, przepisami BHP podczas pracy z gazami technicznymi, metodami ci\u0119cia po wyznaczonych liniach, wypalaniem otwor\u00f3w czy ci\u0119cia rur i profili stalowych. Nasz kurs zapewnia przygotowanie uczestnik\u00f3w do wykonywania praktycznych czynno\u015bci zwi\u0105zanych z rozdzielaniem r\u00f3\u017cnego rodzaju materia\u0142\u00f3w.&nbsp;&nbsp;&nbsp; Wiedza zdobyta w trakcie szkolenia&nbsp; Oferowany przez ODK ERGON kurs umo\u017cliwia:&nbsp; W trakcie zaj\u0119\u0107 teoretycznych zapoznasz si\u0119 z:&nbsp; Zaj\u0119cia praktyczne umo\u017cliwi\u0105 Ci \u0107wiczenie:&nbsp; Do kogo kierowane jest szkolenie ci\u0119cia palnikiem plazmowym i acetylenowo\u2013tlenowym?&nbsp; Oferowane przez ERGON szkolenie dedykowane jest osobom, kt\u00f3re chc\u0105 zapozna\u0107 si\u0119 z podstawami u\u017cycia palnik\u00f3w plazmowych i oksyacetylenowych oraz dla tych, kt\u00f3rych praca wymaga znajomo\u015bci przeprowadzania procesu ci\u0119cia materia\u0142\u00f3w. Kurs kierujemy do:&nbsp; Kurs ci\u0119cia plazmowego i acetylenowo\u2013tlenowego przeznaczony jest dla os\u00f3b, kt\u00f3re:&nbsp; Na czym polega ci\u0119cie plazmowe?&nbsp; W plazmowej obr\u00f3bce metali nast\u0119puje wytopienie i wyrzucenie cz\u0105stek metalu ze szczeliny ci\u0119cia za pomoc\u0105 \u0142uku elektrycznego. Na efektywno\u015b\u0107 tego rodzaju ci\u0119cia wp\u0142ywa wysoka energia \u0142uku. Spr\u0119\u017cony strumie\u0144 gazu przep\u0142ywa przez \u0142uk elektryczny, w\u00f3wczas nast\u0119puje jego jonizacja \u2013 w ten spos\u00f3b wytwarza si\u0119 plazma, zwana r\u00f3wnie\u017c czwartym stanem materii. Stosowanie tej techniki nie wymaga [&hellip;]<\/p>\n","protected":false},"author":6,"featured_media":3858,"parent":2802,"menu_order":0,"comment_status":"closed","ping_status":"closed","template":"","meta":{"sfsi_plus_gutenberg_text_before_share":"","sfsi_plus_gutenberg_show_text_before_share":"","sfsi_plus_gutenberg_icon_type":"","sfsi_plus_gutenberg_icon_alignemt":"","sfsi_plus_gutenburg_max_per_row":"","footnotes":""},"class_list":["post-3882","page","type-page","status-publish","has-post-thumbnail","hentry","has_thumb"],"aioseo_notices":[],"_links":{"self":[{"href":"https:\/\/kursy-udt.pl\/fr\/wp-json\/wp\/v2\/pages\/3882","targetHints":{"allow":["GET"]}}],"collection":[{"href":"https:\/\/kursy-udt.pl\/fr\/wp-json\/wp\/v2\/pages"}],"about":[{"href":"https:\/\/kursy-udt.pl\/fr\/wp-json\/wp\/v2\/types\/page"}],"author":[{"embeddable":true,"href":"https:\/\/kursy-udt.pl\/fr\/wp-json\/wp\/v2\/users\/6"}],"replies":[{"embeddable":true,"href":"https:\/\/kursy-udt.pl\/fr\/wp-json\/wp\/v2\/comments?post=3882"}],"version-history":[{"count":8,"href":"https:\/\/kursy-udt.pl\/fr\/wp-json\/wp\/v2\/pages\/3882\/revisions"}],"predecessor-version":[{"id":5529,"href":"https:\/\/kursy-udt.pl\/fr\/wp-json\/wp\/v2\/pages\/3882\/revisions\/5529"}],"up":[{"embeddable":true,"href":"https:\/\/kursy-udt.pl\/fr\/wp-json\/wp\/v2\/pages\/2802"}],"wp:featuredmedia":[{"embeddable":true,"href":"https:\/\/kursy-udt.pl\/fr\/wp-json\/wp\/v2\/media\/3858"}],"wp:attachment":[{"href":"https:\/\/kursy-udt.pl\/fr\/wp-json\/wp\/v2\/media?parent=3882"}],"curies":[{"name":"wp","href":"https:\/\/api.w.org\/{rel}","templated":true}]}}