{"id":3875,"date":"2022-06-22T12:17:02","date_gmt":"2022-06-22T12:17:02","guid":{"rendered":"https:\/\/kursy-udt.pl\/?page_id=3875"},"modified":"2023-03-21T12:18:00","modified_gmt":"2023-03-21T11:18:00","slug":"machines-de-construction","status":"publish","type":"page","link":"https:\/\/kursy-udt.pl\/fr\/szkolenia\/udt-wdt-tdt\/maszyny-budowlane\/","title":{"rendered":"Formation des conducteurs d&#039;engins de chantier"},"content":{"rendered":"<figure class=\"wp-block-image size-large is-resized\"><img loading=\"lazy\" decoding=\"async\" src=\"https:\/\/kursy-udt.pl\/wp-content\/uploads\/2022\/06\/oso.edu_.pl-0077-pelle_hydraulique.jpg\" alt=\"rouleau compresseur sur chantier\" width=\"773\" height=\"435\"\/><\/figure>\n\n\n\n<h2 class=\"wp-block-heading\">Cours de conduite d'engins de chantier\u00a0<\/h2>\n\n\n\n<p>Bienvenue dans les formations sp\u00e9cialis\u00e9es pour les conducteurs d'engins de terrassement et les \u00e9chafaudeurs. Augmentez votre attractivit\u00e9 sur le march\u00e9 du travail et profitez de l'offre d'ERGON ! Les \u00e9quipements utilis\u00e9s pour les travaux de construction lourde permettent d'am\u00e9liorer et d'acc\u00e9l\u00e9rer consid\u00e9rablement la r\u00e9alisation du projet. Toutefois, il convient de rappeler que les op\u00e9rateurs doivent disposer des connaissances et des comp\u00e9tences n\u00e9cessaires pour mener \u00e0 bien leur mission. <a href=\"https:\/\/kursy-udt.pl\/fr\/uprawnienia-udt\/kategorie-uprawnien-2\/\">droits<\/a> pour leur utilisation s\u00fbre et appropri\u00e9e. Donnez-vous une chance d&#039;acqu\u00e9rir des connaissances fiables, qui se traduiront par l&#039;ex\u00e9cution professionnelle de t\u00e2ches professionnelles \u00e0 l&#039;avenir.\u00a0\u00a0<\/p>\n\n\n\n<h2 class=\"wp-block-heading\">But du cours&nbsp;<\/h2>\n\n\n<div class=\"wp-block-image\">\n<figure class=\"alignright size-large is-resized\"><img loading=\"lazy\" decoding=\"async\" src=\"https:\/\/kursy-udt.pl\/wp-content\/uploads\/2022\/06\/kurso.eu-077.jpg\" alt=\"chargeuse sur pneus avec godet\" width=\"392\" height=\"300\"\/><\/figure>\n<\/div>\n\n\n<p>Le cours de formation pour les op\u00e9rateurs d'engins de chantier est con\u00e7u pour fournir aux participants des connaissances th\u00e9oriques et pratiques sur l'utilisation en toute s\u00e9curit\u00e9 d'engins de terrassement s\u00e9lectionn\u00e9s et sur tous les aspects du travail d'un \u00e9chafaudeur m\u00e9tallique. Nous proposons une pr\u00e9paration \u00e0 l'examen d'\u00c9tat devant un jury d\u00e9sign\u00e9 par l'Institut de m\u00e9canisation de la construction et de l'exploitation des roches.&nbsp;&nbsp;&nbsp;<\/p>\n\n\n\n<h2 class=\"wp-block-heading\">Offre d\u00e9taill\u00e9e&nbsp;<\/h2>\n\n\n\n<p>Les cours propos\u00e9s par ERGON sont divis\u00e9s en parties th\u00e9oriques et pratiques. Si vous \u00eates int\u00e9ress\u00e9 \u00e0 participer au cours de sp\u00e9cialisation de 1\u00e8re classe, il est n\u00e9cessaire d&#039;avoir des qualifications de 3\u00e8me classe pour un type d&#039;engin de construction donn\u00e9. Notre offre comprend :\u00a0<\/p>\n\n\n\n<figure class=\"wp-block-table\"><table><tbody><tr><td>NOM DE LA MACHINE&nbsp;<\/td><td>CLASSE ET MANDAT<\/td><\/tr><tr><td>excavatrice \u00e0 godet unique&nbsp;<\/td><td>Classe III - Excavateurs mobiles simples d'un poids brut inf\u00e9rieur ou \u00e9gal \u00e0 25 tonnes\u00a0<br>Classe I - tous les types d'excavateurs sans limitation de poids total<\/td><\/tr><tr><td>chargeur de navire unique\u00a0<\/td><td>Classe III - Chargeurs simples jusqu'\u00e0 20 tonnes de poids total en charge\u00a0<br>Classe I - tous les types d'excavateurs sans limitation de poids total\u00a0<\/td><\/tr><tr><td>bulldozer\u00a0<\/td><td>Classe III - bouteurs avec une puissance de moteur allant jusqu'\u00e0 110 kW\u00a0<br>Classe I - bouteurs d'une puissance sup\u00e9rieure \u00e0 110 kW\u00a0<\/td><\/tr><tr><td>chargeuse-pelleteuse\u00a0<\/td><td>Classe III - tous les types de chargeuses-pelleteuses<\/td><\/tr><tr><td>Compacteur routier&nbsp;<\/td><td>Classe II - tous les types de rouleaux compresseurs<\/td><\/tr><\/tbody><\/table><\/figure>\n\n\n\n<p>Le programme de formation pour les machines individuelles suppose l&#039;acquisition de connaissances th\u00e9oriques et de comp\u00e9tences pratiques. Dans la premi\u00e8re partie du cours, les participants d\u00e9couvriront :\u00a0<\/p>\n\n\n\n<ul class=\"wp-block-list\">\n<li>la construction g\u00e9n\u00e9rale et le fonctionnement de l'\u00e9quipement en question :&nbsp;<\/li>\n\n\n\n<li>construction et caract\u00e9ristiques de la machine,&nbsp;<\/li>\n\n\n\n<li>structure et principe de propulsion et trains roulants,&nbsp;<\/li>\n\n\n\n<li>r\u00e8gles de s\u00e9curit\u00e9 d&#039;exploitation,&nbsp;<\/li>\n\n\n\n<li>construction et \u00e9quipement de cabines.&nbsp;<\/li>\n\n\n\n<li>la technologie des travaux r\u00e9alis\u00e9s :&nbsp;<\/li>\n\n\n\n<li>informations g\u00e9n\u00e9rales sur les travaux de terrassement,&nbsp;<\/li>\n\n\n\n<li>techniques de travail avec un appareil donn\u00e9,&nbsp;<\/li>\n\n\n\n<li>technologies utilis\u00e9es lors de l&#039;exploitation,&nbsp;<\/li>\n\n\n\n<li>principes d&#039;exploitation s\u00e9curitaire.&nbsp;<\/li>\n<\/ul>\n\n\n\n<p>Lors des cours pratiques, les \u00e9tudiants apprendront :&nbsp;<\/p>\n\n\n<div class=\"wp-block-image\">\n<figure class=\"alignright size-large is-resized\"><img loading=\"lazy\" decoding=\"async\" src=\"https:\/\/kursy-udt.pl\/wp-content\/uploads\/2022\/06\/images-1.jpg\" alt=\"engins de chantier en fonctionnement\" width=\"363\" height=\"272\"\/><\/figure>\n<\/div>\n\n\n<ul class=\"wp-block-list\">\n<li>instructions d&#039;introduction,&nbsp;<\/li>\n\n\n\n<li>une instruction de travail,&nbsp;<\/li>\n\n\n\n<li>l&#039;amplitude des mouvements de travail d&#039;une machine donn\u00e9e,&nbsp;<\/li>\n\n\n\n<li>la plage de mouvements des accessoires adapt\u00e9e \u00e0 un appareil donn\u00e9,&nbsp;<\/li>\n\n\n\n<li>en utilisant la technique du d\u00e9placement sur le chantier,&nbsp;<\/li>\n\n\n\n<li>pr\u00e9paration du poste de travail,&nbsp;<\/li>\n\n\n\n<li>travailler avec des accessoires,&nbsp;<\/li>\n\n\n\n<li>d\u00e9tecter et \u00e9liminer les d\u00e9fauts mineurs,&nbsp;<\/li>\n\n\n\n<li>pr\u00e9paration de la documentation op\u00e9rationnelle.&nbsp;<\/li>\n<\/ul>\n\n\n\n<h2 class=\"wp-block-heading\">La port\u00e9e th\u00e9matique du cours pour un monteur d&#039;\u00e9chafaudages&nbsp;<\/h2>\n\n\n\n<p>La formation propos\u00e9e par ERGON apporte des connaissances sur :&nbsp;<\/p>\n\n\n\n<ul class=\"wp-block-list\">\n<li>r\u00e8glements <a href=\"https:\/\/kursy-udt.pl\/fr\/szkolenia\/bhp-bezpieczenstwo-pracy\/prawna-ochrona-pracy\/\">Sant\u00e9 et s\u00e9curit\u00e9<\/a> li\u00e9s au montage et \u00e0 l'utilisation des \u00e9chafaudages ;&nbsp;<\/li>\n\n\n\n<li>cr\u00e9er la documentation technique;&nbsp;<\/li>\n\n\n\n<li>r\u00e8gles pour la construction d'\u00e9chafaudages en syst\u00e8me et en tubes d'acier ;\u00a0<\/li>\n\n\n\n<li>technologies utilis\u00e9es dans l&#039;assemblage;&nbsp;<\/li>\n\n\n\n<li>m\u00e9thodes de contr\u00f4le de l&#039;\u00e9tat technique\u00a0;&nbsp;<\/li>\n\n\n\n<li>d\u00e9montage en toute s\u00e9curit\u00e9 des \u00e9chafaudages.&nbsp;<\/li>\n<\/ul>\n\n\n\n<p>Les cours pratiques comprennent :&nbsp;<\/p>\n\n\n\n<ul class=\"wp-block-list\">\n<li>travaux pr\u00e9paratoires effectu\u00e9s avant le montage des \u00e9chafaudages;&nbsp;<\/li>\n\n\n\n<li>exercices de montage et de d\u00e9montage d&#039;\u00e9chafaudages tubulaires, modulaires et \u00e0 ossature;&nbsp;<\/li>\n\n\n\n<li>inspection de l&#039;\u00e9tat technique de la structure \u00e9rig\u00e9e.&nbsp;<\/li>\n<\/ul>\n\n\n\n<h2 class=\"wp-block-heading\">A qui s&#039;adresse le cours ?&nbsp;<\/h2>\n\n\n\n<p>Nous vous recommandons de participer \u00e0 notre formation si vous avez besoin de vous qualifier pour conduire des excavatrices, des chargeuses, des chargeuses-pelleteuses, des bulldozers et des rouleaux compresseurs. Nous demandons aux candidats d'\u00eatre \u00e2g\u00e9s d'au moins 18 ans et d'\u00eatre en possession d'un certificat m\u00e9dical de non contre-indication \u00e0 l'exercice de ces fonctions. En outre, les personnes souhaitant participer \u00e0 la formation d'\u00e9chafaudeur doivent \u00eatre en possession d'un certificat m\u00e9dical valide attestant qu'elles sont capables de travailler \u00e0 des hauteurs sup\u00e9rieures \u00e0 3 m\u00e8tres.\u00a0\u00a0<\/p>\n\n\n\n<p>Si vous avez des questions sur notre offre <a href=\"https:\/\/kursy-udt.pl\/fr\/kontakt\/\">Contactez nous s&#039;il vous plait<\/a> - notre personnel se fera un plaisir de vous aider \u00e0 clarifier vos doutes. Nous vous encourageons \u00e0 choisir nos services !<\/p>\n\n\n\n<figure class=\"wp-block-image size-large is-resized\"><img loading=\"lazy\" decoding=\"async\" src=\"https:\/\/kursy-udt.pl\/wp-content\/uploads\/2022\/12\/79-Koparki-kursy-udt.pl_.png\" alt=\"Formation ERGON\" width=\"751\" height=\"469\"\/><\/figure>","protected":false},"excerpt":{"rendered":"<p>Kurs z obs\u0142ugi maszyn budowlanych\u00a0 Zapraszamy na specjalistyczne szkolenia operator\u00f3w maszyn do rob\u00f3t ziemnych oraz montera rusztowa\u0144. Zwi\u0119ksz swoj\u0105 atrakcyjno\u015b\u0107 na rynku pracy i skorzystaj z oferty ERGON! Urz\u0105dzenia wykorzystywane do ci\u0119\u017ckich prac budowlanych pomagaj\u0105 usprawni\u0107 i znacznie przyspieszy\u0107 uko\u0144czenie inwestycji. Warto jednak pami\u0119ta\u0107, \u017ce operatorzy powinni posiada\u0107 niezb\u0119dn\u0105 wiedz\u0119 oraz uprawnienia do ich bezpiecznego i prawid\u0142owego u\u017cytkowania. Daj sobie szans\u0119 na zdobycie rzetelnej wiedzy, kt\u00f3ra w przysz\u0142o\u015bci prze\u0142o\u017cy si\u0119 na profesjonalne wykonywanie obowi\u0105zk\u00f3w zawodowych.\u00a0\u00a0 Cel kursu&nbsp; Szkolenie dla operator\u00f3w maszyn budowlanych ma na celu przekazanie uczestnikom wiedzy teoretycznej i praktycznej z zakresu bezpiecznej obs\u0142ugi wybranych maszyn do prac ziemnych oraz wszystkich aspekt\u00f3w pracy montera rusztowa\u0144 metalowych. Zapewniamy przygotowanie do egzaminu pa\u0144stwowego przed komisj\u0105 egzaminacyjn\u0105 powo\u0142an\u0105 przez Instytut Mechanizacji Budownictwa i G\u00f3rnictwa Skalnego.&nbsp;&nbsp;&nbsp; Szczeg\u00f3\u0142owa oferta&nbsp; Oferowane przez ERGON kursy podzielone s\u0105 na cz\u0119\u015b\u0107 teoretyczn\u0105 oraz praktyczn\u0105. W przypadku zainteresowania udzia\u0142em w kursie specjalizacji I klasy, konieczne jest posiadanie uprawnie\u0144 III klasy dla danego rodzaju maszyny budowlanej. W naszej ofercie znajdziesz:\u00a0 NAZWA MASZYNY&nbsp; KLASA\u00a0I ZAKRES UPRAWNIE\u0143 koparka jednonaczyniowa&nbsp; Klasa III \u2013 koparki jednonaczyniowe o masie ca\u0142kowitej do 25 ton\u00a0Klasa I \u2013 wszystkie typy koparek bez ogranicze\u0144 masy ca\u0142kowitej \u0142adowarka jednonaczyniowa\u00a0 Klasa III \u2013 \u0142adowarki jednonaczyniowe o masie ca\u0142kowitej do 20 ton\u00a0Klasa I \u2013 wszystkie typy koparek bez ogranicze\u0144 masy ca\u0142kowitej\u00a0 spycharka\u00a0 Klasa III\u00a0\u2013 spycharki o mocy silnika do 110kW\u00a0Klasa I \u2013 spycharki powy\u017cej mocy silnika 110kW\u00a0 koparko\u2013\u0142adowarka\u00a0 Klasa III \u2013 wszystkie typy koparko\u2013\u0142adowarek walec drogowy&nbsp; Klasa II\u00a0\u2013 wszystkie typy walc\u00f3w drogowych Program szkolenia na poszczeg\u00f3lne maszyny zak\u0142ada zdobycie wiedzy teoretycznej oraz umiej\u0119tno\u015bci praktycznych. W pierwszej cz\u0119\u015bci [&hellip;]<\/p>\n","protected":false},"author":6,"featured_media":3870,"parent":2721,"menu_order":0,"comment_status":"closed","ping_status":"closed","template":"","meta":{"sfsi_plus_gutenberg_text_before_share":"","sfsi_plus_gutenberg_show_text_before_share":"","sfsi_plus_gutenberg_icon_type":"","sfsi_plus_gutenberg_icon_alignemt":"","sfsi_plus_gutenburg_max_per_row":"","footnotes":""},"class_list":["post-3875","page","type-page","status-publish","has-post-thumbnail","hentry","has_thumb"],"aioseo_notices":[],"_links":{"self":[{"href":"https:\/\/kursy-udt.pl\/fr\/wp-json\/wp\/v2\/pages\/3875","targetHints":{"allow":["GET"]}}],"collection":[{"href":"https:\/\/kursy-udt.pl\/fr\/wp-json\/wp\/v2\/pages"}],"about":[{"href":"https:\/\/kursy-udt.pl\/fr\/wp-json\/wp\/v2\/types\/page"}],"author":[{"embeddable":true,"href":"https:\/\/kursy-udt.pl\/fr\/wp-json\/wp\/v2\/users\/6"}],"replies":[{"embeddable":true,"href":"https:\/\/kursy-udt.pl\/fr\/wp-json\/wp\/v2\/comments?post=3875"}],"version-history":[{"count":5,"href":"https:\/\/kursy-udt.pl\/fr\/wp-json\/wp\/v2\/pages\/3875\/revisions"}],"predecessor-version":[{"id":5607,"href":"https:\/\/kursy-udt.pl\/fr\/wp-json\/wp\/v2\/pages\/3875\/revisions\/5607"}],"up":[{"embeddable":true,"href":"https:\/\/kursy-udt.pl\/fr\/wp-json\/wp\/v2\/pages\/2721"}],"wp:featuredmedia":[{"embeddable":true,"href":"https:\/\/kursy-udt.pl\/fr\/wp-json\/wp\/v2\/media\/3870"}],"wp:attachment":[{"href":"https:\/\/kursy-udt.pl\/fr\/wp-json\/wp\/v2\/media?parent=3875"}],"curies":[{"name":"wp","href":"https:\/\/api.w.org\/{rel}","templated":true}]}}