{"id":38,"date":"2014-02-10T17:12:48","date_gmt":"2014-02-10T17:12:48","guid":{"rendered":"http:\/\/kursy-udt.kwiaty0.pl\/?page_id=38"},"modified":"2023-02-14T12:31:18","modified_gmt":"2023-02-14T11:31:18","slug":"elevateurs","status":"publish","type":"page","link":"https:\/\/kursy-udt.pl\/fr\/podnosniki\/","title":{"rendered":"Plates-formes a\u00e9riennes, nacelles \u00e0 ciseaux et autres"},"content":{"rendered":"<p><img loading=\"lazy\" decoding=\"async\" class=\"paddingleft10 alignleft wp-image-3586 size-medium\" src=\"https:\/\/kursy-udt.pl\/wp-content\/uploads\/2021\/11\/podnosnik_koszowy-300x200.jpg\" alt=\"\" width=\"300\" height=\"200\" srcset=\"https:\/\/kursy-udt.pl\/wp-content\/uploads\/2021\/11\/podnosnik_koszowy-300x200.jpg 300w, https:\/\/kursy-udt.pl\/wp-content\/uploads\/2021\/11\/podnosnik_koszowy-1024x683.jpg 1024w, https:\/\/kursy-udt.pl\/wp-content\/uploads\/2021\/11\/podnosnik_koszowy-768x512.jpg 768w, https:\/\/kursy-udt.pl\/wp-content\/uploads\/2021\/11\/podnosnik_koszowy-624x416.jpg 624w, https:\/\/kursy-udt.pl\/wp-content\/uploads\/2021\/11\/podnosnik_koszowy.jpg 1461w\" sizes=\"auto, (max-width: 300px) 100vw, 300px\" \/><\/p>\n<div class=\"wyjustuj\">\n<p><a href=\"https:\/\/kursy-udt.pl\/fr\/o-firmie\/\">Centre de formation du personnel ERGON<\/a> vous invite cordialement \u00e0 <a href=\"https:\/\/kursy-udt.pl\/fr\/szkolenia\/udt-wdt-tdt\/zwyzki-podnosniki-koszowe\/\">formations aux nacelles \u00e9l\u00e9vatrices<\/a> et \u00e9l\u00e9vateurs \u00e0 ciseaux et autres. Le but de la formation est d&#039;acqu\u00e9rir les connaissances n\u00e9cessaires <a href=\"https:\/\/kursy-udt.pl\/fr\/uprawnienia-udt\/kategorie-uprawnien-2\/\">Dipl\u00f4mes UDT<\/a>sans laquelle l'\u00e9quipement ne peut \u00eatre utilis\u00e9. Les travaux de construction, de montage ou de d\u00e9coration n\u00e9cessitent l'utilisation d'\u00e9quipements tels que les nacelles \u00e0 ciseaux et les nacelles \u00e9l\u00e9vatrices - une formation est donc indispensable pour effectuer toutes les activit\u00e9s en toute s\u00e9curit\u00e9 et dans le respect de la r\u00e9glementation. Avec nous, vous obtiendrez encore plus facilement votre permis ! Dans notre centre, nous organisons depuis des ann\u00e9es des cours sur les plates-formes \u00e9l\u00e9vatrices et les nacelles \u00e0 ciseaux. Nous avons d\u00e9j\u00e0 form\u00e9 des milliers d'employ\u00e9s qui, gr\u00e2ce \u00e0 nous, ont pass\u00e9 sans probl\u00e8me leur examen UDT et obtenu les autorisations n\u00e9cessaires. Nous n'employons que des conf\u00e9renciers et des instructeurs qualifi\u00e9s qui ont une connaissance approfondie des r\u00e9glementations et du fonctionnement des nacelles \u00e9l\u00e9vatrices. Nos cours sont donc toujours riches en informations pr\u00e9cieuses qui peuvent \u00eatre appliqu\u00e9es au travail quotidien. Chaque cours est divis\u00e9 en une partie th\u00e9orique et une partie pratique. La partie th\u00e9orique couvre les r\u00e8gles de contr\u00f4le technique, les informations sur les grues, y compris les ascenseurs, leur conception et leur fonctionnement, et nous fournissons \u00e9galement des informations sur <a href=\"https:\/\/kursy-udt.pl\/fr\/szkolenia\/bhp-bezpieczenstwo-pracy\/prawna-ochrona-pracy\/\">Sant\u00e9 et s\u00e9curit\u00e9<\/a>. Ainsi, nous vous pr\u00e9parons de mani\u00e8re compl\u00e8te \u00e0 l'examen de l'UDT, conform\u00e9ment \u00e0 la r\u00e9glementation en vigueur.<\/p>\n<div class=\"filmw\">\n<div class=\"responsive-youtube\" style=\"text-align: center;\"><iframe loading=\"lazy\" title=\"Lecteur vid\u00e9o YouTube\" src=\"https:\/\/www.youtube.com\/embed\/sadG__ZRQI8\" width=\"560\" height=\"315\" frameborder=\"0\" allowfullscreen=\"allowfullscreen\"><\/iframe><\/div>\n<\/div>\n<h2><strong>L&#039;utilisation des ascenseurs<\/strong><\/h2>\n<p>Les \u00e9l\u00e9vateurs sont un groupe d&#039;appareils con\u00e7us pour effectuer des travaux en hauteur. Selon la classification au groupe d&#039;appareils d\u00e9nomm\u00e9s <span class=\"linkwartykule\"><a href=\"\/fr\/entrainement\/plateformes-mobiles\/\">plateformes mobiles<\/a><\/span> nous incluons \u00e9galement les ascenseurs, donc les qualifications sont n\u00e9cessaires pour les exploiter conform\u00e9ment \u00e0 la loi. Les plus populaires d&#039;entre elles sont les nacelles \u00e9l\u00e9vatrices. Gr\u00e2ce \u00e0 eux, vous pouvez facilement \u00e9lever des personnes, des mat\u00e9riaux et des \u00e9quipements \u00e0 une certaine hauteur pour effectuer des travaux de construction, de finition, d&#039;assemblage, de d\u00e9coration, de nettoyage et d&#039;autres types de travaux.<\/p>\n<p>Les appareils peuvent \u00eatre plac\u00e9s sur des roues ou des voitures - ils sont alors appel\u00e9s plates-formes mobiles automotrices ou lentes. En raison de leur conception, les appareils sont divis\u00e9s en bras articul\u00e9, ciseaux et t\u00e9lescopique. Pour les faire fonctionner, vous devez obtenir l&#039;UDT I P.<br \/>\n<div style=\"width: 640px;\" class=\"wp-video\"><video id=\"video-38-1\" width=\"640\" height=\"360\" poster=\"https:\/\/kursy-udt.pl\/wp-content\/uploads\/2023\/02\/20230127_031102_0000.jpg\" preload=\"metadata\" controls=\"controls\"><source type=\"video\/mp4\" src=\"https:\/\/kursy-udt.pl\/wp-content\/uploads\/2023\/02\/ACCEPTED-operator-podestow-4K-kursy-udt.mp4?_=1\" \/><a href=\"https:\/\/kursy-udt.pl\/wp-content\/uploads\/2023\/02\/ACCEPTED-operator-podestow-4K-kursy-udt.mp4\">https:\/\/kursy-udt.pl\/wp-content\/uploads\/2023\/02\/ACCEPTED-operator-podestow-4K-kursy-udt.mp4<\/a><\/video><\/div>\n<h2><strong>But de la formation<\/strong><\/h2>\n<p>Les formations sont destin\u00e9es aux personnes \u00e2g\u00e9es de 18 ans, ayant au moins une formation de base et poss\u00e9dant un certificat m\u00e9dical attestant qu&#039;il n&#039;y a pas de contre-indications \u00e0 travailler en tant qu&#039;op\u00e9rateur d&#039;appareil.<\/p>\n<p>Notre formation sur les ascenseurs apporte les connaissances th\u00e9oriques et pratiques n\u00e9cessaires sur le fonctionnement des appareils conform\u00e9ment aux r\u00e9glementations d&#039;hygi\u00e8ne et de s\u00e9curit\u00e9 et aux r\u00e8glements de contr\u00f4le technique. Apr\u00e8s avoir termin\u00e9 la formation, le participant peut passer l&#039;examen UDT, dont le but est d&#039;obtenir les qualifications appropri\u00e9es.<\/p>\n<p>Nous proposons des cours sur les remont\u00e9es m\u00e9caniques \u00e0 des prix comp\u00e9titifs et avec la possibilit\u00e9 de b\u00e9n\u00e9ficier de r\u00e9ductions pour les groupes plus importants. Nous pouvons \u00e9galement organiser le cours \u00e0 n&#039;importe quel endroit et \u00e0 n&#039;importe quelle heure selon les souhaits des directeurs. \u00c9tant donn\u00e9 que nos cours sont toujours soigneusement planifi\u00e9s et riches en th\u00e9orie et en pratique, il est encore plus facile d&#039;obtenir des qualifications apr\u00e8s leur ach\u00e8vement.<\/p>\n<p>Nous vous invitons cordialement \u00e0 utiliser les services du centre de formation ERGON Card !<\/p>\n<p><a href=\"https:\/\/kursy-udt.pl\/wp-content\/uploads\/2022\/12\/18-podnosniki-koszowe-kursy-udt.pl_.png\"><img loading=\"lazy\" decoding=\"async\" class=\"aligncenter wp-image-4551\" src=\"https:\/\/kursy-udt.pl\/wp-content\/uploads\/2022\/12\/18-podnosniki-koszowe-kursy-udt.pl_-300x188.png\" alt=\"\" width=\"750\" height=\"469\" srcset=\"https:\/\/kursy-udt.pl\/wp-content\/uploads\/2022\/12\/18-podnosniki-koszowe-kursy-udt.pl_-300x188.png 300w, https:\/\/kursy-udt.pl\/wp-content\/uploads\/2022\/12\/18-podnosniki-koszowe-kursy-udt.pl_-1024x640.png 1024w, https:\/\/kursy-udt.pl\/wp-content\/uploads\/2022\/12\/18-podnosniki-koszowe-kursy-udt.pl_-768x480.png 768w, https:\/\/kursy-udt.pl\/wp-content\/uploads\/2022\/12\/18-podnosniki-koszowe-kursy-udt.pl_-18x12.png 18w, https:\/\/kursy-udt.pl\/wp-content\/uploads\/2022\/12\/18-podnosniki-koszowe-kursy-udt.pl_-624x390.png 624w, https:\/\/kursy-udt.pl\/wp-content\/uploads\/2022\/12\/18-podnosniki-koszowe-kursy-udt.pl_.png 1200w\" sizes=\"auto, (max-width: 750px) 100vw, 750px\" \/><\/a><\/p>\n<\/div>\n<div class=\"button_styl\" style=\"float: right; padding-left: 15px; padding-bottom: 8px; margin-bottom: 5px;\"><a class=\"myButton myButton_maly\" href=\"https:\/\/platformaedukacji.pl\/login\/signup.php\" target=\"_blank\" rel=\"nofollow noopener\"><span style=\"color: white;\">Inscrivez-vous \u00e0 la formation<\/span><\/a><\/div>","protected":false},"excerpt":{"rendered":"<p>O\u015brodek Doskonalenia Kadr ERGON serdecznie zaprasza na szkolenia na podno\u015bniki koszowe i podno\u015bniki no\u017cycowe oraz inne. Celem szkolenia jest uzyskanie niezb\u0119dnych uprawnie\u0144 UDT, bez kt\u00f3rych nie mo\u017cna obs\u0142ugiwa\u0107 urz\u0105dze\u0144. Prace budowlane, monta\u017cowe czy dekoratorskie wymagaj\u0105 stosowania urz\u0105dze\u0144 takich jak podno\u015bniki no\u017cycowe i koszowe \u2013 szkolenia s\u0105 w zwi\u0105zku z tym niezb\u0119dne, \u017ceby realizowa\u0107 wszystkie czynno\u015bci bezpiecznie i zgodnie z przepisami. Z nami uprawnienia b\u0119d\u0105 jeszcze \u0142atwiejsze do zdobycia! W naszym o\u015brodku prowadzimy kursy na podno\u015bniki koszowe i no\u017cycowe od lat. Przeszkolili\u015bmy ju\u017c tysi\u0105ce pracownik\u00f3w, kt\u00f3rzy dzi\u0119ki nam zdali egzaminy UDT bezproblemowo i uzyskali potrzebne uprawnienia. Zatrudniamy tylko wykwalifikowanych wyk\u0142adowc\u00f3w i instruktor\u00f3w, kt\u00f3rzy w szczeg\u00f3\u0142ach znaj\u0105 przepisy i wiedz\u0105, jak dzia\u0142aj\u0105 podno\u015bniki \u2013 kursy realizowane w\u0142a\u015bnie przez nas z tego powodu s\u0105 zawsze pe\u0142ne warto\u015bciowych informacji, kt\u00f3re znajduj\u0105 zastosowanie w p\u00f3\u017aniejszych codziennych pracach. Ka\u017cdy kurs podzielony jest na cz\u0119\u015b\u0107 teoretyczn\u0105 i praktyczn\u0105. Cz\u0119\u015b\u0107 teoretyczna porusza tematyk\u0119 przepis\u00f3w o dozorze technicznym, informacje o d\u017awignicach, w tym o podno\u015bnikach, ich budowie oraz obs\u0142udze, tak\u017ce przekazujemy informacje na temat BHP. W efekcie kompleksowo przygotowujemy do podej\u015bcia do egzaminu UDT zgodnie obowi\u0105zuj\u0105cymi przepisami. Zastosowanie podno\u015bnik\u00f3w Podno\u015bniki to grupa urz\u0105dze\u0144, kt\u00f3re przeznaczone s\u0105 do realizowania prac na wysoko\u015bciach. Zgodnie z klasyfikacj\u0105 do grupy urz\u0105dze\u0144 okre\u015blanych mianem podesty ruchome zaliczamy tak\u017ce podno\u015bniki, uprawnienia s\u0105 zatem niezb\u0119dne do ich obs\u0142ugi zgodnie z przepisami prawa. Najpopularniejsze z nich to podno\u015bniki koszowe. Dzi\u0119ki nim mo\u017cna \u0142atwo wznosi\u0107 na okre\u015blon\u0105 wysoko\u015b\u0107 osoby, materia\u0142y oraz wyposa\u017cenie, by prowadzi\u0107 prace budowlane, wyko\u0144czeniowe, monta\u017cowe, dekoratorskie, prace czy\u015bcicielskie oraz innego typu. Urz\u0105dzenia mog\u0105 by\u0107 umieszczone na ko\u0142ach lub samochodach \u2013 [&hellip;]<\/p>\n","protected":false},"author":1,"featured_media":3586,"parent":0,"menu_order":0,"comment_status":"closed","ping_status":"closed","template":"","meta":{"sfsi_plus_gutenberg_text_before_share":"","sfsi_plus_gutenberg_show_text_before_share":"","sfsi_plus_gutenberg_icon_type":"","sfsi_plus_gutenberg_icon_alignemt":"","sfsi_plus_gutenburg_max_per_row":"","footnotes":""},"class_list":["post-38","page","type-page","status-publish","has-post-thumbnail","hentry","has_thumb"],"aioseo_notices":[],"_links":{"self":[{"href":"https:\/\/kursy-udt.pl\/fr\/wp-json\/wp\/v2\/pages\/38","targetHints":{"allow":["GET"]}}],"collection":[{"href":"https:\/\/kursy-udt.pl\/fr\/wp-json\/wp\/v2\/pages"}],"about":[{"href":"https:\/\/kursy-udt.pl\/fr\/wp-json\/wp\/v2\/types\/page"}],"author":[{"embeddable":true,"href":"https:\/\/kursy-udt.pl\/fr\/wp-json\/wp\/v2\/users\/1"}],"replies":[{"embeddable":true,"href":"https:\/\/kursy-udt.pl\/fr\/wp-json\/wp\/v2\/comments?post=38"}],"version-history":[{"count":24,"href":"https:\/\/kursy-udt.pl\/fr\/wp-json\/wp\/v2\/pages\/38\/revisions"}],"predecessor-version":[{"id":4761,"href":"https:\/\/kursy-udt.pl\/fr\/wp-json\/wp\/v2\/pages\/38\/revisions\/4761"}],"wp:featuredmedia":[{"embeddable":true,"href":"https:\/\/kursy-udt.pl\/fr\/wp-json\/wp\/v2\/media\/3586"}],"wp:attachment":[{"href":"https:\/\/kursy-udt.pl\/fr\/wp-json\/wp\/v2\/media?parent=38"}],"curies":[{"name":"wp","href":"https:\/\/api.w.org\/{rel}","templated":true}]}}