{"id":3793,"date":"2022-05-20T11:19:59","date_gmt":"2022-05-20T11:19:59","guid":{"rendered":"https:\/\/kursy-udt.pl\/?page_id=3793"},"modified":"2023-03-20T12:56:15","modified_gmt":"2023-03-20T11:56:15","slug":"methodes-de-goutte-a-goutte","status":"publish","type":"page","link":"https:\/\/kursy-udt.pl\/fr\/szkolenia\/spawalnictwo-materialow\/metody-ciec\/","title":{"rendered":"Formation d'op\u00e9rateur de coupage de gaz\u00a0"},"content":{"rendered":"<p>Nous proposons un cours sur les torches \u00e0 ac\u00e9tyl\u00e8ne-oxyg\u00e8ne, \u00e0 plasma et \u00e9lectriques, qui comptent parmi les outils les plus utilis\u00e9s pour s\u00e9parer les m\u00e9taux \u00e0 faible teneur en carbone et faiblement alli\u00e9s. Dans notre centre, vous apprendrez toutes les informations n\u00e9cessaires pour travailler en tant qu'op\u00e9rateur.\u00a0\u00a0<\/p>\n\n\n\n<figure class=\"wp-block-image size-large is-resized\"><img loading=\"lazy\" decoding=\"async\" src=\"https:\/\/kursy-udt.pl\/wp-content\/uploads\/2022\/05\/oso.edu_.pl-0071.jpg\" alt=\"torches \u00e0 plasma\" width=\"821\" height=\"485\"\/><\/figure>\n\n\n\n<h2 class=\"wp-block-heading\">A qui s&#039;adresse notre formation ?&nbsp;<\/h2>\n\n\n\n<p>Pour tous ceux qui souhaitent acqu\u00e9rir des connaissances th\u00e9oriques et des comp\u00e9tences pratiques dans le domaine de l&#039;oxycoupage manuel.&nbsp;<\/p>\n\n\n\n<h2 class=\"wp-block-heading\">Quel est l&#039;objectif principal du cours?&nbsp;<\/h2>\n\n\n\n<p>Pr\u00e9paration pratique et th\u00e9orique des stagiaires \u00e0 la d\u00e9coupe manuelle au gaz avec ac\u00e9tyl\u00e8ne-oxyg\u00e8ne, plasma et flammes \u00e9lectriques.\u00a0<\/p>\n\n\n\n<p>Exigences de base avant le cours&nbsp;<\/p>\n\n\n\n<p>Chaque participant doit \u00eatre \u00e2g\u00e9 de plus de 18 ans et avoir une formation de base minimale.&nbsp;<\/p>\n\n\n\n<figure class=\"wp-block-embed is-type-video is-provider-youtube wp-block-embed-youtube wp-embed-aspect-16-9 wp-has-aspect-ratio\"><div class=\"wp-block-embed__wrapper\">\n<iframe loading=\"lazy\" title=\"COMPL\u00c9TEZ VOTRE FORMATION EN SOUDAGE AVEC NOUS ! DANS TOUT LE PAYS ! OBTENEZ VOS QUALIFICATIONS EN SOUDAGE !\" width=\"500\" height=\"281\" src=\"https:\/\/www.youtube.com\/embed\/Sn47FDJ5NSQ?feature=oembed\" frameborder=\"0\" allow=\"accelerometer; autoplay; clipboard-write; encrypted-media; gyroscope; picture-in-picture; web-share\" referrerpolicy=\"strict-origin-when-cross-origin\" allowfullscreen><\/iframe>\n<\/div><\/figure>\n\n\n\n<h2 class=\"wp-block-heading\">Programme d\u00e9taill\u00e9 des cours&nbsp;<\/h2>\n\n\n\n<p>La formation porte sur les sujets suivants :&nbsp;<\/p>\n\n\n\n<ul class=\"wp-block-list\">\n<li>r\u00e8gles <a href=\"https:\/\/kursy-udt.pl\/fr\/szkolenia\/bhp-bezpieczenstwo-pracy\/prawna-ochrona-pracy\/\">Sant\u00e9 et s\u00e9curit\u00e9<\/a> et les EPI dans le domaine de la coupe du gaz,&nbsp;<\/li>\n\n\n\n<li>les bases de la th\u00e9orie de la coupe au gaz,&nbsp;<\/li>\n\n\n\n<li>des r\u00e9ducteurs,&nbsp;<\/li>\n\n\n\n<li>l'\u00e9quipement pour le poste de travail de l'op\u00e9rateur de coupage au gaz,&nbsp;<\/li>\n\n\n\n<li>les gaz techniques pour la coupe,&nbsp;<\/li>\n\n\n\n<li>les manom\u00e8tres,&nbsp;<\/li>\n\n\n\n<li>les chalumeaux coupeurs \u00e0 gaz,&nbsp;<\/li>\n\n\n\n<li>bouteilles de gaz techniques avec manom\u00e8tre,&nbsp;<\/li>\n\n\n\n<li>les conduites de gaz techniques,&nbsp;<\/li>\n\n\n\n<li>la technologie de d\u00e9coupe au gaz,&nbsp;<\/li>\n\n\n\n<li>les machines de d\u00e9coupe au gaz semi-automatiques et automatiques,&nbsp;<\/li>\n\n\n\n<li>et des activit\u00e9s pratiques.&nbsp;<\/li>\n<\/ul>\n\n\n\n<h2 class=\"wp-block-heading\">Comment se d\u00e9roule l&#039;examen final ?&nbsp;<\/h2>\n\n\n\n<p>Apr\u00e8s la formation, il y aura un examen interne dans le domaine des apprentissages acquis au cours du programme.&nbsp;<\/p>\n\n\n\n<h2 class=\"wp-block-heading\">Admissibilit\u00e9 \u00e0 l'issue de la formation&nbsp;<\/h2>\n\n\n\n<p>Les participants qui r\u00e9ussissent l'examen re\u00e7oivent un certificat de fin de cours et tous les documents n\u00e9cessaires pour exercer la profession.&nbsp;<\/p>\n\n\n\n<figure class=\"wp-block-image size-large is-resized\"><img loading=\"lazy\" decoding=\"async\" src=\"https:\/\/kursy-udt.pl\/wp-content\/uploads\/2022\/05\/safety-equipment-1024x768-1.jpg\" alt=\"employ\u00e9 en v\u00eatements de protection\" width=\"722\" height=\"542\"\/><\/figure>\n\n\n\n<h2 class=\"wp-block-heading\">Types de coupe&nbsp;<\/h2>\n\n\n\n<p>Le coupage au gaz consiste \u00e0 porter un m\u00e9tal \u00e0 ce que l'on appelle sa temp\u00e9rature d'inflammation. Au contact du br\u00fbleur, il br\u00fble et s'\u00e9chappe sous forme d'oxyde m\u00e9tallique. Des chalumeaux bien con\u00e7us peuvent m\u00e9langer des proportions sp\u00e9cifiques de gaz combustible avec de l'oxyg\u00e8ne. Les gaz combustibles utilis\u00e9s sont le propane, le butane et l'ac\u00e9tyl\u00e8ne.\u00a0\u00a0<\/p>\n\n\n\n<p><strong>D\u00e9coupe \u00e0 l'ac\u00e9tyl\u00e8ne <\/strong>est une m\u00e9thode extr\u00eamement efficace en raison de sa capacit\u00e9 \u00e0 atteindre des temp\u00e9ratures \u00e9lev\u00e9es. Ses autres avantages sont la mobilit\u00e9, la haute qualit\u00e9 de la coupe des m\u00e9taux et la possibilit\u00e9 de m\u00e9caniser les processus de coupe \u00e0 l'aide de cette m\u00e9thode. Cette m\u00e9thode est utilis\u00e9e dans de nombreuses industries et, entre autres, dans les petits ateliers ou les grands halls de production.&nbsp;&nbsp;<\/p>\n\n\n\n<p><strong>Coupe au gaz<\/strong> peut \u00eatre utilis\u00e9 pour travailler la fonte, le bronze, le laiton, l'acier et divers alliages m\u00e9talliques, ainsi que pour le brasage, le chauffage ou la cuisson. Le soudage au gaz consiste \u00e0 chauffer la pi\u00e8ce \u00e0 l'aide d'une flamme \u00e0 une temp\u00e9rature appropri\u00e9e afin qu'elle se d\u00e9grade et change d'\u00e9tat d'agr\u00e9gation. Il est ainsi possible de souder ou de s\u00e9parer durablement des pi\u00e8ces d'acier d'une \u00e9paisseur allant jusqu'\u00e0 300 mm. Le choix du type de chalumeau est d\u00e9terminant pour l'effet et la qualit\u00e9 de la coupe. Une torche plus petite signifie un jet plus petit. Cela se traduit par une plus grande pr\u00e9cision. Les chalumeaux sont utilis\u00e9s pour le d\u00e9coupage, mais aussi pour le soudage. Cependant, tous les m\u00e9taux ne se pr\u00eatent pas \u00e0 cette m\u00e9thode. Les m\u00e9taux appropri\u00e9s sont le bronze, le laiton, la fonte, le fer, le tungst\u00e8ne et le titane.&nbsp;&nbsp;<\/p>\n\n\n<div class=\"wp-block-image\">\n<figure class=\"alignright size-large is-resized\"><img loading=\"lazy\" decoding=\"async\" src=\"https:\/\/kursy-udt.pl\/wp-content\/uploads\/2022\/05\/MESSER_Cutting_torch_set.jpg\" alt=\"coupe au gaz\" width=\"355\" height=\"266\"\/><\/figure>\n<\/div>\n\n\n<p><strong>D\u00e9coupe au plasma<\/strong> vise \u00e0 faire fondre et \u00e0 \u00e9jecter le m\u00e9tal de la fente de coupe au moyen d'un arc \u00e9lectrique tr\u00e8s concentr\u00e9 \u00e0 haute \u00e9nergie cin\u00e9tique, qui s'allume entre la pi\u00e8ce \u00e0 couper et l'\u00e9lectrode non fusible. Le plasma est g\u00e9n\u00e9r\u00e9 par une torche. Le passage d'un flux de gaz comprim\u00e9 \u00e0 travers l'arc \u00e9lectrique provoque une ionisation et, gr\u00e2ce \u00e0 une densit\u00e9 de puissance \u00e9lev\u00e9e, produit un jet. Une tuy\u00e8re, situ\u00e9e dans la torche, concentre l'arc de plasma. Les parois de la tuy\u00e8re sont refroidies et provoquent un resserrement de la colonne. Cette m\u00e9thode utilise une temp\u00e9rature \u00e9lev\u00e9e (10000\u00f730000K) au c\u0153ur de l'arc de plasma et une vitesse de jet extr\u00eamement \u00e9lev\u00e9e. Le mat\u00e9riau est ainsi fondu et projet\u00e9 hors de la fente. Dans cette m\u00e9thode, le gaz utilis\u00e9 est souvent de l'air. Les appareils plus puissants utilisent principalement de l'hydrog\u00e8ne, de l'argon, du dioxyde de carbone, de l'azote et des m\u00e9langes argon-h\u00e9lium ou argon-hydrog\u00e8ne. Le jet de plasma peut d\u00e9couper des mat\u00e9riaux conducteurs d'\u00e9lectricit\u00e9 en cuivre, aluminium et ses alliages, laiton, aciers alli\u00e9s ou au carbone et fonte.\u00a0<\/p>\n\n\n\n<h2 class=\"wp-block-heading\">Nous distinguons les avantages et les inconv\u00e9nients de l'\u00e9crasement au gaz.&nbsp;<\/h2>\n\n\n\n<p><strong>Avantages:<\/strong>&nbsp;<\/p>\n\n\n\n<ul class=\"wp-block-list\">\n<li>petite zone d'impact de la coupe,&nbsp;<\/li>\n\n\n\n<li>bonne qualit\u00e9 de surface,&nbsp;<\/li>\n\n\n\n<li>petit \u00e9cart,&nbsp;<\/li>\n\n\n\n<li>perc\u00e9e rapide,&nbsp;<\/li>\n\n\n\n<li>l'automatisation simple du processus,&nbsp;<\/li>\n\n\n\n<li>gamme de coupe - de 0,5 mm \u00e0 160 mm,\u00a0<\/li>\n\n\n\n<li>une coupe verticale efficace,&nbsp;<\/li>\n\n\n\n<li>faible d\u00e9formation thermique,&nbsp;<\/li>\n\n\n\n<li>vitesse de coupe environ 6 fois sup\u00e9rieure \u00e0 celle de l'oxygaz,\u00a0<\/li>\n\n\n\n<li>peu d'effet de la temp\u00e9rature sur le composant,&nbsp;<\/li>\n\n\n\n<li>pas d'incin\u00e9ration de mat\u00e9riaux fins.&nbsp;<\/li>\n<\/ul>\n\n\n\n<p><strong>D\u00e9savantages<\/strong>:&nbsp;<\/p>\n\n\n\n<ul class=\"wp-block-list\">\n<li>des changements dans la zone d'impact de la coupe,&nbsp;<\/li>\n\n\n\n<li>le bruit (ne s'applique pas \u00e0 la coupe sous l'eau),&nbsp;<\/li>\n\n\n\n<li>un fort rayonnement UV,&nbsp;<\/li>\n\n\n\n<li>difficult\u00e9s \u00e0 maintenir la perpendicularit\u00e9 des bords,&nbsp;<\/li>\n\n\n\n<li>grande quantit\u00e9 de fum\u00e9es et de gaz nocifs pour la sant\u00e9.&nbsp;<\/li>\n<\/ul>\n\n\n\n<p>&nbsp;<br><strong>Si vous avez des questions sur le cours, n'h\u00e9sitez pas \u00e0 nous contacter !<\/strong><\/p>\n\n\n\n<figure class=\"wp-block-image size-large is-resized\"><img loading=\"lazy\" decoding=\"async\" src=\"https:\/\/kursy-udt.pl\/wp-content\/uploads\/2023\/01\/Reklama-Na-Kursy-7-1.png\" alt=\"Formation ERGON\" width=\"772\" height=\"482\"\/><\/figure>","protected":false},"excerpt":{"rendered":"<p>Oferujemy kurs na palniki acetylenowo\u2013tlenowe, plazmowe i elektryczne, kt\u00f3re s\u0105 jednymi z najpopularniejszych narz\u0119dzi wykorzystywanych do rozdzielania metali niskow\u0119glowych i niskostopowych. W naszym o\u015brodku dowiesz si\u0119 wszystkich niezb\u0119dnych informacji dotycz\u0105cych pracy jako operator.\u00a0\u00a0 Dla kogo przeznaczone jest nasze szkolenie?&nbsp; Dla wszystkich os\u00f3b, kt\u00f3re chcia\u0142yby zdoby\u0107 wiedz\u0119 teoretyczn\u0105 oraz umiej\u0119tno\u015bci praktyczne w temacie r\u0119cznego ci\u0119cia gazowego.&nbsp; Jaki jest g\u0142\u00f3wny cel kursu?&nbsp; Praktyczne oraz teoretyczne przygotowanie kursant\u00f3w do r\u0119cznego ci\u0119cia gazowego p\u0142omieniem acetylenowo\u2013tlenowym, plazmowym i elektrycznym.\u00a0 Podstawowe wymagania przed przyst\u0105pieniem do kursu&nbsp; Ka\u017cdy uczestnik musi mie\u0107 uko\u0144czone 18 lat i posiada\u0107 minimum wykszta\u0142cenie podstawowe.&nbsp; Szczeg\u00f3\u0142owy program kursu&nbsp; Szkolenie obejmuje nast\u0119puj\u0105ce zagadnienia tematyczne:&nbsp; Jak przebiega egzamin ko\u0144cowy?&nbsp; Po szkoleniu odb\u0119dzie si\u0119 egzamin wewn\u0119trzny z zakresu nauki zdobytej podczas trwania programu.&nbsp; Uprawnienia uzyskiwane po uko\u0144czeniu kursu&nbsp; Uczestnicy, kt\u00f3rzy pozytywnie zdali egzamin, otrzymuj\u0105 \u015bwiadectwo uko\u0144czenia kursu oraz wszystkie niezb\u0119dne dokumenty pozwalaj\u0105ce na prac\u0119 w zawodzie.&nbsp; Rodzaje ci\u0119\u0107&nbsp; Ci\u0119cie gazowe polega na doprowadzeniu metalu do tzw. temperatury zap\u0142onu. W kontakcie z palnikiem ulega on spaleniu, po czym ulatnia si\u0119 w postaci tlenku metalu. Odpowiednio zaprojektowane palniki potrafi\u0105 wymiesza\u0107 konkretne proporcje gazu palnego z tlenem. Jako gaz palny wykorzystuje si\u0119 materia\u0142y takie jak propan\u2013butan i acetylen.\u00a0\u00a0 Ci\u0119cie z acetylenem jest niezwykle efektywnym sposobem ze wzgl\u0119du na w\u0142a\u015bciwo\u015bci osi\u0105gania wysokich temperatur. Jego dodatkow\u0105 zalet\u0105 jest mobilno\u015b\u0107, wysoka jako\u015b\u0107 ci\u0119cia metali oraz opcja zmechanizowania proces\u00f3w ci\u0119cia przy ich u\u017cyciu. Metoda ta jest wykorzystywana w wielu ga\u0142\u0119ziach przemys\u0142u oraz m.in. w ma\u0142ych warsztatach lub wielkich halach produkcyjnych.&nbsp;&nbsp; Ci\u0119cia gazowego mo\u017cna u\u017cywa\u0107 do obr\u00f3bki \u017celiwa, br\u0105zu, mosi\u0105dzu, stali oraz r\u00f3\u017cnych stop\u00f3w metali, a tak\u017ce do lutowania, [&hellip;]<\/p>\n","protected":false},"author":6,"featured_media":3795,"parent":2802,"menu_order":0,"comment_status":"closed","ping_status":"closed","template":"","meta":{"sfsi_plus_gutenberg_text_before_share":"","sfsi_plus_gutenberg_show_text_before_share":"","sfsi_plus_gutenberg_icon_type":"","sfsi_plus_gutenberg_icon_alignemt":"","sfsi_plus_gutenburg_max_per_row":"","footnotes":""},"class_list":["post-3793","page","type-page","status-publish","has-post-thumbnail","hentry","has_thumb"],"aioseo_notices":[],"_links":{"self":[{"href":"https:\/\/kursy-udt.pl\/fr\/wp-json\/wp\/v2\/pages\/3793","targetHints":{"allow":["GET"]}}],"collection":[{"href":"https:\/\/kursy-udt.pl\/fr\/wp-json\/wp\/v2\/pages"}],"about":[{"href":"https:\/\/kursy-udt.pl\/fr\/wp-json\/wp\/v2\/types\/page"}],"author":[{"embeddable":true,"href":"https:\/\/kursy-udt.pl\/fr\/wp-json\/wp\/v2\/users\/6"}],"replies":[{"embeddable":true,"href":"https:\/\/kursy-udt.pl\/fr\/wp-json\/wp\/v2\/comments?post=3793"}],"version-history":[{"count":7,"href":"https:\/\/kursy-udt.pl\/fr\/wp-json\/wp\/v2\/pages\/3793\/revisions"}],"predecessor-version":[{"id":5526,"href":"https:\/\/kursy-udt.pl\/fr\/wp-json\/wp\/v2\/pages\/3793\/revisions\/5526"}],"up":[{"embeddable":true,"href":"https:\/\/kursy-udt.pl\/fr\/wp-json\/wp\/v2\/pages\/2802"}],"wp:featuredmedia":[{"embeddable":true,"href":"https:\/\/kursy-udt.pl\/fr\/wp-json\/wp\/v2\/media\/3795"}],"wp:attachment":[{"href":"https:\/\/kursy-udt.pl\/fr\/wp-json\/wp\/v2\/media?parent=3793"}],"curies":[{"name":"wp","href":"https:\/\/api.w.org\/{rel}","templated":true}]}}