{"id":3656,"date":"2022-03-22T12:27:15","date_gmt":"2022-03-22T12:27:15","guid":{"rendered":"https:\/\/kursy-udt.pl\/?page_id=3656"},"modified":"2023-03-20T10:21:06","modified_gmt":"2023-03-20T09:21:06","slug":"methode-de-soudage-mma","status":"publish","type":"page","link":"https:\/\/kursy-udt.pl\/fr\/publikacje\/spawalnictwo-materialow\/mma-metoda-spawania\/","title":{"rendered":"Qu&#039;est-ce que le MMA, la m\u00e9thode de soudage la plus courante"},"content":{"rendered":"<div class=\"wp-block-image\">\n<figure class=\"alignright size-large is-resized\"><img loading=\"lazy\" decoding=\"async\" src=\"https:\/\/kursy-udt.pl\/wp-content\/uploads\/2022\/03\/welding-history-fairlawn-min.jpg\" alt=\"soudeur au travail\" width=\"417\" height=\"289\"\/><\/figure>\n<\/div>\n\n\n<p>Le MMA (soudage manuel \u00e0 l'arc) est une m\u00e9thode tr\u00e8s populaire pour r\u00e9aliser des joints soud\u00e9s. C'est \u00e9galement l'une des m\u00e9thodes les moins compliqu\u00e9es et les plus rentables de son genre. Les activit\u00e9s de soudage sur le terrain sont souvent r\u00e9alis\u00e9es \u00e0 l'aide du MMA en raison de la possibilit\u00e9 d'utiliser un \u00e9quipement mobile. La polyvalence du MMA est \u00e9galement due \u00e0 son utilisation pour assembler, par exemple, de l'acier, de la fonte et, plus rarement, des m\u00e9taux non ferreux et leurs alliages, tels que le cuivre, le nickel et l'aluminium. Que devez-vous savoir de plus sur le soudage avec cette m\u00e9thode ?&nbsp;&nbsp;&nbsp;&nbsp;<\/p>\n\n\n\n<h2 class=\"wp-block-heading\">Les bases du MMA&nbsp;<\/h2>\n\n\n\n<p>La technique de soudage MMA est \u00e9galement connue sous d'autres noms : m\u00e9thode 111 et soudage \u00e0 l'\u00e9lectrode couverte. Ce dernier nom fait r\u00e9f\u00e9rence \u00e0 l'utilisation d'un accessoire sp\u00e9cifique dans le processus de soudage. Il s'agit d'une \u00e9lectrode compos\u00e9e d'une \u00e2me (un \u00e9l\u00e9ment m\u00e9tallique) et d'un rev\u00eatement sp\u00e9cial (une masse de couverture de diverses compositions chimiques) qui la prot\u00e8ge. L'\u00e9lectrode g\u00e9n\u00e8re un arc \u00e9lectrique entre elle et les mat\u00e9riaux \u00e0 assembler. Pendant ce temps, sous l'effet d'une \u00e9nergie thermique \u00e0 tr\u00e8s haute temp\u00e9rature, le rev\u00eatement fond en lib\u00e9rant des vapeurs de gaz et du laitier. Leur fonction est principalement de prot\u00e9ger le joint soud\u00e9 de l'atmosph\u00e8re et des mat\u00e9riaux qui se solidifient trop rapidement.&nbsp;&nbsp;&nbsp;<\/p>\n\n\n\n<h2 class=\"wp-block-heading\">MMA vs TIG, MIG, MAG&nbsp;<\/h2>\n\n\n\n<p>La principale diff\u00e9rence entre le MMA et les m\u00e9thodes TIG, MIG et MAG est la longueur de l'\u00e9lectrode. Avec la m\u00e9thode MMA, sa longueur est susceptible de se raccourcir, de sorte que le porte-\u00e9lectrode reste \u00e0 une distance variable de la pi\u00e8ce \u00e0 souder. Il faut donc s'efforcer de maintenir une distance constante entre le bain de soudure (couche de mat\u00e9riau en fusion) et l'\u00e9lectrode elle-m\u00eame. Une telle comp\u00e9tence requiert \u00e0 la fois des connaissances th\u00e9oriques et une formation pratique. Si vous souhaitez acqu\u00e9rir des connaissances avanc\u00e9es en mati\u00e8re de techniques de soudage, venez suivre notre formation UDT chez ERGON.&nbsp;&nbsp;&nbsp;<\/p>\n\n\n<div class=\"wp-block-image\">\n<figure class=\"alignright size-large is-resized\"><img loading=\"lazy\" decoding=\"async\" src=\"https:\/\/kursy-udt.pl\/wp-content\/uploads\/2022\/03\/817783.jpg\" alt=\"\u00e9lectrode de calorifugeage\" width=\"442\" height=\"249\"\/><\/figure>\n<\/div>\n\n\n<h2 class=\"wp-block-heading\">S\u00fbret\u00e9 et s\u00e9curit\u00e9&nbsp;<\/h2>\n\n\n\n<p>La s\u00e9curit\u00e9 des travaux de soudage repose sur la pr\u00e9vention des br\u00fblures des yeux, de la peau et des cheveux et de l'intoxication par les fum\u00e9es, ainsi que sur la pr\u00e9vention des incendies. Il ne faut pas oublier que l'arc de l'\u00e9lectrode n'est pas prot\u00e9g\u00e9 et que, par cons\u00e9quent, des mesures de s\u00e9curit\u00e9 telles que des visi\u00e8res sp\u00e9ciales, des \u00e9crans de protection et des gants sp\u00e9cialis\u00e9s doivent \u00eatre mises en \u0153uvre. Pour prot\u00e9ger l'environnement, des \u00e9crans de protection peuvent \u00eatre utilis\u00e9s et des solutions de contr\u00f4le de la ventilation peuvent \u00eatre mises en \u0153uvre.&nbsp;&nbsp;&nbsp;<\/p>\n\n\n\n<h2 class=\"wp-block-heading\">Comment acqu\u00e9rir les comp\u00e9tences et les qualifications d'un soudeur ?&nbsp;<\/h2>\n\n\n\n<p>ERGON est un centre de formation professionnelle pr\u00e9sent sur le march\u00e9 depuis plusieurs ann\u00e9es. Durant cette p\u00e9riode, nous avons r\u00e9pondu aux attentes de nombreux stagiaires qui, \u00e0 l'issue de leur formation et de leur certification, ont \u00e9t\u00e9 dot\u00e9s de connaissances et de comp\u00e9tences solides et ont acquis <a href=\"https:\/\/kursy-udt.pl\/fr\/uprawnienia-udt\/kategorie-uprawnien-2\/\">droits<\/a> essentiels \u00e0 leur travail. Nous proposons des cours et des formations UDT o\u00f9 nous vous formons, vous ou vos employ\u00e9s, au m\u00e9tier. Nous nous r\u00e9jouissons de vous accueillir pour une formation. Si vous avez des questions ou des pr\u00e9occupations, nos consultants sont \u00e0 votre disposition.&nbsp;&nbsp;&nbsp;<\/p>\n\n\n\n<figure class=\"wp-block-image size-large is-resized\"><img loading=\"lazy\" decoding=\"async\" src=\"https:\/\/kursy-udt.pl\/wp-content\/uploads\/2022\/03\/stick_welding.jpg\" alt=\"poste de soudure\" width=\"837\" height=\"628\"\/><\/figure>","protected":false},"excerpt":{"rendered":"<p>Spawanie MMA (ang. manual metal arc welding) jest bardzo popularn\u0105 metod\u0105 wykonywania po\u0142\u0105cze\u0144 spawanych. Jest tak\u017ce jedn\u0105 z najmniej skomplikowanych, a jednocze\u015bnie najbardziej ekonomicznych metod tego rodzaju. Czynno\u015bci spawania w terenie cz\u0119sto wykonuje si\u0119 technik\u0105 MMA, dzi\u0119ki mo\u017cliwo\u015bci wykorzystania mobilnego sprz\u0119tu. Uniwersalno\u015b\u0107 MMA wynika tak\u017ce z jej zastosowania do \u0142\u0105czenia np. stali, \u017celiwa, a rzadziej tak\u017ce metali nie\u017celaznych i ich stop\u00f3w np. miedzi, niklu, aluminium. Co jeszcze nale\u017cy wiedzie\u0107 o spawaniu t\u0105 metod\u0105?&nbsp;&nbsp;&nbsp;&nbsp; Podstawy MMA&nbsp; Technika spawania MMA znana jest tak\u017ce pod innymi nazwami: metoda 111 oraz spawanie elektrod\u0105 otulon\u0105. Ostatnia z tych nazw jest nawi\u0105zaniem do zastosowania konkretnego akcesorium w procesie zespalania materia\u0142\u00f3w. Jest nim elektroda zbudowana z rdzenia (element metaliczny) i os\u0142aniaj\u0105cej go specjalnej otuliny (masa okrywaj\u0105ca o r\u00f3\u017cnym sk\u0142adzie chemicznym). Elektroda wytwarza \u0142uk elektryczny pomi\u0119dzy ni\u0105 a materia\u0142ami, kt\u00f3re maj\u0105 zosta\u0107 po\u0142\u0105czone. W tym czasie, pod wp\u0142ywem energii cieplnej o bardzo wysokiej temperaturze, otulina topi si\u0119, uwalniaj\u0105c opary gazu oraz \u017cu\u017cel. Ich zadaniem jest g\u0142\u00f3wnie ochrona po\u0142\u0105czenia spawanego przed wp\u0142ywem atmosfery i zbyt szybkim zakrzepni\u0119ciem materia\u0142\u00f3w.&nbsp;&nbsp;&nbsp; MMA a TIG, MIG, MAG&nbsp; Kluczow\u0105 r\u00f3\u017cnic\u0105 pomi\u0119dzy MMA a metodami TIG, MIG, MAG jest d\u0142ugo\u015b\u0107 elektrody. W wypadku MMA, jej d\u0142ugo\u015b\u0107 podlega skracaniu, tak wi\u0119c uchwyt elektrody pozostaje w zmiennej odleg\u0142o\u015bci od przedmiotu spawania. W zwi\u0105zku z tym, nale\u017cy d\u0105\u017cy\u0107 do utrzymania sta\u0142ej odleg\u0142o\u015bci mi\u0119dzy jeziorkiem spawalniczym (stopiona warstwa materia\u0142u) a sam\u0105 elektrod\u0105. Taka umiej\u0119tno\u015b\u0107 wymaga zar\u00f3wno znajomo\u015bci rzeczy, jak i praktycznego treningu. Je\u015bli chcia\u0142by\u015b uzyska\u0107 zaawansowan\u0105 wiedz\u0119 o technikach spawalniczych, zapraszamy na nasze szkolenie UDT w ERGON.&nbsp;&nbsp;&nbsp; Bezpiecze\u0144stwo i ochrona&nbsp; Bezpiecze\u0144stwo wykonania prac spawalniczych [&hellip;]<\/p>\n","protected":false},"author":6,"featured_media":3647,"parent":2737,"menu_order":0,"comment_status":"closed","ping_status":"closed","template":"","meta":{"sfsi_plus_gutenberg_text_before_share":"","sfsi_plus_gutenberg_show_text_before_share":"","sfsi_plus_gutenberg_icon_type":"","sfsi_plus_gutenberg_icon_alignemt":"","sfsi_plus_gutenburg_max_per_row":"","footnotes":""},"class_list":["post-3656","page","type-page","status-publish","has-post-thumbnail","hentry","has_thumb"],"aioseo_notices":[],"_links":{"self":[{"href":"https:\/\/kursy-udt.pl\/fr\/wp-json\/wp\/v2\/pages\/3656","targetHints":{"allow":["GET"]}}],"collection":[{"href":"https:\/\/kursy-udt.pl\/fr\/wp-json\/wp\/v2\/pages"}],"about":[{"href":"https:\/\/kursy-udt.pl\/fr\/wp-json\/wp\/v2\/types\/page"}],"author":[{"embeddable":true,"href":"https:\/\/kursy-udt.pl\/fr\/wp-json\/wp\/v2\/users\/6"}],"replies":[{"embeddable":true,"href":"https:\/\/kursy-udt.pl\/fr\/wp-json\/wp\/v2\/comments?post=3656"}],"version-history":[{"count":7,"href":"https:\/\/kursy-udt.pl\/fr\/wp-json\/wp\/v2\/pages\/3656\/revisions"}],"predecessor-version":[{"id":5508,"href":"https:\/\/kursy-udt.pl\/fr\/wp-json\/wp\/v2\/pages\/3656\/revisions\/5508"}],"up":[{"embeddable":true,"href":"https:\/\/kursy-udt.pl\/fr\/wp-json\/wp\/v2\/pages\/2737"}],"wp:featuredmedia":[{"embeddable":true,"href":"https:\/\/kursy-udt.pl\/fr\/wp-json\/wp\/v2\/media\/3647"}],"wp:attachment":[{"href":"https:\/\/kursy-udt.pl\/fr\/wp-json\/wp\/v2\/media?parent=3656"}],"curies":[{"name":"wp","href":"https:\/\/api.w.org\/{rel}","templated":true}]}}