{"id":3620,"date":"2022-01-12T23:26:51","date_gmt":"2022-01-12T23:26:51","guid":{"rendered":"https:\/\/kursy-udt.pl\/?page_id=3620"},"modified":"2026-04-14T10:59:55","modified_gmt":"2026-04-14T08:59:55","slug":"fibres-optiques","status":"publish","type":"page","link":"https:\/\/kursy-udt.pl\/fr\/szkolenia\/spawalnictwo-materialow\/swiatlowodow\/","title":{"rendered":"Stage soudure fibre optique"},"content":{"rendered":"<p><span data-ccp-props=\"{&quot;201341983&quot;:0,&quot;335559739&quot;:160,&quot;335559740&quot;:256}\"><img loading=\"lazy\" decoding=\"async\" class=\"paddingleft10 alignleft wp-image-3621 size-medium\" src=\"https:\/\/kursy-udt.pl\/wp-content\/uploads\/2022\/01\/s2-300x200.jpg\" alt=\"Vaut-il la peine de devenir soudeur fibre ?\" width=\"300\" height=\"200\" srcset=\"https:\/\/kursy-udt.pl\/wp-content\/uploads\/2022\/01\/s2-300x200.jpg 300w, https:\/\/kursy-udt.pl\/wp-content\/uploads\/2022\/01\/s2-1024x683.jpg 1024w, https:\/\/kursy-udt.pl\/wp-content\/uploads\/2022\/01\/s2-768x512.jpg 768w, https:\/\/kursy-udt.pl\/wp-content\/uploads\/2022\/01\/s2-624x416.jpg 624w, https:\/\/kursy-udt.pl\/wp-content\/uploads\/2022\/01\/s2.jpg 1357w\" sizes=\"auto, (max-width: 300px) 100vw, 300px\" \/><\/span><span data-contrast=\"auto\">Depuis de nombreuses ann\u00e9es dans le monde, et depuis plusieurs ann\u00e9es en Pologne, nous observons un int\u00e9r\u00eat croissant pour la technologie de la fibre optique et sa mise en \u0153uvre accrue par les entreprises de t\u00e9l\u00e9communications. Par cons\u00e9quent, la demande de ces entreprises pour des sp\u00e9cialistes hautement qualifi\u00e9s - des installateurs de r\u00e9seaux \u00e0 fibre optique augmente rapidement. L&#039;une des caract\u00e9ristiques les plus importantes - avantages d&#039;un installateur, tr\u00e8s souhaitable dans cette profession est la possibilit\u00e9 d&#039;effectuer des \u00e9pissures de fibre optique.\u00a0<\/span><span data-ccp-props=\"{&quot;201341983&quot;:0,&quot;335559739&quot;:160,&quot;335559740&quot;:256}\">\u00a0<\/span><\/p>\n<p><span data-contrast=\"auto\">Par cons\u00e9quent, la soci\u00e9t\u00e9 ERGON, comprenant la situation actuelle sur le march\u00e9 du travail, organise des cours de soudage par fibre optique et, gr\u00e2ce \u00e0 une approche professionnelle, forme avec succ\u00e8s du personnel sp\u00e9cialis\u00e9 dans ce m\u00e9tier. Les formations dispens\u00e9es s&#039;adressent non seulement aux installateurs exp\u00e9riment\u00e9s, mais \u00e9galement \u00e0 tous ceux qui souhaitent acqu\u00e9rir les connaissances et les comp\u00e9tences d&#039;un futur soudeur fibre optique.<\/span><span data-ccp-props=\"{&quot;201341983&quot;:0,&quot;335559739&quot;:160,&quot;335559740&quot;:256}\">\u00a0<\/span><\/p>\n<p><span data-contrast=\"auto\">Le soudage de fibres optiques n&#039;est pas une t\u00e2che compliqu\u00e9e ou difficile en soi, mais il n\u00e9cessite de l&#039;exactitude et de la pr\u00e9cision dans l&#039;ex\u00e9cution de la proc\u00e9dure \u00e9tape par \u00e9tape de leur assemblage. Il est vrai qu&#039;il s&#039;agit d&#039;un processus technologiquement avanc\u00e9 en raison de la construction des fibres optiques elles-m\u00eames et n\u00e9cessite l&#039;utilisation d&#039;\u00e9quipements sp\u00e9cialis\u00e9s sous la forme de soudeurs, de compteurs de puissance optique, de coupeurs de fibre optique, etc., ce n&#039;est pas une connaissance secr\u00e8te et est accessible \u00e0 tous ceux qui le souhaitent. Ces connaissances peuvent \u00eatre acquises lors de formations men\u00e9es, entre autres, chez ERGON, o\u00f9 nous apprendrons non seulement les probl\u00e8mes li\u00e9s au soudage lui-m\u00eame, mais aussi les connaissances g\u00e9n\u00e9rales sur la technologie de la fibre optique nous seront pr\u00e9sent\u00e9es plus largement.<\/span><span data-ccp-props=\"{&quot;201341983&quot;:0,&quot;335559739&quot;:160,&quot;335559740&quot;:256}\">\u00a0<\/span><\/p>\n<h2><strong>Entra\u00eenement<\/strong><\/h2>\n<p>Pendant le cours, gr\u00e2ce au personnel hautement qualifi\u00e9 d&#039;instructeurs, nous acquerrons les connaissances th\u00e9oriques et pratiques n\u00e9cessaires au bon d\u00e9roulement des op\u00e9rations dans le processus de soudage des fibres optiques. Nous nous familiariserons avec les types de c\u00e2bles \u00e0 fibres optiques et leur structure de construction. Nous apprendrons les instruments, les outils et les techniques de leur utilisation dans la pr\u00e9paration de l&#039;installation juste avant de faire la soudure. Nous d\u00e9couvrirons la multitude de types de mod\u00e8les de machines \u00e0 souder \u00e0 fibre optique existants et les diff\u00e9rences entre eux r\u00e9sultant principalement de leurs limites en termes de pr\u00e9cision et de qualit\u00e9 des soudures r\u00e9alis\u00e9es. Nous nous familiariserons avec des exemples d&#039;appareils, leurs instructions de fonctionnement, les possibilit\u00e9s d&#039;une machine \u00e0 souder donn\u00e9e, ses fonctions, ainsi que les options programm\u00e9es pour connecter des fibres optiques. Nous apprendrons \u00e9galement l&#039;\u00e9valuation finale de la qualit\u00e9 de la soudure que nous avons r\u00e9alis\u00e9e sur la base d&#039;une inspection visuelle ainsi que l&#039;interpr\u00e9tation correcte du r\u00e9sultat du diagnostic estim\u00e9 effectu\u00e9 par l&#039;appareil - le soudeur.<\/p>\n<ul>\n<li>Vaut-il la peine de devenir soudeur fibre ?<\/li>\n<li>Vaut-il vraiment la peine d&#039;investir sur soi-m\u00eame, pas beaucoup de temps n\u00e9cessaire pour participer \u00e0 la formation\u00a0?<\/li>\n<li>Vaut-il la peine d&#039;apprendre un nouveau m\u00e9tier avec des ressources financi\u00e8res limit\u00e9es ?<\/li>\n<\/ul>\n<div style=\"width: 640px;\" class=\"wp-video\"><video id=\"video-3620-1\" width=\"640\" height=\"360\" poster=\"https:\/\/kursy-udt.pl\/wp-content\/uploads\/2023\/02\/jpg_20230127_112831_0000.jpg\" preload=\"metadata\" controls=\"controls\"><source type=\"video\/mp4\" src=\"https:\/\/kursy-udt.pl\/wp-content\/uploads\/2023\/02\/ACCEPTED-spawacz-swiatlowodOW-4K-kursy-udt.mp4?_=1\" \/><a href=\"https:\/\/kursy-udt.pl\/wp-content\/uploads\/2023\/02\/ACCEPTED-spawacz-swiatlowodOW-4K-kursy-udt.mp4\">https:\/\/kursy-udt.pl\/wp-content\/uploads\/2023\/02\/ACCEPTED-spawacz-swiatlowodOW-4K-kursy-udt.mp4<\/a><\/video><\/div>\n\n\n<p>La r\u00e9ponse semble sans ambigu\u00eft\u00e9 et \u00e9vidente. Et \u00e7a devrait vraiment l&#039;\u00eatre. Compte tenu de la situation actuelle sur le march\u00e9 du travail et de la demande croissante de sp\u00e9cialistes dans cette profession, directement li\u00e9e \u00e0 l&#039;implication croissante des entreprises de t\u00e9l\u00e9communications et \u00e0 l&#039;ampleur avec laquelle nous traitons la transition vers la technologie de la fibre optique, nous pouvons supposer que cette \u00e9tat de choses se poursuivra pendant de nombreuses ann\u00e9es. Cela \u00e9tant dit, la r\u00e9ponse devrait \u00eatre oui ! Absolument! Devenez soudeur fibre optique !<\/p>\n\n\n\n<p>ERGON intervient depuis de nombreuses ann\u00e9es dans diff\u00e9rents types de formations professionnelles. Gr\u00e2ce \u00e0 cela, il poss\u00e8de une vaste exp\u00e9rience acquise au cours de son exploitation. ERGON dispose du personnel social et technique appropri\u00e9 pour dispenser des cours didactiques, gr\u00e2ce auquel il est en mesure d&#039;organiser et d&#039;adapter ses formations, en tenant compte des besoins individuels des clients individuels et collectifs.<\/p>\n\n\n\n<p><strong>Les participants \u00e0 la formation peuvent compter sur :&nbsp;&nbsp;<\/strong><\/p>\n\n\n\n<ul class=\"wp-block-list\">\n<li>Le nombre d&#039;heures de cours pratiques et th\u00e9oriques pr\u00e9cis\u00e9 lors de l&#039;achat (stationnaire ou en ligne)<\/li>\n\n\n\n<li>Supports de formation sous forme \u00e9lectronique pour certains cours sous forme papier<\/li>\n\n\n\n<li>Acc\u00e8s \u00e0 une plateforme de formation avec des tests de connaissances et du mat\u00e9riel suppl\u00e9mentaire<\/li>\n\n\n\n<li>Acc\u00e8s \u00e0 divers types d&#039;appareils, \u00e9quipements de sant\u00e9 et de s\u00e9curit\u00e9 fournis, harnais, gilets, etc. lors des cours pratiques<\/li>\n\n\n\n<li>Passer un examen externe (ne s&#039;applique pas aux formations pour lesquelles un examen n&#039;est pas pr\u00e9vu)<\/li>\n\n\n\n<li>Selon les besoins de l&#039;employeur, attestation de fin de formation\/examen sous forme de suppl\u00e9ment simplifi\u00e9<\/li>\n\n\n\n<li>Rafra\u00eechissements pendant les pauses : caf\u00e9, th\u00e9, biscuits<\/li>\n\n\n\n<li>Aide au logement, organisation des repas - sur la base d&#039;arrangements s\u00e9par\u00e9s<\/li>\n<\/ul>\n\n\n\n<h2 class=\"wp-block-heading\">Certifications pour la fibre optique - le d\u00e9veloppement professionnel dans la pratique<\/h2>\n\n\n\n<p>Le cours CFOS\/S vous introduit dans le monde du soudage professionnel des fibres, tout en d\u00e9montrant comment vos comp\u00e9tences s'int\u00e8grent dans le parcours de certification complet des techniciens en fibres.<\/p>\n\n\n\n<h3 class=\"wp-block-heading\">CFOT - Technicien certifi\u00e9 en fibres optiques<\/h3>\n\n\n\n<p>Un certificat de base pour les d\u00e9butants, couvrant l'installation, le fonctionnement et les mesures de base des fibres optiques.<\/p>\n\n\n\n<h3 class=\"wp-block-heading\">CFOS\/O - Usine ext\u00e9rieure<\/h3>\n\n\n\n<p>Sp\u00e9cialis\u00e9 dans la construction et l'entretien de r\u00e9seaux ext\u00e9rieurs - dans le sol, les \u00e9gouts et les poteaux.<\/p>\n\n\n\n<h3 class=\"wp-block-heading\">CFOS\/S - \u00c9pissage<\/h3>\n\n\n\n<p>Cours pratique ax\u00e9 sur le soudage professionnel des fibres : pr\u00e9paration, soudage, fixation et contr\u00f4le de la qualit\u00e9 des joints.<\/p>\n\n\n\n<h3 class=\"wp-block-heading\">CFOS\/T - Tests<\/h3>\n\n\n\n<p>Formation \u00e0 la mesure et \u00e0 l'essai des r\u00e9seaux de fibres optiques, y compris l'utilisation d'OTDR et la documentation des r\u00e9sultats.<\/p>\n\n\n\n<h2 class=\"wp-block-heading\"><strong>Prix du cours<\/strong><\/h2>\n\n\n\n<p>Le centre de vill\u00e9giature propose un prix curu tr\u00e8s avantageux. Nous avons pr\u00e9par\u00e9 des r\u00e9ductions int\u00e9ressantes pour les groupes plus importants. Vous trouverez une offre de prix d\u00e9taill\u00e9e ici  Si vous avez d'autres questions, veuillez nous contacter au +48 22 290 29 09 ou par e-mail :&nbsp;<a href=\"mailto:biuro@kursy-udt.pl\">biuro@kursy-udt.pl<\/a> nos collaborateurs y r\u00e9pondront en d\u00e9tail.<\/p>\n\n\n\n<figure class=\"wp-block-image size-large\"><a href=\"https:\/\/kursy-udt.pl\/wp-content\/uploads\/2022\/01\/kursy-udt-spawanei-swiatlowodow.png\"><img loading=\"lazy\" decoding=\"async\" width=\"1024\" height=\"640\" src=\"https:\/\/kursy-udt.pl\/wp-content\/uploads\/2022\/01\/kursy-udt-spawanei-swiatlowodow-1024x640.png\" alt=\"\" class=\"wp-image-3633\" srcset=\"https:\/\/kursy-udt.pl\/wp-content\/uploads\/2022\/01\/kursy-udt-spawanei-swiatlowodow-1024x640.png 1024w, https:\/\/kursy-udt.pl\/wp-content\/uploads\/2022\/01\/kursy-udt-spawanei-swiatlowodow-300x188.png 300w, https:\/\/kursy-udt.pl\/wp-content\/uploads\/2022\/01\/kursy-udt-spawanei-swiatlowodow-768x480.png 768w, https:\/\/kursy-udt.pl\/wp-content\/uploads\/2022\/01\/kursy-udt-spawanei-swiatlowodow-624x390.png 624w, https:\/\/kursy-udt.pl\/wp-content\/uploads\/2022\/01\/kursy-udt-spawanei-swiatlowodow.png 1200w\" sizes=\"auto, (max-width: 1024px) 100vw, 1024px\" \/><\/a><\/figure>","protected":false},"excerpt":{"rendered":"<p>Od wielu lat na \u015bwiecie, a tak\u017ce od kilku lat w Polsce obserwujemy wzrost zainteresowania technologi\u0105 \u015bwiat\u0142owodow\u0105 i wzmo\u017cone wdra\u017canie jej przez firmy telekomunikacyjne. W zwi\u0105zku z czym bardzo szybko ro\u015bnie zapotrzebowanie tych, \u017ce firm na wykszta\u0142conych kierunkowo specjalist\u00f3w &#8211; instalator\u00f3w sieci \u015bwiat\u0142owodowych. Jedn\u0105 z wa\u017cniejszych cech &#8211; zalet instalatora, bardzo po\u017c\u0105dan\u0105 w tym zawodzie jest umiej\u0119tno\u015b\u0107 wykonywania spaw\u00f3w \u015bwiat\u0142owodowych.\u00a0\u00a0 Dlatego te\u017c Firma ERGON rozumiej\u0105c aktualn\u0105 sytuacj\u0119 na rynku pracy organizuje kursy spawania \u015bwiat\u0142owod\u00f3w i z du\u017cym powodzeniem dzi\u0119ki profesjonalnemu podej\u015bciu szkoli wyspecjalizowane kadry w tym zawodzie. Prowadzone szkolenia przeznaczone s\u0105 nie tylko dla ju\u017c do\u015bwiadczonych instalator\u00f3w, ale tak\u017ce dla wszystkich ch\u0119tnych chc\u0105cych naby\u0107 wiedz\u0119 i umiej\u0119tno\u015bci przysz\u0142ego spawacza \u015bwiat\u0142owod\u00f3w.\u00a0 Spawanie w\u0142\u00f3kien \u015bwiat\u0142owodowych samo w sobie nie jest zaj\u0119ciem skomplikowanym ani trudnym do przeprowadzenia to jednak wymaga od nas dok\u0142adno\u015bci i precyzji w wykonywaniu krok po kroku procedury ich \u0142\u0105czenia. Co prawda jest to proces technologicznie zaawansowany z uwagi na budow\u0119 samych w\u0142\u00f3kien \u015bwiat\u0142owodowych i wymaga u\u017cycia specjalistycznego sprz\u0119tu w postaci spawarek, miernik\u00f3w mocy optycznej, obcinarek \u015bwiat\u0142owodowych itp. to nie jest to wiedza tajemna i jest osi\u0105galna dla ka\u017cdego chc\u0105cego. Tak\u0105 wiedz\u0119 mo\u017cna naby\u0107 na szkoleniach prowadzonych mi\u0119dzy innymi w firmie ERGON na kt\u00f3rych zapoznamy si\u0119 nie tylko z zagadnieniami dotycz\u0105cymi samego spawania, ale tak\u017ce zostanie nam szerzej przybli\u017cona og\u00f3lna wiedza na temat technologii \u015bwiat\u0142owodowej.\u00a0 Szkolenie Na kursie dzi\u0119ki merytorycznie wysoko wykfalifikowanej kadrze instruktor\u00f3w nab\u0119dziemy wiedz\u0119 teoretyczn\u0105 i praktyczn\u0105 niezb\u0119dn\u0105 do prawid\u0142owego przeprowadzania operacji w procesie spawania w\u0142\u00f3kien \u015bwiat\u0142owodowych. Zapoznamy si\u0119 z rodzajami kabli \u015bwiat\u0142owodowych i ich struktur\u0105 budowy. Poznamy instrumenty, narz\u0119dzia oraz techniki pos\u0142ugiwania [&hellip;]<\/p>\n","protected":false},"author":1,"featured_media":3621,"parent":2802,"menu_order":0,"comment_status":"closed","ping_status":"closed","template":"","meta":{"sfsi_plus_gutenberg_text_before_share":"","sfsi_plus_gutenberg_show_text_before_share":"","sfsi_plus_gutenberg_icon_type":"","sfsi_plus_gutenberg_icon_alignemt":"","sfsi_plus_gutenburg_max_per_row":"","footnotes":""},"class_list":["post-3620","page","type-page","status-publish","has-post-thumbnail","hentry","has_thumb"],"aioseo_notices":[],"_links":{"self":[{"href":"https:\/\/kursy-udt.pl\/fr\/wp-json\/wp\/v2\/pages\/3620","targetHints":{"allow":["GET"]}}],"collection":[{"href":"https:\/\/kursy-udt.pl\/fr\/wp-json\/wp\/v2\/pages"}],"about":[{"href":"https:\/\/kursy-udt.pl\/fr\/wp-json\/wp\/v2\/types\/page"}],"author":[{"embeddable":true,"href":"https:\/\/kursy-udt.pl\/fr\/wp-json\/wp\/v2\/users\/1"}],"replies":[{"embeddable":true,"href":"https:\/\/kursy-udt.pl\/fr\/wp-json\/wp\/v2\/comments?post=3620"}],"version-history":[{"count":6,"href":"https:\/\/kursy-udt.pl\/fr\/wp-json\/wp\/v2\/pages\/3620\/revisions"}],"predecessor-version":[{"id":6260,"href":"https:\/\/kursy-udt.pl\/fr\/wp-json\/wp\/v2\/pages\/3620\/revisions\/6260"}],"up":[{"embeddable":true,"href":"https:\/\/kursy-udt.pl\/fr\/wp-json\/wp\/v2\/pages\/2802"}],"wp:featuredmedia":[{"embeddable":true,"href":"https:\/\/kursy-udt.pl\/fr\/wp-json\/wp\/v2\/media\/3621"}],"wp:attachment":[{"href":"https:\/\/kursy-udt.pl\/fr\/wp-json\/wp\/v2\/media?parent=3620"}],"curies":[{"name":"wp","href":"https:\/\/api.w.org\/{rel}","templated":true}]}}