{"id":3611,"date":"2022-01-12T15:19:43","date_gmt":"2022-01-12T15:19:43","guid":{"rendered":"https:\/\/kursy-udt.pl\/?page_id=3611"},"modified":"2023-02-14T16:44:03","modified_gmt":"2023-02-14T15:44:03","slug":"acces-au-batiment","status":"publish","type":"page","link":"https:\/\/kursy-udt.pl\/fr\/szkolenia\/wysokosciowe-na-uprawnienia-alpinistyczne\/dostepu-budowlanego\/","title":{"rendered":"Cours d&#039;acc\u00e8s \u00e0 la construction"},"content":{"rendered":"<p><img loading=\"lazy\" decoding=\"async\" class=\"paddingleft10 alignleft wp-image-3612 size-medium\" src=\"https:\/\/kursy-udt.pl\/wp-content\/uploads\/2022\/01\/s2-2-300x200.jpg\" alt=\"\" width=\"300\" height=\"200\" srcset=\"https:\/\/kursy-udt.pl\/wp-content\/uploads\/2022\/01\/s2-2-300x200.jpg 300w, https:\/\/kursy-udt.pl\/wp-content\/uploads\/2022\/01\/s2-2-1024x683.jpg 1024w, https:\/\/kursy-udt.pl\/wp-content\/uploads\/2022\/01\/s2-2-768x512.jpg 768w, https:\/\/kursy-udt.pl\/wp-content\/uploads\/2022\/01\/s2-2-1536x1024.jpg 1536w, https:\/\/kursy-udt.pl\/wp-content\/uploads\/2022\/01\/s2-2-624x416.jpg 624w, https:\/\/kursy-udt.pl\/wp-content\/uploads\/2022\/01\/s2-2.jpg 1600w\" sizes=\"auto, (max-width: 300px) 100vw, 300px\" \/>Nous vous invitons au cours d&#039;acc\u00e8s \u00e0 la construction, organis\u00e9 par ERGON. Nous formons avec succ\u00e8s des professionnels depuis plus de 25 ans. La formation est r\u00e9alis\u00e9e conform\u00e9ment \u00e0 la norme BS 8454. Nous vous aidons \u00e0 l&#039;obtenir de mani\u00e8re professionnelle et abordable <a href=\"https:\/\/kursy-udt.pl\/fr\/uprawnienia-udt\/kategorie-uprawnien-2\/\">droits<\/a> en hauteur dans le domaine de l&#039;acc\u00e8s \u00e0 la construction.<\/p>\n<h2><strong>Qu&#039;est-ce que l&#039;acc\u00e8s au b\u00e2timent ?<\/strong><\/h2>\n<p>La formation en hauteur, dite acc\u00e8s b\u00e2timent, s&#039;adresse \u00e0 tous ceux qui sont expos\u00e9s aux chutes de hauteur lors de leur travail. Travail en hauteur au sens du r\u00e8glement du ministre du travail et de la politique sociale du 26 septembre 1997 portant r\u00e8glement g\u00e9n\u00e9ral de sant\u00e9 et de s\u00e9curit\u00e9 au travail avec retard r\u00e9. (texte consolid\u00e9 : Journal des lois de 2003, n\u00b0 169, article 1650, tel que modifi\u00e9) est un travail effectu\u00e9 sur une surface \u00e0 une hauteur d&#039;au moins 1,0 m au-dessus du sol ou du niveau du sol. On parle de travail en hauteur \u00e0 partir de 1m et \u00e0 partir de 2m il y a obligation d&#039;utiliser des EPI (\u00e9quipements de protection individuelle). Cela s&#039;applique \u00e0 tous ceux qui, dans l&#039;exercice de leurs fonctions officielles, se trouvent sur des hauteurs et \u00e0 ceux qui, en travaillant dans des fosses, des r\u00e9servoirs, des regards ou des regards, peuvent \u00eatre bless\u00e9s \u00e0 la suite d&#039;une chute de hauteur.<\/p>\n<p>L&#039;acc\u00e8s au chantier en hauteur est recommand\u00e9 aux salari\u00e9s qui utilisent leurs propres mains lors de l&#039;ex\u00e9cution des t\u00e2ches qui leur sont confi\u00e9es, et les EPI - EPI principalement pour se prot\u00e9ger contre les chutes de hauteur pendant le travail.<\/p>\n<div class=\"filmw\">\n<div class=\"responsive-youtube\" style=\"text-align: center;\"><iframe loading=\"lazy\" title=\"Lecteur vid\u00e9o YouTube\" src=\"https:\/\/www.youtube.com\/embed\/Lf4dfMhJft0\" width=\"560\" height=\"315\" frameborder=\"0\" allowfullscreen=\"allowfullscreen\"><\/iframe><\/div>\n<\/div>\n<p><strong>Les travaux en hauteur dans l&#039;acc\u00e8s \u00e0 la construction sont effectu\u00e9s \u00e0\u00a0:<\/strong><\/p>\n<p>poteaux \u00e9lectriques, fermes, m\u00e2ts, structures de tour, chemin\u00e9es, toits plats et raides avec diff\u00e9rentes pentes, structures de construction sans plafond, \u00e9chafaudages, \u00e9chelles, ascenseurs, plates-formes, plates-formes, galeries, supports et autres \u00e9l\u00e9vations et \u00e9l\u00e9ments de construction.<\/p>\n<p>&nbsp;<\/p>\n<p><strong>Le parcours d&#039;acc\u00e8s \u00e0 la construction s&#039;adresse plus particuli\u00e8rement aux :<\/strong><\/p>\n<ul>\n<li>travailleurs de la construction g\u00e9n\u00e9rale<\/li>\n<li>employ\u00e9s de t\u00e9l\u00e9phonie mobile<\/li>\n<li>monteurs<\/li>\n<li>restaurateurs<\/li>\n<li>couvreurs<\/li>\n<li>\u00e9quipes d\u00e9neigeant les toits<\/li>\n<li>travailleurs de la gestion de l&#039;eau et des \u00e9gouts<\/li>\n<li>installateurs de panneaux photovolta\u00efques<\/li>\n<li>employ\u00e9s du secteur de l&#039;\u00e9nergie<\/li>\n<li>aux entreprises qui souhaitent externaliser la formation de leurs salari\u00e9s<\/li>\n<li>aux personnes qui souhaitent changer d&#039;emploi et obtenir de nouvelles qualifications professionnelles<\/li>\n<\/ul>\n<p>Le programme de cours est vaste et offre une pr\u00e9paration compl\u00e8te, th\u00e9orique et pratique au travail dans le domaine de l&#039;acc\u00e8s \u00e0 la construction, ce qui garantit une plus grande s\u00e9curit\u00e9 au travail.<\/p>\n<p>La partie pratique du cours se d\u00e9roule sur des structures sp\u00e9cialement pr\u00e9par\u00e9es qui constituent l&#039;\u00e9quipement permanent du centre de formation. Les ateliers pendant la formation sont r\u00e9alis\u00e9s avec l&#039;utilisation d&#039;\u00e9quipements tels que: syst\u00e8mes antichute, harnais de s\u00e9curit\u00e9, connecteurs, amortisseurs, dispositifs autobloquants, cordes \u00e0 \u00e2me tress\u00e9e \u00e0 faible allongement, lignes de s\u00e9curit\u00e9, connecteurs, amortisseurs, casques de s\u00e9curit\u00e9 industriels .<br \/>\n<div style=\"width: 640px;\" class=\"wp-video\"><video id=\"video-3611-1\" width=\"640\" height=\"360\" poster=\"https:\/\/kursy-udt.pl\/wp-content\/uploads\/2023\/02\/20230127_030434_0000.jpg\" preload=\"metadata\" controls=\"controls\"><source type=\"video\/mp4\" src=\"https:\/\/kursy-udt.pl\/wp-content\/uploads\/2023\/02\/ACCEPTED-alpinista-4K-kursy-udt.mp4?_=1\" \/><a href=\"https:\/\/kursy-udt.pl\/wp-content\/uploads\/2023\/02\/ACCEPTED-alpinista-4K-kursy-udt.mp4\">https:\/\/kursy-udt.pl\/wp-content\/uploads\/2023\/02\/ACCEPTED-alpinista-4K-kursy-udt.mp4<\/a><\/video><\/div>\n<p><strong>Connaissances acquises pendant la formation :<\/strong><\/p>\n<ul>\n<li>les caract\u00e9ristiques du travail en hauteur et les risques associ\u00e9s<\/li>\n<li>r\u00e8gles g\u00e9n\u00e9rales pour les travaux en hauteur<\/li>\n<li>organisation du poste de travail<\/li>\n<li>moyens de transport s\u00fbr des outils et des mat\u00e9riaux n\u00e9cessaires au travail<\/li>\n<li>la s\u00e9lection et l&#039;utilisation appropri\u00e9e de l&#039;\u00e9quipement ad\u00e9quat pour le travail effectu\u00e9<\/li>\n<li>r\u00e8gles de faire des n\u0153uds, apprendre \u00e0 faire des n\u0153uds de base, la capacit\u00e9 d&#039;\u00e9valuer la qualit\u00e9 de leur ex\u00e9cution, apprendre \u00e0 ancrer<\/li>\n<li>s\u00e9curit\u00e9 d&#039;utilisation et de manipulation du harnais protection contre les chutes<\/li>\n<li>capacit\u00e9 \u00e0 contr\u00f4ler en permanence les \u00e9quipements utilis\u00e9s (inspections)<\/li>\n<li>connaissance du marquage CE<\/li>\n<li>\u00e9quipements de protection individuelle contre les chutes (EPI)<\/li>\n<li>capacit\u00e9 \u00e0 agir conform\u00e9ment aux recommandations et aux instructions du fabricant de l&#039;\u00e9quipement<\/li>\n<li>utilisation, contr\u00f4le et stockage des syst\u00e8mes, planification du syst\u00e8me avant la mise en service<\/li>\n<li>connaissance de l&#039;influence des conditions m\u00e9t\u00e9orologiques sur l&#039;utilisation du syst\u00e8me<\/li>\n<li>les causes les plus courantes d&#039;accidents et les moyens d&#039;en r\u00e9duire la fr\u00e9quence<\/li>\n<li>connaissance du syst\u00e8me antichute EN PN 363: 2008<\/li>\n<li>capacit\u00e9 \u00e0 \u00e9valuer la s\u00e9curit\u00e9 et les risques lors de travaux en hauteur<\/li>\n<li>normes et r\u00e9glementations en vigueur concernant la s\u00e9curit\u00e9 des travaux en hauteur<\/li>\n<\/ul>\n<p><strong>La dur\u00e9e de la formation est de 8 heures, dont 5 heures de pratique. <\/strong><\/p>\n<p><strong>A l&#039;issue de la formation, le stagiaire re\u00e7oit<\/strong><\/p>\n<p>Certificat confirmant l&#039;ach\u00e8vement de la formation ERGON en polonais et en anglais, honor\u00e9 en Pologne et \u00e0 l&#039;\u00e9tranger, bas\u00e9 sur la norme BS 8454. Le centre d\u00e9livre des certificats sous la forme de: une carte plastique avec un hologramme et une image en anglais ou papier au format A4 avec un hologramme et image (polonais-anglais). Les certificats contiennent une description d\u00e9taill\u00e9e des qualifications obtenues pour travailler en hauteur.<\/p>\n<h2><strong>Conditions<\/strong><\/h2>\n<p>Pour vous inscrire <a href=\"https:\/\/kursy-udt.pl\/fr\/szkolenia\/wysokosciowe-na-uprawnienia-alpinistyczne\/\">cours d&#039;altitude<\/a> dans le domaine de l&#039;acc\u00e8s \u00e0 la construction, les exigences suivantes doivent \u00eatre respect\u00e9es\u00a0:<\/p>\n<ul>\n<li>18 ans ou plus<\/li>\n<li>au moins une \u00e9ducation de base<\/li>\n<li>aptitude physique \u00e0 un degr\u00e9 permettant le travail en hauteur<\/li>\n<li>tests d&#039;altitude d\u00e9livr\u00e9s par un m\u00e9decin du travail<\/li>\n<\/ul>\n<h2><strong>Prix du cours<\/strong><\/h2>\n<p>Le complexe propose un prix tr\u00e8s avantageux pour le kuru. Nous avons pr\u00e9par\u00e9 des r\u00e9ductions int\u00e9ressantes pour les grands groupes. Une offre de prix d\u00e9taill\u00e9e est disponible ici En cas de questions suppl\u00e9mentaires <a href=\"https:\/\/kursy-udt.pl\/fr\/kontakt\/\">Contactez nous s&#039;il vous plait<\/a> au num\u00e9ro : +48 22 290 29 09 ou email : <a href=\"mailto:biuro@platformaedukacji.pl\">biuro@platformaedukacji.pl<\/a> nos collaborateurs y r\u00e9pondront en d\u00e9tail.<\/p>\n<h2><strong>O\u00f9 se d\u00e9roulent les formations ?<\/strong><\/h2>\n<p>Les cours au centre OSO sont dispens\u00e9s par des instructeurs certifi\u00e9s et des examinateurs hautement qualifi\u00e9s. Nous organisons une formation \u00e0 haute altitude dans l&#039;acc\u00e8s \u00e0 la construction dans la salle de formation de notre centre de formation des op\u00e9rateurs OSO \u00e0 Varsovie Ursus \u00e0 ul. Gierdziejewskiego 5 \/ 272A. L&#039;organisateur fournit de la nourriture et des boissons.<\/p>\n<p>Le centre peut \u00e9galement organiser des formations en hauteur, par exemple pour les \u00e9lectriciens aux poteaux, dans le lieu propos\u00e9 par le client. Si vous avez des questions suppl\u00e9mentaires, n&#039;h\u00e9sitez pas \u00e0 nous contacter. Nous vous encourageons \u00e0 participer \u00e0 notre formation!<\/p>\n<h2><strong>Pourquoi vaut-il la peine de se former ? <\/strong><\/h2>\n<p>Nous formons avec succ\u00e8s des professionnels dans notre centre depuis plus de 25 ans. Nous proposons des formations pour am\u00e9liorer les qualifications professionnelles des adultes au plus haut niveau conform\u00e9ment \u00e0 la norme ISO 29990 de qualit\u00e9 de l&#039;\u00e9ducation. tels que : travaux g\u00e9n\u00e9raux de construction, peinture de fa\u00e7ades et de toitures, r\u00e9paration ou d\u00e9neigement de toitures. L&#039;obtention d&#039;un permis de hauteur dans le domaine de l&#039;acc\u00e8s \u00e0 la construction vous offre une vari\u00e9t\u00e9 d&#039;opportunit\u00e9s d&#039;emploi, tant en Pologne qu&#039;\u00e0 l&#039;\u00e9tranger. Nous vous encourageons \u00e9galement \u00e0 vous familiariser avec l&#039;offre d&#039;autres stages d&#039;alpinisme organis\u00e9s par notre centre : stage d&#039;acc\u00e8s sur cordes et stage d&#039;altitude IRATA<\/p>\n<p><img loading=\"lazy\" decoding=\"async\" class=\"aligncenter wp-image-3631 size-large\" src=\"https:\/\/kursy-udt.pl\/wp-content\/uploads\/2022\/01\/kursy-udt-dostep-budowlany-1024x640.png\" alt=\"\" width=\"1024\" height=\"640\" srcset=\"https:\/\/kursy-udt.pl\/wp-content\/uploads\/2022\/01\/kursy-udt-dostep-budowlany-1024x640.png 1024w, https:\/\/kursy-udt.pl\/wp-content\/uploads\/2022\/01\/kursy-udt-dostep-budowlany-300x188.png 300w, https:\/\/kursy-udt.pl\/wp-content\/uploads\/2022\/01\/kursy-udt-dostep-budowlany-768x480.png 768w, https:\/\/kursy-udt.pl\/wp-content\/uploads\/2022\/01\/kursy-udt-dostep-budowlany-624x390.png 624w, https:\/\/kursy-udt.pl\/wp-content\/uploads\/2022\/01\/kursy-udt-dostep-budowlany.png 1200w\" sizes=\"auto, (max-width: 1024px) 100vw, 1024px\" \/><\/p>","protected":false},"excerpt":{"rendered":"<p>Zapraszamy na kurs dost\u0119pu budowlanego, organizowany przez ERGON. Ju\u017c od ponad 25 lat skutecznie kszta\u0142cimy zawodowc\u00f3w. Szkolenie realizowane jest zgodnie z norm\u0105 BS 8454. Profesjonalnie i przyst\u0119pnie pomagamy zdoby\u0107 uprawnienia wysoko\u015bciowe w zakresie dost\u0119pu budowlanego. Czym jest dost\u0119p budowlany? Szkolenie wysoko\u015bciowe zwane dost\u0119pem budowlanym adresowane jest do wszystkich kt\u00f3rzy w czasie wykonywania swojej pracy nara\u017ceni s\u0105 na upadek z wysoko\u015bci. Prac\u0105 na wysoko\u015bci w rozumieniu Rozporz\u0105dzenia Ministra Pracy i Polityki Socjalnej z dnia 26 wrze\u015bnia 1997 r. w sprawie og\u00f3lnych przepis\u00f3w bezpiecze\u0144stwa i higieny pracy z p\u00f3\u017cn. zm. (tekst jedn.: Dz. U. z 2003 r., nr 169, poz. 1650 ze zm.) jest praca wykonywana na powierzchni znajduj\u0105cej si\u0119 na wysoko\u015bci co najmniej 1,0 m nad poziomem pod\u0142ogi lub ziemi. O pracy na wysoko\u015bci m\u00f3wimy od 1m a od 2m zachodzi obowi\u0105zek stosowania SOI (\u015brodk\u00f3w ochrony indywidualnej). Dotyczy to wszystkich kt\u00f3rzy w trakcie wykonywania obowi\u0105zk\u00f3w s\u0142u\u017cbowych znajduj\u0105 si\u0119 na podwy\u017cszeniach oraz tych kt\u00f3rzy pracuj\u0105c przy zag\u0142\u0119bieniach, zbiornikach, w\u0142azach czy studzienkach mog\u0105 dozna\u0107 urazu na skutek upadku z wysoko\u015bci. Szkolenia wysoko\u015bciowe z zakresu dost\u0119pu budowlanego polecane s\u0105 pracownikom, kt\u00f3rzy wykonuj\u0105c powierzone im zadania u\u017cywaj\u0105 przede wszystkim w\u0142asnych r\u0105k a \u015arodki Ochrony Indywidualnej &#8211; SOI stosuj\u0105 g\u0142\u00f3wnie do ochrony przed upadkiem z wysoko\u015bci w trakcie wykonywania pracy. Prace na wysoko\u015bci w dost\u0119pie budowlanym wykonywane s\u0105 na: s\u0142upach energetycznych, kratownicach, masztach, konstrukcjach wie\u017cowych, kominach, dachach p\u0142askich i stromych o r\u00f3\u017cnym nachyleniu, konstrukcjach budowlanych bez strop\u00f3w, rusztowaniach, drabinach, podno\u015bnikach, pomostach, podestach, galeriach, klamrach i innych podwy\u017cszeniach oraz elementach konstrukcji. &nbsp; Kurs z dost\u0119pu budowlanego kierujemy szczeg\u00f3lnie do: pracownik\u00f3w og\u00f3lnobudowlanych pracownik\u00f3w [&hellip;]<\/p>\n","protected":false},"author":1,"featured_media":3612,"parent":2263,"menu_order":0,"comment_status":"closed","ping_status":"closed","template":"","meta":{"sfsi_plus_gutenberg_text_before_share":"","sfsi_plus_gutenberg_show_text_before_share":"","sfsi_plus_gutenberg_icon_type":"","sfsi_plus_gutenberg_icon_alignemt":"","sfsi_plus_gutenburg_max_per_row":"","footnotes":""},"class_list":["post-3611","page","type-page","status-publish","has-post-thumbnail","hentry","has_thumb"],"aioseo_notices":[],"_links":{"self":[{"href":"https:\/\/kursy-udt.pl\/fr\/wp-json\/wp\/v2\/pages\/3611","targetHints":{"allow":["GET"]}}],"collection":[{"href":"https:\/\/kursy-udt.pl\/fr\/wp-json\/wp\/v2\/pages"}],"about":[{"href":"https:\/\/kursy-udt.pl\/fr\/wp-json\/wp\/v2\/types\/page"}],"author":[{"embeddable":true,"href":"https:\/\/kursy-udt.pl\/fr\/wp-json\/wp\/v2\/users\/1"}],"replies":[{"embeddable":true,"href":"https:\/\/kursy-udt.pl\/fr\/wp-json\/wp\/v2\/comments?post=3611"}],"version-history":[{"count":9,"href":"https:\/\/kursy-udt.pl\/fr\/wp-json\/wp\/v2\/pages\/3611\/revisions"}],"predecessor-version":[{"id":4775,"href":"https:\/\/kursy-udt.pl\/fr\/wp-json\/wp\/v2\/pages\/3611\/revisions\/4775"}],"up":[{"embeddable":true,"href":"https:\/\/kursy-udt.pl\/fr\/wp-json\/wp\/v2\/pages\/2263"}],"wp:featuredmedia":[{"embeddable":true,"href":"https:\/\/kursy-udt.pl\/fr\/wp-json\/wp\/v2\/media\/3612"}],"wp:attachment":[{"href":"https:\/\/kursy-udt.pl\/fr\/wp-json\/wp\/v2\/media?parent=3611"}],"curies":[{"name":"wp","href":"https:\/\/api.w.org\/{rel}","templated":true}]}}