{"id":3605,"date":"2022-01-12T15:08:32","date_gmt":"2022-01-12T15:08:32","guid":{"rendered":"https:\/\/kursy-udt.pl\/?page_id=3605"},"modified":"2024-10-23T12:48:31","modified_gmt":"2024-10-23T10:48:31","slug":"acces-par-corde","status":"publish","type":"page","link":"https:\/\/kursy-udt.pl\/fr\/szkolenia\/wysokosciowe-na-uprawnienia-alpinistyczne\/dostepu-linowego\/","title":{"rendered":"Parcours sur cordes \u00e0 usage industriel - conforme \u00e0 la norme BS 7985"},"content":{"rendered":"<p><img loading=\"lazy\" decoding=\"async\" class=\"paddingleft10 alignleft wp-image-3607 size-medium\" src=\"https:\/\/kursy-udt.pl\/wp-content\/uploads\/2022\/01\/screen_2x-4-300x200.jpg\" alt=\"\" width=\"300\" height=\"200\" srcset=\"https:\/\/kursy-udt.pl\/wp-content\/uploads\/2022\/01\/screen_2x-4-300x200.jpg 300w, https:\/\/kursy-udt.pl\/wp-content\/uploads\/2022\/01\/screen_2x-4-1024x683.jpg 1024w, https:\/\/kursy-udt.pl\/wp-content\/uploads\/2022\/01\/screen_2x-4-768x512.jpg 768w, https:\/\/kursy-udt.pl\/wp-content\/uploads\/2022\/01\/screen_2x-4-1536x1024.jpg 1536w, https:\/\/kursy-udt.pl\/wp-content\/uploads\/2022\/01\/screen_2x-4-624x416.jpg 624w, https:\/\/kursy-udt.pl\/wp-content\/uploads\/2022\/01\/screen_2x-4.jpg 1600w\" sizes=\"auto, (max-width: 300px) 100vw, 300px\" \/><\/p>\n<p>ERGON vous invite \u00e0 suivre une formation professionnelle sur l'acc\u00e8s par corde \u00e0 des fins industrielles, r\u00e9pondant aux normes internationales. Nous veillons \u00e0 ce que nos formations co\u00efncident avec la norme BS 7985 (Code pour l'utilisation des m\u00e9thodes d'acc\u00e8s par corde \u00e0 des fins industrielles).<\/p>\n<p><strong>Pourquoi nous faire confiance ?<\/strong><\/p>\n<p>ODK ERGON est une entit\u00e9 qui forme des sp\u00e9cialistes de haut niveau dans des domaines techniques. Nous sommes pr\u00e9sents sur le march\u00e9 des services \u00e9ducatifs depuis 25 ans. Les connaissances acquises au cours de cette p\u00e9riode font de nous des experts dans la mise en \u0153uvre de projets de formation.<\/p>\n<p>Notre <a href=\"https:\/\/kursy-udt.pl\/fr\/szkolenia\/wysokosciowe-na-uprawnienia-alpinistyczne\/dostep-linowy\/\">cours d'acc\u00e8s par corde<\/a> pour usage industriel, conforme \u00e0 la norme BS 7985, est un produit de formation de haute qualit\u00e9, comprenant des ressources telles que :<\/p>\n<ul>\n<li>des instructeurs qualifi\u00e9s et exp\u00e9riment\u00e9s,<\/li>\n<li>une infrastructure de formation compl\u00e8te,<\/li>\n<li>des sp\u00e9cialistes comp\u00e9tents du service \u00e0 la client\u00e8le \u00e0 chaque \u00e9tape de la coop\u00e9ration,<\/li>\n<li>des m\u00e9thodes d'enseignement modernes et des supports de formation solidement \u00e9labor\u00e9s.<\/li>\n<\/ul>\n<p>Nous formons de mani\u00e8re efficace et experte les futurs grimpeurs industriels !<\/p>\n<div class=\"filmw\">\n<div class=\"responsive-youtube\" style=\"text-align: center;\"><iframe loading=\"lazy\" title=\"Lecteur vid\u00e9o YouTube\" src=\"https:\/\/www.youtube.com\/embed\/Lf4dfMhJft0\" width=\"560\" height=\"315\" frameborder=\"0\" allowfullscreen=\"allowfullscreen\"><\/iframe><\/div>\n<\/div>\n<p><strong>Qu'est-ce que l'alpinisme industriel ?<\/strong><\/p>\n<p>L'alpinisme industriel d\u00e9signe une situation dans laquelle un travailleur effectue des travaux en hauteur en utilisant des m\u00e9thodes d'acc\u00e8s par corde \u00e0 des fins industrielles. Pendant l'ex\u00e9cution du travail, il est suspendu et utilise simultan\u00e9ment deux cordes ind\u00e9pendantes - une corde de travail et une corde d'assurage. Leur utilisation est n\u00e9cessaire pour : \u00e9tablir la position du travailleur pendant le travail, monter et descendre du poste de travail et assurer l'assurage.<\/p>\n<p>Des proc\u00e9dures de s\u00e9curit\u00e9 strictes et des \u00e9quipements sp\u00e9cialis\u00e9s de protection contre les chutes sont utilis\u00e9s pour garantir les conditions les plus s\u00fbres possibles pour le travail en hauteur. Les techniques d'escalade sont utilis\u00e9es lorsque l'utilisation d'autres m\u00e9thodes (par exemple l'acc\u00e8s \u00e0 la construction) n'est pas \u00e9conomiquement viable, trop risqu\u00e9e ou dans les cas o\u00f9 ces techniques sont la seule solution d'ex\u00e9cution possible. En outre, l'acc\u00e8s par corde est une m\u00e9thode respectueuse de l'environnement car elle ne n\u00e9cessite pas l'utilisation d'\u00e9quipements d'acc\u00e8s invasifs.<\/p>\n<p>Le futur grimpeur industriel doit se caract\u00e9riser par une excellente condition physique. Une formation ad\u00e9quate est \u00e9galement essentielle pour cette profession, dont l'essence est de combiner les aspects th\u00e9oriques avec une formation intensive pendant les cours pratiques.<\/p>\n<p><strong>Quel est le type de travail d'une personne titulaire d'une licence d'alpinisme ?<\/strong><\/p>\n<p>Une personne titulaire d'une qualification d'acc\u00e8s par corde \u00e0 des fins industrielles peut, lorsqu'elle se trouve en hauteur, effectuer des travaux tels que<\/p>\n<ul>\n<li>les activit\u00e9s autour des poteaux \u00e0 haute tension, des tours de t\u00e9l\u00e9communications et des pyl\u00f4nes,<\/li>\n<li>les activit\u00e9s de restauration de monuments,<\/li>\n<li>le nettoyage des surfaces des fen\u00eatres et des fa\u00e7ades des immeubles de grande hauteur,<\/li>\n<li>enlever les couches de neige et de glace des toits ou d'autres \u00e9l\u00e9ments de construction,<\/li>\n<li>la r\u00e9alisation de travaux de renforcement des falaises c\u00f4ti\u00e8res,<\/li>\n<li>le nettoyage, l'inspection et l'entretien des plates-formes en mer,<\/li>\n<li>montage et r\u00e9novation de structures en b\u00e9ton arm\u00e9,<\/li>\n<li>les travaux de construction de g\u00e9nie civil,<\/li>\n<li>l'abattage d'arbres.<\/li>\n<\/ul>\n<p><strong>Cours d'acc\u00e8s par corde \u00e0 des fins industrielles chez ERGON<\/strong><\/p>\n<p>Notre cours est bas\u00e9 sur un syst\u00e8me d\u00e9velopp\u00e9 selon les meilleures pratiques, respectant les valeurs diffus\u00e9es par des organisations telles que l'OTDL et la SPRAT. Il prend en compte les r\u00e9glementations internationales et nationales dans le domaine du travail en hauteur, y compris la norme EN 12841. Il prend en compte les r\u00e9glementations internationales et nationales dans le domaine du travail en hauteur, y compris la norme EN 12841. Le programme du cours comprend une pr\u00e9paration th\u00e9orique et pratique \u00e0 l'acc\u00e8s par corde au m\u00eame niveau que le niveau (niveleur) P 1\/ L 1 selon la classification des comp\u00e9tences de l'OTDL ou de la SPRAT.<\/p>\n<p>Dans le cadre de la partie pratique de la formation, l'apprentissage des comp\u00e9tences se fait en utilisant des structures sp\u00e9cialis\u00e9es qui font partie de notre programme de formation. <a href=\"https:\/\/kursy-udt.pl\/fr\/o-firmie\/\">centre de formation<\/a>. Pendant les cours, nous utilisons des \u00e9quipements professionnels de protection contre les chutes, c'est-\u00e0-dire des syst\u00e8mes antichute, des harnais de s\u00e9curit\u00e9, des connecteurs, des absorbeurs de chocs, des dispositifs d'auto-freinage, des cordes tress\u00e9es \u00e0 faible allongement, des lignes de s\u00e9curit\u00e9 et des casques de s\u00e9curit\u00e9 industriels. Les \u00e9l\u00e8ves apprennent \u00e0 utiliser des syst\u00e8mes d'assurage temporaires et permanents. La formation se d\u00e9roule dans le strict respect des r\u00e8gles de s\u00e9curit\u00e9 pour le travail en hauteur.<\/p>\n<p><strong>Le programme de formation comprend<\/strong><\/p>\n<ul>\n<li>syst\u00e8me de manipulation des cordes \u00e0 double : cordes de travail et cordes d'assurage,<\/li>\n<li>pr\u00e9parer le poste de travail et planifier les activit\u00e9s,<\/li>\n<li>les r\u00e8gles relatives \u00e0 l'inspection quotidienne des \u00e9quipements avant leur utilisation,<\/li>\n<li>les principes de l'entretien des \u00e9quipements,<\/li>\n<li>l'\u00e9valuation des risques li\u00e9s au travail en hauteur,<\/li>\n<li>principes d'\u00e9vacuation, autosauvetage en hauteur,<\/li>\n<li>les facteurs nocifs du travail en hauteur,<\/li>\n<li>les normes et r\u00e9glementations en vigueur en mati\u00e8re de s\u00e9curit\u00e9 en hauteur,<\/li>\n<li>r\u00e8gles d&#039;hygi\u00e8ne et de s\u00e9curit\u00e9 en vigueur pendant le travail.<\/li>\n<\/ul>\n<p><em>Dur\u00e9e de la formation : 5 jours + 1 jour d'examen (total de 6 jours \u00e0 raison de 8 heures par jour).<\/em><\/p>\n<p><em>Pendant les cours, nous mettons l'accent sur les comp\u00e9tences pratiques !<\/em><\/p>\n<p><strong>Le certificat, qui constitue <a href=\"https:\/\/kursy-udt.pl\/fr\/uprawnienia-udt\/kategorie-uprawnien-2\/\">droits<\/a><\/strong><\/p>\n<p>Le certificat de qualification pour les travaux en hauteur avec acc\u00e8s par corde est d\u00e9livr\u00e9 apr\u00e8s la r\u00e9ussite d'un examen. Il contient une description d\u00e9taill\u00e9e des qualifications acquises. Conform\u00e9ment \u00e0 la norme BS 7985, il est d\u00e9livr\u00e9 en polonais et en anglais. Le certificat se pr\u00e9sente sous la forme d'une carte plastique avec hologramme et image en anglais et d'un document papier au format A4 avec hologramme et image (polonais-anglais).<\/p>\n<p>La qualification est reconnue au niveau national et international.<\/p>\n<p><strong>Exigences pour les \u00e9tudiants<\/strong><\/p>\n<p>Pour s'inscrire \u00e0 un cours en haute altitude avec acc\u00e8s par corde \u00e0 des fins industrielles, chaque personne doit satisfaire aux exigences formelles suivantes :<\/p>\n<ul>\n<li>l'\u00e2ge de 18 ans r\u00e9volus,<\/li>\n<li>au moins l'enseignement primaire,<\/li>\n<li>bonne condition physique (dans la mesure o\u00f9 il est possible de travailler en hauteur),<\/li>\n<li>la pr\u00e9sentation d'un certificat d'un m\u00e9decin du travail attestant qu'il n'y a pas de contre-indication de sant\u00e9 au travail dans le poste\/ sous certaines conditions.<\/li>\n<\/ul>\n<p><strong>Cours \u00e0 prix raisonnable avec acc\u00e8s par corde \u00e0 des fins industrielles<\/strong><\/p>\n<p>ERGON se soucie de la haute qualit\u00e9 de ses cours, mais ne pratique pas de prix excessifs ! Nos prix restent donc comp\u00e9titifs.<\/p>\n<p>Pour les groupes organis\u00e9s, nous avons pr\u00e9vu des r\u00e9ductions int\u00e9ressantes.<\/p>\n<p>Si vous avez des questions, nous vous encourageons \u00e0 nous contacter. Nos conseillers en formation vous fourniront toutes les informations, les conseils et l'aide n\u00e9cessaire pour les formalit\u00e9s administratives.<\/p>\n<p><strong>Informations sur le lieu de la formation<\/strong><\/p>\n<p><a href=\"https:\/\/kursy-udt.pl\/fr\/szkolenia\/wysokosciowe-na-uprawnienia-alpinistyczne\/\">Entra\u00eenement en altitude<\/a> L'acc\u00e8s par corde \u00e0 des fins industrielles a lieu au centre OSO - Operator Training Centre, situ\u00e9 dans le quartier Ursus de Varsovie, au 5\/272A de la rue Gierdziejewskiego. Les cours pratiques, y compris l'instruction et la formation, sont dispens\u00e9s dans une salle de formation sp\u00e9cialement pr\u00e9par\u00e9e et \u00e9quip\u00e9e d'un mat\u00e9riel hautement sp\u00e9cialis\u00e9, notamment de la marque PETZL, sur une structure professionnelle H=12m x L 7m X L10m, qui r\u00e9pond aux exigences des cours dispens\u00e9s par des organisations telles que OTDL ou SPRAT. L'infrastructure de formation comprend \u00e9galement des \u00e9chelles industrielles, des plates-formes et des poutrelles, ainsi que des points d'ancrage agr\u00e9\u00e9s (points d'assurage fixes).<\/p>\n<p>L'organisateur fournit un repas et des rafra\u00eechissements dans le cadre de la formation.<\/p>\n<p><strong>Formation \u00e0 l'acc\u00e8s par corde \u00e0 des fins industrielles chez ERGON - pourquoi cela en vaut-il la peine ?<\/strong><\/p>\n<p>Les employ\u00e9s titulaires d'une qualification de cordiste industriel sont recherch\u00e9s par les employeurs pour effectuer une grande vari\u00e9t\u00e9 de travaux, dans des lieux tels que des immeubles de grande hauteur, des structures \u00e9lev\u00e9es, des monuments, des falaises, des plates-formes flottantes et bien d'autres encore. Notre formation permet aux futurs grimpeurs industriels d'acqu\u00e9rir les connaissances et les comp\u00e9tences n\u00e9cessaires pour effectuer leur travail en toute s\u00e9curit\u00e9 et prendre les bonnes d\u00e9cisions dans les situations d'urgence, et les pr\u00e9pare solidement \u00e0 l'examen.<\/p>\n<p>Nous mettons tout en \u0153uvre pour que la coop\u00e9ration avec nous soit satisfaisante. Nous veillons \u00e0 assurer un niveau \u00e9lev\u00e9 de formation et de confort pour le client \u00e0 chaque \u00e9tape de la coop\u00e9ration dans la mise en \u0153uvre de la formation.<\/p>\n<p>Bienvenue \u00e0 notre cours d'acc\u00e8s par corde \u00e0 des fins industrielles ! Nous le mettons en \u0153uvre selon notre propre syst\u00e8me en tenant compte des valeurs les plus importantes pour l'industrie, telles qu'elles sont exprim\u00e9es chez ERGON :<\/p>\n<ul>\n<li>l'attention port\u00e9e aux normes de s\u00e9curit\u00e9 \u00e9lev\u00e9es lors des travaux en hauteur,<\/li>\n<li>l'am\u00e9lioration des m\u00e9thodes d'acc\u00e8s par corde,<\/li>\n<li>l'\u00e9laboration d'un code de bonnes pratiques,<\/li>\n<li>am\u00e9liorer le personnel dans le domaine de l'acc\u00e8s par corde.<\/li>\n<\/ul>\n<p><strong>Si vous souhaitez obtenir la qualification pour vous-m\u00eame ou si vous envisagez de la faire obtenir \u00e0 vos employ\u00e9s, nous vous invitons \u00e0 nous contacter. Choisissez<\/strong><\/p>\n<p><a href=\"https:\/\/kursy-udt.pl\/wp-content\/uploads\/2022\/06\/kursy-udt-dostep-budowlany.png\"><img loading=\"lazy\" decoding=\"async\" class=\"aligncenter wp-image-3834\" src=\"https:\/\/kursy-udt.pl\/wp-content\/uploads\/2022\/06\/kursy-udt-dostep-budowlany-300x188.png\" alt=\"\" width=\"750\" height=\"469\" srcset=\"https:\/\/kursy-udt.pl\/wp-content\/uploads\/2022\/06\/kursy-udt-dostep-budowlany-300x188.png 300w, https:\/\/kursy-udt.pl\/wp-content\/uploads\/2022\/06\/kursy-udt-dostep-budowlany-1024x640.png 1024w, https:\/\/kursy-udt.pl\/wp-content\/uploads\/2022\/06\/kursy-udt-dostep-budowlany-768x480.png 768w, https:\/\/kursy-udt.pl\/wp-content\/uploads\/2022\/06\/kursy-udt-dostep-budowlany-624x390.png 624w, https:\/\/kursy-udt.pl\/wp-content\/uploads\/2022\/06\/kursy-udt-dostep-budowlany.png 1200w\" sizes=\"auto, (max-width: 750px) 100vw, 750px\" \/><\/a><\/p>\n<p>&nbsp;<\/p>","protected":false},"excerpt":{"rendered":"<p>ERGON zaprasza na profesjonalne szkolenie z dost\u0119pu linowego do cel\u00f3w przemys\u0142owych, spe\u0142niaj\u0105ce standardy mi\u0119dzynarodowe. Zapewniamy, \u017ce nasze szkolenie jest zbie\u017cne z norm\u0105 BS 7985 (kodeks stosowania metod dost\u0119pu linowego dla cel\u00f3w przemys\u0142owych). Dlaczego warto zaufa\u0107 w\u0142a\u015bnie nam? ODK ERGON jest podmiotem kszta\u0142c\u0105cym wysokiej klasy specjalist\u00f3w z dziedzin technicznych. Istniejemy na rynku us\u0142ug edukacyjnych nieprzerwanie od 25 lat. Wiedza zdobyta w tym czasie czyni nas ekspertami w zakresie realizacji projekt\u00f3w szkoleniowych. Nasz kurs dost\u0119pu linowego do cel\u00f3w przemys\u0142owych, zgodny z norm\u0105 BS 7985, to wysokojako\u015bciowy produkt szkoleniowy, anga\u017cuj\u0105cy zasoby takie jak: wykwalifikowana i do\u015bwiadczona kadra instruktorska, pe\u0142na infrastruktura szkoleniowa, kompetentni specjali\u015bci ds. obs\u0142ugi klienta na ka\u017cdym etapie wsp\u00f3\u0142pracy, nowoczesne metody dydaktyczne oraz solidnie opracowane materia\u0142y szkoleniowe. Efektywnie i fachowo kszta\u0142cimy przysz\u0142ych alpinist\u00f3w przemys\u0142owych! Na czym polega alpinizm przemys\u0142owy? Alpinizm przemys\u0142owy dotyczy sytuacji, w kt\u00f3rej pracownik przeprowadza prace na wysoko\u015bci, korzystaj\u0105c z metod dost\u0119pu linowego do cel\u00f3w przemys\u0142owych. Podczas wykonywania pracy, znajduje si\u0119 on na podwieszeniu i wykorzystuje jednocze\u015bnie dwie niezale\u017cne liny &#8211; robocz\u0105 i asekuracyjn\u0105. Ich u\u017cycie jest niezb\u0119dne do: ustalenia pozycji pracownika podczas pracy, wchodzenia i zjazdu ze stanowiska pracy oraz asekuracji. W celu zapewnienia jak najbezpieczniejszych warunk\u00f3w do pracy na wysoko\u015bci, stosuje si\u0119 surowe procedury bezpiecze\u0144stwa oraz specjalistyczny sprz\u0119t do ochrony przed upadkiem z wysoko\u015bci. Z technik alpinistycznych korzysta si\u0119 wtedy, kiedy zastosowanie innych metod (np. dost\u0119pu budowlanego) jest nieefektywne ekonomicznie, obci\u0105\u017cone zbyt wysokim ryzykiem lub w przypadkach, gdy te techniki s\u0105 jedynym mo\u017cliwym rozwi\u0105zaniem wykonawczym. Co wi\u0119cej, dost\u0119p linowy jest metod\u0105 przyjazn\u0105 dla \u015brodowiska, poniewa\u017c nie wymaga stosowania inwazyjnego sprz\u0119tu dost\u0119powego. Przysz\u0142y alpinista [&hellip;]<\/p>\n","protected":false},"author":1,"featured_media":3607,"parent":2263,"menu_order":0,"comment_status":"closed","ping_status":"closed","template":"","meta":{"sfsi_plus_gutenberg_text_before_share":"","sfsi_plus_gutenberg_show_text_before_share":"","sfsi_plus_gutenberg_icon_type":"","sfsi_plus_gutenberg_icon_alignemt":"","sfsi_plus_gutenburg_max_per_row":"","footnotes":""},"class_list":["post-3605","page","type-page","status-publish","has-post-thumbnail","hentry","has_thumb"],"aioseo_notices":[],"_links":{"self":[{"href":"https:\/\/kursy-udt.pl\/fr\/wp-json\/wp\/v2\/pages\/3605","targetHints":{"allow":["GET"]}}],"collection":[{"href":"https:\/\/kursy-udt.pl\/fr\/wp-json\/wp\/v2\/pages"}],"about":[{"href":"https:\/\/kursy-udt.pl\/fr\/wp-json\/wp\/v2\/types\/page"}],"author":[{"embeddable":true,"href":"https:\/\/kursy-udt.pl\/fr\/wp-json\/wp\/v2\/users\/1"}],"replies":[{"embeddable":true,"href":"https:\/\/kursy-udt.pl\/fr\/wp-json\/wp\/v2\/comments?post=3605"}],"version-history":[{"count":8,"href":"https:\/\/kursy-udt.pl\/fr\/wp-json\/wp\/v2\/pages\/3605\/revisions"}],"predecessor-version":[{"id":6129,"href":"https:\/\/kursy-udt.pl\/fr\/wp-json\/wp\/v2\/pages\/3605\/revisions\/6129"}],"up":[{"embeddable":true,"href":"https:\/\/kursy-udt.pl\/fr\/wp-json\/wp\/v2\/pages\/2263"}],"wp:featuredmedia":[{"embeddable":true,"href":"https:\/\/kursy-udt.pl\/fr\/wp-json\/wp\/v2\/media\/3607"}],"wp:attachment":[{"href":"https:\/\/kursy-udt.pl\/fr\/wp-json\/wp\/v2\/media?parent=3605"}],"curies":[{"name":"wp","href":"https:\/\/api.w.org\/{rel}","templated":true}]}}