{"id":3600,"date":"2022-01-12T15:00:11","date_gmt":"2022-01-12T15:00:11","guid":{"rendered":"https:\/\/kursy-udt.pl\/?page_id=3600"},"modified":"2024-10-23T12:37:22","modified_gmt":"2024-10-23T10:37:22","slug":"acces-par-corde-2","status":"publish","type":"page","link":"https:\/\/kursy-udt.pl\/fr\/szkolenia\/wysokosciowe-na-uprawnienia-alpinistyczne\/dostep-linowy\/","title":{"rendered":"Parcours d&#039;acc\u00e8s sur corde"},"content":{"rendered":"<p><img loading=\"lazy\" decoding=\"async\" class=\"paddingleft10 alignleft wp-image-3601 size-medium\" src=\"https:\/\/kursy-udt.pl\/wp-content\/uploads\/2022\/01\/screen_2x-300x188.webp\" alt=\"\" width=\"300\" height=\"188\" srcset=\"https:\/\/kursy-udt.pl\/wp-content\/uploads\/2022\/01\/screen_2x-300x188.webp 300w, https:\/\/kursy-udt.pl\/wp-content\/uploads\/2022\/01\/screen_2x-1024x640.webp 1024w, https:\/\/kursy-udt.pl\/wp-content\/uploads\/2022\/01\/screen_2x-768x480.webp 768w, https:\/\/kursy-udt.pl\/wp-content\/uploads\/2022\/01\/screen_2x-1536x960.webp 1536w, https:\/\/kursy-udt.pl\/wp-content\/uploads\/2022\/01\/screen_2x-624x390.webp 624w, https:\/\/kursy-udt.pl\/wp-content\/uploads\/2022\/01\/screen_2x.webp 1600w\" sizes=\"auto, (max-width: 300px) 100vw, 300px\" \/>Nous vous invitons \u00e0 la formation sur cordes, organis\u00e9e par ERGON. Nous formons avec succ\u00e8s des experts depuis plus de 25 ans! Le parcours d&#039;acc\u00e8s par corde suit la norme BS7985. Nous nous pr\u00e9parons \u00e0 la conqu\u00eate de mani\u00e8re professionnelle et efficace <a href=\"https:\/\/kursy-udt.pl\/fr\/uprawnienia-udt\/kategorie-uprawnien-2\/\">autorisations<\/a> alpinisme.<\/p>\n<h2><strong>Qu&#039;est-ce que l&#039;acc\u00e8s sur corde ? <\/strong><\/h2>\n<p>Formation \u00e0 l&#039;acc\u00e8s sur corde (\u00e9galement appel\u00e9e travail d&#039;alpinisme) - vous permet d&#039;utiliser des cordes (et d&#039;autres \u00e9quipements) pour d\u00e9terminer la position de l&#039;employ\u00e9, l&#039;assurage, ainsi que pour entrer et sortir du lieu de travail et l&#039;utilisation de cordes sur les traverses. L&#039;acquisition de telles comp\u00e9tences n\u00e9cessite une forme physique, l&#039;acquisition de connaissances professionnelles et une formation sp\u00e9cialis\u00e9e.<\/p>\n<p>Les cours d&#039;acc\u00e8s sur cordes en altitude concernent les situations dans lesquelles un salari\u00e9 effectue ses t\u00e2ches en \u00e9tant suspendu et deux cordes doivent \u00eatre utilis\u00e9es pendant le travail : des cordes de travail et de s\u00e9curit\u00e9. L&#039;utilisation du mat\u00e9riel d&#039;alpinisme en acc\u00e8s sur corde vise \u00e0 : stabiliser la position de travail par appui ou suspension, et la protection contre les chutes de hauteur lors de l&#039;ex\u00e9cution des t\u00e2ches. Les m\u00e9thodes d&#039;acc\u00e8s par escalade sont utilis\u00e9es partout o\u00f9 l&#039;utilisation d&#039;autres techniques (par exemple, l&#039;acc\u00e8s aux b\u00e2timents) n&#039;est pas \u00e9conomiquement justifi\u00e9e, est trop risqu\u00e9e ou est techniquement impossible.<\/p>\n<div class=\"filmw\">\n<div class=\"responsive-youtube\" style=\"text-align: center;\"><iframe loading=\"lazy\" title=\"Lecteur vid\u00e9o YouTube\" src=\"https:\/\/www.youtube.com\/embed\/Lf4dfMhJft0\" width=\"560\" height=\"315\" frameborder=\"0\" allowfullscreen=\"allowfullscreen\"><\/iframe><\/div>\n<\/div>\n<p><strong>Le cours d&#039;acc\u00e8s sur corde est destin\u00e9 aux personnes travaillant \u00e0:<\/strong><\/p>\n<ul>\n<li>nettoyer les vitres et les fa\u00e7ades des immeubles de grande hauteur<\/li>\n<li>peindre les fa\u00e7ades des b\u00e2timents<\/li>\n<li>installation de publicit\u00e9s grand format<\/li>\n<li>entretien des pyl\u00f4nes de t\u00e9l\u00e9communications<\/li>\n<li>nettoyage et peinture des cuves<\/li>\n<li>montage et r\u00e9novation de structures en acier ou en b\u00e9ton arm\u00e9<\/li>\n<li>et aux entreprises qui souhaitent externaliser la formation de leurs salari\u00e9s<\/li>\n<\/ul>\n<p>La formation s&#039;adresse aux personnes qui travaillent avec les techniques d&#039;alpinisme.<\/p>\n<div style=\"width: 640px;\" class=\"wp-video\"><video id=\"video-3600-1\" width=\"640\" height=\"360\" poster=\"https:\/\/kursy-udt.pl\/wp-content\/uploads\/2023\/02\/20230127_030434_0000.jpg\" preload=\"metadata\" controls=\"controls\"><source type=\"video\/mp4\" src=\"https:\/\/kursy-udt.pl\/wp-content\/uploads\/2023\/02\/ACCEPTED-alpinista-4K-kursy-udt.mp4?_=1\" \/><a href=\"https:\/\/kursy-udt.pl\/wp-content\/uploads\/2023\/02\/ACCEPTED-alpinista-4K-kursy-udt.mp4\">https:\/\/kursy-udt.pl\/wp-content\/uploads\/2023\/02\/ACCEPTED-alpinista-4K-kursy-udt.mp4<\/a><\/video><\/div>\n<h2><strong>Entra\u00eenement<\/strong><\/h2>\n<p>La partie pratique du cours se d\u00e9roule sur des structures sp\u00e9cialement pr\u00e9par\u00e9es qui constituent l&#039;\u00e9quipement permanent du centre de formation. Les ateliers pendant la formation sont r\u00e9alis\u00e9s avec l&#039;utilisation d&#039;\u00e9quipements tels que: syst\u00e8mes antichute, harnais de s\u00e9curit\u00e9, connecteurs, amortisseurs, dispositifs autobloquants, cordes \u00e0 \u00e2me tress\u00e9e \u00e0 faible allongement, lignes de s\u00e9curit\u00e9, connecteurs, amortisseurs, casques de s\u00e9curit\u00e9 industriels , nous utilisons \u00e9galement des syst\u00e8mes d&#039;assurage temporaires et permanents comme par exemple une ligne de vie. La formation porte sur le syst\u00e8me d&#039;acc\u00e8s sur corde selon la norme PN-EN 12841.<\/p>\n<p>Le programme de cours offre une pr\u00e9paration compl\u00e8te, th\u00e9orique et pratique au travail dans le domaine de l&#039;acc\u00e8s par corde.<\/p>\n<p><strong>La formation comprend des sujets tels que :<\/strong><\/p>\n<ul>\n<li>les caract\u00e9ristiques du travail en hauteur et les risques associ\u00e9s<\/li>\n<li>pr\u00e9paration du lieu de travail et planification des activit\u00e9s<\/li>\n<li>\u00e9quipements de protection individuelle (EPI), leur s\u00e9lection, leur utilisation et leur contr\u00f4le<\/li>\n<li>apprendre \u00e0 faire des n\u0153uds utilis\u00e9s dans l&#039;acc\u00e8s par corde<\/li>\n<li>v\u00e9rification quotidienne de l&#039;\u00e9quipement avant utilisation et entretien<\/li>\n<li>syst\u00e8me de maniement des cordes \u00e0 double : travail et assurage<\/li>\n<li>fa\u00e7ons de se d\u00e9placer sur les cordes : mont\u00e9e et descente<\/li>\n<li>se d\u00e9pla\u00e7ant le long de sections horizontales et obliques expos\u00e9es<\/li>\n<li>choc suspendu et facteur de chute<\/li>\n<li>travailler dans une position \u00e9troite ou petite<\/li>\n<li>franchissement de la protection de corde, transfert de corde \u00e0 corde<\/li>\n<li>utilisation du banc au travail<\/li>\n<li>causes et pr\u00e9vention des accidents typiques<\/li>\n<li>\u00e9valuation des risques et plan B, iOZ<\/li>\n<li>r\u00e9soudre des situations d&#039;urgence simples (\u00e9vacuation du descendeur)<\/li>\n<li>estimation de la distance de chute libre (d\u00e9c\u00e9l\u00e9ration et chute totale)<\/li>\n<li>facteurs nocifs survenant dans le travail en hauteur<\/li>\n<li>principes d&#039;\u00e9vacuation, auto-sauvetage en hauteur<\/li>\n<li>normes et r\u00e9glementations en vigueur concernant la s\u00e9curit\u00e9 des travaux en hauteur<\/li>\n<li>r\u00e8gles d&#039;hygi\u00e8ne et de s\u00e9curit\u00e9 en vigueur pendant le travail.<\/li>\n<\/ul>\n<p><strong>Dur\u00e9e de la formation : 2 jours, en petits groupes, la plupart du temps pratique. <\/strong><\/p>\n<p><strong>A l&#039;issue de la formation, le stagiaire re\u00e7oit<\/strong><\/p>\n<p>Certificat confirmant l&#039;ach\u00e8vement de la formation ERGON en polonais et en anglais, reconnue en Pologne et \u00e0 l&#039;\u00e9tranger, bas\u00e9e sur la norme BS7985. Le centre d\u00e9livre des certificats sous forme de : une carte plastique avec un hologramme et une image en anglais ou une carte papier au format A4 avec un hologramme et une image (polonais-anglais). Les certificats contiennent une description d\u00e9taill\u00e9e des qualifications obtenues pour travailler en hauteur.<\/p>\n<h2><strong>Conditions<\/strong><\/h2>\n<p>Pour vous inscrire <a href=\"https:\/\/kursy-udt.pl\/fr\/szkolenia\/wysokosciowe-na-uprawnienia-alpinistyczne\/\">cours d&#039;altitude<\/a> dans le domaine de l&#039;acc\u00e8s par corde, les exigences suivantes doivent \u00eatre respect\u00e9es\u00a0:<\/p>\n<ul>\n<li>18 ans ou plus<\/li>\n<li>l&#039;\u00e9ducation, au moins de base<\/li>\n<li>aptitude physique \u00e0 un degr\u00e9 permettant le travail en hauteur<\/li>\n<li>tests d&#039;altitude d\u00e9livr\u00e9s par un m\u00e9decin du travail<\/li>\n<\/ul>\n<h2><strong>Prix du cours<\/strong><\/h2>\n<p>Le complexe propose un prix tr\u00e8s avantageux pour le kuru. Nous avons pr\u00e9par\u00e9 des r\u00e9ductions int\u00e9ressantes pour les grands groupes. Une offre de prix d\u00e9taill\u00e9e est disponible ici En cas de questions suppl\u00e9mentaires <a href=\"https:\/\/kursy-udt.pl\/fr\/kontakt\/\">Contactez nous s&#039;il vous plait<\/a> au num\u00e9ro : +48 22 290 29 09 ou email : <a href=\"mailto:biuro@platformaedukacji.pl\">biuro@platformaedukacji.pl<\/a> nos collaborateurs y r\u00e9pondront en d\u00e9tail.<\/p>\n<h2><strong>O\u00f9 se d\u00e9roulent les formations ?<\/strong><\/h2>\n<p>Activit\u00e9s en <a href=\"https:\/\/kursy-udt.pl\/fr\/o-firmie\/\">Centre ERGON<\/a> sont dispens\u00e9es par des instructeurs et des examinateurs certifi\u00e9s poss\u00e9dant les qualifications les plus \u00e9lev\u00e9es.  La formation \u00e0 l'acc\u00e8s par corde en haute altitude est dispens\u00e9e dans la salle de formation de notre centre de formation des op\u00e9rateurs ERGON \u00e0 Varsovie, Ursus, 5\/272A Gierdziejewskiego Street. Le Centre effectue des formations pratiques dans la salle en utilisant des \u00e9quipements de PETZL, entre autres, sur une construction sp\u00e9cialis\u00e9e H=12m x W 7m X L10m, qui r\u00e9pond aux exigences de l'OTDL.<span style=\"display:none;\">, IRATA<\/span>L'\u00e9quipement comprend des \u00e9chelles industrielles, des plates-formes et des poutrelles, ainsi que des points d'ancrage certifi\u00e9s (points d'assurage fixes). L'organisateur fournit un repas et des rafra\u00eechissements.<\/p>\n<p>Si vous avez des questions suppl\u00e9mentaires, n&#039;h\u00e9sitez pas \u00e0 nous contacter. Nous vous invitons \u00e0 participer \u00e0 notre formation !<\/p>\n<h2><strong>Pourquoi vaut-il la peine de se former ? <\/strong><\/h2>\n<p>La formation au travail en hauteur selon les techniques de l&#039;alpinisme, compl\u00e9t\u00e9e par l&#039;acquisition des qualifications d&#039;acc\u00e8s par corde, permet d&#039;acc\u00e9der \u00e0 un emploi bien r\u00e9mun\u00e9r\u00e9 en Pologne et \u00e0 l&#039;\u00e9tranger. Le cours vous donne la possibilit\u00e9 de travailler pendant min. dans des secteurs industriels tels que : construction, t\u00e9l\u00e9phonie mobile, \u00e9nergie, mines ; dans des entrep\u00f4ts \u00e0 hauts rayonnages.<\/p>\n<p>Nous vous encourageons \u00e9galement \u00e0 vous renseigner sur les autres formations en alpinisme organis\u00e9es par notre centre : formation \u00e0 l'acc\u00e8s \u00e0 la construction et formation en hauteur.<span style=\"display:none;\"> Type IRATA<\/span>.<\/p>\n<p><img loading=\"lazy\" decoding=\"async\" class=\"aligncenter wp-image-3627 size-large\" src=\"https:\/\/kursy-udt.pl\/wp-content\/uploads\/2022\/01\/kursy-udt-008-wysokosciowe-dostep-linowy-1024x640.png\" alt=\"\" width=\"1024\" height=\"640\" srcset=\"https:\/\/kursy-udt.pl\/wp-content\/uploads\/2022\/01\/kursy-udt-008-wysokosciowe-dostep-linowy-1024x640.png 1024w, https:\/\/kursy-udt.pl\/wp-content\/uploads\/2022\/01\/kursy-udt-008-wysokosciowe-dostep-linowy-300x188.png 300w, https:\/\/kursy-udt.pl\/wp-content\/uploads\/2022\/01\/kursy-udt-008-wysokosciowe-dostep-linowy-768x480.png 768w, https:\/\/kursy-udt.pl\/wp-content\/uploads\/2022\/01\/kursy-udt-008-wysokosciowe-dostep-linowy-624x390.png 624w, https:\/\/kursy-udt.pl\/wp-content\/uploads\/2022\/01\/kursy-udt-008-wysokosciowe-dostep-linowy.png 1200w\" sizes=\"auto, (max-width: 1024px) 100vw, 1024px\" \/><\/p>","protected":false},"excerpt":{"rendered":"<p>Zapraszamy na szkolenie z dost\u0119pu linowego, organizowany przez ERGON. Ju\u017c od ponad 25 lat z sukcesem kszta\u0142cimy ekspert\u00f3w! Kurs z dost\u0119pu linowego realizowany jest wed\u0142ug normy BS7985. W profesjonalny i skuteczny spos\u00f3b przygotowujemy do zdobycia uprawnie\u0144 alpinistycznych. Czym jest dost\u0119p linowy? Szkolenie z dost\u0119pu linowego (zwanego r\u00f3wnie\u017c pracami alpinistycznymi) \u2013 pozwala na u\u017cywanie lin (oraz innego sprz\u0119tu) do ustalania pozycji pracownika, asekuracji, a tak\u017ce do wchodzenia i zjazdu z miejsca pracy oraz u\u017cycie lin na trawersach. Zdobycie takich umiej\u0119tno\u015bci wymaga posiadania sprawno\u015bci fizycznej, przyswojenia fachowej wiedzy i specjalistycznego wyszkolenia. Kursy wysoko\u015bciowe w zakresie dost\u0119pu linowego dotycz\u0105 sytuacji, w kt\u00f3rych pracownik wykonuje swoje zadania w podwieszeniu a przy pracy musz\u0105 by\u0107 u\u017cyte dwie liny: robocza i asekuracyjna. U\u017cycie sprz\u0119tu alpinistycznego w dost\u0119pie linowym ma na celu: stabilizacj\u0119 pozycji roboczej przez podparcie czy podwieszenie oraz ochron\u0119 przed upadkiem z wysoko\u015bci w trakcie wykonywania zada\u0144. Metod dost\u0119pu alpinistycznego u\u017cywa si\u0119 wsz\u0119dzie tam, gdzie u\u017cycie innych technik (np. dost\u0119pu budowlanego) nie znajduje uzasadnienia ekonomicznego, jest obarczone zbyt du\u017cym ryzykiem lub jest technicznie niewykonalne. Kurs z dost\u0119pu linowego kierujemy do os\u00f3b pracuj\u0105cych przy: myciu okien i fasad wie\u017cowc\u00f3w malowaniu elewacji budynk\u00f3w monta\u017cu reklam wielkoformatowych obs\u0142udze maszt\u00f3w telekomunikacyjnych czyszczeniu i malowaniu zbiornik\u00f3w monta\u017cu i remoncie konstrukcji stalowych czy \u017celbetowych oraz do firm, kt\u00f3re chc\u0105 zleci\u0107 szkolenia swoich pracownik\u00f3w Szkolenie skierowane jest do os\u00f3b wykonuj\u0105cych prac\u0119 technikami alpinistycznymi. Szkolenie Cz\u0119\u015b\u0107 praktyczna kursu realizowana jest na specjalnie przygotowanych konstrukcjach b\u0119d\u0105cych sta\u0142ym wyposa\u017ceniem o\u015brodka szkole\u0144. Warsztaty na szkoleniu odbywaj\u0105 si\u0119 z u\u017cyciem wyposa\u017cenia takiego jak: systemy powstrzymywania spadania, szelki bezpiecze\u0144stwa, \u0142\u0105czniki, amortyzatory, urz\u0105dzenia samohamowne, [&hellip;]<\/p>\n","protected":false},"author":1,"featured_media":3601,"parent":2263,"menu_order":0,"comment_status":"closed","ping_status":"closed","template":"","meta":{"sfsi_plus_gutenberg_text_before_share":"","sfsi_plus_gutenberg_show_text_before_share":"","sfsi_plus_gutenberg_icon_type":"","sfsi_plus_gutenberg_icon_alignemt":"","sfsi_plus_gutenburg_max_per_row":"","footnotes":""},"class_list":["post-3600","page","type-page","status-publish","has-post-thumbnail","hentry","has_thumb"],"aioseo_notices":[],"_links":{"self":[{"href":"https:\/\/kursy-udt.pl\/fr\/wp-json\/wp\/v2\/pages\/3600","targetHints":{"allow":["GET"]}}],"collection":[{"href":"https:\/\/kursy-udt.pl\/fr\/wp-json\/wp\/v2\/pages"}],"about":[{"href":"https:\/\/kursy-udt.pl\/fr\/wp-json\/wp\/v2\/types\/page"}],"author":[{"embeddable":true,"href":"https:\/\/kursy-udt.pl\/fr\/wp-json\/wp\/v2\/users\/1"}],"replies":[{"embeddable":true,"href":"https:\/\/kursy-udt.pl\/fr\/wp-json\/wp\/v2\/comments?post=3600"}],"version-history":[{"count":9,"href":"https:\/\/kursy-udt.pl\/fr\/wp-json\/wp\/v2\/pages\/3600\/revisions"}],"predecessor-version":[{"id":6127,"href":"https:\/\/kursy-udt.pl\/fr\/wp-json\/wp\/v2\/pages\/3600\/revisions\/6127"}],"up":[{"embeddable":true,"href":"https:\/\/kursy-udt.pl\/fr\/wp-json\/wp\/v2\/pages\/2263"}],"wp:featuredmedia":[{"embeddable":true,"href":"https:\/\/kursy-udt.pl\/fr\/wp-json\/wp\/v2\/media\/3601"}],"wp:attachment":[{"href":"https:\/\/kursy-udt.pl\/fr\/wp-json\/wp\/v2\/media?parent=3600"}],"curies":[{"name":"wp","href":"https:\/\/api.w.org\/{rel}","templated":true}]}}