{"id":36,"date":"2014-02-10T17:12:23","date_gmt":"2014-02-10T17:12:23","guid":{"rendered":"http:\/\/kursy-udt.kwiaty0.pl\/?page_id=36"},"modified":"2022-12-05T11:39:52","modified_gmt":"2022-12-05T11:39:52","slug":"monte","status":"publish","type":"page","link":"https:\/\/kursy-udt.pl\/fr\/szkolenia\/zwyzki\/","title":{"rendered":"Entra\u00eenement pour les mont\u00e9es"},"content":{"rendered":"<div style=\"float: left; padding-right: 10px;\"><img decoding=\"async\" src=\"\/wp-content\/uploads\/2014\/03\/szkolenia-na-podnosnik.jpeg\" alt=\"cours de mont\u00e9e Varsovie - photo\" \/><\/div>\n<div class=\"wyjustuj\">\n<p>Dans <a href=\"https:\/\/kursy-udt.pl\/fr\/o-firmie\/\">Centre de formation du personnel ERGON<\/a> nous offrons un cours professionnel pour les nacelles \u00e0 ciseaux, automotrices et autres. Notre objectif est de former compl\u00e8tement chaque participant afin qu&#039;il puisse obtenir les qualifications cl\u00e9s pour les augmentations conform\u00e9ment aux r\u00e9glementations UDT. Gr\u00e2ce \u00e0 nous, les employ\u00e9s connaissent tr\u00e8s bien les principes de fonctionnement et de fonctionnement de l&#039;appareil - les formations couvrent le sujet de mani\u00e8re exhaustive et gr\u00e2ce au fait qu&#039;elles sont men\u00e9es par des experts dans leur domaine, elles constituent le meilleur investissement tant pour l&#039;employ\u00e9 que pour l&#039;employeur. Nous mettons tout en \u0153uvre pour garantir les prix les plus bas possibles pour nos formations en ascenseur. Nous avons pr\u00e9par\u00e9 des r\u00e9ductions de prix suppl\u00e9mentaires pour les grands groupes !<\/p>\n<p>Chaque cours de formation pour les plates-formes dans notre centre est divis\u00e9 en une partie th\u00e9orique et une partie pratique, ce qui permet de couvrir le sujet dans son int\u00e9gralit\u00e9 et de pr\u00e9parer solidement les employ\u00e9s \u00e0 l'examen de l'UDT et de le passer avec succ\u00e8s. Les participants \u00e0 la formation sur les \u00e9l\u00e9vateurs \u00e0 nacelle re\u00e7oivent, entre autres, des informations sur la mani\u00e8re d'utiliser l'\u00e9quipement en toute s\u00e9curit\u00e9, conform\u00e9ment aux dispositions du Bureau de contr\u00f4le technique et de l'UDT. <a href=\"https:\/\/kursy-udt.pl\/fr\/szkolenia\/bhp-bezpieczenstwo-pracy\/prawna-ochrona-pracy\/\">Sant\u00e9 et s\u00e9curit\u00e9<\/a> sur le travail en hauteur, ainsi que des informations sur la construction et les principes de fonctionnement de ces machines. Nous proposons \u00e9galement des cours pratiques qui permettent aux participants d'acqu\u00e9rir les comp\u00e9tences n\u00e9cessaires pour utiliser l'\u00e9quipement. Les cours organis\u00e9s dans notre centre sont le meilleur choix !<\/p>\n<div class=\"filmw\">\n<div class=\"responsive-youtube\" style=\"text-align: center;\"><iframe loading=\"lazy\" title=\"Lecteur vid\u00e9o YouTube\" src=\"https:\/\/www.youtube.com\/embed\/sadG__ZRQI8\" width=\"560\" height=\"315\" frameborder=\"0\" allowfullscreen=\"allowfullscreen\"><\/iframe><\/div>\n<\/div>\n<h2><strong>Application<\/strong><\/h2>\n<p>Les nacelles \u00e9l\u00e9vatrices, \u00e9galement appel\u00e9es nacelles \u00e9l\u00e9vatrices de travail, sont des appareils class\u00e9s comme <span class=\"linkwartykule\">plates-formes mobiles<\/span>. Ils sont con\u00e7us pour le montage rapide de personnes, d&#039;\u00e9quipements ou de mat\u00e9riaux \u00e0 une certaine hauteur afin de r\u00e9aliser les travaux command\u00e9s de cette mani\u00e8re, par exemple dans les secteurs de la construction, de la publicit\u00e9 et des services. Ces appareils sont utilis\u00e9s dans la construction, l&#039;assemblage, l&#039;installation, la d\u00e9coration, le nettoyage et bien d&#039;autres travaux, au cours desquels il est n\u00e9cessaire d&#039;arriver \u00e0 une certaine hauteur, alors que la mise en place de l&#039;\u00e9chafaudage ne serait pas une solution \u00e9conomique.<\/p>\n<p>Les plates-formes peuvent \u00eatre utilis\u00e9es aussi bien \u00e0 l&#039;ext\u00e9rieur qu&#039;\u00e0 l&#039;int\u00e9rieur, y compris celles avec de hauts plafonds. Cela les rend polyvalents. Les plates-formes peuvent \u00eatre automotrices, c&#039;est-\u00e0-dire mont\u00e9es sur des v\u00e9hicules \u00e0 moteur, ou lentes, ce qui comprend des plates-formes \u00e0 ciseaux, t\u00e9lescopiques et articul\u00e9es. Les autorisations n\u00e9cessaires \u00e0 leur exploitation sont appel\u00e9es I P.<\/p>\n<h2><strong>But de la formation<\/strong><\/h2>\n<p>Nos formations s&#039;adressent aux personnes \u00e2g\u00e9es de plus de 18 ans et ayant au moins une formation de base. Il est \u00e9galement n\u00e9cessaire de fournir des certificats m\u00e9dicaux attestant qu&#039;il n&#039;y a pas de contre-indications \u00e0 la profession d&#039;op\u00e9rateur.<\/p>\n<p>L&#039;objectif de la formation propos\u00e9e est de fournir des informations th\u00e9oriques et des cours pratiques qui doivent apprendre au participant le bon fonctionnement de l&#039;appareil et obtenir la confirmation de ces comp\u00e9tences. <a href=\"https:\/\/kursy-udt.pl\/fr\/uprawnienia-udt\/kategorie-uprawnien-2\/\">Dipl\u00f4mes UDT<\/a>. Un employ\u00e9 avec les autorisations appropri\u00e9es peut alors participer au travail avec l&#039;utilisation d&#039;augmentations.<\/p>\n<p>Avec le Centre de formation ERGON Card, il est encore plus facile d&#039;obtenir des qualifications pour les augmentations. Nous vous invitons cordialement \u00e0 utiliser nos services !<\/p>\n<\/div>\n<p><a href=\"https:\/\/kursy-udt.pl\/wp-content\/uploads\/2022\/12\/16-kurs-zwyzki-nozycowe-kursy-udt.pl_.png\"><img loading=\"lazy\" decoding=\"async\" class=\"aligncenter wp-image-4526\" src=\"https:\/\/kursy-udt.pl\/wp-content\/uploads\/2022\/12\/16-kurs-zwyzki-nozycowe-kursy-udt.pl_-300x188.png\" alt=\"\" width=\"750\" height=\"469\" srcset=\"https:\/\/kursy-udt.pl\/wp-content\/uploads\/2022\/12\/16-kurs-zwyzki-nozycowe-kursy-udt.pl_-300x188.png 300w, https:\/\/kursy-udt.pl\/wp-content\/uploads\/2022\/12\/16-kurs-zwyzki-nozycowe-kursy-udt.pl_-1024x640.png 1024w, https:\/\/kursy-udt.pl\/wp-content\/uploads\/2022\/12\/16-kurs-zwyzki-nozycowe-kursy-udt.pl_-768x480.png 768w, https:\/\/kursy-udt.pl\/wp-content\/uploads\/2022\/12\/16-kurs-zwyzki-nozycowe-kursy-udt.pl_-18x12.png 18w, https:\/\/kursy-udt.pl\/wp-content\/uploads\/2022\/12\/16-kurs-zwyzki-nozycowe-kursy-udt.pl_-624x390.png 624w, https:\/\/kursy-udt.pl\/wp-content\/uploads\/2022\/12\/16-kurs-zwyzki-nozycowe-kursy-udt.pl_.png 1200w\" sizes=\"auto, (max-width: 750px) 100vw, 750px\" \/><\/a><\/p>\n<div class=\"button_styl\" style=\"float: right; padding-left: 15px; padding-bottom: 8px; margin-bottom: 5px;\"><a class=\"myButton myButton_maly\" href=\"https:\/\/platformaedukacji.pl\/login\/signup.php\" target=\"_blank\" rel=\"nofollow noopener noreferrer\"><span style=\"color: white;\">Inscrivez-vous \u00e0 la formation<\/span><\/a><\/div>","protected":false},"excerpt":{"rendered":"<p>W O\u015brodku Doskonalenia Kadr ERGON oferujemy profesjonalny kurs na zwy\u017cki no\u017cycowe, samojezdne i inne. Naszym celem jest kompleksowe przeszkolenie ka\u017cdego uczestnika, aby m\u00f3g\u0142 uzyska\u0107 on kluczowe uprawnienia na zwy\u017cki zgodnie z przepisami UDT. Dzi\u0119ki nam pracownicy bardzo dobrze znaj\u0105 zasady dzia\u0142ania oraz obs\u0142ug\u0119 urz\u0105dzenia \u2013 szkolenia kompleksowo obejmuj\u0105 temat i dzi\u0119ki temu, \u017ce prowadzone s\u0105 przez ekspert\u00f3w w swojej dziedzinie, s\u0105 najlepsz\u0105 inwestycj\u0105 zar\u00f3wno dla pracownika, jak i dla pracodawcy. Dok\u0142adamy wszelkich stara\u0144, aby zapewni\u0107 tak\u017ce jak najni\u017csze ceny na nasze szkolenia na zwy\u017cki. Dla wi\u0119kszych grup przygotowali\u015bmy dodatkowe obni\u017cki cen! Ka\u017cdy kurs na zwy\u017cki w naszym O\u015brodku jest podzielony na cz\u0119\u015b\u0107 teoretyczn\u0105 i cz\u0119\u015b\u0107 praktyczn\u0105, dlatego ca\u0142o\u015bciowo ujmuje tematyk\u0119 i pozwala na solidne przygotowanie pracownik\u00f3w do podej\u015bcia do egzaminu UDT oraz jego pozytywnego zaliczenia. Podczas szkolenia na zwy\u017cki jego uczestnicy otrzymuj\u0105 mi\u0119dzy innymi informacje na temat zasad bezpiecznego operowania urz\u0105dzeniem zgodnie z przepisami Urz\u0119du Dozoru Technicznego oraz BHP w zakresie prac na wysoko\u015bci, a tak\u017ce informacje na temat budowy i zasad dzia\u0142ania tych maszyn. Prowadzimy r\u00f3wnie\u017c zaj\u0119cia praktyczne, kt\u00f3re pozwalaj\u0105 uczestnikom zdoby\u0107 niezb\u0119dne umiej\u0119tno\u015bci w zakresie operowania urz\u0105dzeniem. Kursy organizowane w naszym O\u015brodku to najlepszy wyb\u00f3r! Zastosowanie Zwy\u017cki, kt\u00f3re okre\u015blane s\u0105 tak\u017ce mianem podno\u015bnik\u00f3w koszowych, s\u0105 urz\u0105dzeniami zaliczanymi do podest\u00f3w ruchomych. S\u0105 one przeznaczone do szybkiego wznoszenia na okre\u015blon\u0105 wysoko\u015b\u0107 os\u00f3b, wyposa\u017cenia czy materia\u0142\u00f3w, aby realizowa\u0107 w ten spos\u00f3b zlecone prace, na przyk\u0142ad w bran\u017cy budowlanej, reklamowej, us\u0142ugowej. Urz\u0105dzenia te s\u0105 stosowane przy pracach budowlanych, monta\u017cowych, instalacyjnych, dekoratorskich, pracach czy\u015bcicielskich i wielu innych, podczas kt\u00f3rych niezb\u0119dne jest dostanie si\u0119 na okre\u015blon\u0105 wysoko\u015b\u0107, przy czym [&hellip;]<\/p>\n","protected":false},"author":1,"featured_media":3427,"parent":65,"menu_order":0,"comment_status":"closed","ping_status":"closed","template":"","meta":{"sfsi_plus_gutenberg_text_before_share":"","sfsi_plus_gutenberg_show_text_before_share":"","sfsi_plus_gutenberg_icon_type":"","sfsi_plus_gutenberg_icon_alignemt":"","sfsi_plus_gutenburg_max_per_row":"","footnotes":""},"class_list":["post-36","page","type-page","status-publish","has-post-thumbnail","hentry","has_thumb"],"aioseo_notices":[],"_links":{"self":[{"href":"https:\/\/kursy-udt.pl\/fr\/wp-json\/wp\/v2\/pages\/36","targetHints":{"allow":["GET"]}}],"collection":[{"href":"https:\/\/kursy-udt.pl\/fr\/wp-json\/wp\/v2\/pages"}],"about":[{"href":"https:\/\/kursy-udt.pl\/fr\/wp-json\/wp\/v2\/types\/page"}],"author":[{"embeddable":true,"href":"https:\/\/kursy-udt.pl\/fr\/wp-json\/wp\/v2\/users\/1"}],"replies":[{"embeddable":true,"href":"https:\/\/kursy-udt.pl\/fr\/wp-json\/wp\/v2\/comments?post=36"}],"version-history":[{"count":29,"href":"https:\/\/kursy-udt.pl\/fr\/wp-json\/wp\/v2\/pages\/36\/revisions"}],"predecessor-version":[{"id":4529,"href":"https:\/\/kursy-udt.pl\/fr\/wp-json\/wp\/v2\/pages\/36\/revisions\/4529"}],"up":[{"embeddable":true,"href":"https:\/\/kursy-udt.pl\/fr\/wp-json\/wp\/v2\/pages\/65"}],"wp:featuredmedia":[{"embeddable":true,"href":"https:\/\/kursy-udt.pl\/fr\/wp-json\/wp\/v2\/media\/3427"}],"wp:attachment":[{"href":"https:\/\/kursy-udt.pl\/fr\/wp-json\/wp\/v2\/media?parent=36"}],"curies":[{"name":"wp","href":"https:\/\/api.w.org\/{rel}","templated":true}]}}