{"id":3549,"date":"2021-09-03T14:04:15","date_gmt":"2021-09-03T14:04:15","guid":{"rendered":"https:\/\/kursy-udt.pl\/?page_id=3549"},"modified":"2022-12-16T08:37:58","modified_gmt":"2022-12-16T08:37:58","slug":"equipements-pour-personnes-handicapees-ascenseurs-maintenance","status":"publish","type":"page","link":"https:\/\/kursy-udt.pl\/fr\/szkolenia\/udt-wdt-tdt\/urzadzenia-niepelnosprawni-podnosniki-konserwacja\/","title":{"rendered":"Cours de maintenance d&#039;\u00e9quipements pour handicap\u00e9s : plates-formes et ascenseurs"},"content":{"rendered":"<p><a href=\"https:\/\/kursy-udt.pl\/wp-content\/uploads\/2021\/09\/kursy-udt.pl-0027-OPUBLIKOWANY-v19-Copy.jpg\"><img loading=\"lazy\" decoding=\"async\" class=\"paddingleft10 alignleft wp-image-3550 size-medium\" src=\"https:\/\/kursy-udt.pl\/wp-content\/uploads\/2021\/09\/kursy-udt.pl-0027-OPUBLIKOWANY-v19-Copy-300x225.jpg\" alt=\"Les dispositifs de transport de personnes handicap\u00e9es sont un type d&#039;\u00e9l\u00e9vateur \u00e9lectrique ou hydraulique\" width=\"300\" height=\"225\" srcset=\"https:\/\/kursy-udt.pl\/wp-content\/uploads\/2021\/09\/kursy-udt.pl-0027-OPUBLIKOWANY-v19-Copy-300x225.jpg 300w, https:\/\/kursy-udt.pl\/wp-content\/uploads\/2021\/09\/kursy-udt.pl-0027-OPUBLIKOWANY-v19-Copy-1024x768.jpg 1024w, https:\/\/kursy-udt.pl\/wp-content\/uploads\/2021\/09\/kursy-udt.pl-0027-OPUBLIKOWANY-v19-Copy-768x576.jpg 768w, https:\/\/kursy-udt.pl\/wp-content\/uploads\/2021\/09\/kursy-udt.pl-0027-OPUBLIKOWANY-v19-Copy-1536x1152.jpg 1536w, https:\/\/kursy-udt.pl\/wp-content\/uploads\/2021\/09\/kursy-udt.pl-0027-OPUBLIKOWANY-v19-Copy-640x480.jpg 640w, https:\/\/kursy-udt.pl\/wp-content\/uploads\/2021\/09\/kursy-udt.pl-0027-OPUBLIKOWANY-v19-Copy-624x468.jpg 624w, https:\/\/kursy-udt.pl\/wp-content\/uploads\/2021\/09\/kursy-udt.pl-0027-OPUBLIKOWANY-v19-Copy.jpg 2048w\" sizes=\"auto, (max-width: 300px) 100vw, 300px\" \/><\/a>Des plateformes de transport de personnes \u00e0 mobilit\u00e9 r\u00e9duite sont install\u00e9es dans des lieux pr\u00e9sentant des barri\u00e8res architecturales : escaliers, portes \u00e9troites ou seuils. Ils permettent \u00e0 une personne en fauteuil roulant ou avec des b\u00e9quilles d&#039;acc\u00e9der aux \u00e9tages sup\u00e9rieurs d&#039;un b\u00e2timent : domicile, bureau, clinique ou universit\u00e9. Les ascenseurs sont un type de grue hydraulique ou \u00e9lectrique. Ils sont class\u00e9s comme engins de manutention et, conform\u00e9ment \u00e0 la r\u00e9glementation, ils font l&#039;objet d&#039;un contr\u00f4le technique. Cela signifie que pour pouvoir effectuer des r\u00e9parations et des travaux d&#039;entretien sur ces appareils, vous devez disposer d&#039;un certificat d\u00e9livr\u00e9 par le Bureau de l&#039;inspection technique. <a href=\"https:\/\/kursy-udt.pl\/fr\/uprawnienia-udt\/kategorie-uprawnien-2\/\">droits<\/a>.<\/p>\n<p>Nous vous invitons \u00e0 suivre un cours dont la r\u00e9ussite, associ\u00e9e \u00e0 la r\u00e9ussite d&#039;un examen d&#039;\u00c9tat, vous permettra d&#039;obtenir de telles qualifications. Gr\u00e2ce \u00e0 cela, vous pourrez travailler comme pr\u00e9pos\u00e9 \u00e0 l&#039;entretien des engins de manutention dans toute entreprise ou usine sp\u00e9cialis\u00e9e dans la r\u00e9paration de ce type d&#039;\u00e9quipement.<\/p>\n<h2>Le programme du cours de maintenance des appareils pour le transport des personnes handicap\u00e9es<\/h2>\n<p>La formation se compose d&#039;une partie th\u00e9orique - cours magistraux et d&#039;une partie pratique. Nos instructeurs ont de l&#039;exp\u00e9rience dans la conduite de cours pour les futurs restaurateurs, ils transmettent leurs connaissances de mani\u00e8re accessible et activante. Pendant les cours, vous apprendrez, entre autres :<\/p>\n<ul>\n<li>Quels sont les types de plates-formes pour le transport des personnes handicap\u00e9es<\/li>\n<li>Comment sont construits les appareils \u00e9lectriques et hydrauliques<\/li>\n<li>D\u00e9fauts typiques rencontr\u00e9s par les restaurateurs de mat\u00e9riel de manutention<\/li>\n<li>R\u00e9glementation relative \u00e0 l&#039;entretien des \u00e9quipements pour personnes handicap\u00e9es<\/li>\n<li>Missions de conservateur des engins de manutention<\/li>\n<li>Principes <a href=\"https:\/\/kursy-udt.pl\/fr\/szkolenia\/bhp-bezpieczenstwo-pracy\/prawna-ochrona-pracy\/\">Sant\u00e9 et s\u00e9curit\u00e9<\/a> et les premiers secours en cas d'accidents et d'urgences<\/li>\n<\/ul>\n<p>Apr\u00e8s la conf\u00e9rence, les participants participent \u00e0 des cours pratiques, au cours desquels ils d\u00e9couvrent la construction de plates-formes de transport, apprennent les r\u00e8gles de s\u00e9curit\u00e9 d&#039;exploitation et apprennent les m\u00e9thodes de r\u00e9paration des d\u00e9fauts les plus courants.<\/p>\n<p>Le cours standard dure de 38 \u00e0 96 heures, mais ce temps peut \u00eatre plus court pour les personnes ayant d\u00e9j\u00e0 travaill\u00e9 avec des engins de manutention. Ces personnes peuvent avoir besoin de moins de temps pour \u00e9tudier pendant la partie pratique. Il est convenu individuellement avec l&#039;enseignant.<\/p>\n<h2>Examen pour les qualifications UDT<\/h2>\n<p>Le cours est une pr\u00e9paration au travail de technicien de maintenance, mais sa r\u00e9ussite n&#039;est pas suffisante pour pouvoir travailler. Selon la r\u00e9glementation, le conservateur doit r\u00e9ussir l&#039;examen effectu\u00e9 par l&#039;UDT et seulement si le r\u00e9sultat est positif, il re\u00e7oit les qualifications appropri\u00e9es.<\/p>\n<p>L&#039;examen est organis\u00e9 par le Centre en collaboration avec l&#039;UDT. Cela signifie que les \u00e9tudiants n&#039;ont pas \u00e0 s&#039;inscrire \u00e0 un examen dans une succursale de l&#039;Office. L&#039;examen \u00e9crit (test) et oral se d\u00e9roule \u00e0 la date indiqu\u00e9e par l&#039;UDT, \u00e0 laquelle s&#039;ajustent les dates de nos formations.<\/p>\n<p>Avec qualification, vous pouvez effectuer la r\u00e9paration, l&#039;entretien et les contr\u00f4les techniques obligatoires de tous types d&#039;\u00e9quipements de transport de personnes handicap\u00e9es.<\/p>\n<h2><a href=\"https:\/\/kursy-udt.pl\/wp-content\/uploads\/2021\/09\/kursy-udt.pl-0027-OPUBLIKOWANY-v20-Copy.jpg\"><img loading=\"lazy\" decoding=\"async\" class=\"alignnone wp-image-3551 size-large\" src=\"https:\/\/kursy-udt.pl\/wp-content\/uploads\/2021\/09\/kursy-udt.pl-0027-OPUBLIKOWANY-v20-Copy-768x1024.jpg\" alt=\" L&#039;entretien des \u00e9quipements pour le transport des personnes handicap\u00e9es n\u00e9cessite une autorisation \" width=\"768\" height=\"1024\" srcset=\"https:\/\/kursy-udt.pl\/wp-content\/uploads\/2021\/09\/kursy-udt.pl-0027-OPUBLIKOWANY-v20-Copy-768x1024.jpg 768w, https:\/\/kursy-udt.pl\/wp-content\/uploads\/2021\/09\/kursy-udt.pl-0027-OPUBLIKOWANY-v20-Copy-225x300.jpg 225w, https:\/\/kursy-udt.pl\/wp-content\/uploads\/2021\/09\/kursy-udt.pl-0027-OPUBLIKOWANY-v20-Copy-1152x1536.jpg 1152w, https:\/\/kursy-udt.pl\/wp-content\/uploads\/2021\/09\/kursy-udt.pl-0027-OPUBLIKOWANY-v20-Copy-624x832.jpg 624w, https:\/\/kursy-udt.pl\/wp-content\/uploads\/2021\/09\/kursy-udt.pl-0027-OPUBLIKOWANY-v20-Copy.jpg 1200w\" sizes=\"auto, (max-width: 768px) 100vw, 768px\" \/><\/a><\/h2>\n<h2>Exigences pour les participants<\/h2>\n<p>Nous invitons toutes les personnes \u00e2g\u00e9es de 18 ans ou plus, ayant au moins termin\u00e9 l&#039;\u00e9cole primaire et n&#039;ayant aucune contre-indication de sant\u00e9 \u00e0 l&#039;exercice du m\u00e9tier de restaurateur.<\/p>\n<p>Pour que la formation soit pleinement efficace, nous exigeons que les participants aient des connaissances de base en m\u00e9canique, en m\u00e9canique et en \u00e9lectrotechnique.<\/p>\n<h2>Informations pratiques<\/h2>\n<p>Des formations \u00e0 la maintenance ont lieu r\u00e9guli\u00e8rement sur diff\u00e9rents sites. Nous avons des succursales dans plusieurs grandes villes et notre si\u00e8ge social est \u00e0 Varsovie. Nous organisons \u00e9galement des formations ferm\u00e9es pour les entreprises - dans le cas de telles formations, la date et le lieu sont adapt\u00e9s aux besoins de l&#039;employeur et des employ\u00e9s.<\/p>\n<p>Si vous souhaitez participer au cours et obtenir les qualifications d&#039;un restaurateur, nous vous invitons \u00e0 r\u00e9server une place sur notre site www.platformaedukacji.pl. Vous y trouverez les dates de formation actuelles avec les lieux, les prix et d&#039;autres d\u00e9tails. Les paiements peuvent \u00eatre effectu\u00e9s via le syst\u00e8me PayNow ou BLIK, tel que Przelewy24.<\/p>\n<p>Si vous avez des questions suppl\u00e9mentaires ou des doutes, veuillez nous contacter par t\u00e9l\u00e9phone ou par e-mail.<\/p>\n<p><a href=\"https:\/\/kursy-udt.pl\/wp-content\/uploads\/2022\/12\/Reklama-Na-Kursy-7.png\"><img loading=\"lazy\" decoding=\"async\" class=\"aligncenter wp-image-4576\" src=\"https:\/\/kursy-udt.pl\/wp-content\/uploads\/2022\/12\/Reklama-Na-Kursy-7-300x188.png\" alt=\"\" width=\"750\" height=\"469\" srcset=\"https:\/\/kursy-udt.pl\/wp-content\/uploads\/2022\/12\/Reklama-Na-Kursy-7-300x188.png 300w, https:\/\/kursy-udt.pl\/wp-content\/uploads\/2022\/12\/Reklama-Na-Kursy-7-1024x640.png 1024w, https:\/\/kursy-udt.pl\/wp-content\/uploads\/2022\/12\/Reklama-Na-Kursy-7-768x480.png 768w, https:\/\/kursy-udt.pl\/wp-content\/uploads\/2022\/12\/Reklama-Na-Kursy-7-18x12.png 18w, https:\/\/kursy-udt.pl\/wp-content\/uploads\/2022\/12\/Reklama-Na-Kursy-7-624x390.png 624w, https:\/\/kursy-udt.pl\/wp-content\/uploads\/2022\/12\/Reklama-Na-Kursy-7.png 1200w\" sizes=\"auto, (max-width: 750px) 100vw, 750px\" \/><\/a><\/p>\n<p>&nbsp;<\/p>","protected":false},"excerpt":{"rendered":"<p>Platformy do transportu os\u00f3b niepe\u0142nosprawnych ruchowo s\u0105 montowane w miejscach z barierami architektonicznymi: schodami, w\u0105skimi drzwiami czy progami. Umo\u017cliwiaj\u0105 one osobie poruszaj\u0105cej si\u0119 na w\u00f3zku czy o kulach dostanie si\u0119 na wy\u017csze pi\u0119tra budynku: domu, urz\u0119du, przychodni czy uczelni. Podno\u015bniki s\u0105 rodzajem d\u017awigu zasilanego hydraulicznie lub elektrycznie. Zalicza si\u0119 je do urz\u0105dze\u0144 transportu bliskiego i zgodnie z przepisami s\u0105 one obj\u0119te dozorem technicznym. Oznacza to, \u017ce aby m\u00f3c wykonywa\u0107 naprawy i prace konserwacyjne przy takich urz\u0105dzeniach, trzeba posiada\u0107 wydane przez Urz\u0105d Dozoru Technicznego uprawnienia. Zapraszamy Pa\u0144stwa na kurs, kt\u00f3rego uko\u0144czenie, wraz ze zdanym egzaminem pa\u0144stwowym, umo\u017cliwi zdobycie takich uprawnie\u0144. Dzi\u0119ki temu b\u0119d\u0105 mogli Pa\u0144stwo podj\u0105\u0107 prac\u0119 konserwatora urz\u0105dze\u0144 transportu bliskiego w dowolnej firmie czy zak\u0142adzie specjalizuj\u0105cych si\u0119 w naprawach tego typu sprz\u0119tu. Program kursu konserwacji urz\u0105dze\u0144 do transportu os\u00f3b niepe\u0142nosprawnych Szkolenie sk\u0142ada si\u0119 z cz\u0119\u015bci teoretycznej &#8211; wyk\u0142ad\u00f3w oraz praktycznej. Nasi instruktorzy maj\u0105 do\u015bwiadczenie w prowadzeniu zaj\u0119\u0107 dla przysz\u0142ych konserwator\u00f3w, przekazuj\u0105 wiedz\u0119 w spos\u00f3b przyst\u0119pny i aktywizuj\u0105cy uczestnik\u00f3w. Podczas zaj\u0119\u0107 dowiedz\u0105 si\u0119 Pa\u0144stwo mi\u0119dzy innymi: Jakie s\u0105 rodzaje platform do transportu os\u00f3b niepe\u0142nosprawnych W jaki spos\u00f3b s\u0105 zbudowane urz\u0105dzenia zasilane elektrycznie i hydraulicznie Typowe usterki, z jakimi maj\u0105 do czynienia konserwatorzy urz\u0105dze\u0144 transportu bliskiego Przepisy zwi\u0105zane z konserwacj\u0105 urz\u0105dze\u0144 dla os\u00f3b niepe\u0142nosprawnych Obowi\u0105zki na stanowisku konserwatora urz\u0105dze\u0144 transportu bliskiego Zasady BHP i udzielania pierwszej pomocy w przypadku awarii i wypadk\u00f3w Po cz\u0119\u015bci wyk\u0142adowej uczestnicy bior\u0105 udzia\u0142 w zaj\u0119ciach praktycznych, w trakcie kt\u00f3rych zapoznaj\u0105 si\u0119 z budow\u0105 platform do transportu, poznaj\u0105 zasady bezpiecze\u0144stwa obowi\u0105zuj\u0105ce przy eksploatacji i ucz\u0105 si\u0119 metod naprawiania najpopularniejszych usterek. Kurs trwa standardowo [&hellip;]<\/p>\n","protected":false},"author":1,"featured_media":3550,"parent":2721,"menu_order":0,"comment_status":"closed","ping_status":"closed","template":"","meta":{"sfsi_plus_gutenberg_text_before_share":"","sfsi_plus_gutenberg_show_text_before_share":"","sfsi_plus_gutenberg_icon_type":"","sfsi_plus_gutenberg_icon_alignemt":"","sfsi_plus_gutenburg_max_per_row":"","footnotes":""},"class_list":["post-3549","page","type-page","status-publish","has-post-thumbnail","hentry","has_thumb"],"aioseo_notices":[],"_links":{"self":[{"href":"https:\/\/kursy-udt.pl\/fr\/wp-json\/wp\/v2\/pages\/3549","targetHints":{"allow":["GET"]}}],"collection":[{"href":"https:\/\/kursy-udt.pl\/fr\/wp-json\/wp\/v2\/pages"}],"about":[{"href":"https:\/\/kursy-udt.pl\/fr\/wp-json\/wp\/v2\/types\/page"}],"author":[{"embeddable":true,"href":"https:\/\/kursy-udt.pl\/fr\/wp-json\/wp\/v2\/users\/1"}],"replies":[{"embeddable":true,"href":"https:\/\/kursy-udt.pl\/fr\/wp-json\/wp\/v2\/comments?post=3549"}],"version-history":[{"count":4,"href":"https:\/\/kursy-udt.pl\/fr\/wp-json\/wp\/v2\/pages\/3549\/revisions"}],"predecessor-version":[{"id":4577,"href":"https:\/\/kursy-udt.pl\/fr\/wp-json\/wp\/v2\/pages\/3549\/revisions\/4577"}],"up":[{"embeddable":true,"href":"https:\/\/kursy-udt.pl\/fr\/wp-json\/wp\/v2\/pages\/2721"}],"wp:featuredmedia":[{"embeddable":true,"href":"https:\/\/kursy-udt.pl\/fr\/wp-json\/wp\/v2\/media\/3550"}],"wp:attachment":[{"href":"https:\/\/kursy-udt.pl\/fr\/wp-json\/wp\/v2\/media?parent=3549"}],"curies":[{"name":"wp","href":"https:\/\/api.w.org\/{rel}","templated":true}]}}