{"id":3536,"date":"2021-09-03T13:20:43","date_gmt":"2021-09-03T13:20:43","guid":{"rendered":"https:\/\/kursy-udt.pl\/?page_id=3536"},"modified":"2025-03-12T09:36:17","modified_gmt":"2025-03-12T08:36:17","slug":"lexploitation-de-chemins-de-fer-mobiles","status":"publish","type":"page","link":"https:\/\/kursy-udt.pl\/fr\/szkolenia\/udt-wdt-tdt\/obsluga-ruchomych-kolejowe\/","title":{"rendered":"Cours d&#039;utilisation des plates-formes mobiles sur les v\u00e9hicules ferroviaires"},"content":{"rendered":"<p><a href=\"https:\/\/kursy-udt.pl\/wp-content\/uploads\/2021\/09\/kursy-udt.pl-0025-OPUBLIKOWANE-v15-Copy.jpg\"><img loading=\"lazy\" decoding=\"async\" class=\"paddingleft10 alignleft wp-image-3541 size-medium\" src=\"https:\/\/kursy-udt.pl\/wp-content\/uploads\/2021\/09\/kursy-udt.pl-0025-OPUBLIKOWANE-v15-Copy-300x225.jpg\" alt=\"L&#039;op\u00e9rateur de plates-formes mobiles sur v\u00e9hicules ferroviaires travaille sur les r\u00e9parations et l&#039;entretien de l&#039;infrastructure ferroviaire \" width=\"300\" height=\"225\" srcset=\"https:\/\/kursy-udt.pl\/wp-content\/uploads\/2021\/09\/kursy-udt.pl-0025-OPUBLIKOWANE-v15-Copy-300x225.jpg 300w, https:\/\/kursy-udt.pl\/wp-content\/uploads\/2021\/09\/kursy-udt.pl-0025-OPUBLIKOWANE-v15-Copy-1024x768.jpg 1024w, https:\/\/kursy-udt.pl\/wp-content\/uploads\/2021\/09\/kursy-udt.pl-0025-OPUBLIKOWANE-v15-Copy-768x576.jpg 768w, https:\/\/kursy-udt.pl\/wp-content\/uploads\/2021\/09\/kursy-udt.pl-0025-OPUBLIKOWANE-v15-Copy-640x480.jpg 640w, https:\/\/kursy-udt.pl\/wp-content\/uploads\/2021\/09\/kursy-udt.pl-0025-OPUBLIKOWANE-v15-Copy-624x468.jpg 624w, https:\/\/kursy-udt.pl\/wp-content\/uploads\/2021\/09\/kursy-udt.pl-0025-OPUBLIKOWANE-v15-Copy.jpg 1200w\" sizes=\"auto, (max-width: 300px) 100vw, 300px\" \/><\/a><a href=\"https:\/\/kursy-udt.pl\/fr\/szkolenia\/udt-wdt-tdt\/ruchome-na-kolejowych-konserwacja\/\">Plateformes mobiles sur v\u00e9hicules ferroviaires<\/a> sont class\u00e9s en engins de manutention sous contr\u00f4le technique. Pour les exploiter, il est n\u00e9cessaire d&#039;avoir des autorisations d\u00e9livr\u00e9es par le Bureau Technique des Transports. La formation que nous proposons vous permet d&#039;acqu\u00e9rir ces qualifications. Le cours comprend un examen men\u00e9 par TDT, et l&#039;\u00e9tendue des questions abord\u00e9es pendant le cours correspond \u00e0 celles requises lors de l&#039;examen.<\/p>\n<p>Nous invitons aux cours les deux sp\u00e9cialistes qui exercent d\u00e9j\u00e0 le m\u00e9tier d&#039;op\u00e9rateur d&#039;engins de manutention, poss\u00e9dant <a href=\"https:\/\/kursy-udt.pl\/fr\/uprawnienia-udt\/kategorie-uprawnien-2\/\">droits<\/a> sur d&#039;autres types de plateformes, ainsi que des personnes sans exp\u00e9rience professionnelle.<\/p>\n<h2>Cours pour plates-formes mobiles ferroviaires - service<\/h2>\n<div style=\"width: 640px;\" class=\"wp-video\"><video id=\"video-3536-1\" width=\"640\" height=\"360\" poster=\"https:\/\/kursy-udt.pl\/wp-content\/uploads\/2023\/02\/20230127_031102_0000.jpg\" preload=\"metadata\" controls=\"controls\"><source type=\"video\/mp4\" src=\"https:\/\/kursy-udt.pl\/wp-content\/uploads\/2023\/02\/ACCEPTED-operator-podestow-4K-kursy-udt.mp4?_=1\" \/><a href=\"https:\/\/kursy-udt.pl\/wp-content\/uploads\/2023\/02\/ACCEPTED-operator-podestow-4K-kursy-udt.mp4\">https:\/\/kursy-udt.pl\/wp-content\/uploads\/2023\/02\/ACCEPTED-operator-podestow-4K-kursy-udt.mp4<\/a><\/video><\/div>\n<p><strong>Le programme du cours couvre les sujets suivants :<\/strong><\/p>\n<ul>\n<li>Construction de plates-formes mobiles sur des v\u00e9hicules ferroviaires, leurs types et leur destination<\/li>\n<li>Principes <a href=\"https:\/\/kursy-udt.pl\/fr\/szkolenia\/bhp-bezpieczenstwo-pracy\/prawna-ochrona-pracy\/\">Sant\u00e9 et s\u00e9curit\u00e9<\/a> applicables au fonctionnement de ce type d'\u00e9quipement<\/li>\n<li>Stabilit\u00e9 des plateformes<\/li>\n<li>Activit\u00e9 avant pendant et apr\u00e8s le travail<\/li>\n<li>Protection \u00e9lectrique, m\u00e9canique et hydraulique<\/li>\n<li>Obligations de s\u00e9curit\u00e9 de l&#039;exploitant de plates-formes ferroviaires<\/li>\n<li>Prendre connaissance du mode d&#039;emploi et de la documentation technique<\/li>\n<li>Dispositions de la loi sur le contr\u00f4le technique<\/li>\n<\/ul>\n<p>La partie th\u00e9orique est compl\u00e9t\u00e9e par des cours pratiques, au cours desquels les participants apprennent \u00e0 utiliser les plateformes dans le cadre requis pour l&#039;examen.<\/p>\n<p>La dur\u00e9e des cours est de 10 \u00e0 35 heures, elle peut \u00eatre raccourcie pour les personnes ayant d\u00e9j\u00e0 travaill\u00e9 avec ce type de plateformes et ayant besoin de moins de temps pour lire la mati\u00e8re.<\/p>\n<p>Le cours sur les ascenseurs ferroviaires et l&#039;examen UDT peuvent \u00eatre suivis par des personnes qui :<\/p>\n<ul>\n<li>Ils ont au moins une \u00e9ducation primaire<\/li>\n<li>Ils ont plus de 18 ans<\/li>\n<li>Une d\u00e9claration qu&#039;il n&#039;y a pas de contre-indications de sant\u00e9<\/li>\n<\/ul>\n<p>Les personnes qui souhaitent s&#039;inscrire \u00e0 la formation, s&#039;il vous pla\u00eet visitez notre site Web <a href=\"https:\/\/platformaedukacji.pl\/sklep\/\">www.platformaedukacji.pl<\/a>. Vous y trouverez des d\u00e9tails sur les dates, les lieux, les prix et plus encore. La r\u00e9servation se fait en ajoutant la date s\u00e9lectionn\u00e9e au panier et en effectuant le paiement.<\/p>\n<p>Les cours ont lieu dans plusieurs endroits \u00e0 travers la Pologne. Nous avons \u00e9galement la possibilit\u00e9 d&#039;organiser une formation ferm\u00e9e pour votre entreprise. Dans ce cas <a href=\"https:\/\/kursy-udt.pl\/fr\/kontakt\/\">Contactez nous s&#039;il vous plait<\/a> par t\u00e9l\u00e9phone ou par e-mail.<\/p>\n<div class=\"filmw\">\n<div class=\"responsive-youtube\" style=\"text-align: center;\"><iframe loading=\"lazy\" title=\"Lecteur vid\u00e9o YouTube\" src=\"https:\/\/www.youtube.com\/embed\/sadG__ZRQI8\" width=\"560\" height=\"315\" frameborder=\"0\" allowfullscreen=\"allowfullscreen\"><\/iframe><\/div>\n<\/div>\n<h2>Autorisations d&#039;exploitation de plates-formes mobiles ferroviaires<\/h2>\n<p>Le cours comprend un examen men\u00e9 par des personnes autoris\u00e9es au nom de TDT. Notre Centre agit comme interm\u00e9diaire dans l&#039;organisation de l&#039;examen, repr\u00e9sentant les \u00e9tudiants devant l&#039;Office. Nous nous occupons de l&#039;inscription des participants et d&#039;autres questions d&#039;organisation. Les sujets abord\u00e9s au cours de la formation sont conformes aux exigences actuelles de l&#039;examen TDT, gr\u00e2ce auxquelles les \u00e9tudiants sont correctement pr\u00e9par\u00e9s pour v\u00e9rifier leurs qualifications.<\/p>\n<p><img loading=\"lazy\" decoding=\"async\" class=\"alignnone wp-image-6166 size-large\" src=\"https:\/\/kursy-udt.pl\/wp-content\/uploads\/2025\/03\/IMG_0025-1024x768.jpg\" alt=\"\" width=\"1024\" height=\"768\" srcset=\"https:\/\/kursy-udt.pl\/wp-content\/uploads\/2025\/03\/IMG_0025-1024x768.jpg 1024w, https:\/\/kursy-udt.pl\/wp-content\/uploads\/2025\/03\/IMG_0025-300x225.jpg 300w, https:\/\/kursy-udt.pl\/wp-content\/uploads\/2025\/03\/IMG_0025-768x576.jpg 768w, https:\/\/kursy-udt.pl\/wp-content\/uploads\/2025\/03\/IMG_0025-1536x1152.jpg 1536w, https:\/\/kursy-udt.pl\/wp-content\/uploads\/2025\/03\/IMG_0025-2048x1536.jpg 2048w, https:\/\/kursy-udt.pl\/wp-content\/uploads\/2025\/03\/IMG_0025-16x12.jpg 16w, https:\/\/kursy-udt.pl\/wp-content\/uploads\/2025\/03\/IMG_0025-640x480.jpg 640w, https:\/\/kursy-udt.pl\/wp-content\/uploads\/2025\/03\/IMG_0025-624x468.jpg 624w\" sizes=\"auto, (max-width: 1024px) 100vw, 1024px\" \/><\/p>\n<p>Apr\u00e8s avoir r\u00e9ussi le test et la partie pratique, le candidat \u00e0 l&#039;op\u00e9rateur obtient les qualifications TDT. Elles sont valables 10 ans et sont valables pour tous les types de plateformes mont\u00e9es sur v\u00e9hicules ferroviaires.<\/p>\n<p>Avec les qualifications TDT, vous pouvez occuper un emploi dans les entreprises ferroviaires charg\u00e9es de la r\u00e9paration, de l&#039;entretien et de la construction d&#039;infrastructures. Les entreprises qui effectuent de tels travaux en sous-traitance recherchent \u00e9galement des sp\u00e9cialistes dans ce domaine.<\/p>\n<p><a href=\"https:\/\/kursy-udt.pl\/wp-content\/uploads\/2022\/12\/PODESTY-RUCHOME-kursy-udt.pl_.png\"><img loading=\"lazy\" decoding=\"async\" class=\"aligncenter wp-image-4531\" src=\"https:\/\/kursy-udt.pl\/wp-content\/uploads\/2022\/12\/PODESTY-RUCHOME-kursy-udt.pl_-300x188.png\" alt=\"\" width=\"750\" height=\"469\" srcset=\"https:\/\/kursy-udt.pl\/wp-content\/uploads\/2022\/12\/PODESTY-RUCHOME-kursy-udt.pl_-300x188.png 300w, https:\/\/kursy-udt.pl\/wp-content\/uploads\/2022\/12\/PODESTY-RUCHOME-kursy-udt.pl_-1024x640.png 1024w, https:\/\/kursy-udt.pl\/wp-content\/uploads\/2022\/12\/PODESTY-RUCHOME-kursy-udt.pl_-768x480.png 768w, https:\/\/kursy-udt.pl\/wp-content\/uploads\/2022\/12\/PODESTY-RUCHOME-kursy-udt.pl_-18x12.png 18w, https:\/\/kursy-udt.pl\/wp-content\/uploads\/2022\/12\/PODESTY-RUCHOME-kursy-udt.pl_-624x390.png 624w, https:\/\/kursy-udt.pl\/wp-content\/uploads\/2022\/12\/PODESTY-RUCHOME-kursy-udt.pl_.png 1200w\" sizes=\"auto, (max-width: 750px) 100vw, 750px\" \/><\/a><\/p>\n<p>&nbsp;<\/p>","protected":false},"excerpt":{"rendered":"<p>Podesty ruchome na pojazdach kolejowych s\u0105 zaliczane do urz\u0105dze\u0144 transportu bliskiego, obj\u0119tych dozorem technicznym. Do ich obs\u0142ugi konieczne jest posiadanie uprawnie\u0144 wydawanych przez Transportowy Urz\u0105d Techniczny. Oferowany przez nas kurs umo\u017cliwia zdobycie tych uprawnie\u0144. W ramach kursu odbywa si\u0119 przeprowadzany przez TDT egzamin, a zakres zagadnie\u0144 poruszanych podczas zaj\u0119\u0107 odpowiada tym wymaganym podczas egzaminu. Na zaj\u0119cia zapraszamy zar\u00f3wno specjalist\u00f3w pracuj\u0105cych ju\u017c w zawodzie operatora urz\u0105dze\u0144 transportu bliskiego, posiadaj\u0105cych uprawnienia na inne rodzaje podest\u00f3w, jak i osoby bez do\u015bwiadczenia zawodowego. Kurs na podesty ruchome kolejowe &#8211; obs\u0142uga Program kursu obejmuje nast\u0119puj\u0105ce zagadnienia: Budowa podest\u00f3w ruchomych na pojazdach kolejowych, ich rodzaje i przeznaczenie Zasady BHP obowi\u0105zuj\u0105ce przy obs\u0142udze tego typu urz\u0105dze\u0144 Stateczno\u015b\u0107 podest\u00f3w Czynno\u015b\u0107 przed w czasie i po zako\u0144czeniu pracy Zabezpieczenia elektryczne, mechaniczne i hydrauliczne Obowi\u0105zki operatora podest\u00f3w kolejowych w zakresie bezpiecze\u0144stwa Zapoznawanie si\u0119 z instrukcj\u0105 obs\u0142ugi i dokumentacj\u0105 techniczn\u0105 Przepisy ustawy o dozorze technicznym Uzupe\u0142nieniem cz\u0119\u015bci teoretycznej s\u0105 zaj\u0119cia praktyczne, w ramach kt\u00f3rych uczestnicy ucz\u0105 si\u0119 obs\u0142ugi podest\u00f3w w zakresie wymaganym na egzaminie. Czas trwania zaj\u0119\u0107 wynosi od 10 do 35 godzin, mo\u017ce zosta\u0107 skr\u00f3cony w przypadku os\u00f3b, kt\u00f3re pracowa\u0142y ju\u017c z tego typu podestami i potrzebuj\u0105 mniej czasu na zapoznanie si\u0119 z materia\u0142em. W kursie na podesty ruchome kolejowe i egzaminie UDT mog\u0105 wzi\u0105\u0107 udzia\u0142 osoby, kt\u00f3re: Posiadaj\u0105 co najmniej wykszta\u0142cenie podstawowe Maj\u0105 uko\u0144czone 18 lat O\u015bwiadczenie o braku przeciwwskaza\u0144 zdrowotnych Osoby, kt\u00f3re chcia\u0142yby zapisa\u0107 si\u0119 na szkolenie, zapraszamy na nasz\u0105 stron\u0119 www.platformaedukacji.pl. Znajd\u0105 tam Pa\u0144stwo szczeg\u00f3\u0142y na temat termin\u00f3w, lokalizacji, cen i inne. Rezerwacji dokonuje si\u0119 poprzez dodanie wybranego terminu do koszyka i [&hellip;]<\/p>\n","protected":false},"author":1,"featured_media":3541,"parent":2721,"menu_order":0,"comment_status":"closed","ping_status":"closed","template":"","meta":{"sfsi_plus_gutenberg_text_before_share":"","sfsi_plus_gutenberg_show_text_before_share":"","sfsi_plus_gutenberg_icon_type":"","sfsi_plus_gutenberg_icon_alignemt":"","sfsi_plus_gutenburg_max_per_row":"","footnotes":""},"class_list":["post-3536","page","type-page","status-publish","has-post-thumbnail","hentry","has_thumb"],"aioseo_notices":[],"_links":{"self":[{"href":"https:\/\/kursy-udt.pl\/fr\/wp-json\/wp\/v2\/pages\/3536","targetHints":{"allow":["GET"]}}],"collection":[{"href":"https:\/\/kursy-udt.pl\/fr\/wp-json\/wp\/v2\/pages"}],"about":[{"href":"https:\/\/kursy-udt.pl\/fr\/wp-json\/wp\/v2\/types\/page"}],"author":[{"embeddable":true,"href":"https:\/\/kursy-udt.pl\/fr\/wp-json\/wp\/v2\/users\/1"}],"replies":[{"embeddable":true,"href":"https:\/\/kursy-udt.pl\/fr\/wp-json\/wp\/v2\/comments?post=3536"}],"version-history":[{"count":7,"href":"https:\/\/kursy-udt.pl\/fr\/wp-json\/wp\/v2\/pages\/3536\/revisions"}],"predecessor-version":[{"id":6168,"href":"https:\/\/kursy-udt.pl\/fr\/wp-json\/wp\/v2\/pages\/3536\/revisions\/6168"}],"up":[{"embeddable":true,"href":"https:\/\/kursy-udt.pl\/fr\/wp-json\/wp\/v2\/pages\/2721"}],"wp:featuredmedia":[{"embeddable":true,"href":"https:\/\/kursy-udt.pl\/fr\/wp-json\/wp\/v2\/media\/3541"}],"wp:attachment":[{"href":"https:\/\/kursy-udt.pl\/fr\/wp-json\/wp\/v2\/media?parent=3536"}],"curies":[{"name":"wp","href":"https:\/\/api.w.org\/{rel}","templated":true}]}}