{"id":3532,"date":"2021-09-03T13:00:23","date_gmt":"2021-09-03T13:00:23","guid":{"rendered":"https:\/\/kursy-udt.pl\/?page_id=3532"},"modified":"2025-03-12T09:33:40","modified_gmt":"2025-03-12T08:33:40","slug":"mobile-sur-lentretien-des-rails","status":"publish","type":"page","link":"https:\/\/kursy-udt.pl\/fr\/szkolenia\/udt-wdt-tdt\/ruchome-na-kolejowych-konserwacja\/","title":{"rendered":"Cours pour plates-formes mobiles sur v\u00e9hicules ferroviaires - maintenance"},"content":{"rendered":"<p><a href=\"https:\/\/kursy-udt.pl\/wp-content\/uploads\/2021\/09\/kursy-udt.pl-0025-6-OPUBLIKOWANY-v17-Copy.jpg\"><img loading=\"lazy\" decoding=\"async\" class=\"paddingleft10 alignleft wp-image-3544 size-medium\" src=\"https:\/\/kursy-udt.pl\/wp-content\/uploads\/2021\/09\/kursy-udt.pl-0025-6-OPUBLIKOWANY-v17-Copy-300x225.jpg\" alt=\"Les plates-formes mobiles sur v\u00e9hicules ferroviaires sont utilis\u00e9es dans la r\u00e9novation des infrastructures ferroviaires \" width=\"300\" height=\"225\" srcset=\"https:\/\/kursy-udt.pl\/wp-content\/uploads\/2021\/09\/kursy-udt.pl-0025-6-OPUBLIKOWANY-v17-Copy-300x225.jpg 300w, https:\/\/kursy-udt.pl\/wp-content\/uploads\/2021\/09\/kursy-udt.pl-0025-6-OPUBLIKOWANY-v17-Copy-1024x768.jpg 1024w, https:\/\/kursy-udt.pl\/wp-content\/uploads\/2021\/09\/kursy-udt.pl-0025-6-OPUBLIKOWANY-v17-Copy-768x576.jpg 768w, https:\/\/kursy-udt.pl\/wp-content\/uploads\/2021\/09\/kursy-udt.pl-0025-6-OPUBLIKOWANY-v17-Copy-1536x1152.jpg 1536w, https:\/\/kursy-udt.pl\/wp-content\/uploads\/2021\/09\/kursy-udt.pl-0025-6-OPUBLIKOWANY-v17-Copy-640x480.jpg 640w, https:\/\/kursy-udt.pl\/wp-content\/uploads\/2021\/09\/kursy-udt.pl-0025-6-OPUBLIKOWANY-v17-Copy-624x468.jpg 624w, https:\/\/kursy-udt.pl\/wp-content\/uploads\/2021\/09\/kursy-udt.pl-0025-6-OPUBLIKOWANY-v17-Copy.jpg 2016w\" sizes=\"auto, (max-width: 300px) 100vw, 300px\" \/><\/a>C&#039;est une formation que vous pouvez obtenir apr\u00e8s <a href=\"https:\/\/kursy-udt.pl\/fr\/uprawnienia-udt\/kategorie-uprawnien-2\/\">droits<\/a> pour l&#039;entretien, la r\u00e9paration et l&#039;inspection des plates-formes mont\u00e9es sur les v\u00e9hicules ferroviaires. Le cursus, qui allie connaissances th\u00e9oriques et comp\u00e9tences pratiques, se termine par un examen r\u00e9alis\u00e9 par TDT. Les personnes qui participent \u00e0 la formation et r\u00e9ussissent l&#039;examen avec un r\u00e9sultat positif, re\u00e7oivent un certificat valable 5 ans, requis dans les entreprises ferroviaires et les entreprises fournissant des services de r\u00e9paration pour le r\u00e9seau ferroviaire.<\/p>\n<h2>Plateformes mobiles mont\u00e9es sur v\u00e9hicules ferroviaires<\/h2>\n<p>Les travaux de r\u00e9paration, d&#039;entretien et de construction li\u00e9s aux infrastructures ferroviaires ou de tramway n\u00e9cessitent l&#039;utilisation d&#039;\u00e9quipements sp\u00e9cialis\u00e9s. L&#039;un des types sont les plates-formes - des ascenseurs situ\u00e9s sur des v\u00e9hicules ferroviaires se d\u00e9pla\u00e7ant sur des rails. Ils sont principalement utilis\u00e9s pour la r\u00e9paration, l&#039;entretien et l&#039;inspection de la traction \u00e9lectrique.<\/p>\n<p>Les plates-formes des v\u00e9hicules ferroviaires sont \u00e9quip\u00e9es de plates-formes de travail sur lesquelles les employ\u00e9s peuvent effectuer leurs t\u00e2ches. En raison de l&#039;emplacement du cric sur le v\u00e9hicule ferroviaire, l&#039;appareil peut facilement parcourir de longues distances et atteindre rapidement le lieu de travail.<\/p>\n<h2>Qualifications pour la maintenance des plateformes mobiles mont\u00e9es sur v\u00e9hicules ferroviaires<\/h2>\n<p>La Supervision Technique des Transports est charg\u00e9e de d\u00e9livrer les autorisations d&#039;entretien des quais des v\u00e9hicules ferroviaires. Les restaurateurs qualifi\u00e9s utilisent un certificat de qualification sous la forme d&#039;une carte-photo. Les allocations sont d\u00e9livr\u00e9es pour 5 ans.<\/p>\n<p>Afin d&#039;obtenir un certificat de qualification, il est n\u00e9cessaire - conform\u00e9ment \u00e0 la loi sur l&#039;inspection technique - de suivre un cours de maintenance et de r\u00e9ussir un examen. Les qualifications sont v\u00e9rifi\u00e9es dans notre Centre ou dans un autre lieu o\u00f9 se d\u00e9roule le cours, avec la participation d&#039;examinateurs TDT. Les dates de nos formations sont ajust\u00e9es aux dates des examens, gr\u00e2ce \u00e0 quoi les \u00e9tudiants n&#039;ont pas \u00e0 attendre longtemps pour v\u00e9rifier leurs qualifications. Les inspecteurs de l&#039;UDT v\u00e9rifient les connaissances et les comp\u00e9tences des candidats au moyen d&#039;un test de connaissances et d&#039;une \u00e9preuve orale d&#039;aptitudes pratiques.<\/p>\n<p><img loading=\"lazy\" decoding=\"async\" class=\"alignnone size-large wp-image-6164\" src=\"https:\/\/kursy-udt.pl\/wp-content\/uploads\/2025\/03\/IMG_0024-1024x768.jpg\" alt=\"\" width=\"1024\" height=\"768\" srcset=\"https:\/\/kursy-udt.pl\/wp-content\/uploads\/2025\/03\/IMG_0024-1024x768.jpg 1024w, https:\/\/kursy-udt.pl\/wp-content\/uploads\/2025\/03\/IMG_0024-300x225.jpg 300w, https:\/\/kursy-udt.pl\/wp-content\/uploads\/2025\/03\/IMG_0024-768x576.jpg 768w, https:\/\/kursy-udt.pl\/wp-content\/uploads\/2025\/03\/IMG_0024-1536x1152.jpg 1536w, https:\/\/kursy-udt.pl\/wp-content\/uploads\/2025\/03\/IMG_0024-2048x1536.jpg 2048w, https:\/\/kursy-udt.pl\/wp-content\/uploads\/2025\/03\/IMG_0024-16x12.jpg 16w, https:\/\/kursy-udt.pl\/wp-content\/uploads\/2025\/03\/IMG_0024-640x480.jpg 640w, https:\/\/kursy-udt.pl\/wp-content\/uploads\/2025\/03\/IMG_0024-624x468.jpg 624w\" sizes=\"auto, (max-width: 1024px) 100vw, 1024px\" \/><\/p>\n<h2>Cours pour plates-formes mobiles sur v\u00e9hicules ferroviaires - informations<\/h2>\n<p>Dans le cadre de la formation, les participants apprennent \u00e0 conna\u00eetre la construction des plates-formes sur les v\u00e9hicules ferroviaires, leurs types, leur fonctionnement, les mesures \u00e0 prendre pour assurer l'efficacit\u00e9 technique de l'\u00e9quipement et l'\u00e9limination des d\u00e9fauts les plus courants. Ils acqui\u00e8rent \u00e9galement des connaissances sur les r\u00e9glementations en mati\u00e8re de supervision technique, les principes de l'entretien et de la maintenance. <a href=\"https:\/\/kursy-udt.pl\/fr\/szkolenia\/bhp-bezpieczenstwo-pracy\/prawna-ochrona-pracy\/\">Sant\u00e9 et s\u00e9curit\u00e9<\/a>Le programme de formation est conforme aux exigences de l'examen de l'UDT. Le programme du cours est conforme aux exigences de l'examen de l'UDT.<\/p>\n<p>La dur\u00e9e du cours - th\u00e9orique et pratique - varie d&#039;environ 32 \u00e0 96 heures, selon le temps que met le participant \u00e0 ma\u00eetriser les comp\u00e9tences de maintenance. Le temps des cours pratiques est adapt\u00e9 individuellement aux besoins des \u00e9tudiants.<\/p>\n<p>Pour participer au cours sur l&#039;entretien des plateformes sur les v\u00e9hicules ferroviaires, vous devez :<\/p>\n<ul>\n<li>Avoir 18 ans ou plus<\/li>\n<li>Avoir au moins une formation de base<\/li>\n<li>Avoir un certificat m\u00e9dical attestant de l&#039;absence de contre-indications de sant\u00e9 \u00e0 l&#039;exercice de la profession<\/li>\n<\/ul>\n<p>Toutes les informations sur les dates des cours, leurs lieux et autres d\u00e9tails d&#039;organisation se trouvent sur notre site internet <a href=\"https:\/\/platformaedukacji.pl\/sklep\/\">www.platformaedukacji.pl<\/a>. Gr\u00e2ce \u00e0 cette page, vous pouvez r\u00e9server une place \u00e0 un cours de formation s\u00e9lectionn\u00e9. Les personnes qui ne peuvent ou ne veulent pas participer au cours en salle peuvent s&#039;inscrire aux cours en ligne (uniquement pour la partie th\u00e9orique).<\/p>\n<p><a href=\"https:\/\/kursy-udt.pl\/wp-content\/uploads\/2022\/12\/PODESTY-RUCHOME-kursy-udt.pl_.png\"><img loading=\"lazy\" decoding=\"async\" class=\"aligncenter wp-image-4531\" src=\"https:\/\/kursy-udt.pl\/wp-content\/uploads\/2022\/12\/PODESTY-RUCHOME-kursy-udt.pl_-300x188.png\" alt=\"\" width=\"750\" height=\"469\" srcset=\"https:\/\/kursy-udt.pl\/wp-content\/uploads\/2022\/12\/PODESTY-RUCHOME-kursy-udt.pl_-300x188.png 300w, https:\/\/kursy-udt.pl\/wp-content\/uploads\/2022\/12\/PODESTY-RUCHOME-kursy-udt.pl_-1024x640.png 1024w, https:\/\/kursy-udt.pl\/wp-content\/uploads\/2022\/12\/PODESTY-RUCHOME-kursy-udt.pl_-768x480.png 768w, https:\/\/kursy-udt.pl\/wp-content\/uploads\/2022\/12\/PODESTY-RUCHOME-kursy-udt.pl_-18x12.png 18w, https:\/\/kursy-udt.pl\/wp-content\/uploads\/2022\/12\/PODESTY-RUCHOME-kursy-udt.pl_-624x390.png 624w, https:\/\/kursy-udt.pl\/wp-content\/uploads\/2022\/12\/PODESTY-RUCHOME-kursy-udt.pl_.png 1200w\" sizes=\"auto, (max-width: 750px) 100vw, 750px\" \/><\/a><\/p>\n<p>&nbsp;<\/p>","protected":false},"excerpt":{"rendered":"<p>To szkolenie, po kt\u00f3rym mo\u017cna uzyska\u0107 uprawnienia do wykonywania konserwacji, napraw i przegl\u0105d\u00f3w podest\u00f3w montowanych na pojazdach kolejowych. Kurs, \u0142\u0105cz\u0105cy w sobie wiedz\u0119 teoretycznymi z umiej\u0119tno\u015bciami praktycznymi, jest zako\u0144czony egzaminem przeprowadzanym przez TDT. Osoby, kt\u00f3re wezm\u0105 udzia\u0142 w szkoleniu i zalicz\u0105 egzamin z wynikiem pozytywnym, otrzymuj\u0105 uprawnienia wa\u017cne 5 lat, wymagane w sp\u00f3\u0142kach kolejowych i firmach \u015bwiadcz\u0105cych us\u0142ugi naprawcze sieci kolejowej. Podesty ruchome montowane na pojazdach kolejowych Prace naprawcze, konserwatorskie i budowlane zwi\u0105zane z infrastruktur\u0105 kolejow\u0105 czy tramwajow\u0105 wymagaj\u0105 u\u017cywania specjalistycznego sprz\u0119tu. Jednym z rodzaj\u00f3w s\u0105 podesty &#8211; podno\u015bniki znajduj\u0105ce si\u0119 na pojazdach kolejowych poruszaj\u0105cych si\u0119 po szynach. S\u0105 one wykorzystywane g\u0142\u00f3wnie do napraw, konserwacji i przegl\u0105d\u00f3w trakcji elektrycznej. Podesty na pojazdach kolejowych s\u0105 wyposa\u017cone w platformy robocze, na kt\u00f3rych pracownicy mog\u0105 wykonywa\u0107 swoje zadania. Dzi\u0119ki umieszczeniu podno\u015bnika na poje\u017adzie kolejowym urz\u0105dzenie mo\u017ce \u0142atwo przemieszcza\u0107 si\u0119 na du\u017ce odleg\u0142o\u015bci, szybko docieraj\u0105c w miejsce prowadzenia prac. Uprawnienia do konserwacji podest\u00f3w ruchomych montowanych na pojazdach kolejowych Za wydawanie uprawnie\u0144 dla konserwator\u00f3w podest\u00f3w na pojazdach kolejowych odpowiada Transportowy Dozoru Techniczny. Konserwatorzy z uprawnieniami pos\u0142uguj\u0105 si\u0119 za\u015bwiadczeniem kwalifikacyjnym w postaci karty ze zdj\u0119ciem. Uprawnienia s\u0105 wydawane na 5 lat. Aby otrzyma\u0107 za\u015bwiadczenie kwalifikacyjne, nale\u017cy &#8211; zgodnie z ustaw\u0105 o dozorze technicznym &#8211; uko\u0144czy\u0107 kurs z zakresu konserwacji i zda\u0107 egzamin. Sprawdzenie kwalifikacji odbywa si\u0119 w naszym O\u015brodku lub innym miejscu prowadzenia kursu, z udzia\u0142em egzaminator\u00f3w TDT. Terminy naszych szkole\u0144 s\u0105 dostosowane do termin\u00f3w egzamin\u00f3w, dzi\u0119ki czemu kursanci nie musz\u0105 czeka\u0107 przez d\u0142ugi czas na sprawdzenie kwalifikacji. Inspektorzy UDT sprawdzaj\u0105 wiedz\u0119 i umiej\u0119tno\u015bci kandydat\u00f3w za pomoc\u0105 testu wiedzy oraz sprawdzianu [&hellip;]<\/p>\n","protected":false},"author":1,"featured_media":3544,"parent":2721,"menu_order":0,"comment_status":"closed","ping_status":"closed","template":"","meta":{"sfsi_plus_gutenberg_text_before_share":"","sfsi_plus_gutenberg_show_text_before_share":"","sfsi_plus_gutenberg_icon_type":"","sfsi_plus_gutenberg_icon_alignemt":"","sfsi_plus_gutenburg_max_per_row":"","footnotes":""},"class_list":["post-3532","page","type-page","status-publish","has-post-thumbnail","hentry","has_thumb"],"aioseo_notices":[],"_links":{"self":[{"href":"https:\/\/kursy-udt.pl\/fr\/wp-json\/wp\/v2\/pages\/3532","targetHints":{"allow":["GET"]}}],"collection":[{"href":"https:\/\/kursy-udt.pl\/fr\/wp-json\/wp\/v2\/pages"}],"about":[{"href":"https:\/\/kursy-udt.pl\/fr\/wp-json\/wp\/v2\/types\/page"}],"author":[{"embeddable":true,"href":"https:\/\/kursy-udt.pl\/fr\/wp-json\/wp\/v2\/users\/1"}],"replies":[{"embeddable":true,"href":"https:\/\/kursy-udt.pl\/fr\/wp-json\/wp\/v2\/comments?post=3532"}],"version-history":[{"count":6,"href":"https:\/\/kursy-udt.pl\/fr\/wp-json\/wp\/v2\/pages\/3532\/revisions"}],"predecessor-version":[{"id":6165,"href":"https:\/\/kursy-udt.pl\/fr\/wp-json\/wp\/v2\/pages\/3532\/revisions\/6165"}],"up":[{"embeddable":true,"href":"https:\/\/kursy-udt.pl\/fr\/wp-json\/wp\/v2\/pages\/2721"}],"wp:featuredmedia":[{"embeddable":true,"href":"https:\/\/kursy-udt.pl\/fr\/wp-json\/wp\/v2\/media\/3544"}],"wp:attachment":[{"href":"https:\/\/kursy-udt.pl\/fr\/wp-json\/wp\/v2\/media?parent=3532"}],"curies":[{"name":"wp","href":"https:\/\/api.w.org\/{rel}","templated":true}]}}