{"id":3528,"date":"2021-09-03T12:26:43","date_gmt":"2021-09-03T12:26:43","guid":{"rendered":"https:\/\/kursy-udt.pl\/?page_id=3528"},"modified":"2022-12-16T09:06:18","modified_gmt":"2022-12-16T09:06:18","slug":"nacelles-elevatrices-a-mat-fixe-maintenance","status":"publish","type":"page","link":"https:\/\/kursy-udt.pl\/fr\/szkolenia\/udt-wdt-tdt\/podesty-ruchome-stacjonarne-masztowe-konserwacja\/","title":{"rendered":"Cours pour plates-formes fixes et m\u00e2ts mobiles - maintenance"},"content":{"rendered":"<p>Le cursus est une pr\u00e9paration \u00e0 l&#039;obtention des qualifications au m\u00e9tier de conservateur d&#039;engins de manutention. S&#039;applique aux plates-formes mobiles de la cat\u00e9gorie &quot;KP&quot; - m\u00e2t\u00e9es et fixes. Poss\u00e9der <a href=\"https:\/\/kursy-udt.pl\/fr\/uprawnienia-udt\/kategorie-uprawnien-2\/\">Dipl\u00f4mes UDT<\/a> \u00e0 cet \u00e9gard, il est possible d&#039;effectuer des r\u00e9parations, des travaux d&#039;entretien et des inspections obligatoires de ces appareils conform\u00e9ment aux instructions du fabricant. Les techniciens de maintenance qualifi\u00e9s UDT sont des sp\u00e9cialistes qui sont recherch\u00e9s pour travailler, entre autres, dans des entreprises de construction, de transport et de r\u00e9paration, dans des entrep\u00f4ts.<\/p>\n<p><a href=\"https:\/\/kursy-udt.pl\/wp-content\/uploads\/2022\/10\/2.jpeg\"><img loading=\"lazy\" decoding=\"async\" class=\"aligncenter wp-image-4445\" src=\"https:\/\/kursy-udt.pl\/wp-content\/uploads\/2022\/10\/2-300x200.jpeg\" alt=\"\" width=\"750\" height=\"500\" srcset=\"https:\/\/kursy-udt.pl\/wp-content\/uploads\/2022\/10\/2-300x200.jpeg 300w, https:\/\/kursy-udt.pl\/wp-content\/uploads\/2022\/10\/2-1024x683.jpeg 1024w, https:\/\/kursy-udt.pl\/wp-content\/uploads\/2022\/10\/2-768x512.jpeg 768w, https:\/\/kursy-udt.pl\/wp-content\/uploads\/2022\/10\/2-1536x1024.jpeg 1536w, https:\/\/kursy-udt.pl\/wp-content\/uploads\/2022\/10\/2-18x12.jpeg 18w, https:\/\/kursy-udt.pl\/wp-content\/uploads\/2022\/10\/2-624x416.jpeg 624w, https:\/\/kursy-udt.pl\/wp-content\/uploads\/2022\/10\/2.jpeg 1600w\" sizes=\"auto, (max-width: 750px) 100vw, 750px\" \/><\/a><\/p>\n<h2>Informations d\u00e9taill\u00e9es sur le parcours du m\u00e2t et de la plate-forme fixe<\/h2>\n<p>Le programme de formation est con\u00e7u pour transmettre un maximum de connaissances th\u00e9oriques et pratiques. Les cours pratiques en font partie int\u00e9grante, au cours desquels les instructeurs apprennent aux \u00e9tudiants comment entretenir les appareils en fonction de leurs besoins individuels.<\/p>\n<p>Les participants re\u00e7oivent entre 38 et 96 heures de formation, au cours desquelles ils sont initi\u00e9s aux sujets n\u00e9cessaires pour passer l'examen d'\u00c9tat. Les informations couvrent, entre autres, la construction des plates-formes fixes et des plates-formes \u00e0 m\u00e2t, leur fonctionnement, les m\u00e9thodes de r\u00e9paration des pannes les plus courantes, le nettoyage des plates-formes, l'utilisation des instructions et de la documentation technique. Ils apprendront \u00e9galement quelles sont les responsabilit\u00e9s du mainteneur en vertu de la r\u00e9glementation <a href=\"https:\/\/kursy-udt.pl\/fr\/szkolenia\/bhp-bezpieczenstwo-pracy\/prawna-ochrona-pracy\/\">Sant\u00e9 et s\u00e9curit\u00e9<\/a> et la loi sur le contr\u00f4le technique.<\/p>\n<p>Informations pratiques:<\/p>\n<ul>\n<li>Au d\u00e9but des cours : l&#039;horaire actuel est publi\u00e9 sur le site <a href=\"https:\/\/platformaedukacji.pl\/sklep\/\">www.platformaedukacji.pl<\/a>.<\/li>\n<li>O\u00f9 ont lieu les cours Les cours ont lieu au si\u00e8ge du Centre \u00e0 Varsovie ou dans l&#039;une de ses antennes \u00e0 travers la Pologne. Les participants peuvent \u00e9galement utiliser les chantiers de man\u0153uvre avec des \u00e9quipements fournis par le Centre.<\/li>\n<li>Qui peut y assister : les cours sont destin\u00e9s aux personnes \u00e2g\u00e9es de 18 ans ou plus, qui ont au moins une formation de base et qui sont dans un \u00e9tat de sant\u00e9 leur permettant d&#039;exercer la profession.<\/li>\n<li>Comment s&#039;inscrire aux cours : vous pouvez r\u00e9server une place dans un cours s\u00e9lectionn\u00e9 sur le site www.platformaedukacji.pl.<\/li>\n<li>Formation pour les entreprises : \u00e0 la demande des clients professionnels, nous pouvons organiser un cours de maintenance UDT pour les employ\u00e9s de l&#039;entreprise. <a href=\"https:\/\/kursy-udt.pl\/fr\/kontakt\/\">Contactez nous s&#039;il vous plait<\/a> par t\u00e9l\u00e9phone ou par e-mail pour plus de d\u00e9tails.<\/li>\n<\/ul>\n<h2>Examen et qualifications UDT<\/h2>\n<p><a href=\"https:\/\/kursy-udt.pl\/wp-content\/uploads\/2022\/10\/1.jpeg\"><img loading=\"lazy\" decoding=\"async\" class=\"size-medium wp-image-4444 alignright\" src=\"https:\/\/kursy-udt.pl\/wp-content\/uploads\/2022\/10\/1-300x169.jpeg\" alt=\"\" width=\"300\" height=\"169\" srcset=\"https:\/\/kursy-udt.pl\/wp-content\/uploads\/2022\/10\/1-300x169.jpeg 300w, https:\/\/kursy-udt.pl\/wp-content\/uploads\/2022\/10\/1-1024x576.jpeg 1024w, https:\/\/kursy-udt.pl\/wp-content\/uploads\/2022\/10\/1-768x432.jpeg 768w, https:\/\/kursy-udt.pl\/wp-content\/uploads\/2022\/10\/1-1536x864.jpeg 1536w, https:\/\/kursy-udt.pl\/wp-content\/uploads\/2022\/10\/1-18x10.jpeg 18w, https:\/\/kursy-udt.pl\/wp-content\/uploads\/2022\/10\/1-624x351.jpeg 624w, https:\/\/kursy-udt.pl\/wp-content\/uploads\/2022\/10\/1.jpeg 1600w\" sizes=\"auto, (max-width: 300px) 100vw, 300px\" \/><\/a><a href=\"https:\/\/kursy-udt.pl\/fr\/szkolenia\/podesty-ruchome\/\">Cours pour les plateformes mobiles<\/a> stationnaire et mont\u00e9 sur m\u00e2t est compl\u00e9t\u00e9 par un examen effectu\u00e9 par le Bureau des transports techniques. Les participants n&#039;ont pas \u00e0 s&#039;inscrire \u00e0 l&#039;examen - nous le faisons en leur nom et nous nous occupons \u00e9galement d&#039;autres questions d&#039;organisation. L&#039;examen se d\u00e9roule \u00e0 proximit\u00e9 de la date de la formation. Il se compose d&#039;une partie th\u00e9orique et pratique, au cours de laquelle vous devez d\u00e9montrer une connaissance de la construction de l&#039;appareil, de la r\u00e9glementation, ainsi que la capacit\u00e9 d&#039;effectuer des r\u00e9parations et de l&#039;entretien.<\/p>\n<p>L&#039;habilitation UDT dans le domaine de la maintenance est accord\u00e9e pour 5 ans. Ils se pr\u00e9sentent sous la forme d&#039;une carte plastique qui doit \u00eatre utilis\u00e9e lors de l&#039;entr\u00e9e dans la profession, ainsi que lors de la prestation de services en tant qu&#039;entreprise.<\/p>\n<p>Les restaurateurs d&#039;\u00e9quipements de manutention peuvent travailler seuls ou \u00e0 temps plein, effectuer des inspections techniques obligatoires, maintenir la documentation des \u00e9quipements et supprimer les d\u00e9fauts actuels.<\/p>\n<p><a href=\"https:\/\/kursy-udt.pl\/wp-content\/uploads\/2022\/12\/PODESTY-RUCHOME-kursy-udt.pl_.png\"><img loading=\"lazy\" decoding=\"async\" class=\"aligncenter wp-image-4531\" src=\"https:\/\/kursy-udt.pl\/wp-content\/uploads\/2022\/12\/PODESTY-RUCHOME-kursy-udt.pl_-300x188.png\" alt=\"\" width=\"750\" height=\"469\" srcset=\"https:\/\/kursy-udt.pl\/wp-content\/uploads\/2022\/12\/PODESTY-RUCHOME-kursy-udt.pl_-300x188.png 300w, https:\/\/kursy-udt.pl\/wp-content\/uploads\/2022\/12\/PODESTY-RUCHOME-kursy-udt.pl_-1024x640.png 1024w, https:\/\/kursy-udt.pl\/wp-content\/uploads\/2022\/12\/PODESTY-RUCHOME-kursy-udt.pl_-768x480.png 768w, https:\/\/kursy-udt.pl\/wp-content\/uploads\/2022\/12\/PODESTY-RUCHOME-kursy-udt.pl_-18x12.png 18w, https:\/\/kursy-udt.pl\/wp-content\/uploads\/2022\/12\/PODESTY-RUCHOME-kursy-udt.pl_-624x390.png 624w, https:\/\/kursy-udt.pl\/wp-content\/uploads\/2022\/12\/PODESTY-RUCHOME-kursy-udt.pl_.png 1200w\" sizes=\"auto, (max-width: 750px) 100vw, 750px\" \/><\/a><\/p>","protected":false},"excerpt":{"rendered":"<p>Kurs to przygotowanie do zdobycia uprawnie\u0144 w zawodzie konserwatora urz\u0105dze\u0144 transportu bliskiego. Dotyczy podest\u00f3w ruchomych z kategorii \u201eKP\u201d \u2013 masztowych i stacjonarnych. Posiadaj\u0105c uprawnienia UDT w tym zakresie, mo\u017cna samodzielnie zgodnie z instrukcj\u0105 producenta dokonywa\u0107 napraw, prac konserwacyjnych, a tak\u017ce obowi\u0105zkowych przegl\u0105d\u00f3w tych urz\u0105dze\u0144. Konserwatorzy z uprawnieniami UDT to specjali\u015bci poszukiwani do pracy mi\u0119dzy innymi w firmach budowlanych, transportowych, remontowych, w magazynach. Szczeg\u00f3\u0142owe informacje na temat kursu na podesty masztowe i stacjonarne Program szkolenia jest u\u0142o\u017cony tak, aby przekazywa\u0107 maksimum wiedzy teoretycznej i praktycznej. Integraln\u0105 jego cz\u0119\u015bci\u0105 s\u0105 zaj\u0119cia praktyczne, podczas kt\u00f3rych instruktorzy ucz\u0105 kursant\u00f3w konserwacji urz\u0105dze\u0144 zgodnie z indywidualnymi potrzebami. Uczestnicy maj\u0105 do dyspozycji od 38 do 96 godzin zaj\u0119\u0107, w czasie kt\u00f3rych zapoznaj\u0105 si\u0119 z zagadnieniami niezb\u0119dnymi do zaliczenia egzaminu pa\u0144stwowego. Informacje te dotycz\u0105 mi\u0119dzy innymi budowy podest\u00f3w stacjonarnych i masztowych, sposobu ich dzia\u0142ania, metod usuwania najpopularniejszych usterek, czyszczenia podest\u00f3w, pos\u0142ugiwania si\u0119 instrukcjami i dokumentacj\u0105 techniczn\u0105. Poznaj\u0105 r\u00f3wnie\u017c obowi\u0105zki konserwatora wynikaj\u0105ce z przepis\u00f3w BHP i ustawy o dozorze technicznym. Informacje praktyczne: Kiedy rozpoczynaj\u0105 si\u0119 zaj\u0119cia: aktualny harmonogram jest opublikowany na stronie www.platformaedukacji.pl. Gdzie odbywaj\u0105 si\u0119 zaj\u0119cia: wyk\u0142ady odbywaj\u0105 si\u0119 w siedzibie O\u015brodka w Warszawie lub w jednym z oddzia\u0142\u00f3w na terenie ca\u0142ej Polski. Do dyspozycji uczestnik\u00f3w s\u0105 tak\u017ce place manewrowe ze sprz\u0119tem udost\u0119pnianym przez O\u015brodek. Kto mo\u017ce uczestniczy\u0107: kursy s\u0105 przeznaczone dla os\u00f3b, kt\u00f3re maj\u0105 uko\u0144czone 18 lat, co najmniej podstawowe wykszta\u0142cenie oraz stan zdrowia, kt\u00f3ry pozwala na prac\u0119 w zawodzie. Jak zapisa\u0107 si\u0119 na zaj\u0119cia: rezerwacji miejsca na wybranym kursie mo\u017cna dokona\u0107 na stronie www.platformaedukacji.pl. Szkolenia dla firm: na \u017cyczenie klient\u00f3w biznesowych [&hellip;]<\/p>\n","protected":false},"author":1,"featured_media":4445,"parent":2721,"menu_order":0,"comment_status":"closed","ping_status":"closed","template":"","meta":{"sfsi_plus_gutenberg_text_before_share":"","sfsi_plus_gutenberg_show_text_before_share":"","sfsi_plus_gutenberg_icon_type":"","sfsi_plus_gutenberg_icon_alignemt":"","sfsi_plus_gutenburg_max_per_row":"","footnotes":""},"class_list":["post-3528","page","type-page","status-publish","has-post-thumbnail","hentry","has_thumb"],"aioseo_notices":[],"_links":{"self":[{"href":"https:\/\/kursy-udt.pl\/fr\/wp-json\/wp\/v2\/pages\/3528","targetHints":{"allow":["GET"]}}],"collection":[{"href":"https:\/\/kursy-udt.pl\/fr\/wp-json\/wp\/v2\/pages"}],"about":[{"href":"https:\/\/kursy-udt.pl\/fr\/wp-json\/wp\/v2\/types\/page"}],"author":[{"embeddable":true,"href":"https:\/\/kursy-udt.pl\/fr\/wp-json\/wp\/v2\/users\/1"}],"replies":[{"embeddable":true,"href":"https:\/\/kursy-udt.pl\/fr\/wp-json\/wp\/v2\/comments?post=3528"}],"version-history":[{"count":4,"href":"https:\/\/kursy-udt.pl\/fr\/wp-json\/wp\/v2\/pages\/3528\/revisions"}],"predecessor-version":[{"id":4578,"href":"https:\/\/kursy-udt.pl\/fr\/wp-json\/wp\/v2\/pages\/3528\/revisions\/4578"}],"up":[{"embeddable":true,"href":"https:\/\/kursy-udt.pl\/fr\/wp-json\/wp\/v2\/pages\/2721"}],"wp:featuredmedia":[{"embeddable":true,"href":"https:\/\/kursy-udt.pl\/fr\/wp-json\/wp\/v2\/media\/4445"}],"wp:attachment":[{"href":"https:\/\/kursy-udt.pl\/fr\/wp-json\/wp\/v2\/media?parent=3528"}],"curies":[{"name":"wp","href":"https:\/\/api.w.org\/{rel}","templated":true}]}}