{"id":3521,"date":"2021-09-03T11:15:31","date_gmt":"2021-09-03T11:15:31","guid":{"rendered":"https:\/\/kursy-udt.pl\/?page_id=3521"},"modified":"2023-01-04T09:17:34","modified_gmt":"2023-01-04T09:17:34","slug":"plates-formes-de-chargement","status":"publish","type":"page","link":"https:\/\/kursy-udt.pl\/fr\/szkolenia\/udt-wdt-tdt\/podesty-zaladowcze\/","title":{"rendered":"Cours pour les plates-formes de chargement - qualifications pour les conservateurs"},"content":{"rendered":"<p><a href=\"https:\/\/kursy-udt.pl\/wp-content\/uploads\/2021\/09\/kursy-udt.pl-0023-OPUBLIKOWANY-v13-Copy-scaled.jpg\"><img loading=\"lazy\" decoding=\"async\" class=\"paddingleft10 alignleft wp-image-3537 size-medium\" src=\"https:\/\/kursy-udt.pl\/wp-content\/uploads\/2021\/09\/kursy-udt.pl-0023-OPUBLIKOWANY-v13-Copy-300x200.jpg\" alt=\" Les plates-formes mobiles de chargement sont situ\u00e9es sur des remorques de voiture et sont utilis\u00e9es pour transporter des marchandises \" width=\"300\" height=\"200\" srcset=\"https:\/\/kursy-udt.pl\/wp-content\/uploads\/2021\/09\/kursy-udt.pl-0023-OPUBLIKOWANY-v13-Copy-300x200.jpg 300w, https:\/\/kursy-udt.pl\/wp-content\/uploads\/2021\/09\/kursy-udt.pl-0023-OPUBLIKOWANY-v13-Copy-1024x683.jpg 1024w, https:\/\/kursy-udt.pl\/wp-content\/uploads\/2021\/09\/kursy-udt.pl-0023-OPUBLIKOWANY-v13-Copy-768x512.jpg 768w, https:\/\/kursy-udt.pl\/wp-content\/uploads\/2021\/09\/kursy-udt.pl-0023-OPUBLIKOWANY-v13-Copy-1536x1024.jpg 1536w, https:\/\/kursy-udt.pl\/wp-content\/uploads\/2021\/09\/kursy-udt.pl-0023-OPUBLIKOWANY-v13-Copy-2048x1365.jpg 2048w, https:\/\/kursy-udt.pl\/wp-content\/uploads\/2021\/09\/kursy-udt.pl-0023-OPUBLIKOWANY-v13-Copy-624x416.jpg 624w\" sizes=\"auto, (max-width: 300px) 100vw, 300px\" \/><\/a>Les plates-formes de chargement mobiles (\u00e9galement appel\u00e9es planches auto-d\u00e9chargeuses) sont des dispositifs utilis\u00e9s pour soulever et abaisser des marchandises sur des remorques de voiture. Ils sont \u00e9quip\u00e9s d&#039;\u00e9l\u00e9ments hydrauliques et agissent comme une sorte d&#039;ascenseur. Ils facilitent le chargement et la collecte des marchandises avec des chariots \u00e9l\u00e9vateurs dans les entrep\u00f4ts, les magasins, les usines ou sur les chantiers de construction. Pour que les plates-formes de chargement soient approuv\u00e9es pour l&#039;utilisation, elles doivent subir des tests et des inspections r\u00e9guliers. Ils sont effectu\u00e9s par des techniciens de maintenance qualifi\u00e9s avec des licences UDT.<\/p>\n<p>Notre cours est con\u00e7u pour les personnes qui veulent en obtenir un <a href=\"https:\/\/kursy-udt.pl\/fr\/uprawnienia-udt\/kategorie-uprawnien-2\/\">droits<\/a>. Nous le recommandons aussi bien aux personnes qui travaillent d\u00e9j\u00e0 avec des plateformes mobiles en tant que conservateurs, qu&#039;\u00e0 ceux qui n&#039;ont aucune exp\u00e9rience dans le m\u00e9tier. En participant aux cours et en r\u00e9ussissant l&#039;examen d&#039;\u00c9tat UDT, chaque \u00e9tudiant est autoris\u00e9 \u00e0 r\u00e9parer et entretenir les plates-formes de chargement, y compris le transport de passagers, valable 5 ans.<\/p>\n<h2>Cours de formation<\/h2>\n<p>La formation \u00e0 la maintenance des engins de manutention - plateformes de chargement se compose d&#039;un cours magistral et d&#039;une partie pratique. La dur\u00e9e totale est de 32 \u00e0 96 heures. Cet \u00e9cart est d\u00fb au fait que dans le cas des personnes ayant de l&#039;exp\u00e9rience, le temps n\u00e9cessaire pour obtenir une qualification peut \u00eatre raccourci.<\/p>\n<p>Le programme a \u00e9t\u00e9 convenu avec le Bureau de l&#039;inspection technique et couvre, entre autres, des questions telles que\u00a0:<\/p>\n<ul>\n<li>Informations g\u00e9n\u00e9rales sur les r\u00e8gles du contr\u00f4le technique<\/li>\n<li>Construction et fonctionnement des c\u00f4t\u00e9s auto-d\u00e9chargeants<\/li>\n<li>Salut \u00e9lectrique<\/li>\n<li>Partie m\u00e9canique, y compris hydraulique<\/li>\n<li>Conna\u00eetre les manuels et la documentation technique des appareils<\/li>\n<li>Recettes <a href=\"https:\/\/kursy-udt.pl\/fr\/szkolenia\/bhp-bezpieczenstwo-pracy\/prawna-ochrona-pracy\/\">Sant\u00e9 et s\u00e9curit\u00e9<\/a> applicable \u00e0 l'entretien des plates-formes<\/li>\n<li>Fonctions et pouvoirs du conservateur<\/li>\n<li>Principes de fonctionnement des appareils et leur maintien en bon \u00e9tat technique<\/li>\n<li>Les d\u00e9fauts les plus courants des c\u00f4t\u00e9s \u00e0 d\u00e9chargement automatique, les m\u00e9thodes de r\u00e9paration<\/li>\n<\/ul>\n<p>Partie th\u00e9orique - les cours peuvent \u00e9galement \u00eatre dispens\u00e9s en ligne. Le centre organise des conf\u00e9rences sous forme de webinaires, se d\u00e9roulant en temps r\u00e9el. La partie pratique - exercices avec utilisation d&#039;appareils doit se d\u00e9rouler \u00e0 l&#039;arr\u00eat, au si\u00e8ge du Centre ou dans son antenne.<\/p>\n<h2>Examen pour les qualifications de conservateur UDT<\/h2>\n<p>Afin d&#039;\u00eatre admissible \u00e0 l&#039;entretien des engins de manutention, le participant au cours doit passer un examen. Le centre organise de mani\u00e8re compl\u00e8te l&#039;examen pour les \u00e9tudiants, y compris en fournissant une base didactique et technique. Les examinateurs UDT sont responsables du processus de v\u00e9rification des qualifications.<\/p>\n<p>Les \u00e9tudiants sont inform\u00e9s de la date de l&#039;examen. Lors de la planification du programme de formation, nous essayons de faire en sorte que le temps d&#039;attente pour la v\u00e9rification des qualifications soit le plus court possible. Les examens ont lieu sur le lieu de formation.<\/p>\n<p>Les inspecteurs de l&#039;UDT v\u00e9rifient la pr\u00e9paration th\u00e9orique des candidats au moyen d&#039;un test de connaissances et d&#039;une \u00e9preuve orale avec l&#039;utilisation d&#039;un appareil donn\u00e9.<\/p>\n<p>En cas de r\u00e9ussite \u00e0 l&#039;examen, le candidat au poste de technicien de maintenance sous encadrement technique re\u00e7oit une attestation de qualification sous forme de carte plastifi\u00e9e, valable sur tout le territoire national et exig\u00e9e lors de l&#039;entr\u00e9e en fonction.<a href=\"https:\/\/kursy-udt.pl\/wp-content\/uploads\/2021\/09\/kursy-udt.pl-0023-OPUBLIKOWANY-v14-Copy.jpg\"><img loading=\"lazy\" decoding=\"async\" class=\"alignnone size-large wp-image-3539\" src=\"https:\/\/kursy-udt.pl\/wp-content\/uploads\/2021\/09\/kursy-udt.pl-0023-OPUBLIKOWANY-v14-Copy-1024x768.jpg\" alt=\"Hayon de d\u00e9charge - la plate-forme peut faire partie d&#039;un camion \" width=\"1024\" height=\"768\" srcset=\"https:\/\/kursy-udt.pl\/wp-content\/uploads\/2021\/09\/kursy-udt.pl-0023-OPUBLIKOWANY-v14-Copy-1024x768.jpg 1024w, https:\/\/kursy-udt.pl\/wp-content\/uploads\/2021\/09\/kursy-udt.pl-0023-OPUBLIKOWANY-v14-Copy-300x225.jpg 300w, https:\/\/kursy-udt.pl\/wp-content\/uploads\/2021\/09\/kursy-udt.pl-0023-OPUBLIKOWANY-v14-Copy-768x576.jpg 768w, https:\/\/kursy-udt.pl\/wp-content\/uploads\/2021\/09\/kursy-udt.pl-0023-OPUBLIKOWANY-v14-Copy-640x480.jpg 640w, https:\/\/kursy-udt.pl\/wp-content\/uploads\/2021\/09\/kursy-udt.pl-0023-OPUBLIKOWANY-v14-Copy-624x468.jpg 624w, https:\/\/kursy-udt.pl\/wp-content\/uploads\/2021\/09\/kursy-udt.pl-0023-OPUBLIKOWANY-v14-Copy.jpg 1200w\" sizes=\"auto, (max-width: 1024px) 100vw, 1024px\" \/><\/a><\/p>\n<h2>Cours pour plates-formes de transport de personnes et de chargement - d\u00e9tails<\/h2>\n<h3>Dossiers<\/h3>\n<p>Vous pouvez r\u00e9server une place \u00e0 la formation s\u00e9lectionn\u00e9e via le site internet <a href=\"https:\/\/platformaedukacji.pl\/sklep\/\">www.platformaedukacji.pl<\/a>. La place est r\u00e9serv\u00e9e apr\u00e8s paiement par Przelewy24.pl<\/p>\n<h3>Date et lieu des cours<\/h3>\n<p>Des cours ont lieu r\u00e9guli\u00e8rement dans de nombreux endroits, notamment \u00e0 Varsovie, en Sil\u00e9sie, \u00e0 Wroc\u0142aw, \u00e0 Cracovie et dans d&#039;autres grandes villes. Les dates actuelles sont disponibles sur le site <a href=\"https:\/\/platformaedukacji.pl\/sklep\/\">www.platformaedukacji.pl<\/a>.<\/p>\n<h3>Exigences pour les participants<\/h3>\n<p>Pour pouvoir participer aux cours, les conditions suivantes doivent \u00eatre remplies : 18 ans et plus, avoir termin\u00e9 au moins l&#039;\u00e9cole primaire, aucune contre-indication m\u00e9dicale.<\/p>\n<p>Vous trouverez plus d&#039;informations sur nos cours sur le site Web z <a href=\"https:\/\/kursy-udt.pl\/fr\/faq\/\">Questions fr\u00e9quemment pos\u00e9es<\/a>.<\/p>\n<p><a href=\"https:\/\/kursy-udt.pl\/wp-content\/uploads\/2023\/01\/podesty-zaladowcze-kursy-udt.pl_.png\"><img loading=\"lazy\" decoding=\"async\" class=\"aligncenter wp-image-4588\" src=\"https:\/\/kursy-udt.pl\/wp-content\/uploads\/2023\/01\/podesty-zaladowcze-kursy-udt.pl_-300x188.png\" alt=\"\" width=\"750\" height=\"469\" srcset=\"https:\/\/kursy-udt.pl\/wp-content\/uploads\/2023\/01\/podesty-zaladowcze-kursy-udt.pl_-300x188.png 300w, https:\/\/kursy-udt.pl\/wp-content\/uploads\/2023\/01\/podesty-zaladowcze-kursy-udt.pl_-1024x640.png 1024w, https:\/\/kursy-udt.pl\/wp-content\/uploads\/2023\/01\/podesty-zaladowcze-kursy-udt.pl_-768x480.png 768w, https:\/\/kursy-udt.pl\/wp-content\/uploads\/2023\/01\/podesty-zaladowcze-kursy-udt.pl_-18x12.png 18w, https:\/\/kursy-udt.pl\/wp-content\/uploads\/2023\/01\/podesty-zaladowcze-kursy-udt.pl_-624x390.png 624w, https:\/\/kursy-udt.pl\/wp-content\/uploads\/2023\/01\/podesty-zaladowcze-kursy-udt.pl_.png 1200w\" sizes=\"auto, (max-width: 750px) 100vw, 750px\" \/><\/a><\/p>\n<p>&nbsp;<\/p>","protected":false},"excerpt":{"rendered":"<p>Podesty ruchome za\u0142adowcze (zwane r\u00f3wnie\u017c burtami samowy\u0142adowczymi) to urz\u0105dzenia, kt\u00f3re s\u0142u\u017c\u0105 do podnoszenia i opuszczania towar\u00f3w na przyczepach samochodowych. S\u0105 wyposa\u017cone w elementy hydrauliczne i dzia\u0142aj\u0105 jak swego rodzaju winda. U\u0142atwiaj\u0105 \u0142adowanie i odbi\u00f3r towar\u00f3w za pomoc\u0105 w\u00f3zk\u00f3w wid\u0142owych w magazynach, sklepach, fabrykach czy na budowach. Aby podesty za\u0142adowcze by\u0142y dopuszczone do u\u017cytkowania, musz\u0105 regularnie przechodzi\u0107 badania i przegl\u0105dy. Ich wykonywaniem zajmuj\u0105 si\u0119 wykwalifikowani konserwatorzy z uprawnieniami UDT. Nasz kurs jest przeznaczony dla os\u00f3b, kt\u00f3re chc\u0105 zdoby\u0107 takie uprawnienia. Polecamy go zar\u00f3wno osobom, kt\u00f3re pracuj\u0105 ju\u017c z podestami ruchomymi jako konserwatorzy, jak i tym, kt\u00f3re nie maj\u0105 do\u015bwiadczenia w zawodzie. Uczestnicz\u0105c w zaj\u0119ciach i zaliczaj\u0105c egzamin pa\u0144stwowy UDT, ka\u017cdy kursant otrzymuje uprawnienia do napraw i konserwacji podest\u00f3w za\u0142adowczych, w tym do transportu os\u00f3b, wa\u017cne przez 5 lat. Przebieg szkolenia Szkolenie z konserwacji urz\u0105dze\u0144 transportu bliskiego &#8211; podest\u00f3w za\u0142adowczych sk\u0142ada si\u0119 z cz\u0119\u015bci wyk\u0142adowej oraz praktycznej. \u0141\u0105czny czas trwania to od 32 to 96 godzin. Rozbie\u017cno\u015b\u0107 ta wynika z faktu, \u017ce w przypadku os\u00f3b z do\u015bwiadczeniem czas potrzebny na zdobycie kwalifikacji mo\u017ce zosta\u0107 skr\u00f3cony. Program zaj\u0119\u0107 zosta\u0142 uzgodniony z Urz\u0119dem Dozoru Technicznego i obejmuje mi\u0119dzy innymi takie zagadnienia jak: Og\u00f3lne wiadomo\u015bci na temat przepis\u00f3w dozoru technicznego Budowa i spos\u00f3b dzia\u0142ania burt samowy\u0142adowczych Cze\u015b\u0107 elektryczna Cze\u015b\u0107 mechaniczna, w tym hydrauliczna Zapoznawanie si\u0119 z instrukcj\u0105 i dokumentacj\u0105 techniczn\u0105 urz\u0105dze\u0144 Przepisy BHP obowi\u0105zuj\u0105ce przy konserwacji podest\u00f3w Obowi\u0105zki i uprawnienia konserwatora Zasady eksploatacji urz\u0105dze\u0144 i utrzymania ich w dobrym stanie technicznym Najcz\u0119stsze usterki wyst\u0119puj\u0105ce w burtach samowy\u0142adowczych, sposoby ich naprawy Cz\u0119\u015b\u0107 teoretyczna &#8211; wyk\u0142ady mo\u017ce by\u0107 realizowana tak\u017ce online. O\u015brodek [&hellip;]<\/p>\n","protected":false},"author":1,"featured_media":3537,"parent":2721,"menu_order":0,"comment_status":"closed","ping_status":"closed","template":"","meta":{"sfsi_plus_gutenberg_text_before_share":"","sfsi_plus_gutenberg_show_text_before_share":"","sfsi_plus_gutenberg_icon_type":"","sfsi_plus_gutenberg_icon_alignemt":"","sfsi_plus_gutenburg_max_per_row":"","footnotes":""},"class_list":["post-3521","page","type-page","status-publish","has-post-thumbnail","hentry","has_thumb"],"aioseo_notices":[],"_links":{"self":[{"href":"https:\/\/kursy-udt.pl\/fr\/wp-json\/wp\/v2\/pages\/3521","targetHints":{"allow":["GET"]}}],"collection":[{"href":"https:\/\/kursy-udt.pl\/fr\/wp-json\/wp\/v2\/pages"}],"about":[{"href":"https:\/\/kursy-udt.pl\/fr\/wp-json\/wp\/v2\/types\/page"}],"author":[{"embeddable":true,"href":"https:\/\/kursy-udt.pl\/fr\/wp-json\/wp\/v2\/users\/1"}],"replies":[{"embeddable":true,"href":"https:\/\/kursy-udt.pl\/fr\/wp-json\/wp\/v2\/comments?post=3521"}],"version-history":[{"count":5,"href":"https:\/\/kursy-udt.pl\/fr\/wp-json\/wp\/v2\/pages\/3521\/revisions"}],"predecessor-version":[{"id":4589,"href":"https:\/\/kursy-udt.pl\/fr\/wp-json\/wp\/v2\/pages\/3521\/revisions\/4589"}],"up":[{"embeddable":true,"href":"https:\/\/kursy-udt.pl\/fr\/wp-json\/wp\/v2\/pages\/2721"}],"wp:featuredmedia":[{"embeddable":true,"href":"https:\/\/kursy-udt.pl\/fr\/wp-json\/wp\/v2\/media\/3537"}],"wp:attachment":[{"href":"https:\/\/kursy-udt.pl\/fr\/wp-json\/wp\/v2\/media?parent=3521"}],"curies":[{"name":"wp","href":"https:\/\/api.w.org\/{rel}","templated":true}]}}