{"id":3514,"date":"2021-09-03T10:45:52","date_gmt":"2021-09-03T10:45:52","guid":{"rendered":"https:\/\/kursy-udt.pl\/?page_id=3514"},"modified":"2022-12-05T14:35:42","modified_gmt":"2022-12-05T14:35:42","slug":"personne-chargee-de-la-maintenance-des-plates-formes-mobiles","status":"publish","type":"page","link":"https:\/\/kursy-udt.pl\/fr\/szkolenia\/udt-wdt-tdt\/konserwator-podestow-ruchomych\/","title":{"rendered":"Cours de maintenance de plates-formes mobiles (plates-formes a\u00e9riennes - nacelles \u00e9l\u00e9vatrices)"},"content":{"rendered":"<p><a href=\"https:\/\/kursy-udt.pl\/wp-content\/uploads\/2021\/09\/kursy-udt.pl-0022-OPUBLIKOWANY-v11-Copy.jpg\"><img loading=\"lazy\" decoding=\"async\" class=\"paddingleft10 alignleft wp-image-3515 size-medium\" src=\"https:\/\/kursy-udt.pl\/wp-content\/uploads\/2021\/09\/kursy-udt.pl-0022-OPUBLIKOWANY-v11-Copy-300x225.jpg\" alt=\"Le technicien de maintenance des plates-formes mobiles est une personne qui effectue les r\u00e9parations courantes et les inspections obligatoires des appareils\" width=\"300\" height=\"225\" srcset=\"https:\/\/kursy-udt.pl\/wp-content\/uploads\/2021\/09\/kursy-udt.pl-0022-OPUBLIKOWANY-v11-Copy-300x225.jpg 300w, https:\/\/kursy-udt.pl\/wp-content\/uploads\/2021\/09\/kursy-udt.pl-0022-OPUBLIKOWANY-v11-Copy.jpg 579w\" sizes=\"auto, (max-width: 300px) 100vw, 300px\" \/><\/a>Les plates-formes mobiles, telles que les plates-formes, les \u00e9l\u00e9vateurs \u00e0 ciseaux et autres, sont des appareils soumis \u00e0 un contr\u00f4le technique. Cela signifie non seulement la n\u00e9cessit\u00e9 d&#039;avoir les autorisations appropri\u00e9es pour les faire fonctionner. Cela implique \u00e9galement l&#039;obligation de conserver la documentation technique de l&#039;\u00e9quipement, d&#039;effectuer r\u00e9guli\u00e8rement des inspections, etc. Seul un technicien de maintenance agr\u00e9\u00e9 par l&#039;UDT peut effectuer les r\u00e9parations et les inspections des plates-formes mobiles.<\/p>\n<p>Tel <a href=\"https:\/\/kursy-udt.pl\/fr\/uprawnienia-udt\/kategorie-uprawnien-2\/\">droits<\/a> peut \u00eatre obtenue en participant \u00e0 un cours organis\u00e9 par notre Centre et en passant l&#039;examen devant la commission UDT. L&#039;\u00e9tendue des sujets abord\u00e9s lors de la formation correspond aux exigences d&#039;examen de l&#039;Office, et gr\u00e2ce \u00e0 l&#039;exp\u00e9rience et \u00e0 l&#039;approche appropri\u00e9e des instructeurs de la maintenance des plates-formes, m\u00eame les personnes sans exp\u00e9rience peuvent apprendre.<\/p>\n<h2>Informations sur le cours Maintenance de la plateforme de travail mobile<\/h2>\n<p>La formation porte sur la maintenance des appareils de la cat\u00e9gorie des plateformes mobiles. Il s&#039;agit notamment des plates-formes de travail a\u00e9rien populaires, c&#039;est-\u00e0-dire. ascenseurs, ainsi que des \u00e9l\u00e9vateurs \u00e0 ciseaux. Les personnes qui souhaitent obtenir des qualifications pour d&#039;autres appareils de manutention, veuillez consulter l&#039;offre d&#039;autres cours - informations ici.<\/p>\n<p>Dans le cadre des cours, les participants apprendront, entre autres :<\/p>\n<ul>\n<li>Comment sont construites les plates-formes a\u00e9riennes et autres plates-formes mobiles, comment fonctionnent-elles<\/li>\n<li>Quelles sont les r\u00e9glementations applicables au contr\u00f4le technique<\/li>\n<li>Quelles sont les obligations du technicien de maintenance dans le domaine des inspections et r\u00e9parations d&#039;\u00e9quipements ?<\/li>\n<li>Quels sont les d\u00e9fauts typiques des plates-formes mobiles et comment sont-ils supprim\u00e9s\u00a0?<\/li>\n<li>Quelles r\u00e8gles <a href=\"https:\/\/kursy-udt.pl\/fr\/szkolenia\/bhp-bezpieczenstwo-pracy\/prawna-ochrona-pracy\/\">Sant\u00e9 et s\u00e9curit\u00e9<\/a> s'appliquent au fonctionnement des<\/li>\n<li>Comment utiliser le manuel et la documentation technique<\/li>\n<li>Comment maintenir l&#039;\u00e9tat technique des plateformes mobiles ?<\/li>\n<li>Partie m\u00e9canique, y compris hydraulique<\/li>\n<li>Salut \u00e9lectrique<\/li>\n<\/ul>\n<p>Outre les cours magistraux, les participants aux cours participent \u00e9galement \u00e0 des cours pratiques.<\/p>\n<p>La formation est destin\u00e9e \u00e0 des adultes, ayant au moins une formation de base, en bonne sant\u00e9, leur permettant de passer l&#039;examen et d&#039;effectuer des travaux. Nous n&#039;exigeons pas d&#039;exp\u00e9rience, mais une pratique certifi\u00e9e dans l&#039;utilisation des plateformes mobiles peut raccourcir le temps n\u00e9cessaire pour terminer la formation.<\/p>\n<h2>Examen de qualification<\/h2>\n<p><a href=\"https:\/\/kursy-udt.pl\/fr\/uprawnienia-udt\/\">Cours UDT<\/a> technicien de maintenance de nacelles \u00e9l\u00e9vatrices - l&#039;augmentation est compl\u00e9t\u00e9e par un examen effectu\u00e9 par la commission UDT. L&#039;examen a lieu au si\u00e8ge du Centre ou \u00e0 l&#039;endroit o\u00f9 se d\u00e9roulent les cours. Les \u00e9tudiants n&#039;ont pas \u00e0 s&#039;inscrire eux-m\u00eames \u00e0 l&#039;examen - toutes les questions d&#039;organisation sont trait\u00e9es par les repr\u00e9sentants du Centre.<\/p>\n<p>Les qualifications sont v\u00e9rifi\u00e9es par un test \u00e9crit et un examen oral. Apr\u00e8s avoir pass\u00e9 les deux parties, le Bureau de l&#039;Inspection Technique d\u00e9livre au restaurateur un certificat de qualification valable 5 ans.<a href=\"https:\/\/kursy-udt.pl\/wp-content\/uploads\/2021\/09\/kursy-udt.pl-0022-OPUBLIKOWANYv12-Copy.jpg\"><img loading=\"lazy\" decoding=\"async\" class=\"size-full wp-image-3516 aligncenter\" src=\"https:\/\/kursy-udt.pl\/wp-content\/uploads\/2021\/09\/kursy-udt.pl-0022-OPUBLIKOWANYv12-Copy.jpg\" alt=\"Travailler en tant que conservateur de plates-formes mobiles n\u00e9cessite l&#039;obtention de qualifications UDT \" width=\"579\" height=\"434\" srcset=\"https:\/\/kursy-udt.pl\/wp-content\/uploads\/2021\/09\/kursy-udt.pl-0022-OPUBLIKOWANYv12-Copy.jpg 579w, https:\/\/kursy-udt.pl\/wp-content\/uploads\/2021\/09\/kursy-udt.pl-0022-OPUBLIKOWANYv12-Copy-300x225.jpg 300w\" sizes=\"auto, (max-width: 579px) 100vw, 579px\" \/><\/a><\/p>\n<h2>Travailler avec les qualifications du technicien de maintenance des plateformes mobiles<\/h2>\n<p>Disposant d&#039;un certificat de qualification, le conservateur peut effectuer les r\u00e9parations des plates-formes mobiles et les contr\u00f4les techniques obligatoires. Ces inspections sont effectu\u00e9es r\u00e9guli\u00e8rement et \u00e9galement avant que l&#039;appareil ne soit autoris\u00e9 \u00e0 \u00eatre utilis\u00e9. Les conservateurs d&#039;\u00e9quipements UDT sont employ\u00e9s par de grandes entreprises de construction, de transport et de r\u00e9paration, ainsi que par des loueurs de plates-formes mobiles. De nombreuses personnes agr\u00e9\u00e9es cr\u00e9ent \u00e9galement leur propre entreprise, effectuant des r\u00e9parations et de l&#039;entretien command\u00e9s par d&#039;autres entreprises.<\/p>\n<h2>Le cours de restaurateur de surtension - d\u00e9tails<\/h2>\n<p>Les cours pour personnes sans exp\u00e9rience durent de 38 \u00e0 96 heures. Pour les personnes qui ont d\u00e9j\u00e0 travaill\u00e9 avec des plateformes mobiles, par exemple en tant qu&#039;op\u00e9rateurs, ce temps peut \u00eatre plus court.<\/p>\n<p>Des formations sont organis\u00e9es r\u00e9guli\u00e8rement dans plusieurs endroits - \u00e0 Varsovie, Cracovie, en Sil\u00e9sie et dans d&#039;autres grandes villes. Vous trouverez des informations d\u00e9taill\u00e9es \u00e0 ce sujet sur notre site Web <a href=\"https:\/\/platformaedukacji.pl\/sklep\/\">www.platformaedukacji.pl<\/a>. C&#039;est un syst\u00e8me de r\u00e9servation de places pour les cours, vous pouvez \u00e9galement effectuer un paiement via ce site.<\/p>\n<p>En cas de questions individuelles ou d&#039;un d\u00e9sir d&#039;organiser une formation ferm\u00e9e pour l&#039;entreprise <a href=\"https:\/\/kursy-udt.pl\/fr\/kontakt\/\">Contactez nous s&#039;il vous plait<\/a> par e-mail ou par t\u00e9l\u00e9phone.<\/p>\n<p><a href=\"https:\/\/kursy-udt.pl\/wp-content\/uploads\/2022\/12\/18-podnosniki-koszowe-kursy-udt.pl_.png\"><img loading=\"lazy\" decoding=\"async\" class=\"aligncenter wp-image-4551\" src=\"https:\/\/kursy-udt.pl\/wp-content\/uploads\/2022\/12\/18-podnosniki-koszowe-kursy-udt.pl_-300x188.png\" alt=\"\" width=\"750\" height=\"469\" srcset=\"https:\/\/kursy-udt.pl\/wp-content\/uploads\/2022\/12\/18-podnosniki-koszowe-kursy-udt.pl_-300x188.png 300w, https:\/\/kursy-udt.pl\/wp-content\/uploads\/2022\/12\/18-podnosniki-koszowe-kursy-udt.pl_-1024x640.png 1024w, https:\/\/kursy-udt.pl\/wp-content\/uploads\/2022\/12\/18-podnosniki-koszowe-kursy-udt.pl_-768x480.png 768w, https:\/\/kursy-udt.pl\/wp-content\/uploads\/2022\/12\/18-podnosniki-koszowe-kursy-udt.pl_-18x12.png 18w, https:\/\/kursy-udt.pl\/wp-content\/uploads\/2022\/12\/18-podnosniki-koszowe-kursy-udt.pl_-624x390.png 624w, https:\/\/kursy-udt.pl\/wp-content\/uploads\/2022\/12\/18-podnosniki-koszowe-kursy-udt.pl_.png 1200w\" sizes=\"auto, (max-width: 750px) 100vw, 750px\" \/><\/a><\/p>\n<p>&nbsp;<\/p>","protected":false},"excerpt":{"rendered":"<p>Podesty ruchome, takie jak zwy\u017cki, podno\u015bniki no\u017cycowe i inne, s\u0105 urz\u0105dzeniami obj\u0119tymi dozorem technicznym. Oznacza to nie tylko konieczno\u015b\u0107 posiadania odpowiednich uprawnie\u0144 do ich obs\u0142ugi. Wi\u0105\u017ce si\u0119 to tak\u017ce z obowi\u0105zkiem prowadzenia dokumentacji technicznej urz\u0105dze\u0144, regularnego przeprowadzania przegl\u0105d\u00f3w i innymi. Naprawami i przegl\u0105dami podest\u00f3w ruchomych mo\u017ce zajmowa\u0107 si\u0119 tylko konserwator z uprawnieniami przyznanymi przez UDT. Takie uprawnienia mo\u017cna uzyska\u0107, bior\u0105c udzia\u0142 w organizowanym przez nasz O\u015brodek kursie i podchodz\u0105c do egzaminu przed komisj\u0105 UDT. Zakres zagadnie\u0144 poruszanych na szkoleniu odpowiada wymogom egzaminacyjnym Urz\u0119du, a dzi\u0119ki do\u015bwiadczeniu i odpowiedniemu podej\u015bciu instruktor\u00f3w konserwacji podest\u00f3w mog\u0105 nauczy\u0107 si\u0119 nawet osoby bez do\u015bwiadczenia. Informacje na temat kursu z zakresu konserwacji podest\u00f3w ruchomych Szkolenie obejmuje nauk\u0119 konserwacji urz\u0105dze\u0144 z kategorii podest\u00f3w ruchomych. Nale\u017c\u0105 do nich popularne podno\u015bniki koszowe, czyli tzw. zwy\u017cki, a tak\u017ce podesty no\u017cycowe. Osoby, kt\u00f3re chcia\u0142yby uzyska\u0107 uprawnienia na inne urz\u0105dzenia transportu bliskiego, zapraszamy do zapoznania si\u0119 z ofert\u0105 pozosta\u0142ych kurs\u00f3w &#8211; informacje tutaj. W ramach zaj\u0119\u0107 uczestnicy dowiedz\u0105 si\u0119 mi\u0119dzy innymi: Jak zbudowane s\u0105 podno\u015bniki koszowe i inne podesty ruchome, w jaki spos\u00f3b dzia\u0142aj\u0105 Jakie s\u0105 obowi\u0105zuj\u0105ce przepisy dozoru technicznego Jakie obowi\u0105zki ma konserwator w zakresie przegl\u0105d\u00f3w i napraw urz\u0105dze\u0144 Jakie s\u0105 typowe usterki wyst\u0119puj\u0105ce w podestach ruchomych i jak si\u0119 je usuwa Jakie zasady BHP obowi\u0105zuj\u0105 przy eksploatacji Jak korzysta\u0107 z instrukcji i dokumentacji technicznej W jaki spos\u00f3b nale\u017cy dba\u0107 o stan techniczny podestow ruchomych Cze\u015b\u0107 mechaniczna, w tym hydrauliczna Cze\u015b\u0107 elektryczna Uczestnicy kursu, opr\u00f3cz wyk\u0142ad\u00f3w, bior\u0105 udzia\u0142 tak\u017ce w zaj\u0119ciach praktycznych. Szkolenie jest przeznaczone dla os\u00f3b pe\u0142noletnich, posiadaj\u0105cych wykszta\u0142cenie co najmniej podstawowe, o dobrym stanie [&hellip;]<\/p>\n","protected":false},"author":1,"featured_media":3515,"parent":2721,"menu_order":0,"comment_status":"closed","ping_status":"closed","template":"","meta":{"sfsi_plus_gutenberg_text_before_share":"","sfsi_plus_gutenberg_show_text_before_share":"","sfsi_plus_gutenberg_icon_type":"","sfsi_plus_gutenberg_icon_alignemt":"","sfsi_plus_gutenburg_max_per_row":"","footnotes":""},"class_list":["post-3514","page","type-page","status-publish","has-post-thumbnail","hentry","has_thumb"],"aioseo_notices":[],"_links":{"self":[{"href":"https:\/\/kursy-udt.pl\/fr\/wp-json\/wp\/v2\/pages\/3514","targetHints":{"allow":["GET"]}}],"collection":[{"href":"https:\/\/kursy-udt.pl\/fr\/wp-json\/wp\/v2\/pages"}],"about":[{"href":"https:\/\/kursy-udt.pl\/fr\/wp-json\/wp\/v2\/types\/page"}],"author":[{"embeddable":true,"href":"https:\/\/kursy-udt.pl\/fr\/wp-json\/wp\/v2\/users\/1"}],"replies":[{"embeddable":true,"href":"https:\/\/kursy-udt.pl\/fr\/wp-json\/wp\/v2\/comments?post=3514"}],"version-history":[{"count":3,"href":"https:\/\/kursy-udt.pl\/fr\/wp-json\/wp\/v2\/pages\/3514\/revisions"}],"predecessor-version":[{"id":4572,"href":"https:\/\/kursy-udt.pl\/fr\/wp-json\/wp\/v2\/pages\/3514\/revisions\/4572"}],"up":[{"embeddable":true,"href":"https:\/\/kursy-udt.pl\/fr\/wp-json\/wp\/v2\/pages\/2721"}],"wp:featuredmedia":[{"embeddable":true,"href":"https:\/\/kursy-udt.pl\/fr\/wp-json\/wp\/v2\/media\/3515"}],"wp:attachment":[{"href":"https:\/\/kursy-udt.pl\/fr\/wp-json\/wp\/v2\/media?parent=3514"}],"curies":[{"name":"wp","href":"https:\/\/api.w.org\/{rel}","templated":true}]}}