{"id":3507,"date":"2021-09-03T08:59:34","date_gmt":"2021-09-03T08:59:34","guid":{"rendered":"https:\/\/kursy-udt.pl\/?page_id=3507"},"modified":"2022-12-16T10:35:25","modified_gmt":"2022-12-16T10:35:25","slug":"technicien-de-maintenance","status":"publish","type":"page","link":"https:\/\/kursy-udt.pl\/fr\/szkolenia\/udt-wdt-tdt\/konserwator-urzadzen-udt\/","title":{"rendered":"Cours de maintenance des \u00e9quipements UDT avec examen de qualification"},"content":{"rendered":"<p><a href=\"https:\/\/kursy-udt.pl\/wp-content\/uploads\/2021\/09\/kursy-udt.pl-0021-OPUBLIKOWANE-v9-Copy.jpg\"><img loading=\"lazy\" decoding=\"async\" class=\"alignleft wp-image-3509 size-medium\" src=\"https:\/\/kursy-udt.pl\/wp-content\/uploads\/2021\/09\/kursy-udt.pl-0021-OPUBLIKOWANE-v9-Copy-300x198.jpg\" alt=\"Le conservateur d&#039;\u00e9quipement UDT est une personne qui s&#039;occupe de la r\u00e9paration et de l&#039;inspection des plates-formes, des grues, des chariots, des grues, des portiques, des palans et des treuils ou autres \" width=\"300\" height=\"198\" srcset=\"https:\/\/kursy-udt.pl\/wp-content\/uploads\/2021\/09\/kursy-udt.pl-0021-OPUBLIKOWANE-v9-Copy-300x198.jpg 300w, https:\/\/kursy-udt.pl\/wp-content\/uploads\/2021\/09\/kursy-udt.pl-0021-OPUBLIKOWANE-v9-Copy.jpg 579w\" sizes=\"auto, (max-width: 300px) 100vw, 300px\" \/><\/a>Ce sont des cours qui permettent d&#039;acqu\u00e9rir de toutes pi\u00e8ces des connaissances dans le domaine de la r\u00e9paration et de l&#039;inspection des engins de manutention. Ils sont destin\u00e9s \u00e0 la fois aux personnes qui n&#039;ont jamais travaill\u00e9 avec ce type d&#039;\u00e9quipement auparavant et \u00e0 celles qui travaillent en tant qu&#039;op\u00e9rateur. Une formation pratique compl\u00e9t\u00e9e par un examen d&#039;\u00c9tat est un moyen de compl\u00e9ter rapidement les connaissances et d&#039;obtenir les qualifications recherch\u00e9es sur le march\u00e9 du travail.<\/p>\n<h2>Le travail du conservateur du mat\u00e9riel UDT<\/h2>\n<p>Un conservateur d&#039;engins de manutention est une personne habilit\u00e9e \u00e0 effectuer des r\u00e9parations, des contr\u00f4les techniques r\u00e9guliers, ainsi qu&#039;\u00e0 pr\u00e9parer des appareils pour la r\u00e9ception par l&#039;UDT. Ces sp\u00e9cialistes sont employ\u00e9s dans de grandes entreprises de construction et de transport, mais ils peuvent \u00e9galement fournir des services \u00e0 eux seuls, dans le cadre de leur activit\u00e9.<\/p>\n<h2>Appareils de manutention<\/h2>\n<p>Il s&#039;agit d&#039;appareils destin\u00e9s au transport de personnes, d&#039;outils et de charges, travaillant dans un p\u00e9rim\u00e8tre limit\u00e9. Cette cat\u00e9gorie comprend les plates-formes mobiles, les ponts roulants, les treuils, les grues, les transstockeurs, les chariots et les grues. Conform\u00e9ment \u00e0 la r\u00e9glementation, ils sont tous soumis \u00e0 un contr\u00f4le technique, et pour les exploiter, il faut un certificat de qualification d\u00e9livr\u00e9 par l&#039;UDT. Pour chacun de ces appareils <a href=\"https:\/\/kursy-udt.pl\/fr\/uprawnienia-udt\/kategorie-uprawnien-2\/\">droits<\/a> est obtenu s\u00e9par\u00e9ment dans le cadre du cours concern\u00e9.<\/p>\n<h2>Types de formation \u00e0 la maintenance<\/h2>\n<p>Dans notre centre, nous organisons les cours suivants avec l&#039;examen d&#039;\u00c9tat UDT\u00a0:<\/p>\n<ul>\n<li>Plates-formes mobiles (plates-formes, plates-formes a\u00e9riennes)<\/li>\n<li><a href=\"https:\/\/kursy-udt.pl\/fr\/szkolenia\/udt-wdt-tdt\/podesty-zaladowcze\/\">Plates-formes de chargement<\/a>y compris le transport de passagers<\/li>\n<li><a href=\"https:\/\/kursy-udt.pl\/fr\/szkolenia\/udt-wdt-tdt\/podesty-ruchome-wiszace\/\">Plates-formes mobiles suspendues<\/a>, m\u00e2t\u00e9 et stationnaire<\/li>\n<li>Plates-formes sur v\u00e9hicules ferroviaires<\/li>\n<li>Equipement pour handicap\u00e9s<\/li>\n<li>Grues g\u00e9n\u00e9rales et\/ou sp\u00e9ciales<\/li>\n<li>Treuils et palans \u00e0 usage g\u00e9n\u00e9ral et\/ou sp\u00e9cial<\/li>\n<li>Grues : \u00e0 tour, automotrices (grues), HDS portables, fixes, ferroviaires et ferroviaires, chantiers navals et portuaires, flottantes, embarqu\u00e9es<\/li>\n<\/ul>\n<h2>Cours pour conservateurs d&#039;engins de manutention - modalit\u00e9s d&#039;organisation<\/h2>\n<h3>Programme<\/h3>\n<p>L&#039;\u00e9tendue des questions couvertes lors des formations individuelles varie, mais elles ont un plan-cadre commun. Le programme g\u00e9n\u00e9ral pour tous les types d&#039;appareils est le suivant\u00a0:<\/p>\n<ol>\n<li>Lois et r\u00e8glements li\u00e9s \u00e0 la supervision technique des appareils<\/li>\n<li>Construction et exploitation des engins de manutention - g\u00e9n\u00e9ralit\u00e9s<\/li>\n<li>Responsabilit\u00e9s du technicien de maintenance dans le domaine des inspections et des r\u00e9parations<\/li>\n<li>D\u00e9fauts typiques pour un type d&#039;appareils donn\u00e9 et m\u00e9thodes de leur suppression<\/li>\n<li>Principes <a href=\"https:\/\/kursy-udt.pl\/fr\/szkolenia\/bhp-bezpieczenstwo-pracy\/prawna-ochrona-pracy\/\">Sant\u00e9 et s\u00e9curit\u00e9<\/a> applicables \u00e0 l'exploitation et \u00e0 la maintenance<\/li>\n<li>Utilisation des manuels et de la documentation technique des appareils<\/li>\n<li>Probl\u00e8mes li\u00e9s aux parties m\u00e9caniques, \u00e9lectriques et hydrauliques<\/li>\n<li>Principes li\u00e9s \u00e0 la garantie de l&#039;efficacit\u00e9 technique des appareils.<\/li>\n<\/ol>\n<p>La dur\u00e9e du cours est d&#039;environ 32 \u00e0 96 heures, selon le sujet choisi et l&#039;exp\u00e9rience du participant.<\/p>\n<h3>Exigences pour les participants<\/h3>\n<p>Le cours est ouvert \u00e0 toute personne \u00e2g\u00e9e de 18 ans ou plus, ayant une formation de base (ou sup\u00e9rieure) et ayant un \u00e9tat de sant\u00e9 lui permettant d&#039;exercer la profession de conservateur. Dans le cas d&#039;une formation \u00e0 certains appareils, il est n\u00e9cessaire d&#039;avoir des connaissances (et\/ou qualifications) dans le domaine de l&#039;\u00e9lectrotechnique et autres - les d\u00e9tails \u00e0 ce sujet se trouvent dans les descriptifs des formations individuelles.<\/p>\n<p><a href=\"https:\/\/kursy-udt.pl\/wp-content\/uploads\/2021\/09\/kursy-udt.pl-0021-OPUBLIKOWANE-v10-Copy.jpg\"><img loading=\"lazy\" decoding=\"async\" class=\"size-full wp-image-3510 aligncenter\" src=\"https:\/\/kursy-udt.pl\/wp-content\/uploads\/2021\/09\/kursy-udt.pl-0021-OPUBLIKOWANE-v10-Copy.jpg\" alt=\" Dans le cadre de ses fonctions, le conservateur d&#039;\u00e9quipement UDT effectue des inspections et des r\u00e9parations r\u00e9guli\u00e8res \" width=\"579\" height=\"332\" srcset=\"https:\/\/kursy-udt.pl\/wp-content\/uploads\/2021\/09\/kursy-udt.pl-0021-OPUBLIKOWANE-v10-Copy.jpg 579w, https:\/\/kursy-udt.pl\/wp-content\/uploads\/2021\/09\/kursy-udt.pl-0021-OPUBLIKOWANE-v10-Copy-300x172.jpg 300w\" sizes=\"auto, (max-width: 579px) 100vw, 579px\" \/><\/a><\/p>\n<h3>Examen pour les qualifications UDT<\/h3>\n<p>L&#039;examen d&#039;\u00c9tat est organis\u00e9 \u00e0 la fin du cours pour les participants qui ont r\u00e9ussi les parties th\u00e9oriques et pratiques. Notre centre s&#039;occupe des questions d&#039;organisation et de l&#039;inscription aux examens au nom des \u00e9tudiants. Les qualifications sont contr\u00f4l\u00e9es au si\u00e8ge du Centre ou de l&#039;UDT (Varsovie ou autre branche). Les qualifications sont v\u00e9rifi\u00e9es sous la forme d&#039;un test de connaissances et d&#039;un examen oral.<\/p>\n<p>Les personnes qui ont r\u00e9ussi l&#039;examen re\u00e7oivent un certificat de qualification d\u00e9livr\u00e9 par l&#039;UDT sous la forme d&#039;une carte plastique. Il donne le droit d&#039;exercer la profession de conservateur d&#039;appareils couverts par une supervision technique en Pologne.<\/p>\n<h3>Inscription \u00e0 la formation<\/h3>\n<p>Pour vous inscrire \u00e0 un cours s\u00e9lectionn\u00e9, veuillez visiter notre site Web <a href=\"https:\/\/platformaedukacji.pl\/sklep\/\">www.platformaedukacji.pl<\/a>. Il y a des formations \u00e0 des dates et des lieux choisis. Ajoutez l&#039;option s\u00e9lectionn\u00e9e au panier et effectuez le paiement. Dans le cas du cours de maintenance du mat\u00e9riel UDT, le prix peut varier en fonction de la date, du lieu des cours et d&#039;autres facteurs.<\/p>\n<p>Nous organisons \u00e9galement des formations dans ce domaine pour les entreprises. La formation ferm\u00e9e peut se d\u00e9rouler chez le client ou dans un autre lieu de son choix. Nous sommes flexibles en termes de d\u00e9lais. Si vous \u00eates int\u00e9ress\u00e9, veuillez nous contacter \u00e0 ce sujet.<\/p>\n<p><a href=\"https:\/\/kursy-udt.pl\/wp-content\/uploads\/2022\/12\/Reklama-Na-Kursy-7-2.png\"><img loading=\"lazy\" decoding=\"async\" class=\"aligncenter wp-image-4585\" src=\"https:\/\/kursy-udt.pl\/wp-content\/uploads\/2022\/12\/Reklama-Na-Kursy-7-2-300x188.png\" alt=\"\" width=\"750\" height=\"469\" srcset=\"https:\/\/kursy-udt.pl\/wp-content\/uploads\/2022\/12\/Reklama-Na-Kursy-7-2-300x188.png 300w, https:\/\/kursy-udt.pl\/wp-content\/uploads\/2022\/12\/Reklama-Na-Kursy-7-2-1024x640.png 1024w, https:\/\/kursy-udt.pl\/wp-content\/uploads\/2022\/12\/Reklama-Na-Kursy-7-2-768x480.png 768w, https:\/\/kursy-udt.pl\/wp-content\/uploads\/2022\/12\/Reklama-Na-Kursy-7-2-18x12.png 18w, https:\/\/kursy-udt.pl\/wp-content\/uploads\/2022\/12\/Reklama-Na-Kursy-7-2-624x390.png 624w, https:\/\/kursy-udt.pl\/wp-content\/uploads\/2022\/12\/Reklama-Na-Kursy-7-2.png 1200w\" sizes=\"auto, (max-width: 750px) 100vw, 750px\" \/><\/a><\/p>\n<p>&nbsp;<\/p>","protected":false},"excerpt":{"rendered":"<p>To zaj\u0119cia, kt\u00f3re pozwalaj\u0105 na zdobycie od podstaw wiedzy w zakresie wykonywania napraw i przegl\u0105d\u00f3w urz\u0105dze\u0144 transportu bliskiego. S\u0105 przeznaczone zar\u00f3wno dla os\u00f3b, kt\u00f3re nie pracowa\u0142y dotychczas z tego rodzaju urz\u0105dzeniami, jak i tych, kt\u00f3re wykonuj\u0105 zaw\u00f3d operatora. Praktyczne szkolenia zako\u0144czone egzaminem pa\u0144stwowym to spos\u00f3b na szybkie uzupe\u0142nienie wiedzy i uzyskanie poszukiwanych na rynku pracy kwalifikacji. Praca konserwatora urz\u0105dze\u0144 UDT Konserwator urz\u0105dze\u0144 transportu bliskiego to osoba, kt\u00f3ra jest uprawniona do przeprowadzania napraw, regularnych przegl\u0105d\u00f3w technicznych, a tak\u017ce do przygotowywania urz\u0105dze\u0144 do odbioru przez UDT. Tacy specjali\u015bci s\u0105 zatrudniani w du\u017cych firmach budowlanych czy transportowych, ale mog\u0105 tak\u017ce \u015bwiadczy\u0107 us\u0142ugi na w\u0142asny rachunek, w ramach prowadzonej dzia\u0142alno\u015bci. Urz\u0105dzenia transportu bliskiego S\u0105 to urz\u0105dzenia przeznaczone do transportu os\u00f3b, narz\u0119dzi, \u0142adunk\u00f3w, pracuj\u0105ce w ograniczonym zasi\u0119gu. Do tej kategorii nale\u017c\u0105 podesty ruchome, suwnice, wci\u0105garki, \u017curawie, uk\u0142adnice, w\u00f3zki, d\u017awigi. Zgodnie z przepisami, wszystkie s\u0105 obj\u0119te dozorem technicznym, a do ich obs\u0142ugi potrzebne jest za\u015bwiadczenie kwalifikacyjne wydane przez UDT. Na ka\u017cde z tych urz\u0105dze\u0144 uprawnienia zdobywa si\u0119 osobno, w ramach odpowiedniego kursu. Rodzaje szkole\u0144 z zakresu konserwacji W naszym O\u015brodku przeprowadzamy nast\u0119puj\u0105ce kursy z egzaminem pa\u0144stwowym UDT: Podesty ruchome (zwy\u017cki, podno\u015bniki koszowe) Podesty za\u0142adowcze, w tym do transportu os\u00f3b Podesty ruchome wisz\u0105ce, masztowe i stacjonarne Podesty na pojazdach kolejowych Urz\u0105dzenia dla os\u00f3b niepe\u0142nosprawnych Suwnice og\u00f3lnego i\/lub specjalnego przeznaczenia Wci\u0105gniki i wci\u0105garki og\u00f3lnego i\/lub specjalnego przeznaczenia \u017burawie: wie\u017cowe, samojezdne (d\u017awigi), przeno\u015bne HDS, stacjonarne, kolejowe i na pojazdach kolejowych, stoczniowe i portowe, p\u0142ywaj\u0105ce, pok\u0142adowe Kurs dla konserwator\u00f3w urz\u0105dze\u0144 transportu bliskiego &#8211; szczeg\u00f3\u0142y organizacyjne Program zaj\u0119\u0107 Zakres zagadnie\u0144 poruszanych na poszczeg\u00f3lnych szkoleniach jest r\u00f3\u017cny, [&hellip;]<\/p>\n","protected":false},"author":1,"featured_media":3509,"parent":2721,"menu_order":0,"comment_status":"closed","ping_status":"closed","template":"","meta":{"sfsi_plus_gutenberg_text_before_share":"","sfsi_plus_gutenberg_show_text_before_share":"","sfsi_plus_gutenberg_icon_type":"","sfsi_plus_gutenberg_icon_alignemt":"","sfsi_plus_gutenburg_max_per_row":"","footnotes":""},"class_list":["post-3507","page","type-page","status-publish","has-post-thumbnail","hentry","has_thumb"],"aioseo_notices":[],"_links":{"self":[{"href":"https:\/\/kursy-udt.pl\/fr\/wp-json\/wp\/v2\/pages\/3507","targetHints":{"allow":["GET"]}}],"collection":[{"href":"https:\/\/kursy-udt.pl\/fr\/wp-json\/wp\/v2\/pages"}],"about":[{"href":"https:\/\/kursy-udt.pl\/fr\/wp-json\/wp\/v2\/types\/page"}],"author":[{"embeddable":true,"href":"https:\/\/kursy-udt.pl\/fr\/wp-json\/wp\/v2\/users\/1"}],"replies":[{"embeddable":true,"href":"https:\/\/kursy-udt.pl\/fr\/wp-json\/wp\/v2\/comments?post=3507"}],"version-history":[{"count":3,"href":"https:\/\/kursy-udt.pl\/fr\/wp-json\/wp\/v2\/pages\/3507\/revisions"}],"predecessor-version":[{"id":4586,"href":"https:\/\/kursy-udt.pl\/fr\/wp-json\/wp\/v2\/pages\/3507\/revisions\/4586"}],"up":[{"embeddable":true,"href":"https:\/\/kursy-udt.pl\/fr\/wp-json\/wp\/v2\/pages\/2721"}],"wp:featuredmedia":[{"embeddable":true,"href":"https:\/\/kursy-udt.pl\/fr\/wp-json\/wp\/v2\/media\/3509"}],"wp:attachment":[{"href":"https:\/\/kursy-udt.pl\/fr\/wp-json\/wp\/v2\/media?parent=3507"}],"curies":[{"name":"wp","href":"https:\/\/api.w.org\/{rel}","templated":true}]}}