{"id":3503,"date":"2021-09-03T08:27:37","date_gmt":"2021-09-03T08:27:37","guid":{"rendered":"https:\/\/kursy-udt.pl\/?page_id=3503"},"modified":"2023-02-14T12:26:45","modified_gmt":"2023-02-14T11:26:45","slug":"plates-formes-de-travail-elevatrices-sur-mat","status":"publish","type":"page","link":"https:\/\/kursy-udt.pl\/fr\/szkolenia\/udt-wdt-tdt\/podesty-ruchome-masztowe\/","title":{"rendered":"Cours pour nacelles \u00e9l\u00e9vatrices sur m\u00e2t"},"content":{"rendered":"<p>Ce programme de formation est conforme aux exigences du Bureau de l&#039;Inspection Technique et tient compte de l&#039;\u00e9tendue des connaissances requises \u00e0 l&#039;examen d&#039;\u00c9tat sur les plates-formes mobiles. Nous recommandons la formation aux personnes d\u00e9termin\u00e9es \u00e0 acqu\u00e9rir de nouvelles qualifications dans le m\u00e9tier d&#039;op\u00e9rateur d&#039;engins de manutention.<\/p>\n<h2>Qu&#039;est-ce qu&#039;un \u00e9l\u00e9vateur mobile \u00e0 m\u00e2t<\/h2>\n<p>C&#039;est un engin de manutention, utilis\u00e9 pour d\u00e9placer les employ\u00e9s verticalement comme un poste de travail en hauteur.Dans cette plate-forme, la plate-forme est pos\u00e9e sur un m\u00e2t - une structure en treillis sur laquelle elle peut coulisser gr\u00e2ce au fonctionnement d&#039;une unit\u00e9 d&#039;entra\u00eenement - une cr\u00e9maill\u00e8re et cric de pignon. Le m\u00e2t est le plus souvent repli\u00e9, vous pouvez donc modifier sa hauteur, selon vos besoins. Le tout est pos\u00e9 sur un ch\u00e2ssis \u00e9quip\u00e9 de roues, gr\u00e2ce auquel la plateforme peut \u00eatre facilement transport\u00e9e\/livr\u00e9e sur le chantier.<\/p>\n<p><a href=\"https:\/\/kursy-udt.pl\/wp-content\/uploads\/2022\/10\/1-1.jpeg\"><img loading=\"lazy\" decoding=\"async\" class=\"aligncenter wp-image-4448\" src=\"https:\/\/kursy-udt.pl\/wp-content\/uploads\/2022\/10\/1-1-300x187.jpeg\" alt=\"\" width=\"750\" height=\"468\" srcset=\"https:\/\/kursy-udt.pl\/wp-content\/uploads\/2022\/10\/1-1-300x187.jpeg 300w, https:\/\/kursy-udt.pl\/wp-content\/uploads\/2022\/10\/1-1-1024x639.jpeg 1024w, https:\/\/kursy-udt.pl\/wp-content\/uploads\/2022\/10\/1-1-768x480.jpeg 768w, https:\/\/kursy-udt.pl\/wp-content\/uploads\/2022\/10\/1-1-1536x959.jpeg 1536w, https:\/\/kursy-udt.pl\/wp-content\/uploads\/2022\/10\/1-1-18x12.jpeg 18w, https:\/\/kursy-udt.pl\/wp-content\/uploads\/2022\/10\/1-1-624x390.jpeg 624w, https:\/\/kursy-udt.pl\/wp-content\/uploads\/2022\/10\/1-1.jpeg 1600w\" sizes=\"auto, (max-width: 750px) 100vw, 750px\" \/><\/a><\/p>\n<p>L&#039;op\u00e9rateur de plates-formes de travail \u00e9l\u00e9vatrices sur m\u00e2t doit d&#039;abord v\u00e9rifier si l&#039;appareil est adapt\u00e9 \u00e0 une utilisation int\u00e9rieure et ext\u00e9rieure. Certains d&#039;entre eux sont con\u00e7us pour une utilisation en int\u00e9rieur uniquement. Il est \u00e9galement important de placer correctement l&#039;appareil sur une surface stable et de le fixer avec des supports afin que le travail soit en toute s\u00e9curit\u00e9.<\/p>\n<p>Les plates-formes de m\u00e2t sont utilis\u00e9es, entre autres, dans :<\/p>\n<ul>\n<li>Les travaux de construction<\/li>\n<li>Travaux de r\u00e9novation, tels que la peinture, l&#039;isolation, le pl\u00e2trage<\/li>\n<li>Installation d&#039;installations, de fen\u00eatres, d&#039;unit\u00e9s centrales de climatisation sur les fa\u00e7ades des b\u00e2timents<\/li>\n<li>Travail dans les entrep\u00f4ts et les halls d&#039;usine<\/li>\n<\/ul>\n<p>Selon la classification UDT, la plate-forme mobile stationnaire est un appareil de manutention sous contr\u00f4le technique. Jusqu&#039;en juin 2020, il appartenait \u00e0 la cat\u00e9gorie II P, avec les plates-formes suspendues, maintenant il est obtenu <a href=\"https:\/\/kursy-udt.pl\/fr\/uprawnienia-udt\/kategorie-uprawnien-2\/\">Dipl\u00f4mes UDT<\/a> sur <a href=\"https:\/\/kursy-udt.pl\/fr\/szkolenia\/udt-wdt-tdt\/podesty-ruchome-stacjonarne-masztowe-konserwacja\/\">plates-formes fixes et m\u00e2ts mobiles<\/a> simultan\u00e9ment.<\/p>\n<div class=\"filmw\">\n<div class=\"responsive-youtube\" style=\"text-align: center;\"><iframe loading=\"lazy\" title=\"Lecteur vid\u00e9o YouTube\" src=\"https:\/\/www.youtube.com\/embed\/sadG__ZRQI8\" width=\"560\" height=\"315\" frameborder=\"0\" allowfullscreen=\"allowfullscreen\"><\/iframe><\/div>\n<\/div>\n<h2>Plates-formes \u00e9l\u00e9vatrices sur m\u00e2t - un cours pour les op\u00e9rateurs<\/h2>\n<p>L&#039;objectif des cours est de fournir des connaissances sur la construction, le fonctionnement, l&#039;utilisation des plates-formes, les r\u00e8gles de s\u00e9curit\u00e9 pour leur exploitation et les obligations li\u00e9es \u00e0 la surveillance technique. Les cours th\u00e9oriques sont compl\u00e9t\u00e9s par des exercices pratiques, de sorte que m\u00eame ceux qui n&#039;ont jamais eu affaire \u00e0 des plates-formes de m\u00e2t pourraient ma\u00eetriser suffisamment leur fonctionnement.<\/p>\n<h3>Dur\u00e9e des cours<\/h3>\n<p>Le nombre d&#039;heures de cours peut diff\u00e9rer selon le groupe auquel le participant est qualifi\u00e9. Le temps n\u00e9cessaire \u00e0 l&#039;apprentissage est d\u00e9termin\u00e9 individuellement - les personnes qui ont d\u00e9j\u00e0 une exp\u00e9rience de travail avec des plateformes peuvent avoir besoin de moins d&#039;heures de cours et d&#039;exercices pratiques. \u00c0 leur tour, les d\u00e9butants re\u00e7oivent toutes les connaissances requises pour l&#039;examen.<\/p>\n<p>La dur\u00e9e approximative de la formation est d&#039;environ 8 \u00e0 environ 20-35 heures. Les \u00e9tudiants recevront des informations \u00e0 ce sujet lors de l&#039;inscription.<br \/>\n<div style=\"width: 640px;\" class=\"wp-video\"><video id=\"video-3503-1\" width=\"640\" height=\"360\" poster=\"https:\/\/kursy-udt.pl\/wp-content\/uploads\/2023\/02\/20230127_031102_0000.jpg\" preload=\"metadata\" controls=\"controls\"><source type=\"video\/mp4\" src=\"https:\/\/kursy-udt.pl\/wp-content\/uploads\/2023\/02\/ACCEPTED-operator-podestow-4K-kursy-udt.mp4?_=1\" \/><a href=\"https:\/\/kursy-udt.pl\/wp-content\/uploads\/2023\/02\/ACCEPTED-operator-podestow-4K-kursy-udt.mp4\">https:\/\/kursy-udt.pl\/wp-content\/uploads\/2023\/02\/ACCEPTED-operator-podestow-4K-kursy-udt.mp4<\/a><\/video><\/div>\n<h3>Dates des cours<\/h3>\n<p>De nouveaux groupes de formation sont lanc\u00e9s m\u00eame plusieurs fois par mois. Pour conna\u00eetre la date de d\u00e9but des prochains cours \u00ab Plates-formes mobiles de travail stationnaires \u00bb, consultez les informations sur notre site Web <a href=\"https:\/\/platformaedukacji.pl\/sklep\/\">www.platformaedukacji.pl<\/a>.<\/p>\n<h3>Emplacement<\/h3>\n<p>Les cours ont lieu \u00e0 plusieurs endroits, y compris en ligne. Nous organisons <a href=\"https:\/\/kursy-udt.pl\/fr\/szkolenia\/podesty-ruchome\/\">cours pour plateformes mobiles<\/a> \u00e0 Varsovie, ainsi que dans de nombreuses grandes villes. La partie th\u00e9orique peut \u00e9galement \u00eatre pass\u00e9e en ligne en participant \u00e0 des webinaires, qui se d\u00e9roulent en temps r\u00e9el - en direct.<\/p>\n<h3>Conditions de participation<\/h3>\n<p>Nous n&#039;exigeons pas d&#039;exp\u00e9rience ou de pratique des participants. Cependant, nous nous attendons \u00e0 r\u00e9pondre aux exigences de base : 18 ans, \u00e9ducation de base minimale, ainsi qu&#039;aucune contre-indication de sant\u00e9, confirm\u00e9e sous la forme d&#039;une d\u00e9claration de l&#039;\u00e9tudiant, et en cas de travail conforme aux exigences de la Code du travail, un certificat m\u00e9dical est exig\u00e9.<\/p>\n<h3>Dossiers<\/h3>\n<p>Pour vous inscrire \u00e0 un cours d&#039;op\u00e9rateur de nacelle \u00e9l\u00e9vatrice sur m\u00e2t, s\u00e9lectionnez la date appropri\u00e9e sur le site Web <a href=\"https:\/\/platformaedukacji.pl\/sklep\/\">www.platformaedukacji.pl<\/a>, ajoutez-le \u00e0 votre panier, puis effectuez le paiement. Ensuite, la place \u00e0 la formation s\u00e9lectionn\u00e9e sera r\u00e9serv\u00e9e.<\/p>\n<p>Sur le site internet, vous pouvez \u00e9galement vous inscrire \u00e0 d&#039;autres formations : mont\u00e9es (plates-formes mobiles automotrices), plateformes mobiles mobiles et autres appareils soumis \u00e0 un encadrement technique.<\/p>\n<h3>Examen et qualifications<\/h3>\n<p>Apr\u00e8s avoir termin\u00e9 les cours th\u00e9oriques et pratiques, les participants ont la possibilit\u00e9 de passer l&#039;examen d&#039;\u00c9tat organis\u00e9 par l&#039;UDT. Les formations sont organis\u00e9es par notre Centre \u00e0 des dates telles que l&#039;examen ait lieu le plus t\u00f4t possible apr\u00e8s la fin des cours. Le participant au cours passe un test de connaissances, puis un test de comp\u00e9tences pratiques devant un inspecteur de l&#039;UDT Varsovie ou d&#039;une autre branche.<\/p>\n<p>Un r\u00e9sultat positif \u00e0 l&#039;examen signifie que le candidat op\u00e9rateur obtient l&#039;autorisation. Ils sont valables pour les plates-formes fixes et m\u00e2ts mobiles et sont valables 10 ann\u00e9es cons\u00e9cutives. C&#039;est un document suffisant pour travailler comme op\u00e9rateur dans toute la Pologne.<\/p>\n<p><a href=\"https:\/\/kursy-udt.pl\/wp-content\/uploads\/2022\/12\/PODESTY-RUCHOME-kursy-udt.pl_.png\"><img loading=\"lazy\" decoding=\"async\" class=\"aligncenter wp-image-4531\" src=\"https:\/\/kursy-udt.pl\/wp-content\/uploads\/2022\/12\/PODESTY-RUCHOME-kursy-udt.pl_-300x188.png\" alt=\"\" width=\"750\" height=\"469\" srcset=\"https:\/\/kursy-udt.pl\/wp-content\/uploads\/2022\/12\/PODESTY-RUCHOME-kursy-udt.pl_-300x188.png 300w, https:\/\/kursy-udt.pl\/wp-content\/uploads\/2022\/12\/PODESTY-RUCHOME-kursy-udt.pl_-1024x640.png 1024w, https:\/\/kursy-udt.pl\/wp-content\/uploads\/2022\/12\/PODESTY-RUCHOME-kursy-udt.pl_-768x480.png 768w, https:\/\/kursy-udt.pl\/wp-content\/uploads\/2022\/12\/PODESTY-RUCHOME-kursy-udt.pl_-18x12.png 18w, https:\/\/kursy-udt.pl\/wp-content\/uploads\/2022\/12\/PODESTY-RUCHOME-kursy-udt.pl_-624x390.png 624w, https:\/\/kursy-udt.pl\/wp-content\/uploads\/2022\/12\/PODESTY-RUCHOME-kursy-udt.pl_.png 1200w\" sizes=\"auto, (max-width: 750px) 100vw, 750px\" \/><\/a><\/p>","protected":false},"excerpt":{"rendered":"<p>To szkolenie, kt\u00f3rego program jest zgodny z wymogami Urz\u0119du Dozoru Technicznego i uwzgl\u0119dnia zakres wiedzy wymagany na egzaminie pa\u0144stwowym z podest\u00f3w ruchomych. Kurs polecamy osobom, kt\u00f3re s\u0105 zdecydowane na zdobycie nowych kwalifikacji w zawodzie operatora urz\u0105dze\u0144 transportu bliskiego. Czym jest podest ruchomy masztowy To urz\u0105dzenie transportu bliskiego, s\u0142u\u017c\u0105ce do przemieszczania pracownik\u00f3w w pionie jako stanowisko pracy na wysoko\u015bci.. W przypadku tego podestu platforma umieszczona jest na maszcie \u2013 konstrukcji kratownicowej, po kt\u00f3rej mo\u017ce przesuwa\u0107 si\u0119 dzi\u0119ki dzia\u0142aniu zespo\u0142u nap\u0119dowego &#8211; d\u017awignika z\u0119batkowego. Maszt jest najcz\u0119\u015bciej sk\u0142adany, dzi\u0119ki czemu mo\u017cna zmienia\u0107 jego wysoko\u015b\u0107, w zale\u017cno\u015bci od potrzeb. Ca\u0142o\u015b\u0107 jest umieszczona na podwoziu wyposa\u017conym w ko\u0142a, dzi\u0119ki czemu podest mo\u017cna \u0142atwo przewie\u017a\u0107\/dostarczy\u0107 na miejsce budowy.. Operator podest\u00f3w ruchomych masztowych powinien przede wszystkim sprawdzi\u0107, czy urz\u0105dzenie nadaje si\u0119 do pracy wewn\u0105trz i na zewn\u0105trz budynk\u00f3w. Niekt\u00f3re z nich s\u0105 przeznaczone tylko do pracy w pomieszczeniach. Wa\u017cne jest tak\u017ce odpowiednie ustawienie urz\u0105dzenia na stabilnym pod\u0142o\u017cu i zabezpieczenie go podporami, tak aby praca by\u0142a w pe\u0142ni bezpieczna. Podesty masztowe wykorzystuje si\u0119 mi\u0119dzy innymi w: Pracach budowlanych Pracach remontowych, takich jak malowanie, ocieplanie, tynkowanie Monta\u017cu instalacji, okien, jednostek centralnych klimatyzacji na elewacjach budynk\u00f3w Pracach w magazynach i halach fabrycznych Wed\u0142ug klasyfikacji UDT podest ruchomy stacjonarny jest urz\u0105dzeniem transportu bliskiego obj\u0119tym dozorem technicznym. Do czerwca 2020 nale\u017ca\u0142 do kategorii II P, wraz z podestami wisz\u0105cymi, obecnie uzyskuje si\u0119 uprawnienia UDT na podesty ruchome stacjonarne i masztowe jednocze\u015bnie. Podesty ruchome masztowe \u2013 kurs dla operator\u00f3w Celem kurs\u00f3w jest przekazanie wiedzy na temat budowy, dzia\u0142ania, zastosowa\u0144 podest\u00f3w, zasad bezpiecze\u0144stwa przy ich eksploatacji oraz obowi\u0105zk\u00f3w [&hellip;]<\/p>\n","protected":false},"author":1,"featured_media":4448,"parent":2721,"menu_order":0,"comment_status":"closed","ping_status":"closed","template":"","meta":{"sfsi_plus_gutenberg_text_before_share":"","sfsi_plus_gutenberg_show_text_before_share":"","sfsi_plus_gutenberg_icon_type":"","sfsi_plus_gutenberg_icon_alignemt":"","sfsi_plus_gutenburg_max_per_row":"","footnotes":""},"class_list":["post-3503","page","type-page","status-publish","has-post-thumbnail","hentry","has_thumb"],"aioseo_notices":[],"_links":{"self":[{"href":"https:\/\/kursy-udt.pl\/fr\/wp-json\/wp\/v2\/pages\/3503","targetHints":{"allow":["GET"]}}],"collection":[{"href":"https:\/\/kursy-udt.pl\/fr\/wp-json\/wp\/v2\/pages"}],"about":[{"href":"https:\/\/kursy-udt.pl\/fr\/wp-json\/wp\/v2\/types\/page"}],"author":[{"embeddable":true,"href":"https:\/\/kursy-udt.pl\/fr\/wp-json\/wp\/v2\/users\/1"}],"replies":[{"embeddable":true,"href":"https:\/\/kursy-udt.pl\/fr\/wp-json\/wp\/v2\/comments?post=3503"}],"version-history":[{"count":6,"href":"https:\/\/kursy-udt.pl\/fr\/wp-json\/wp\/v2\/pages\/3503\/revisions"}],"predecessor-version":[{"id":4757,"href":"https:\/\/kursy-udt.pl\/fr\/wp-json\/wp\/v2\/pages\/3503\/revisions\/4757"}],"up":[{"embeddable":true,"href":"https:\/\/kursy-udt.pl\/fr\/wp-json\/wp\/v2\/pages\/2721"}],"wp:featuredmedia":[{"embeddable":true,"href":"https:\/\/kursy-udt.pl\/fr\/wp-json\/wp\/v2\/media\/4448"}],"wp:attachment":[{"href":"https:\/\/kursy-udt.pl\/fr\/wp-json\/wp\/v2\/media?parent=3503"}],"curies":[{"name":"wp","href":"https:\/\/api.w.org\/{rel}","templated":true}]}}