{"id":3498,"date":"2021-09-02T13:45:14","date_gmt":"2021-09-02T13:45:14","guid":{"rendered":"https:\/\/kursy-udt.pl\/?page_id=3498"},"modified":"2023-02-14T12:27:23","modified_gmt":"2023-02-14T11:27:23","slug":"plates-formes-mobiles-fixes","status":"publish","type":"page","link":"https:\/\/kursy-udt.pl\/fr\/szkolenia\/udt-wdt-tdt\/podesty-ruchome-stacjonarne\/","title":{"rendered":"Cours pour plates-formes mobiles fixes"},"content":{"rendered":"<p>Ces cours sont destin\u00e9s aux personnes qui souhaitent travailler comme op\u00e9rateur de plates-formes mobiles fixes. L&#039;obtention des qualifications dans ce domaine n\u00e9cessite la r\u00e9ussite de l&#039;examen devant le comit\u00e9 UDT. Les cours de formation dispens\u00e9s par les instructeurs du Centre sont une source fiable de connaissances requises pour cet examen. De plus, ils pr\u00e9parent les futurs op\u00e9rateurs \u00e0 un travail s\u00fbr et sans accident avec des appareils.<\/p>\n<p><a href=\"https:\/\/kursy-udt.pl\/wp-content\/uploads\/2022\/10\/12345.jpg\"><img loading=\"lazy\" decoding=\"async\" class=\"size-medium wp-image-4450 alignright\" src=\"https:\/\/kursy-udt.pl\/wp-content\/uploads\/2022\/10\/12345-300x225.jpg\" alt=\"\" width=\"300\" height=\"225\" srcset=\"https:\/\/kursy-udt.pl\/wp-content\/uploads\/2022\/10\/12345-300x225.jpg 300w, https:\/\/kursy-udt.pl\/wp-content\/uploads\/2022\/10\/12345-768x576.jpg 768w, https:\/\/kursy-udt.pl\/wp-content\/uploads\/2022\/10\/12345-16x12.jpg 16w, https:\/\/kursy-udt.pl\/wp-content\/uploads\/2022\/10\/12345-640x480.jpg 640w, https:\/\/kursy-udt.pl\/wp-content\/uploads\/2022\/10\/12345-624x468.jpg 624w, https:\/\/kursy-udt.pl\/wp-content\/uploads\/2022\/10\/12345.jpg 1024w\" sizes=\"auto, (max-width: 300px) 100vw, 300px\" \/><\/a><\/p>\n<h2>Qualifications UDT pour plates-formes stationnaires<\/h2>\n<p>Selon la classification du Bureau de l&#039;Inspection Technique, les plates-formes fixes font partie des engins de manutention et sont soumises \u00e0 un contr\u00f4le technique. Avec les plates-formes mobiles suspendues, elles appartiennent \u00e0 l&#039;ancienne cat\u00e9gorie II P. <a href=\"https:\/\/kursy-udt.pl\/fr\/uprawnienia-udt\/kategorie-uprawnien-2\/\">Droits<\/a> sur <a href=\"https:\/\/kursy-udt.pl\/fr\/szkolenia\/udt-wdt-tdt\/podesty-ruchome-stacjonarne-masztowe-konserwacja\/\">plates-formes mobiles fixes<\/a> pour les op\u00e9rateurs, elles sont accord\u00e9es pour 10 ans, apr\u00e8s quoi elles doivent \u00eatre renouvel\u00e9es. Le certificat de qualification d\u00e9livr\u00e9 par l&#039;Office sous la forme d&#039;une carte plastique est valable dans toute la Pologne et requis pour l&#039;emploi.<\/p>\n<p>L&#039;examen est r\u00e9alis\u00e9 par la commission UDT comp\u00e9tente (\u00e0 Varsovie ou dans une antenne locale de l&#039;Office) sous la forme d&#039;un test de connaissances \u00e0 questions ferm\u00e9es, puis d&#039;une \u00e9preuve pratique, au cours de laquelle un entretien avec l&#039;examinateur d&#039;un appareil donn\u00e9 se d\u00e9roule place. Le processus de v\u00e9rification des qualifications fait partie int\u00e9grante du cours - l&#039;UDT organise l&#039;examen dans le d\u00e9lai prescrit.<\/p>\n<div class=\"filmw\">\n<div class=\"responsive-youtube\" style=\"text-align: center;\"><iframe loading=\"lazy\" title=\"Lecteur vid\u00e9o YouTube\" src=\"https:\/\/www.youtube.com\/embed\/sadG__ZRQI8\" width=\"560\" height=\"315\" frameborder=\"0\" allowfullscreen=\"allowfullscreen\"><\/iframe><\/div>\n<\/div>\n<h2>Travailler pour les op\u00e9rateurs de plates-formes fixes<\/h2>\n<p>Une plate-forme mobile stationnaire est un appareil con\u00e7u pour fonctionner \u00e0 un endroit d\u00e9sign\u00e9. Il n&#039;est pas \u00e9quip\u00e9 d&#039;un m\u00e9canisme permettant de le d\u00e9placer. Malgr\u00e9 cela, il est assez populaire: il est utilis\u00e9 dans les travaux ext\u00e9rieurs et int\u00e9rieurs. Les exemples d&#039;application sont\u00a0:<\/p>\n<ul>\n<li>Centrales thermiques<\/li>\n<li>Industrie lourde<\/li>\n<li>Travaux de r\u00e9novation et d&#039;entretien :<\/li>\n<li>Processus de production et de maintenance<\/li>\n<\/ul>\n<h2>Formation &quot;Plateformes mobiles fixes&quot; - informations<\/h2>\n<div style=\"width: 640px;\" class=\"wp-video\"><video id=\"video-3498-1\" width=\"640\" height=\"360\" poster=\"https:\/\/kursy-udt.pl\/wp-content\/uploads\/2023\/02\/20230127_031102_0000.jpg\" preload=\"metadata\" controls=\"controls\"><source type=\"video\/mp4\" src=\"https:\/\/kursy-udt.pl\/wp-content\/uploads\/2023\/02\/ACCEPTED-operator-podestow-4K-kursy-udt.mp4?_=1\" \/><a href=\"https:\/\/kursy-udt.pl\/wp-content\/uploads\/2023\/02\/ACCEPTED-operator-podestow-4K-kursy-udt.mp4\">https:\/\/kursy-udt.pl\/wp-content\/uploads\/2023\/02\/ACCEPTED-operator-podestow-4K-kursy-udt.mp4<\/a><\/video><\/div>\nLe programme de formation UDT (conform\u00e9ment aux exigences d&#039;examen de cet \u00e9tablissement) se concentre sur les questions requises lors du contr\u00f4le de qualification. Les participants prennent part \u00e0 des cours th\u00e9oriques et \u00e0 des exercices pratiques.<\/p>\n<p>Programme cadre de formation :<\/p>\n<ul>\n<li>Construction, types et applications des plates-formes fixes<\/li>\n<li>Obligations de l&#039;op\u00e9rateur de l&#039;\u00e9quipement pendant l&#039;exploitation, avant le d\u00e9but des travaux et apr\u00e8s leur ach\u00e8vement<\/li>\n<li>R\u00e8gles de s\u00e9curit\u00e9 li\u00e9es \u00e0 l&#039;exploitation<\/li>\n<li>R\u00e8glements de contr\u00f4le technique en vigueur<\/li>\n<li>Pratique<\/li>\n<\/ul>\n<p>La formation peut \u00eatre suivie par des adultes, ayant au moins une formation \u00e9l\u00e9mentaire, qui ne pr\u00e9sentent pas de contre-indications de sant\u00e9 (une d\u00e9claration de bonne sant\u00e9 est requise, et un certificat d&#039;un m\u00e9decin du travail est requis pour l&#039;emploi). Il n&#039;est pas n\u00e9cessaire d&#039;avoir une exp\u00e9rience dans l&#039;exploitation des plates-formes - les cours sont dispens\u00e9s \u00e0 partir de z\u00e9ro ou - s&#039;il existe un groupe de personnes volontaires ayant plus d&#039;exp\u00e9rience - dans le cadre adapt\u00e9 aux besoins.<\/p>\n<p>Selon le groupe, la dur\u00e9e des cours peut varier de 8 \u00e0 35 heures. Le temps n\u00e9cessaire \u00e0 l&#039;apprentissage pratique est d\u00e9termin\u00e9 individuellement avec l&#039;instructeur.<\/p>\n<p>Les informations sur les dates et lieux des cours sont disponibles sur notre site internet. Des informations actualis\u00e9es sont \u00e9galement disponibles sur le site Web <a href=\"https:\/\/platformaedukacji.pl\/sklep\/\">www.platformaedukacji.pl<\/a>. L\u00e0, vous pouvez \u00e9galement vous inscrire \u00e0 des cours et effectuer des paiements.<\/p>\n<p>Dans le cas des plates-formes mobiles fixes, les cours peuvent \u00e9galement \u00eatre organis\u00e9s sous une forme ferm\u00e9e, en tant que formation pour les employ\u00e9s de l&#039;entreprise. Pour discuter des d\u00e9tails, veuillez nous contacter par e-mail ou par t\u00e9l\u00e9phone.<\/p>\n<p>Nous vous invitons \u00e0 prendre connaissance de l&#039;offre de nos autres formations : plates-formes mobiles mobiles, plates-formes mobiles automotrices ou encore formations \u00e9l\u00e9vatrices.<\/p>\n<p><a href=\"https:\/\/kursy-udt.pl\/wp-content\/uploads\/2022\/12\/PODESTY-RUCHOME-kursy-udt.pl_.png\"><img loading=\"lazy\" decoding=\"async\" class=\"aligncenter wp-image-4531\" src=\"https:\/\/kursy-udt.pl\/wp-content\/uploads\/2022\/12\/PODESTY-RUCHOME-kursy-udt.pl_-300x188.png\" alt=\"\" width=\"750\" height=\"469\" srcset=\"https:\/\/kursy-udt.pl\/wp-content\/uploads\/2022\/12\/PODESTY-RUCHOME-kursy-udt.pl_-300x188.png 300w, https:\/\/kursy-udt.pl\/wp-content\/uploads\/2022\/12\/PODESTY-RUCHOME-kursy-udt.pl_-1024x640.png 1024w, https:\/\/kursy-udt.pl\/wp-content\/uploads\/2022\/12\/PODESTY-RUCHOME-kursy-udt.pl_-768x480.png 768w, https:\/\/kursy-udt.pl\/wp-content\/uploads\/2022\/12\/PODESTY-RUCHOME-kursy-udt.pl_-18x12.png 18w, https:\/\/kursy-udt.pl\/wp-content\/uploads\/2022\/12\/PODESTY-RUCHOME-kursy-udt.pl_-624x390.png 624w, https:\/\/kursy-udt.pl\/wp-content\/uploads\/2022\/12\/PODESTY-RUCHOME-kursy-udt.pl_.png 1200w\" sizes=\"auto, (max-width: 750px) 100vw, 750px\" \/><\/a><\/p>","protected":false},"excerpt":{"rendered":"<p>To zaj\u0119cia przeznaczone dla os\u00f3b, kt\u00f3re chc\u0105 pracowa\u0107 w zawodzie operatora podest\u00f3w ruchomych stacjonarnych. Zdobycie kwalifikacji w tym zakresie wi\u0105\u017ce si\u0119 z konieczno\u015bci\u0105 zdania egzaminu przed komisj\u0105 UDT. Szkolenia prowadzone przez instruktor\u00f3w O\u015brodka stanowi\u0105 rzetelne \u017ar\u00f3d\u0142o wiedzy wymaganej na tym egzaminie. Dodatkowo s\u0105 dla przysz\u0142ych operator\u00f3w przygotowaniem do bezpiecznej, bezwypadkowej pracy z urz\u0105dzeniami. Uprawnienia UDT na podesty stacjonarne Wed\u0142ug klasyfikacji Urz\u0119du Dozoru Technicznego podesty stacjonarne nale\u017c\u0105 do urz\u0105dze\u0144 transportu bliskiego i s\u0105 obj\u0119te dozorem technicznym. Razem z podestami ruchomymi wisz\u0105cymi zaliczane s\u0105 do dawnej kategorii II P. Uprawnienia na podesty ruchome stacjonarne dla operator\u00f3w s\u0105 przyznawane na 10 lat, po tym czasie nale\u017cy je odnowi\u0107. Wystawione przez Urz\u0105d za\u015bwiadczenie kwalifikacyjne w formie karty plastikowej jest wa\u017cne na terenie ca\u0142ej Polski i wymagane przy zatrudnieniu. Przeprowadzany przez odpowiedni\u0105 komisj\u0119 UDT (w Warszawie lub oddziale terenowym Urz\u0119du) egzamin ma form\u0119 testu wiedzy z pytaniami zamkni\u0119tymi, a nast\u0119pnie sprawdzianu praktycznego, w czasie kt\u00f3rego odbywa si\u0119 rozmow\u0119 z egzaminatorem przy danym urz\u0105dzeniu. Proces sprawdzenia kwalifikacji jest integraln\u0105 cz\u0119\u015bci\u0105 kursu \u2013 UDT przeprowadza egzamin w wyznaczonym terminie. Praca dla operator\u00f3w podest\u00f3w stacjonarnych Podest ruchomy stacjonarny jest urz\u0105dzeniem przeznaczonym do pracy w jednym, wyznaczonym miejscu. Nie jest wyposa\u017cony w mechanizm umo\u017cliwiaj\u0105cy przemieszczanie. Mimo to jest do\u015b\u0107 popularny: u\u017cywa si\u0119 go w pracach na zewn\u0105trz i wewn\u0105trz budynk\u00f3w. Przyk\u0142adowe zastosowania to: Elektrociep\u0142ownie Przemys\u0142 ci\u0119\u017cki Prace remontowe i konserwacyjne: Procesy produkcyjne i konserwacyjne Kurs \u201cPodesty ruchome stacjonarne\u201d &#8211; informacje Program szkolenia UDT (zgodne z wymogami egzaminacyjnymi tej instytucji) skupia si\u0119 na zagadnieniach wymaganych podczas sprawdzenia kwalifikacji. Uczestnicy bior\u0105 udzia\u0142 w wyk\u0142adach teoretycznych oraz [&hellip;]<\/p>\n","protected":false},"author":1,"featured_media":4450,"parent":2721,"menu_order":0,"comment_status":"closed","ping_status":"closed","template":"","meta":{"sfsi_plus_gutenberg_text_before_share":"","sfsi_plus_gutenberg_show_text_before_share":"","sfsi_plus_gutenberg_icon_type":"","sfsi_plus_gutenberg_icon_alignemt":"","sfsi_plus_gutenburg_max_per_row":"","footnotes":""},"class_list":["post-3498","page","type-page","status-publish","has-post-thumbnail","hentry","has_thumb"],"aioseo_notices":[],"_links":{"self":[{"href":"https:\/\/kursy-udt.pl\/fr\/wp-json\/wp\/v2\/pages\/3498","targetHints":{"allow":["GET"]}}],"collection":[{"href":"https:\/\/kursy-udt.pl\/fr\/wp-json\/wp\/v2\/pages"}],"about":[{"href":"https:\/\/kursy-udt.pl\/fr\/wp-json\/wp\/v2\/types\/page"}],"author":[{"embeddable":true,"href":"https:\/\/kursy-udt.pl\/fr\/wp-json\/wp\/v2\/users\/1"}],"replies":[{"embeddable":true,"href":"https:\/\/kursy-udt.pl\/fr\/wp-json\/wp\/v2\/comments?post=3498"}],"version-history":[{"count":6,"href":"https:\/\/kursy-udt.pl\/fr\/wp-json\/wp\/v2\/pages\/3498\/revisions"}],"predecessor-version":[{"id":4758,"href":"https:\/\/kursy-udt.pl\/fr\/wp-json\/wp\/v2\/pages\/3498\/revisions\/4758"}],"up":[{"embeddable":true,"href":"https:\/\/kursy-udt.pl\/fr\/wp-json\/wp\/v2\/pages\/2721"}],"wp:featuredmedia":[{"embeddable":true,"href":"https:\/\/kursy-udt.pl\/fr\/wp-json\/wp\/v2\/media\/4450"}],"wp:attachment":[{"href":"https:\/\/kursy-udt.pl\/fr\/wp-json\/wp\/v2\/media?parent=3498"}],"curies":[{"name":"wp","href":"https:\/\/api.w.org\/{rel}","templated":true}]}}