{"id":3492,"date":"2021-09-02T12:10:53","date_gmt":"2021-09-02T12:10:53","guid":{"rendered":"https:\/\/kursy-udt.pl\/?page_id=3492"},"modified":"2023-01-04T09:19:46","modified_gmt":"2023-01-04T09:19:46","slug":"elevateur-a-nacelle-elevateur-a-ciseaux","status":"publish","type":"page","link":"https:\/\/kursy-udt.pl\/fr\/szkolenia\/udt-wdt-tdt\/boom-lift-scissor-lift\/","title":{"rendered":"Cours de pr\u00e9paration pour travailler sur des ascenseurs \u00e0 l&#039;\u00e9tranger (nacelles \u00e9l\u00e9vatrices - nacelle \u00e9l\u00e9vatrice, nacelles \u00e0 ciseaux - nacelle \u00e0 ciseaux)"},"content":{"rendered":"<p><a href=\"https:\/\/kursy-udt.pl\/wp-content\/uploads\/2021\/09\/kursy-udt.pl-0017-OPUBLIKOWANE-v7-Copy.jpg\"><img loading=\"lazy\" decoding=\"async\" class=\"paddingleft10 wp-image-3493 size-medium alignleft\" src=\"https:\/\/kursy-udt.pl\/wp-content\/uploads\/2021\/09\/kursy-udt.pl-0017-OPUBLIKOWANE-v7-Copy-300x200.jpg\" alt=\"Plates-formes \u00e9l\u00e9vatrices, nacelles \u00e0 ciseaux (nacelle \u00e9l\u00e9vatrice, nacelle \u00e0 ciseaux) - des qualifications suppl\u00e9mentaires sont requises pour faire fonctionner ces appareils \u00e0 l&#039;\u00e9tranger\" width=\"300\" height=\"200\" srcset=\"https:\/\/kursy-udt.pl\/wp-content\/uploads\/2021\/09\/kursy-udt.pl-0017-OPUBLIKOWANE-v7-Copy-300x200.jpg 300w, https:\/\/kursy-udt.pl\/wp-content\/uploads\/2021\/09\/kursy-udt.pl-0017-OPUBLIKOWANE-v7-Copy.jpg 579w\" sizes=\"auto, (max-width: 300px) 100vw, 300px\" \/><\/a>L&#039;obtention d&#039;une qualification professionnelle avant de partir \u00e0 l&#039;\u00e9tranger peut \u00eatre la cl\u00e9 pour obtenir un emploi bien r\u00e9mun\u00e9r\u00e9 avec une courte p\u00e9riode de recherche d&#039;emploi. Ces sp\u00e9cialistes, tels que les op\u00e9rateurs de plates-formes mobiles, sont - tout comme dans notre pays - en demande dans la construction, la r\u00e9novation et d&#039;autres industries. Les plates-formes a\u00e9riennes et les nacelles \u00e0 ciseaux sont \u00e9galement utilis\u00e9es pour les travaux sur les plates-formes de forage, ainsi que dans les ports et les chantiers navals. Afin de pouvoir faire fonctionner ces appareils \u00e0 l&#039;\u00e9tranger, il faut souvent en obtenir d&#039;autres <a href=\"https:\/\/kursy-udt.pl\/fr\/uprawnienia-udt\/kategorie-uprawnien-2\/\">droits<\/a>. Les polonais, d\u00e9livr\u00e9s par l&#039;UDT, ne sont pas honor\u00e9s partout.<\/p>\n<p>Pour ceux qui souhaitent travailler dans des pays associ\u00e9s \u00e0 l'organisation <a href=\"https:\/\/kursy-udt.pl\/fr\/szkolenia\/udt-wdt-tdt\/sygnalista-hakowy\/\">OMHEC<\/a> (Offshore Mechanical Handling Equipment Committee), c'est-\u00e0-dire le Royaume-Uni, le Danemark, la Norv\u00e8ge et les Pays-Bas, nous vous recommandons un cours pour vous pr\u00e9parer \u00e0 la certification. L'obtention de cette certification vous permet de travailler en tant qu'op\u00e9rateur d'\u00e9quipement. Les cours ont lieu dans un lieu fixe \u00e0 Varsovie ou \u00e0 distance, sous forme d'apprentissage en ligne.<\/p>\n<h2>Cours sur le fonctionnement des nacelles \u00e9l\u00e9vatrices et des nacelles \u00e0 ciseaux \u00e0 l&#039;\u00e9tranger<\/h2>\n<p>La formation a \u00e9t\u00e9 pr\u00e9par\u00e9e par des experts de notre Centre sur la base des normes fix\u00e9es par l&#039;organisation OMHEC et des normes PEMP ISO 18878. Gr\u00e2ce \u00e0 cela, l&#039;ach\u00e8vement de la formation et l&#039;obtention d&#039;un certificat sont reconnus dans les pays susmentionn\u00e9s.<\/p>\n<p>Au cours de la formation, les participants acqui\u00e8rent des connaissances sur :<\/p>\n<ul>\n<li>Construction et exploitation des composants des ascenseurs PEMP<\/li>\n<li>R\u00e8gles de s\u00e9curit\u00e9 tenant compte des conditions de travail \u00e0 terre et en mer<\/li>\n<li>R\u00e9glementation relative \u00e0 l&#039;utilisation des plateformes mobiles en vigueur \u00e0 l&#039;\u00e9tranger<\/li>\n<li>Recherches et tests de r\u00e9sistance et de stabilit\u00e9 des v\u00e9rins<\/li>\n<\/ul>\n<p>Conform\u00e9ment aux directives ISO et OMHEC, les \u00e9tudiants participent \u00e9galement \u00e0 des cours pratiques, au cours desquels ils apprennent \u00e0 utiliser les appareils et \u00e0 les faire fonctionner en toute s\u00e9curit\u00e9.<\/p>\n<div class=\"filmw\">\n<div class=\"responsive-youtube\" style=\"text-align: center;\"><iframe loading=\"lazy\" title=\"Lecteur vid\u00e9o YouTube\" src=\"https:\/\/www.youtube.com\/embed\/sadG__ZRQI8\" width=\"560\" height=\"315\" frameborder=\"0\" allowfullscreen=\"allowfullscreen\"><\/iframe><\/div>\n<\/div>\n<h2>Possibilit\u00e9 de travailler \u00e0 l&#039;\u00e9tranger<\/h2>\n<p>A l&#039;issue de la partie formation, un examen est organis\u00e9 pour les \u00e9tudiants : partie th\u00e9orique et pratique. Si vous le r\u00e9ussissez, vous recevrez un certificat n\u00e9cessaire pour postuler \u00e0 un emploi \u00e0 l&#039;\u00e9tranger. Dans le centre, il est \u00e9galement possible d&#039;\u00e9mettre une carte plastique Hot Work moyennant un suppl\u00e9ment de 300 PLN. Les droits accord\u00e9s sont valables 5 ans.<\/p>\n<h2>Informations sur les appareils pouvant \u00eatre utilis\u00e9s apr\u00e8s obtention des autorisations<\/h2>\n<h3>Nacelles \u00e0 fl\u00e8che<\/h3>\n<p>Il s&#039;agit de plates-formes mobiles incluses dans la cat\u00e9gorie des plates-formes mobiles automotrices. Ils sont \u00e9galement appel\u00e9s ups. C&#039;est l&#039;un des types de plates-formes les plus populaires : une fl\u00e8che avec une plate-forme plac\u00e9e sur une remorque de voiture. Les plates-formes peuvent avoir diff\u00e9rentes capacit\u00e9s de levage, hauteur de travail, taille de plate-forme et entra\u00eenement : \u00e9lectrique ou diesel, et en fonction de ces param\u00e8tres, elles peuvent \u00eatre utilis\u00e9es \u00e0 diverses fins. Ils sont utilis\u00e9s pour les travaux int\u00e9rieurs (par exemple, dans les travaux de montage ou de maintenance dans les grands halls d&#039;usine ou les entrep\u00f4ts), ainsi qu&#039;\u00e0 l&#039;ext\u00e9rieur : pour les travaux sur les fa\u00e7ades des b\u00e2timents, le montage et la r\u00e9paration d&#039;\u00e9clairage, la coupe de branches ou l&#039;accrochage de publicit\u00e9s grand format.<a href=\"https:\/\/kursy-udt.pl\/wp-content\/uploads\/2021\/09\/kursy-udt.pl-0017-OPUBLIKOWANY-v8-Copy.jpg\"><img loading=\"lazy\" decoding=\"async\" class=\"size-full wp-image-3494 aligncenter\" src=\"https:\/\/kursy-udt.pl\/wp-content\/uploads\/2021\/09\/kursy-udt.pl-0017-OPUBLIKOWANY-v8-Copy.jpg\" alt=\"\" width=\"579\" height=\"386\" srcset=\"https:\/\/kursy-udt.pl\/wp-content\/uploads\/2021\/09\/kursy-udt.pl-0017-OPUBLIKOWANY-v8-Copy.jpg 579w, https:\/\/kursy-udt.pl\/wp-content\/uploads\/2021\/09\/kursy-udt.pl-0017-OPUBLIKOWANY-v8-Copy-300x200.jpg 300w\" sizes=\"auto, (max-width: 579px) 100vw, 579px\" \/><\/a><\/p>\n<h3>Pont \u00e9l\u00e9vateur \u00e0 ciseaux<\/h3>\n<p>Ce sont des appareils qui, selon la classification UDT, appartiennent \u00e0 des plates-formes mobiles lentes. Une caract\u00e9ristique de ces \u00e9l\u00e9vateurs sont les fl\u00e8ches pliables qui fonctionnent comme des ciseaux. Sur la fl\u00e8che se trouve une plate-forme de travail pour le transport vertical des employ\u00e9s. Le tout est pos\u00e9 sur une plate-forme \u00e9quip\u00e9e de roues. Les nacelles \u00e0 ciseaux \u00e9lectriques sont souvent utilis\u00e9es pour les travaux en int\u00e9rieur en raison de leur petite taille. Il s&#039;agit de travaux tels que la peinture des murs et des plafonds, l&#039;installation d&#039;installations ou des travaux de r\u00e9novation. Les crics diesel plus grands sont parfaits pour les travaux sur le terrain, \u00e9galement difficiles - avec une inclinaison importante ou une faible capacit\u00e9 de charge.<\/p>\n<p><a href=\"https:\/\/kursy-udt.pl\/wp-content\/uploads\/2022\/12\/18-podnosniki-koszowe-kursy-udt.pl_.png\"><img loading=\"lazy\" decoding=\"async\" class=\"aligncenter wp-image-4551\" src=\"https:\/\/kursy-udt.pl\/wp-content\/uploads\/2022\/12\/18-podnosniki-koszowe-kursy-udt.pl_-300x188.png\" alt=\"\" width=\"750\" height=\"469\" srcset=\"https:\/\/kursy-udt.pl\/wp-content\/uploads\/2022\/12\/18-podnosniki-koszowe-kursy-udt.pl_-300x188.png 300w, https:\/\/kursy-udt.pl\/wp-content\/uploads\/2022\/12\/18-podnosniki-koszowe-kursy-udt.pl_-1024x640.png 1024w, https:\/\/kursy-udt.pl\/wp-content\/uploads\/2022\/12\/18-podnosniki-koszowe-kursy-udt.pl_-768x480.png 768w, https:\/\/kursy-udt.pl\/wp-content\/uploads\/2022\/12\/18-podnosniki-koszowe-kursy-udt.pl_-18x12.png 18w, https:\/\/kursy-udt.pl\/wp-content\/uploads\/2022\/12\/18-podnosniki-koszowe-kursy-udt.pl_-624x390.png 624w, https:\/\/kursy-udt.pl\/wp-content\/uploads\/2022\/12\/18-podnosniki-koszowe-kursy-udt.pl_.png 1200w\" sizes=\"auto, (max-width: 750px) 100vw, 750px\" \/><\/a><\/p>\n<p>&nbsp;<\/p>","protected":false},"excerpt":{"rendered":"<p>Uzyskanie kwalifikacji zawodowych przed wyjazdem za granic\u0119 mo\u017ce by\u0107 kluczem do zdobycia dobrze p\u0142atnej pracy przy kr\u00f3tkim czasie poszukiwania zatrudnienia. Tacy specjali\u015bci, jak operatorzy podest\u00f3w ruchomych, s\u0105 &#8211; podobnie jak w naszym kraju \u2013 poszukiwani w firmach budowlanych, remontowych i z innych bran\u017c. Podno\u015bniki koszowe i no\u017cycowe wykorzystuje si\u0119 tak\u017ce w pracach na platformach wiertniczych oraz w portach i stoczniach. Aby m\u00f3c obs\u0142ugiwa\u0107 te urz\u0105dzenia za granic\u0105, cz\u0119sto trzeba uzyska\u0107 dodatkowe uprawnienia. Te polskie, wydawane przez UDT, nie wsz\u0119dzie s\u0105 honorowane. Osobom, kt\u00f3re chcia\u0142yby podj\u0105\u0107 prac\u0119 w krajach zrzeszonych w organizacji OMHEC (Offshore Mechanical Handling Equipment Committee), czyli Wielkiej Brytanii, Danii, Norwegii i Holandii, polecamy kurs przygotowuj\u0105cy do zdobycia certyfikatu. Otrzymanie tych uprawnie\u0144 pozwala wykonywa\u0107 prac\u0119 na stanowisku operatora urz\u0105dze\u0144. Zaj\u0119cia odbywaj\u0105 si\u0119 stacjonarnie w Warszawie lub zdalnie, w formie e-learningu. Przebieg kursu na obs\u0142ug\u0119 podno\u015bnik\u00f3w koszowych (boom lift) i podno\u015bnik\u00f3w no\u017cycowych (scissor lift) za granic\u0105 Szkolenie zosta\u0142o przygotowane przez ekspert\u00f3w z naszego O\u015brodka w oparciu o standardy wyznaczone przez organizacj\u0119 OMHEC oraz o normy MEWP ISO 18878. Dzi\u0119ki temu uko\u0144czenie szkolenia i zdobycie certyfikatu jest honorowane w wymienionych krajach. Podczas szkolenia uczestnicy zdobywaj\u0105 wiedz\u0119 na temat: Budowy i sposobu dzia\u0142ania element\u00f3w sk\u0142adowych podno\u015bnik\u00f3w MEWP Zasad bezpiecze\u0144stwa, z uwzgl\u0119dnieniem warunk\u00f3w pracy na l\u0105dzie i na morzu Obowi\u0105zuj\u0105cych za granic\u0105 przepis\u00f3w dotycz\u0105cych eksploatacji podest\u00f3w ruchomych Bada\u0144 i pr\u00f3b wytrzyma\u0142o\u015bci i stateczno\u015bci podno\u015bnik\u00f3w Zgodnie z wytycznymi ISO oraz OMHEC kursanci uczestnicz\u0105 r\u00f3wnie\u017c w zaj\u0119ciach praktycznych, w czasie kt\u00f3rych ucz\u0105 si\u0119 obs\u0142ugi urz\u0105dze\u0144 oraz bezpiecznej eksploatacji. Uprawnienia do pracy za granic\u0105 Po zako\u0144czeniu cz\u0119\u015bci szkoleniowej dla kursant\u00f3w organizowany [&hellip;]<\/p>\n","protected":false},"author":1,"featured_media":3493,"parent":2721,"menu_order":0,"comment_status":"closed","ping_status":"closed","template":"","meta":{"sfsi_plus_gutenberg_text_before_share":"","sfsi_plus_gutenberg_show_text_before_share":"","sfsi_plus_gutenberg_icon_type":"","sfsi_plus_gutenberg_icon_alignemt":"","sfsi_plus_gutenburg_max_per_row":"","footnotes":""},"class_list":["post-3492","page","type-page","status-publish","has-post-thumbnail","hentry","has_thumb"],"aioseo_notices":[],"_links":{"self":[{"href":"https:\/\/kursy-udt.pl\/fr\/wp-json\/wp\/v2\/pages\/3492","targetHints":{"allow":["GET"]}}],"collection":[{"href":"https:\/\/kursy-udt.pl\/fr\/wp-json\/wp\/v2\/pages"}],"about":[{"href":"https:\/\/kursy-udt.pl\/fr\/wp-json\/wp\/v2\/types\/page"}],"author":[{"embeddable":true,"href":"https:\/\/kursy-udt.pl\/fr\/wp-json\/wp\/v2\/users\/1"}],"replies":[{"embeddable":true,"href":"https:\/\/kursy-udt.pl\/fr\/wp-json\/wp\/v2\/comments?post=3492"}],"version-history":[{"count":4,"href":"https:\/\/kursy-udt.pl\/fr\/wp-json\/wp\/v2\/pages\/3492\/revisions"}],"predecessor-version":[{"id":4591,"href":"https:\/\/kursy-udt.pl\/fr\/wp-json\/wp\/v2\/pages\/3492\/revisions\/4591"}],"up":[{"embeddable":true,"href":"https:\/\/kursy-udt.pl\/fr\/wp-json\/wp\/v2\/pages\/2721"}],"wp:featuredmedia":[{"embeddable":true,"href":"https:\/\/kursy-udt.pl\/fr\/wp-json\/wp\/v2\/media\/3493"}],"wp:attachment":[{"href":"https:\/\/kursy-udt.pl\/fr\/wp-json\/wp\/v2\/media?parent=3492"}],"curies":[{"name":"wp","href":"https:\/\/api.w.org\/{rel}","templated":true}]}}